{"id":1939,"date":"2021-01-13T15:00:08","date_gmt":"2021-01-13T14:00:08","guid":{"rendered":"https:\/\/crocjeux.com\/?post_type=product&#038;p=1939"},"modified":"2024-11-21T10:21:49","modified_gmt":"2024-11-21T09:21:49","slug":"chroniques-oubliees-boite-dinitiation","status":"publish","type":"product","link":"https:\/\/crocjeux.com\/index.php\/produit\/chroniques-oubliees-boite-dinitiation\/","title":{"rendered":"Chroniques Oubli\u00e9es &#8211; Boite d&rsquo;Initiation"},"content":{"rendered":"<div id=\"short_description_block\">\n<div id=\"short_description_content\" class=\"rte align_justify hide-smartphone\">La Boite d&rsquo;initiation pour les Chroniques Oubli\u00e9es vous propose de d\u00e9couvrir le jeu de r\u00f4le au travers de 4 sc\u00e9narios formant une petite campagne.<\/div>\n<\/div>\n<ul class=\"illustrated_features\">\n<li class=\"langue tooltips\" title=\"\" data-hasqtip=\"5\">Fran\u00e7ais<\/li>\n<\/ul>\n<div>Gr\u00e2ce \u00e0 Chroniques Oubli\u00e9es Fantasy, partagez des moments inoubliables et d\u00e9couvrez la convivialit\u00e9 unique du jeu de r\u00f4le, le plus passionnant de tous les jeux de soci\u00e9t\u00e9 !<\/div>\n<div><\/div>\n<div>La bo\u00eete de jeu que vous tenez entre les mains contient tout le n\u00e9cessaire pour vous lancer \u00e0 l\u2019aventure avec vos amis ou votre famille : r\u00e8gles de jeu faciles d\u2019acc\u00e8s et ponctu\u00e9es de nombreux conseils, aventures pr\u00eates-\u00e0-jouer, mat\u00e9riel de jeu luxueux pour assurer le bon d\u00e9roulement des parties.<\/div>\n<div><\/div>\n<div>L\u2019Aventure vous attend !<\/div>\n<div><\/div>\n<div>\n<div>Contenu de la bo\u00eete :<\/div>\n<div>\n<ul>\n<li>Livret de r\u00e8gles et d&rsquo;aventures,<\/li>\n<li>\u00c9cran de jeu en 4 volets,<\/li>\n<li>Bloc de feuilles de personnages vierges,<\/li>\n<li>Set complet de 6 d\u00e9s,<\/li>\n<li>Pions cartonn\u00e9s repr\u00e9sentant les h\u00e9ros et leurs adversaires,<\/li>\n<li>Surface de jeu effa\u00e7able \u00e0 sec,<\/li>\n<li>Feuilles de personnages pr\u00e9-tir\u00e9s et aides de jeu.<\/li>\n<\/ul>\n<\/div>\n<\/div>\n","protected":false},"excerpt":{"rendered":"<p>La Boite d&rsquo;initiation pour les Chroniques Oubli\u00e9es vous propose de d\u00e9couvrir le jeu de r\u00f4le au travers de 4 sc\u00e9narios<\/p>\n","protected":false},"featured_media":1940,"comment_status":"open","ping_status":"closed","template":"","meta":{"colormag_page_container_layout":"default_layout","colormag_page_sidebar_layout":"default_layout"},"product_brand":[],"product_cat":[35],"product_tag":[],"class_list":{"0":"post-1939","1":"product","2":"type-product","3":"status-publish","4":"has-post-thumbnail","6":"product_cat-jeux-jdr","8":"first","9":"outofstock","10":"taxable","11":"shipping-taxable","12":"purchasable","13":"product-type-simple"},"yoast_head":"<!-- This site is optimized with the Yoast SEO plugin v27.4 - https:\/\/yoast.com\/product\/yoast-seo-wordpress\/ -->\n<title>Chroniques Oubli\u00e9es - Boite d&#039;Initiation - Croc Jeux<\/title>\n<meta name=\"robots\" content=\"index, follow, max-snippet:-1, max-image-preview:large, max-video-preview:-1\" \/>\n<link rel=\"canonical\" href=\"https:\/\/crocjeux.com\/index.php\/produit\/chroniques-oubliees-boite-dinitiation\/\" \/>\n<meta property=\"og:locale\" content=\"fr_FR\" \/>\n<meta property=\"og:type\" content=\"article\" \/>\n<meta property=\"og:title\" content=\"Chroniques Oubli\u00e9es - Boite d&#039;Initiation - Croc Jeux\" \/>\n<meta property=\"og:description\" content=\"La Boite d&rsquo;initiation pour les Chroniques Oubli\u00e9es vous propose de d\u00e9couvrir le jeu de r\u00f4le au travers de 4 sc\u00e9narios\" \/>\n<meta property=\"og:url\" content=\"https:\/\/crocjeux.com\/index.php\/produit\/chroniques-oubliees-boite-dinitiation\/\" \/>\n<meta property=\"og:site_name\" content=\"Croc Jeux\" \/>\n<meta property=\"article:modified_time\" content=\"2024-11-21T09:21:49+00:00\" \/>\n<meta property=\"og:image\" content=\"https:\/\/crocjeux.com\/wp-content\/uploads\/2021\/01\/chroniques-oubliees-boite-d-initiation.jpg\" \/>\n\t<meta property=\"og:image:width\" content=\"372\" \/>\n\t<meta property=\"og:image:height\" content=\"372\" \/>\n\t<meta property=\"og:image:type\" content=\"image\/jpeg\" \/>\n<meta name=\"twitter:card\" content=\"summary_large_image\" \/>\n<meta name=\"twitter:label1\" content=\"Dur\u00e9e de lecture estim\u00e9e\" \/>\n\t<meta name=\"twitter:data1\" content=\"1 minute\" \/>\n<script type=\"application\/ld+json\" class=\"yoast-schema-graph\">{\"@context\":\"https:\\\/\\\/schema.org\",\"@graph\":[{\"@type\":\"WebPage\",\"@id\":\"https:\\\/\\\/crocjeux.com\\\/index.php\\\/produit\\\/chroniques-oubliees-boite-dinitiation\\\/\",\"url\":\"https:\\\/\\\/crocjeux.com\\\/index.php\\\/produit\\\/chroniques-oubliees-boite-dinitiation\\\/\",\"name\":\"Chroniques Oubli\u00e9es - Boite d'Initiation - Croc Jeux\",\"isPartOf\":{\"@id\":\"https:\\\/\\\/crocjeux.com\\\/#website\"},\"primaryImageOfPage\":{\"@id\":\"https:\\\/\\\/crocjeux.com\\\/index.php\\\/produit\\\/chroniques-oubliees-boite-dinitiation\\\/#primaryimage\"},\"image\":{\"@id\":\"https:\\\/\\\/crocjeux.com\\\/index.php\\\/produit\\\/chroniques-oubliees-boite-dinitiation\\\/#primaryimage\"},\"thumbnailUrl\":\"https:\\\/\\\/crocjeux.com\\\/wp-content\\\/uploads\\\/2021\\\/01\\\/chroniques-oubliees-boite-d-initiation.jpg\",\"datePublished\":\"2021-01-13T14:00:08+00:00\",\"dateModified\":\"2024-11-21T09:21:49+00:00\",\"breadcrumb\":{\"@id\":\"https:\\\/\\\/crocjeux.com\\\/index.php\\\/produit\\\/chroniques-oubliees-boite-dinitiation\\\/#breadcrumb\"},\"inLanguage\":\"fr-FR\",\"potentialAction\":[{\"@type\":\"ReadAction\",\"target\":[\"https:\\\/\\\/crocjeux.com\\\/index.php\\\/produit\\\/chroniques-oubliees-boite-dinitiation\\\/\"]}]},{\"@type\":\"ImageObject\",\"inLanguage\":\"fr-FR\",\"@id\":\"https:\\\/\\\/crocjeux.com\\\/index.php\\\/produit\\\/chroniques-oubliees-boite-dinitiation\\\/#primaryimage\",\"url\":\"https:\\\/\\\/crocjeux.com\\\/wp-content\\\/uploads\\\/2021\\\/01\\\/chroniques-oubliees-boite-d-initiation.jpg\",\"contentUrl\":\"https:\\\/\\\/crocjeux.com\\\/wp-content\\\/uploads\\\/2021\\\/01\\\/chroniques-oubliees-boite-d-initiation.jpg\",\"width\":372,\"height\":372},{\"@type\":\"BreadcrumbList\",\"@id\":\"https:\\\/\\\/crocjeux.com\\\/index.php\\\/produit\\\/chroniques-oubliees-boite-dinitiation\\\/#breadcrumb\",\"itemListElement\":[{\"@type\":\"ListItem\",\"position\":1,\"name\":\"Accueil\",\"item\":\"https:\\\/\\\/crocjeux.com\\\/\"},{\"@type\":\"ListItem\",\"position\":2,\"name\":\"Boutique\",\"item\":\"https:\\\/\\\/crocjeux.com\\\/\"},{\"@type\":\"ListItem\",\"position\":3,\"name\":\"Chroniques Oubli\u00e9es &#8211; Boite d&rsquo;Initiation\"}]},{\"@type\":\"WebSite\",\"@id\":\"https:\\\/\\\/crocjeux.com\\\/#website\",\"url\":\"https:\\\/\\\/crocjeux.com\\\/\",\"name\":\"Croc Jeux\",\"description\":\"Bienvenue chez Croc Jeux!\",\"publisher\":{\"@id\":\"https:\\\/\\\/crocjeux.com\\\/#organization\"},\"potentialAction\":[{\"@type\":\"SearchAction\",\"target\":{\"@type\":\"EntryPoint\",\"urlTemplate\":\"https:\\\/\\\/crocjeux.com\\\/?s={search_term_string}\"},\"query-input\":{\"@type\":\"PropertyValueSpecification\",\"valueRequired\":true,\"valueName\":\"search_term_string\"}}],\"inLanguage\":\"fr-FR\"},{\"@type\":\"Organization\",\"@id\":\"https:\\\/\\\/crocjeux.com\\\/#organization\",\"name\":\"Croc Jeux\",\"url\":\"https:\\\/\\\/crocjeux.com\\\/\",\"logo\":{\"@type\":\"ImageObject\",\"inLanguage\":\"fr-FR\",\"@id\":\"https:\\\/\\\/crocjeux.com\\\/#\\\/schema\\\/logo\\\/image\\\/\",\"url\":\"https:\\\/\\\/crocjeux.com\\\/wp-content\\\/uploads\\\/2022\\\/01\\\/cropped-logo-croc-etape-1-e1644574034239.jpg\",\"contentUrl\":\"https:\\\/\\\/crocjeux.com\\\/wp-content\\\/uploads\\\/2022\\\/01\\\/cropped-logo-croc-etape-1-e1644574034239.jpg\",\"width\":1224,\"height\":314,\"caption\":\"Croc Jeux\"},\"image\":{\"@id\":\"https:\\\/\\\/crocjeux.com\\\/#\\\/schema\\\/logo\\\/image\\\/\"}}]}<\/script>\n<!-- \/ Yoast SEO plugin. -->","yoast_head_json":{"title":"Chroniques Oubli\u00e9es - Boite d'Initiation - Croc Jeux","robots":{"index":"index","follow":"follow","max-snippet":"max-snippet:-1","max-image-preview":"max-image-preview:large","max-video-preview":"max-video-preview:-1"},"canonical":"https:\/\/crocjeux.com\/index.php\/produit\/chroniques-oubliees-boite-dinitiation\/","og_locale":"fr_FR","og_type":"article","og_title":"Chroniques Oubli\u00e9es - Boite d'Initiation - Croc Jeux","og_description":"La Boite d&rsquo;initiation pour les Chroniques Oubli\u00e9es vous propose de d\u00e9couvrir le jeu de r\u00f4le au travers de 4 sc\u00e9narios","og_url":"https:\/\/crocjeux.com\/index.php\/produit\/chroniques-oubliees-boite-dinitiation\/","og_site_name":"Croc Jeux","article_modified_time":"2024-11-21T09:21:49+00:00","og_image":[{"width":372,"height":372,"url":"https:\/\/crocjeux.com\/wp-content\/uploads\/2021\/01\/chroniques-oubliees-boite-d-initiation.jpg","type":"image\/jpeg"}],"twitter_card":"summary_large_image","twitter_misc":{"Dur\u00e9e de lecture estim\u00e9e":"1 minute"},"schema":{"@context":"https:\/\/schema.org","@graph":[{"@type":"WebPage","@id":"https:\/\/crocjeux.com\/index.php\/produit\/chroniques-oubliees-boite-dinitiation\/","url":"https:\/\/crocjeux.com\/index.php\/produit\/chroniques-oubliees-boite-dinitiation\/","name":"Chroniques Oubli\u00e9es - Boite d'Initiation - Croc Jeux","isPartOf":{"@id":"https:\/\/crocjeux.com\/#website"},"primaryImageOfPage":{"@id":"https:\/\/crocjeux.com\/index.php\/produit\/chroniques-oubliees-boite-dinitiation\/#primaryimage"},"image":{"@id":"https:\/\/crocjeux.com\/index.php\/produit\/chroniques-oubliees-boite-dinitiation\/#primaryimage"},"thumbnailUrl":"https:\/\/crocjeux.com\/wp-content\/uploads\/2021\/01\/chroniques-oubliees-boite-d-initiation.jpg","datePublished":"2021-01-13T14:00:08+00:00","dateModified":"2024-11-21T09:21:49+00:00","breadcrumb":{"@id":"https:\/\/crocjeux.com\/index.php\/produit\/chroniques-oubliees-boite-dinitiation\/#breadcrumb"},"inLanguage":"fr-FR","potentialAction":[{"@type":"ReadAction","target":["https:\/\/crocjeux.com\/index.php\/produit\/chroniques-oubliees-boite-dinitiation\/"]}]},{"@type":"ImageObject","inLanguage":"fr-FR","@id":"https:\/\/crocjeux.com\/index.php\/produit\/chroniques-oubliees-boite-dinitiation\/#primaryimage","url":"https:\/\/crocjeux.com\/wp-content\/uploads\/2021\/01\/chroniques-oubliees-boite-d-initiation.jpg","contentUrl":"https:\/\/crocjeux.com\/wp-content\/uploads\/2021\/01\/chroniques-oubliees-boite-d-initiation.jpg","width":372,"height":372},{"@type":"BreadcrumbList","@id":"https:\/\/crocjeux.com\/index.php\/produit\/chroniques-oubliees-boite-dinitiation\/#breadcrumb","itemListElement":[{"@type":"ListItem","position":1,"name":"Accueil","item":"https:\/\/crocjeux.com\/"},{"@type":"ListItem","position":2,"name":"Boutique","item":"https:\/\/crocjeux.com\/"},{"@type":"ListItem","position":3,"name":"Chroniques Oubli\u00e9es &#8211; Boite d&rsquo;Initiation"}]},{"@type":"WebSite","@id":"https:\/\/crocjeux.com\/#website","url":"https:\/\/crocjeux.com\/","name":"Croc Jeux","description":"Bienvenue chez Croc Jeux!","publisher":{"@id":"https:\/\/crocjeux.com\/#organization"},"potentialAction":[{"@type":"SearchAction","target":{"@type":"EntryPoint","urlTemplate":"https:\/\/crocjeux.com\/?s={search_term_string}"},"query-input":{"@type":"PropertyValueSpecification","valueRequired":true,"valueName":"search_term_string"}}],"inLanguage":"fr-FR"},{"@type":"Organization","@id":"https:\/\/crocjeux.com\/#organization","name":"Croc Jeux","url":"https:\/\/crocjeux.com\/","logo":{"@type":"ImageObject","inLanguage":"fr-FR","@id":"https:\/\/crocjeux.com\/#\/schema\/logo\/image\/","url":"https:\/\/crocjeux.com\/wp-content\/uploads\/2022\/01\/cropped-logo-croc-etape-1-e1644574034239.jpg","contentUrl":"https:\/\/crocjeux.com\/wp-content\/uploads\/2022\/01\/cropped-logo-croc-etape-1-e1644574034239.jpg","width":1224,"height":314,"caption":"Croc Jeux"},"image":{"@id":"https:\/\/crocjeux.com\/#\/schema\/logo\/image\/"}}]}},"_links":{"self":[{"href":"https:\/\/crocjeux.com\/index.php\/wp-json\/wp\/v2\/product\/1939","targetHints":{"allow":["GET"]}}],"collection":[{"href":"https:\/\/crocjeux.com\/index.php\/wp-json\/wp\/v2\/product"}],"about":[{"href":"https:\/\/crocjeux.com\/index.php\/wp-json\/wp\/v2\/types\/product"}],"replies":[{"embeddable":true,"href":"https:\/\/crocjeux.com\/index.php\/wp-json\/wp\/v2\/comments?post=1939"}],"wp:featuredmedia":[{"embeddable":true,"href":"https:\/\/crocjeux.com\/index.php\/wp-json\/wp\/v2\/media\/1940"}],"wp:attachment":[{"href":"https:\/\/crocjeux.com\/index.php\/wp-json\/wp\/v2\/media?parent=1939"}],"wp:term":[{"taxonomy":"product_brand","embeddable":true,"href":"https:\/\/crocjeux.com\/index.php\/wp-json\/wp\/v2\/product_brand?post=1939"},{"taxonomy":"product_cat","embeddable":true,"href":"https:\/\/crocjeux.com\/index.php\/wp-json\/wp\/v2\/product_cat?post=1939"},{"taxonomy":"product_tag","embeddable":true,"href":"https:\/\/crocjeux.com\/index.php\/wp-json\/wp\/v2\/product_tag?post=1939"}],"curies":[{"name":"wp","href":"https:\/\/api.w.org\/{rel}","templated":true}]}}