{"id":1943,"date":"2021-01-13T15:04:59","date_gmt":"2021-01-13T14:04:59","guid":{"rendered":"https:\/\/crocjeux.com\/?post_type=product&#038;p=1943"},"modified":"2022-03-10T12:20:42","modified_gmt":"2022-03-10T11:20:42","slug":"chroniques-oubliees-vengeance","status":"publish","type":"product","link":"https:\/\/crocjeux.com\/index.php\/produit\/chroniques-oubliees-vengeance\/","title":{"rendered":"Chroniques Oubli\u00e9es &#8211; Vengeance"},"content":{"rendered":"<div id=\"short_description_block\">\n<div id=\"short_description_content\" class=\"rte align_justify hide-smartphone\">Vengeance, l&rsquo;Extension 1 pour Chroniques Oubli\u00e9es Fantasy : Initiation au jeu d&rsquo;aventures, vous invite \u00e0 relever de nouveaux d\u00e9fis !<\/div>\n<\/div>\n<ul class=\"illustrated_features\">\n<li class=\"langue tooltips\" title=\"\" data-hasqtip=\"5\">Fran\u00e7ais<\/li>\n<\/ul>\n<h2>Vengeance, l&rsquo;Extension 1 pour Chroniques Oubli\u00e9es Fantasy : Initiation au jeu d&rsquo;aventures, vous invite \u00e0 relever de nouveaux d\u00e9fis !<\/h2>\n<p>Cette deuxi\u00e8me bo\u00eete de jeu de r\u00f4le contient de nouvelles r\u00e8gles pour \u00e9tendre les possibilit\u00e9s des personnages de la premi\u00e8re bo\u00eete Chroniques Oubli\u00e9es Fantasy ainsi que 4 grands sc\u00e9narios imagin\u00e9s par Laurent \u00ab\u00a0Kegron\u00a0\u00bb Bernasconi formant une aventure \u00e9pique intitul\u00e9e Vengeance !<\/p>\n<p>Le livret de campagne de la bo\u00eete Vengeance invite les joueurs ayant termin\u00e9 la campagne des Disparus de Clairval de la premi\u00e8re bo\u00eete (ou tout autre groupe de PJ ayant atteint le niveau 5), \u00e0 se lancer dans une nouvelle aventure !<\/p>\n<p>&nbsp;<\/p>\n<p>Vengeance, la nouvelle campagne en 4 \u00e9pisodes imagin\u00e9e par Laurent \u00ab\u00a0Kegron\u00a0\u00bb Bernasconi, d\u00e9butera donc au niveau 5, et fera d\u00e9couvrir aux personnages les contr\u00e9es environnant Clairval. L&rsquo;intrigue ne se limitera plus \u00e0 un village, mais bien \u00e0 une r\u00e9gion enti\u00e8re. Les 4 grands sc\u00e9narios en eux-m\u00eames seront \u00e9galement plus long, de sorte que Vengeance offrira un nombre d&rsquo;heures de jeu plus important que Les Disparus de Clairval, la campagne de la premi\u00e8re bo\u00eete. Au terme de l&rsquo;aventure, les personnages pourront atteindre le niveau 9 !<\/p>\n<p>Du c\u00f4t\u00e9 du livret de r\u00e8gles de la bo\u00eete Vengeance, de nouvelles races et de nouveaux profils seront propos\u00e9s afin d&rsquo;\u00e9tendre \u00e9galement le champ des possibles. Quelques r\u00e8gles suppl\u00e9mentaires optionnelles compl\u00e9teront ce livret. Pour les experts, il n&rsquo;y a pas de nouveaut\u00e9s \u00e0 attendre par rapport aux r\u00e8gles pr\u00e9sent\u00e9es dans le Livre de base Chroniques Oubli\u00e9es Fantasy, mais pour celles et ceux qui passeront directement de la premi\u00e8re bo\u00eete Initiation au jeu d&rsquo;aventures \u00e0 la seconde bo\u00eete Vengeance, il s&rsquo;agira d&rsquo;un ajout fort sympathique et utile pour d\u00e9velopper l&rsquo;aspect ludique du jeu.<\/p>\n","protected":false},"excerpt":{"rendered":"<p>Vengeance, l&rsquo;Extension 1 pour Chroniques Oubli\u00e9es Fantasy : Initiation au jeu d&rsquo;aventures, vous invite \u00e0 relever de nouveaux d\u00e9fis !<\/p>\n","protected":false},"featured_media":1944,"comment_status":"open","ping_status":"closed","template":"","meta":{"colormag_page_container_layout":"default_layout","colormag_page_sidebar_layout":"default_layout"},"product_brand":[],"product_cat":[35],"product_tag":[],"class_list":{"0":"post-1943","1":"product","2":"type-product","3":"status-publish","4":"has-post-thumbnail","6":"product_cat-jeux-jdr","8":"first","9":"instock","10":"taxable","11":"shipping-taxable","12":"purchasable","13":"product-type-simple"},"yoast_head":"<!-- This site is optimized with the Yoast SEO plugin v27.3 - https:\/\/yoast.com\/product\/yoast-seo-wordpress\/ -->\n<title>Chroniques Oubli\u00e9es - Vengeance - Croc Jeux<\/title>\n<meta name=\"robots\" content=\"index, follow, max-snippet:-1, max-image-preview:large, max-video-preview:-1\" \/>\n<link rel=\"canonical\" href=\"https:\/\/crocjeux.com\/index.php\/produit\/chroniques-oubliees-vengeance\/\" \/>\n<meta property=\"og:locale\" content=\"fr_FR\" \/>\n<meta property=\"og:type\" content=\"article\" \/>\n<meta property=\"og:title\" content=\"Chroniques Oubli\u00e9es - Vengeance - Croc Jeux\" \/>\n<meta property=\"og:description\" content=\"Vengeance, l&rsquo;Extension 1 pour Chroniques Oubli\u00e9es Fantasy : Initiation au jeu d&rsquo;aventures, vous invite \u00e0 relever de nouveaux d\u00e9fis !\" \/>\n<meta property=\"og:url\" content=\"https:\/\/crocjeux.com\/index.php\/produit\/chroniques-oubliees-vengeance\/\" \/>\n<meta property=\"og:site_name\" content=\"Croc Jeux\" \/>\n<meta property=\"article:modified_time\" content=\"2022-03-10T11:20:42+00:00\" \/>\n<meta property=\"og:image\" content=\"https:\/\/crocjeux.com\/wp-content\/uploads\/2021\/01\/chroniques-oubliees-vengeance.jpg\" \/>\n\t<meta property=\"og:image:width\" content=\"372\" \/>\n\t<meta property=\"og:image:height\" content=\"372\" \/>\n\t<meta property=\"og:image:type\" content=\"image\/jpeg\" \/>\n<meta name=\"twitter:card\" content=\"summary_large_image\" \/>\n<meta name=\"twitter:label1\" content=\"Dur\u00e9e de lecture estim\u00e9e\" \/>\n\t<meta name=\"twitter:data1\" content=\"2 minutes\" \/>\n<script type=\"application\/ld+json\" class=\"yoast-schema-graph\">{\"@context\":\"https:\\\/\\\/schema.org\",\"@graph\":[{\"@type\":\"WebPage\",\"@id\":\"https:\\\/\\\/crocjeux.com\\\/index.php\\\/produit\\\/chroniques-oubliees-vengeance\\\/\",\"url\":\"https:\\\/\\\/crocjeux.com\\\/index.php\\\/produit\\\/chroniques-oubliees-vengeance\\\/\",\"name\":\"Chroniques Oubli\u00e9es - Vengeance - Croc Jeux\",\"isPartOf\":{\"@id\":\"https:\\\/\\\/crocjeux.com\\\/#website\"},\"primaryImageOfPage\":{\"@id\":\"https:\\\/\\\/crocjeux.com\\\/index.php\\\/produit\\\/chroniques-oubliees-vengeance\\\/#primaryimage\"},\"image\":{\"@id\":\"https:\\\/\\\/crocjeux.com\\\/index.php\\\/produit\\\/chroniques-oubliees-vengeance\\\/#primaryimage\"},\"thumbnailUrl\":\"https:\\\/\\\/crocjeux.com\\\/wp-content\\\/uploads\\\/2021\\\/01\\\/chroniques-oubliees-vengeance.jpg\",\"datePublished\":\"2021-01-13T14:04:59+00:00\",\"dateModified\":\"2022-03-10T11:20:42+00:00\",\"breadcrumb\":{\"@id\":\"https:\\\/\\\/crocjeux.com\\\/index.php\\\/produit\\\/chroniques-oubliees-vengeance\\\/#breadcrumb\"},\"inLanguage\":\"fr-FR\",\"potentialAction\":[{\"@type\":\"ReadAction\",\"target\":[\"https:\\\/\\\/crocjeux.com\\\/index.php\\\/produit\\\/chroniques-oubliees-vengeance\\\/\"]}]},{\"@type\":\"ImageObject\",\"inLanguage\":\"fr-FR\",\"@id\":\"https:\\\/\\\/crocjeux.com\\\/index.php\\\/produit\\\/chroniques-oubliees-vengeance\\\/#primaryimage\",\"url\":\"https:\\\/\\\/crocjeux.com\\\/wp-content\\\/uploads\\\/2021\\\/01\\\/chroniques-oubliees-vengeance.jpg\",\"contentUrl\":\"https:\\\/\\\/crocjeux.com\\\/wp-content\\\/uploads\\\/2021\\\/01\\\/chroniques-oubliees-vengeance.jpg\",\"width\":372,\"height\":372},{\"@type\":\"BreadcrumbList\",\"@id\":\"https:\\\/\\\/crocjeux.com\\\/index.php\\\/produit\\\/chroniques-oubliees-vengeance\\\/#breadcrumb\",\"itemListElement\":[{\"@type\":\"ListItem\",\"position\":1,\"name\":\"Accueil\",\"item\":\"https:\\\/\\\/crocjeux.com\\\/\"},{\"@type\":\"ListItem\",\"position\":2,\"name\":\"Boutique\",\"item\":\"https:\\\/\\\/crocjeux.com\\\/\"},{\"@type\":\"ListItem\",\"position\":3,\"name\":\"Chroniques Oubli\u00e9es &#8211; Vengeance\"}]},{\"@type\":\"WebSite\",\"@id\":\"https:\\\/\\\/crocjeux.com\\\/#website\",\"url\":\"https:\\\/\\\/crocjeux.com\\\/\",\"name\":\"Croc Jeux\",\"description\":\"Bienvenue chez Croc Jeux!\",\"publisher\":{\"@id\":\"https:\\\/\\\/crocjeux.com\\\/#organization\"},\"potentialAction\":[{\"@type\":\"SearchAction\",\"target\":{\"@type\":\"EntryPoint\",\"urlTemplate\":\"https:\\\/\\\/crocjeux.com\\\/?s={search_term_string}\"},\"query-input\":{\"@type\":\"PropertyValueSpecification\",\"valueRequired\":true,\"valueName\":\"search_term_string\"}}],\"inLanguage\":\"fr-FR\"},{\"@type\":\"Organization\",\"@id\":\"https:\\\/\\\/crocjeux.com\\\/#organization\",\"name\":\"Croc Jeux\",\"url\":\"https:\\\/\\\/crocjeux.com\\\/\",\"logo\":{\"@type\":\"ImageObject\",\"inLanguage\":\"fr-FR\",\"@id\":\"https:\\\/\\\/crocjeux.com\\\/#\\\/schema\\\/logo\\\/image\\\/\",\"url\":\"https:\\\/\\\/crocjeux.com\\\/wp-content\\\/uploads\\\/2022\\\/01\\\/cropped-logo-croc-etape-1-e1644574034239.jpg\",\"contentUrl\":\"https:\\\/\\\/crocjeux.com\\\/wp-content\\\/uploads\\\/2022\\\/01\\\/cropped-logo-croc-etape-1-e1644574034239.jpg\",\"width\":1224,\"height\":314,\"caption\":\"Croc Jeux\"},\"image\":{\"@id\":\"https:\\\/\\\/crocjeux.com\\\/#\\\/schema\\\/logo\\\/image\\\/\"}}]}<\/script>\n<!-- \/ Yoast SEO plugin. -->","yoast_head_json":{"title":"Chroniques Oubli\u00e9es - Vengeance - Croc Jeux","robots":{"index":"index","follow":"follow","max-snippet":"max-snippet:-1","max-image-preview":"max-image-preview:large","max-video-preview":"max-video-preview:-1"},"canonical":"https:\/\/crocjeux.com\/index.php\/produit\/chroniques-oubliees-vengeance\/","og_locale":"fr_FR","og_type":"article","og_title":"Chroniques Oubli\u00e9es - Vengeance - Croc Jeux","og_description":"Vengeance, l&rsquo;Extension 1 pour Chroniques Oubli\u00e9es Fantasy : Initiation au jeu d&rsquo;aventures, vous invite \u00e0 relever de nouveaux d\u00e9fis !","og_url":"https:\/\/crocjeux.com\/index.php\/produit\/chroniques-oubliees-vengeance\/","og_site_name":"Croc Jeux","article_modified_time":"2022-03-10T11:20:42+00:00","og_image":[{"width":372,"height":372,"url":"https:\/\/crocjeux.com\/wp-content\/uploads\/2021\/01\/chroniques-oubliees-vengeance.jpg","type":"image\/jpeg"}],"twitter_card":"summary_large_image","twitter_misc":{"Dur\u00e9e de lecture estim\u00e9e":"2 minutes"},"schema":{"@context":"https:\/\/schema.org","@graph":[{"@type":"WebPage","@id":"https:\/\/crocjeux.com\/index.php\/produit\/chroniques-oubliees-vengeance\/","url":"https:\/\/crocjeux.com\/index.php\/produit\/chroniques-oubliees-vengeance\/","name":"Chroniques Oubli\u00e9es - Vengeance - Croc Jeux","isPartOf":{"@id":"https:\/\/crocjeux.com\/#website"},"primaryImageOfPage":{"@id":"https:\/\/crocjeux.com\/index.php\/produit\/chroniques-oubliees-vengeance\/#primaryimage"},"image":{"@id":"https:\/\/crocjeux.com\/index.php\/produit\/chroniques-oubliees-vengeance\/#primaryimage"},"thumbnailUrl":"https:\/\/crocjeux.com\/wp-content\/uploads\/2021\/01\/chroniques-oubliees-vengeance.jpg","datePublished":"2021-01-13T14:04:59+00:00","dateModified":"2022-03-10T11:20:42+00:00","breadcrumb":{"@id":"https:\/\/crocjeux.com\/index.php\/produit\/chroniques-oubliees-vengeance\/#breadcrumb"},"inLanguage":"fr-FR","potentialAction":[{"@type":"ReadAction","target":["https:\/\/crocjeux.com\/index.php\/produit\/chroniques-oubliees-vengeance\/"]}]},{"@type":"ImageObject","inLanguage":"fr-FR","@id":"https:\/\/crocjeux.com\/index.php\/produit\/chroniques-oubliees-vengeance\/#primaryimage","url":"https:\/\/crocjeux.com\/wp-content\/uploads\/2021\/01\/chroniques-oubliees-vengeance.jpg","contentUrl":"https:\/\/crocjeux.com\/wp-content\/uploads\/2021\/01\/chroniques-oubliees-vengeance.jpg","width":372,"height":372},{"@type":"BreadcrumbList","@id":"https:\/\/crocjeux.com\/index.php\/produit\/chroniques-oubliees-vengeance\/#breadcrumb","itemListElement":[{"@type":"ListItem","position":1,"name":"Accueil","item":"https:\/\/crocjeux.com\/"},{"@type":"ListItem","position":2,"name":"Boutique","item":"https:\/\/crocjeux.com\/"},{"@type":"ListItem","position":3,"name":"Chroniques Oubli\u00e9es &#8211; Vengeance"}]},{"@type":"WebSite","@id":"https:\/\/crocjeux.com\/#website","url":"https:\/\/crocjeux.com\/","name":"Croc Jeux","description":"Bienvenue chez Croc Jeux!","publisher":{"@id":"https:\/\/crocjeux.com\/#organization"},"potentialAction":[{"@type":"SearchAction","target":{"@type":"EntryPoint","urlTemplate":"https:\/\/crocjeux.com\/?s={search_term_string}"},"query-input":{"@type":"PropertyValueSpecification","valueRequired":true,"valueName":"search_term_string"}}],"inLanguage":"fr-FR"},{"@type":"Organization","@id":"https:\/\/crocjeux.com\/#organization","name":"Croc Jeux","url":"https:\/\/crocjeux.com\/","logo":{"@type":"ImageObject","inLanguage":"fr-FR","@id":"https:\/\/crocjeux.com\/#\/schema\/logo\/image\/","url":"https:\/\/crocjeux.com\/wp-content\/uploads\/2022\/01\/cropped-logo-croc-etape-1-e1644574034239.jpg","contentUrl":"https:\/\/crocjeux.com\/wp-content\/uploads\/2022\/01\/cropped-logo-croc-etape-1-e1644574034239.jpg","width":1224,"height":314,"caption":"Croc Jeux"},"image":{"@id":"https:\/\/crocjeux.com\/#\/schema\/logo\/image\/"}}]}},"_links":{"self":[{"href":"https:\/\/crocjeux.com\/index.php\/wp-json\/wp\/v2\/product\/1943","targetHints":{"allow":["GET"]}}],"collection":[{"href":"https:\/\/crocjeux.com\/index.php\/wp-json\/wp\/v2\/product"}],"about":[{"href":"https:\/\/crocjeux.com\/index.php\/wp-json\/wp\/v2\/types\/product"}],"replies":[{"embeddable":true,"href":"https:\/\/crocjeux.com\/index.php\/wp-json\/wp\/v2\/comments?post=1943"}],"wp:featuredmedia":[{"embeddable":true,"href":"https:\/\/crocjeux.com\/index.php\/wp-json\/wp\/v2\/media\/1944"}],"wp:attachment":[{"href":"https:\/\/crocjeux.com\/index.php\/wp-json\/wp\/v2\/media?parent=1943"}],"wp:term":[{"taxonomy":"product_brand","embeddable":true,"href":"https:\/\/crocjeux.com\/index.php\/wp-json\/wp\/v2\/product_brand?post=1943"},{"taxonomy":"product_cat","embeddable":true,"href":"https:\/\/crocjeux.com\/index.php\/wp-json\/wp\/v2\/product_cat?post=1943"},{"taxonomy":"product_tag","embeddable":true,"href":"https:\/\/crocjeux.com\/index.php\/wp-json\/wp\/v2\/product_tag?post=1943"}],"curies":[{"name":"wp","href":"https:\/\/api.w.org\/{rel}","templated":true}]}}