{"id":196,"date":"2020-10-29T17:06:36","date_gmt":"2020-10-29T16:06:36","guid":{"rendered":"https:\/\/crocjeux.com\/?post_type=product&#038;p=196"},"modified":"2023-10-21T18:20:00","modified_gmt":"2023-10-21T17:20:00","slug":"the-sherlock","status":"publish","type":"product","link":"https:\/\/crocjeux.com\/index.php\/produit\/the-sherlock\/","title":{"rendered":"The Sherlock"},"content":{"rendered":"<section id=\"tab-description\" class=\"page-product-box r-tabs-panel r-tabs-state-active\">\n<div class=\"rte\">\n<div>Mettez en marche votre sens aigu de l&rsquo;observation et d\u00e9verrouillez votre esprit Sherlockien sup\u00e9rieur pour r\u00e9soudre le myst\u00e9rieux du puzzle en bois comme un vrai d\u00e9tective. Choisissez une carte de d\u00e9fi, examinez chaque recoin et renfoncement des tiges indiqu\u00e9es, \u00e9liminez l&rsquo;impossible et ins\u00e9rez strat\u00e9giquement les tiges dans le cube jusqu&rsquo;\u00e0 ce qu&rsquo;elles se verrouillent en place.<\/div>\n<div><\/div>\n<div>Mettez votre raisonnement d\u00e9ductif et votre m\u00e9moire \u00e0 court terme \u00e0 l&rsquo;\u00e9preuve avec 7 niveaux de d\u00e9fi allant de l&rsquo;\u00e9l\u00e9mentaire \u00e0 Sherlock.<\/div>\n<div><\/div>\n<div>Les pi\u00e8ces du puzzle en bois de h\u00eatre et l&rsquo;\u00e9tui de rangement en pin font de The Sherlock un cadeau magnifique et somptueux.<\/div>\n<\/div>\n<\/section>\n","protected":false},"excerpt":{"rendered":"<div id=\"short_description_block\">\n<div id=\"short_description_content\" class=\"rte align_justify hide-smartphone\">D\u00e9duction, observation, logique et pers\u00e9v\u00e9rance seront n\u00e9cessaires pour venir \u00e0 bout des diff\u00e9rents niveaux de ce fascinant et somptueux casse-t\u00eate en bois.<\/div>\n<\/div>\n","protected":false},"featured_media":197,"comment_status":"open","ping_status":"closed","template":"","meta":{"colormag_page_container_layout":"default_layout","colormag_page_sidebar_layout":"default_layout"},"product_brand":[],"product_cat":[27,37],"product_tag":[],"class_list":{"0":"post-196","1":"product","2":"type-product","3":"status-publish","4":"has-post-thumbnail","6":"product_cat-jeux_casses_tetes","7":"product_cat-ne-ratez-pas","9":"first","10":"outofstock","11":"taxable","12":"shipping-taxable","13":"purchasable","14":"product-type-simple"},"yoast_head":"<!-- This site is optimized with the Yoast SEO plugin v27.4 - https:\/\/yoast.com\/product\/yoast-seo-wordpress\/ -->\n<title>The Sherlock - Croc Jeux<\/title>\n<meta name=\"robots\" content=\"index, follow, max-snippet:-1, max-image-preview:large, max-video-preview:-1\" \/>\n<link rel=\"canonical\" href=\"https:\/\/crocjeux.com\/index.php\/produit\/the-sherlock\/\" \/>\n<meta property=\"og:locale\" content=\"fr_FR\" \/>\n<meta property=\"og:type\" content=\"article\" \/>\n<meta property=\"og:title\" content=\"The Sherlock - Croc Jeux\" \/>\n<meta property=\"og:description\" content=\"D\u00e9duction, observation, logique et pers\u00e9v\u00e9rance seront n\u00e9cessaires pour venir \u00e0 bout des diff\u00e9rents niveaux de ce fascinant et somptueux casse-t\u00eate en bois.\" \/>\n<meta property=\"og:url\" content=\"https:\/\/crocjeux.com\/index.php\/produit\/the-sherlock\/\" \/>\n<meta property=\"og:site_name\" content=\"Croc Jeux\" \/>\n<meta property=\"article:modified_time\" content=\"2023-10-21T17:20:00+00:00\" \/>\n<meta property=\"og:image\" content=\"https:\/\/crocjeux.com\/wp-content\/uploads\/2020\/10\/the_sherlock.png\" \/>\n\t<meta property=\"og:image:width\" content=\"561\" \/>\n\t<meta property=\"og:image:height\" content=\"750\" \/>\n\t<meta property=\"og:image:type\" content=\"image\/png\" \/>\n<meta name=\"twitter:card\" content=\"summary_large_image\" \/>\n<meta name=\"twitter:label1\" content=\"Dur\u00e9e de lecture estim\u00e9e\" \/>\n\t<meta name=\"twitter:data1\" content=\"1 minute\" \/>\n<script type=\"application\/ld+json\" class=\"yoast-schema-graph\">{\"@context\":\"https:\\\/\\\/schema.org\",\"@graph\":[{\"@type\":\"WebPage\",\"@id\":\"https:\\\/\\\/crocjeux.com\\\/index.php\\\/produit\\\/the-sherlock\\\/\",\"url\":\"https:\\\/\\\/crocjeux.com\\\/index.php\\\/produit\\\/the-sherlock\\\/\",\"name\":\"The Sherlock - Croc Jeux\",\"isPartOf\":{\"@id\":\"https:\\\/\\\/crocjeux.com\\\/#website\"},\"primaryImageOfPage\":{\"@id\":\"https:\\\/\\\/crocjeux.com\\\/index.php\\\/produit\\\/the-sherlock\\\/#primaryimage\"},\"image\":{\"@id\":\"https:\\\/\\\/crocjeux.com\\\/index.php\\\/produit\\\/the-sherlock\\\/#primaryimage\"},\"thumbnailUrl\":\"https:\\\/\\\/crocjeux.com\\\/wp-content\\\/uploads\\\/2020\\\/10\\\/the_sherlock.png\",\"datePublished\":\"2020-10-29T16:06:36+00:00\",\"dateModified\":\"2023-10-21T17:20:00+00:00\",\"breadcrumb\":{\"@id\":\"https:\\\/\\\/crocjeux.com\\\/index.php\\\/produit\\\/the-sherlock\\\/#breadcrumb\"},\"inLanguage\":\"fr-FR\",\"potentialAction\":[{\"@type\":\"ReadAction\",\"target\":[\"https:\\\/\\\/crocjeux.com\\\/index.php\\\/produit\\\/the-sherlock\\\/\"]}]},{\"@type\":\"ImageObject\",\"inLanguage\":\"fr-FR\",\"@id\":\"https:\\\/\\\/crocjeux.com\\\/index.php\\\/produit\\\/the-sherlock\\\/#primaryimage\",\"url\":\"https:\\\/\\\/crocjeux.com\\\/wp-content\\\/uploads\\\/2020\\\/10\\\/the_sherlock.png\",\"contentUrl\":\"https:\\\/\\\/crocjeux.com\\\/wp-content\\\/uploads\\\/2020\\\/10\\\/the_sherlock.png\",\"width\":561,\"height\":750},{\"@type\":\"BreadcrumbList\",\"@id\":\"https:\\\/\\\/crocjeux.com\\\/index.php\\\/produit\\\/the-sherlock\\\/#breadcrumb\",\"itemListElement\":[{\"@type\":\"ListItem\",\"position\":1,\"name\":\"Accueil\",\"item\":\"https:\\\/\\\/crocjeux.com\\\/\"},{\"@type\":\"ListItem\",\"position\":2,\"name\":\"Boutique\",\"item\":\"https:\\\/\\\/crocjeux.com\\\/\"},{\"@type\":\"ListItem\",\"position\":3,\"name\":\"The Sherlock\"}]},{\"@type\":\"WebSite\",\"@id\":\"https:\\\/\\\/crocjeux.com\\\/#website\",\"url\":\"https:\\\/\\\/crocjeux.com\\\/\",\"name\":\"Croc Jeux\",\"description\":\"Bienvenue chez Croc Jeux!\",\"publisher\":{\"@id\":\"https:\\\/\\\/crocjeux.com\\\/#organization\"},\"potentialAction\":[{\"@type\":\"SearchAction\",\"target\":{\"@type\":\"EntryPoint\",\"urlTemplate\":\"https:\\\/\\\/crocjeux.com\\\/?s={search_term_string}\"},\"query-input\":{\"@type\":\"PropertyValueSpecification\",\"valueRequired\":true,\"valueName\":\"search_term_string\"}}],\"inLanguage\":\"fr-FR\"},{\"@type\":\"Organization\",\"@id\":\"https:\\\/\\\/crocjeux.com\\\/#organization\",\"name\":\"Croc Jeux\",\"url\":\"https:\\\/\\\/crocjeux.com\\\/\",\"logo\":{\"@type\":\"ImageObject\",\"inLanguage\":\"fr-FR\",\"@id\":\"https:\\\/\\\/crocjeux.com\\\/#\\\/schema\\\/logo\\\/image\\\/\",\"url\":\"https:\\\/\\\/crocjeux.com\\\/wp-content\\\/uploads\\\/2022\\\/01\\\/cropped-logo-croc-etape-1-e1644574034239.jpg\",\"contentUrl\":\"https:\\\/\\\/crocjeux.com\\\/wp-content\\\/uploads\\\/2022\\\/01\\\/cropped-logo-croc-etape-1-e1644574034239.jpg\",\"width\":1224,\"height\":314,\"caption\":\"Croc Jeux\"},\"image\":{\"@id\":\"https:\\\/\\\/crocjeux.com\\\/#\\\/schema\\\/logo\\\/image\\\/\"}}]}<\/script>\n<!-- \/ Yoast SEO plugin. -->","yoast_head_json":{"title":"The Sherlock - Croc Jeux","robots":{"index":"index","follow":"follow","max-snippet":"max-snippet:-1","max-image-preview":"max-image-preview:large","max-video-preview":"max-video-preview:-1"},"canonical":"https:\/\/crocjeux.com\/index.php\/produit\/the-sherlock\/","og_locale":"fr_FR","og_type":"article","og_title":"The Sherlock - Croc Jeux","og_description":"D\u00e9duction, observation, logique et pers\u00e9v\u00e9rance seront n\u00e9cessaires pour venir \u00e0 bout des diff\u00e9rents niveaux de ce fascinant et somptueux casse-t\u00eate en bois.","og_url":"https:\/\/crocjeux.com\/index.php\/produit\/the-sherlock\/","og_site_name":"Croc Jeux","article_modified_time":"2023-10-21T17:20:00+00:00","og_image":[{"width":561,"height":750,"url":"https:\/\/crocjeux.com\/wp-content\/uploads\/2020\/10\/the_sherlock.png","type":"image\/png"}],"twitter_card":"summary_large_image","twitter_misc":{"Dur\u00e9e de lecture estim\u00e9e":"1 minute"},"schema":{"@context":"https:\/\/schema.org","@graph":[{"@type":"WebPage","@id":"https:\/\/crocjeux.com\/index.php\/produit\/the-sherlock\/","url":"https:\/\/crocjeux.com\/index.php\/produit\/the-sherlock\/","name":"The Sherlock - Croc Jeux","isPartOf":{"@id":"https:\/\/crocjeux.com\/#website"},"primaryImageOfPage":{"@id":"https:\/\/crocjeux.com\/index.php\/produit\/the-sherlock\/#primaryimage"},"image":{"@id":"https:\/\/crocjeux.com\/index.php\/produit\/the-sherlock\/#primaryimage"},"thumbnailUrl":"https:\/\/crocjeux.com\/wp-content\/uploads\/2020\/10\/the_sherlock.png","datePublished":"2020-10-29T16:06:36+00:00","dateModified":"2023-10-21T17:20:00+00:00","breadcrumb":{"@id":"https:\/\/crocjeux.com\/index.php\/produit\/the-sherlock\/#breadcrumb"},"inLanguage":"fr-FR","potentialAction":[{"@type":"ReadAction","target":["https:\/\/crocjeux.com\/index.php\/produit\/the-sherlock\/"]}]},{"@type":"ImageObject","inLanguage":"fr-FR","@id":"https:\/\/crocjeux.com\/index.php\/produit\/the-sherlock\/#primaryimage","url":"https:\/\/crocjeux.com\/wp-content\/uploads\/2020\/10\/the_sherlock.png","contentUrl":"https:\/\/crocjeux.com\/wp-content\/uploads\/2020\/10\/the_sherlock.png","width":561,"height":750},{"@type":"BreadcrumbList","@id":"https:\/\/crocjeux.com\/index.php\/produit\/the-sherlock\/#breadcrumb","itemListElement":[{"@type":"ListItem","position":1,"name":"Accueil","item":"https:\/\/crocjeux.com\/"},{"@type":"ListItem","position":2,"name":"Boutique","item":"https:\/\/crocjeux.com\/"},{"@type":"ListItem","position":3,"name":"The Sherlock"}]},{"@type":"WebSite","@id":"https:\/\/crocjeux.com\/#website","url":"https:\/\/crocjeux.com\/","name":"Croc Jeux","description":"Bienvenue chez Croc Jeux!","publisher":{"@id":"https:\/\/crocjeux.com\/#organization"},"potentialAction":[{"@type":"SearchAction","target":{"@type":"EntryPoint","urlTemplate":"https:\/\/crocjeux.com\/?s={search_term_string}"},"query-input":{"@type":"PropertyValueSpecification","valueRequired":true,"valueName":"search_term_string"}}],"inLanguage":"fr-FR"},{"@type":"Organization","@id":"https:\/\/crocjeux.com\/#organization","name":"Croc Jeux","url":"https:\/\/crocjeux.com\/","logo":{"@type":"ImageObject","inLanguage":"fr-FR","@id":"https:\/\/crocjeux.com\/#\/schema\/logo\/image\/","url":"https:\/\/crocjeux.com\/wp-content\/uploads\/2022\/01\/cropped-logo-croc-etape-1-e1644574034239.jpg","contentUrl":"https:\/\/crocjeux.com\/wp-content\/uploads\/2022\/01\/cropped-logo-croc-etape-1-e1644574034239.jpg","width":1224,"height":314,"caption":"Croc Jeux"},"image":{"@id":"https:\/\/crocjeux.com\/#\/schema\/logo\/image\/"}}]}},"_links":{"self":[{"href":"https:\/\/crocjeux.com\/index.php\/wp-json\/wp\/v2\/product\/196","targetHints":{"allow":["GET"]}}],"collection":[{"href":"https:\/\/crocjeux.com\/index.php\/wp-json\/wp\/v2\/product"}],"about":[{"href":"https:\/\/crocjeux.com\/index.php\/wp-json\/wp\/v2\/types\/product"}],"replies":[{"embeddable":true,"href":"https:\/\/crocjeux.com\/index.php\/wp-json\/wp\/v2\/comments?post=196"}],"wp:featuredmedia":[{"embeddable":true,"href":"https:\/\/crocjeux.com\/index.php\/wp-json\/wp\/v2\/media\/197"}],"wp:attachment":[{"href":"https:\/\/crocjeux.com\/index.php\/wp-json\/wp\/v2\/media?parent=196"}],"wp:term":[{"taxonomy":"product_brand","embeddable":true,"href":"https:\/\/crocjeux.com\/index.php\/wp-json\/wp\/v2\/product_brand?post=196"},{"taxonomy":"product_cat","embeddable":true,"href":"https:\/\/crocjeux.com\/index.php\/wp-json\/wp\/v2\/product_cat?post=196"},{"taxonomy":"product_tag","embeddable":true,"href":"https:\/\/crocjeux.com\/index.php\/wp-json\/wp\/v2\/product_tag?post=196"}],"curies":[{"name":"wp","href":"https:\/\/api.w.org\/{rel}","templated":true}]}}