{"id":1987,"date":"2021-01-30T17:36:46","date_gmt":"2021-01-30T16:36:46","guid":{"rendered":"https:\/\/crocjeux.com\/?post_type=product&#038;p=1987"},"modified":"2023-02-09T16:32:31","modified_gmt":"2023-02-09T15:32:31","slug":"alien-jeu-de-role","status":"publish","type":"product","link":"https:\/\/crocjeux.com\/index.php\/produit\/alien-jeu-de-role\/","title":{"rendered":"Alien &#8211; Le Jeu de R\u00f4le"},"content":{"rendered":"<blockquote><p>\u00ab\u00a0Je ne vous mentirai pas sur vos chances de survie mais\u2026 vous avez ma sympathie.\u00a0\u00bb<\/p><\/blockquote>\n<p>L\u2019espace est immense, obscur et hostile. Les rayons gamma et les rafales de neutrinos issus d\u2019\u00e9toiles mourantes vous irradient, les trous noirs vous r\u00e9duisent en miettes et le vide lui-m\u00eame vous fait bouillir le sang et vous grille le cerveau. Vous pouvez essayer de crier\u00a0: personne ne vous entendra. Et ne retenez pas votre souffle\u00a0: vos poumons se d\u00e9chireraient.<\/p>\n<p>Contrairement \u00e0 ce que l\u2019on pourrait croire, l\u2019espace n\u2019est pas un lieu d\u00e9sertique\u00a0: des gouvernements rivaux s\u2019y livrent une v\u00e9ritable guerre froide tandis que des corporations avides se disputent des ressources pr\u00e9cieuses. Les colons s\u2019\u00e9lancent dans les \u00e9toiles et jouent leur vie\u00a0sur chaque nouveau monde, famine ou abondance, c\u2019est \u00e0 pile ou face.<\/p>\n<p>Et il existe des choses tapies dans les ombres de chaque ast\u00e9ro\u00efde, des choses \u00e9tranges, diff\u00e9rentes et mortelles.<\/p>\n<p><strong>Des choses qui n\u2019ont rien \u00e0 voir avec nous. Des aliens.<\/strong><\/p>\n<p>Tel est le jeu de r\u00f4le officiel <em>ALIEN<\/em>, un univers d\u2019horreur o\u00f9 les grandes soci\u00e9t\u00e9s jouent avec le feu, o\u00f9 des \u00eatres synth\u00e9tiques se prennent pour des d\u00e9miurges tandis que des camionneurs de l\u2019espace et des marines servent d\u2019h\u00f4tes \u00e0 d\u2019effroyables cr\u00e9atures. C\u2019est un univers rude, impitoyable, o\u00f9 vous \u00eates tout \u00e0 fait rempla\u00e7able.<\/p>\n<p><strong>Restez en vie si vous le pouvez. <\/strong><\/p>\n<p>&nbsp;<\/p>\n<p>Ce livre, richement illustr\u00e9 et tout en couleur, pr\u00e9sente le monde d\u2019ALIEN en 2183, ainsi que des r\u00e8gles br\u00e8ves et efficaces con\u00e7ues pour vous faire vivre une exp\u00e9rience intense dans cet univers. Le jeu comprend deux modes distincts\u00a0:<\/p>\n<p><strong>* Le Mode Cin\u00e9ma<\/strong> se base sur des sc\u00e9narios r\u00e9dig\u00e9s pour reproduire le d\u00e9roulement dramatique d\u2019un film de la franchise ALIEN. Con\u00e7u pour une seule s\u00e9ance de jeu, ce mode rapide et brutal met l\u2019accent sur l\u2019urgence et les enjeux vitaux. Vous n\u2019\u00eates pas tous cens\u00e9s survivre. Le livre de base contient un sc\u00e9nario d\u2019introduction en Mode Cin\u00e9ma, <em>Le dernier jour de Hope<\/em>.<\/p>\n<p><strong>* Le Mode Campagne <\/strong>est con\u00e7u pour jouer en continu avec la m\u00eame \u00e9quipe de personnages joueurs sur plusieurs s\u00e9ances de jeu, afin d\u2019explorer librement l\u2019univers d\u2019ALIEN dans un environnement en bac \u00e0 sable. Ce livre de r\u00e8gles contient tous les outils qui vous permettront de cr\u00e9er des syst\u00e8mes stellaires, des colonies, des missions, des rencontres et des PNJ pour votre campagne.<\/p>\n","protected":false},"excerpt":{"rendered":"<p>\u00ab\u00a0Je ne vous mentirai pas sur vos chances de survie mais\u2026 vous avez ma sympathie.\u00a0\u00bb L\u2019espace est immense, obscur et<\/p>\n","protected":false},"featured_media":1988,"comment_status":"open","ping_status":"closed","template":"","meta":{"colormag_page_container_layout":"default_layout","colormag_page_sidebar_layout":"default_layout"},"product_brand":[],"product_cat":[35],"product_tag":[],"class_list":{"0":"post-1987","1":"product","2":"type-product","3":"status-publish","4":"has-post-thumbnail","6":"product_cat-jeux-jdr","8":"first","9":"instock","10":"taxable","11":"shipping-taxable","12":"purchasable","13":"product-type-simple"},"yoast_head":"<!-- This site is optimized with the Yoast SEO plugin v27.4 - https:\/\/yoast.com\/product\/yoast-seo-wordpress\/ -->\n<title>Alien - Le Jeu de R\u00f4le - Croc Jeux<\/title>\n<meta name=\"robots\" content=\"index, follow, max-snippet:-1, max-image-preview:large, max-video-preview:-1\" \/>\n<link rel=\"canonical\" href=\"https:\/\/crocjeux.com\/index.php\/produit\/alien-jeu-de-role\/\" \/>\n<meta property=\"og:locale\" content=\"fr_FR\" \/>\n<meta property=\"og:type\" content=\"article\" \/>\n<meta property=\"og:title\" content=\"Alien - Le Jeu de R\u00f4le - Croc Jeux\" \/>\n<meta property=\"og:description\" content=\"\u00ab\u00a0Je ne vous mentirai pas sur vos chances de survie mais\u2026 vous avez ma sympathie.\u00a0\u00bb L\u2019espace est immense, obscur et\" \/>\n<meta property=\"og:url\" content=\"https:\/\/crocjeux.com\/index.php\/produit\/alien-jeu-de-role\/\" \/>\n<meta property=\"og:site_name\" content=\"Croc Jeux\" \/>\n<meta property=\"article:modified_time\" content=\"2023-02-09T15:32:31+00:00\" \/>\n<meta property=\"og:image\" content=\"https:\/\/crocjeux.com\/wp-content\/uploads\/2021\/01\/alien.jpg\" \/>\n\t<meta property=\"og:image:width\" content=\"1280\" \/>\n\t<meta property=\"og:image:height\" content=\"1280\" \/>\n\t<meta property=\"og:image:type\" content=\"image\/jpeg\" \/>\n<meta name=\"twitter:card\" content=\"summary_large_image\" \/>\n<meta name=\"twitter:label1\" content=\"Dur\u00e9e de lecture estim\u00e9e\" \/>\n\t<meta name=\"twitter:data1\" content=\"2 minutes\" \/>\n<script type=\"application\/ld+json\" class=\"yoast-schema-graph\">{\"@context\":\"https:\\\/\\\/schema.org\",\"@graph\":[{\"@type\":\"WebPage\",\"@id\":\"https:\\\/\\\/crocjeux.com\\\/index.php\\\/produit\\\/alien-jeu-de-role\\\/\",\"url\":\"https:\\\/\\\/crocjeux.com\\\/index.php\\\/produit\\\/alien-jeu-de-role\\\/\",\"name\":\"Alien - Le Jeu de R\u00f4le - Croc Jeux\",\"isPartOf\":{\"@id\":\"https:\\\/\\\/crocjeux.com\\\/#website\"},\"primaryImageOfPage\":{\"@id\":\"https:\\\/\\\/crocjeux.com\\\/index.php\\\/produit\\\/alien-jeu-de-role\\\/#primaryimage\"},\"image\":{\"@id\":\"https:\\\/\\\/crocjeux.com\\\/index.php\\\/produit\\\/alien-jeu-de-role\\\/#primaryimage\"},\"thumbnailUrl\":\"https:\\\/\\\/crocjeux.com\\\/wp-content\\\/uploads\\\/2021\\\/01\\\/alien.jpg\",\"datePublished\":\"2021-01-30T16:36:46+00:00\",\"dateModified\":\"2023-02-09T15:32:31+00:00\",\"breadcrumb\":{\"@id\":\"https:\\\/\\\/crocjeux.com\\\/index.php\\\/produit\\\/alien-jeu-de-role\\\/#breadcrumb\"},\"inLanguage\":\"fr-FR\",\"potentialAction\":[{\"@type\":\"ReadAction\",\"target\":[\"https:\\\/\\\/crocjeux.com\\\/index.php\\\/produit\\\/alien-jeu-de-role\\\/\"]}]},{\"@type\":\"ImageObject\",\"inLanguage\":\"fr-FR\",\"@id\":\"https:\\\/\\\/crocjeux.com\\\/index.php\\\/produit\\\/alien-jeu-de-role\\\/#primaryimage\",\"url\":\"https:\\\/\\\/crocjeux.com\\\/wp-content\\\/uploads\\\/2021\\\/01\\\/alien.jpg\",\"contentUrl\":\"https:\\\/\\\/crocjeux.com\\\/wp-content\\\/uploads\\\/2021\\\/01\\\/alien.jpg\",\"width\":1280,\"height\":1280},{\"@type\":\"BreadcrumbList\",\"@id\":\"https:\\\/\\\/crocjeux.com\\\/index.php\\\/produit\\\/alien-jeu-de-role\\\/#breadcrumb\",\"itemListElement\":[{\"@type\":\"ListItem\",\"position\":1,\"name\":\"Accueil\",\"item\":\"https:\\\/\\\/crocjeux.com\\\/\"},{\"@type\":\"ListItem\",\"position\":2,\"name\":\"Boutique\",\"item\":\"https:\\\/\\\/crocjeux.com\\\/\"},{\"@type\":\"ListItem\",\"position\":3,\"name\":\"Alien &#8211; Le Jeu de R\u00f4le\"}]},{\"@type\":\"WebSite\",\"@id\":\"https:\\\/\\\/crocjeux.com\\\/#website\",\"url\":\"https:\\\/\\\/crocjeux.com\\\/\",\"name\":\"Croc Jeux\",\"description\":\"Bienvenue chez Croc Jeux!\",\"publisher\":{\"@id\":\"https:\\\/\\\/crocjeux.com\\\/#organization\"},\"potentialAction\":[{\"@type\":\"SearchAction\",\"target\":{\"@type\":\"EntryPoint\",\"urlTemplate\":\"https:\\\/\\\/crocjeux.com\\\/?s={search_term_string}\"},\"query-input\":{\"@type\":\"PropertyValueSpecification\",\"valueRequired\":true,\"valueName\":\"search_term_string\"}}],\"inLanguage\":\"fr-FR\"},{\"@type\":\"Organization\",\"@id\":\"https:\\\/\\\/crocjeux.com\\\/#organization\",\"name\":\"Croc Jeux\",\"url\":\"https:\\\/\\\/crocjeux.com\\\/\",\"logo\":{\"@type\":\"ImageObject\",\"inLanguage\":\"fr-FR\",\"@id\":\"https:\\\/\\\/crocjeux.com\\\/#\\\/schema\\\/logo\\\/image\\\/\",\"url\":\"https:\\\/\\\/crocjeux.com\\\/wp-content\\\/uploads\\\/2022\\\/01\\\/cropped-logo-croc-etape-1-e1644574034239.jpg\",\"contentUrl\":\"https:\\\/\\\/crocjeux.com\\\/wp-content\\\/uploads\\\/2022\\\/01\\\/cropped-logo-croc-etape-1-e1644574034239.jpg\",\"width\":1224,\"height\":314,\"caption\":\"Croc Jeux\"},\"image\":{\"@id\":\"https:\\\/\\\/crocjeux.com\\\/#\\\/schema\\\/logo\\\/image\\\/\"}}]}<\/script>\n<!-- \/ Yoast SEO plugin. -->","yoast_head_json":{"title":"Alien - Le Jeu de R\u00f4le - Croc Jeux","robots":{"index":"index","follow":"follow","max-snippet":"max-snippet:-1","max-image-preview":"max-image-preview:large","max-video-preview":"max-video-preview:-1"},"canonical":"https:\/\/crocjeux.com\/index.php\/produit\/alien-jeu-de-role\/","og_locale":"fr_FR","og_type":"article","og_title":"Alien - Le Jeu de R\u00f4le - Croc Jeux","og_description":"\u00ab\u00a0Je ne vous mentirai pas sur vos chances de survie mais\u2026 vous avez ma sympathie.\u00a0\u00bb L\u2019espace est immense, obscur et","og_url":"https:\/\/crocjeux.com\/index.php\/produit\/alien-jeu-de-role\/","og_site_name":"Croc Jeux","article_modified_time":"2023-02-09T15:32:31+00:00","og_image":[{"width":1280,"height":1280,"url":"https:\/\/crocjeux.com\/wp-content\/uploads\/2021\/01\/alien.jpg","type":"image\/jpeg"}],"twitter_card":"summary_large_image","twitter_misc":{"Dur\u00e9e de lecture estim\u00e9e":"2 minutes"},"schema":{"@context":"https:\/\/schema.org","@graph":[{"@type":"WebPage","@id":"https:\/\/crocjeux.com\/index.php\/produit\/alien-jeu-de-role\/","url":"https:\/\/crocjeux.com\/index.php\/produit\/alien-jeu-de-role\/","name":"Alien - Le Jeu de R\u00f4le - Croc Jeux","isPartOf":{"@id":"https:\/\/crocjeux.com\/#website"},"primaryImageOfPage":{"@id":"https:\/\/crocjeux.com\/index.php\/produit\/alien-jeu-de-role\/#primaryimage"},"image":{"@id":"https:\/\/crocjeux.com\/index.php\/produit\/alien-jeu-de-role\/#primaryimage"},"thumbnailUrl":"https:\/\/crocjeux.com\/wp-content\/uploads\/2021\/01\/alien.jpg","datePublished":"2021-01-30T16:36:46+00:00","dateModified":"2023-02-09T15:32:31+00:00","breadcrumb":{"@id":"https:\/\/crocjeux.com\/index.php\/produit\/alien-jeu-de-role\/#breadcrumb"},"inLanguage":"fr-FR","potentialAction":[{"@type":"ReadAction","target":["https:\/\/crocjeux.com\/index.php\/produit\/alien-jeu-de-role\/"]}]},{"@type":"ImageObject","inLanguage":"fr-FR","@id":"https:\/\/crocjeux.com\/index.php\/produit\/alien-jeu-de-role\/#primaryimage","url":"https:\/\/crocjeux.com\/wp-content\/uploads\/2021\/01\/alien.jpg","contentUrl":"https:\/\/crocjeux.com\/wp-content\/uploads\/2021\/01\/alien.jpg","width":1280,"height":1280},{"@type":"BreadcrumbList","@id":"https:\/\/crocjeux.com\/index.php\/produit\/alien-jeu-de-role\/#breadcrumb","itemListElement":[{"@type":"ListItem","position":1,"name":"Accueil","item":"https:\/\/crocjeux.com\/"},{"@type":"ListItem","position":2,"name":"Boutique","item":"https:\/\/crocjeux.com\/"},{"@type":"ListItem","position":3,"name":"Alien &#8211; Le Jeu de R\u00f4le"}]},{"@type":"WebSite","@id":"https:\/\/crocjeux.com\/#website","url":"https:\/\/crocjeux.com\/","name":"Croc Jeux","description":"Bienvenue chez Croc Jeux!","publisher":{"@id":"https:\/\/crocjeux.com\/#organization"},"potentialAction":[{"@type":"SearchAction","target":{"@type":"EntryPoint","urlTemplate":"https:\/\/crocjeux.com\/?s={search_term_string}"},"query-input":{"@type":"PropertyValueSpecification","valueRequired":true,"valueName":"search_term_string"}}],"inLanguage":"fr-FR"},{"@type":"Organization","@id":"https:\/\/crocjeux.com\/#organization","name":"Croc Jeux","url":"https:\/\/crocjeux.com\/","logo":{"@type":"ImageObject","inLanguage":"fr-FR","@id":"https:\/\/crocjeux.com\/#\/schema\/logo\/image\/","url":"https:\/\/crocjeux.com\/wp-content\/uploads\/2022\/01\/cropped-logo-croc-etape-1-e1644574034239.jpg","contentUrl":"https:\/\/crocjeux.com\/wp-content\/uploads\/2022\/01\/cropped-logo-croc-etape-1-e1644574034239.jpg","width":1224,"height":314,"caption":"Croc Jeux"},"image":{"@id":"https:\/\/crocjeux.com\/#\/schema\/logo\/image\/"}}]}},"_links":{"self":[{"href":"https:\/\/crocjeux.com\/index.php\/wp-json\/wp\/v2\/product\/1987","targetHints":{"allow":["GET"]}}],"collection":[{"href":"https:\/\/crocjeux.com\/index.php\/wp-json\/wp\/v2\/product"}],"about":[{"href":"https:\/\/crocjeux.com\/index.php\/wp-json\/wp\/v2\/types\/product"}],"replies":[{"embeddable":true,"href":"https:\/\/crocjeux.com\/index.php\/wp-json\/wp\/v2\/comments?post=1987"}],"wp:featuredmedia":[{"embeddable":true,"href":"https:\/\/crocjeux.com\/index.php\/wp-json\/wp\/v2\/media\/1988"}],"wp:attachment":[{"href":"https:\/\/crocjeux.com\/index.php\/wp-json\/wp\/v2\/media?parent=1987"}],"wp:term":[{"taxonomy":"product_brand","embeddable":true,"href":"https:\/\/crocjeux.com\/index.php\/wp-json\/wp\/v2\/product_brand?post=1987"},{"taxonomy":"product_cat","embeddable":true,"href":"https:\/\/crocjeux.com\/index.php\/wp-json\/wp\/v2\/product_cat?post=1987"},{"taxonomy":"product_tag","embeddable":true,"href":"https:\/\/crocjeux.com\/index.php\/wp-json\/wp\/v2\/product_tag?post=1987"}],"curies":[{"name":"wp","href":"https:\/\/api.w.org\/{rel}","templated":true}]}}