{"id":2068,"date":"2021-02-08T23:35:18","date_gmt":"2021-02-08T22:35:18","guid":{"rendered":"https:\/\/crocjeux.com\/?post_type=product&#038;p=2068"},"modified":"2023-01-31T11:19:56","modified_gmt":"2023-01-31T10:19:56","slug":"les-aventuriers-du-rail-londres","status":"publish","type":"product","link":"https:\/\/crocjeux.com\/index.php\/produit\/les-aventuriers-du-rail-londres\/","title":{"rendered":"Les Aventuriers du Rail &#8211; Londres"},"content":{"rendered":"<h2>Nouvelle bo\u00eete, nouveau d\u00e9cor, nouvelle \u00e9poque !<\/h2>\n<p>Bienvenue \u00e0 Londres, capitale mondiale de la musique et de la mode des ann\u00e9es 70. Parcourez les rues historiques de la ville \u00e0 bord de ses c\u00e9l\u00e8bres bus \u00e0 imp\u00e9riale, savourez le point de vue sur Buckingham Palace, allez visiter le British Museum ou \u00e9couter le carillon de Big Ben sur les bords de la Tamise\u2026<\/p>\n<p>Dans cette version compacte et rapide des Aventuriers du Rail, les joueurs se disputent le contr\u00f4le des lignes de Bus londoniennes afin de compl\u00e9ter leurs cartes Destination et connecter les diff\u00e9rents Districts de la capitale britannique. Les Aventuriers du Rail est un syst\u00e8me de jeu simple et \u00e9l\u00e9gant qui pla\u00eet aussi bien aux d\u00e9butants qu\u2019aux joueurs exp\u00e9riment\u00e9s. Le plateau est un peu plus a\u00e9r\u00e9 et le nouveau bonus vous fera h\u00e9siter entre reprendre des cartes\u00a0Destination\u00a0ou \u00e9tendre votre r\u00e9seau.<\/p>\n","protected":false},"excerpt":{"rendered":"<p>Bienvenue \u00e0 Londres, capitale mondiale de la musique et de la mode des ann\u00e9es 70. Parcourez les rues historiques de la ville \u00e0 bord de ses c\u00e9l\u00e8bres bus \u00e0 imp\u00e9riale.<\/p>\n","protected":false},"featured_media":2069,"comment_status":"open","ping_status":"closed","template":"","meta":{"colormag_page_container_layout":"default_layout","colormag_page_sidebar_layout":"default_layout"},"product_brand":[],"product_cat":[67,69,91,92],"product_tag":[],"class_list":{"0":"post-2068","1":"product","2":"type-product","3":"status-publish","4":"has-post-thumbnail","6":"product_cat-aventuriers-du-rail-ne-ratez-pas","7":"product_cat-aventuriers-du-rail-jouez-a-deux","8":"product_cat-aventuriers-du-rail-jeux-strategie","9":"product_cat-aventuriers-du-rail-jeux-familliaux","11":"first","12":"instock","13":"taxable","14":"shipping-taxable","15":"purchasable","16":"product-type-simple"},"yoast_head":"<!-- This site is optimized with the Yoast SEO plugin v27.3 - https:\/\/yoast.com\/product\/yoast-seo-wordpress\/ -->\n<title>Les Aventuriers du Rail - Londres - Croc Jeux<\/title>\n<meta name=\"robots\" content=\"index, follow, max-snippet:-1, max-image-preview:large, max-video-preview:-1\" \/>\n<link rel=\"canonical\" href=\"https:\/\/crocjeux.com\/index.php\/produit\/les-aventuriers-du-rail-londres\/\" \/>\n<meta property=\"og:locale\" content=\"fr_FR\" \/>\n<meta property=\"og:type\" content=\"article\" \/>\n<meta property=\"og:title\" content=\"Les Aventuriers du Rail - Londres - Croc Jeux\" \/>\n<meta property=\"og:description\" content=\"Bienvenue \u00e0 Londres, capitale mondiale de la musique et de la mode des ann\u00e9es 70. Parcourez les rues historiques de la ville \u00e0 bord de ses c\u00e9l\u00e8bres bus \u00e0 imp\u00e9riale.\" \/>\n<meta property=\"og:url\" content=\"https:\/\/crocjeux.com\/index.php\/produit\/les-aventuriers-du-rail-londres\/\" \/>\n<meta property=\"og:site_name\" content=\"Croc Jeux\" \/>\n<meta property=\"article:modified_time\" content=\"2023-01-31T10:19:56+00:00\" \/>\n<meta property=\"og:image\" content=\"https:\/\/crocjeux.com\/wp-content\/uploads\/2021\/02\/les-aventuriers-du-rail-londres.jpg\" \/>\n\t<meta property=\"og:image:width\" content=\"372\" \/>\n\t<meta property=\"og:image:height\" content=\"372\" \/>\n\t<meta property=\"og:image:type\" content=\"image\/jpeg\" \/>\n<meta name=\"twitter:card\" content=\"summary_large_image\" \/>\n<meta name=\"twitter:label1\" content=\"Dur\u00e9e de lecture estim\u00e9e\" \/>\n\t<meta name=\"twitter:data1\" content=\"1 minute\" \/>\n<script type=\"application\/ld+json\" class=\"yoast-schema-graph\">{\"@context\":\"https:\\\/\\\/schema.org\",\"@graph\":[{\"@type\":\"WebPage\",\"@id\":\"https:\\\/\\\/crocjeux.com\\\/index.php\\\/produit\\\/les-aventuriers-du-rail-londres\\\/\",\"url\":\"https:\\\/\\\/crocjeux.com\\\/index.php\\\/produit\\\/les-aventuriers-du-rail-londres\\\/\",\"name\":\"Les Aventuriers du Rail - Londres - Croc Jeux\",\"isPartOf\":{\"@id\":\"https:\\\/\\\/crocjeux.com\\\/#website\"},\"primaryImageOfPage\":{\"@id\":\"https:\\\/\\\/crocjeux.com\\\/index.php\\\/produit\\\/les-aventuriers-du-rail-londres\\\/#primaryimage\"},\"image\":{\"@id\":\"https:\\\/\\\/crocjeux.com\\\/index.php\\\/produit\\\/les-aventuriers-du-rail-londres\\\/#primaryimage\"},\"thumbnailUrl\":\"https:\\\/\\\/crocjeux.com\\\/wp-content\\\/uploads\\\/2021\\\/02\\\/les-aventuriers-du-rail-londres.jpg\",\"datePublished\":\"2021-02-08T22:35:18+00:00\",\"dateModified\":\"2023-01-31T10:19:56+00:00\",\"breadcrumb\":{\"@id\":\"https:\\\/\\\/crocjeux.com\\\/index.php\\\/produit\\\/les-aventuriers-du-rail-londres\\\/#breadcrumb\"},\"inLanguage\":\"fr-FR\",\"potentialAction\":[{\"@type\":\"ReadAction\",\"target\":[\"https:\\\/\\\/crocjeux.com\\\/index.php\\\/produit\\\/les-aventuriers-du-rail-londres\\\/\"]}]},{\"@type\":\"ImageObject\",\"inLanguage\":\"fr-FR\",\"@id\":\"https:\\\/\\\/crocjeux.com\\\/index.php\\\/produit\\\/les-aventuriers-du-rail-londres\\\/#primaryimage\",\"url\":\"https:\\\/\\\/crocjeux.com\\\/wp-content\\\/uploads\\\/2021\\\/02\\\/les-aventuriers-du-rail-londres.jpg\",\"contentUrl\":\"https:\\\/\\\/crocjeux.com\\\/wp-content\\\/uploads\\\/2021\\\/02\\\/les-aventuriers-du-rail-londres.jpg\",\"width\":372,\"height\":372},{\"@type\":\"BreadcrumbList\",\"@id\":\"https:\\\/\\\/crocjeux.com\\\/index.php\\\/produit\\\/les-aventuriers-du-rail-londres\\\/#breadcrumb\",\"itemListElement\":[{\"@type\":\"ListItem\",\"position\":1,\"name\":\"Accueil\",\"item\":\"https:\\\/\\\/crocjeux.com\\\/\"},{\"@type\":\"ListItem\",\"position\":2,\"name\":\"Boutique\",\"item\":\"https:\\\/\\\/crocjeux.com\\\/\"},{\"@type\":\"ListItem\",\"position\":3,\"name\":\"Les Aventuriers du Rail &#8211; Londres\"}]},{\"@type\":\"WebSite\",\"@id\":\"https:\\\/\\\/crocjeux.com\\\/#website\",\"url\":\"https:\\\/\\\/crocjeux.com\\\/\",\"name\":\"Croc Jeux\",\"description\":\"Bienvenue chez Croc Jeux!\",\"publisher\":{\"@id\":\"https:\\\/\\\/crocjeux.com\\\/#organization\"},\"potentialAction\":[{\"@type\":\"SearchAction\",\"target\":{\"@type\":\"EntryPoint\",\"urlTemplate\":\"https:\\\/\\\/crocjeux.com\\\/?s={search_term_string}\"},\"query-input\":{\"@type\":\"PropertyValueSpecification\",\"valueRequired\":true,\"valueName\":\"search_term_string\"}}],\"inLanguage\":\"fr-FR\"},{\"@type\":\"Organization\",\"@id\":\"https:\\\/\\\/crocjeux.com\\\/#organization\",\"name\":\"Croc Jeux\",\"url\":\"https:\\\/\\\/crocjeux.com\\\/\",\"logo\":{\"@type\":\"ImageObject\",\"inLanguage\":\"fr-FR\",\"@id\":\"https:\\\/\\\/crocjeux.com\\\/#\\\/schema\\\/logo\\\/image\\\/\",\"url\":\"https:\\\/\\\/crocjeux.com\\\/wp-content\\\/uploads\\\/2022\\\/01\\\/cropped-logo-croc-etape-1-e1644574034239.jpg\",\"contentUrl\":\"https:\\\/\\\/crocjeux.com\\\/wp-content\\\/uploads\\\/2022\\\/01\\\/cropped-logo-croc-etape-1-e1644574034239.jpg\",\"width\":1224,\"height\":314,\"caption\":\"Croc Jeux\"},\"image\":{\"@id\":\"https:\\\/\\\/crocjeux.com\\\/#\\\/schema\\\/logo\\\/image\\\/\"}}]}<\/script>\n<!-- \/ Yoast SEO plugin. -->","yoast_head_json":{"title":"Les Aventuriers du Rail - Londres - Croc Jeux","robots":{"index":"index","follow":"follow","max-snippet":"max-snippet:-1","max-image-preview":"max-image-preview:large","max-video-preview":"max-video-preview:-1"},"canonical":"https:\/\/crocjeux.com\/index.php\/produit\/les-aventuriers-du-rail-londres\/","og_locale":"fr_FR","og_type":"article","og_title":"Les Aventuriers du Rail - Londres - Croc Jeux","og_description":"Bienvenue \u00e0 Londres, capitale mondiale de la musique et de la mode des ann\u00e9es 70. Parcourez les rues historiques de la ville \u00e0 bord de ses c\u00e9l\u00e8bres bus \u00e0 imp\u00e9riale.","og_url":"https:\/\/crocjeux.com\/index.php\/produit\/les-aventuriers-du-rail-londres\/","og_site_name":"Croc Jeux","article_modified_time":"2023-01-31T10:19:56+00:00","og_image":[{"width":372,"height":372,"url":"https:\/\/crocjeux.com\/wp-content\/uploads\/2021\/02\/les-aventuriers-du-rail-londres.jpg","type":"image\/jpeg"}],"twitter_card":"summary_large_image","twitter_misc":{"Dur\u00e9e de lecture estim\u00e9e":"1 minute"},"schema":{"@context":"https:\/\/schema.org","@graph":[{"@type":"WebPage","@id":"https:\/\/crocjeux.com\/index.php\/produit\/les-aventuriers-du-rail-londres\/","url":"https:\/\/crocjeux.com\/index.php\/produit\/les-aventuriers-du-rail-londres\/","name":"Les Aventuriers du Rail - Londres - Croc Jeux","isPartOf":{"@id":"https:\/\/crocjeux.com\/#website"},"primaryImageOfPage":{"@id":"https:\/\/crocjeux.com\/index.php\/produit\/les-aventuriers-du-rail-londres\/#primaryimage"},"image":{"@id":"https:\/\/crocjeux.com\/index.php\/produit\/les-aventuriers-du-rail-londres\/#primaryimage"},"thumbnailUrl":"https:\/\/crocjeux.com\/wp-content\/uploads\/2021\/02\/les-aventuriers-du-rail-londres.jpg","datePublished":"2021-02-08T22:35:18+00:00","dateModified":"2023-01-31T10:19:56+00:00","breadcrumb":{"@id":"https:\/\/crocjeux.com\/index.php\/produit\/les-aventuriers-du-rail-londres\/#breadcrumb"},"inLanguage":"fr-FR","potentialAction":[{"@type":"ReadAction","target":["https:\/\/crocjeux.com\/index.php\/produit\/les-aventuriers-du-rail-londres\/"]}]},{"@type":"ImageObject","inLanguage":"fr-FR","@id":"https:\/\/crocjeux.com\/index.php\/produit\/les-aventuriers-du-rail-londres\/#primaryimage","url":"https:\/\/crocjeux.com\/wp-content\/uploads\/2021\/02\/les-aventuriers-du-rail-londres.jpg","contentUrl":"https:\/\/crocjeux.com\/wp-content\/uploads\/2021\/02\/les-aventuriers-du-rail-londres.jpg","width":372,"height":372},{"@type":"BreadcrumbList","@id":"https:\/\/crocjeux.com\/index.php\/produit\/les-aventuriers-du-rail-londres\/#breadcrumb","itemListElement":[{"@type":"ListItem","position":1,"name":"Accueil","item":"https:\/\/crocjeux.com\/"},{"@type":"ListItem","position":2,"name":"Boutique","item":"https:\/\/crocjeux.com\/"},{"@type":"ListItem","position":3,"name":"Les Aventuriers du Rail &#8211; Londres"}]},{"@type":"WebSite","@id":"https:\/\/crocjeux.com\/#website","url":"https:\/\/crocjeux.com\/","name":"Croc Jeux","description":"Bienvenue chez Croc Jeux!","publisher":{"@id":"https:\/\/crocjeux.com\/#organization"},"potentialAction":[{"@type":"SearchAction","target":{"@type":"EntryPoint","urlTemplate":"https:\/\/crocjeux.com\/?s={search_term_string}"},"query-input":{"@type":"PropertyValueSpecification","valueRequired":true,"valueName":"search_term_string"}}],"inLanguage":"fr-FR"},{"@type":"Organization","@id":"https:\/\/crocjeux.com\/#organization","name":"Croc Jeux","url":"https:\/\/crocjeux.com\/","logo":{"@type":"ImageObject","inLanguage":"fr-FR","@id":"https:\/\/crocjeux.com\/#\/schema\/logo\/image\/","url":"https:\/\/crocjeux.com\/wp-content\/uploads\/2022\/01\/cropped-logo-croc-etape-1-e1644574034239.jpg","contentUrl":"https:\/\/crocjeux.com\/wp-content\/uploads\/2022\/01\/cropped-logo-croc-etape-1-e1644574034239.jpg","width":1224,"height":314,"caption":"Croc Jeux"},"image":{"@id":"https:\/\/crocjeux.com\/#\/schema\/logo\/image\/"}}]}},"_links":{"self":[{"href":"https:\/\/crocjeux.com\/index.php\/wp-json\/wp\/v2\/product\/2068","targetHints":{"allow":["GET"]}}],"collection":[{"href":"https:\/\/crocjeux.com\/index.php\/wp-json\/wp\/v2\/product"}],"about":[{"href":"https:\/\/crocjeux.com\/index.php\/wp-json\/wp\/v2\/types\/product"}],"replies":[{"embeddable":true,"href":"https:\/\/crocjeux.com\/index.php\/wp-json\/wp\/v2\/comments?post=2068"}],"wp:featuredmedia":[{"embeddable":true,"href":"https:\/\/crocjeux.com\/index.php\/wp-json\/wp\/v2\/media\/2069"}],"wp:attachment":[{"href":"https:\/\/crocjeux.com\/index.php\/wp-json\/wp\/v2\/media?parent=2068"}],"wp:term":[{"taxonomy":"product_brand","embeddable":true,"href":"https:\/\/crocjeux.com\/index.php\/wp-json\/wp\/v2\/product_brand?post=2068"},{"taxonomy":"product_cat","embeddable":true,"href":"https:\/\/crocjeux.com\/index.php\/wp-json\/wp\/v2\/product_cat?post=2068"},{"taxonomy":"product_tag","embeddable":true,"href":"https:\/\/crocjeux.com\/index.php\/wp-json\/wp\/v2\/product_tag?post=2068"}],"curies":[{"name":"wp","href":"https:\/\/api.w.org\/{rel}","templated":true}]}}