{"id":207,"date":"2020-10-30T10:52:16","date_gmt":"2020-10-30T09:52:16","guid":{"rendered":"https:\/\/crocjeux.com\/?post_type=product&#038;p=207"},"modified":"2022-03-10T12:19:55","modified_gmt":"2022-03-10T11:19:55","slug":"carcassonne","status":"publish","type":"product","link":"https:\/\/crocjeux.com\/index.php\/produit\/carcassonne\/","title":{"rendered":"Carcassonne"},"content":{"rendered":"<section id=\"tab-description\" class=\"page-product-box r-tabs-panel r-tabs-state-active\">\n<div class=\"rte\">\n<h2>Carcassonne, un jeu \u00e0 l\u2019atmosph\u00e8re m\u00e9di\u00e9vale<\/h2>\n<p>Replongez dans l\u2019ambiance du Moyen-\u00c2ge du Sud de la France en partant \u00e0 l\u2019assaut de ses terres, chemins et villes. D\u00e9veloppez la meilleure strat\u00e9gie pour affirmer votre pouvoir. D\u00e9jouez les plans de vos adversaires et triomphez en contr\u00f4lant le plus de territoires.<\/p>\n<p>&nbsp;<\/p>\n<h2>Carcassonne, un jeu accessible et strat\u00e9gique<\/h2>\n<p>D\u2019une dur\u00e9e comprise entre 30 minutes et 1h, Carcassonne s\u2019appuie sur la m\u00e9canique des dominos. Une partie se d\u00e9roule autour d\u2019un plateau sur lequel chaque joueur pose des tuiles repr\u00e9sentant par exemple des villages, des \u00e9glises, des routes ou des champs. Construisez un paysage et placez vos pions en suivant votre strat\u00e9gie. Vous obtiendrez des points en fonction de la longueur des routes, de la grandeur des bourgs ou des champs que vous contr\u00f4lerez.<\/p>\n<p>Lorsque toutes les tuiles ont \u00e9t\u00e9 jou\u00e9es, le jeu est termin\u00e9. Le paysage ainsi constitu\u00e9 reste fig\u00e9 et le d\u00e9compte des points peut s\u2019effectuer.<\/p>\n<p>Le joueur avec le plus grand nombre de points remporte la partie.<\/p>\n<\/div>\n<\/section>\n","protected":false},"excerpt":{"rendered":"<div id=\"short_description_block\">\n<div id=\"short_description_content\" class=\"rte align_justify hide-smartphone\">Retournez \u00e0 l\u2019\u00e9poque m\u00e9di\u00e9vale avec Carcassonne. Construisez un paysage \u00e0 l\u2019aide de tuiles, puis tentez de contr\u00f4ler un maximum de territoires. un jeu o\u00f9 la strat\u00e9gie s&rsquo;allie \u00e0 la simplicit\u00e9.<\/div>\n<\/div>\n","protected":false},"featured_media":208,"comment_status":"open","ping_status":"closed","template":"","meta":{"colormag_page_container_layout":"default_layout","colormag_page_sidebar_layout":"default_layout"},"product_brand":[],"product_cat":[18,38,29],"product_tag":[],"class_list":{"0":"post-207","1":"product","2":"type-product","3":"status-publish","4":"has-post-thumbnail","6":"product_cat-jeux-de-strategie","7":"product_cat-jeux-experts","8":"product_cat-jeux-2-joueurs","10":"first","11":"instock","12":"taxable","13":"shipping-taxable","14":"purchasable","15":"product-type-simple"},"yoast_head":"<!-- This site is optimized with the Yoast SEO plugin v27.4 - https:\/\/yoast.com\/product\/yoast-seo-wordpress\/ -->\n<title>Carcassonne - Croc Jeux<\/title>\n<meta name=\"robots\" content=\"index, follow, max-snippet:-1, max-image-preview:large, max-video-preview:-1\" \/>\n<link rel=\"canonical\" href=\"https:\/\/crocjeux.com\/index.php\/produit\/carcassonne\/\" \/>\n<meta property=\"og:locale\" content=\"fr_FR\" \/>\n<meta property=\"og:type\" content=\"article\" \/>\n<meta property=\"og:title\" content=\"Carcassonne - Croc Jeux\" \/>\n<meta property=\"og:description\" content=\"Retournez \u00e0 l\u2019\u00e9poque m\u00e9di\u00e9vale avec Carcassonne. Construisez un paysage \u00e0 l\u2019aide de tuiles, puis tentez de contr\u00f4ler un maximum de territoires. un jeu o\u00f9 la strat\u00e9gie s&#039;allie \u00e0 la simplicit\u00e9.\" \/>\n<meta property=\"og:url\" content=\"https:\/\/crocjeux.com\/index.php\/produit\/carcassonne\/\" \/>\n<meta property=\"og:site_name\" content=\"Croc Jeux\" \/>\n<meta property=\"article:modified_time\" content=\"2022-03-10T11:19:55+00:00\" \/>\n<meta property=\"og:image\" content=\"https:\/\/crocjeux.com\/wp-content\/uploads\/2020\/10\/carcassonne.png\" \/>\n\t<meta property=\"og:image:width\" content=\"291\" \/>\n\t<meta property=\"og:image:height\" content=\"385\" \/>\n\t<meta property=\"og:image:type\" content=\"image\/png\" \/>\n<meta name=\"twitter:card\" content=\"summary_large_image\" \/>\n<meta name=\"twitter:label1\" content=\"Dur\u00e9e de lecture estim\u00e9e\" \/>\n\t<meta name=\"twitter:data1\" content=\"1 minute\" \/>\n<script type=\"application\/ld+json\" class=\"yoast-schema-graph\">{\"@context\":\"https:\\\/\\\/schema.org\",\"@graph\":[{\"@type\":\"WebPage\",\"@id\":\"https:\\\/\\\/crocjeux.com\\\/index.php\\\/produit\\\/carcassonne\\\/\",\"url\":\"https:\\\/\\\/crocjeux.com\\\/index.php\\\/produit\\\/carcassonne\\\/\",\"name\":\"Carcassonne - Croc Jeux\",\"isPartOf\":{\"@id\":\"https:\\\/\\\/crocjeux.com\\\/#website\"},\"primaryImageOfPage\":{\"@id\":\"https:\\\/\\\/crocjeux.com\\\/index.php\\\/produit\\\/carcassonne\\\/#primaryimage\"},\"image\":{\"@id\":\"https:\\\/\\\/crocjeux.com\\\/index.php\\\/produit\\\/carcassonne\\\/#primaryimage\"},\"thumbnailUrl\":\"https:\\\/\\\/crocjeux.com\\\/wp-content\\\/uploads\\\/2020\\\/10\\\/carcassonne.png\",\"datePublished\":\"2020-10-30T09:52:16+00:00\",\"dateModified\":\"2022-03-10T11:19:55+00:00\",\"breadcrumb\":{\"@id\":\"https:\\\/\\\/crocjeux.com\\\/index.php\\\/produit\\\/carcassonne\\\/#breadcrumb\"},\"inLanguage\":\"fr-FR\",\"potentialAction\":[{\"@type\":\"ReadAction\",\"target\":[\"https:\\\/\\\/crocjeux.com\\\/index.php\\\/produit\\\/carcassonne\\\/\"]}]},{\"@type\":\"ImageObject\",\"inLanguage\":\"fr-FR\",\"@id\":\"https:\\\/\\\/crocjeux.com\\\/index.php\\\/produit\\\/carcassonne\\\/#primaryimage\",\"url\":\"https:\\\/\\\/crocjeux.com\\\/wp-content\\\/uploads\\\/2020\\\/10\\\/carcassonne.png\",\"contentUrl\":\"https:\\\/\\\/crocjeux.com\\\/wp-content\\\/uploads\\\/2020\\\/10\\\/carcassonne.png\",\"width\":291,\"height\":385},{\"@type\":\"BreadcrumbList\",\"@id\":\"https:\\\/\\\/crocjeux.com\\\/index.php\\\/produit\\\/carcassonne\\\/#breadcrumb\",\"itemListElement\":[{\"@type\":\"ListItem\",\"position\":1,\"name\":\"Accueil\",\"item\":\"https:\\\/\\\/crocjeux.com\\\/\"},{\"@type\":\"ListItem\",\"position\":2,\"name\":\"Boutique\",\"item\":\"https:\\\/\\\/crocjeux.com\\\/\"},{\"@type\":\"ListItem\",\"position\":3,\"name\":\"Carcassonne\"}]},{\"@type\":\"WebSite\",\"@id\":\"https:\\\/\\\/crocjeux.com\\\/#website\",\"url\":\"https:\\\/\\\/crocjeux.com\\\/\",\"name\":\"Croc Jeux\",\"description\":\"Bienvenue chez Croc Jeux!\",\"publisher\":{\"@id\":\"https:\\\/\\\/crocjeux.com\\\/#organization\"},\"potentialAction\":[{\"@type\":\"SearchAction\",\"target\":{\"@type\":\"EntryPoint\",\"urlTemplate\":\"https:\\\/\\\/crocjeux.com\\\/?s={search_term_string}\"},\"query-input\":{\"@type\":\"PropertyValueSpecification\",\"valueRequired\":true,\"valueName\":\"search_term_string\"}}],\"inLanguage\":\"fr-FR\"},{\"@type\":\"Organization\",\"@id\":\"https:\\\/\\\/crocjeux.com\\\/#organization\",\"name\":\"Croc Jeux\",\"url\":\"https:\\\/\\\/crocjeux.com\\\/\",\"logo\":{\"@type\":\"ImageObject\",\"inLanguage\":\"fr-FR\",\"@id\":\"https:\\\/\\\/crocjeux.com\\\/#\\\/schema\\\/logo\\\/image\\\/\",\"url\":\"https:\\\/\\\/crocjeux.com\\\/wp-content\\\/uploads\\\/2022\\\/01\\\/cropped-logo-croc-etape-1-e1644574034239.jpg\",\"contentUrl\":\"https:\\\/\\\/crocjeux.com\\\/wp-content\\\/uploads\\\/2022\\\/01\\\/cropped-logo-croc-etape-1-e1644574034239.jpg\",\"width\":1224,\"height\":314,\"caption\":\"Croc Jeux\"},\"image\":{\"@id\":\"https:\\\/\\\/crocjeux.com\\\/#\\\/schema\\\/logo\\\/image\\\/\"}}]}<\/script>\n<!-- \/ Yoast SEO plugin. -->","yoast_head_json":{"title":"Carcassonne - Croc Jeux","robots":{"index":"index","follow":"follow","max-snippet":"max-snippet:-1","max-image-preview":"max-image-preview:large","max-video-preview":"max-video-preview:-1"},"canonical":"https:\/\/crocjeux.com\/index.php\/produit\/carcassonne\/","og_locale":"fr_FR","og_type":"article","og_title":"Carcassonne - Croc Jeux","og_description":"Retournez \u00e0 l\u2019\u00e9poque m\u00e9di\u00e9vale avec Carcassonne. Construisez un paysage \u00e0 l\u2019aide de tuiles, puis tentez de contr\u00f4ler un maximum de territoires. un jeu o\u00f9 la strat\u00e9gie s'allie \u00e0 la simplicit\u00e9.","og_url":"https:\/\/crocjeux.com\/index.php\/produit\/carcassonne\/","og_site_name":"Croc Jeux","article_modified_time":"2022-03-10T11:19:55+00:00","og_image":[{"width":291,"height":385,"url":"https:\/\/crocjeux.com\/wp-content\/uploads\/2020\/10\/carcassonne.png","type":"image\/png"}],"twitter_card":"summary_large_image","twitter_misc":{"Dur\u00e9e de lecture estim\u00e9e":"1 minute"},"schema":{"@context":"https:\/\/schema.org","@graph":[{"@type":"WebPage","@id":"https:\/\/crocjeux.com\/index.php\/produit\/carcassonne\/","url":"https:\/\/crocjeux.com\/index.php\/produit\/carcassonne\/","name":"Carcassonne - Croc Jeux","isPartOf":{"@id":"https:\/\/crocjeux.com\/#website"},"primaryImageOfPage":{"@id":"https:\/\/crocjeux.com\/index.php\/produit\/carcassonne\/#primaryimage"},"image":{"@id":"https:\/\/crocjeux.com\/index.php\/produit\/carcassonne\/#primaryimage"},"thumbnailUrl":"https:\/\/crocjeux.com\/wp-content\/uploads\/2020\/10\/carcassonne.png","datePublished":"2020-10-30T09:52:16+00:00","dateModified":"2022-03-10T11:19:55+00:00","breadcrumb":{"@id":"https:\/\/crocjeux.com\/index.php\/produit\/carcassonne\/#breadcrumb"},"inLanguage":"fr-FR","potentialAction":[{"@type":"ReadAction","target":["https:\/\/crocjeux.com\/index.php\/produit\/carcassonne\/"]}]},{"@type":"ImageObject","inLanguage":"fr-FR","@id":"https:\/\/crocjeux.com\/index.php\/produit\/carcassonne\/#primaryimage","url":"https:\/\/crocjeux.com\/wp-content\/uploads\/2020\/10\/carcassonne.png","contentUrl":"https:\/\/crocjeux.com\/wp-content\/uploads\/2020\/10\/carcassonne.png","width":291,"height":385},{"@type":"BreadcrumbList","@id":"https:\/\/crocjeux.com\/index.php\/produit\/carcassonne\/#breadcrumb","itemListElement":[{"@type":"ListItem","position":1,"name":"Accueil","item":"https:\/\/crocjeux.com\/"},{"@type":"ListItem","position":2,"name":"Boutique","item":"https:\/\/crocjeux.com\/"},{"@type":"ListItem","position":3,"name":"Carcassonne"}]},{"@type":"WebSite","@id":"https:\/\/crocjeux.com\/#website","url":"https:\/\/crocjeux.com\/","name":"Croc Jeux","description":"Bienvenue chez Croc Jeux!","publisher":{"@id":"https:\/\/crocjeux.com\/#organization"},"potentialAction":[{"@type":"SearchAction","target":{"@type":"EntryPoint","urlTemplate":"https:\/\/crocjeux.com\/?s={search_term_string}"},"query-input":{"@type":"PropertyValueSpecification","valueRequired":true,"valueName":"search_term_string"}}],"inLanguage":"fr-FR"},{"@type":"Organization","@id":"https:\/\/crocjeux.com\/#organization","name":"Croc Jeux","url":"https:\/\/crocjeux.com\/","logo":{"@type":"ImageObject","inLanguage":"fr-FR","@id":"https:\/\/crocjeux.com\/#\/schema\/logo\/image\/","url":"https:\/\/crocjeux.com\/wp-content\/uploads\/2022\/01\/cropped-logo-croc-etape-1-e1644574034239.jpg","contentUrl":"https:\/\/crocjeux.com\/wp-content\/uploads\/2022\/01\/cropped-logo-croc-etape-1-e1644574034239.jpg","width":1224,"height":314,"caption":"Croc Jeux"},"image":{"@id":"https:\/\/crocjeux.com\/#\/schema\/logo\/image\/"}}]}},"_links":{"self":[{"href":"https:\/\/crocjeux.com\/index.php\/wp-json\/wp\/v2\/product\/207","targetHints":{"allow":["GET"]}}],"collection":[{"href":"https:\/\/crocjeux.com\/index.php\/wp-json\/wp\/v2\/product"}],"about":[{"href":"https:\/\/crocjeux.com\/index.php\/wp-json\/wp\/v2\/types\/product"}],"replies":[{"embeddable":true,"href":"https:\/\/crocjeux.com\/index.php\/wp-json\/wp\/v2\/comments?post=207"}],"wp:featuredmedia":[{"embeddable":true,"href":"https:\/\/crocjeux.com\/index.php\/wp-json\/wp\/v2\/media\/208"}],"wp:attachment":[{"href":"https:\/\/crocjeux.com\/index.php\/wp-json\/wp\/v2\/media?parent=207"}],"wp:term":[{"taxonomy":"product_brand","embeddable":true,"href":"https:\/\/crocjeux.com\/index.php\/wp-json\/wp\/v2\/product_brand?post=207"},{"taxonomy":"product_cat","embeddable":true,"href":"https:\/\/crocjeux.com\/index.php\/wp-json\/wp\/v2\/product_cat?post=207"},{"taxonomy":"product_tag","embeddable":true,"href":"https:\/\/crocjeux.com\/index.php\/wp-json\/wp\/v2\/product_tag?post=207"}],"curies":[{"name":"wp","href":"https:\/\/api.w.org\/{rel}","templated":true}]}}