{"id":2106,"date":"2021-02-09T00:00:57","date_gmt":"2021-02-08T23:00:57","guid":{"rendered":"https:\/\/crocjeux.com\/?post_type=product&#038;p=2106"},"modified":"2022-03-10T12:20:05","modified_gmt":"2022-03-10T11:20:05","slug":"ghost-adventure","status":"publish","type":"product","link":"https:\/\/crocjeux.com\/index.php\/produit\/ghost-adventure\/","title":{"rendered":"Ghost Adventure"},"content":{"rendered":"<h2>Sauvez le monde \u00e0 l&rsquo;aide d&rsquo;une toupie !<\/h2>\n<div>Une souris fant\u00f4me s\u2019empare d\u2019une toupie pour sauver le monde du monstre cauchemar. A vous de la lancer dans cette aventure pleine de magie et de rebondissements !<\/div>\n<div>\n<div>Lancez la toupie et parcourez les diff\u00e9rents plateaux pour r\u00e9aliser les missions indiqu\u00e9es sur votre livret d\u2019aventure.<\/div>\n<h2>Un jeu coop\u00e9ratif qui allie communication et dext\u00e9rit\u00e9<\/h2>\n<div>Ghost Adventure\u00a0est un\u00a0jeu coop\u00e9ratif\u00a0qui se joue debout, autour d\u2019une table sans chaise. Les joueurs se relaient pour r\u00e9aliser ensemble des missions.<\/div>\n<div>Voyagez dans les diff\u00e9rents pays de Spinlander gr\u00e2ce \u00e0 un syst\u00e8me de gestion de haut niveau simple, mais difficile \u00e0 contr\u00f4ler.<\/div>\n<div><\/div>\n<div>Chaque mission repr\u00e9sente un parcours diff\u00e9rent qu\u2019ils vont devoir effectuer avec une toupie \u00e0 travers plusieurs plateaux. Ils repr\u00e9sentent 8 mondes et de nombreuses cibles \u00e0 atteindre. Au d\u00e9but de chaque mission, les joueurs identifient ensemble les cibles et se r\u00e9partissent les plateaux indiqu\u00e9s.<\/div>\n<h2>Comment jouer ?<\/h2>\n<div>Le premier joueur lance la toupie sur le cercle de pierres de son plateau et la d\u00e9place en inclinant son plateau pour la diriger vers sa cible. Une fois arriv\u00e9 sur sa cible, le joueur guide la toupie vers la sortie pour la faire passer sur le plateau tenu par le joueur suivant. La dynamique de relais entre les joueurs se poursuit ainsi jusqu\u2019\u00e0 la r\u00e9alisation compl\u00e8te de la mission, mais attention aux obstacles !<\/div>\n<div><\/div>\n<div>Utilisez \u00e0 bon escient les diff\u00e9rents boutons d\u2019action pour vous aider dans votre mission : sautez sur un niveau sup\u00e9rieur, t\u00e9l\u00e9portez-vous sur un autre monde et rechargez les potions de relance de la toupie.<\/div>\n<\/div>\n","protected":false},"excerpt":{"rendered":"<div id=\"short_description_block\">\n<div id=\"short_description_content\" class=\"rte align_justify hide-smartphone\">\n<p>Ghost Adventure est un jeu coop\u00e9ratif qui se joue debout, autour d\u2019une table sans chaise. Les joueurs se relaient pour r\u00e9aliser ensemble des missions de plus en plus p\u00e9rilleuses avec une toupie.<\/p>\n<\/div>\n<\/div>\n<ul class=\"illustrated_features\">\n<li class=\"langue tooltips\" title=\"\" data-hasqtip=\"5\">Fran\u00e7ais<\/li>\n<li class=\"age tooltips\" title=\"\" data-hasqtip=\"6\" aria-describedby=\"qtip-6\">\u00a0\u00e0 partir de 8 ans<\/li>\n<li class=\"duree_partie tooltips\" title=\"\" data-hasqtip=\"7\">\u00a0moins de 30mn<\/li>\n<li class=\"nb_joueurs tooltips\" title=\"\" data-hasqtip=\"8\">\u00a01 \u00e0 4 joueur(s)<\/li>\n<\/ul>\n","protected":false},"featured_media":2107,"comment_status":"open","ping_status":"closed","template":"","meta":{"colormag_page_container_layout":"default_layout","colormag_page_sidebar_layout":"default_layout"},"product_brand":[],"product_cat":[30],"product_tag":[],"class_list":{"0":"post-2106","1":"product","2":"type-product","3":"status-publish","4":"has-post-thumbnail","6":"product_cat-jeux-collaboratifs","8":"first","9":"instock","10":"taxable","11":"shipping-taxable","12":"purchasable","13":"product-type-simple"},"yoast_head":"<!-- This site is optimized with the Yoast SEO plugin v27.1.1 - https:\/\/yoast.com\/product\/yoast-seo-wordpress\/ -->\n<title>Ghost Adventure - Croc Jeux<\/title>\n<meta name=\"robots\" content=\"index, follow, max-snippet:-1, max-image-preview:large, max-video-preview:-1\" \/>\n<link rel=\"canonical\" href=\"https:\/\/crocjeux.com\/index.php\/produit\/ghost-adventure\/\" \/>\n<meta property=\"og:locale\" content=\"fr_FR\" \/>\n<meta property=\"og:type\" content=\"article\" \/>\n<meta property=\"og:title\" content=\"Ghost Adventure - Croc Jeux\" \/>\n<meta property=\"og:description\" content=\"Ghost Adventure est un jeu coop\u00e9ratif qui se joue debout, autour d\u2019une table sans chaise. Les joueurs se relaient pour r\u00e9aliser ensemble des missions de plus en plus p\u00e9rilleuses avec une toupie.      Fran\u00e7ais  \u00a0\u00e0 partir de 8 ans  \u00a0moins de 30mn  \u00a01 \u00e0 4 joueur(s)\" \/>\n<meta property=\"og:url\" content=\"https:\/\/crocjeux.com\/index.php\/produit\/ghost-adventure\/\" \/>\n<meta property=\"og:site_name\" content=\"Croc Jeux\" \/>\n<meta property=\"article:modified_time\" content=\"2022-03-10T11:20:05+00:00\" \/>\n<meta property=\"og:image\" content=\"https:\/\/crocjeux.com\/wp-content\/uploads\/2021\/02\/ghost-adventure.jpg\" \/>\n\t<meta property=\"og:image:width\" content=\"372\" \/>\n\t<meta property=\"og:image:height\" content=\"372\" \/>\n\t<meta property=\"og:image:type\" content=\"image\/jpeg\" \/>\n<meta name=\"twitter:card\" content=\"summary_large_image\" \/>\n<meta name=\"twitter:label1\" content=\"Dur\u00e9e de lecture estim\u00e9e\" \/>\n\t<meta name=\"twitter:data1\" content=\"1 minute\" \/>\n<script type=\"application\/ld+json\" class=\"yoast-schema-graph\">{\"@context\":\"https:\/\/schema.org\",\"@graph\":[{\"@type\":\"WebPage\",\"@id\":\"https:\/\/crocjeux.com\/index.php\/produit\/ghost-adventure\/\",\"url\":\"https:\/\/crocjeux.com\/index.php\/produit\/ghost-adventure\/\",\"name\":\"Ghost Adventure - Croc Jeux\",\"isPartOf\":{\"@id\":\"https:\/\/crocjeux.com\/#website\"},\"primaryImageOfPage\":{\"@id\":\"https:\/\/crocjeux.com\/index.php\/produit\/ghost-adventure\/#primaryimage\"},\"image\":{\"@id\":\"https:\/\/crocjeux.com\/index.php\/produit\/ghost-adventure\/#primaryimage\"},\"thumbnailUrl\":\"https:\/\/crocjeux.com\/wp-content\/uploads\/2021\/02\/ghost-adventure.jpg\",\"datePublished\":\"2021-02-08T23:00:57+00:00\",\"dateModified\":\"2022-03-10T11:20:05+00:00\",\"breadcrumb\":{\"@id\":\"https:\/\/crocjeux.com\/index.php\/produit\/ghost-adventure\/#breadcrumb\"},\"inLanguage\":\"fr-FR\",\"potentialAction\":[{\"@type\":\"ReadAction\",\"target\":[\"https:\/\/crocjeux.com\/index.php\/produit\/ghost-adventure\/\"]}]},{\"@type\":\"ImageObject\",\"inLanguage\":\"fr-FR\",\"@id\":\"https:\/\/crocjeux.com\/index.php\/produit\/ghost-adventure\/#primaryimage\",\"url\":\"https:\/\/crocjeux.com\/wp-content\/uploads\/2021\/02\/ghost-adventure.jpg\",\"contentUrl\":\"https:\/\/crocjeux.com\/wp-content\/uploads\/2021\/02\/ghost-adventure.jpg\",\"width\":372,\"height\":372},{\"@type\":\"BreadcrumbList\",\"@id\":\"https:\/\/crocjeux.com\/index.php\/produit\/ghost-adventure\/#breadcrumb\",\"itemListElement\":[{\"@type\":\"ListItem\",\"position\":1,\"name\":\"Accueil\",\"item\":\"https:\/\/crocjeux.com\/\"},{\"@type\":\"ListItem\",\"position\":2,\"name\":\"Boutique\",\"item\":\"https:\/\/crocjeux.com\/\"},{\"@type\":\"ListItem\",\"position\":3,\"name\":\"Ghost Adventure\"}]},{\"@type\":\"WebSite\",\"@id\":\"https:\/\/crocjeux.com\/#website\",\"url\":\"https:\/\/crocjeux.com\/\",\"name\":\"Croc Jeux\",\"description\":\"Bienvenue chez Croc Jeux!\",\"publisher\":{\"@id\":\"https:\/\/crocjeux.com\/#organization\"},\"potentialAction\":[{\"@type\":\"SearchAction\",\"target\":{\"@type\":\"EntryPoint\",\"urlTemplate\":\"https:\/\/crocjeux.com\/?s={search_term_string}\"},\"query-input\":{\"@type\":\"PropertyValueSpecification\",\"valueRequired\":true,\"valueName\":\"search_term_string\"}}],\"inLanguage\":\"fr-FR\"},{\"@type\":\"Organization\",\"@id\":\"https:\/\/crocjeux.com\/#organization\",\"name\":\"Croc Jeux\",\"url\":\"https:\/\/crocjeux.com\/\",\"logo\":{\"@type\":\"ImageObject\",\"inLanguage\":\"fr-FR\",\"@id\":\"https:\/\/crocjeux.com\/#\/schema\/logo\/image\/\",\"url\":\"https:\/\/crocjeux.com\/wp-content\/uploads\/2022\/01\/cropped-logo-croc-etape-1-e1644574034239.jpg\",\"contentUrl\":\"https:\/\/crocjeux.com\/wp-content\/uploads\/2022\/01\/cropped-logo-croc-etape-1-e1644574034239.jpg\",\"width\":1224,\"height\":314,\"caption\":\"Croc Jeux\"},\"image\":{\"@id\":\"https:\/\/crocjeux.com\/#\/schema\/logo\/image\/\"}}]}<\/script>\n<!-- \/ Yoast SEO plugin. -->","yoast_head_json":{"title":"Ghost Adventure - Croc Jeux","robots":{"index":"index","follow":"follow","max-snippet":"max-snippet:-1","max-image-preview":"max-image-preview:large","max-video-preview":"max-video-preview:-1"},"canonical":"https:\/\/crocjeux.com\/index.php\/produit\/ghost-adventure\/","og_locale":"fr_FR","og_type":"article","og_title":"Ghost Adventure - Croc Jeux","og_description":"Ghost Adventure est un jeu coop\u00e9ratif qui se joue debout, autour d\u2019une table sans chaise. Les joueurs se relaient pour r\u00e9aliser ensemble des missions de plus en plus p\u00e9rilleuses avec une toupie.      Fran\u00e7ais  \u00a0\u00e0 partir de 8 ans  \u00a0moins de 30mn  \u00a01 \u00e0 4 joueur(s)","og_url":"https:\/\/crocjeux.com\/index.php\/produit\/ghost-adventure\/","og_site_name":"Croc Jeux","article_modified_time":"2022-03-10T11:20:05+00:00","og_image":[{"width":372,"height":372,"url":"https:\/\/crocjeux.com\/wp-content\/uploads\/2021\/02\/ghost-adventure.jpg","type":"image\/jpeg"}],"twitter_card":"summary_large_image","twitter_misc":{"Dur\u00e9e de lecture estim\u00e9e":"1 minute"},"schema":{"@context":"https:\/\/schema.org","@graph":[{"@type":"WebPage","@id":"https:\/\/crocjeux.com\/index.php\/produit\/ghost-adventure\/","url":"https:\/\/crocjeux.com\/index.php\/produit\/ghost-adventure\/","name":"Ghost Adventure - Croc Jeux","isPartOf":{"@id":"https:\/\/crocjeux.com\/#website"},"primaryImageOfPage":{"@id":"https:\/\/crocjeux.com\/index.php\/produit\/ghost-adventure\/#primaryimage"},"image":{"@id":"https:\/\/crocjeux.com\/index.php\/produit\/ghost-adventure\/#primaryimage"},"thumbnailUrl":"https:\/\/crocjeux.com\/wp-content\/uploads\/2021\/02\/ghost-adventure.jpg","datePublished":"2021-02-08T23:00:57+00:00","dateModified":"2022-03-10T11:20:05+00:00","breadcrumb":{"@id":"https:\/\/crocjeux.com\/index.php\/produit\/ghost-adventure\/#breadcrumb"},"inLanguage":"fr-FR","potentialAction":[{"@type":"ReadAction","target":["https:\/\/crocjeux.com\/index.php\/produit\/ghost-adventure\/"]}]},{"@type":"ImageObject","inLanguage":"fr-FR","@id":"https:\/\/crocjeux.com\/index.php\/produit\/ghost-adventure\/#primaryimage","url":"https:\/\/crocjeux.com\/wp-content\/uploads\/2021\/02\/ghost-adventure.jpg","contentUrl":"https:\/\/crocjeux.com\/wp-content\/uploads\/2021\/02\/ghost-adventure.jpg","width":372,"height":372},{"@type":"BreadcrumbList","@id":"https:\/\/crocjeux.com\/index.php\/produit\/ghost-adventure\/#breadcrumb","itemListElement":[{"@type":"ListItem","position":1,"name":"Accueil","item":"https:\/\/crocjeux.com\/"},{"@type":"ListItem","position":2,"name":"Boutique","item":"https:\/\/crocjeux.com\/"},{"@type":"ListItem","position":3,"name":"Ghost Adventure"}]},{"@type":"WebSite","@id":"https:\/\/crocjeux.com\/#website","url":"https:\/\/crocjeux.com\/","name":"Croc Jeux","description":"Bienvenue chez Croc Jeux!","publisher":{"@id":"https:\/\/crocjeux.com\/#organization"},"potentialAction":[{"@type":"SearchAction","target":{"@type":"EntryPoint","urlTemplate":"https:\/\/crocjeux.com\/?s={search_term_string}"},"query-input":{"@type":"PropertyValueSpecification","valueRequired":true,"valueName":"search_term_string"}}],"inLanguage":"fr-FR"},{"@type":"Organization","@id":"https:\/\/crocjeux.com\/#organization","name":"Croc Jeux","url":"https:\/\/crocjeux.com\/","logo":{"@type":"ImageObject","inLanguage":"fr-FR","@id":"https:\/\/crocjeux.com\/#\/schema\/logo\/image\/","url":"https:\/\/crocjeux.com\/wp-content\/uploads\/2022\/01\/cropped-logo-croc-etape-1-e1644574034239.jpg","contentUrl":"https:\/\/crocjeux.com\/wp-content\/uploads\/2022\/01\/cropped-logo-croc-etape-1-e1644574034239.jpg","width":1224,"height":314,"caption":"Croc Jeux"},"image":{"@id":"https:\/\/crocjeux.com\/#\/schema\/logo\/image\/"}}]}},"_links":{"self":[{"href":"https:\/\/crocjeux.com\/index.php\/wp-json\/wp\/v2\/product\/2106","targetHints":{"allow":["GET"]}}],"collection":[{"href":"https:\/\/crocjeux.com\/index.php\/wp-json\/wp\/v2\/product"}],"about":[{"href":"https:\/\/crocjeux.com\/index.php\/wp-json\/wp\/v2\/types\/product"}],"replies":[{"embeddable":true,"href":"https:\/\/crocjeux.com\/index.php\/wp-json\/wp\/v2\/comments?post=2106"}],"wp:featuredmedia":[{"embeddable":true,"href":"https:\/\/crocjeux.com\/index.php\/wp-json\/wp\/v2\/media\/2107"}],"wp:attachment":[{"href":"https:\/\/crocjeux.com\/index.php\/wp-json\/wp\/v2\/media?parent=2106"}],"wp:term":[{"taxonomy":"product_brand","embeddable":true,"href":"https:\/\/crocjeux.com\/index.php\/wp-json\/wp\/v2\/product_brand?post=2106"},{"taxonomy":"product_cat","embeddable":true,"href":"https:\/\/crocjeux.com\/index.php\/wp-json\/wp\/v2\/product_cat?post=2106"},{"taxonomy":"product_tag","embeddable":true,"href":"https:\/\/crocjeux.com\/index.php\/wp-json\/wp\/v2\/product_tag?post=2106"}],"curies":[{"name":"wp","href":"https:\/\/api.w.org\/{rel}","templated":true}]}}