{"id":2120,"date":"2021-02-09T00:24:20","date_gmt":"2021-02-08T23:24:20","guid":{"rendered":"https:\/\/crocjeux.com\/?post_type=product&#038;p=2120"},"modified":"2021-04-17T13:43:49","modified_gmt":"2021-04-17T12:43:49","slug":"star-munchkin-2-la-guerre-des-clowns","status":"publish","type":"product","link":"https:\/\/crocjeux.com\/index.php\/produit\/star-munchkin-2-la-guerre-des-clowns\/","title":{"rendered":"Star Munchkin 2 &#8211; La Guerre des Clowns"},"content":{"rendered":"<h2>Les Munchkins prennent les \u00e9toiles, encore une fois !<\/h2>\n<p>Star Munchkin 2 donne vie \u00e0 la saga \u00e9pique de The Clown Wars, sauf avec un meilleur jeu d&rsquo;acteur&#8230; Star Munchkin a pris les r\u00e8gles, les jeux de pouvoir et la folie du Munchkin original et a mis le tout dans l&rsquo;espace, o\u00f9 les monstres sont plus \u00e9tranges, les armes plus zappy, et les tr\u00e9sors &#8211; enfin, il y a encore des piles de tr\u00e9sors.<\/p>\n<p>D\u00e9gainez le Sprayser ou le X-Rayer et partez \u00e0 la recherche de nouveaux monstres comme les Nerds of Prey ! Jouez une nouvelle race (les Bugs) ou classe (Space Ranger !), et faites tout cela avec Ralph, le chien magique, \u00e0 vos c\u00f4t\u00e9s. Star Munchkin 2 &#8211; The Clown Wars a aussi un nouveau type de carte : les chambres. Ouvrez la porte, et&#8230; \u00ab\u00a0oh, noooooooooooon !\u00a0\u00bb<\/p>\n<p>The Clown Wars est un suppl\u00e9ment pour Star Munchkin ; vous aurez besoin du jeu original pour jouer. Ou vous pouvez l&rsquo;ajouter \u00e0 un jeu de la gamme Munchkin et les m\u00e9langer tous ensemble pour une partie de Munchkin aux proportions vraiment hallucinantes !<\/p>\n","protected":false},"excerpt":{"rendered":"<p>Tuez les Monstres. Pillez le tr\u00e9sor. Trahissez vos amis. Dans l&rsquo;espace !<\/p>\n","protected":false},"featured_media":2384,"comment_status":"open","ping_status":"closed","template":"","meta":{"colormag_page_container_layout":"default_layout","colormag_page_sidebar_layout":"default_layout"},"product_brand":[],"product_cat":[124,125,126,127],"product_tag":[],"class_list":{"0":"post-2120","1":"product","2":"type-product","3":"status-publish","4":"has-post-thumbnail","6":"product_cat-munchkin-grands-classiques","7":"product_cat-munchkin-jeux-ambiance","8":"product_cat-munchkin-jeux-cartes","9":"product_cat-munchkin-ne-ratez-pas","11":"first","12":"instock","13":"taxable","14":"shipping-taxable","15":"purchasable","16":"product-type-simple"},"yoast_head":"<!-- This site is optimized with the Yoast SEO plugin v27.3 - https:\/\/yoast.com\/product\/yoast-seo-wordpress\/ -->\n<title>Star Munchkin 2 - La Guerre des Clowns - Croc Jeux<\/title>\n<meta name=\"robots\" content=\"index, follow, max-snippet:-1, max-image-preview:large, max-video-preview:-1\" \/>\n<link rel=\"canonical\" href=\"https:\/\/crocjeux.com\/index.php\/produit\/star-munchkin-2-la-guerre-des-clowns\/\" \/>\n<meta property=\"og:locale\" content=\"fr_FR\" \/>\n<meta property=\"og:type\" content=\"article\" \/>\n<meta property=\"og:title\" content=\"Star Munchkin 2 - La Guerre des Clowns - Croc Jeux\" \/>\n<meta property=\"og:description\" content=\"Tuez les Monstres. Pillez le tr\u00e9sor. Trahissez vos amis. Dans l&#039;espace !\" \/>\n<meta property=\"og:url\" content=\"https:\/\/crocjeux.com\/index.php\/produit\/star-munchkin-2-la-guerre-des-clowns\/\" \/>\n<meta property=\"og:site_name\" content=\"Croc Jeux\" \/>\n<meta property=\"article:modified_time\" content=\"2021-04-17T12:43:49+00:00\" \/>\n<meta property=\"og:image\" content=\"https:\/\/crocjeux.com\/wp-content\/uploads\/2021\/02\/Star-Munchkin-2-La-Guerre-des-Clowns-1.jpg\" \/>\n\t<meta property=\"og:image:width\" content=\"500\" \/>\n\t<meta property=\"og:image:height\" content=\"373\" \/>\n\t<meta property=\"og:image:type\" content=\"image\/jpeg\" \/>\n<meta name=\"twitter:card\" content=\"summary_large_image\" \/>\n<meta name=\"twitter:label1\" content=\"Dur\u00e9e de lecture estim\u00e9e\" \/>\n\t<meta name=\"twitter:data1\" content=\"1 minute\" \/>\n<script type=\"application\/ld+json\" class=\"yoast-schema-graph\">{\"@context\":\"https:\\\/\\\/schema.org\",\"@graph\":[{\"@type\":\"WebPage\",\"@id\":\"https:\\\/\\\/crocjeux.com\\\/index.php\\\/produit\\\/star-munchkin-2-la-guerre-des-clowns\\\/\",\"url\":\"https:\\\/\\\/crocjeux.com\\\/index.php\\\/produit\\\/star-munchkin-2-la-guerre-des-clowns\\\/\",\"name\":\"Star Munchkin 2 - La Guerre des Clowns - Croc Jeux\",\"isPartOf\":{\"@id\":\"https:\\\/\\\/crocjeux.com\\\/#website\"},\"primaryImageOfPage\":{\"@id\":\"https:\\\/\\\/crocjeux.com\\\/index.php\\\/produit\\\/star-munchkin-2-la-guerre-des-clowns\\\/#primaryimage\"},\"image\":{\"@id\":\"https:\\\/\\\/crocjeux.com\\\/index.php\\\/produit\\\/star-munchkin-2-la-guerre-des-clowns\\\/#primaryimage\"},\"thumbnailUrl\":\"https:\\\/\\\/crocjeux.com\\\/wp-content\\\/uploads\\\/2021\\\/02\\\/Star-Munchkin-2-La-Guerre-des-Clowns-1.jpg\",\"datePublished\":\"2021-02-08T23:24:20+00:00\",\"dateModified\":\"2021-04-17T12:43:49+00:00\",\"breadcrumb\":{\"@id\":\"https:\\\/\\\/crocjeux.com\\\/index.php\\\/produit\\\/star-munchkin-2-la-guerre-des-clowns\\\/#breadcrumb\"},\"inLanguage\":\"fr-FR\",\"potentialAction\":[{\"@type\":\"ReadAction\",\"target\":[\"https:\\\/\\\/crocjeux.com\\\/index.php\\\/produit\\\/star-munchkin-2-la-guerre-des-clowns\\\/\"]}]},{\"@type\":\"ImageObject\",\"inLanguage\":\"fr-FR\",\"@id\":\"https:\\\/\\\/crocjeux.com\\\/index.php\\\/produit\\\/star-munchkin-2-la-guerre-des-clowns\\\/#primaryimage\",\"url\":\"https:\\\/\\\/crocjeux.com\\\/wp-content\\\/uploads\\\/2021\\\/02\\\/Star-Munchkin-2-La-Guerre-des-Clowns-1.jpg\",\"contentUrl\":\"https:\\\/\\\/crocjeux.com\\\/wp-content\\\/uploads\\\/2021\\\/02\\\/Star-Munchkin-2-La-Guerre-des-Clowns-1.jpg\",\"width\":500,\"height\":373},{\"@type\":\"BreadcrumbList\",\"@id\":\"https:\\\/\\\/crocjeux.com\\\/index.php\\\/produit\\\/star-munchkin-2-la-guerre-des-clowns\\\/#breadcrumb\",\"itemListElement\":[{\"@type\":\"ListItem\",\"position\":1,\"name\":\"Accueil\",\"item\":\"https:\\\/\\\/crocjeux.com\\\/\"},{\"@type\":\"ListItem\",\"position\":2,\"name\":\"Boutique\",\"item\":\"https:\\\/\\\/crocjeux.com\\\/\"},{\"@type\":\"ListItem\",\"position\":3,\"name\":\"Star Munchkin 2 &#8211; La Guerre des Clowns\"}]},{\"@type\":\"WebSite\",\"@id\":\"https:\\\/\\\/crocjeux.com\\\/#website\",\"url\":\"https:\\\/\\\/crocjeux.com\\\/\",\"name\":\"Croc Jeux\",\"description\":\"Bienvenue chez Croc Jeux!\",\"publisher\":{\"@id\":\"https:\\\/\\\/crocjeux.com\\\/#organization\"},\"potentialAction\":[{\"@type\":\"SearchAction\",\"target\":{\"@type\":\"EntryPoint\",\"urlTemplate\":\"https:\\\/\\\/crocjeux.com\\\/?s={search_term_string}\"},\"query-input\":{\"@type\":\"PropertyValueSpecification\",\"valueRequired\":true,\"valueName\":\"search_term_string\"}}],\"inLanguage\":\"fr-FR\"},{\"@type\":\"Organization\",\"@id\":\"https:\\\/\\\/crocjeux.com\\\/#organization\",\"name\":\"Croc Jeux\",\"url\":\"https:\\\/\\\/crocjeux.com\\\/\",\"logo\":{\"@type\":\"ImageObject\",\"inLanguage\":\"fr-FR\",\"@id\":\"https:\\\/\\\/crocjeux.com\\\/#\\\/schema\\\/logo\\\/image\\\/\",\"url\":\"https:\\\/\\\/crocjeux.com\\\/wp-content\\\/uploads\\\/2022\\\/01\\\/cropped-logo-croc-etape-1-e1644574034239.jpg\",\"contentUrl\":\"https:\\\/\\\/crocjeux.com\\\/wp-content\\\/uploads\\\/2022\\\/01\\\/cropped-logo-croc-etape-1-e1644574034239.jpg\",\"width\":1224,\"height\":314,\"caption\":\"Croc Jeux\"},\"image\":{\"@id\":\"https:\\\/\\\/crocjeux.com\\\/#\\\/schema\\\/logo\\\/image\\\/\"}}]}<\/script>\n<!-- \/ Yoast SEO plugin. -->","yoast_head_json":{"title":"Star Munchkin 2 - La Guerre des Clowns - Croc Jeux","robots":{"index":"index","follow":"follow","max-snippet":"max-snippet:-1","max-image-preview":"max-image-preview:large","max-video-preview":"max-video-preview:-1"},"canonical":"https:\/\/crocjeux.com\/index.php\/produit\/star-munchkin-2-la-guerre-des-clowns\/","og_locale":"fr_FR","og_type":"article","og_title":"Star Munchkin 2 - La Guerre des Clowns - Croc Jeux","og_description":"Tuez les Monstres. Pillez le tr\u00e9sor. Trahissez vos amis. Dans l'espace !","og_url":"https:\/\/crocjeux.com\/index.php\/produit\/star-munchkin-2-la-guerre-des-clowns\/","og_site_name":"Croc Jeux","article_modified_time":"2021-04-17T12:43:49+00:00","og_image":[{"width":500,"height":373,"url":"https:\/\/crocjeux.com\/wp-content\/uploads\/2021\/02\/Star-Munchkin-2-La-Guerre-des-Clowns-1.jpg","type":"image\/jpeg"}],"twitter_card":"summary_large_image","twitter_misc":{"Dur\u00e9e de lecture estim\u00e9e":"1 minute"},"schema":{"@context":"https:\/\/schema.org","@graph":[{"@type":"WebPage","@id":"https:\/\/crocjeux.com\/index.php\/produit\/star-munchkin-2-la-guerre-des-clowns\/","url":"https:\/\/crocjeux.com\/index.php\/produit\/star-munchkin-2-la-guerre-des-clowns\/","name":"Star Munchkin 2 - La Guerre des Clowns - Croc Jeux","isPartOf":{"@id":"https:\/\/crocjeux.com\/#website"},"primaryImageOfPage":{"@id":"https:\/\/crocjeux.com\/index.php\/produit\/star-munchkin-2-la-guerre-des-clowns\/#primaryimage"},"image":{"@id":"https:\/\/crocjeux.com\/index.php\/produit\/star-munchkin-2-la-guerre-des-clowns\/#primaryimage"},"thumbnailUrl":"https:\/\/crocjeux.com\/wp-content\/uploads\/2021\/02\/Star-Munchkin-2-La-Guerre-des-Clowns-1.jpg","datePublished":"2021-02-08T23:24:20+00:00","dateModified":"2021-04-17T12:43:49+00:00","breadcrumb":{"@id":"https:\/\/crocjeux.com\/index.php\/produit\/star-munchkin-2-la-guerre-des-clowns\/#breadcrumb"},"inLanguage":"fr-FR","potentialAction":[{"@type":"ReadAction","target":["https:\/\/crocjeux.com\/index.php\/produit\/star-munchkin-2-la-guerre-des-clowns\/"]}]},{"@type":"ImageObject","inLanguage":"fr-FR","@id":"https:\/\/crocjeux.com\/index.php\/produit\/star-munchkin-2-la-guerre-des-clowns\/#primaryimage","url":"https:\/\/crocjeux.com\/wp-content\/uploads\/2021\/02\/Star-Munchkin-2-La-Guerre-des-Clowns-1.jpg","contentUrl":"https:\/\/crocjeux.com\/wp-content\/uploads\/2021\/02\/Star-Munchkin-2-La-Guerre-des-Clowns-1.jpg","width":500,"height":373},{"@type":"BreadcrumbList","@id":"https:\/\/crocjeux.com\/index.php\/produit\/star-munchkin-2-la-guerre-des-clowns\/#breadcrumb","itemListElement":[{"@type":"ListItem","position":1,"name":"Accueil","item":"https:\/\/crocjeux.com\/"},{"@type":"ListItem","position":2,"name":"Boutique","item":"https:\/\/crocjeux.com\/"},{"@type":"ListItem","position":3,"name":"Star Munchkin 2 &#8211; La Guerre des Clowns"}]},{"@type":"WebSite","@id":"https:\/\/crocjeux.com\/#website","url":"https:\/\/crocjeux.com\/","name":"Croc Jeux","description":"Bienvenue chez Croc Jeux!","publisher":{"@id":"https:\/\/crocjeux.com\/#organization"},"potentialAction":[{"@type":"SearchAction","target":{"@type":"EntryPoint","urlTemplate":"https:\/\/crocjeux.com\/?s={search_term_string}"},"query-input":{"@type":"PropertyValueSpecification","valueRequired":true,"valueName":"search_term_string"}}],"inLanguage":"fr-FR"},{"@type":"Organization","@id":"https:\/\/crocjeux.com\/#organization","name":"Croc Jeux","url":"https:\/\/crocjeux.com\/","logo":{"@type":"ImageObject","inLanguage":"fr-FR","@id":"https:\/\/crocjeux.com\/#\/schema\/logo\/image\/","url":"https:\/\/crocjeux.com\/wp-content\/uploads\/2022\/01\/cropped-logo-croc-etape-1-e1644574034239.jpg","contentUrl":"https:\/\/crocjeux.com\/wp-content\/uploads\/2022\/01\/cropped-logo-croc-etape-1-e1644574034239.jpg","width":1224,"height":314,"caption":"Croc Jeux"},"image":{"@id":"https:\/\/crocjeux.com\/#\/schema\/logo\/image\/"}}]}},"_links":{"self":[{"href":"https:\/\/crocjeux.com\/index.php\/wp-json\/wp\/v2\/product\/2120","targetHints":{"allow":["GET"]}}],"collection":[{"href":"https:\/\/crocjeux.com\/index.php\/wp-json\/wp\/v2\/product"}],"about":[{"href":"https:\/\/crocjeux.com\/index.php\/wp-json\/wp\/v2\/types\/product"}],"replies":[{"embeddable":true,"href":"https:\/\/crocjeux.com\/index.php\/wp-json\/wp\/v2\/comments?post=2120"}],"wp:featuredmedia":[{"embeddable":true,"href":"https:\/\/crocjeux.com\/index.php\/wp-json\/wp\/v2\/media\/2384"}],"wp:attachment":[{"href":"https:\/\/crocjeux.com\/index.php\/wp-json\/wp\/v2\/media?parent=2120"}],"wp:term":[{"taxonomy":"product_brand","embeddable":true,"href":"https:\/\/crocjeux.com\/index.php\/wp-json\/wp\/v2\/product_brand?post=2120"},{"taxonomy":"product_cat","embeddable":true,"href":"https:\/\/crocjeux.com\/index.php\/wp-json\/wp\/v2\/product_cat?post=2120"},{"taxonomy":"product_tag","embeddable":true,"href":"https:\/\/crocjeux.com\/index.php\/wp-json\/wp\/v2\/product_tag?post=2120"}],"curies":[{"name":"wp","href":"https:\/\/api.w.org\/{rel}","templated":true}]}}