{"id":2126,"date":"2021-02-09T00:31:22","date_gmt":"2021-02-08T23:31:22","guid":{"rendered":"https:\/\/crocjeux.com\/?post_type=product&#038;p=2126"},"modified":"2021-02-09T00:31:25","modified_gmt":"2021-02-08T23:31:25","slug":"paris-1889-2","status":"publish","type":"product","link":"https:\/\/crocjeux.com\/index.php\/produit\/paris-1889-2\/","title":{"rendered":"Paris 1889"},"content":{"rendered":"<h2>Apr\u00e8s Greenville 1989, Paris 1889<\/h2>\n<div>\n<div>Cela fait maintenant 10 ans que les \u00e9v\u00e9nements de Greenville se sont produits. Ce soir, a lieu la r\u00e9union des anciens \u00e9l\u00e8ves de la promotion 89. Brandon, Cindy, Julius, Kim, Manelle et Marty sont d\u00e9sormais de jeunes adultes et ils ne se sont pas revus depuis des ann\u00e9es. Cette soir\u00e9e promet d\u2019\u00eatre \u00e9pique pour ces valeureux aventuriers !! Apr\u00e8s quelques pas de danse enflamm\u00e9s sur \u00ab\u00a0Baby One More Time\u00a0\u00bb (un titre annonciateur) et \u00ab\u00a0Believe\u00a0\u00bb (d\u00e9cid\u00e9ment&#8230;), la courageuse bande d\u00e9cide de redescendre dans les souterrains de la ville pour se rem\u00e9morer leurs aventures. Apr\u00e8s une bonne heure de promenade, l\u2019\u00e9quipe se retrouve face \u00e0 face avec un portail magique !!! Se regardant tous et sans h\u00e9siter un instant &#8211; Julius le premier &#8211; ils sautent \u00e0 travers ce nuage violet, vers l\u2019inconnu&#8230; Il fait jour. Nos six protagonistes se r\u00e9veillent doucement. Ils se trouvent dans un vieil appartement o\u00f9 tout semble \u00e9trange : la chaleur, l\u2019humidit\u00e9 et la d\u00e9coration d\u2019un autre temps. Julius se dirige doucement vers la fen\u00eatre et s\u2019adresse alors au reste du groupe : \u00ab\u00a0Mes amis, cette fois-ci je crois que nous avons vraiment fait un grand saut, mais dans le temps&#8230;\u00a0\u00bb Face \u00e0 eux, Paris, 110 ans plus t\u00f4t ! 100 ans avant les \u00e9v\u00e8nements de Greenville. Ce portail n\u2019\u00e9tait pas l\u00e0 par hasard. Le mal est revenu. Apr\u00e8s quelques semaines d\u2019investigation, ils se rendent compte que le groupuscule qui avait d\u00e9clench\u00e9 les \u00e9v\u00e8nements de Greenville, la secte de l\u2019Anneau Rouge comme ils les surnommaient, \u00e9tait pr\u00e9sent \u00e0 Paris un si\u00e8cle plus t\u00f4t. Son leader, un monstre, appel\u00e9 aussi \u00ab\u00a0l\u2019Abomination\u00a0\u00bb, s\u2019appr\u00eatait \u00e0 renverser l\u2019\u00e9quilibre des forces entre le bien et le mal \u00e0 l\u2019aide d\u2019anneaux magiques&#8230;<\/div>\n<div>C\u2019est maintenant que l\u2019aventure de Paris 1889 commence, vous devez affronter l\u2019Abomination ou d\u00e9rober les anneaux afin de stopper cette incantation et vaincre les forces du mal. \u00c0 vous de jouer !<\/div>\n<div><\/div>\n<h2>Paris 1889 est un jeu coop\u00e9ratif narratif et d\u2019horreur<\/h2>\n<div>Paris 1889 est un jeu coop\u00e9ratif o\u00f9 les joueurs gagnent ou perdent ensemble. Chacun votre tour, vous associerez des cartes \u00e0 tous les joueurs et vos compagnons devront trouver \u00e0 qui elles ont \u00e9t\u00e9 associ\u00e9es afin de poursuivre leur enqu\u00eate sains et saufs ! Paris 1889 comporte \u00e9galement une forte part de narration car vous devrez d\u00e9crire non seulement ce que vous voyez sur vos cartes, mais aussi les intentions de votre personnage en laissant libre cours \u00e0 votre imagination afin d\u2019inventer la suite de son aventure. De cette mani\u00e8re, vous vous approprierez plus facilement l\u2019univers de Paris 1889 pour essayer de gagner ensemble\u00a0!<\/div>\n<\/div>\n","protected":false},"excerpt":{"rendered":"<div id=\"short_description_block\">\n<div id=\"short_description_content\" class=\"rte align_justify hide-smartphone\">\n<p>Paris 1889 est un jeu coop\u00e9ratif narratif et d\u2019horreur dans lequel 10 ann\u00e9es apr\u00e8s les \u00e9v\u00e9nements de Greenville, vous retrouvez vos amis lors d\u2019une r\u00e9union d\u2019anciens \u00e9l\u00e8ves. Apr\u00e8s quelques pas de danse, vous d\u00e9cidez de retourner dans les sous-sols pour vous rem\u00e9morer l\u2019aventure v\u00e9cue ensemble 10 ans plus t\u00f4t. C\u2019est alors que vous tombez nez \u00e0 nez avec un portail magique&#8230;<\/p>\n<\/div>\n<\/div>\n<ul class=\"illustrated_features\">\n<li class=\"langue tooltips\" title=\"\" data-hasqtip=\"5\">Fran\u00e7ais, Anglais<\/li>\n<li class=\"age tooltips\" title=\"\" data-hasqtip=\"6\" aria-describedby=\"qtip-6\">\u00a0\u00e0 partir de 16 ans<\/li>\n<li class=\"duree_partie tooltips\" title=\"\" data-hasqtip=\"7\">\u00a030mn \u00e0 1h<\/li>\n<li class=\"nb_joueurs tooltips\" title=\"\" data-hasqtip=\"8\">\u00a03 \u00e0 6 joueur(s)<\/li>\n<\/ul>\n","protected":false},"featured_media":2127,"comment_status":"open","ping_status":"closed","template":"","meta":{"colormag_page_container_layout":"default_layout","colormag_page_sidebar_layout":"default_layout"},"product_brand":[],"product_cat":[30],"product_tag":[],"class_list":{"0":"post-2126","1":"product","2":"type-product","3":"status-publish","4":"has-post-thumbnail","6":"product_cat-jeux-collaboratifs","8":"first","9":"instock","10":"taxable","11":"shipping-taxable","12":"purchasable","13":"product-type-simple"},"yoast_head":"<!-- This site is optimized with the Yoast SEO plugin v27.4 - https:\/\/yoast.com\/product\/yoast-seo-wordpress\/ -->\n<title>Paris 1889 - Croc Jeux<\/title>\n<meta name=\"robots\" content=\"index, follow, max-snippet:-1, max-image-preview:large, max-video-preview:-1\" \/>\n<link rel=\"canonical\" href=\"https:\/\/crocjeux.com\/index.php\/produit\/paris-1889-2\/\" \/>\n<meta property=\"og:locale\" content=\"fr_FR\" \/>\n<meta property=\"og:type\" content=\"article\" \/>\n<meta property=\"og:title\" content=\"Paris 1889 - Croc Jeux\" \/>\n<meta property=\"og:description\" content=\"Paris 1889 est un jeu coop\u00e9ratif narratif et d\u2019horreur dans lequel 10 ann\u00e9es apr\u00e8s les \u00e9v\u00e9nements de Greenville, vous retrouvez vos amis lors d\u2019une r\u00e9union d\u2019anciens \u00e9l\u00e8ves. Apr\u00e8s quelques pas de danse, vous d\u00e9cidez de retourner dans les sous-sols pour vous rem\u00e9morer l\u2019aventure v\u00e9cue ensemble 10 ans plus t\u00f4t. C\u2019est alors que vous tombez nez \u00e0 nez avec un portail magique...      Fran\u00e7ais, Anglais  \u00a0\u00e0 partir de 16 ans  \u00a030mn \u00e0 1h  \u00a03 \u00e0 6 joueur(s)\" \/>\n<meta property=\"og:url\" content=\"https:\/\/crocjeux.com\/index.php\/produit\/paris-1889-2\/\" \/>\n<meta property=\"og:site_name\" content=\"Croc Jeux\" \/>\n<meta property=\"article:modified_time\" content=\"2021-02-08T23:31:25+00:00\" \/>\n<meta property=\"og:image\" content=\"https:\/\/crocjeux.com\/wp-content\/uploads\/2021\/02\/paris-1889.jpg\" \/>\n\t<meta property=\"og:image:width\" content=\"372\" \/>\n\t<meta property=\"og:image:height\" content=\"372\" \/>\n\t<meta property=\"og:image:type\" content=\"image\/jpeg\" \/>\n<meta name=\"twitter:card\" content=\"summary_large_image\" \/>\n<meta name=\"twitter:label1\" content=\"Dur\u00e9e de lecture estim\u00e9e\" \/>\n\t<meta name=\"twitter:data1\" content=\"2 minutes\" \/>\n<script type=\"application\/ld+json\" class=\"yoast-schema-graph\">{\"@context\":\"https:\\\/\\\/schema.org\",\"@graph\":[{\"@type\":\"WebPage\",\"@id\":\"https:\\\/\\\/crocjeux.com\\\/index.php\\\/produit\\\/paris-1889-2\\\/\",\"url\":\"https:\\\/\\\/crocjeux.com\\\/index.php\\\/produit\\\/paris-1889-2\\\/\",\"name\":\"Paris 1889 - Croc Jeux\",\"isPartOf\":{\"@id\":\"https:\\\/\\\/crocjeux.com\\\/#website\"},\"primaryImageOfPage\":{\"@id\":\"https:\\\/\\\/crocjeux.com\\\/index.php\\\/produit\\\/paris-1889-2\\\/#primaryimage\"},\"image\":{\"@id\":\"https:\\\/\\\/crocjeux.com\\\/index.php\\\/produit\\\/paris-1889-2\\\/#primaryimage\"},\"thumbnailUrl\":\"https:\\\/\\\/crocjeux.com\\\/wp-content\\\/uploads\\\/2021\\\/02\\\/paris-1889.jpg\",\"datePublished\":\"2021-02-08T23:31:22+00:00\",\"dateModified\":\"2021-02-08T23:31:25+00:00\",\"breadcrumb\":{\"@id\":\"https:\\\/\\\/crocjeux.com\\\/index.php\\\/produit\\\/paris-1889-2\\\/#breadcrumb\"},\"inLanguage\":\"fr-FR\",\"potentialAction\":[{\"@type\":\"ReadAction\",\"target\":[\"https:\\\/\\\/crocjeux.com\\\/index.php\\\/produit\\\/paris-1889-2\\\/\"]}]},{\"@type\":\"ImageObject\",\"inLanguage\":\"fr-FR\",\"@id\":\"https:\\\/\\\/crocjeux.com\\\/index.php\\\/produit\\\/paris-1889-2\\\/#primaryimage\",\"url\":\"https:\\\/\\\/crocjeux.com\\\/wp-content\\\/uploads\\\/2021\\\/02\\\/paris-1889.jpg\",\"contentUrl\":\"https:\\\/\\\/crocjeux.com\\\/wp-content\\\/uploads\\\/2021\\\/02\\\/paris-1889.jpg\",\"width\":372,\"height\":372},{\"@type\":\"BreadcrumbList\",\"@id\":\"https:\\\/\\\/crocjeux.com\\\/index.php\\\/produit\\\/paris-1889-2\\\/#breadcrumb\",\"itemListElement\":[{\"@type\":\"ListItem\",\"position\":1,\"name\":\"Accueil\",\"item\":\"https:\\\/\\\/crocjeux.com\\\/\"},{\"@type\":\"ListItem\",\"position\":2,\"name\":\"Boutique\",\"item\":\"https:\\\/\\\/crocjeux.com\\\/\"},{\"@type\":\"ListItem\",\"position\":3,\"name\":\"Paris 1889\"}]},{\"@type\":\"WebSite\",\"@id\":\"https:\\\/\\\/crocjeux.com\\\/#website\",\"url\":\"https:\\\/\\\/crocjeux.com\\\/\",\"name\":\"Croc Jeux\",\"description\":\"Bienvenue chez Croc Jeux!\",\"publisher\":{\"@id\":\"https:\\\/\\\/crocjeux.com\\\/#organization\"},\"potentialAction\":[{\"@type\":\"SearchAction\",\"target\":{\"@type\":\"EntryPoint\",\"urlTemplate\":\"https:\\\/\\\/crocjeux.com\\\/?s={search_term_string}\"},\"query-input\":{\"@type\":\"PropertyValueSpecification\",\"valueRequired\":true,\"valueName\":\"search_term_string\"}}],\"inLanguage\":\"fr-FR\"},{\"@type\":\"Organization\",\"@id\":\"https:\\\/\\\/crocjeux.com\\\/#organization\",\"name\":\"Croc Jeux\",\"url\":\"https:\\\/\\\/crocjeux.com\\\/\",\"logo\":{\"@type\":\"ImageObject\",\"inLanguage\":\"fr-FR\",\"@id\":\"https:\\\/\\\/crocjeux.com\\\/#\\\/schema\\\/logo\\\/image\\\/\",\"url\":\"https:\\\/\\\/crocjeux.com\\\/wp-content\\\/uploads\\\/2022\\\/01\\\/cropped-logo-croc-etape-1-e1644574034239.jpg\",\"contentUrl\":\"https:\\\/\\\/crocjeux.com\\\/wp-content\\\/uploads\\\/2022\\\/01\\\/cropped-logo-croc-etape-1-e1644574034239.jpg\",\"width\":1224,\"height\":314,\"caption\":\"Croc Jeux\"},\"image\":{\"@id\":\"https:\\\/\\\/crocjeux.com\\\/#\\\/schema\\\/logo\\\/image\\\/\"}}]}<\/script>\n<!-- \/ Yoast SEO plugin. -->","yoast_head_json":{"title":"Paris 1889 - Croc Jeux","robots":{"index":"index","follow":"follow","max-snippet":"max-snippet:-1","max-image-preview":"max-image-preview:large","max-video-preview":"max-video-preview:-1"},"canonical":"https:\/\/crocjeux.com\/index.php\/produit\/paris-1889-2\/","og_locale":"fr_FR","og_type":"article","og_title":"Paris 1889 - Croc Jeux","og_description":"Paris 1889 est un jeu coop\u00e9ratif narratif et d\u2019horreur dans lequel 10 ann\u00e9es apr\u00e8s les \u00e9v\u00e9nements de Greenville, vous retrouvez vos amis lors d\u2019une r\u00e9union d\u2019anciens \u00e9l\u00e8ves. Apr\u00e8s quelques pas de danse, vous d\u00e9cidez de retourner dans les sous-sols pour vous rem\u00e9morer l\u2019aventure v\u00e9cue ensemble 10 ans plus t\u00f4t. C\u2019est alors que vous tombez nez \u00e0 nez avec un portail magique...      Fran\u00e7ais, Anglais  \u00a0\u00e0 partir de 16 ans  \u00a030mn \u00e0 1h  \u00a03 \u00e0 6 joueur(s)","og_url":"https:\/\/crocjeux.com\/index.php\/produit\/paris-1889-2\/","og_site_name":"Croc Jeux","article_modified_time":"2021-02-08T23:31:25+00:00","og_image":[{"width":372,"height":372,"url":"https:\/\/crocjeux.com\/wp-content\/uploads\/2021\/02\/paris-1889.jpg","type":"image\/jpeg"}],"twitter_card":"summary_large_image","twitter_misc":{"Dur\u00e9e de lecture estim\u00e9e":"2 minutes"},"schema":{"@context":"https:\/\/schema.org","@graph":[{"@type":"WebPage","@id":"https:\/\/crocjeux.com\/index.php\/produit\/paris-1889-2\/","url":"https:\/\/crocjeux.com\/index.php\/produit\/paris-1889-2\/","name":"Paris 1889 - Croc Jeux","isPartOf":{"@id":"https:\/\/crocjeux.com\/#website"},"primaryImageOfPage":{"@id":"https:\/\/crocjeux.com\/index.php\/produit\/paris-1889-2\/#primaryimage"},"image":{"@id":"https:\/\/crocjeux.com\/index.php\/produit\/paris-1889-2\/#primaryimage"},"thumbnailUrl":"https:\/\/crocjeux.com\/wp-content\/uploads\/2021\/02\/paris-1889.jpg","datePublished":"2021-02-08T23:31:22+00:00","dateModified":"2021-02-08T23:31:25+00:00","breadcrumb":{"@id":"https:\/\/crocjeux.com\/index.php\/produit\/paris-1889-2\/#breadcrumb"},"inLanguage":"fr-FR","potentialAction":[{"@type":"ReadAction","target":["https:\/\/crocjeux.com\/index.php\/produit\/paris-1889-2\/"]}]},{"@type":"ImageObject","inLanguage":"fr-FR","@id":"https:\/\/crocjeux.com\/index.php\/produit\/paris-1889-2\/#primaryimage","url":"https:\/\/crocjeux.com\/wp-content\/uploads\/2021\/02\/paris-1889.jpg","contentUrl":"https:\/\/crocjeux.com\/wp-content\/uploads\/2021\/02\/paris-1889.jpg","width":372,"height":372},{"@type":"BreadcrumbList","@id":"https:\/\/crocjeux.com\/index.php\/produit\/paris-1889-2\/#breadcrumb","itemListElement":[{"@type":"ListItem","position":1,"name":"Accueil","item":"https:\/\/crocjeux.com\/"},{"@type":"ListItem","position":2,"name":"Boutique","item":"https:\/\/crocjeux.com\/"},{"@type":"ListItem","position":3,"name":"Paris 1889"}]},{"@type":"WebSite","@id":"https:\/\/crocjeux.com\/#website","url":"https:\/\/crocjeux.com\/","name":"Croc Jeux","description":"Bienvenue chez Croc Jeux!","publisher":{"@id":"https:\/\/crocjeux.com\/#organization"},"potentialAction":[{"@type":"SearchAction","target":{"@type":"EntryPoint","urlTemplate":"https:\/\/crocjeux.com\/?s={search_term_string}"},"query-input":{"@type":"PropertyValueSpecification","valueRequired":true,"valueName":"search_term_string"}}],"inLanguage":"fr-FR"},{"@type":"Organization","@id":"https:\/\/crocjeux.com\/#organization","name":"Croc Jeux","url":"https:\/\/crocjeux.com\/","logo":{"@type":"ImageObject","inLanguage":"fr-FR","@id":"https:\/\/crocjeux.com\/#\/schema\/logo\/image\/","url":"https:\/\/crocjeux.com\/wp-content\/uploads\/2022\/01\/cropped-logo-croc-etape-1-e1644574034239.jpg","contentUrl":"https:\/\/crocjeux.com\/wp-content\/uploads\/2022\/01\/cropped-logo-croc-etape-1-e1644574034239.jpg","width":1224,"height":314,"caption":"Croc Jeux"},"image":{"@id":"https:\/\/crocjeux.com\/#\/schema\/logo\/image\/"}}]}},"_links":{"self":[{"href":"https:\/\/crocjeux.com\/index.php\/wp-json\/wp\/v2\/product\/2126","targetHints":{"allow":["GET"]}}],"collection":[{"href":"https:\/\/crocjeux.com\/index.php\/wp-json\/wp\/v2\/product"}],"about":[{"href":"https:\/\/crocjeux.com\/index.php\/wp-json\/wp\/v2\/types\/product"}],"replies":[{"embeddable":true,"href":"https:\/\/crocjeux.com\/index.php\/wp-json\/wp\/v2\/comments?post=2126"}],"wp:featuredmedia":[{"embeddable":true,"href":"https:\/\/crocjeux.com\/index.php\/wp-json\/wp\/v2\/media\/2127"}],"wp:attachment":[{"href":"https:\/\/crocjeux.com\/index.php\/wp-json\/wp\/v2\/media?parent=2126"}],"wp:term":[{"taxonomy":"product_brand","embeddable":true,"href":"https:\/\/crocjeux.com\/index.php\/wp-json\/wp\/v2\/product_brand?post=2126"},{"taxonomy":"product_cat","embeddable":true,"href":"https:\/\/crocjeux.com\/index.php\/wp-json\/wp\/v2\/product_cat?post=2126"},{"taxonomy":"product_tag","embeddable":true,"href":"https:\/\/crocjeux.com\/index.php\/wp-json\/wp\/v2\/product_tag?post=2126"}],"curies":[{"name":"wp","href":"https:\/\/api.w.org\/{rel}","templated":true}]}}