{"id":2139,"date":"2021-02-09T15:37:15","date_gmt":"2021-02-09T14:37:15","guid":{"rendered":"https:\/\/crocjeux.com\/?post_type=product&#038;p=2139"},"modified":"2023-03-09T14:09:53","modified_gmt":"2023-03-09T13:09:53","slug":"celestia","status":"publish","type":"product","link":"https:\/\/crocjeux.com\/index.php\/produit\/celestia\/","title":{"rendered":"Celestia"},"content":{"rendered":"<p>Vous embarquez dans un a\u00e9ronef avec une \u00e9quipe d&rsquo;aventuriers pour effectuer de nombreux voyages dans\u00a0 les cit\u00e9s de\u00a0<strong>Celestia<\/strong>\u00a0et r\u00e9cup\u00e9rer leurs merveilleux tr\u00e9sors. Votre p\u00e9riple ne se fera pas sans danger mais vous tenterez de devenir l\u2019aventurier le plus\u00a0 riche en collectionnant les tr\u00e9sors les plus pr\u00e9cieux !<\/p>\n<p>&nbsp;<\/p>\n<p>Au d\u00e9but d&rsquo;un voyage tout les joueurs placent leur pion dans l&rsquo;aeronef, les joueurs commencent la partie avec 6 (ou 8 selon le nombre de joueurs) cartes en main. Lors de chaque tour un joueur est le capitaine\u00a0 et lance de 2 \u00e0 4 d\u00e9s pour d\u00e9terminer\u00a0 les dangers qu&rsquo;il doit affronter (le brouillard, la foudre, des oiseaux tueurs ou les pirates ). Il doit jouer des cartes pour continuer le voyage et arriver \u00e0 la cit\u00e9 suivante ( une boussole, un parafoudre, une corne de brume ou encore des canons ).<\/p>\n<p>Avant que le capitaine ne joue les cartes requises, chaque passager doit d\u00e9cider s\u2019il reste ou non dans l&rsquo;a\u00e9ronef :<\/p>\n<p>&#8211; descendre, c\u2019est s\u2019assurer les points de victoire atteint en explorant la cit\u00e9.<\/p>\n<p>&#8211; rester, c\u2019est tenter le voyage jusqu&rsquo;\u00e0 la cit\u00e9 suivante pour r\u00e9cup\u00e9rer des tr\u00e9sors plus pr\u00e9cieux.<\/p>\n<p>Mais attention : si le capitaine est incapable de jouer les bonnes cartes, c\u2019est le crash ! Tout les passagers rentrent bredouille et on recommence un voyage avec tous les joueurs \u00e0 bord.<\/p>\n<p>&nbsp;<\/p>\n<p>Pendant leurs voyages chaque explorateur pourra essayer de tirer son \u00e9pingle du jeu \u00e0 l&rsquo;aide d&rsquo;objets fabuleux ( un jetpack, des lunettes d&rsquo;astronomie &#8230; ) ou en modifiant le voyage ( faire changer de route ou abandonner un explorateur dans une cit\u00e9 ).<\/p>\n<p>D\u00e8s qu&rsquo;un joueur poss\u00e8de des tr\u00e9sors rapportant 50 points la partie est termin\u00e9e.<\/p>\n<p>C\u00e9lestia est la r\u00e9\u00e9dition du c\u00e9l\u00e8bre jeu Cloud 9.<\/p>\n<p>Format prot\u00e8ges cartes : 57.5 x 89mm (84 cartes) et 44 x 68mm (78 cartes)<\/p>\n","protected":false},"excerpt":{"rendered":"<div id=\"short_description_block\">\n<div id=\"short_description_content\" class=\"rte align_justify hide-smartphone\">Vous embarquez dans un a\u00e9ronef avec une \u00e9quipe d&rsquo;aventuriers pour effectuer de nombreux voyages dans les cit\u00e9s de Celestia et r\u00e9cup\u00e9rer leurs merveilleux tr\u00e9sors. Votre p\u00e9riple ne se fera pas sans danger mais vous tenterez de devenir l\u2019aventurier le plus riche en collectionnant les tr\u00e9sors les plus pr\u00e9cieux !<\/div>\n<div><\/div>\n<\/div>\n<ul class=\"illustrated_features\">\n<li class=\"langue tooltips\" title=\"\" data-hasqtip=\"5\">Anglais, Fran\u00e7ais, Hollandais<\/li>\n<li class=\"age tooltips\" title=\"\" data-hasqtip=\"6\" aria-describedby=\"qtip-6\">\u00a0\u00e0 partir de 8 ans<\/li>\n<li class=\"duree_partie tooltips\" title=\"\" data-hasqtip=\"7\">\u00a0moins de 30mn<\/li>\n<li class=\"nb_joueurs tooltips\" title=\"\" data-hasqtip=\"8\">\u00a02 \u00e0 6 joueur(s)<\/li>\n<\/ul>\n","protected":false},"featured_media":2140,"comment_status":"open","ping_status":"closed","template":"","meta":{"colormag_page_container_layout":"default_layout","colormag_page_sidebar_layout":"default_layout"},"product_brand":[],"product_cat":[37],"product_tag":[],"class_list":{"0":"post-2139","1":"product","2":"type-product","3":"status-publish","4":"has-post-thumbnail","6":"product_cat-ne-ratez-pas","8":"first","9":"instock","10":"taxable","11":"shipping-taxable","12":"purchasable","13":"product-type-simple"},"yoast_head":"<!-- This site is optimized with the Yoast SEO plugin v27.4 - https:\/\/yoast.com\/product\/yoast-seo-wordpress\/ -->\n<title>Celestia - Croc Jeux<\/title>\n<meta name=\"robots\" content=\"index, follow, max-snippet:-1, max-image-preview:large, max-video-preview:-1\" \/>\n<link rel=\"canonical\" href=\"https:\/\/crocjeux.com\/index.php\/produit\/celestia\/\" \/>\n<meta property=\"og:locale\" content=\"fr_FR\" \/>\n<meta property=\"og:type\" content=\"article\" \/>\n<meta property=\"og:title\" content=\"Celestia - Croc Jeux\" \/>\n<meta property=\"og:description\" content=\"Vous embarquez dans un a\u00e9ronef avec une \u00e9quipe d&#039;aventuriers pour effectuer de nombreux voyages dans les cit\u00e9s de Celestia et r\u00e9cup\u00e9rer leurs merveilleux tr\u00e9sors. Votre p\u00e9riple ne se fera pas sans danger mais vous tenterez de devenir l\u2019aventurier le plus riche en collectionnant les tr\u00e9sors les plus pr\u00e9cieux !     Anglais, Fran\u00e7ais, Hollandais  \u00a0\u00e0 partir de 8 ans  \u00a0moins de 30mn  \u00a02 \u00e0 6 joueur(s)\" \/>\n<meta property=\"og:url\" content=\"https:\/\/crocjeux.com\/index.php\/produit\/celestia\/\" \/>\n<meta property=\"og:site_name\" content=\"Croc Jeux\" \/>\n<meta property=\"article:modified_time\" content=\"2023-03-09T13:09:53+00:00\" \/>\n<meta property=\"og:image\" content=\"https:\/\/crocjeux.com\/wp-content\/uploads\/2021\/02\/celestia.jpg\" \/>\n\t<meta property=\"og:image:width\" content=\"372\" \/>\n\t<meta property=\"og:image:height\" content=\"372\" \/>\n\t<meta property=\"og:image:type\" content=\"image\/jpeg\" \/>\n<meta name=\"twitter:card\" content=\"summary_large_image\" \/>\n<meta name=\"twitter:label1\" content=\"Dur\u00e9e de lecture estim\u00e9e\" \/>\n\t<meta name=\"twitter:data1\" content=\"2 minutes\" \/>\n<script type=\"application\/ld+json\" class=\"yoast-schema-graph\">{\"@context\":\"https:\\\/\\\/schema.org\",\"@graph\":[{\"@type\":\"WebPage\",\"@id\":\"https:\\\/\\\/crocjeux.com\\\/index.php\\\/produit\\\/celestia\\\/\",\"url\":\"https:\\\/\\\/crocjeux.com\\\/index.php\\\/produit\\\/celestia\\\/\",\"name\":\"Celestia - Croc Jeux\",\"isPartOf\":{\"@id\":\"https:\\\/\\\/crocjeux.com\\\/#website\"},\"primaryImageOfPage\":{\"@id\":\"https:\\\/\\\/crocjeux.com\\\/index.php\\\/produit\\\/celestia\\\/#primaryimage\"},\"image\":{\"@id\":\"https:\\\/\\\/crocjeux.com\\\/index.php\\\/produit\\\/celestia\\\/#primaryimage\"},\"thumbnailUrl\":\"https:\\\/\\\/crocjeux.com\\\/wp-content\\\/uploads\\\/2021\\\/02\\\/celestia.jpg\",\"datePublished\":\"2021-02-09T14:37:15+00:00\",\"dateModified\":\"2023-03-09T13:09:53+00:00\",\"breadcrumb\":{\"@id\":\"https:\\\/\\\/crocjeux.com\\\/index.php\\\/produit\\\/celestia\\\/#breadcrumb\"},\"inLanguage\":\"fr-FR\",\"potentialAction\":[{\"@type\":\"ReadAction\",\"target\":[\"https:\\\/\\\/crocjeux.com\\\/index.php\\\/produit\\\/celestia\\\/\"]}]},{\"@type\":\"ImageObject\",\"inLanguage\":\"fr-FR\",\"@id\":\"https:\\\/\\\/crocjeux.com\\\/index.php\\\/produit\\\/celestia\\\/#primaryimage\",\"url\":\"https:\\\/\\\/crocjeux.com\\\/wp-content\\\/uploads\\\/2021\\\/02\\\/celestia.jpg\",\"contentUrl\":\"https:\\\/\\\/crocjeux.com\\\/wp-content\\\/uploads\\\/2021\\\/02\\\/celestia.jpg\",\"width\":372,\"height\":372},{\"@type\":\"BreadcrumbList\",\"@id\":\"https:\\\/\\\/crocjeux.com\\\/index.php\\\/produit\\\/celestia\\\/#breadcrumb\",\"itemListElement\":[{\"@type\":\"ListItem\",\"position\":1,\"name\":\"Accueil\",\"item\":\"https:\\\/\\\/crocjeux.com\\\/\"},{\"@type\":\"ListItem\",\"position\":2,\"name\":\"Boutique\",\"item\":\"https:\\\/\\\/crocjeux.com\\\/\"},{\"@type\":\"ListItem\",\"position\":3,\"name\":\"Celestia\"}]},{\"@type\":\"WebSite\",\"@id\":\"https:\\\/\\\/crocjeux.com\\\/#website\",\"url\":\"https:\\\/\\\/crocjeux.com\\\/\",\"name\":\"Croc Jeux\",\"description\":\"Bienvenue chez Croc Jeux!\",\"publisher\":{\"@id\":\"https:\\\/\\\/crocjeux.com\\\/#organization\"},\"potentialAction\":[{\"@type\":\"SearchAction\",\"target\":{\"@type\":\"EntryPoint\",\"urlTemplate\":\"https:\\\/\\\/crocjeux.com\\\/?s={search_term_string}\"},\"query-input\":{\"@type\":\"PropertyValueSpecification\",\"valueRequired\":true,\"valueName\":\"search_term_string\"}}],\"inLanguage\":\"fr-FR\"},{\"@type\":\"Organization\",\"@id\":\"https:\\\/\\\/crocjeux.com\\\/#organization\",\"name\":\"Croc Jeux\",\"url\":\"https:\\\/\\\/crocjeux.com\\\/\",\"logo\":{\"@type\":\"ImageObject\",\"inLanguage\":\"fr-FR\",\"@id\":\"https:\\\/\\\/crocjeux.com\\\/#\\\/schema\\\/logo\\\/image\\\/\",\"url\":\"https:\\\/\\\/crocjeux.com\\\/wp-content\\\/uploads\\\/2022\\\/01\\\/cropped-logo-croc-etape-1-e1644574034239.jpg\",\"contentUrl\":\"https:\\\/\\\/crocjeux.com\\\/wp-content\\\/uploads\\\/2022\\\/01\\\/cropped-logo-croc-etape-1-e1644574034239.jpg\",\"width\":1224,\"height\":314,\"caption\":\"Croc Jeux\"},\"image\":{\"@id\":\"https:\\\/\\\/crocjeux.com\\\/#\\\/schema\\\/logo\\\/image\\\/\"}}]}<\/script>\n<!-- \/ Yoast SEO plugin. -->","yoast_head_json":{"title":"Celestia - Croc Jeux","robots":{"index":"index","follow":"follow","max-snippet":"max-snippet:-1","max-image-preview":"max-image-preview:large","max-video-preview":"max-video-preview:-1"},"canonical":"https:\/\/crocjeux.com\/index.php\/produit\/celestia\/","og_locale":"fr_FR","og_type":"article","og_title":"Celestia - Croc Jeux","og_description":"Vous embarquez dans un a\u00e9ronef avec une \u00e9quipe d'aventuriers pour effectuer de nombreux voyages dans les cit\u00e9s de Celestia et r\u00e9cup\u00e9rer leurs merveilleux tr\u00e9sors. Votre p\u00e9riple ne se fera pas sans danger mais vous tenterez de devenir l\u2019aventurier le plus riche en collectionnant les tr\u00e9sors les plus pr\u00e9cieux !     Anglais, Fran\u00e7ais, Hollandais  \u00a0\u00e0 partir de 8 ans  \u00a0moins de 30mn  \u00a02 \u00e0 6 joueur(s)","og_url":"https:\/\/crocjeux.com\/index.php\/produit\/celestia\/","og_site_name":"Croc Jeux","article_modified_time":"2023-03-09T13:09:53+00:00","og_image":[{"width":372,"height":372,"url":"https:\/\/crocjeux.com\/wp-content\/uploads\/2021\/02\/celestia.jpg","type":"image\/jpeg"}],"twitter_card":"summary_large_image","twitter_misc":{"Dur\u00e9e de lecture estim\u00e9e":"2 minutes"},"schema":{"@context":"https:\/\/schema.org","@graph":[{"@type":"WebPage","@id":"https:\/\/crocjeux.com\/index.php\/produit\/celestia\/","url":"https:\/\/crocjeux.com\/index.php\/produit\/celestia\/","name":"Celestia - Croc Jeux","isPartOf":{"@id":"https:\/\/crocjeux.com\/#website"},"primaryImageOfPage":{"@id":"https:\/\/crocjeux.com\/index.php\/produit\/celestia\/#primaryimage"},"image":{"@id":"https:\/\/crocjeux.com\/index.php\/produit\/celestia\/#primaryimage"},"thumbnailUrl":"https:\/\/crocjeux.com\/wp-content\/uploads\/2021\/02\/celestia.jpg","datePublished":"2021-02-09T14:37:15+00:00","dateModified":"2023-03-09T13:09:53+00:00","breadcrumb":{"@id":"https:\/\/crocjeux.com\/index.php\/produit\/celestia\/#breadcrumb"},"inLanguage":"fr-FR","potentialAction":[{"@type":"ReadAction","target":["https:\/\/crocjeux.com\/index.php\/produit\/celestia\/"]}]},{"@type":"ImageObject","inLanguage":"fr-FR","@id":"https:\/\/crocjeux.com\/index.php\/produit\/celestia\/#primaryimage","url":"https:\/\/crocjeux.com\/wp-content\/uploads\/2021\/02\/celestia.jpg","contentUrl":"https:\/\/crocjeux.com\/wp-content\/uploads\/2021\/02\/celestia.jpg","width":372,"height":372},{"@type":"BreadcrumbList","@id":"https:\/\/crocjeux.com\/index.php\/produit\/celestia\/#breadcrumb","itemListElement":[{"@type":"ListItem","position":1,"name":"Accueil","item":"https:\/\/crocjeux.com\/"},{"@type":"ListItem","position":2,"name":"Boutique","item":"https:\/\/crocjeux.com\/"},{"@type":"ListItem","position":3,"name":"Celestia"}]},{"@type":"WebSite","@id":"https:\/\/crocjeux.com\/#website","url":"https:\/\/crocjeux.com\/","name":"Croc Jeux","description":"Bienvenue chez Croc Jeux!","publisher":{"@id":"https:\/\/crocjeux.com\/#organization"},"potentialAction":[{"@type":"SearchAction","target":{"@type":"EntryPoint","urlTemplate":"https:\/\/crocjeux.com\/?s={search_term_string}"},"query-input":{"@type":"PropertyValueSpecification","valueRequired":true,"valueName":"search_term_string"}}],"inLanguage":"fr-FR"},{"@type":"Organization","@id":"https:\/\/crocjeux.com\/#organization","name":"Croc Jeux","url":"https:\/\/crocjeux.com\/","logo":{"@type":"ImageObject","inLanguage":"fr-FR","@id":"https:\/\/crocjeux.com\/#\/schema\/logo\/image\/","url":"https:\/\/crocjeux.com\/wp-content\/uploads\/2022\/01\/cropped-logo-croc-etape-1-e1644574034239.jpg","contentUrl":"https:\/\/crocjeux.com\/wp-content\/uploads\/2022\/01\/cropped-logo-croc-etape-1-e1644574034239.jpg","width":1224,"height":314,"caption":"Croc Jeux"},"image":{"@id":"https:\/\/crocjeux.com\/#\/schema\/logo\/image\/"}}]}},"_links":{"self":[{"href":"https:\/\/crocjeux.com\/index.php\/wp-json\/wp\/v2\/product\/2139","targetHints":{"allow":["GET"]}}],"collection":[{"href":"https:\/\/crocjeux.com\/index.php\/wp-json\/wp\/v2\/product"}],"about":[{"href":"https:\/\/crocjeux.com\/index.php\/wp-json\/wp\/v2\/types\/product"}],"replies":[{"embeddable":true,"href":"https:\/\/crocjeux.com\/index.php\/wp-json\/wp\/v2\/comments?post=2139"}],"wp:featuredmedia":[{"embeddable":true,"href":"https:\/\/crocjeux.com\/index.php\/wp-json\/wp\/v2\/media\/2140"}],"wp:attachment":[{"href":"https:\/\/crocjeux.com\/index.php\/wp-json\/wp\/v2\/media?parent=2139"}],"wp:term":[{"taxonomy":"product_brand","embeddable":true,"href":"https:\/\/crocjeux.com\/index.php\/wp-json\/wp\/v2\/product_brand?post=2139"},{"taxonomy":"product_cat","embeddable":true,"href":"https:\/\/crocjeux.com\/index.php\/wp-json\/wp\/v2\/product_cat?post=2139"},{"taxonomy":"product_tag","embeddable":true,"href":"https:\/\/crocjeux.com\/index.php\/wp-json\/wp\/v2\/product_tag?post=2139"}],"curies":[{"name":"wp","href":"https:\/\/api.w.org\/{rel}","templated":true}]}}