{"id":2184,"date":"2021-02-15T18:24:54","date_gmt":"2021-02-15T17:24:54","guid":{"rendered":"https:\/\/crocjeux.com\/?post_type=product&#038;p=2184"},"modified":"2025-02-12T18:43:10","modified_gmt":"2025-02-12T17:43:10","slug":"pandemic-in-vitro","status":"publish","type":"product","link":"https:\/\/crocjeux.com\/index.php\/produit\/pandemic-in-vitro\/","title":{"rendered":"Pandemic &#8211; In Vitro"},"content":{"rendered":"<p style=\"text-align: justify;\">Dans Pandemic &#8211; In Vitro, la deuxi\u00e8me extension pour Pandemic, vous utiliserez un nouveau plateau de jeu qui vous permet de d\u00e9placer les pions dans un laboratoire. Le but de cette activit\u00e9 est le m\u00eame que dans le jeu de base &#8211; trouver des rem\u00e8des aux maladies &#8211; mais cette fois d&rsquo;une nouvelle fa\u00e7on. Derri\u00e8re des portes scell\u00e9es contre les risques biologiques, les scientifiques courent contre la montre pour s\u00e9quencer les maladies, pr\u00e9lever des \u00e9chantillons et tester les rem\u00e8des.<\/p>\n<p style=\"text-align: justify;\">Pandemic &#8211; In Vitro comprend quatre nouveaux r\u00f4les, de nouvelles souches virulentes et un sc\u00e9nario de panique mondiale post-mutation. Les joueurs peuvent s&rsquo;affronter individuellement ou dans des \u00e9quipes rivales (lorsqu&rsquo;ils jouent \u00e0 quatre ou six joueurs). Votre \u00e9quipe est-elle capable de travailler ensemble au laboratoire pour sauver l&rsquo;humanit\u00e9 ?<\/p>\n<p style=\"text-align: justify;\">Pandemic &#8211; In Vitro n\u00e9cessite le jeu de base. Deux des trois sc\u00e9narios exigent \u00e9galement Pandemic : Au Seuil de La Catastrophe.<\/p>\n","protected":false},"excerpt":{"rendered":"<div id=\"short_description_block\">\n<div id=\"short_description_content\" class=\"rte align_justify hide-smartphone\">La deuxi\u00e8me extension pour Pandemic.<\/div>\n<\/div>\n<ul class=\"illustrated_features\">\n<li class=\"langue tooltips\" title=\"\" data-hasqtip=\"5\">Fran\u00e7ais<\/li>\n<li class=\"age tooltips\" title=\"\" data-hasqtip=\"6\" aria-describedby=\"qtip-6\">\u00a0\u00e0 partir de 10 ans<\/li>\n<li class=\"duree_partie tooltips\" title=\"\" data-hasqtip=\"7\">\u00a030mn \u00e0 1h<\/li>\n<li class=\"nb_joueurs tooltips\" title=\"\" data-hasqtip=\"8\" aria-describedby=\"qtip-8\">\u00a01 \u00e0 6 joueur(s)<\/li>\n<\/ul>\n","protected":false},"featured_media":2185,"comment_status":"open","ping_status":"closed","template":"","meta":{"colormag_page_container_layout":"default_layout","colormag_page_sidebar_layout":"default_layout"},"product_brand":[],"product_cat":[82,120],"product_tag":[],"class_list":{"0":"post-2184","1":"product","2":"type-product","3":"status-publish","4":"has-post-thumbnail","6":"product_cat-pandemic-jeux-collaboratifs","7":"product_cat-pandemic-jeux-experts","9":"first","10":"outofstock","11":"taxable","12":"shipping-taxable","13":"purchasable","14":"product-type-simple"},"yoast_head":"<!-- This site is optimized with the Yoast SEO plugin v27.1.1 - https:\/\/yoast.com\/product\/yoast-seo-wordpress\/ -->\n<title>Pandemic - In Vitro - Croc Jeux<\/title>\n<meta name=\"robots\" content=\"index, follow, max-snippet:-1, max-image-preview:large, max-video-preview:-1\" \/>\n<link rel=\"canonical\" href=\"https:\/\/crocjeux.com\/index.php\/produit\/pandemic-in-vitro\/\" \/>\n<meta property=\"og:locale\" content=\"fr_FR\" \/>\n<meta property=\"og:type\" content=\"article\" \/>\n<meta property=\"og:title\" content=\"Pandemic - In Vitro - Croc Jeux\" \/>\n<meta property=\"og:description\" content=\"La deuxi\u00e8me extension pour Pandemic.    Fran\u00e7ais  \u00a0\u00e0 partir de 10 ans  \u00a030mn \u00e0 1h  \u00a01 \u00e0 6 joueur(s)\" \/>\n<meta property=\"og:url\" content=\"https:\/\/crocjeux.com\/index.php\/produit\/pandemic-in-vitro\/\" \/>\n<meta property=\"og:site_name\" content=\"Croc Jeux\" \/>\n<meta property=\"article:modified_time\" content=\"2025-02-12T17:43:10+00:00\" \/>\n<meta property=\"og:image\" content=\"https:\/\/crocjeux.com\/wp-content\/uploads\/2021\/02\/pandemic-in-vitro.jpg\" \/>\n\t<meta property=\"og:image:width\" content=\"372\" \/>\n\t<meta property=\"og:image:height\" content=\"372\" \/>\n\t<meta property=\"og:image:type\" content=\"image\/jpeg\" \/>\n<meta name=\"twitter:card\" content=\"summary_large_image\" \/>\n<meta name=\"twitter:label1\" content=\"Dur\u00e9e de lecture estim\u00e9e\" \/>\n\t<meta name=\"twitter:data1\" content=\"1 minute\" \/>\n<script type=\"application\/ld+json\" class=\"yoast-schema-graph\">{\"@context\":\"https:\/\/schema.org\",\"@graph\":[{\"@type\":\"WebPage\",\"@id\":\"https:\/\/crocjeux.com\/index.php\/produit\/pandemic-in-vitro\/\",\"url\":\"https:\/\/crocjeux.com\/index.php\/produit\/pandemic-in-vitro\/\",\"name\":\"Pandemic - In Vitro - Croc Jeux\",\"isPartOf\":{\"@id\":\"https:\/\/crocjeux.com\/#website\"},\"primaryImageOfPage\":{\"@id\":\"https:\/\/crocjeux.com\/index.php\/produit\/pandemic-in-vitro\/#primaryimage\"},\"image\":{\"@id\":\"https:\/\/crocjeux.com\/index.php\/produit\/pandemic-in-vitro\/#primaryimage\"},\"thumbnailUrl\":\"https:\/\/crocjeux.com\/wp-content\/uploads\/2021\/02\/pandemic-in-vitro.jpg\",\"datePublished\":\"2021-02-15T17:24:54+00:00\",\"dateModified\":\"2025-02-12T17:43:10+00:00\",\"breadcrumb\":{\"@id\":\"https:\/\/crocjeux.com\/index.php\/produit\/pandemic-in-vitro\/#breadcrumb\"},\"inLanguage\":\"fr-FR\",\"potentialAction\":[{\"@type\":\"ReadAction\",\"target\":[\"https:\/\/crocjeux.com\/index.php\/produit\/pandemic-in-vitro\/\"]}]},{\"@type\":\"ImageObject\",\"inLanguage\":\"fr-FR\",\"@id\":\"https:\/\/crocjeux.com\/index.php\/produit\/pandemic-in-vitro\/#primaryimage\",\"url\":\"https:\/\/crocjeux.com\/wp-content\/uploads\/2021\/02\/pandemic-in-vitro.jpg\",\"contentUrl\":\"https:\/\/crocjeux.com\/wp-content\/uploads\/2021\/02\/pandemic-in-vitro.jpg\",\"width\":372,\"height\":372},{\"@type\":\"BreadcrumbList\",\"@id\":\"https:\/\/crocjeux.com\/index.php\/produit\/pandemic-in-vitro\/#breadcrumb\",\"itemListElement\":[{\"@type\":\"ListItem\",\"position\":1,\"name\":\"Accueil\",\"item\":\"https:\/\/crocjeux.com\/\"},{\"@type\":\"ListItem\",\"position\":2,\"name\":\"Boutique\",\"item\":\"https:\/\/crocjeux.com\/\"},{\"@type\":\"ListItem\",\"position\":3,\"name\":\"Pandemic &#8211; In Vitro\"}]},{\"@type\":\"WebSite\",\"@id\":\"https:\/\/crocjeux.com\/#website\",\"url\":\"https:\/\/crocjeux.com\/\",\"name\":\"Croc Jeux\",\"description\":\"Bienvenue chez Croc Jeux!\",\"publisher\":{\"@id\":\"https:\/\/crocjeux.com\/#organization\"},\"potentialAction\":[{\"@type\":\"SearchAction\",\"target\":{\"@type\":\"EntryPoint\",\"urlTemplate\":\"https:\/\/crocjeux.com\/?s={search_term_string}\"},\"query-input\":{\"@type\":\"PropertyValueSpecification\",\"valueRequired\":true,\"valueName\":\"search_term_string\"}}],\"inLanguage\":\"fr-FR\"},{\"@type\":\"Organization\",\"@id\":\"https:\/\/crocjeux.com\/#organization\",\"name\":\"Croc Jeux\",\"url\":\"https:\/\/crocjeux.com\/\",\"logo\":{\"@type\":\"ImageObject\",\"inLanguage\":\"fr-FR\",\"@id\":\"https:\/\/crocjeux.com\/#\/schema\/logo\/image\/\",\"url\":\"https:\/\/crocjeux.com\/wp-content\/uploads\/2022\/01\/cropped-logo-croc-etape-1-e1644574034239.jpg\",\"contentUrl\":\"https:\/\/crocjeux.com\/wp-content\/uploads\/2022\/01\/cropped-logo-croc-etape-1-e1644574034239.jpg\",\"width\":1224,\"height\":314,\"caption\":\"Croc Jeux\"},\"image\":{\"@id\":\"https:\/\/crocjeux.com\/#\/schema\/logo\/image\/\"}}]}<\/script>\n<!-- \/ Yoast SEO plugin. -->","yoast_head_json":{"title":"Pandemic - In Vitro - Croc Jeux","robots":{"index":"index","follow":"follow","max-snippet":"max-snippet:-1","max-image-preview":"max-image-preview:large","max-video-preview":"max-video-preview:-1"},"canonical":"https:\/\/crocjeux.com\/index.php\/produit\/pandemic-in-vitro\/","og_locale":"fr_FR","og_type":"article","og_title":"Pandemic - In Vitro - Croc Jeux","og_description":"La deuxi\u00e8me extension pour Pandemic.    Fran\u00e7ais  \u00a0\u00e0 partir de 10 ans  \u00a030mn \u00e0 1h  \u00a01 \u00e0 6 joueur(s)","og_url":"https:\/\/crocjeux.com\/index.php\/produit\/pandemic-in-vitro\/","og_site_name":"Croc Jeux","article_modified_time":"2025-02-12T17:43:10+00:00","og_image":[{"width":372,"height":372,"url":"https:\/\/crocjeux.com\/wp-content\/uploads\/2021\/02\/pandemic-in-vitro.jpg","type":"image\/jpeg"}],"twitter_card":"summary_large_image","twitter_misc":{"Dur\u00e9e de lecture estim\u00e9e":"1 minute"},"schema":{"@context":"https:\/\/schema.org","@graph":[{"@type":"WebPage","@id":"https:\/\/crocjeux.com\/index.php\/produit\/pandemic-in-vitro\/","url":"https:\/\/crocjeux.com\/index.php\/produit\/pandemic-in-vitro\/","name":"Pandemic - In Vitro - Croc Jeux","isPartOf":{"@id":"https:\/\/crocjeux.com\/#website"},"primaryImageOfPage":{"@id":"https:\/\/crocjeux.com\/index.php\/produit\/pandemic-in-vitro\/#primaryimage"},"image":{"@id":"https:\/\/crocjeux.com\/index.php\/produit\/pandemic-in-vitro\/#primaryimage"},"thumbnailUrl":"https:\/\/crocjeux.com\/wp-content\/uploads\/2021\/02\/pandemic-in-vitro.jpg","datePublished":"2021-02-15T17:24:54+00:00","dateModified":"2025-02-12T17:43:10+00:00","breadcrumb":{"@id":"https:\/\/crocjeux.com\/index.php\/produit\/pandemic-in-vitro\/#breadcrumb"},"inLanguage":"fr-FR","potentialAction":[{"@type":"ReadAction","target":["https:\/\/crocjeux.com\/index.php\/produit\/pandemic-in-vitro\/"]}]},{"@type":"ImageObject","inLanguage":"fr-FR","@id":"https:\/\/crocjeux.com\/index.php\/produit\/pandemic-in-vitro\/#primaryimage","url":"https:\/\/crocjeux.com\/wp-content\/uploads\/2021\/02\/pandemic-in-vitro.jpg","contentUrl":"https:\/\/crocjeux.com\/wp-content\/uploads\/2021\/02\/pandemic-in-vitro.jpg","width":372,"height":372},{"@type":"BreadcrumbList","@id":"https:\/\/crocjeux.com\/index.php\/produit\/pandemic-in-vitro\/#breadcrumb","itemListElement":[{"@type":"ListItem","position":1,"name":"Accueil","item":"https:\/\/crocjeux.com\/"},{"@type":"ListItem","position":2,"name":"Boutique","item":"https:\/\/crocjeux.com\/"},{"@type":"ListItem","position":3,"name":"Pandemic &#8211; In Vitro"}]},{"@type":"WebSite","@id":"https:\/\/crocjeux.com\/#website","url":"https:\/\/crocjeux.com\/","name":"Croc Jeux","description":"Bienvenue chez Croc Jeux!","publisher":{"@id":"https:\/\/crocjeux.com\/#organization"},"potentialAction":[{"@type":"SearchAction","target":{"@type":"EntryPoint","urlTemplate":"https:\/\/crocjeux.com\/?s={search_term_string}"},"query-input":{"@type":"PropertyValueSpecification","valueRequired":true,"valueName":"search_term_string"}}],"inLanguage":"fr-FR"},{"@type":"Organization","@id":"https:\/\/crocjeux.com\/#organization","name":"Croc Jeux","url":"https:\/\/crocjeux.com\/","logo":{"@type":"ImageObject","inLanguage":"fr-FR","@id":"https:\/\/crocjeux.com\/#\/schema\/logo\/image\/","url":"https:\/\/crocjeux.com\/wp-content\/uploads\/2022\/01\/cropped-logo-croc-etape-1-e1644574034239.jpg","contentUrl":"https:\/\/crocjeux.com\/wp-content\/uploads\/2022\/01\/cropped-logo-croc-etape-1-e1644574034239.jpg","width":1224,"height":314,"caption":"Croc Jeux"},"image":{"@id":"https:\/\/crocjeux.com\/#\/schema\/logo\/image\/"}}]}},"_links":{"self":[{"href":"https:\/\/crocjeux.com\/index.php\/wp-json\/wp\/v2\/product\/2184","targetHints":{"allow":["GET"]}}],"collection":[{"href":"https:\/\/crocjeux.com\/index.php\/wp-json\/wp\/v2\/product"}],"about":[{"href":"https:\/\/crocjeux.com\/index.php\/wp-json\/wp\/v2\/types\/product"}],"replies":[{"embeddable":true,"href":"https:\/\/crocjeux.com\/index.php\/wp-json\/wp\/v2\/comments?post=2184"}],"wp:featuredmedia":[{"embeddable":true,"href":"https:\/\/crocjeux.com\/index.php\/wp-json\/wp\/v2\/media\/2185"}],"wp:attachment":[{"href":"https:\/\/crocjeux.com\/index.php\/wp-json\/wp\/v2\/media?parent=2184"}],"wp:term":[{"taxonomy":"product_brand","embeddable":true,"href":"https:\/\/crocjeux.com\/index.php\/wp-json\/wp\/v2\/product_brand?post=2184"},{"taxonomy":"product_cat","embeddable":true,"href":"https:\/\/crocjeux.com\/index.php\/wp-json\/wp\/v2\/product_cat?post=2184"},{"taxonomy":"product_tag","embeddable":true,"href":"https:\/\/crocjeux.com\/index.php\/wp-json\/wp\/v2\/product_tag?post=2184"}],"curies":[{"name":"wp","href":"https:\/\/api.w.org\/{rel}","templated":true}]}}