{"id":2190,"date":"2021-02-16T18:31:22","date_gmt":"2021-02-16T17:31:22","guid":{"rendered":"https:\/\/crocjeux.com\/?post_type=product&#038;p=2190"},"modified":"2026-01-28T15:13:11","modified_gmt":"2026-01-28T14:13:11","slug":"heros-dragons-manuel-des-regles","status":"publish","type":"product","link":"https:\/\/crocjeux.com\/index.php\/produit\/heros-dragons-manuel-des-regles\/","title":{"rendered":"H\u00e9ros &#038; Dragons &#8211; Manuel des R\u00e8gles"},"content":{"rendered":"<div>Le Manuel des r\u00e8gles est l\u2019ouvrage indispensable pour jouer \u00e0 H\u00e9ros &amp; Dragons. Gr\u00e2ce \u00e0 lui, d\u00e9couvrez le jeu de r\u00f4le, cr\u00e9ez votre personnage, g\u00e9rez sa progression, apprenez les r\u00e8gles du jeu et lancez-vous \u00e0 l\u2019aventure avec vos amis !<\/div>\n<div><\/div>\n<div>Affrontez de terribles meutes de gobelins dans les ruines d\u2019antiques cit\u00e9s ensevelies, d\u00e9jouez les complots de tristes sires dans les ruelles sombres des grandes cit\u00e9s marchandes et corrompues, prot\u00e9gez une famille d\u2019un monstre sauvage issu d&rsquo;une for\u00eat maudite et retrouvez les tr\u00e9sors cach\u00e9s de terribles tyrans oubli\u00e9s.<\/div>\n<div><\/div>\n<div>Vous trouverez dans le Manuel des r\u00e8gles :<\/div>\n<div>\n<ul>\n<li>les explications pour jouer au jeu de r\u00f4le<\/li>\n<li>les r\u00e8gles de cr\u00e9ation des personnages de H\u00e9ros &amp; Dragons<\/li>\n<li>la description des races, classes, historiques, dons et \u00e9quipements qui leur donneront corps<\/li>\n<li>les r\u00e8gles du jeu, des alignements et des combats<\/li>\n<li>la description des sorts et du fonctionnement de la magie<\/li>\n<li>et tant d\u2019autres choses encore !<\/li>\n<\/ul>\n<\/div>\n<div>H\u00e9ros &amp; Dragons est un jeu de r\u00f4le bas\u00e9 sur les m\u00e9caniques de l\u2019OGL5 et d\u00e9velopp\u00e9 par les talents de la r\u00e9daction de Casus Belli, le magazine de r\u00e9f\u00e9rence des jeux de r\u00f4le.<\/div>\n","protected":false},"excerpt":{"rendered":"<p>Le Manuel des r\u00e8gles est l\u2019ouvrage indispensable pour jouer \u00e0 H\u00e9ros &amp; Dragons. Gr\u00e2ce \u00e0 lui, d\u00e9couvrez le jeu de r\u00f4le, cr\u00e9ez votre personnage, g\u00e9rez sa progression, apprenez les r\u00e8gles du jeu et lancez-vous \u00e0 l\u2019aventure avec vos amis !<\/p>\n","protected":false},"featured_media":2191,"comment_status":"open","ping_status":"closed","template":"","meta":{"colormag_page_container_layout":"default_layout","colormag_page_sidebar_layout":"default_layout"},"product_brand":[],"product_cat":[19,35],"product_tag":[],"class_list":{"0":"post-2190","1":"product","2":"type-product","3":"status-publish","4":"has-post-thumbnail","6":"product_cat-goodies","7":"product_cat-jeux-jdr","9":"first","10":"instock","11":"taxable","12":"shipping-taxable","13":"purchasable","14":"product-type-simple"},"yoast_head":"<!-- This site is optimized with the Yoast SEO plugin v27.4 - https:\/\/yoast.com\/product\/yoast-seo-wordpress\/ -->\n<title>H\u00e9ros &amp; Dragons - Manuel des R\u00e8gles - Croc Jeux<\/title>\n<meta name=\"robots\" content=\"index, follow, max-snippet:-1, max-image-preview:large, max-video-preview:-1\" \/>\n<link rel=\"canonical\" href=\"https:\/\/crocjeux.com\/index.php\/produit\/heros-dragons-manuel-des-regles\/\" \/>\n<meta property=\"og:locale\" content=\"fr_FR\" \/>\n<meta property=\"og:type\" content=\"article\" \/>\n<meta property=\"og:title\" content=\"H\u00e9ros &amp; Dragons - Manuel des R\u00e8gles - Croc Jeux\" \/>\n<meta property=\"og:description\" content=\"Le Manuel des r\u00e8gles est l\u2019ouvrage indispensable pour jouer \u00e0 H\u00e9ros &amp; Dragons. Gr\u00e2ce \u00e0 lui, d\u00e9couvrez le jeu de r\u00f4le, cr\u00e9ez votre personnage, g\u00e9rez sa progression, apprenez les r\u00e8gles du jeu et lancez-vous \u00e0 l\u2019aventure avec vos amis !\" \/>\n<meta property=\"og:url\" content=\"https:\/\/crocjeux.com\/index.php\/produit\/heros-dragons-manuel-des-regles\/\" \/>\n<meta property=\"og:site_name\" content=\"Croc Jeux\" \/>\n<meta property=\"article:modified_time\" content=\"2026-01-28T14:13:11+00:00\" \/>\n<meta property=\"og:image\" content=\"https:\/\/crocjeux.com\/wp-content\/uploads\/2021\/02\/heros-dragons-manuel-des-regles.jpg\" \/>\n\t<meta property=\"og:image:width\" content=\"372\" \/>\n\t<meta property=\"og:image:height\" content=\"372\" \/>\n\t<meta property=\"og:image:type\" content=\"image\/jpeg\" \/>\n<meta name=\"twitter:card\" content=\"summary_large_image\" \/>\n<meta name=\"twitter:label1\" content=\"Dur\u00e9e de lecture estim\u00e9e\" \/>\n\t<meta name=\"twitter:data1\" content=\"2 minutes\" \/>\n<script type=\"application\/ld+json\" class=\"yoast-schema-graph\">{\"@context\":\"https:\\\/\\\/schema.org\",\"@graph\":[{\"@type\":\"WebPage\",\"@id\":\"https:\\\/\\\/crocjeux.com\\\/index.php\\\/produit\\\/heros-dragons-manuel-des-regles\\\/\",\"url\":\"https:\\\/\\\/crocjeux.com\\\/index.php\\\/produit\\\/heros-dragons-manuel-des-regles\\\/\",\"name\":\"H\u00e9ros & Dragons - Manuel des R\u00e8gles - Croc Jeux\",\"isPartOf\":{\"@id\":\"https:\\\/\\\/crocjeux.com\\\/#website\"},\"primaryImageOfPage\":{\"@id\":\"https:\\\/\\\/crocjeux.com\\\/index.php\\\/produit\\\/heros-dragons-manuel-des-regles\\\/#primaryimage\"},\"image\":{\"@id\":\"https:\\\/\\\/crocjeux.com\\\/index.php\\\/produit\\\/heros-dragons-manuel-des-regles\\\/#primaryimage\"},\"thumbnailUrl\":\"https:\\\/\\\/crocjeux.com\\\/wp-content\\\/uploads\\\/2021\\\/02\\\/heros-dragons-manuel-des-regles.jpg\",\"datePublished\":\"2021-02-16T17:31:22+00:00\",\"dateModified\":\"2026-01-28T14:13:11+00:00\",\"breadcrumb\":{\"@id\":\"https:\\\/\\\/crocjeux.com\\\/index.php\\\/produit\\\/heros-dragons-manuel-des-regles\\\/#breadcrumb\"},\"inLanguage\":\"fr-FR\",\"potentialAction\":[{\"@type\":\"ReadAction\",\"target\":[\"https:\\\/\\\/crocjeux.com\\\/index.php\\\/produit\\\/heros-dragons-manuel-des-regles\\\/\"]}]},{\"@type\":\"ImageObject\",\"inLanguage\":\"fr-FR\",\"@id\":\"https:\\\/\\\/crocjeux.com\\\/index.php\\\/produit\\\/heros-dragons-manuel-des-regles\\\/#primaryimage\",\"url\":\"https:\\\/\\\/crocjeux.com\\\/wp-content\\\/uploads\\\/2021\\\/02\\\/heros-dragons-manuel-des-regles.jpg\",\"contentUrl\":\"https:\\\/\\\/crocjeux.com\\\/wp-content\\\/uploads\\\/2021\\\/02\\\/heros-dragons-manuel-des-regles.jpg\",\"width\":372,\"height\":372},{\"@type\":\"BreadcrumbList\",\"@id\":\"https:\\\/\\\/crocjeux.com\\\/index.php\\\/produit\\\/heros-dragons-manuel-des-regles\\\/#breadcrumb\",\"itemListElement\":[{\"@type\":\"ListItem\",\"position\":1,\"name\":\"Accueil\",\"item\":\"https:\\\/\\\/crocjeux.com\\\/\"},{\"@type\":\"ListItem\",\"position\":2,\"name\":\"Boutique\",\"item\":\"https:\\\/\\\/crocjeux.com\\\/\"},{\"@type\":\"ListItem\",\"position\":3,\"name\":\"H\u00e9ros &#038; Dragons &#8211; Manuel des R\u00e8gles\"}]},{\"@type\":\"WebSite\",\"@id\":\"https:\\\/\\\/crocjeux.com\\\/#website\",\"url\":\"https:\\\/\\\/crocjeux.com\\\/\",\"name\":\"Croc Jeux\",\"description\":\"Bienvenue chez Croc Jeux!\",\"publisher\":{\"@id\":\"https:\\\/\\\/crocjeux.com\\\/#organization\"},\"potentialAction\":[{\"@type\":\"SearchAction\",\"target\":{\"@type\":\"EntryPoint\",\"urlTemplate\":\"https:\\\/\\\/crocjeux.com\\\/?s={search_term_string}\"},\"query-input\":{\"@type\":\"PropertyValueSpecification\",\"valueRequired\":true,\"valueName\":\"search_term_string\"}}],\"inLanguage\":\"fr-FR\"},{\"@type\":\"Organization\",\"@id\":\"https:\\\/\\\/crocjeux.com\\\/#organization\",\"name\":\"Croc Jeux\",\"url\":\"https:\\\/\\\/crocjeux.com\\\/\",\"logo\":{\"@type\":\"ImageObject\",\"inLanguage\":\"fr-FR\",\"@id\":\"https:\\\/\\\/crocjeux.com\\\/#\\\/schema\\\/logo\\\/image\\\/\",\"url\":\"https:\\\/\\\/crocjeux.com\\\/wp-content\\\/uploads\\\/2022\\\/01\\\/cropped-logo-croc-etape-1-e1644574034239.jpg\",\"contentUrl\":\"https:\\\/\\\/crocjeux.com\\\/wp-content\\\/uploads\\\/2022\\\/01\\\/cropped-logo-croc-etape-1-e1644574034239.jpg\",\"width\":1224,\"height\":314,\"caption\":\"Croc Jeux\"},\"image\":{\"@id\":\"https:\\\/\\\/crocjeux.com\\\/#\\\/schema\\\/logo\\\/image\\\/\"}}]}<\/script>\n<!-- \/ Yoast SEO plugin. -->","yoast_head_json":{"title":"H\u00e9ros & Dragons - Manuel des R\u00e8gles - Croc Jeux","robots":{"index":"index","follow":"follow","max-snippet":"max-snippet:-1","max-image-preview":"max-image-preview:large","max-video-preview":"max-video-preview:-1"},"canonical":"https:\/\/crocjeux.com\/index.php\/produit\/heros-dragons-manuel-des-regles\/","og_locale":"fr_FR","og_type":"article","og_title":"H\u00e9ros & Dragons - Manuel des R\u00e8gles - Croc Jeux","og_description":"Le Manuel des r\u00e8gles est l\u2019ouvrage indispensable pour jouer \u00e0 H\u00e9ros &amp; Dragons. Gr\u00e2ce \u00e0 lui, d\u00e9couvrez le jeu de r\u00f4le, cr\u00e9ez votre personnage, g\u00e9rez sa progression, apprenez les r\u00e8gles du jeu et lancez-vous \u00e0 l\u2019aventure avec vos amis !","og_url":"https:\/\/crocjeux.com\/index.php\/produit\/heros-dragons-manuel-des-regles\/","og_site_name":"Croc Jeux","article_modified_time":"2026-01-28T14:13:11+00:00","og_image":[{"width":372,"height":372,"url":"https:\/\/crocjeux.com\/wp-content\/uploads\/2021\/02\/heros-dragons-manuel-des-regles.jpg","type":"image\/jpeg"}],"twitter_card":"summary_large_image","twitter_misc":{"Dur\u00e9e de lecture estim\u00e9e":"2 minutes"},"schema":{"@context":"https:\/\/schema.org","@graph":[{"@type":"WebPage","@id":"https:\/\/crocjeux.com\/index.php\/produit\/heros-dragons-manuel-des-regles\/","url":"https:\/\/crocjeux.com\/index.php\/produit\/heros-dragons-manuel-des-regles\/","name":"H\u00e9ros & Dragons - Manuel des R\u00e8gles - Croc Jeux","isPartOf":{"@id":"https:\/\/crocjeux.com\/#website"},"primaryImageOfPage":{"@id":"https:\/\/crocjeux.com\/index.php\/produit\/heros-dragons-manuel-des-regles\/#primaryimage"},"image":{"@id":"https:\/\/crocjeux.com\/index.php\/produit\/heros-dragons-manuel-des-regles\/#primaryimage"},"thumbnailUrl":"https:\/\/crocjeux.com\/wp-content\/uploads\/2021\/02\/heros-dragons-manuel-des-regles.jpg","datePublished":"2021-02-16T17:31:22+00:00","dateModified":"2026-01-28T14:13:11+00:00","breadcrumb":{"@id":"https:\/\/crocjeux.com\/index.php\/produit\/heros-dragons-manuel-des-regles\/#breadcrumb"},"inLanguage":"fr-FR","potentialAction":[{"@type":"ReadAction","target":["https:\/\/crocjeux.com\/index.php\/produit\/heros-dragons-manuel-des-regles\/"]}]},{"@type":"ImageObject","inLanguage":"fr-FR","@id":"https:\/\/crocjeux.com\/index.php\/produit\/heros-dragons-manuel-des-regles\/#primaryimage","url":"https:\/\/crocjeux.com\/wp-content\/uploads\/2021\/02\/heros-dragons-manuel-des-regles.jpg","contentUrl":"https:\/\/crocjeux.com\/wp-content\/uploads\/2021\/02\/heros-dragons-manuel-des-regles.jpg","width":372,"height":372},{"@type":"BreadcrumbList","@id":"https:\/\/crocjeux.com\/index.php\/produit\/heros-dragons-manuel-des-regles\/#breadcrumb","itemListElement":[{"@type":"ListItem","position":1,"name":"Accueil","item":"https:\/\/crocjeux.com\/"},{"@type":"ListItem","position":2,"name":"Boutique","item":"https:\/\/crocjeux.com\/"},{"@type":"ListItem","position":3,"name":"H\u00e9ros &#038; Dragons &#8211; Manuel des R\u00e8gles"}]},{"@type":"WebSite","@id":"https:\/\/crocjeux.com\/#website","url":"https:\/\/crocjeux.com\/","name":"Croc Jeux","description":"Bienvenue chez Croc Jeux!","publisher":{"@id":"https:\/\/crocjeux.com\/#organization"},"potentialAction":[{"@type":"SearchAction","target":{"@type":"EntryPoint","urlTemplate":"https:\/\/crocjeux.com\/?s={search_term_string}"},"query-input":{"@type":"PropertyValueSpecification","valueRequired":true,"valueName":"search_term_string"}}],"inLanguage":"fr-FR"},{"@type":"Organization","@id":"https:\/\/crocjeux.com\/#organization","name":"Croc Jeux","url":"https:\/\/crocjeux.com\/","logo":{"@type":"ImageObject","inLanguage":"fr-FR","@id":"https:\/\/crocjeux.com\/#\/schema\/logo\/image\/","url":"https:\/\/crocjeux.com\/wp-content\/uploads\/2022\/01\/cropped-logo-croc-etape-1-e1644574034239.jpg","contentUrl":"https:\/\/crocjeux.com\/wp-content\/uploads\/2022\/01\/cropped-logo-croc-etape-1-e1644574034239.jpg","width":1224,"height":314,"caption":"Croc Jeux"},"image":{"@id":"https:\/\/crocjeux.com\/#\/schema\/logo\/image\/"}}]}},"_links":{"self":[{"href":"https:\/\/crocjeux.com\/index.php\/wp-json\/wp\/v2\/product\/2190","targetHints":{"allow":["GET"]}}],"collection":[{"href":"https:\/\/crocjeux.com\/index.php\/wp-json\/wp\/v2\/product"}],"about":[{"href":"https:\/\/crocjeux.com\/index.php\/wp-json\/wp\/v2\/types\/product"}],"replies":[{"embeddable":true,"href":"https:\/\/crocjeux.com\/index.php\/wp-json\/wp\/v2\/comments?post=2190"}],"wp:featuredmedia":[{"embeddable":true,"href":"https:\/\/crocjeux.com\/index.php\/wp-json\/wp\/v2\/media\/2191"}],"wp:attachment":[{"href":"https:\/\/crocjeux.com\/index.php\/wp-json\/wp\/v2\/media?parent=2190"}],"wp:term":[{"taxonomy":"product_brand","embeddable":true,"href":"https:\/\/crocjeux.com\/index.php\/wp-json\/wp\/v2\/product_brand?post=2190"},{"taxonomy":"product_cat","embeddable":true,"href":"https:\/\/crocjeux.com\/index.php\/wp-json\/wp\/v2\/product_cat?post=2190"},{"taxonomy":"product_tag","embeddable":true,"href":"https:\/\/crocjeux.com\/index.php\/wp-json\/wp\/v2\/product_tag?post=2190"}],"curies":[{"name":"wp","href":"https:\/\/api.w.org\/{rel}","templated":true}]}}