{"id":223,"date":"2020-11-02T12:16:30","date_gmt":"2020-11-02T11:16:30","guid":{"rendered":"https:\/\/crocjeux.com\/?post_type=product&#038;p=223"},"modified":"2021-04-21T14:22:31","modified_gmt":"2021-04-21T13:22:31","slug":"heros-dragons-boite-dinitiation-role-n-play","status":"publish","type":"product","link":"https:\/\/crocjeux.com\/index.php\/produit\/heros-dragons-boite-dinitiation-role-n-play\/","title":{"rendered":"H\u00e9ros &#038; Dragons &#8211; Bo\u00eete d&rsquo;Initiation R\u00f4le &lsquo;N Play"},"content":{"rendered":"<section id=\"tab-description\" class=\"page-product-box r-tabs-panel r-tabs-state-active\">\n<div class=\"rte\">\n<h2>H\u00e9ros &amp; Dragons, d\u00e9couvrez le jeu de r\u00f4le en douceur avec les h\u00e9ros de R\u00f4le &lsquo;N Play, le c\u00e9l\u00e8bre Actual Play de Julien Dutel!<\/h2>\n<div>H\u00e9ros &amp; Dragons est un jeu de r\u00f4le qui plonge les joueurs dans des aventures l\u00e9gendaires au sein d\u2019un univers m\u00e9di\u00e9val fantastique.<\/div>\n<div>Le jeu de r\u00f4le est consid\u00e9r\u00e9 comme \u00ab le roi des jeux \u00bb. Simplement, ce loisir souffre aussi d\u2019avoir la r\u00e9putation d\u2019\u00eatre un jeu aride, difficile d\u2019acc\u00e8s. La bo\u00eete que vous tenez entre les mains vient tordre le cou \u00e0 ce clich\u00e9. Quatre livrets s\u00e9par\u00e9s vous permettent de rentrer en douceur dans le jeu.<\/div>\n<div><\/div>\n<div>Vous commencez l\u2019aventure par une petite nouvelle qui va rapidement se transformer en jeu dont vous \u00eates le h\u00e9ros. Ensuite, il vous sera demand\u00e9 d\u2019appeler quelques amis \u00e0 la rescousse. Vous serez ensemble les h\u00e9ros de l\u2019histoire et ces p\u00e9rip\u00e9ties vous permettront \u00e9galement de vous familiariser petit \u00e0 petit avec les concepts et les r\u00e8gles du jeu.<\/div>\n<div>Enfin, apr\u00e8s cette entr\u00e9e en mati\u00e8re, vous trouverez les r\u00e8gles simplifi\u00e9es du jeu, expliqu\u00e9es de la fa\u00e7on la plus p\u00e9dagogique et ludique possible, ainsi que deux aventures pr\u00eates \u00e0 jouer pour boucler l\u2019histoire d\u00e9but\u00e9e au d\u00e9but de votre lecture. L\u2019un d\u2019entre vous jouera alors le r\u00f4le de meneur de jeu, accompagn\u00e9 \u00e0 chaque pas par les conseils d\u00e9livr\u00e9s dans le Livret 4, pour une premi\u00e8re v\u00e9ritable partie de jeu de r\u00f4le !<\/div>\n<div><\/div>\n<div>D\u00e9marrez seul et invitez ensuite vos amis !<\/div>\n<div><\/div>\n<div>Vous trouverez dans cette bo\u00eete :<\/div>\n<div>\n<ul>\n<li>Le Livret 1, un jeu dont on est le h\u00e9ros, pour commencer \u00e0 vivre les formidables aventures de Beric<\/li>\n<li>Le Livret 2, le livre des h\u00e9ros, qui permet de continuer l\u2019histoire \u00e0 plusieurs<\/li>\n<li>Le Livret 3, le livre des r\u00e8gles, pour d\u00e9couvrir les r\u00e8gles simplifi\u00e9es de H\u00e9ros &amp; Dragons<\/li>\n<li>Le Livret 4, le grimoire du meneur de jeu, qui renferme les secrets pour celle ou celui qui aura le privil\u00e8ge et le plaisir de tenir le r\u00f4le de meneur.<\/li>\n<li>Les fiches de personnage des quatre h\u00e9ros du jeu et des six h\u00e9ros de R\u00f4le&rsquo;n Play.<\/li>\n<li>Un \u00e9cran pour le meneur de jeu.<\/li>\n<li>Une surface de jeu effa\u00e7able \u00e0 sec \u00e0 deux faces (une ambiance nature, l&rsquo;autre souterraine).<\/li>\n<li>Des pions cartonn\u00e9s pour repr\u00e9senter les h\u00e9ros et leurs adversaires.<\/li>\n<li>Des cartes de sorts, pour chaque personnage.<\/li>\n<li>Un set complet des d\u00e9s indispensables pour jouer<\/li>\n<\/ul>\n<\/div>\n<\/div>\n<\/section>\n","protected":false},"excerpt":{"rendered":"<div id=\"short_description_block\">\n<div id=\"short_description_content\" class=\"rte align_justify hide-smartphone\">H\u00e9ros &amp; Dragons est un jeu de r\u00f4le qui plonge les joueurs dans des aventures l\u00e9gendaires au sein d\u2019un univers m\u00e9di\u00e9val fantastique.<\/div>\n<\/div>\n","protected":false},"featured_media":224,"comment_status":"open","ping_status":"closed","template":"","meta":{"colormag_page_container_layout":"default_layout","colormag_page_sidebar_layout":"default_layout"},"product_brand":[],"product_cat":[35,29],"product_tag":[],"class_list":{"0":"post-223","1":"product","2":"type-product","3":"status-publish","4":"has-post-thumbnail","6":"product_cat-jeux-jdr","7":"product_cat-jeux-2-joueurs","9":"first","10":"outofstock","11":"taxable","12":"shipping-taxable","13":"purchasable","14":"product-type-simple"},"yoast_head":"<!-- This site is optimized with the Yoast SEO plugin v27.3 - https:\/\/yoast.com\/product\/yoast-seo-wordpress\/ -->\n<title>H\u00e9ros &amp; Dragons - Bo\u00eete d&#039;Initiation R\u00f4le &#039;N Play - Croc Jeux<\/title>\n<meta name=\"robots\" content=\"index, follow, max-snippet:-1, max-image-preview:large, max-video-preview:-1\" \/>\n<link rel=\"canonical\" href=\"https:\/\/crocjeux.com\/index.php\/produit\/heros-dragons-boite-dinitiation-role-n-play\/\" \/>\n<meta property=\"og:locale\" content=\"fr_FR\" \/>\n<meta property=\"og:type\" content=\"article\" \/>\n<meta property=\"og:title\" content=\"H\u00e9ros &amp; Dragons - Bo\u00eete d&#039;Initiation R\u00f4le &#039;N Play - Croc Jeux\" \/>\n<meta property=\"og:description\" content=\"H\u00e9ros &amp; Dragons est un jeu de r\u00f4le qui plonge les joueurs dans des aventures l\u00e9gendaires au sein d\u2019un univers m\u00e9di\u00e9val fantastique.\" \/>\n<meta property=\"og:url\" content=\"https:\/\/crocjeux.com\/index.php\/produit\/heros-dragons-boite-dinitiation-role-n-play\/\" \/>\n<meta property=\"og:site_name\" content=\"Croc Jeux\" \/>\n<meta property=\"article:modified_time\" content=\"2021-04-21T13:22:31+00:00\" \/>\n<meta property=\"og:image\" content=\"https:\/\/crocjeux.com\/wp-content\/uploads\/2020\/11\/hetd_init.png\" \/>\n\t<meta property=\"og:image:width\" content=\"858\" \/>\n\t<meta property=\"og:image:height\" content=\"832\" \/>\n\t<meta property=\"og:image:type\" content=\"image\/png\" \/>\n<meta name=\"twitter:card\" content=\"summary_large_image\" \/>\n<meta name=\"twitter:label1\" content=\"Dur\u00e9e de lecture estim\u00e9e\" \/>\n\t<meta name=\"twitter:data1\" content=\"2 minutes\" \/>\n<script type=\"application\/ld+json\" class=\"yoast-schema-graph\">{\"@context\":\"https:\\\/\\\/schema.org\",\"@graph\":[{\"@type\":\"WebPage\",\"@id\":\"https:\\\/\\\/crocjeux.com\\\/index.php\\\/produit\\\/heros-dragons-boite-dinitiation-role-n-play\\\/\",\"url\":\"https:\\\/\\\/crocjeux.com\\\/index.php\\\/produit\\\/heros-dragons-boite-dinitiation-role-n-play\\\/\",\"name\":\"H\u00e9ros & Dragons - Bo\u00eete d'Initiation R\u00f4le 'N Play - Croc Jeux\",\"isPartOf\":{\"@id\":\"https:\\\/\\\/crocjeux.com\\\/#website\"},\"primaryImageOfPage\":{\"@id\":\"https:\\\/\\\/crocjeux.com\\\/index.php\\\/produit\\\/heros-dragons-boite-dinitiation-role-n-play\\\/#primaryimage\"},\"image\":{\"@id\":\"https:\\\/\\\/crocjeux.com\\\/index.php\\\/produit\\\/heros-dragons-boite-dinitiation-role-n-play\\\/#primaryimage\"},\"thumbnailUrl\":\"https:\\\/\\\/crocjeux.com\\\/wp-content\\\/uploads\\\/2020\\\/11\\\/hetd_init.png\",\"datePublished\":\"2020-11-02T11:16:30+00:00\",\"dateModified\":\"2021-04-21T13:22:31+00:00\",\"breadcrumb\":{\"@id\":\"https:\\\/\\\/crocjeux.com\\\/index.php\\\/produit\\\/heros-dragons-boite-dinitiation-role-n-play\\\/#breadcrumb\"},\"inLanguage\":\"fr-FR\",\"potentialAction\":[{\"@type\":\"ReadAction\",\"target\":[\"https:\\\/\\\/crocjeux.com\\\/index.php\\\/produit\\\/heros-dragons-boite-dinitiation-role-n-play\\\/\"]}]},{\"@type\":\"ImageObject\",\"inLanguage\":\"fr-FR\",\"@id\":\"https:\\\/\\\/crocjeux.com\\\/index.php\\\/produit\\\/heros-dragons-boite-dinitiation-role-n-play\\\/#primaryimage\",\"url\":\"https:\\\/\\\/crocjeux.com\\\/wp-content\\\/uploads\\\/2020\\\/11\\\/hetd_init.png\",\"contentUrl\":\"https:\\\/\\\/crocjeux.com\\\/wp-content\\\/uploads\\\/2020\\\/11\\\/hetd_init.png\",\"width\":858,\"height\":832},{\"@type\":\"BreadcrumbList\",\"@id\":\"https:\\\/\\\/crocjeux.com\\\/index.php\\\/produit\\\/heros-dragons-boite-dinitiation-role-n-play\\\/#breadcrumb\",\"itemListElement\":[{\"@type\":\"ListItem\",\"position\":1,\"name\":\"Accueil\",\"item\":\"https:\\\/\\\/crocjeux.com\\\/\"},{\"@type\":\"ListItem\",\"position\":2,\"name\":\"Boutique\",\"item\":\"https:\\\/\\\/crocjeux.com\\\/\"},{\"@type\":\"ListItem\",\"position\":3,\"name\":\"H\u00e9ros &#038; Dragons &#8211; Bo\u00eete d&#8217;Initiation R\u00f4le &#8216;N Play\"}]},{\"@type\":\"WebSite\",\"@id\":\"https:\\\/\\\/crocjeux.com\\\/#website\",\"url\":\"https:\\\/\\\/crocjeux.com\\\/\",\"name\":\"Croc Jeux\",\"description\":\"Bienvenue chez Croc Jeux!\",\"publisher\":{\"@id\":\"https:\\\/\\\/crocjeux.com\\\/#organization\"},\"potentialAction\":[{\"@type\":\"SearchAction\",\"target\":{\"@type\":\"EntryPoint\",\"urlTemplate\":\"https:\\\/\\\/crocjeux.com\\\/?s={search_term_string}\"},\"query-input\":{\"@type\":\"PropertyValueSpecification\",\"valueRequired\":true,\"valueName\":\"search_term_string\"}}],\"inLanguage\":\"fr-FR\"},{\"@type\":\"Organization\",\"@id\":\"https:\\\/\\\/crocjeux.com\\\/#organization\",\"name\":\"Croc Jeux\",\"url\":\"https:\\\/\\\/crocjeux.com\\\/\",\"logo\":{\"@type\":\"ImageObject\",\"inLanguage\":\"fr-FR\",\"@id\":\"https:\\\/\\\/crocjeux.com\\\/#\\\/schema\\\/logo\\\/image\\\/\",\"url\":\"https:\\\/\\\/crocjeux.com\\\/wp-content\\\/uploads\\\/2022\\\/01\\\/cropped-logo-croc-etape-1-e1644574034239.jpg\",\"contentUrl\":\"https:\\\/\\\/crocjeux.com\\\/wp-content\\\/uploads\\\/2022\\\/01\\\/cropped-logo-croc-etape-1-e1644574034239.jpg\",\"width\":1224,\"height\":314,\"caption\":\"Croc Jeux\"},\"image\":{\"@id\":\"https:\\\/\\\/crocjeux.com\\\/#\\\/schema\\\/logo\\\/image\\\/\"}}]}<\/script>\n<!-- \/ Yoast SEO plugin. -->","yoast_head_json":{"title":"H\u00e9ros & Dragons - Bo\u00eete d'Initiation R\u00f4le 'N Play - Croc Jeux","robots":{"index":"index","follow":"follow","max-snippet":"max-snippet:-1","max-image-preview":"max-image-preview:large","max-video-preview":"max-video-preview:-1"},"canonical":"https:\/\/crocjeux.com\/index.php\/produit\/heros-dragons-boite-dinitiation-role-n-play\/","og_locale":"fr_FR","og_type":"article","og_title":"H\u00e9ros & Dragons - Bo\u00eete d'Initiation R\u00f4le 'N Play - Croc Jeux","og_description":"H\u00e9ros &amp; Dragons est un jeu de r\u00f4le qui plonge les joueurs dans des aventures l\u00e9gendaires au sein d\u2019un univers m\u00e9di\u00e9val fantastique.","og_url":"https:\/\/crocjeux.com\/index.php\/produit\/heros-dragons-boite-dinitiation-role-n-play\/","og_site_name":"Croc Jeux","article_modified_time":"2021-04-21T13:22:31+00:00","og_image":[{"width":858,"height":832,"url":"https:\/\/crocjeux.com\/wp-content\/uploads\/2020\/11\/hetd_init.png","type":"image\/png"}],"twitter_card":"summary_large_image","twitter_misc":{"Dur\u00e9e de lecture estim\u00e9e":"2 minutes"},"schema":{"@context":"https:\/\/schema.org","@graph":[{"@type":"WebPage","@id":"https:\/\/crocjeux.com\/index.php\/produit\/heros-dragons-boite-dinitiation-role-n-play\/","url":"https:\/\/crocjeux.com\/index.php\/produit\/heros-dragons-boite-dinitiation-role-n-play\/","name":"H\u00e9ros & Dragons - Bo\u00eete d'Initiation R\u00f4le 'N Play - Croc Jeux","isPartOf":{"@id":"https:\/\/crocjeux.com\/#website"},"primaryImageOfPage":{"@id":"https:\/\/crocjeux.com\/index.php\/produit\/heros-dragons-boite-dinitiation-role-n-play\/#primaryimage"},"image":{"@id":"https:\/\/crocjeux.com\/index.php\/produit\/heros-dragons-boite-dinitiation-role-n-play\/#primaryimage"},"thumbnailUrl":"https:\/\/crocjeux.com\/wp-content\/uploads\/2020\/11\/hetd_init.png","datePublished":"2020-11-02T11:16:30+00:00","dateModified":"2021-04-21T13:22:31+00:00","breadcrumb":{"@id":"https:\/\/crocjeux.com\/index.php\/produit\/heros-dragons-boite-dinitiation-role-n-play\/#breadcrumb"},"inLanguage":"fr-FR","potentialAction":[{"@type":"ReadAction","target":["https:\/\/crocjeux.com\/index.php\/produit\/heros-dragons-boite-dinitiation-role-n-play\/"]}]},{"@type":"ImageObject","inLanguage":"fr-FR","@id":"https:\/\/crocjeux.com\/index.php\/produit\/heros-dragons-boite-dinitiation-role-n-play\/#primaryimage","url":"https:\/\/crocjeux.com\/wp-content\/uploads\/2020\/11\/hetd_init.png","contentUrl":"https:\/\/crocjeux.com\/wp-content\/uploads\/2020\/11\/hetd_init.png","width":858,"height":832},{"@type":"BreadcrumbList","@id":"https:\/\/crocjeux.com\/index.php\/produit\/heros-dragons-boite-dinitiation-role-n-play\/#breadcrumb","itemListElement":[{"@type":"ListItem","position":1,"name":"Accueil","item":"https:\/\/crocjeux.com\/"},{"@type":"ListItem","position":2,"name":"Boutique","item":"https:\/\/crocjeux.com\/"},{"@type":"ListItem","position":3,"name":"H\u00e9ros &#038; Dragons &#8211; Bo\u00eete d&#8217;Initiation R\u00f4le &#8216;N Play"}]},{"@type":"WebSite","@id":"https:\/\/crocjeux.com\/#website","url":"https:\/\/crocjeux.com\/","name":"Croc Jeux","description":"Bienvenue chez Croc Jeux!","publisher":{"@id":"https:\/\/crocjeux.com\/#organization"},"potentialAction":[{"@type":"SearchAction","target":{"@type":"EntryPoint","urlTemplate":"https:\/\/crocjeux.com\/?s={search_term_string}"},"query-input":{"@type":"PropertyValueSpecification","valueRequired":true,"valueName":"search_term_string"}}],"inLanguage":"fr-FR"},{"@type":"Organization","@id":"https:\/\/crocjeux.com\/#organization","name":"Croc Jeux","url":"https:\/\/crocjeux.com\/","logo":{"@type":"ImageObject","inLanguage":"fr-FR","@id":"https:\/\/crocjeux.com\/#\/schema\/logo\/image\/","url":"https:\/\/crocjeux.com\/wp-content\/uploads\/2022\/01\/cropped-logo-croc-etape-1-e1644574034239.jpg","contentUrl":"https:\/\/crocjeux.com\/wp-content\/uploads\/2022\/01\/cropped-logo-croc-etape-1-e1644574034239.jpg","width":1224,"height":314,"caption":"Croc Jeux"},"image":{"@id":"https:\/\/crocjeux.com\/#\/schema\/logo\/image\/"}}]}},"_links":{"self":[{"href":"https:\/\/crocjeux.com\/index.php\/wp-json\/wp\/v2\/product\/223","targetHints":{"allow":["GET"]}}],"collection":[{"href":"https:\/\/crocjeux.com\/index.php\/wp-json\/wp\/v2\/product"}],"about":[{"href":"https:\/\/crocjeux.com\/index.php\/wp-json\/wp\/v2\/types\/product"}],"replies":[{"embeddable":true,"href":"https:\/\/crocjeux.com\/index.php\/wp-json\/wp\/v2\/comments?post=223"}],"wp:featuredmedia":[{"embeddable":true,"href":"https:\/\/crocjeux.com\/index.php\/wp-json\/wp\/v2\/media\/224"}],"wp:attachment":[{"href":"https:\/\/crocjeux.com\/index.php\/wp-json\/wp\/v2\/media?parent=223"}],"wp:term":[{"taxonomy":"product_brand","embeddable":true,"href":"https:\/\/crocjeux.com\/index.php\/wp-json\/wp\/v2\/product_brand?post=223"},{"taxonomy":"product_cat","embeddable":true,"href":"https:\/\/crocjeux.com\/index.php\/wp-json\/wp\/v2\/product_cat?post=223"},{"taxonomy":"product_tag","embeddable":true,"href":"https:\/\/crocjeux.com\/index.php\/wp-json\/wp\/v2\/product_tag?post=223"}],"curies":[{"name":"wp","href":"https:\/\/api.w.org\/{rel}","templated":true}]}}