{"id":2238,"date":"2021-03-15T11:10:23","date_gmt":"2021-03-15T10:10:23","guid":{"rendered":"https:\/\/crocjeux.com\/?post_type=product&#038;p=2238"},"modified":"2022-03-11T11:46:54","modified_gmt":"2022-03-11T10:46:54","slug":"unmatched-battle-of-legends-vol-i","status":"publish","type":"product","link":"https:\/\/crocjeux.com\/index.php\/produit\/unmatched-battle-of-legends-vol-i\/","title":{"rendered":"Unmatched &#8211; Combats de L\u00e9gende Vol. I"},"content":{"rendered":"<h2>Le syst\u00e8me Unmatched est un jeu de combat de figurines asym\u00e9trique pour deux \u00e0 quatre joueurs.<\/h2>\n<p>Chaque h\u00e9ros est repr\u00e9sent\u00e9 par un jeu de cartes unique con\u00e7u pour \u00e9voquer son style et sa l\u00e9gende. Les mouvements tactiques et la r\u00e9solution des combats sans chance cr\u00e9ent une exp\u00e9rience de jeu unique qui r\u00e9compense l&rsquo;expertise, mais d\u00e8s que vous ma\u00eetrisez un jeu, de nouveaux h\u00e9ros arrivent pour vous offrir de nouveaux matchs.<\/p>\n<p>Le premier volume de Battle of Legends met en sc\u00e8ne quatre h\u00e9ros. Le roi Arthur sacrifie des cartes pour renforcer ses attaques et b\u00e9n\u00e9ficie de l&rsquo;aide opportune de la magie de Merlin. Alice revient du Pays des Merveilles avec une lame vorpaline g\u00e9ante et le Jabberwock \u00e0 ses c\u00f4t\u00e9s alors qu&rsquo;elle grandit et r\u00e9tr\u00e9cit pour gagner des avantages en attaque et en d\u00e9fense. Medusa est heureuse d&rsquo;attaquer \u00e0 distance et de laisser ses harpies vous pourchasser, mais un seul regard d\u00e9vastateur pourrait mettre fin \u00e0 la bataille rapidement. Sinbad grandit en puissance \u00e0 mesure qu&rsquo;il gagne de l&rsquo;exp\u00e9rience \u00e0 chacun de ses voyages.<br \/>\nLe combat se r\u00e9sout rapidement en comparant les cartes d&rsquo;attaque et de d\u00e9fense. Cependant, les effets uniques de chaque carte et un syst\u00e8me de timing simple mais profond conduisent \u00e0 des d\u00e9cisions int\u00e9ressantes \u00e0 chaque fois. Le jeu propose \u00e9galement une version mise \u00e0 jour du syst\u00e8me de ligne de vis\u00e9e de Tannh\u00e4user pour les attaques \u00e0 distance et les effets de zone.<br \/>\nLe jeu comprend un plateau \u00e0 double face avec deux champs de bataille diff\u00e9rents, des figurines pr\u00e9peintes pour chaque h\u00e9ros et des traqueurs de vie personnalis\u00e9s qui ont pris vie gr\u00e2ce aux magnifiques illustrations d&rsquo;Oliver Barrett et des \u00e9quipes de conception combin\u00e9es de Restoration Games et Mondo Games.<\/p>\n","protected":false},"excerpt":{"rendered":"<p>Un jeu d&rsquo;escarmouche accessible mais qui sait varier les gameplays!<\/p>\n","protected":false},"featured_media":2318,"comment_status":"open","ping_status":"closed","template":"","meta":{"colormag_page_container_layout":"default_layout","colormag_page_sidebar_layout":"default_layout"},"product_brand":[],"product_cat":[29],"product_tag":[],"class_list":{"0":"post-2238","1":"product","2":"type-product","3":"status-publish","4":"has-post-thumbnail","6":"product_cat-jeux-2-joueurs","8":"first","9":"instock","10":"taxable","11":"shipping-taxable","12":"purchasable","13":"product-type-simple"},"yoast_head":"<!-- This site is optimized with the Yoast SEO plugin v27.4 - https:\/\/yoast.com\/product\/yoast-seo-wordpress\/ -->\n<title>Unmatched - Combats de L\u00e9gende Vol. I - Croc Jeux<\/title>\n<meta name=\"robots\" content=\"index, follow, max-snippet:-1, max-image-preview:large, max-video-preview:-1\" \/>\n<link rel=\"canonical\" href=\"https:\/\/crocjeux.com\/index.php\/produit\/unmatched-battle-of-legends-vol-i\/\" \/>\n<meta property=\"og:locale\" content=\"fr_FR\" \/>\n<meta property=\"og:type\" content=\"article\" \/>\n<meta property=\"og:title\" content=\"Unmatched - Combats de L\u00e9gende Vol. I - Croc Jeux\" \/>\n<meta property=\"og:description\" content=\"Un jeu d&#039;escarmouche accessible mais qui sait varier les gameplays!\" \/>\n<meta property=\"og:url\" content=\"https:\/\/crocjeux.com\/index.php\/produit\/unmatched-battle-of-legends-vol-i\/\" \/>\n<meta property=\"og:site_name\" content=\"Croc Jeux\" \/>\n<meta property=\"article:modified_time\" content=\"2022-03-11T10:46:54+00:00\" \/>\n<meta property=\"og:image\" content=\"https:\/\/crocjeux.com\/wp-content\/uploads\/2021\/03\/unmatched-combats-de-legende.png\" \/>\n\t<meta property=\"og:image:width\" content=\"600\" \/>\n\t<meta property=\"og:image:height\" content=\"600\" \/>\n\t<meta property=\"og:image:type\" content=\"image\/png\" \/>\n<meta name=\"twitter:card\" content=\"summary_large_image\" \/>\n<meta name=\"twitter:label1\" content=\"Dur\u00e9e de lecture estim\u00e9e\" \/>\n\t<meta name=\"twitter:data1\" content=\"2 minutes\" \/>\n<script type=\"application\/ld+json\" class=\"yoast-schema-graph\">{\"@context\":\"https:\\\/\\\/schema.org\",\"@graph\":[{\"@type\":\"WebPage\",\"@id\":\"https:\\\/\\\/crocjeux.com\\\/index.php\\\/produit\\\/unmatched-battle-of-legends-vol-i\\\/\",\"url\":\"https:\\\/\\\/crocjeux.com\\\/index.php\\\/produit\\\/unmatched-battle-of-legends-vol-i\\\/\",\"name\":\"Unmatched - Combats de L\u00e9gende Vol. I - Croc Jeux\",\"isPartOf\":{\"@id\":\"https:\\\/\\\/crocjeux.com\\\/#website\"},\"primaryImageOfPage\":{\"@id\":\"https:\\\/\\\/crocjeux.com\\\/index.php\\\/produit\\\/unmatched-battle-of-legends-vol-i\\\/#primaryimage\"},\"image\":{\"@id\":\"https:\\\/\\\/crocjeux.com\\\/index.php\\\/produit\\\/unmatched-battle-of-legends-vol-i\\\/#primaryimage\"},\"thumbnailUrl\":\"https:\\\/\\\/crocjeux.com\\\/wp-content\\\/uploads\\\/2021\\\/03\\\/unmatched-combats-de-legende.png\",\"datePublished\":\"2021-03-15T10:10:23+00:00\",\"dateModified\":\"2022-03-11T10:46:54+00:00\",\"breadcrumb\":{\"@id\":\"https:\\\/\\\/crocjeux.com\\\/index.php\\\/produit\\\/unmatched-battle-of-legends-vol-i\\\/#breadcrumb\"},\"inLanguage\":\"fr-FR\",\"potentialAction\":[{\"@type\":\"ReadAction\",\"target\":[\"https:\\\/\\\/crocjeux.com\\\/index.php\\\/produit\\\/unmatched-battle-of-legends-vol-i\\\/\"]}]},{\"@type\":\"ImageObject\",\"inLanguage\":\"fr-FR\",\"@id\":\"https:\\\/\\\/crocjeux.com\\\/index.php\\\/produit\\\/unmatched-battle-of-legends-vol-i\\\/#primaryimage\",\"url\":\"https:\\\/\\\/crocjeux.com\\\/wp-content\\\/uploads\\\/2021\\\/03\\\/unmatched-combats-de-legende.png\",\"contentUrl\":\"https:\\\/\\\/crocjeux.com\\\/wp-content\\\/uploads\\\/2021\\\/03\\\/unmatched-combats-de-legende.png\",\"width\":600,\"height\":600},{\"@type\":\"BreadcrumbList\",\"@id\":\"https:\\\/\\\/crocjeux.com\\\/index.php\\\/produit\\\/unmatched-battle-of-legends-vol-i\\\/#breadcrumb\",\"itemListElement\":[{\"@type\":\"ListItem\",\"position\":1,\"name\":\"Accueil\",\"item\":\"https:\\\/\\\/crocjeux.com\\\/\"},{\"@type\":\"ListItem\",\"position\":2,\"name\":\"Boutique\",\"item\":\"https:\\\/\\\/crocjeux.com\\\/\"},{\"@type\":\"ListItem\",\"position\":3,\"name\":\"Unmatched &#8211; Combats de L\u00e9gende Vol. I\"}]},{\"@type\":\"WebSite\",\"@id\":\"https:\\\/\\\/crocjeux.com\\\/#website\",\"url\":\"https:\\\/\\\/crocjeux.com\\\/\",\"name\":\"Croc Jeux\",\"description\":\"Bienvenue chez Croc Jeux!\",\"publisher\":{\"@id\":\"https:\\\/\\\/crocjeux.com\\\/#organization\"},\"potentialAction\":[{\"@type\":\"SearchAction\",\"target\":{\"@type\":\"EntryPoint\",\"urlTemplate\":\"https:\\\/\\\/crocjeux.com\\\/?s={search_term_string}\"},\"query-input\":{\"@type\":\"PropertyValueSpecification\",\"valueRequired\":true,\"valueName\":\"search_term_string\"}}],\"inLanguage\":\"fr-FR\"},{\"@type\":\"Organization\",\"@id\":\"https:\\\/\\\/crocjeux.com\\\/#organization\",\"name\":\"Croc Jeux\",\"url\":\"https:\\\/\\\/crocjeux.com\\\/\",\"logo\":{\"@type\":\"ImageObject\",\"inLanguage\":\"fr-FR\",\"@id\":\"https:\\\/\\\/crocjeux.com\\\/#\\\/schema\\\/logo\\\/image\\\/\",\"url\":\"https:\\\/\\\/crocjeux.com\\\/wp-content\\\/uploads\\\/2022\\\/01\\\/cropped-logo-croc-etape-1-e1644574034239.jpg\",\"contentUrl\":\"https:\\\/\\\/crocjeux.com\\\/wp-content\\\/uploads\\\/2022\\\/01\\\/cropped-logo-croc-etape-1-e1644574034239.jpg\",\"width\":1224,\"height\":314,\"caption\":\"Croc Jeux\"},\"image\":{\"@id\":\"https:\\\/\\\/crocjeux.com\\\/#\\\/schema\\\/logo\\\/image\\\/\"}}]}<\/script>\n<!-- \/ Yoast SEO plugin. -->","yoast_head_json":{"title":"Unmatched - Combats de L\u00e9gende Vol. I - Croc Jeux","robots":{"index":"index","follow":"follow","max-snippet":"max-snippet:-1","max-image-preview":"max-image-preview:large","max-video-preview":"max-video-preview:-1"},"canonical":"https:\/\/crocjeux.com\/index.php\/produit\/unmatched-battle-of-legends-vol-i\/","og_locale":"fr_FR","og_type":"article","og_title":"Unmatched - Combats de L\u00e9gende Vol. I - Croc Jeux","og_description":"Un jeu d'escarmouche accessible mais qui sait varier les gameplays!","og_url":"https:\/\/crocjeux.com\/index.php\/produit\/unmatched-battle-of-legends-vol-i\/","og_site_name":"Croc Jeux","article_modified_time":"2022-03-11T10:46:54+00:00","og_image":[{"width":600,"height":600,"url":"https:\/\/crocjeux.com\/wp-content\/uploads\/2021\/03\/unmatched-combats-de-legende.png","type":"image\/png"}],"twitter_card":"summary_large_image","twitter_misc":{"Dur\u00e9e de lecture estim\u00e9e":"2 minutes"},"schema":{"@context":"https:\/\/schema.org","@graph":[{"@type":"WebPage","@id":"https:\/\/crocjeux.com\/index.php\/produit\/unmatched-battle-of-legends-vol-i\/","url":"https:\/\/crocjeux.com\/index.php\/produit\/unmatched-battle-of-legends-vol-i\/","name":"Unmatched - Combats de L\u00e9gende Vol. I - Croc Jeux","isPartOf":{"@id":"https:\/\/crocjeux.com\/#website"},"primaryImageOfPage":{"@id":"https:\/\/crocjeux.com\/index.php\/produit\/unmatched-battle-of-legends-vol-i\/#primaryimage"},"image":{"@id":"https:\/\/crocjeux.com\/index.php\/produit\/unmatched-battle-of-legends-vol-i\/#primaryimage"},"thumbnailUrl":"https:\/\/crocjeux.com\/wp-content\/uploads\/2021\/03\/unmatched-combats-de-legende.png","datePublished":"2021-03-15T10:10:23+00:00","dateModified":"2022-03-11T10:46:54+00:00","breadcrumb":{"@id":"https:\/\/crocjeux.com\/index.php\/produit\/unmatched-battle-of-legends-vol-i\/#breadcrumb"},"inLanguage":"fr-FR","potentialAction":[{"@type":"ReadAction","target":["https:\/\/crocjeux.com\/index.php\/produit\/unmatched-battle-of-legends-vol-i\/"]}]},{"@type":"ImageObject","inLanguage":"fr-FR","@id":"https:\/\/crocjeux.com\/index.php\/produit\/unmatched-battle-of-legends-vol-i\/#primaryimage","url":"https:\/\/crocjeux.com\/wp-content\/uploads\/2021\/03\/unmatched-combats-de-legende.png","contentUrl":"https:\/\/crocjeux.com\/wp-content\/uploads\/2021\/03\/unmatched-combats-de-legende.png","width":600,"height":600},{"@type":"BreadcrumbList","@id":"https:\/\/crocjeux.com\/index.php\/produit\/unmatched-battle-of-legends-vol-i\/#breadcrumb","itemListElement":[{"@type":"ListItem","position":1,"name":"Accueil","item":"https:\/\/crocjeux.com\/"},{"@type":"ListItem","position":2,"name":"Boutique","item":"https:\/\/crocjeux.com\/"},{"@type":"ListItem","position":3,"name":"Unmatched &#8211; Combats de L\u00e9gende Vol. I"}]},{"@type":"WebSite","@id":"https:\/\/crocjeux.com\/#website","url":"https:\/\/crocjeux.com\/","name":"Croc Jeux","description":"Bienvenue chez Croc Jeux!","publisher":{"@id":"https:\/\/crocjeux.com\/#organization"},"potentialAction":[{"@type":"SearchAction","target":{"@type":"EntryPoint","urlTemplate":"https:\/\/crocjeux.com\/?s={search_term_string}"},"query-input":{"@type":"PropertyValueSpecification","valueRequired":true,"valueName":"search_term_string"}}],"inLanguage":"fr-FR"},{"@type":"Organization","@id":"https:\/\/crocjeux.com\/#organization","name":"Croc Jeux","url":"https:\/\/crocjeux.com\/","logo":{"@type":"ImageObject","inLanguage":"fr-FR","@id":"https:\/\/crocjeux.com\/#\/schema\/logo\/image\/","url":"https:\/\/crocjeux.com\/wp-content\/uploads\/2022\/01\/cropped-logo-croc-etape-1-e1644574034239.jpg","contentUrl":"https:\/\/crocjeux.com\/wp-content\/uploads\/2022\/01\/cropped-logo-croc-etape-1-e1644574034239.jpg","width":1224,"height":314,"caption":"Croc Jeux"},"image":{"@id":"https:\/\/crocjeux.com\/#\/schema\/logo\/image\/"}}]}},"_links":{"self":[{"href":"https:\/\/crocjeux.com\/index.php\/wp-json\/wp\/v2\/product\/2238","targetHints":{"allow":["GET"]}}],"collection":[{"href":"https:\/\/crocjeux.com\/index.php\/wp-json\/wp\/v2\/product"}],"about":[{"href":"https:\/\/crocjeux.com\/index.php\/wp-json\/wp\/v2\/types\/product"}],"replies":[{"embeddable":true,"href":"https:\/\/crocjeux.com\/index.php\/wp-json\/wp\/v2\/comments?post=2238"}],"wp:featuredmedia":[{"embeddable":true,"href":"https:\/\/crocjeux.com\/index.php\/wp-json\/wp\/v2\/media\/2318"}],"wp:attachment":[{"href":"https:\/\/crocjeux.com\/index.php\/wp-json\/wp\/v2\/media?parent=2238"}],"wp:term":[{"taxonomy":"product_brand","embeddable":true,"href":"https:\/\/crocjeux.com\/index.php\/wp-json\/wp\/v2\/product_brand?post=2238"},{"taxonomy":"product_cat","embeddable":true,"href":"https:\/\/crocjeux.com\/index.php\/wp-json\/wp\/v2\/product_cat?post=2238"},{"taxonomy":"product_tag","embeddable":true,"href":"https:\/\/crocjeux.com\/index.php\/wp-json\/wp\/v2\/product_tag?post=2238"}],"curies":[{"name":"wp","href":"https:\/\/api.w.org\/{rel}","templated":true}]}}