{"id":225,"date":"2020-11-02T14:33:13","date_gmt":"2020-11-02T13:33:13","guid":{"rendered":"https:\/\/crocjeux.com\/?post_type=product&#038;p=225"},"modified":"2020-12-22T12:27:11","modified_gmt":"2020-12-22T11:27:11","slug":"perudo","status":"publish","type":"product","link":"https:\/\/crocjeux.com\/index.php\/produit\/perudo\/","title":{"rendered":"Perudo"},"content":{"rendered":"<section id=\"tab-description\" class=\"page-product-box r-tabs-panel r-tabs-state-active\">\n<div class=\"rte\">\n<h2>Perudo, un jeu de d\u00e9s, de bluff et d&rsquo;intox<\/h2>\n<p>Tuskou, tujou ! Dans Perudo, vous allez devoir faire preuve de ruse et d&rsquo;habilet\u00e9 pour tromper vos adversaires (accompagn\u00e9 d&rsquo;une pointe de chance). Cachez vos 5 d\u00e9s sous votre gobelet puis au top, secouez-le. Seul vous saurez quel tirage vous avez obtenu. C&rsquo;est alors que le bluff peut commencer ! Le principe du jeu consiste \u00e0 d\u00e9terminer combien de d\u00e9s d&rsquo;une m\u00eame face il y a sur l&rsquo;ensemble des d\u00e9s de tous les joueurs. Vous connaissez les v\u00f4tres mais devez d\u00e9terminer ceux de vos adversaires selon leurs annonces, leurs attitudes et comportements.<\/p>\n<h2>Perudo, un jeu de calculs et d&rsquo;ench\u00e8res<\/h2>\n<p>Apr\u00e8s avoir observ\u00e9 vos d\u00e9s et d\u00e9visag\u00e9 vos adversaires, vous devrez annoncer une valeur et un nombre de d\u00e9s. Par exemple vous pourriez affirmer qu&rsquo;il y a 4 d\u00e9s affichant la valeur deux sur l&rsquo;ensemble des 25 d\u00e9s. Le joueur suivant aura alors deux actions possibles : soit il ench\u00e9rit, soit il doute. S&rsquo;il ench\u00e9rit, il devra annoncer alors un nombre de d\u00e9s sup\u00e9rieur. Par exemple, il peut sugg\u00e9rer qu&rsquo;il y a 5 d\u00e9s affichant un deux sous l&rsquo;ensemble les gobelets. Il peut \u00e9galement augmenter la valeur du d\u00e9 annonc\u00e9 afin de corser le jeu : \u00ab\u00a0il n&rsquo;y a pas 4 d\u00e9s affichant deux mais 4 d\u00e9s affichant trois !\u00a0\u00bb. Mais le joueur peut aussi douter. Dans ce cas, le tour s&rsquo;arr\u00eate et tous les d\u00e9s sont d\u00e9voil\u00e9s. \u00c0 vous de d\u00e9terminer jusqu&rsquo;o\u00f9 vous pouvez aller pour forcer vos adversaires \u00e0 la faute ! N&rsquo;h\u00e9sitez pas \u00e0 vous aider des jokers (face du d\u00e9 avec le toucan Paco) qui remplacent n&rsquo;importe quelle valeur de d\u00e9s, afin de coller \u00e0 votre annonce.<\/p>\n<h2>Perudo, un jeu o\u00f9 seul le dernier gagne<\/h2>\n<p>Les joueurs perdent un d\u00e9 \u00e0 chaque mauvaise annonce. Si un joueur fait une mauvaise ench\u00e8re ou si un doute n&rsquo;est pas v\u00e9rifi\u00e9, un d\u00e9 lui est retir\u00e9. Quand un joueur n&rsquo;a plus de d\u00e9, il est \u00e9limin\u00e9. Le dernier joueur qui parvient \u00e0 conserver au moins un d\u00e9 remporte la partie.<\/p>\n<p>Les joueurs ont la possibilit\u00e9s de regagner un d\u00e9. Au moment d&rsquo;une annonce, un joueur peut crier \u00ab CALZA \u00bb, ce qui veut dire \u00ab c&rsquo;est exact \u00bb. \u00c0 ce moment, le tour est arr\u00eat\u00e9 et les d\u00e9s sont inspect\u00e9s. Cette man\u0153uvre est risqu\u00e9e, mais peut rapporter gros. Si l&rsquo;annonce est juste, le joueur qui a prononc\u00e9 le mot magique, regagne un d\u00e9. Dans le cas contraire, il perd un d\u00e9.<\/p>\n<\/div>\n<\/section>\n","protected":false},"excerpt":{"rendered":"<div id=\"short_description_block\">\n<div id=\"short_description_content\" class=\"rte align_justify hide-smartphone\">Perudo est un jeu de d\u00e9s, m\u00ealant probabilit\u00e9s et bluff. Analysez vos adversaires et vos jets d\u00e9s. Soyez suffisamment rus\u00e9 pour faire le bon pari et tromper les autres joueurs.<\/div>\n<\/div>\n","protected":false},"featured_media":227,"comment_status":"open","ping_status":"closed","template":"","meta":{"colormag_page_container_layout":"default_layout","colormag_page_sidebar_layout":"default_layout"},"product_brand":[],"product_cat":[43,40],"product_tag":[],"class_list":{"0":"post-225","1":"product","2":"type-product","3":"status-publish","4":"has-post-thumbnail","6":"product_cat-grand-classique","7":"product_cat-jeux-dambiance","9":"first","10":"instock","11":"taxable","12":"shipping-taxable","13":"purchasable","14":"product-type-simple"},"yoast_head":"<!-- This site is optimized with the Yoast SEO plugin v27.3 - https:\/\/yoast.com\/product\/yoast-seo-wordpress\/ -->\n<title>Perudo - Croc Jeux<\/title>\n<meta name=\"robots\" content=\"index, follow, max-snippet:-1, max-image-preview:large, max-video-preview:-1\" \/>\n<link rel=\"canonical\" href=\"https:\/\/crocjeux.com\/index.php\/produit\/perudo\/\" \/>\n<meta property=\"og:locale\" content=\"fr_FR\" \/>\n<meta property=\"og:type\" content=\"article\" \/>\n<meta property=\"og:title\" content=\"Perudo - Croc Jeux\" \/>\n<meta property=\"og:description\" content=\"Perudo est un jeu de d\u00e9s, m\u00ealant probabilit\u00e9s et bluff. Analysez vos adversaires et vos jets d\u00e9s. Soyez suffisamment rus\u00e9 pour faire le bon pari et tromper les autres joueurs.\" \/>\n<meta property=\"og:url\" content=\"https:\/\/crocjeux.com\/index.php\/produit\/perudo\/\" \/>\n<meta property=\"og:site_name\" content=\"Croc Jeux\" \/>\n<meta property=\"article:modified_time\" content=\"2020-12-22T11:27:11+00:00\" \/>\n<meta property=\"og:image\" content=\"https:\/\/crocjeux.com\/wp-content\/uploads\/2020\/11\/perudo.png\" \/>\n\t<meta property=\"og:image:width\" content=\"384\" \/>\n\t<meta property=\"og:image:height\" content=\"481\" \/>\n\t<meta property=\"og:image:type\" content=\"image\/png\" \/>\n<meta name=\"twitter:card\" content=\"summary_large_image\" \/>\n<meta name=\"twitter:label1\" content=\"Dur\u00e9e de lecture estim\u00e9e\" \/>\n\t<meta name=\"twitter:data1\" content=\"2 minutes\" \/>\n<script type=\"application\/ld+json\" class=\"yoast-schema-graph\">{\"@context\":\"https:\\\/\\\/schema.org\",\"@graph\":[{\"@type\":\"WebPage\",\"@id\":\"https:\\\/\\\/crocjeux.com\\\/index.php\\\/produit\\\/perudo\\\/\",\"url\":\"https:\\\/\\\/crocjeux.com\\\/index.php\\\/produit\\\/perudo\\\/\",\"name\":\"Perudo - Croc Jeux\",\"isPartOf\":{\"@id\":\"https:\\\/\\\/crocjeux.com\\\/#website\"},\"primaryImageOfPage\":{\"@id\":\"https:\\\/\\\/crocjeux.com\\\/index.php\\\/produit\\\/perudo\\\/#primaryimage\"},\"image\":{\"@id\":\"https:\\\/\\\/crocjeux.com\\\/index.php\\\/produit\\\/perudo\\\/#primaryimage\"},\"thumbnailUrl\":\"https:\\\/\\\/crocjeux.com\\\/wp-content\\\/uploads\\\/2020\\\/11\\\/perudo.png\",\"datePublished\":\"2020-11-02T13:33:13+00:00\",\"dateModified\":\"2020-12-22T11:27:11+00:00\",\"breadcrumb\":{\"@id\":\"https:\\\/\\\/crocjeux.com\\\/index.php\\\/produit\\\/perudo\\\/#breadcrumb\"},\"inLanguage\":\"fr-FR\",\"potentialAction\":[{\"@type\":\"ReadAction\",\"target\":[\"https:\\\/\\\/crocjeux.com\\\/index.php\\\/produit\\\/perudo\\\/\"]}]},{\"@type\":\"ImageObject\",\"inLanguage\":\"fr-FR\",\"@id\":\"https:\\\/\\\/crocjeux.com\\\/index.php\\\/produit\\\/perudo\\\/#primaryimage\",\"url\":\"https:\\\/\\\/crocjeux.com\\\/wp-content\\\/uploads\\\/2020\\\/11\\\/perudo.png\",\"contentUrl\":\"https:\\\/\\\/crocjeux.com\\\/wp-content\\\/uploads\\\/2020\\\/11\\\/perudo.png\",\"width\":384,\"height\":481},{\"@type\":\"BreadcrumbList\",\"@id\":\"https:\\\/\\\/crocjeux.com\\\/index.php\\\/produit\\\/perudo\\\/#breadcrumb\",\"itemListElement\":[{\"@type\":\"ListItem\",\"position\":1,\"name\":\"Accueil\",\"item\":\"https:\\\/\\\/crocjeux.com\\\/\"},{\"@type\":\"ListItem\",\"position\":2,\"name\":\"Boutique\",\"item\":\"https:\\\/\\\/crocjeux.com\\\/\"},{\"@type\":\"ListItem\",\"position\":3,\"name\":\"Perudo\"}]},{\"@type\":\"WebSite\",\"@id\":\"https:\\\/\\\/crocjeux.com\\\/#website\",\"url\":\"https:\\\/\\\/crocjeux.com\\\/\",\"name\":\"Croc Jeux\",\"description\":\"Bienvenue chez Croc Jeux!\",\"publisher\":{\"@id\":\"https:\\\/\\\/crocjeux.com\\\/#organization\"},\"potentialAction\":[{\"@type\":\"SearchAction\",\"target\":{\"@type\":\"EntryPoint\",\"urlTemplate\":\"https:\\\/\\\/crocjeux.com\\\/?s={search_term_string}\"},\"query-input\":{\"@type\":\"PropertyValueSpecification\",\"valueRequired\":true,\"valueName\":\"search_term_string\"}}],\"inLanguage\":\"fr-FR\"},{\"@type\":\"Organization\",\"@id\":\"https:\\\/\\\/crocjeux.com\\\/#organization\",\"name\":\"Croc Jeux\",\"url\":\"https:\\\/\\\/crocjeux.com\\\/\",\"logo\":{\"@type\":\"ImageObject\",\"inLanguage\":\"fr-FR\",\"@id\":\"https:\\\/\\\/crocjeux.com\\\/#\\\/schema\\\/logo\\\/image\\\/\",\"url\":\"https:\\\/\\\/crocjeux.com\\\/wp-content\\\/uploads\\\/2022\\\/01\\\/cropped-logo-croc-etape-1-e1644574034239.jpg\",\"contentUrl\":\"https:\\\/\\\/crocjeux.com\\\/wp-content\\\/uploads\\\/2022\\\/01\\\/cropped-logo-croc-etape-1-e1644574034239.jpg\",\"width\":1224,\"height\":314,\"caption\":\"Croc Jeux\"},\"image\":{\"@id\":\"https:\\\/\\\/crocjeux.com\\\/#\\\/schema\\\/logo\\\/image\\\/\"}}]}<\/script>\n<!-- \/ Yoast SEO plugin. -->","yoast_head_json":{"title":"Perudo - Croc Jeux","robots":{"index":"index","follow":"follow","max-snippet":"max-snippet:-1","max-image-preview":"max-image-preview:large","max-video-preview":"max-video-preview:-1"},"canonical":"https:\/\/crocjeux.com\/index.php\/produit\/perudo\/","og_locale":"fr_FR","og_type":"article","og_title":"Perudo - Croc Jeux","og_description":"Perudo est un jeu de d\u00e9s, m\u00ealant probabilit\u00e9s et bluff. Analysez vos adversaires et vos jets d\u00e9s. Soyez suffisamment rus\u00e9 pour faire le bon pari et tromper les autres joueurs.","og_url":"https:\/\/crocjeux.com\/index.php\/produit\/perudo\/","og_site_name":"Croc Jeux","article_modified_time":"2020-12-22T11:27:11+00:00","og_image":[{"width":384,"height":481,"url":"https:\/\/crocjeux.com\/wp-content\/uploads\/2020\/11\/perudo.png","type":"image\/png"}],"twitter_card":"summary_large_image","twitter_misc":{"Dur\u00e9e de lecture estim\u00e9e":"2 minutes"},"schema":{"@context":"https:\/\/schema.org","@graph":[{"@type":"WebPage","@id":"https:\/\/crocjeux.com\/index.php\/produit\/perudo\/","url":"https:\/\/crocjeux.com\/index.php\/produit\/perudo\/","name":"Perudo - Croc Jeux","isPartOf":{"@id":"https:\/\/crocjeux.com\/#website"},"primaryImageOfPage":{"@id":"https:\/\/crocjeux.com\/index.php\/produit\/perudo\/#primaryimage"},"image":{"@id":"https:\/\/crocjeux.com\/index.php\/produit\/perudo\/#primaryimage"},"thumbnailUrl":"https:\/\/crocjeux.com\/wp-content\/uploads\/2020\/11\/perudo.png","datePublished":"2020-11-02T13:33:13+00:00","dateModified":"2020-12-22T11:27:11+00:00","breadcrumb":{"@id":"https:\/\/crocjeux.com\/index.php\/produit\/perudo\/#breadcrumb"},"inLanguage":"fr-FR","potentialAction":[{"@type":"ReadAction","target":["https:\/\/crocjeux.com\/index.php\/produit\/perudo\/"]}]},{"@type":"ImageObject","inLanguage":"fr-FR","@id":"https:\/\/crocjeux.com\/index.php\/produit\/perudo\/#primaryimage","url":"https:\/\/crocjeux.com\/wp-content\/uploads\/2020\/11\/perudo.png","contentUrl":"https:\/\/crocjeux.com\/wp-content\/uploads\/2020\/11\/perudo.png","width":384,"height":481},{"@type":"BreadcrumbList","@id":"https:\/\/crocjeux.com\/index.php\/produit\/perudo\/#breadcrumb","itemListElement":[{"@type":"ListItem","position":1,"name":"Accueil","item":"https:\/\/crocjeux.com\/"},{"@type":"ListItem","position":2,"name":"Boutique","item":"https:\/\/crocjeux.com\/"},{"@type":"ListItem","position":3,"name":"Perudo"}]},{"@type":"WebSite","@id":"https:\/\/crocjeux.com\/#website","url":"https:\/\/crocjeux.com\/","name":"Croc Jeux","description":"Bienvenue chez Croc Jeux!","publisher":{"@id":"https:\/\/crocjeux.com\/#organization"},"potentialAction":[{"@type":"SearchAction","target":{"@type":"EntryPoint","urlTemplate":"https:\/\/crocjeux.com\/?s={search_term_string}"},"query-input":{"@type":"PropertyValueSpecification","valueRequired":true,"valueName":"search_term_string"}}],"inLanguage":"fr-FR"},{"@type":"Organization","@id":"https:\/\/crocjeux.com\/#organization","name":"Croc Jeux","url":"https:\/\/crocjeux.com\/","logo":{"@type":"ImageObject","inLanguage":"fr-FR","@id":"https:\/\/crocjeux.com\/#\/schema\/logo\/image\/","url":"https:\/\/crocjeux.com\/wp-content\/uploads\/2022\/01\/cropped-logo-croc-etape-1-e1644574034239.jpg","contentUrl":"https:\/\/crocjeux.com\/wp-content\/uploads\/2022\/01\/cropped-logo-croc-etape-1-e1644574034239.jpg","width":1224,"height":314,"caption":"Croc Jeux"},"image":{"@id":"https:\/\/crocjeux.com\/#\/schema\/logo\/image\/"}}]}},"_links":{"self":[{"href":"https:\/\/crocjeux.com\/index.php\/wp-json\/wp\/v2\/product\/225","targetHints":{"allow":["GET"]}}],"collection":[{"href":"https:\/\/crocjeux.com\/index.php\/wp-json\/wp\/v2\/product"}],"about":[{"href":"https:\/\/crocjeux.com\/index.php\/wp-json\/wp\/v2\/types\/product"}],"replies":[{"embeddable":true,"href":"https:\/\/crocjeux.com\/index.php\/wp-json\/wp\/v2\/comments?post=225"}],"wp:featuredmedia":[{"embeddable":true,"href":"https:\/\/crocjeux.com\/index.php\/wp-json\/wp\/v2\/media\/227"}],"wp:attachment":[{"href":"https:\/\/crocjeux.com\/index.php\/wp-json\/wp\/v2\/media?parent=225"}],"wp:term":[{"taxonomy":"product_brand","embeddable":true,"href":"https:\/\/crocjeux.com\/index.php\/wp-json\/wp\/v2\/product_brand?post=225"},{"taxonomy":"product_cat","embeddable":true,"href":"https:\/\/crocjeux.com\/index.php\/wp-json\/wp\/v2\/product_cat?post=225"},{"taxonomy":"product_tag","embeddable":true,"href":"https:\/\/crocjeux.com\/index.php\/wp-json\/wp\/v2\/product_tag?post=225"}],"curies":[{"name":"wp","href":"https:\/\/api.w.org\/{rel}","templated":true}]}}