{"id":2267,"date":"2021-03-24T19:10:35","date_gmt":"2021-03-24T18:10:35","guid":{"rendered":"https:\/\/crocjeux.com\/?post_type=product&#038;p=2267"},"modified":"2025-04-09T16:54:43","modified_gmt":"2025-04-09T15:54:43","slug":"histoire-de-peluches-petit-frere","status":"publish","type":"product","link":"https:\/\/crocjeux.com\/index.php\/produit\/histoire-de-peluches-petit-frere\/","title":{"rendered":"Histoires de Peluches &#8211; Petit Fr\u00e8re"},"content":{"rendered":"<p>Tout le contenu de l\u2019extension Petit Fr\u00e8re semblera familier\u00a0aux fans du jeu de base. Le tout nouveau livre d\u2019histoires pr\u00e9sente de nouveaux d\u00e9fis et ennemis \u00e0 surmonter, ainsi qu\u2019une mini-carte recto-verso avec un terrain unique qui accompagne des chapitres sp\u00e9cifiques. Comme l\u2019original, l\u2019extension comprend des fables, des le\u00e7ons et des questions de discussion pour les familles qui se rapportent \u00e0 chaque histoire.<\/p>\n<h2>Avec deux nouveaux personnages, de nouvelles fa\u00e7ons de jouer !<\/h2>\n<p>Pokey la licorne et Manny la figurine d\u2019action rejoignent le casting, ajoutant leurs capacit\u00e9s uniques \u00e0 l\u2019\u00e9quipe. Pokey ne peut pas s\u2019\u00e9quiper d\u2019arme, mais utilise \u00e0 la place sa corne solide pour repousser les ennemis. Manny, en tant que gros dur, est fait de plastique solide au lieu du rembourrage habituelle d\u2019autres personnages, de sorte que certaines conditions ne l\u2019affectent pas comme elles le feraient pour d\u2019autres.<br \/>\nRejoignez Pokey, Manny et d\u2019anciens amis alors qu\u2019ils affrontent une nouvelle histoire passionnante qui les attirera \u00e0 travers de nouveaux paysages passionnants et dans la bataille avec de nouveaux ennemis redoutables. Avec de tout nouveaux personnages, objets et aventures, les\u00a0joueurs\u00a0v\u00e9t\u00e9rans\u00a0et les nouveaux joueurs de la gamme livre aventures peuvent profiter d\u2019une nouvelle s\u00e9rie d\u2019histoires passionnantes dans le monde attachant d\u2019Histoires de peluches !<\/p>\n","protected":false},"excerpt":{"rendered":"<p>Histoire de Peluche nous offre de nouvelles histoires et de nouveaux h\u00e9ros dans cette magnifique extension!<\/p>\n","protected":false},"featured_media":2268,"comment_status":"open","ping_status":"closed","template":"","meta":{"colormag_page_container_layout":"default_layout","colormag_page_sidebar_layout":"default_layout"},"product_brand":[],"product_cat":[30,36],"product_tag":[],"class_list":{"0":"post-2267","1":"product","2":"type-product","3":"status-publish","4":"has-post-thumbnail","6":"product_cat-jeux-collaboratifs","7":"product_cat-jeux-familiaux","9":"first","10":"outofstock","11":"taxable","12":"shipping-taxable","13":"purchasable","14":"product-type-simple"},"yoast_head":"<!-- This site is optimized with the Yoast SEO plugin v27.1.1 - https:\/\/yoast.com\/product\/yoast-seo-wordpress\/ -->\n<title>Histoires de Peluches - Petit Fr\u00e8re - Croc Jeux<\/title>\n<meta name=\"robots\" content=\"index, follow, max-snippet:-1, max-image-preview:large, max-video-preview:-1\" \/>\n<link rel=\"canonical\" href=\"https:\/\/crocjeux.com\/index.php\/produit\/histoire-de-peluches-petit-frere\/\" \/>\n<meta property=\"og:locale\" content=\"fr_FR\" \/>\n<meta property=\"og:type\" content=\"article\" \/>\n<meta property=\"og:title\" content=\"Histoires de Peluches - Petit Fr\u00e8re - Croc Jeux\" \/>\n<meta property=\"og:description\" content=\"Histoire de Peluche nous offre de nouvelles histoires et de nouveaux h\u00e9ros dans cette magnifique extension!\" \/>\n<meta property=\"og:url\" content=\"https:\/\/crocjeux.com\/index.php\/produit\/histoire-de-peluches-petit-frere\/\" \/>\n<meta property=\"og:site_name\" content=\"Croc Jeux\" \/>\n<meta property=\"article:modified_time\" content=\"2025-04-09T15:54:43+00:00\" \/>\n<meta property=\"og:image\" content=\"https:\/\/crocjeux.com\/wp-content\/uploads\/2021\/03\/histoires-de-peluches-extension-petit-frere.jpg\" \/>\n\t<meta property=\"og:image:width\" content=\"372\" \/>\n\t<meta property=\"og:image:height\" content=\"372\" \/>\n\t<meta property=\"og:image:type\" content=\"image\/jpeg\" \/>\n<meta name=\"twitter:card\" content=\"summary_large_image\" \/>\n<meta name=\"twitter:label1\" content=\"Dur\u00e9e de lecture estim\u00e9e\" \/>\n\t<meta name=\"twitter:data1\" content=\"2 minutes\" \/>\n<script type=\"application\/ld+json\" class=\"yoast-schema-graph\">{\"@context\":\"https:\/\/schema.org\",\"@graph\":[{\"@type\":\"WebPage\",\"@id\":\"https:\/\/crocjeux.com\/index.php\/produit\/histoire-de-peluches-petit-frere\/\",\"url\":\"https:\/\/crocjeux.com\/index.php\/produit\/histoire-de-peluches-petit-frere\/\",\"name\":\"Histoires de Peluches - Petit Fr\u00e8re - Croc Jeux\",\"isPartOf\":{\"@id\":\"https:\/\/crocjeux.com\/#website\"},\"primaryImageOfPage\":{\"@id\":\"https:\/\/crocjeux.com\/index.php\/produit\/histoire-de-peluches-petit-frere\/#primaryimage\"},\"image\":{\"@id\":\"https:\/\/crocjeux.com\/index.php\/produit\/histoire-de-peluches-petit-frere\/#primaryimage\"},\"thumbnailUrl\":\"https:\/\/crocjeux.com\/wp-content\/uploads\/2021\/03\/histoires-de-peluches-extension-petit-frere.jpg\",\"datePublished\":\"2021-03-24T18:10:35+00:00\",\"dateModified\":\"2025-04-09T15:54:43+00:00\",\"breadcrumb\":{\"@id\":\"https:\/\/crocjeux.com\/index.php\/produit\/histoire-de-peluches-petit-frere\/#breadcrumb\"},\"inLanguage\":\"fr-FR\",\"potentialAction\":[{\"@type\":\"ReadAction\",\"target\":[\"https:\/\/crocjeux.com\/index.php\/produit\/histoire-de-peluches-petit-frere\/\"]}]},{\"@type\":\"ImageObject\",\"inLanguage\":\"fr-FR\",\"@id\":\"https:\/\/crocjeux.com\/index.php\/produit\/histoire-de-peluches-petit-frere\/#primaryimage\",\"url\":\"https:\/\/crocjeux.com\/wp-content\/uploads\/2021\/03\/histoires-de-peluches-extension-petit-frere.jpg\",\"contentUrl\":\"https:\/\/crocjeux.com\/wp-content\/uploads\/2021\/03\/histoires-de-peluches-extension-petit-frere.jpg\",\"width\":372,\"height\":372},{\"@type\":\"BreadcrumbList\",\"@id\":\"https:\/\/crocjeux.com\/index.php\/produit\/histoire-de-peluches-petit-frere\/#breadcrumb\",\"itemListElement\":[{\"@type\":\"ListItem\",\"position\":1,\"name\":\"Accueil\",\"item\":\"https:\/\/crocjeux.com\/\"},{\"@type\":\"ListItem\",\"position\":2,\"name\":\"Boutique\",\"item\":\"https:\/\/crocjeux.com\/\"},{\"@type\":\"ListItem\",\"position\":3,\"name\":\"Histoires de Peluches &#8211; Petit Fr\u00e8re\"}]},{\"@type\":\"WebSite\",\"@id\":\"https:\/\/crocjeux.com\/#website\",\"url\":\"https:\/\/crocjeux.com\/\",\"name\":\"Croc Jeux\",\"description\":\"Bienvenue chez Croc Jeux!\",\"publisher\":{\"@id\":\"https:\/\/crocjeux.com\/#organization\"},\"potentialAction\":[{\"@type\":\"SearchAction\",\"target\":{\"@type\":\"EntryPoint\",\"urlTemplate\":\"https:\/\/crocjeux.com\/?s={search_term_string}\"},\"query-input\":{\"@type\":\"PropertyValueSpecification\",\"valueRequired\":true,\"valueName\":\"search_term_string\"}}],\"inLanguage\":\"fr-FR\"},{\"@type\":\"Organization\",\"@id\":\"https:\/\/crocjeux.com\/#organization\",\"name\":\"Croc Jeux\",\"url\":\"https:\/\/crocjeux.com\/\",\"logo\":{\"@type\":\"ImageObject\",\"inLanguage\":\"fr-FR\",\"@id\":\"https:\/\/crocjeux.com\/#\/schema\/logo\/image\/\",\"url\":\"https:\/\/crocjeux.com\/wp-content\/uploads\/2022\/01\/cropped-logo-croc-etape-1-e1644574034239.jpg\",\"contentUrl\":\"https:\/\/crocjeux.com\/wp-content\/uploads\/2022\/01\/cropped-logo-croc-etape-1-e1644574034239.jpg\",\"width\":1224,\"height\":314,\"caption\":\"Croc Jeux\"},\"image\":{\"@id\":\"https:\/\/crocjeux.com\/#\/schema\/logo\/image\/\"}}]}<\/script>\n<!-- \/ Yoast SEO plugin. -->","yoast_head_json":{"title":"Histoires de Peluches - Petit Fr\u00e8re - Croc Jeux","robots":{"index":"index","follow":"follow","max-snippet":"max-snippet:-1","max-image-preview":"max-image-preview:large","max-video-preview":"max-video-preview:-1"},"canonical":"https:\/\/crocjeux.com\/index.php\/produit\/histoire-de-peluches-petit-frere\/","og_locale":"fr_FR","og_type":"article","og_title":"Histoires de Peluches - Petit Fr\u00e8re - Croc Jeux","og_description":"Histoire de Peluche nous offre de nouvelles histoires et de nouveaux h\u00e9ros dans cette magnifique extension!","og_url":"https:\/\/crocjeux.com\/index.php\/produit\/histoire-de-peluches-petit-frere\/","og_site_name":"Croc Jeux","article_modified_time":"2025-04-09T15:54:43+00:00","og_image":[{"width":372,"height":372,"url":"https:\/\/crocjeux.com\/wp-content\/uploads\/2021\/03\/histoires-de-peluches-extension-petit-frere.jpg","type":"image\/jpeg"}],"twitter_card":"summary_large_image","twitter_misc":{"Dur\u00e9e de lecture estim\u00e9e":"2 minutes"},"schema":{"@context":"https:\/\/schema.org","@graph":[{"@type":"WebPage","@id":"https:\/\/crocjeux.com\/index.php\/produit\/histoire-de-peluches-petit-frere\/","url":"https:\/\/crocjeux.com\/index.php\/produit\/histoire-de-peluches-petit-frere\/","name":"Histoires de Peluches - Petit Fr\u00e8re - Croc Jeux","isPartOf":{"@id":"https:\/\/crocjeux.com\/#website"},"primaryImageOfPage":{"@id":"https:\/\/crocjeux.com\/index.php\/produit\/histoire-de-peluches-petit-frere\/#primaryimage"},"image":{"@id":"https:\/\/crocjeux.com\/index.php\/produit\/histoire-de-peluches-petit-frere\/#primaryimage"},"thumbnailUrl":"https:\/\/crocjeux.com\/wp-content\/uploads\/2021\/03\/histoires-de-peluches-extension-petit-frere.jpg","datePublished":"2021-03-24T18:10:35+00:00","dateModified":"2025-04-09T15:54:43+00:00","breadcrumb":{"@id":"https:\/\/crocjeux.com\/index.php\/produit\/histoire-de-peluches-petit-frere\/#breadcrumb"},"inLanguage":"fr-FR","potentialAction":[{"@type":"ReadAction","target":["https:\/\/crocjeux.com\/index.php\/produit\/histoire-de-peluches-petit-frere\/"]}]},{"@type":"ImageObject","inLanguage":"fr-FR","@id":"https:\/\/crocjeux.com\/index.php\/produit\/histoire-de-peluches-petit-frere\/#primaryimage","url":"https:\/\/crocjeux.com\/wp-content\/uploads\/2021\/03\/histoires-de-peluches-extension-petit-frere.jpg","contentUrl":"https:\/\/crocjeux.com\/wp-content\/uploads\/2021\/03\/histoires-de-peluches-extension-petit-frere.jpg","width":372,"height":372},{"@type":"BreadcrumbList","@id":"https:\/\/crocjeux.com\/index.php\/produit\/histoire-de-peluches-petit-frere\/#breadcrumb","itemListElement":[{"@type":"ListItem","position":1,"name":"Accueil","item":"https:\/\/crocjeux.com\/"},{"@type":"ListItem","position":2,"name":"Boutique","item":"https:\/\/crocjeux.com\/"},{"@type":"ListItem","position":3,"name":"Histoires de Peluches &#8211; Petit Fr\u00e8re"}]},{"@type":"WebSite","@id":"https:\/\/crocjeux.com\/#website","url":"https:\/\/crocjeux.com\/","name":"Croc Jeux","description":"Bienvenue chez Croc Jeux!","publisher":{"@id":"https:\/\/crocjeux.com\/#organization"},"potentialAction":[{"@type":"SearchAction","target":{"@type":"EntryPoint","urlTemplate":"https:\/\/crocjeux.com\/?s={search_term_string}"},"query-input":{"@type":"PropertyValueSpecification","valueRequired":true,"valueName":"search_term_string"}}],"inLanguage":"fr-FR"},{"@type":"Organization","@id":"https:\/\/crocjeux.com\/#organization","name":"Croc Jeux","url":"https:\/\/crocjeux.com\/","logo":{"@type":"ImageObject","inLanguage":"fr-FR","@id":"https:\/\/crocjeux.com\/#\/schema\/logo\/image\/","url":"https:\/\/crocjeux.com\/wp-content\/uploads\/2022\/01\/cropped-logo-croc-etape-1-e1644574034239.jpg","contentUrl":"https:\/\/crocjeux.com\/wp-content\/uploads\/2022\/01\/cropped-logo-croc-etape-1-e1644574034239.jpg","width":1224,"height":314,"caption":"Croc Jeux"},"image":{"@id":"https:\/\/crocjeux.com\/#\/schema\/logo\/image\/"}}]}},"_links":{"self":[{"href":"https:\/\/crocjeux.com\/index.php\/wp-json\/wp\/v2\/product\/2267","targetHints":{"allow":["GET"]}}],"collection":[{"href":"https:\/\/crocjeux.com\/index.php\/wp-json\/wp\/v2\/product"}],"about":[{"href":"https:\/\/crocjeux.com\/index.php\/wp-json\/wp\/v2\/types\/product"}],"replies":[{"embeddable":true,"href":"https:\/\/crocjeux.com\/index.php\/wp-json\/wp\/v2\/comments?post=2267"}],"wp:featuredmedia":[{"embeddable":true,"href":"https:\/\/crocjeux.com\/index.php\/wp-json\/wp\/v2\/media\/2268"}],"wp:attachment":[{"href":"https:\/\/crocjeux.com\/index.php\/wp-json\/wp\/v2\/media?parent=2267"}],"wp:term":[{"taxonomy":"product_brand","embeddable":true,"href":"https:\/\/crocjeux.com\/index.php\/wp-json\/wp\/v2\/product_brand?post=2267"},{"taxonomy":"product_cat","embeddable":true,"href":"https:\/\/crocjeux.com\/index.php\/wp-json\/wp\/v2\/product_cat?post=2267"},{"taxonomy":"product_tag","embeddable":true,"href":"https:\/\/crocjeux.com\/index.php\/wp-json\/wp\/v2\/product_tag?post=2267"}],"curies":[{"name":"wp","href":"https:\/\/api.w.org\/{rel}","templated":true}]}}