{"id":2288,"date":"2021-04-06T16:25:44","date_gmt":"2021-04-06T15:25:44","guid":{"rendered":"https:\/\/crocjeux.com\/?post_type=product&#038;p=2288"},"modified":"2022-03-11T11:30:33","modified_gmt":"2022-03-11T10:30:33","slug":"botanik","status":"publish","type":"product","link":"https:\/\/crocjeux.com\/index.php\/produit\/botanik\/","title":{"rendered":"Botanik"},"content":{"rendered":"<h2>Botanik : l&rsquo;alliance de la m\u00e9canique et la botanique !<\/h2>\n<p>Dans l\u2019intimit\u00e9 feutr\u00e9e de son laboratoire, l\u2019\u00e9minente chercheuse Beatrix Bury vient d\u2019\u00e9laborer une technologie qui permet de g\u00e9n\u00e9rer m\u00e9caniquement toutes sortes de v\u00e9g\u00e9taux. Plantes subtropicales, pommes de terre stellaires, mandarines d\u2019Orion, le proc\u00e9d\u00e9 ouvre une voie pour sauver le peuple Katbra, prisonnier d\u2019une plan\u00e8te faite de m\u00e9tal rouill\u00e9 et de vapeurs toxiques. C\u2019est dans l\u2019urgence d\u2019un monde menac\u00e9 d\u2019extinction que la scientifique charge deux de ses meilleures \u00e9quipes de M\u00e9ca-botaniciens de mettre en \u0153uvre ses plans\u2026 qui sont parfois bien retors. Chaque \u00e9quipe prend sa mission \u00e0 c\u0153ur et le laboratoire de Beatrix est alors le th\u00e9\u00e2tre d\u2019une lutte acharn\u00e9e pour produire la machine la plus performante. Promu \u00e0 la t\u00eate d\u2019une des deux \u00e9quipes, il vous appartient de relever le d\u00e9fi !<\/p>\n<h2>D\u00e9veloppez le r\u00e9seau le plus efficace de m\u00e9ca-botanique, la combinaison des plantes et de la science !<\/h2>\n<p>Botanik propose de la m\u00e9canique des fluides (une action par tour), en plus d&rsquo;un ing\u00e9nieux syst\u00e8me d&rsquo;\u00e9change, associ\u00e9 \u00e0 des tuiles de diff\u00e9rents groupes\/couleurs.<br \/>\nPlacez les tuiles de couleurs de mani\u00e8re \u00e0 irriguer les plantes et marquer un maximum de points!<\/p>\n","protected":false},"excerpt":{"rendered":"<p>Botanik est une jeu tactique de placement de tuiles pour deux joueurs, dans lequel vous allez devoir cr\u00e9er un r\u00e9seau d&rsquo;irrigations pour vos plantes.<\/p>\n","protected":false},"featured_media":2307,"comment_status":"open","ping_status":"closed","template":"","meta":{"colormag_page_container_layout":"default_layout","colormag_page_sidebar_layout":"default_layout"},"product_brand":[],"product_cat":[29],"product_tag":[],"class_list":{"0":"post-2288","1":"product","2":"type-product","3":"status-publish","4":"has-post-thumbnail","6":"product_cat-jeux-2-joueurs","8":"first","9":"instock","10":"taxable","11":"shipping-taxable","12":"purchasable","13":"product-type-simple"},"yoast_head":"<!-- This site is optimized with the Yoast SEO plugin v27.3 - https:\/\/yoast.com\/product\/yoast-seo-wordpress\/ -->\n<title>Botanik - Croc Jeux<\/title>\n<meta name=\"robots\" content=\"index, follow, max-snippet:-1, max-image-preview:large, max-video-preview:-1\" \/>\n<link rel=\"canonical\" href=\"https:\/\/crocjeux.com\/index.php\/produit\/botanik\/\" \/>\n<meta property=\"og:locale\" content=\"fr_FR\" \/>\n<meta property=\"og:type\" content=\"article\" \/>\n<meta property=\"og:title\" content=\"Botanik - Croc Jeux\" \/>\n<meta property=\"og:description\" content=\"Botanik est une jeu tactique de placement de tuiles pour deux joueurs, dans lequel vous allez devoir cr\u00e9er un r\u00e9seau d&#039;irrigations pour vos plantes.\" \/>\n<meta property=\"og:url\" content=\"https:\/\/crocjeux.com\/index.php\/produit\/botanik\/\" \/>\n<meta property=\"og:site_name\" content=\"Croc Jeux\" \/>\n<meta property=\"article:modified_time\" content=\"2022-03-11T10:30:33+00:00\" \/>\n<meta property=\"og:image\" content=\"https:\/\/crocjeux.com\/wp-content\/uploads\/2021\/04\/botanik-5860.jpg\" \/>\n\t<meta property=\"og:image:width\" content=\"700\" \/>\n\t<meta property=\"og:image:height\" content=\"700\" \/>\n\t<meta property=\"og:image:type\" content=\"image\/jpeg\" \/>\n<meta name=\"twitter:card\" content=\"summary_large_image\" \/>\n<meta name=\"twitter:label1\" content=\"Dur\u00e9e de lecture estim\u00e9e\" \/>\n\t<meta name=\"twitter:data1\" content=\"1 minute\" \/>\n<script type=\"application\/ld+json\" class=\"yoast-schema-graph\">{\"@context\":\"https:\\\/\\\/schema.org\",\"@graph\":[{\"@type\":\"WebPage\",\"@id\":\"https:\\\/\\\/crocjeux.com\\\/index.php\\\/produit\\\/botanik\\\/\",\"url\":\"https:\\\/\\\/crocjeux.com\\\/index.php\\\/produit\\\/botanik\\\/\",\"name\":\"Botanik - Croc Jeux\",\"isPartOf\":{\"@id\":\"https:\\\/\\\/crocjeux.com\\\/#website\"},\"primaryImageOfPage\":{\"@id\":\"https:\\\/\\\/crocjeux.com\\\/index.php\\\/produit\\\/botanik\\\/#primaryimage\"},\"image\":{\"@id\":\"https:\\\/\\\/crocjeux.com\\\/index.php\\\/produit\\\/botanik\\\/#primaryimage\"},\"thumbnailUrl\":\"https:\\\/\\\/crocjeux.com\\\/wp-content\\\/uploads\\\/2021\\\/04\\\/botanik-5860.jpg\",\"datePublished\":\"2021-04-06T15:25:44+00:00\",\"dateModified\":\"2022-03-11T10:30:33+00:00\",\"breadcrumb\":{\"@id\":\"https:\\\/\\\/crocjeux.com\\\/index.php\\\/produit\\\/botanik\\\/#breadcrumb\"},\"inLanguage\":\"fr-FR\",\"potentialAction\":[{\"@type\":\"ReadAction\",\"target\":[\"https:\\\/\\\/crocjeux.com\\\/index.php\\\/produit\\\/botanik\\\/\"]}]},{\"@type\":\"ImageObject\",\"inLanguage\":\"fr-FR\",\"@id\":\"https:\\\/\\\/crocjeux.com\\\/index.php\\\/produit\\\/botanik\\\/#primaryimage\",\"url\":\"https:\\\/\\\/crocjeux.com\\\/wp-content\\\/uploads\\\/2021\\\/04\\\/botanik-5860.jpg\",\"contentUrl\":\"https:\\\/\\\/crocjeux.com\\\/wp-content\\\/uploads\\\/2021\\\/04\\\/botanik-5860.jpg\",\"width\":700,\"height\":700},{\"@type\":\"BreadcrumbList\",\"@id\":\"https:\\\/\\\/crocjeux.com\\\/index.php\\\/produit\\\/botanik\\\/#breadcrumb\",\"itemListElement\":[{\"@type\":\"ListItem\",\"position\":1,\"name\":\"Accueil\",\"item\":\"https:\\\/\\\/crocjeux.com\\\/\"},{\"@type\":\"ListItem\",\"position\":2,\"name\":\"Boutique\",\"item\":\"https:\\\/\\\/crocjeux.com\\\/\"},{\"@type\":\"ListItem\",\"position\":3,\"name\":\"Botanik\"}]},{\"@type\":\"WebSite\",\"@id\":\"https:\\\/\\\/crocjeux.com\\\/#website\",\"url\":\"https:\\\/\\\/crocjeux.com\\\/\",\"name\":\"Croc Jeux\",\"description\":\"Bienvenue chez Croc Jeux!\",\"publisher\":{\"@id\":\"https:\\\/\\\/crocjeux.com\\\/#organization\"},\"potentialAction\":[{\"@type\":\"SearchAction\",\"target\":{\"@type\":\"EntryPoint\",\"urlTemplate\":\"https:\\\/\\\/crocjeux.com\\\/?s={search_term_string}\"},\"query-input\":{\"@type\":\"PropertyValueSpecification\",\"valueRequired\":true,\"valueName\":\"search_term_string\"}}],\"inLanguage\":\"fr-FR\"},{\"@type\":\"Organization\",\"@id\":\"https:\\\/\\\/crocjeux.com\\\/#organization\",\"name\":\"Croc Jeux\",\"url\":\"https:\\\/\\\/crocjeux.com\\\/\",\"logo\":{\"@type\":\"ImageObject\",\"inLanguage\":\"fr-FR\",\"@id\":\"https:\\\/\\\/crocjeux.com\\\/#\\\/schema\\\/logo\\\/image\\\/\",\"url\":\"https:\\\/\\\/crocjeux.com\\\/wp-content\\\/uploads\\\/2022\\\/01\\\/cropped-logo-croc-etape-1-e1644574034239.jpg\",\"contentUrl\":\"https:\\\/\\\/crocjeux.com\\\/wp-content\\\/uploads\\\/2022\\\/01\\\/cropped-logo-croc-etape-1-e1644574034239.jpg\",\"width\":1224,\"height\":314,\"caption\":\"Croc Jeux\"},\"image\":{\"@id\":\"https:\\\/\\\/crocjeux.com\\\/#\\\/schema\\\/logo\\\/image\\\/\"}}]}<\/script>\n<!-- \/ Yoast SEO plugin. -->","yoast_head_json":{"title":"Botanik - Croc Jeux","robots":{"index":"index","follow":"follow","max-snippet":"max-snippet:-1","max-image-preview":"max-image-preview:large","max-video-preview":"max-video-preview:-1"},"canonical":"https:\/\/crocjeux.com\/index.php\/produit\/botanik\/","og_locale":"fr_FR","og_type":"article","og_title":"Botanik - Croc Jeux","og_description":"Botanik est une jeu tactique de placement de tuiles pour deux joueurs, dans lequel vous allez devoir cr\u00e9er un r\u00e9seau d'irrigations pour vos plantes.","og_url":"https:\/\/crocjeux.com\/index.php\/produit\/botanik\/","og_site_name":"Croc Jeux","article_modified_time":"2022-03-11T10:30:33+00:00","og_image":[{"width":700,"height":700,"url":"https:\/\/crocjeux.com\/wp-content\/uploads\/2021\/04\/botanik-5860.jpg","type":"image\/jpeg"}],"twitter_card":"summary_large_image","twitter_misc":{"Dur\u00e9e de lecture estim\u00e9e":"1 minute"},"schema":{"@context":"https:\/\/schema.org","@graph":[{"@type":"WebPage","@id":"https:\/\/crocjeux.com\/index.php\/produit\/botanik\/","url":"https:\/\/crocjeux.com\/index.php\/produit\/botanik\/","name":"Botanik - Croc Jeux","isPartOf":{"@id":"https:\/\/crocjeux.com\/#website"},"primaryImageOfPage":{"@id":"https:\/\/crocjeux.com\/index.php\/produit\/botanik\/#primaryimage"},"image":{"@id":"https:\/\/crocjeux.com\/index.php\/produit\/botanik\/#primaryimage"},"thumbnailUrl":"https:\/\/crocjeux.com\/wp-content\/uploads\/2021\/04\/botanik-5860.jpg","datePublished":"2021-04-06T15:25:44+00:00","dateModified":"2022-03-11T10:30:33+00:00","breadcrumb":{"@id":"https:\/\/crocjeux.com\/index.php\/produit\/botanik\/#breadcrumb"},"inLanguage":"fr-FR","potentialAction":[{"@type":"ReadAction","target":["https:\/\/crocjeux.com\/index.php\/produit\/botanik\/"]}]},{"@type":"ImageObject","inLanguage":"fr-FR","@id":"https:\/\/crocjeux.com\/index.php\/produit\/botanik\/#primaryimage","url":"https:\/\/crocjeux.com\/wp-content\/uploads\/2021\/04\/botanik-5860.jpg","contentUrl":"https:\/\/crocjeux.com\/wp-content\/uploads\/2021\/04\/botanik-5860.jpg","width":700,"height":700},{"@type":"BreadcrumbList","@id":"https:\/\/crocjeux.com\/index.php\/produit\/botanik\/#breadcrumb","itemListElement":[{"@type":"ListItem","position":1,"name":"Accueil","item":"https:\/\/crocjeux.com\/"},{"@type":"ListItem","position":2,"name":"Boutique","item":"https:\/\/crocjeux.com\/"},{"@type":"ListItem","position":3,"name":"Botanik"}]},{"@type":"WebSite","@id":"https:\/\/crocjeux.com\/#website","url":"https:\/\/crocjeux.com\/","name":"Croc Jeux","description":"Bienvenue chez Croc Jeux!","publisher":{"@id":"https:\/\/crocjeux.com\/#organization"},"potentialAction":[{"@type":"SearchAction","target":{"@type":"EntryPoint","urlTemplate":"https:\/\/crocjeux.com\/?s={search_term_string}"},"query-input":{"@type":"PropertyValueSpecification","valueRequired":true,"valueName":"search_term_string"}}],"inLanguage":"fr-FR"},{"@type":"Organization","@id":"https:\/\/crocjeux.com\/#organization","name":"Croc Jeux","url":"https:\/\/crocjeux.com\/","logo":{"@type":"ImageObject","inLanguage":"fr-FR","@id":"https:\/\/crocjeux.com\/#\/schema\/logo\/image\/","url":"https:\/\/crocjeux.com\/wp-content\/uploads\/2022\/01\/cropped-logo-croc-etape-1-e1644574034239.jpg","contentUrl":"https:\/\/crocjeux.com\/wp-content\/uploads\/2022\/01\/cropped-logo-croc-etape-1-e1644574034239.jpg","width":1224,"height":314,"caption":"Croc Jeux"},"image":{"@id":"https:\/\/crocjeux.com\/#\/schema\/logo\/image\/"}}]}},"_links":{"self":[{"href":"https:\/\/crocjeux.com\/index.php\/wp-json\/wp\/v2\/product\/2288","targetHints":{"allow":["GET"]}}],"collection":[{"href":"https:\/\/crocjeux.com\/index.php\/wp-json\/wp\/v2\/product"}],"about":[{"href":"https:\/\/crocjeux.com\/index.php\/wp-json\/wp\/v2\/types\/product"}],"replies":[{"embeddable":true,"href":"https:\/\/crocjeux.com\/index.php\/wp-json\/wp\/v2\/comments?post=2288"}],"wp:featuredmedia":[{"embeddable":true,"href":"https:\/\/crocjeux.com\/index.php\/wp-json\/wp\/v2\/media\/2307"}],"wp:attachment":[{"href":"https:\/\/crocjeux.com\/index.php\/wp-json\/wp\/v2\/media?parent=2288"}],"wp:term":[{"taxonomy":"product_brand","embeddable":true,"href":"https:\/\/crocjeux.com\/index.php\/wp-json\/wp\/v2\/product_brand?post=2288"},{"taxonomy":"product_cat","embeddable":true,"href":"https:\/\/crocjeux.com\/index.php\/wp-json\/wp\/v2\/product_cat?post=2288"},{"taxonomy":"product_tag","embeddable":true,"href":"https:\/\/crocjeux.com\/index.php\/wp-json\/wp\/v2\/product_tag?post=2288"}],"curies":[{"name":"wp","href":"https:\/\/api.w.org\/{rel}","templated":true}]}}