{"id":2290,"date":"2021-04-06T17:11:57","date_gmt":"2021-04-06T16:11:57","guid":{"rendered":"https:\/\/crocjeux.com\/?post_type=product&#038;p=2290"},"modified":"2023-06-01T12:11:13","modified_gmt":"2023-06-01T11:11:13","slug":"alien-kit-de-demarrage","status":"publish","type":"product","link":"https:\/\/crocjeux.com\/index.php\/produit\/alien-kit-de-demarrage\/","title":{"rendered":"Alien &#8211; Kit de d\u00e9marrage"},"content":{"rendered":"<section id=\"tab-description\" class=\"page-product-box r-tabs-panel r-tabs-state-active\">\n<div class=\"rte\">\n<h2>D\u00e9couvrez le jeu de r\u00f4le\u00a0dans l&rsquo;univers de science-fiction horrifique d&rsquo;Alien !<\/h2>\n<p>Voici le Kit de d\u00e9marrage du jeu de r\u00f4le officiel ALIEN, un univers d&rsquo;horreur bien r\u00e9elle et de fr\u00e9n\u00e9sie corporatiste, o\u00f9 les \u00eatres synth\u00e9tiques se prennent pour Dieu tandis que les camionneurs et les marines spatiaux deviennent les h\u00f4tes de cr\u00e9atures macabres tout juste n\u00e9es. C\u2019est un univers dur et impitoyable, et vous n\u2019\u00eates qu\u2019un pion sacrifiable. Restez en vie, si vous le pouvez.<\/p>\n<h2>Un Kit de d\u00e9marrage complet pour plongez dans l&rsquo;horreur<\/h2>\n<p>Cette bo\u00eete contient tout ce dont vous avez besoin pour commencer \u00e0 jouer :<\/p>\n<ul>\n<li>Un livre de r\u00e8gles de 104 pages avec un syst\u00e8me de jeu rapide et efficace, sp\u00e9cialement con\u00e7u pour soutenir les th\u00e8mes forts d&rsquo;ALIEN : l&rsquo;horreur et l&rsquo;action dans l&rsquo;obscurit\u00e9 glaciale de l&rsquo;espace<\/li>\n<li>Un sc\u00e9nario complet de 48 pages, Le Chariot des Dieux (\u00e9crit par le romancier de science-fiction Andrew E.C. Gaska), qui vous propulsera dans une aventure palpitante et remplie de terreur dans cet espace profond o\u00f9 personne ne peut vous entendre crier. Le Chariot des Dieux est con\u00e7u pour 3 \u00e0 5 joueurs, plus un meneur de jeu<\/li>\n<li>Cinq personnages pr\u00eats \u00e0 jouer<\/li>\n<li>Une grande carte recto verso en couleur, avec d\u2019un c\u00f4t\u00e9 une repr\u00e9sentation de l\u2019espace connu en l&rsquo;an 2183 et de l\u2019autre, les plans n\u00e9cessaires au sc\u00e9nario Le Chariot des Dieux<\/li>\n<li>84 marqueurs de jeu permettant de garder une trace des personnages, des d\u00e9tecteurs de mouvements et plus encore<\/li>\n<li>56 cartes personnalis\u00e9es repr\u00e9sentant les armes, les objectifs personnels et l&rsquo;initiative au combat<\/li>\n<li>Un jeu de dix d\u00e9s de base, et un jeu de dix d\u00e9s de stress, sp\u00e9cialement con\u00e7us pour le jeu de r\u00f4le ALIEN<\/li>\n<\/ul>\n<\/div>\n<\/section>\n","protected":false},"excerpt":{"rendered":"<p>D\u00e9couvrez le jeu de r\u00f4le\u00a0dans l&rsquo;univers de science-fiction horrifique d&rsquo;Alien ! Voici le Kit de d\u00e9marrage du jeu de r\u00f4le<\/p>\n","protected":false},"featured_media":2291,"comment_status":"open","ping_status":"closed","template":"","meta":{"colormag_page_container_layout":"default_layout","colormag_page_sidebar_layout":"default_layout"},"product_brand":[],"product_cat":[35],"product_tag":[],"class_list":{"0":"post-2290","1":"product","2":"type-product","3":"status-publish","4":"has-post-thumbnail","6":"product_cat-jeux-jdr","8":"first","9":"outofstock","10":"taxable","11":"shipping-taxable","12":"purchasable","13":"product-type-simple"},"yoast_head":"<!-- This site is optimized with the Yoast SEO plugin v27.3 - https:\/\/yoast.com\/product\/yoast-seo-wordpress\/ -->\n<title>Alien - Kit de d\u00e9marrage - Croc Jeux<\/title>\n<meta name=\"robots\" content=\"index, follow, max-snippet:-1, max-image-preview:large, max-video-preview:-1\" \/>\n<link rel=\"canonical\" href=\"https:\/\/crocjeux.com\/index.php\/produit\/alien-kit-de-demarrage\/\" \/>\n<meta property=\"og:locale\" content=\"fr_FR\" \/>\n<meta property=\"og:type\" content=\"article\" \/>\n<meta property=\"og:title\" content=\"Alien - Kit de d\u00e9marrage - Croc Jeux\" \/>\n<meta property=\"og:description\" content=\"D\u00e9couvrez le jeu de r\u00f4le\u00a0dans l&rsquo;univers de science-fiction horrifique d&rsquo;Alien ! Voici le Kit de d\u00e9marrage du jeu de r\u00f4le\" \/>\n<meta property=\"og:url\" content=\"https:\/\/crocjeux.com\/index.php\/produit\/alien-kit-de-demarrage\/\" \/>\n<meta property=\"og:site_name\" content=\"Croc Jeux\" \/>\n<meta property=\"article:modified_time\" content=\"2023-06-01T11:11:13+00:00\" \/>\n<meta property=\"og:image\" content=\"https:\/\/crocjeux.com\/wp-content\/uploads\/2021\/04\/Alien-kit-demarrage.png\" \/>\n\t<meta property=\"og:image:width\" content=\"715\" \/>\n\t<meta property=\"og:image:height\" content=\"893\" \/>\n\t<meta property=\"og:image:type\" content=\"image\/png\" \/>\n<meta name=\"twitter:card\" content=\"summary_large_image\" \/>\n<meta name=\"twitter:label1\" content=\"Dur\u00e9e de lecture estim\u00e9e\" \/>\n\t<meta name=\"twitter:data1\" content=\"2 minutes\" \/>\n<script type=\"application\/ld+json\" class=\"yoast-schema-graph\">{\"@context\":\"https:\\\/\\\/schema.org\",\"@graph\":[{\"@type\":\"WebPage\",\"@id\":\"https:\\\/\\\/crocjeux.com\\\/index.php\\\/produit\\\/alien-kit-de-demarrage\\\/\",\"url\":\"https:\\\/\\\/crocjeux.com\\\/index.php\\\/produit\\\/alien-kit-de-demarrage\\\/\",\"name\":\"Alien - Kit de d\u00e9marrage - Croc Jeux\",\"isPartOf\":{\"@id\":\"https:\\\/\\\/crocjeux.com\\\/#website\"},\"primaryImageOfPage\":{\"@id\":\"https:\\\/\\\/crocjeux.com\\\/index.php\\\/produit\\\/alien-kit-de-demarrage\\\/#primaryimage\"},\"image\":{\"@id\":\"https:\\\/\\\/crocjeux.com\\\/index.php\\\/produit\\\/alien-kit-de-demarrage\\\/#primaryimage\"},\"thumbnailUrl\":\"https:\\\/\\\/crocjeux.com\\\/wp-content\\\/uploads\\\/2021\\\/04\\\/Alien-kit-demarrage.png\",\"datePublished\":\"2021-04-06T16:11:57+00:00\",\"dateModified\":\"2023-06-01T11:11:13+00:00\",\"breadcrumb\":{\"@id\":\"https:\\\/\\\/crocjeux.com\\\/index.php\\\/produit\\\/alien-kit-de-demarrage\\\/#breadcrumb\"},\"inLanguage\":\"fr-FR\",\"potentialAction\":[{\"@type\":\"ReadAction\",\"target\":[\"https:\\\/\\\/crocjeux.com\\\/index.php\\\/produit\\\/alien-kit-de-demarrage\\\/\"]}]},{\"@type\":\"ImageObject\",\"inLanguage\":\"fr-FR\",\"@id\":\"https:\\\/\\\/crocjeux.com\\\/index.php\\\/produit\\\/alien-kit-de-demarrage\\\/#primaryimage\",\"url\":\"https:\\\/\\\/crocjeux.com\\\/wp-content\\\/uploads\\\/2021\\\/04\\\/Alien-kit-demarrage.png\",\"contentUrl\":\"https:\\\/\\\/crocjeux.com\\\/wp-content\\\/uploads\\\/2021\\\/04\\\/Alien-kit-demarrage.png\",\"width\":715,\"height\":893},{\"@type\":\"BreadcrumbList\",\"@id\":\"https:\\\/\\\/crocjeux.com\\\/index.php\\\/produit\\\/alien-kit-de-demarrage\\\/#breadcrumb\",\"itemListElement\":[{\"@type\":\"ListItem\",\"position\":1,\"name\":\"Accueil\",\"item\":\"https:\\\/\\\/crocjeux.com\\\/\"},{\"@type\":\"ListItem\",\"position\":2,\"name\":\"Boutique\",\"item\":\"https:\\\/\\\/crocjeux.com\\\/\"},{\"@type\":\"ListItem\",\"position\":3,\"name\":\"Alien &#8211; Kit de d\u00e9marrage\"}]},{\"@type\":\"WebSite\",\"@id\":\"https:\\\/\\\/crocjeux.com\\\/#website\",\"url\":\"https:\\\/\\\/crocjeux.com\\\/\",\"name\":\"Croc Jeux\",\"description\":\"Bienvenue chez Croc Jeux!\",\"publisher\":{\"@id\":\"https:\\\/\\\/crocjeux.com\\\/#organization\"},\"potentialAction\":[{\"@type\":\"SearchAction\",\"target\":{\"@type\":\"EntryPoint\",\"urlTemplate\":\"https:\\\/\\\/crocjeux.com\\\/?s={search_term_string}\"},\"query-input\":{\"@type\":\"PropertyValueSpecification\",\"valueRequired\":true,\"valueName\":\"search_term_string\"}}],\"inLanguage\":\"fr-FR\"},{\"@type\":\"Organization\",\"@id\":\"https:\\\/\\\/crocjeux.com\\\/#organization\",\"name\":\"Croc Jeux\",\"url\":\"https:\\\/\\\/crocjeux.com\\\/\",\"logo\":{\"@type\":\"ImageObject\",\"inLanguage\":\"fr-FR\",\"@id\":\"https:\\\/\\\/crocjeux.com\\\/#\\\/schema\\\/logo\\\/image\\\/\",\"url\":\"https:\\\/\\\/crocjeux.com\\\/wp-content\\\/uploads\\\/2022\\\/01\\\/cropped-logo-croc-etape-1-e1644574034239.jpg\",\"contentUrl\":\"https:\\\/\\\/crocjeux.com\\\/wp-content\\\/uploads\\\/2022\\\/01\\\/cropped-logo-croc-etape-1-e1644574034239.jpg\",\"width\":1224,\"height\":314,\"caption\":\"Croc Jeux\"},\"image\":{\"@id\":\"https:\\\/\\\/crocjeux.com\\\/#\\\/schema\\\/logo\\\/image\\\/\"}}]}<\/script>\n<!-- \/ Yoast SEO plugin. -->","yoast_head_json":{"title":"Alien - Kit de d\u00e9marrage - Croc Jeux","robots":{"index":"index","follow":"follow","max-snippet":"max-snippet:-1","max-image-preview":"max-image-preview:large","max-video-preview":"max-video-preview:-1"},"canonical":"https:\/\/crocjeux.com\/index.php\/produit\/alien-kit-de-demarrage\/","og_locale":"fr_FR","og_type":"article","og_title":"Alien - Kit de d\u00e9marrage - Croc Jeux","og_description":"D\u00e9couvrez le jeu de r\u00f4le\u00a0dans l&rsquo;univers de science-fiction horrifique d&rsquo;Alien ! Voici le Kit de d\u00e9marrage du jeu de r\u00f4le","og_url":"https:\/\/crocjeux.com\/index.php\/produit\/alien-kit-de-demarrage\/","og_site_name":"Croc Jeux","article_modified_time":"2023-06-01T11:11:13+00:00","og_image":[{"width":715,"height":893,"url":"https:\/\/crocjeux.com\/wp-content\/uploads\/2021\/04\/Alien-kit-demarrage.png","type":"image\/png"}],"twitter_card":"summary_large_image","twitter_misc":{"Dur\u00e9e de lecture estim\u00e9e":"2 minutes"},"schema":{"@context":"https:\/\/schema.org","@graph":[{"@type":"WebPage","@id":"https:\/\/crocjeux.com\/index.php\/produit\/alien-kit-de-demarrage\/","url":"https:\/\/crocjeux.com\/index.php\/produit\/alien-kit-de-demarrage\/","name":"Alien - Kit de d\u00e9marrage - Croc Jeux","isPartOf":{"@id":"https:\/\/crocjeux.com\/#website"},"primaryImageOfPage":{"@id":"https:\/\/crocjeux.com\/index.php\/produit\/alien-kit-de-demarrage\/#primaryimage"},"image":{"@id":"https:\/\/crocjeux.com\/index.php\/produit\/alien-kit-de-demarrage\/#primaryimage"},"thumbnailUrl":"https:\/\/crocjeux.com\/wp-content\/uploads\/2021\/04\/Alien-kit-demarrage.png","datePublished":"2021-04-06T16:11:57+00:00","dateModified":"2023-06-01T11:11:13+00:00","breadcrumb":{"@id":"https:\/\/crocjeux.com\/index.php\/produit\/alien-kit-de-demarrage\/#breadcrumb"},"inLanguage":"fr-FR","potentialAction":[{"@type":"ReadAction","target":["https:\/\/crocjeux.com\/index.php\/produit\/alien-kit-de-demarrage\/"]}]},{"@type":"ImageObject","inLanguage":"fr-FR","@id":"https:\/\/crocjeux.com\/index.php\/produit\/alien-kit-de-demarrage\/#primaryimage","url":"https:\/\/crocjeux.com\/wp-content\/uploads\/2021\/04\/Alien-kit-demarrage.png","contentUrl":"https:\/\/crocjeux.com\/wp-content\/uploads\/2021\/04\/Alien-kit-demarrage.png","width":715,"height":893},{"@type":"BreadcrumbList","@id":"https:\/\/crocjeux.com\/index.php\/produit\/alien-kit-de-demarrage\/#breadcrumb","itemListElement":[{"@type":"ListItem","position":1,"name":"Accueil","item":"https:\/\/crocjeux.com\/"},{"@type":"ListItem","position":2,"name":"Boutique","item":"https:\/\/crocjeux.com\/"},{"@type":"ListItem","position":3,"name":"Alien &#8211; Kit de d\u00e9marrage"}]},{"@type":"WebSite","@id":"https:\/\/crocjeux.com\/#website","url":"https:\/\/crocjeux.com\/","name":"Croc Jeux","description":"Bienvenue chez Croc Jeux!","publisher":{"@id":"https:\/\/crocjeux.com\/#organization"},"potentialAction":[{"@type":"SearchAction","target":{"@type":"EntryPoint","urlTemplate":"https:\/\/crocjeux.com\/?s={search_term_string}"},"query-input":{"@type":"PropertyValueSpecification","valueRequired":true,"valueName":"search_term_string"}}],"inLanguage":"fr-FR"},{"@type":"Organization","@id":"https:\/\/crocjeux.com\/#organization","name":"Croc Jeux","url":"https:\/\/crocjeux.com\/","logo":{"@type":"ImageObject","inLanguage":"fr-FR","@id":"https:\/\/crocjeux.com\/#\/schema\/logo\/image\/","url":"https:\/\/crocjeux.com\/wp-content\/uploads\/2022\/01\/cropped-logo-croc-etape-1-e1644574034239.jpg","contentUrl":"https:\/\/crocjeux.com\/wp-content\/uploads\/2022\/01\/cropped-logo-croc-etape-1-e1644574034239.jpg","width":1224,"height":314,"caption":"Croc Jeux"},"image":{"@id":"https:\/\/crocjeux.com\/#\/schema\/logo\/image\/"}}]}},"_links":{"self":[{"href":"https:\/\/crocjeux.com\/index.php\/wp-json\/wp\/v2\/product\/2290","targetHints":{"allow":["GET"]}}],"collection":[{"href":"https:\/\/crocjeux.com\/index.php\/wp-json\/wp\/v2\/product"}],"about":[{"href":"https:\/\/crocjeux.com\/index.php\/wp-json\/wp\/v2\/types\/product"}],"replies":[{"embeddable":true,"href":"https:\/\/crocjeux.com\/index.php\/wp-json\/wp\/v2\/comments?post=2290"}],"wp:featuredmedia":[{"embeddable":true,"href":"https:\/\/crocjeux.com\/index.php\/wp-json\/wp\/v2\/media\/2291"}],"wp:attachment":[{"href":"https:\/\/crocjeux.com\/index.php\/wp-json\/wp\/v2\/media?parent=2290"}],"wp:term":[{"taxonomy":"product_brand","embeddable":true,"href":"https:\/\/crocjeux.com\/index.php\/wp-json\/wp\/v2\/product_brand?post=2290"},{"taxonomy":"product_cat","embeddable":true,"href":"https:\/\/crocjeux.com\/index.php\/wp-json\/wp\/v2\/product_cat?post=2290"},{"taxonomy":"product_tag","embeddable":true,"href":"https:\/\/crocjeux.com\/index.php\/wp-json\/wp\/v2\/product_tag?post=2290"}],"curies":[{"name":"wp","href":"https:\/\/api.w.org\/{rel}","templated":true}]}}