{"id":233,"date":"2020-11-02T14:50:35","date_gmt":"2020-11-02T13:50:35","guid":{"rendered":"https:\/\/crocjeux.com\/?post_type=product&#038;p=233"},"modified":"2021-01-21T22:35:06","modified_gmt":"2021-01-21T21:35:06","slug":"blanc-manger-coco-3-la-petite-gaterie","status":"publish","type":"product","link":"https:\/\/crocjeux.com\/index.php\/produit\/blanc-manger-coco-3-la-petite-gaterie\/","title":{"rendered":"Blanc Manger Coco 3 &#8211; La Petite G\u00e2terie"},"content":{"rendered":"<h2>La Petite G\u00e2terie, 3\u00e8me extension de la collection Blanc Manger Coco<\/h2>\n<div>Le jeu \u00e0 succ\u00e8s Blanc Manger Coco revient en force avec un Tome 3 au titre pour le moins \u00e9vocateur.<\/div>\n<div>Dans La Petite G\u00e2terie, retrouvez\u00a0 tous les sujets relatifs \u00e0 l&rsquo;amour : les mignonneries des premi\u00e8res rencontres, les premiers coups fourr\u00e9s, les espoirs, les projets, les d\u00e9ceptions, les plaisirs du quotidiens, les fantasmes, etc.<\/div>\n<div><\/div>\n<div>Ce nouveau volet th\u00e9matique de 600 cartes suppl\u00e9mentaires se distingue donc des Tomes g\u00e9n\u00e9ralistes 1 et 2. Mais finalement quoi de plus universel que l&rsquo;amour ? Vous vous retrouverez forc\u00e9ment dans l&rsquo;une des nouvelles situations pr\u00e9sentes dans cet opus.<\/div>\n<div><\/div>\n<div>\u00c0 vous d&rsquo;adapter votre strat\u00e9gie \u00e0 l&rsquo;auditoire. Soyez irr\u00e9v\u00e9rencieux, na\u00eff, ou mielleux.<\/div>\n<div>\n<h2>Le jeu de r\u00e9f\u00e9rence de vos soir\u00e9es entre amis<\/h2>\n<div>\n<p>Votre objectif reste inchang\u00e9 : compl\u00e9ter une phrase incompl\u00e8te en trouvant la r\u00e9ponse qui fera marrer le plus vos proches.<\/p>\n<\/div>\n<div>\n<p>Avec La Petite G\u00e2terie, Blanc Manger Coco s&rsquo;affirme un peu plus comme LE jeu r\u00e9f\u00e9rence de vos ap\u00e9ros. Avec des r\u00e8gles qui s&rsquo;expliquent en quelques minutes \u00e0 peine, vous ne perdrez pas de temps avant de jouer. Piochez vos cartes et laissez-vous aller aux combinaisons de cartes les plus d\u00e9lirantes.<\/p>\n<\/div>\n<div>Le jeu comprend 600 nouvelles cartes : 132 cartes bleues (les \u00ab\u00a0questions\u00a0\u00bb) et 468 cartes blanches (les \u00ab\u00a0r\u00e9ponses\u00a0\u00bb).<\/div>\n<h2>La s\u00e9rie Blanc-Manger Coco<\/h2>\n<div>La gamme du jeu Blanc Manger Coco compte trois Tomes distincts et de nombreuses extensions (g\u00e9n\u00e9ralistes ou sur un th\u00e8me particulier) aux noms plus ou moins tape-\u00e0-l\u2019\u0153il :<\/div>\n<div>\n<ul>\n<li>Blanc Manger Coco : le jeu original<\/li>\n<li>Tome 2 : Le D\u00e9luge<\/li>\n<li>Tome 3 : La Petite G\u00e2terie<\/li>\n<li>La Recave<\/li>\n<li>Poteau Rentrant<\/li>\n<li>La Pilule<\/li>\n<li>Pot de d\u00e9part<\/li>\n<li>La Geekerie<\/li>\n<li>Salade, Tomate, Oignon<\/li>\n<\/ul>\n<\/div>\n<\/div>\n","protected":false},"excerpt":{"rendered":"<div id=\"short_description_block\">\n<div id=\"short_description_content\" class=\"rte align_justify hide-smartphone\">La Petite G\u00e2terie est le Tome 3 de la gamme du jeu Blanc-Manger Coco comprenant 600 nouvelles cartes d\u00e9lirantes sur le th\u00e8me de la romance.<\/div>\n<\/div>\n","protected":false},"featured_media":234,"comment_status":"open","ping_status":"closed","template":"","meta":{"colormag_page_container_layout":"default_layout","colormag_page_sidebar_layout":"default_layout"},"product_brand":[],"product_cat":[114],"product_tag":[],"class_list":{"0":"post-233","1":"product","2":"type-product","3":"status-publish","4":"has-post-thumbnail","6":"product_cat-blanc-manger-coco-jeux-ambiance","8":"first","9":"instock","10":"taxable","11":"shipping-taxable","12":"purchasable","13":"product-type-simple"},"yoast_head":"<!-- This site is optimized with the Yoast SEO plugin v27.4 - https:\/\/yoast.com\/product\/yoast-seo-wordpress\/ -->\n<title>Blanc Manger Coco 3 - La Petite G\u00e2terie - Croc Jeux<\/title>\n<meta name=\"robots\" content=\"index, follow, max-snippet:-1, max-image-preview:large, max-video-preview:-1\" \/>\n<link rel=\"canonical\" href=\"https:\/\/crocjeux.com\/index.php\/produit\/blanc-manger-coco-3-la-petite-gaterie\/\" \/>\n<meta property=\"og:locale\" content=\"fr_FR\" \/>\n<meta property=\"og:type\" content=\"article\" \/>\n<meta property=\"og:title\" content=\"Blanc Manger Coco 3 - La Petite G\u00e2terie - Croc Jeux\" \/>\n<meta property=\"og:description\" content=\"La Petite G\u00e2terie est le Tome 3 de la gamme du jeu Blanc-Manger Coco comprenant 600 nouvelles cartes d\u00e9lirantes sur le th\u00e8me de la romance.\" \/>\n<meta property=\"og:url\" content=\"https:\/\/crocjeux.com\/index.php\/produit\/blanc-manger-coco-3-la-petite-gaterie\/\" \/>\n<meta property=\"og:site_name\" content=\"Croc Jeux\" \/>\n<meta property=\"article:modified_time\" content=\"2021-01-21T21:35:06+00:00\" \/>\n<meta property=\"og:image\" content=\"https:\/\/crocjeux.com\/wp-content\/uploads\/2020\/11\/blanc_manger_coco3.png\" \/>\n\t<meta property=\"og:image:width\" content=\"200\" \/>\n\t<meta property=\"og:image:height\" content=\"394\" \/>\n\t<meta property=\"og:image:type\" content=\"image\/png\" \/>\n<meta name=\"twitter:card\" content=\"summary_large_image\" \/>\n<meta name=\"twitter:label1\" content=\"Dur\u00e9e de lecture estim\u00e9e\" \/>\n\t<meta name=\"twitter:data1\" content=\"1 minute\" \/>\n<script type=\"application\/ld+json\" class=\"yoast-schema-graph\">{\"@context\":\"https:\\\/\\\/schema.org\",\"@graph\":[{\"@type\":\"WebPage\",\"@id\":\"https:\\\/\\\/crocjeux.com\\\/index.php\\\/produit\\\/blanc-manger-coco-3-la-petite-gaterie\\\/\",\"url\":\"https:\\\/\\\/crocjeux.com\\\/index.php\\\/produit\\\/blanc-manger-coco-3-la-petite-gaterie\\\/\",\"name\":\"Blanc Manger Coco 3 - La Petite G\u00e2terie - Croc Jeux\",\"isPartOf\":{\"@id\":\"https:\\\/\\\/crocjeux.com\\\/#website\"},\"primaryImageOfPage\":{\"@id\":\"https:\\\/\\\/crocjeux.com\\\/index.php\\\/produit\\\/blanc-manger-coco-3-la-petite-gaterie\\\/#primaryimage\"},\"image\":{\"@id\":\"https:\\\/\\\/crocjeux.com\\\/index.php\\\/produit\\\/blanc-manger-coco-3-la-petite-gaterie\\\/#primaryimage\"},\"thumbnailUrl\":\"https:\\\/\\\/crocjeux.com\\\/wp-content\\\/uploads\\\/2020\\\/11\\\/blanc_manger_coco3.png\",\"datePublished\":\"2020-11-02T13:50:35+00:00\",\"dateModified\":\"2021-01-21T21:35:06+00:00\",\"breadcrumb\":{\"@id\":\"https:\\\/\\\/crocjeux.com\\\/index.php\\\/produit\\\/blanc-manger-coco-3-la-petite-gaterie\\\/#breadcrumb\"},\"inLanguage\":\"fr-FR\",\"potentialAction\":[{\"@type\":\"ReadAction\",\"target\":[\"https:\\\/\\\/crocjeux.com\\\/index.php\\\/produit\\\/blanc-manger-coco-3-la-petite-gaterie\\\/\"]}]},{\"@type\":\"ImageObject\",\"inLanguage\":\"fr-FR\",\"@id\":\"https:\\\/\\\/crocjeux.com\\\/index.php\\\/produit\\\/blanc-manger-coco-3-la-petite-gaterie\\\/#primaryimage\",\"url\":\"https:\\\/\\\/crocjeux.com\\\/wp-content\\\/uploads\\\/2020\\\/11\\\/blanc_manger_coco3.png\",\"contentUrl\":\"https:\\\/\\\/crocjeux.com\\\/wp-content\\\/uploads\\\/2020\\\/11\\\/blanc_manger_coco3.png\",\"width\":200,\"height\":394},{\"@type\":\"BreadcrumbList\",\"@id\":\"https:\\\/\\\/crocjeux.com\\\/index.php\\\/produit\\\/blanc-manger-coco-3-la-petite-gaterie\\\/#breadcrumb\",\"itemListElement\":[{\"@type\":\"ListItem\",\"position\":1,\"name\":\"Accueil\",\"item\":\"https:\\\/\\\/crocjeux.com\\\/\"},{\"@type\":\"ListItem\",\"position\":2,\"name\":\"Boutique\",\"item\":\"https:\\\/\\\/crocjeux.com\\\/\"},{\"@type\":\"ListItem\",\"position\":3,\"name\":\"Blanc Manger Coco 3 &#8211; La Petite G\u00e2terie\"}]},{\"@type\":\"WebSite\",\"@id\":\"https:\\\/\\\/crocjeux.com\\\/#website\",\"url\":\"https:\\\/\\\/crocjeux.com\\\/\",\"name\":\"Croc Jeux\",\"description\":\"Bienvenue chez Croc Jeux!\",\"publisher\":{\"@id\":\"https:\\\/\\\/crocjeux.com\\\/#organization\"},\"potentialAction\":[{\"@type\":\"SearchAction\",\"target\":{\"@type\":\"EntryPoint\",\"urlTemplate\":\"https:\\\/\\\/crocjeux.com\\\/?s={search_term_string}\"},\"query-input\":{\"@type\":\"PropertyValueSpecification\",\"valueRequired\":true,\"valueName\":\"search_term_string\"}}],\"inLanguage\":\"fr-FR\"},{\"@type\":\"Organization\",\"@id\":\"https:\\\/\\\/crocjeux.com\\\/#organization\",\"name\":\"Croc Jeux\",\"url\":\"https:\\\/\\\/crocjeux.com\\\/\",\"logo\":{\"@type\":\"ImageObject\",\"inLanguage\":\"fr-FR\",\"@id\":\"https:\\\/\\\/crocjeux.com\\\/#\\\/schema\\\/logo\\\/image\\\/\",\"url\":\"https:\\\/\\\/crocjeux.com\\\/wp-content\\\/uploads\\\/2022\\\/01\\\/cropped-logo-croc-etape-1-e1644574034239.jpg\",\"contentUrl\":\"https:\\\/\\\/crocjeux.com\\\/wp-content\\\/uploads\\\/2022\\\/01\\\/cropped-logo-croc-etape-1-e1644574034239.jpg\",\"width\":1224,\"height\":314,\"caption\":\"Croc Jeux\"},\"image\":{\"@id\":\"https:\\\/\\\/crocjeux.com\\\/#\\\/schema\\\/logo\\\/image\\\/\"}}]}<\/script>\n<!-- \/ Yoast SEO plugin. -->","yoast_head_json":{"title":"Blanc Manger Coco 3 - La Petite G\u00e2terie - Croc Jeux","robots":{"index":"index","follow":"follow","max-snippet":"max-snippet:-1","max-image-preview":"max-image-preview:large","max-video-preview":"max-video-preview:-1"},"canonical":"https:\/\/crocjeux.com\/index.php\/produit\/blanc-manger-coco-3-la-petite-gaterie\/","og_locale":"fr_FR","og_type":"article","og_title":"Blanc Manger Coco 3 - La Petite G\u00e2terie - Croc Jeux","og_description":"La Petite G\u00e2terie est le Tome 3 de la gamme du jeu Blanc-Manger Coco comprenant 600 nouvelles cartes d\u00e9lirantes sur le th\u00e8me de la romance.","og_url":"https:\/\/crocjeux.com\/index.php\/produit\/blanc-manger-coco-3-la-petite-gaterie\/","og_site_name":"Croc Jeux","article_modified_time":"2021-01-21T21:35:06+00:00","og_image":[{"width":200,"height":394,"url":"https:\/\/crocjeux.com\/wp-content\/uploads\/2020\/11\/blanc_manger_coco3.png","type":"image\/png"}],"twitter_card":"summary_large_image","twitter_misc":{"Dur\u00e9e de lecture estim\u00e9e":"1 minute"},"schema":{"@context":"https:\/\/schema.org","@graph":[{"@type":"WebPage","@id":"https:\/\/crocjeux.com\/index.php\/produit\/blanc-manger-coco-3-la-petite-gaterie\/","url":"https:\/\/crocjeux.com\/index.php\/produit\/blanc-manger-coco-3-la-petite-gaterie\/","name":"Blanc Manger Coco 3 - La Petite G\u00e2terie - Croc Jeux","isPartOf":{"@id":"https:\/\/crocjeux.com\/#website"},"primaryImageOfPage":{"@id":"https:\/\/crocjeux.com\/index.php\/produit\/blanc-manger-coco-3-la-petite-gaterie\/#primaryimage"},"image":{"@id":"https:\/\/crocjeux.com\/index.php\/produit\/blanc-manger-coco-3-la-petite-gaterie\/#primaryimage"},"thumbnailUrl":"https:\/\/crocjeux.com\/wp-content\/uploads\/2020\/11\/blanc_manger_coco3.png","datePublished":"2020-11-02T13:50:35+00:00","dateModified":"2021-01-21T21:35:06+00:00","breadcrumb":{"@id":"https:\/\/crocjeux.com\/index.php\/produit\/blanc-manger-coco-3-la-petite-gaterie\/#breadcrumb"},"inLanguage":"fr-FR","potentialAction":[{"@type":"ReadAction","target":["https:\/\/crocjeux.com\/index.php\/produit\/blanc-manger-coco-3-la-petite-gaterie\/"]}]},{"@type":"ImageObject","inLanguage":"fr-FR","@id":"https:\/\/crocjeux.com\/index.php\/produit\/blanc-manger-coco-3-la-petite-gaterie\/#primaryimage","url":"https:\/\/crocjeux.com\/wp-content\/uploads\/2020\/11\/blanc_manger_coco3.png","contentUrl":"https:\/\/crocjeux.com\/wp-content\/uploads\/2020\/11\/blanc_manger_coco3.png","width":200,"height":394},{"@type":"BreadcrumbList","@id":"https:\/\/crocjeux.com\/index.php\/produit\/blanc-manger-coco-3-la-petite-gaterie\/#breadcrumb","itemListElement":[{"@type":"ListItem","position":1,"name":"Accueil","item":"https:\/\/crocjeux.com\/"},{"@type":"ListItem","position":2,"name":"Boutique","item":"https:\/\/crocjeux.com\/"},{"@type":"ListItem","position":3,"name":"Blanc Manger Coco 3 &#8211; La Petite G\u00e2terie"}]},{"@type":"WebSite","@id":"https:\/\/crocjeux.com\/#website","url":"https:\/\/crocjeux.com\/","name":"Croc Jeux","description":"Bienvenue chez Croc Jeux!","publisher":{"@id":"https:\/\/crocjeux.com\/#organization"},"potentialAction":[{"@type":"SearchAction","target":{"@type":"EntryPoint","urlTemplate":"https:\/\/crocjeux.com\/?s={search_term_string}"},"query-input":{"@type":"PropertyValueSpecification","valueRequired":true,"valueName":"search_term_string"}}],"inLanguage":"fr-FR"},{"@type":"Organization","@id":"https:\/\/crocjeux.com\/#organization","name":"Croc Jeux","url":"https:\/\/crocjeux.com\/","logo":{"@type":"ImageObject","inLanguage":"fr-FR","@id":"https:\/\/crocjeux.com\/#\/schema\/logo\/image\/","url":"https:\/\/crocjeux.com\/wp-content\/uploads\/2022\/01\/cropped-logo-croc-etape-1-e1644574034239.jpg","contentUrl":"https:\/\/crocjeux.com\/wp-content\/uploads\/2022\/01\/cropped-logo-croc-etape-1-e1644574034239.jpg","width":1224,"height":314,"caption":"Croc Jeux"},"image":{"@id":"https:\/\/crocjeux.com\/#\/schema\/logo\/image\/"}}]}},"_links":{"self":[{"href":"https:\/\/crocjeux.com\/index.php\/wp-json\/wp\/v2\/product\/233","targetHints":{"allow":["GET"]}}],"collection":[{"href":"https:\/\/crocjeux.com\/index.php\/wp-json\/wp\/v2\/product"}],"about":[{"href":"https:\/\/crocjeux.com\/index.php\/wp-json\/wp\/v2\/types\/product"}],"replies":[{"embeddable":true,"href":"https:\/\/crocjeux.com\/index.php\/wp-json\/wp\/v2\/comments?post=233"}],"wp:featuredmedia":[{"embeddable":true,"href":"https:\/\/crocjeux.com\/index.php\/wp-json\/wp\/v2\/media\/234"}],"wp:attachment":[{"href":"https:\/\/crocjeux.com\/index.php\/wp-json\/wp\/v2\/media?parent=233"}],"wp:term":[{"taxonomy":"product_brand","embeddable":true,"href":"https:\/\/crocjeux.com\/index.php\/wp-json\/wp\/v2\/product_brand?post=233"},{"taxonomy":"product_cat","embeddable":true,"href":"https:\/\/crocjeux.com\/index.php\/wp-json\/wp\/v2\/product_cat?post=233"},{"taxonomy":"product_tag","embeddable":true,"href":"https:\/\/crocjeux.com\/index.php\/wp-json\/wp\/v2\/product_tag?post=233"}],"curies":[{"name":"wp","href":"https:\/\/api.w.org\/{rel}","templated":true}]}}