{"id":2341,"date":"2021-04-28T15:05:03","date_gmt":"2021-04-28T14:05:03","guid":{"rendered":"https:\/\/crocjeux.com\/?post_type=product&#038;p=2341"},"modified":"2024-07-31T12:14:39","modified_gmt":"2024-07-31T11:14:39","slug":"chronicles-of-crime-millenium-1900-sortie-le-30-04","status":"publish","type":"product","link":"https:\/\/crocjeux.com\/index.php\/produit\/chronicles-of-crime-millenium-1900-sortie-le-30-04\/","title":{"rendered":"Chronicles of Crime Millenium &#8211; 1900"},"content":{"rendered":"<h2>Millenium 1900, le jeu d&rsquo;enqu\u00eates en VR dans le Paris de la Belle Epoque !<\/h2>\n<p>Vous \u00eates Victor Lavel, un jeune journaliste ambitieux travaillant pour un grand journal. Nous sommes en 1900, au milieu de la Belle \u00c9poque, et Paris est en plein essor. Il y a tant d&rsquo;histoires \u00e0 couvrir, l&rsquo;Exposition Universelle, les Jeux Olympiques d&rsquo;\u00e9t\u00e9, l&rsquo;ouverture de la premi\u00e8re station de m\u00e9tro, mais en tant que Lavel, une famille c\u00e9l\u00e8bre pour avoir r\u00e9solu des crimes depuis le Moyen \u00c2ge, vous \u00eates beaucoup plus int\u00e9ress\u00e9 par les meurtres, les enl\u00e8vements et les vols. Le fait d&rsquo;\u00eatre journaliste vous permet d&rsquo;\u00eatre parmi les premiers \u00e0 en avoir connaissance, et votre intelligence fait que vous \u00eates souvent le premier \u00e0 trouver le coupable.<\/p>\n<h2>Un Standalone de la s\u00e9rie Millenium de Chronicles of Crime<\/h2>\n<p>Chronicles of Crime 1900 met les joueurs au d\u00e9fi non seulement de recueillir habilement des preuves et d\u2019interroger des suspects, mais aussi de r\u00e9soudre certaines \u00e9nigmes de type \u00abescape game\u00bb<br \/>\nint\u00e9gr\u00e9es \u00e0 chaque sc\u00e9nario. Pouvez-vous deviner la bonne combinaison pour ouvrir le coffre-fort ? Serez-vous capable de d\u00e9chiffrer un message crypt\u00e9 trouv\u00e9 sur la sc\u00e8ne de crime ? Pouvez-vous retrouver la trace du suspect en naviguant sur une carte ? Ce ne sera pas facile, mais si vous \u00eates bloqu\u00e9, vous pouvez demander de l\u2019aide \u00e0 votre coll\u00e8gue Charlotte. Elle dirige la rubrique \u00abCasse-t\u00eate et \u00e9nigmes\u00bb de votre journal, elle peut donc toujours vous donner un indice sur le myst\u00e8re qui vous pr\u00e9occupe.<\/p>\n<p><iframe title=\"YouTube video player\" src=\"https:\/\/www.youtube.com\/embed\/RzCiGvce2yQ\" width=\"560\" height=\"315\" frameborder=\"0\" allowfullscreen=\"allowfullscreen\"><\/iframe><\/p>\n","protected":false},"excerpt":{"rendered":"<p>Le nouveau venu de la s\u00e9rie des Chronicles of Crime, Paris \u00e0 la Belle Epoque!<\/p>\n","protected":false},"featured_media":2342,"comment_status":"open","ping_status":"closed","template":"","meta":{"colormag_page_container_layout":"default_layout","colormag_page_sidebar_layout":"default_layout"},"product_brand":[],"product_cat":[122,45,18],"product_tag":[],"class_list":{"0":"post-2341","1":"product","2":"type-product","3":"status-publish","4":"has-post-thumbnail","6":"product_cat-chronicles-of-crime-escape-room","7":"product_cat-escape-room-escape-enquete","8":"product_cat-jeux-de-strategie","10":"first","11":"instock","12":"taxable","13":"shipping-taxable","14":"purchasable","15":"product-type-simple"},"yoast_head":"<!-- This site is optimized with the Yoast SEO plugin v27.4 - https:\/\/yoast.com\/product\/yoast-seo-wordpress\/ -->\n<title>Chronicles of Crime Millenium - 1900 - Croc Jeux<\/title>\n<meta name=\"robots\" content=\"index, follow, max-snippet:-1, max-image-preview:large, max-video-preview:-1\" \/>\n<link rel=\"canonical\" href=\"https:\/\/crocjeux.com\/index.php\/produit\/chronicles-of-crime-millenium-1900-sortie-le-30-04\/\" \/>\n<meta property=\"og:locale\" content=\"fr_FR\" \/>\n<meta property=\"og:type\" content=\"article\" \/>\n<meta property=\"og:title\" content=\"Chronicles of Crime Millenium - 1900 - Croc Jeux\" \/>\n<meta property=\"og:description\" content=\"Le nouveau venu de la s\u00e9rie des Chronicles of Crime, Paris \u00e0 la Belle Epoque!\" \/>\n<meta property=\"og:url\" content=\"https:\/\/crocjeux.com\/index.php\/produit\/chronicles-of-crime-millenium-1900-sortie-le-30-04\/\" \/>\n<meta property=\"og:site_name\" content=\"Croc Jeux\" \/>\n<meta property=\"article:modified_time\" content=\"2024-07-31T11:14:39+00:00\" \/>\n<meta property=\"og:image\" content=\"https:\/\/crocjeux.com\/wp-content\/uploads\/2021\/04\/chronicles-of-crime-millenium-1900.png\" \/>\n\t<meta property=\"og:image:width\" content=\"600\" \/>\n\t<meta property=\"og:image:height\" content=\"600\" \/>\n\t<meta property=\"og:image:type\" content=\"image\/png\" \/>\n<meta name=\"twitter:card\" content=\"summary_large_image\" \/>\n<meta name=\"twitter:label1\" content=\"Dur\u00e9e de lecture estim\u00e9e\" \/>\n\t<meta name=\"twitter:data1\" content=\"2 minutes\" \/>\n<script type=\"application\/ld+json\" class=\"yoast-schema-graph\">{\"@context\":\"https:\\\/\\\/schema.org\",\"@graph\":[{\"@type\":\"WebPage\",\"@id\":\"https:\\\/\\\/crocjeux.com\\\/index.php\\\/produit\\\/chronicles-of-crime-millenium-1900-sortie-le-30-04\\\/\",\"url\":\"https:\\\/\\\/crocjeux.com\\\/index.php\\\/produit\\\/chronicles-of-crime-millenium-1900-sortie-le-30-04\\\/\",\"name\":\"Chronicles of Crime Millenium - 1900 - Croc Jeux\",\"isPartOf\":{\"@id\":\"https:\\\/\\\/crocjeux.com\\\/#website\"},\"primaryImageOfPage\":{\"@id\":\"https:\\\/\\\/crocjeux.com\\\/index.php\\\/produit\\\/chronicles-of-crime-millenium-1900-sortie-le-30-04\\\/#primaryimage\"},\"image\":{\"@id\":\"https:\\\/\\\/crocjeux.com\\\/index.php\\\/produit\\\/chronicles-of-crime-millenium-1900-sortie-le-30-04\\\/#primaryimage\"},\"thumbnailUrl\":\"https:\\\/\\\/crocjeux.com\\\/wp-content\\\/uploads\\\/2021\\\/04\\\/chronicles-of-crime-millenium-1900.png\",\"datePublished\":\"2021-04-28T14:05:03+00:00\",\"dateModified\":\"2024-07-31T11:14:39+00:00\",\"breadcrumb\":{\"@id\":\"https:\\\/\\\/crocjeux.com\\\/index.php\\\/produit\\\/chronicles-of-crime-millenium-1900-sortie-le-30-04\\\/#breadcrumb\"},\"inLanguage\":\"fr-FR\",\"potentialAction\":[{\"@type\":\"ReadAction\",\"target\":[\"https:\\\/\\\/crocjeux.com\\\/index.php\\\/produit\\\/chronicles-of-crime-millenium-1900-sortie-le-30-04\\\/\"]}]},{\"@type\":\"ImageObject\",\"inLanguage\":\"fr-FR\",\"@id\":\"https:\\\/\\\/crocjeux.com\\\/index.php\\\/produit\\\/chronicles-of-crime-millenium-1900-sortie-le-30-04\\\/#primaryimage\",\"url\":\"https:\\\/\\\/crocjeux.com\\\/wp-content\\\/uploads\\\/2021\\\/04\\\/chronicles-of-crime-millenium-1900.png\",\"contentUrl\":\"https:\\\/\\\/crocjeux.com\\\/wp-content\\\/uploads\\\/2021\\\/04\\\/chronicles-of-crime-millenium-1900.png\",\"width\":600,\"height\":600},{\"@type\":\"BreadcrumbList\",\"@id\":\"https:\\\/\\\/crocjeux.com\\\/index.php\\\/produit\\\/chronicles-of-crime-millenium-1900-sortie-le-30-04\\\/#breadcrumb\",\"itemListElement\":[{\"@type\":\"ListItem\",\"position\":1,\"name\":\"Accueil\",\"item\":\"https:\\\/\\\/crocjeux.com\\\/\"},{\"@type\":\"ListItem\",\"position\":2,\"name\":\"Boutique\",\"item\":\"https:\\\/\\\/crocjeux.com\\\/\"},{\"@type\":\"ListItem\",\"position\":3,\"name\":\"Chronicles of Crime Millenium &#8211; 1900\"}]},{\"@type\":\"WebSite\",\"@id\":\"https:\\\/\\\/crocjeux.com\\\/#website\",\"url\":\"https:\\\/\\\/crocjeux.com\\\/\",\"name\":\"Croc Jeux\",\"description\":\"Bienvenue chez Croc Jeux!\",\"publisher\":{\"@id\":\"https:\\\/\\\/crocjeux.com\\\/#organization\"},\"potentialAction\":[{\"@type\":\"SearchAction\",\"target\":{\"@type\":\"EntryPoint\",\"urlTemplate\":\"https:\\\/\\\/crocjeux.com\\\/?s={search_term_string}\"},\"query-input\":{\"@type\":\"PropertyValueSpecification\",\"valueRequired\":true,\"valueName\":\"search_term_string\"}}],\"inLanguage\":\"fr-FR\"},{\"@type\":\"Organization\",\"@id\":\"https:\\\/\\\/crocjeux.com\\\/#organization\",\"name\":\"Croc Jeux\",\"url\":\"https:\\\/\\\/crocjeux.com\\\/\",\"logo\":{\"@type\":\"ImageObject\",\"inLanguage\":\"fr-FR\",\"@id\":\"https:\\\/\\\/crocjeux.com\\\/#\\\/schema\\\/logo\\\/image\\\/\",\"url\":\"https:\\\/\\\/crocjeux.com\\\/wp-content\\\/uploads\\\/2022\\\/01\\\/cropped-logo-croc-etape-1-e1644574034239.jpg\",\"contentUrl\":\"https:\\\/\\\/crocjeux.com\\\/wp-content\\\/uploads\\\/2022\\\/01\\\/cropped-logo-croc-etape-1-e1644574034239.jpg\",\"width\":1224,\"height\":314,\"caption\":\"Croc Jeux\"},\"image\":{\"@id\":\"https:\\\/\\\/crocjeux.com\\\/#\\\/schema\\\/logo\\\/image\\\/\"}}]}<\/script>\n<!-- \/ Yoast SEO plugin. -->","yoast_head_json":{"title":"Chronicles of Crime Millenium - 1900 - Croc Jeux","robots":{"index":"index","follow":"follow","max-snippet":"max-snippet:-1","max-image-preview":"max-image-preview:large","max-video-preview":"max-video-preview:-1"},"canonical":"https:\/\/crocjeux.com\/index.php\/produit\/chronicles-of-crime-millenium-1900-sortie-le-30-04\/","og_locale":"fr_FR","og_type":"article","og_title":"Chronicles of Crime Millenium - 1900 - Croc Jeux","og_description":"Le nouveau venu de la s\u00e9rie des Chronicles of Crime, Paris \u00e0 la Belle Epoque!","og_url":"https:\/\/crocjeux.com\/index.php\/produit\/chronicles-of-crime-millenium-1900-sortie-le-30-04\/","og_site_name":"Croc Jeux","article_modified_time":"2024-07-31T11:14:39+00:00","og_image":[{"width":600,"height":600,"url":"https:\/\/crocjeux.com\/wp-content\/uploads\/2021\/04\/chronicles-of-crime-millenium-1900.png","type":"image\/png"}],"twitter_card":"summary_large_image","twitter_misc":{"Dur\u00e9e de lecture estim\u00e9e":"2 minutes"},"schema":{"@context":"https:\/\/schema.org","@graph":[{"@type":"WebPage","@id":"https:\/\/crocjeux.com\/index.php\/produit\/chronicles-of-crime-millenium-1900-sortie-le-30-04\/","url":"https:\/\/crocjeux.com\/index.php\/produit\/chronicles-of-crime-millenium-1900-sortie-le-30-04\/","name":"Chronicles of Crime Millenium - 1900 - Croc Jeux","isPartOf":{"@id":"https:\/\/crocjeux.com\/#website"},"primaryImageOfPage":{"@id":"https:\/\/crocjeux.com\/index.php\/produit\/chronicles-of-crime-millenium-1900-sortie-le-30-04\/#primaryimage"},"image":{"@id":"https:\/\/crocjeux.com\/index.php\/produit\/chronicles-of-crime-millenium-1900-sortie-le-30-04\/#primaryimage"},"thumbnailUrl":"https:\/\/crocjeux.com\/wp-content\/uploads\/2021\/04\/chronicles-of-crime-millenium-1900.png","datePublished":"2021-04-28T14:05:03+00:00","dateModified":"2024-07-31T11:14:39+00:00","breadcrumb":{"@id":"https:\/\/crocjeux.com\/index.php\/produit\/chronicles-of-crime-millenium-1900-sortie-le-30-04\/#breadcrumb"},"inLanguage":"fr-FR","potentialAction":[{"@type":"ReadAction","target":["https:\/\/crocjeux.com\/index.php\/produit\/chronicles-of-crime-millenium-1900-sortie-le-30-04\/"]}]},{"@type":"ImageObject","inLanguage":"fr-FR","@id":"https:\/\/crocjeux.com\/index.php\/produit\/chronicles-of-crime-millenium-1900-sortie-le-30-04\/#primaryimage","url":"https:\/\/crocjeux.com\/wp-content\/uploads\/2021\/04\/chronicles-of-crime-millenium-1900.png","contentUrl":"https:\/\/crocjeux.com\/wp-content\/uploads\/2021\/04\/chronicles-of-crime-millenium-1900.png","width":600,"height":600},{"@type":"BreadcrumbList","@id":"https:\/\/crocjeux.com\/index.php\/produit\/chronicles-of-crime-millenium-1900-sortie-le-30-04\/#breadcrumb","itemListElement":[{"@type":"ListItem","position":1,"name":"Accueil","item":"https:\/\/crocjeux.com\/"},{"@type":"ListItem","position":2,"name":"Boutique","item":"https:\/\/crocjeux.com\/"},{"@type":"ListItem","position":3,"name":"Chronicles of Crime Millenium &#8211; 1900"}]},{"@type":"WebSite","@id":"https:\/\/crocjeux.com\/#website","url":"https:\/\/crocjeux.com\/","name":"Croc Jeux","description":"Bienvenue chez Croc Jeux!","publisher":{"@id":"https:\/\/crocjeux.com\/#organization"},"potentialAction":[{"@type":"SearchAction","target":{"@type":"EntryPoint","urlTemplate":"https:\/\/crocjeux.com\/?s={search_term_string}"},"query-input":{"@type":"PropertyValueSpecification","valueRequired":true,"valueName":"search_term_string"}}],"inLanguage":"fr-FR"},{"@type":"Organization","@id":"https:\/\/crocjeux.com\/#organization","name":"Croc Jeux","url":"https:\/\/crocjeux.com\/","logo":{"@type":"ImageObject","inLanguage":"fr-FR","@id":"https:\/\/crocjeux.com\/#\/schema\/logo\/image\/","url":"https:\/\/crocjeux.com\/wp-content\/uploads\/2022\/01\/cropped-logo-croc-etape-1-e1644574034239.jpg","contentUrl":"https:\/\/crocjeux.com\/wp-content\/uploads\/2022\/01\/cropped-logo-croc-etape-1-e1644574034239.jpg","width":1224,"height":314,"caption":"Croc Jeux"},"image":{"@id":"https:\/\/crocjeux.com\/#\/schema\/logo\/image\/"}}]}},"_links":{"self":[{"href":"https:\/\/crocjeux.com\/index.php\/wp-json\/wp\/v2\/product\/2341","targetHints":{"allow":["GET"]}}],"collection":[{"href":"https:\/\/crocjeux.com\/index.php\/wp-json\/wp\/v2\/product"}],"about":[{"href":"https:\/\/crocjeux.com\/index.php\/wp-json\/wp\/v2\/types\/product"}],"replies":[{"embeddable":true,"href":"https:\/\/crocjeux.com\/index.php\/wp-json\/wp\/v2\/comments?post=2341"}],"wp:featuredmedia":[{"embeddable":true,"href":"https:\/\/crocjeux.com\/index.php\/wp-json\/wp\/v2\/media\/2342"}],"wp:attachment":[{"href":"https:\/\/crocjeux.com\/index.php\/wp-json\/wp\/v2\/media?parent=2341"}],"wp:term":[{"taxonomy":"product_brand","embeddable":true,"href":"https:\/\/crocjeux.com\/index.php\/wp-json\/wp\/v2\/product_brand?post=2341"},{"taxonomy":"product_cat","embeddable":true,"href":"https:\/\/crocjeux.com\/index.php\/wp-json\/wp\/v2\/product_cat?post=2341"},{"taxonomy":"product_tag","embeddable":true,"href":"https:\/\/crocjeux.com\/index.php\/wp-json\/wp\/v2\/product_tag?post=2341"}],"curies":[{"name":"wp","href":"https:\/\/api.w.org\/{rel}","templated":true}]}}