{"id":24,"date":"2020-09-02T13:04:47","date_gmt":"2020-09-02T12:04:47","guid":{"rendered":"http:\/\/crocjeux.bourgade.net\/?post_type=product&#038;p=24"},"modified":"2024-05-15T11:39:24","modified_gmt":"2024-05-15T10:39:24","slug":"7wonders-duel","status":"publish","type":"product","link":"https:\/\/crocjeux.com\/index.php\/produit\/7wonders-duel\/","title":{"rendered":"7 Wonders Duel"},"content":{"rendered":"<p class=\"cs2654AE3A\"><span class=\"cs1E88C66E\">Dans 7Wonders Duel, chaque joueur est \u00e0 la t\u00eate d&rsquo;une civilisation et va construire des B\u00e2timents et des Merveilles. L&rsquo;ensemble des B\u00e2timents construits par un joueur ainsi que ses Merveilles est appel\u00e9 \u00ab cit\u00e9 \u00bb. <\/span><\/p>\n<p class=\"cs2654AE3A\"><span class=\"cs1E88C66E\">Une partie se d\u00e9roule en 3 \u00c2ges, chaque \u00c2ge utilisant l&rsquo;un des trois paquets de cartes (d&rsquo;abord les cartes \u00c2ge I, puis \u00c2ge II et enfin \u00c2ge III). Chaque carte \u00c2ge repr\u00e9sente un B\u00e2timent. <\/span><\/p>\n<p class=\"cs2654AE3A\"><span class=\"cs1E88C66E\">Ces \u00c2ges se jouent de mani\u00e8re similaire, chaque joueur ayant l&rsquo;opportunit\u00e9 de jouer environ 10 cartes par \u00c2ge pour gagner de l&rsquo;argent, renforcer son arm\u00e9e, faire des d\u00e9couvertes scientifiques et d\u00e9velopper sa cit\u00e9. <\/span><\/p>\n<p class=\"cs2654AE3A\"><span class=\"cs1E88C66E\">Dans 7Wonders Duel, il y a trois mani\u00e8res de remporter la victoire : la supr\u00e9matie militaire, la supr\u00e9matie scientifique et la victoire civile. <\/span><\/p>\n<p class=\"cs2654AE3A\"><span class=\"cs1E88C66E\">Les victoires militaires et scientifiques peuvent arriver \u00e0 tout moment et mettent fin \u00e0 la partie. Si, \u00e0 l&rsquo;issue du troisi\u00e8me \u00c2ge, personne n&rsquo;a encore remport\u00e9 la partie, les joueurs comptabilisent leurs points de victoire et le joueur avec le score le plus \u00e9lev\u00e9 est d\u00e9clar\u00e9 vainqueur.<\/span><\/p>\n<p class=\"cs2654AE3A\"><span class=\"cs1E88C66E\">A partir de 10 ans, 2 joueurs, 30 min.<\/span><\/p>\n<p class=\"cs2654AE3A\"><iframe src=\"https:\/\/www.youtube.com\/embed\/7XTQgcifuzo\" width=\"560\" height=\"315\" frameborder=\"0\" allowfullscreen=\"allowfullscreen\"><\/iframe><\/p>\n","protected":false},"excerpt":{"rendered":"<p>Dans 7Wonders Duel, chaque joueur est \u00e0 la t\u00eate d&rsquo;une civilisation et va construire des B\u00e2timents et des Merveilles. L&rsquo;ensemble<\/p>\n","protected":false},"featured_media":25,"comment_status":"open","ping_status":"closed","template":"","meta":{"colormag_page_container_layout":"default_layout","colormag_page_sidebar_layout":"default_layout"},"product_brand":[],"product_cat":[118,119,29,37],"product_tag":[],"class_list":{"0":"post-24","1":"product","2":"type-product","3":"status-publish","4":"has-post-thumbnail","6":"product_cat-7-wonders-jeux-strategie","7":"product_cat-7-wonders-grand-classique","8":"product_cat-jeux-2-joueurs","9":"product_cat-ne-ratez-pas","11":"first","12":"instock","13":"taxable","14":"shipping-taxable","15":"purchasable","16":"product-type-simple"},"yoast_head":"<!-- This site is optimized with the Yoast SEO plugin v27.4 - https:\/\/yoast.com\/product\/yoast-seo-wordpress\/ -->\n<title>7 Wonders Duel - Croc Jeux<\/title>\n<meta name=\"robots\" content=\"index, follow, max-snippet:-1, max-image-preview:large, max-video-preview:-1\" \/>\n<link rel=\"canonical\" href=\"https:\/\/crocjeux.com\/index.php\/produit\/7wonders-duel\/\" \/>\n<meta property=\"og:locale\" content=\"fr_FR\" \/>\n<meta property=\"og:type\" content=\"article\" \/>\n<meta property=\"og:title\" content=\"7 Wonders Duel - Croc Jeux\" \/>\n<meta property=\"og:description\" content=\"Dans 7Wonders Duel, chaque joueur est \u00e0 la t\u00eate d&rsquo;une civilisation et va construire des B\u00e2timents et des Merveilles. L&rsquo;ensemble\" \/>\n<meta property=\"og:url\" content=\"https:\/\/crocjeux.com\/index.php\/produit\/7wonders-duel\/\" \/>\n<meta property=\"og:site_name\" content=\"Croc Jeux\" \/>\n<meta property=\"article:modified_time\" content=\"2024-05-15T10:39:24+00:00\" \/>\n<meta property=\"og:image\" content=\"https:\/\/crocjeux.com\/wp-content\/uploads\/2020\/09\/ItemRP7DU01.jpeg\" \/>\n\t<meta property=\"og:image:width\" content=\"300\" \/>\n\t<meta property=\"og:image:height\" content=\"300\" \/>\n\t<meta property=\"og:image:type\" content=\"image\/jpeg\" \/>\n<meta name=\"twitter:card\" content=\"summary_large_image\" \/>\n<meta name=\"twitter:label1\" content=\"Dur\u00e9e de lecture estim\u00e9e\" \/>\n\t<meta name=\"twitter:data1\" content=\"1 minute\" \/>\n<script type=\"application\/ld+json\" class=\"yoast-schema-graph\">{\"@context\":\"https:\\\/\\\/schema.org\",\"@graph\":[{\"@type\":\"WebPage\",\"@id\":\"https:\\\/\\\/crocjeux.com\\\/index.php\\\/produit\\\/7wonders-duel\\\/\",\"url\":\"https:\\\/\\\/crocjeux.com\\\/index.php\\\/produit\\\/7wonders-duel\\\/\",\"name\":\"7 Wonders Duel - Croc Jeux\",\"isPartOf\":{\"@id\":\"https:\\\/\\\/crocjeux.com\\\/#website\"},\"primaryImageOfPage\":{\"@id\":\"https:\\\/\\\/crocjeux.com\\\/index.php\\\/produit\\\/7wonders-duel\\\/#primaryimage\"},\"image\":{\"@id\":\"https:\\\/\\\/crocjeux.com\\\/index.php\\\/produit\\\/7wonders-duel\\\/#primaryimage\"},\"thumbnailUrl\":\"https:\\\/\\\/crocjeux.com\\\/wp-content\\\/uploads\\\/2020\\\/09\\\/ItemRP7DU01.jpeg\",\"datePublished\":\"2020-09-02T12:04:47+00:00\",\"dateModified\":\"2024-05-15T10:39:24+00:00\",\"breadcrumb\":{\"@id\":\"https:\\\/\\\/crocjeux.com\\\/index.php\\\/produit\\\/7wonders-duel\\\/#breadcrumb\"},\"inLanguage\":\"fr-FR\",\"potentialAction\":[{\"@type\":\"ReadAction\",\"target\":[\"https:\\\/\\\/crocjeux.com\\\/index.php\\\/produit\\\/7wonders-duel\\\/\"]}]},{\"@type\":\"ImageObject\",\"inLanguage\":\"fr-FR\",\"@id\":\"https:\\\/\\\/crocjeux.com\\\/index.php\\\/produit\\\/7wonders-duel\\\/#primaryimage\",\"url\":\"https:\\\/\\\/crocjeux.com\\\/wp-content\\\/uploads\\\/2020\\\/09\\\/ItemRP7DU01.jpeg\",\"contentUrl\":\"https:\\\/\\\/crocjeux.com\\\/wp-content\\\/uploads\\\/2020\\\/09\\\/ItemRP7DU01.jpeg\",\"width\":300,\"height\":300},{\"@type\":\"BreadcrumbList\",\"@id\":\"https:\\\/\\\/crocjeux.com\\\/index.php\\\/produit\\\/7wonders-duel\\\/#breadcrumb\",\"itemListElement\":[{\"@type\":\"ListItem\",\"position\":1,\"name\":\"Accueil\",\"item\":\"https:\\\/\\\/crocjeux.com\\\/\"},{\"@type\":\"ListItem\",\"position\":2,\"name\":\"Boutique\",\"item\":\"https:\\\/\\\/crocjeux.com\\\/\"},{\"@type\":\"ListItem\",\"position\":3,\"name\":\"7 Wonders Duel\"}]},{\"@type\":\"WebSite\",\"@id\":\"https:\\\/\\\/crocjeux.com\\\/#website\",\"url\":\"https:\\\/\\\/crocjeux.com\\\/\",\"name\":\"Croc Jeux\",\"description\":\"Bienvenue chez Croc Jeux!\",\"publisher\":{\"@id\":\"https:\\\/\\\/crocjeux.com\\\/#organization\"},\"potentialAction\":[{\"@type\":\"SearchAction\",\"target\":{\"@type\":\"EntryPoint\",\"urlTemplate\":\"https:\\\/\\\/crocjeux.com\\\/?s={search_term_string}\"},\"query-input\":{\"@type\":\"PropertyValueSpecification\",\"valueRequired\":true,\"valueName\":\"search_term_string\"}}],\"inLanguage\":\"fr-FR\"},{\"@type\":\"Organization\",\"@id\":\"https:\\\/\\\/crocjeux.com\\\/#organization\",\"name\":\"Croc Jeux\",\"url\":\"https:\\\/\\\/crocjeux.com\\\/\",\"logo\":{\"@type\":\"ImageObject\",\"inLanguage\":\"fr-FR\",\"@id\":\"https:\\\/\\\/crocjeux.com\\\/#\\\/schema\\\/logo\\\/image\\\/\",\"url\":\"https:\\\/\\\/crocjeux.com\\\/wp-content\\\/uploads\\\/2022\\\/01\\\/cropped-logo-croc-etape-1-e1644574034239.jpg\",\"contentUrl\":\"https:\\\/\\\/crocjeux.com\\\/wp-content\\\/uploads\\\/2022\\\/01\\\/cropped-logo-croc-etape-1-e1644574034239.jpg\",\"width\":1224,\"height\":314,\"caption\":\"Croc Jeux\"},\"image\":{\"@id\":\"https:\\\/\\\/crocjeux.com\\\/#\\\/schema\\\/logo\\\/image\\\/\"}}]}<\/script>\n<!-- \/ Yoast SEO plugin. -->","yoast_head_json":{"title":"7 Wonders Duel - Croc Jeux","robots":{"index":"index","follow":"follow","max-snippet":"max-snippet:-1","max-image-preview":"max-image-preview:large","max-video-preview":"max-video-preview:-1"},"canonical":"https:\/\/crocjeux.com\/index.php\/produit\/7wonders-duel\/","og_locale":"fr_FR","og_type":"article","og_title":"7 Wonders Duel - Croc Jeux","og_description":"Dans 7Wonders Duel, chaque joueur est \u00e0 la t\u00eate d&rsquo;une civilisation et va construire des B\u00e2timents et des Merveilles. L&rsquo;ensemble","og_url":"https:\/\/crocjeux.com\/index.php\/produit\/7wonders-duel\/","og_site_name":"Croc Jeux","article_modified_time":"2024-05-15T10:39:24+00:00","og_image":[{"width":300,"height":300,"url":"https:\/\/crocjeux.com\/wp-content\/uploads\/2020\/09\/ItemRP7DU01.jpeg","type":"image\/jpeg"}],"twitter_card":"summary_large_image","twitter_misc":{"Dur\u00e9e de lecture estim\u00e9e":"1 minute"},"schema":{"@context":"https:\/\/schema.org","@graph":[{"@type":"WebPage","@id":"https:\/\/crocjeux.com\/index.php\/produit\/7wonders-duel\/","url":"https:\/\/crocjeux.com\/index.php\/produit\/7wonders-duel\/","name":"7 Wonders Duel - Croc Jeux","isPartOf":{"@id":"https:\/\/crocjeux.com\/#website"},"primaryImageOfPage":{"@id":"https:\/\/crocjeux.com\/index.php\/produit\/7wonders-duel\/#primaryimage"},"image":{"@id":"https:\/\/crocjeux.com\/index.php\/produit\/7wonders-duel\/#primaryimage"},"thumbnailUrl":"https:\/\/crocjeux.com\/wp-content\/uploads\/2020\/09\/ItemRP7DU01.jpeg","datePublished":"2020-09-02T12:04:47+00:00","dateModified":"2024-05-15T10:39:24+00:00","breadcrumb":{"@id":"https:\/\/crocjeux.com\/index.php\/produit\/7wonders-duel\/#breadcrumb"},"inLanguage":"fr-FR","potentialAction":[{"@type":"ReadAction","target":["https:\/\/crocjeux.com\/index.php\/produit\/7wonders-duel\/"]}]},{"@type":"ImageObject","inLanguage":"fr-FR","@id":"https:\/\/crocjeux.com\/index.php\/produit\/7wonders-duel\/#primaryimage","url":"https:\/\/crocjeux.com\/wp-content\/uploads\/2020\/09\/ItemRP7DU01.jpeg","contentUrl":"https:\/\/crocjeux.com\/wp-content\/uploads\/2020\/09\/ItemRP7DU01.jpeg","width":300,"height":300},{"@type":"BreadcrumbList","@id":"https:\/\/crocjeux.com\/index.php\/produit\/7wonders-duel\/#breadcrumb","itemListElement":[{"@type":"ListItem","position":1,"name":"Accueil","item":"https:\/\/crocjeux.com\/"},{"@type":"ListItem","position":2,"name":"Boutique","item":"https:\/\/crocjeux.com\/"},{"@type":"ListItem","position":3,"name":"7 Wonders Duel"}]},{"@type":"WebSite","@id":"https:\/\/crocjeux.com\/#website","url":"https:\/\/crocjeux.com\/","name":"Croc Jeux","description":"Bienvenue chez Croc Jeux!","publisher":{"@id":"https:\/\/crocjeux.com\/#organization"},"potentialAction":[{"@type":"SearchAction","target":{"@type":"EntryPoint","urlTemplate":"https:\/\/crocjeux.com\/?s={search_term_string}"},"query-input":{"@type":"PropertyValueSpecification","valueRequired":true,"valueName":"search_term_string"}}],"inLanguage":"fr-FR"},{"@type":"Organization","@id":"https:\/\/crocjeux.com\/#organization","name":"Croc Jeux","url":"https:\/\/crocjeux.com\/","logo":{"@type":"ImageObject","inLanguage":"fr-FR","@id":"https:\/\/crocjeux.com\/#\/schema\/logo\/image\/","url":"https:\/\/crocjeux.com\/wp-content\/uploads\/2022\/01\/cropped-logo-croc-etape-1-e1644574034239.jpg","contentUrl":"https:\/\/crocjeux.com\/wp-content\/uploads\/2022\/01\/cropped-logo-croc-etape-1-e1644574034239.jpg","width":1224,"height":314,"caption":"Croc Jeux"},"image":{"@id":"https:\/\/crocjeux.com\/#\/schema\/logo\/image\/"}}]}},"_links":{"self":[{"href":"https:\/\/crocjeux.com\/index.php\/wp-json\/wp\/v2\/product\/24","targetHints":{"allow":["GET"]}}],"collection":[{"href":"https:\/\/crocjeux.com\/index.php\/wp-json\/wp\/v2\/product"}],"about":[{"href":"https:\/\/crocjeux.com\/index.php\/wp-json\/wp\/v2\/types\/product"}],"replies":[{"embeddable":true,"href":"https:\/\/crocjeux.com\/index.php\/wp-json\/wp\/v2\/comments?post=24"}],"wp:featuredmedia":[{"embeddable":true,"href":"https:\/\/crocjeux.com\/index.php\/wp-json\/wp\/v2\/media\/25"}],"wp:attachment":[{"href":"https:\/\/crocjeux.com\/index.php\/wp-json\/wp\/v2\/media?parent=24"}],"wp:term":[{"taxonomy":"product_brand","embeddable":true,"href":"https:\/\/crocjeux.com\/index.php\/wp-json\/wp\/v2\/product_brand?post=24"},{"taxonomy":"product_cat","embeddable":true,"href":"https:\/\/crocjeux.com\/index.php\/wp-json\/wp\/v2\/product_cat?post=24"},{"taxonomy":"product_tag","embeddable":true,"href":"https:\/\/crocjeux.com\/index.php\/wp-json\/wp\/v2\/product_tag?post=24"}],"curies":[{"name":"wp","href":"https:\/\/api.w.org\/{rel}","templated":true}]}}