{"id":248,"date":"2020-11-02T15:24:03","date_gmt":"2020-11-02T14:24:03","guid":{"rendered":"https:\/\/crocjeux.com\/?post_type=product&#038;p=248"},"modified":"2021-01-21T22:33:23","modified_gmt":"2021-01-21T21:33:23","slug":"blanc-manger-coco-extension-salade-tomate-oignon","status":"publish","type":"product","link":"https:\/\/crocjeux.com\/index.php\/produit\/blanc-manger-coco-extension-salade-tomate-oignon\/","title":{"rendered":"Blanc Manger Coco &#8211; Extension Salade, Tomate, Oignon"},"content":{"rendered":"<h2>Salade, Tomate, Oignon : la 6\u00e8me extension th\u00e9matique de Blanc Manger Coco<\/h2>\n<div>Avec l&rsquo;extension Salade, Tomate, Oignon, le jeu culte Blanc Manger Coco s&rsquo;invite \u00e0 votre table. La bo\u00eete contient 200 cartes nouvelles sur le th\u00e8me de la bouffe.<\/div>\n<div>Exemple :<\/div>\n<div>Question : \u00ab\u00a0&#8230; : C&rsquo;est mon secret personnel\u00a0\u00bb<\/div>\n<div>R\u00e9ponses possibles : \u00ab\u00a0Une tranche de foie gras\u00a0\u00bb, \u00ab\u00a0Du cheddar fondu\u00a0\u00bb, \u00ab\u00a0Faire la chasse aux rats en cuisine\u00a0\u00bb, &#8230;<\/div>\n<h2>Blanc Manger Coco, un jeu pour rire de tout<\/h2>\n<div>Blanc Manger Coco est le jeu id\u00e9al pour passer des soir\u00e9es anim\u00e9es entre amis. Le concept est simple : rire de tout.<\/div>\n<div>\n<p>Pour cela, un des joueurs lit une carte bleue qui contient une phrase \u00e0 trou. Les autres joueurs choisissent alors la carte qu\u2019ils trouvent la plus dr\u00f4le pour combler le trou.<\/p>\n<\/div>\n<div>\n<h2>La s\u00e9rie Blanc-Manger Coco<\/h2>\n<div>La gamme du jeu Blanc Manger Coco compte trois Tomes distincts et de nombreuses extensions (g\u00e9n\u00e9ralistes ou sur un th\u00e8me particulier) aux noms plus ou moins tape-\u00e0-l\u2019\u0153il :<\/div>\n<div>\n<ul>\n<li>Blanc Manger Coco : le jeu original<\/li>\n<li>Tome 2 : Le D\u00e9luge<\/li>\n<li>Tome 3 : La Petite G\u00e2terie<\/li>\n<li>La Recave<\/li>\n<li>Poteau Rentrant<\/li>\n<li>La Pilule<\/li>\n<li>Pot de d\u00e9part<\/li>\n<li>La Geekerie<\/li>\n<li>Salade, Tomate, Oignon<\/li>\n<\/ul>\n<\/div>\n<\/div>\n","protected":false},"excerpt":{"rendered":"<div id=\"short_description_block\">\n<div id=\"short_description_content\" class=\"rte align_justify hide-smartphone\">Salade, Tomate, Oignon, est la 6\u00e8me extension de la s\u00e9rie culte Blanc Manger Coco comprenant 200 nouvelles cartes sur le th\u00e8me de la nourriture.<\/div>\n<\/div>\n","protected":false},"featured_media":249,"comment_status":"open","ping_status":"closed","template":"","meta":{"colormag_page_container_layout":"default_layout","colormag_page_sidebar_layout":"default_layout"},"product_brand":[],"product_cat":[114],"product_tag":[],"class_list":{"0":"post-248","1":"product","2":"type-product","3":"status-publish","4":"has-post-thumbnail","6":"product_cat-blanc-manger-coco-jeux-ambiance","8":"first","9":"instock","10":"taxable","11":"shipping-taxable","12":"purchasable","13":"product-type-simple"},"yoast_head":"<!-- This site is optimized with the Yoast SEO plugin v27.4 - https:\/\/yoast.com\/product\/yoast-seo-wordpress\/ -->\n<title>Blanc Manger Coco - Extension Salade, Tomate, Oignon - Croc Jeux<\/title>\n<meta name=\"robots\" content=\"index, follow, max-snippet:-1, max-image-preview:large, max-video-preview:-1\" \/>\n<link rel=\"canonical\" href=\"https:\/\/crocjeux.com\/index.php\/produit\/blanc-manger-coco-extension-salade-tomate-oignon\/\" \/>\n<meta property=\"og:locale\" content=\"fr_FR\" \/>\n<meta property=\"og:type\" content=\"article\" \/>\n<meta property=\"og:title\" content=\"Blanc Manger Coco - Extension Salade, Tomate, Oignon - Croc Jeux\" \/>\n<meta property=\"og:description\" content=\"Salade, Tomate, Oignon, est la 6\u00e8me extension de la s\u00e9rie culte Blanc Manger Coco comprenant 200 nouvelles cartes sur le th\u00e8me de la nourriture.\" \/>\n<meta property=\"og:url\" content=\"https:\/\/crocjeux.com\/index.php\/produit\/blanc-manger-coco-extension-salade-tomate-oignon\/\" \/>\n<meta property=\"og:site_name\" content=\"Croc Jeux\" \/>\n<meta property=\"article:modified_time\" content=\"2021-01-21T21:33:23+00:00\" \/>\n<meta property=\"og:image\" content=\"https:\/\/crocjeux.com\/wp-content\/uploads\/2020\/11\/blanc_manger_coco_salade.png\" \/>\n\t<meta property=\"og:image:width\" content=\"583\" \/>\n\t<meta property=\"og:image:height\" content=\"479\" \/>\n\t<meta property=\"og:image:type\" content=\"image\/png\" \/>\n<meta name=\"twitter:card\" content=\"summary_large_image\" \/>\n<meta name=\"twitter:label1\" content=\"Dur\u00e9e de lecture estim\u00e9e\" \/>\n\t<meta name=\"twitter:data1\" content=\"1 minute\" \/>\n<script type=\"application\/ld+json\" class=\"yoast-schema-graph\">{\"@context\":\"https:\\\/\\\/schema.org\",\"@graph\":[{\"@type\":\"WebPage\",\"@id\":\"https:\\\/\\\/crocjeux.com\\\/index.php\\\/produit\\\/blanc-manger-coco-extension-salade-tomate-oignon\\\/\",\"url\":\"https:\\\/\\\/crocjeux.com\\\/index.php\\\/produit\\\/blanc-manger-coco-extension-salade-tomate-oignon\\\/\",\"name\":\"Blanc Manger Coco - Extension Salade, Tomate, Oignon - Croc Jeux\",\"isPartOf\":{\"@id\":\"https:\\\/\\\/crocjeux.com\\\/#website\"},\"primaryImageOfPage\":{\"@id\":\"https:\\\/\\\/crocjeux.com\\\/index.php\\\/produit\\\/blanc-manger-coco-extension-salade-tomate-oignon\\\/#primaryimage\"},\"image\":{\"@id\":\"https:\\\/\\\/crocjeux.com\\\/index.php\\\/produit\\\/blanc-manger-coco-extension-salade-tomate-oignon\\\/#primaryimage\"},\"thumbnailUrl\":\"https:\\\/\\\/crocjeux.com\\\/wp-content\\\/uploads\\\/2020\\\/11\\\/blanc_manger_coco_salade.png\",\"datePublished\":\"2020-11-02T14:24:03+00:00\",\"dateModified\":\"2021-01-21T21:33:23+00:00\",\"breadcrumb\":{\"@id\":\"https:\\\/\\\/crocjeux.com\\\/index.php\\\/produit\\\/blanc-manger-coco-extension-salade-tomate-oignon\\\/#breadcrumb\"},\"inLanguage\":\"fr-FR\",\"potentialAction\":[{\"@type\":\"ReadAction\",\"target\":[\"https:\\\/\\\/crocjeux.com\\\/index.php\\\/produit\\\/blanc-manger-coco-extension-salade-tomate-oignon\\\/\"]}]},{\"@type\":\"ImageObject\",\"inLanguage\":\"fr-FR\",\"@id\":\"https:\\\/\\\/crocjeux.com\\\/index.php\\\/produit\\\/blanc-manger-coco-extension-salade-tomate-oignon\\\/#primaryimage\",\"url\":\"https:\\\/\\\/crocjeux.com\\\/wp-content\\\/uploads\\\/2020\\\/11\\\/blanc_manger_coco_salade.png\",\"contentUrl\":\"https:\\\/\\\/crocjeux.com\\\/wp-content\\\/uploads\\\/2020\\\/11\\\/blanc_manger_coco_salade.png\",\"width\":583,\"height\":479},{\"@type\":\"BreadcrumbList\",\"@id\":\"https:\\\/\\\/crocjeux.com\\\/index.php\\\/produit\\\/blanc-manger-coco-extension-salade-tomate-oignon\\\/#breadcrumb\",\"itemListElement\":[{\"@type\":\"ListItem\",\"position\":1,\"name\":\"Accueil\",\"item\":\"https:\\\/\\\/crocjeux.com\\\/\"},{\"@type\":\"ListItem\",\"position\":2,\"name\":\"Boutique\",\"item\":\"https:\\\/\\\/crocjeux.com\\\/\"},{\"@type\":\"ListItem\",\"position\":3,\"name\":\"Blanc Manger Coco &#8211; Extension Salade, Tomate, Oignon\"}]},{\"@type\":\"WebSite\",\"@id\":\"https:\\\/\\\/crocjeux.com\\\/#website\",\"url\":\"https:\\\/\\\/crocjeux.com\\\/\",\"name\":\"Croc Jeux\",\"description\":\"Bienvenue chez Croc Jeux!\",\"publisher\":{\"@id\":\"https:\\\/\\\/crocjeux.com\\\/#organization\"},\"potentialAction\":[{\"@type\":\"SearchAction\",\"target\":{\"@type\":\"EntryPoint\",\"urlTemplate\":\"https:\\\/\\\/crocjeux.com\\\/?s={search_term_string}\"},\"query-input\":{\"@type\":\"PropertyValueSpecification\",\"valueRequired\":true,\"valueName\":\"search_term_string\"}}],\"inLanguage\":\"fr-FR\"},{\"@type\":\"Organization\",\"@id\":\"https:\\\/\\\/crocjeux.com\\\/#organization\",\"name\":\"Croc Jeux\",\"url\":\"https:\\\/\\\/crocjeux.com\\\/\",\"logo\":{\"@type\":\"ImageObject\",\"inLanguage\":\"fr-FR\",\"@id\":\"https:\\\/\\\/crocjeux.com\\\/#\\\/schema\\\/logo\\\/image\\\/\",\"url\":\"https:\\\/\\\/crocjeux.com\\\/wp-content\\\/uploads\\\/2022\\\/01\\\/cropped-logo-croc-etape-1-e1644574034239.jpg\",\"contentUrl\":\"https:\\\/\\\/crocjeux.com\\\/wp-content\\\/uploads\\\/2022\\\/01\\\/cropped-logo-croc-etape-1-e1644574034239.jpg\",\"width\":1224,\"height\":314,\"caption\":\"Croc Jeux\"},\"image\":{\"@id\":\"https:\\\/\\\/crocjeux.com\\\/#\\\/schema\\\/logo\\\/image\\\/\"}}]}<\/script>\n<!-- \/ Yoast SEO plugin. -->","yoast_head_json":{"title":"Blanc Manger Coco - Extension Salade, Tomate, Oignon - Croc Jeux","robots":{"index":"index","follow":"follow","max-snippet":"max-snippet:-1","max-image-preview":"max-image-preview:large","max-video-preview":"max-video-preview:-1"},"canonical":"https:\/\/crocjeux.com\/index.php\/produit\/blanc-manger-coco-extension-salade-tomate-oignon\/","og_locale":"fr_FR","og_type":"article","og_title":"Blanc Manger Coco - Extension Salade, Tomate, Oignon - Croc Jeux","og_description":"Salade, Tomate, Oignon, est la 6\u00e8me extension de la s\u00e9rie culte Blanc Manger Coco comprenant 200 nouvelles cartes sur le th\u00e8me de la nourriture.","og_url":"https:\/\/crocjeux.com\/index.php\/produit\/blanc-manger-coco-extension-salade-tomate-oignon\/","og_site_name":"Croc Jeux","article_modified_time":"2021-01-21T21:33:23+00:00","og_image":[{"width":583,"height":479,"url":"https:\/\/crocjeux.com\/wp-content\/uploads\/2020\/11\/blanc_manger_coco_salade.png","type":"image\/png"}],"twitter_card":"summary_large_image","twitter_misc":{"Dur\u00e9e de lecture estim\u00e9e":"1 minute"},"schema":{"@context":"https:\/\/schema.org","@graph":[{"@type":"WebPage","@id":"https:\/\/crocjeux.com\/index.php\/produit\/blanc-manger-coco-extension-salade-tomate-oignon\/","url":"https:\/\/crocjeux.com\/index.php\/produit\/blanc-manger-coco-extension-salade-tomate-oignon\/","name":"Blanc Manger Coco - Extension Salade, Tomate, Oignon - Croc Jeux","isPartOf":{"@id":"https:\/\/crocjeux.com\/#website"},"primaryImageOfPage":{"@id":"https:\/\/crocjeux.com\/index.php\/produit\/blanc-manger-coco-extension-salade-tomate-oignon\/#primaryimage"},"image":{"@id":"https:\/\/crocjeux.com\/index.php\/produit\/blanc-manger-coco-extension-salade-tomate-oignon\/#primaryimage"},"thumbnailUrl":"https:\/\/crocjeux.com\/wp-content\/uploads\/2020\/11\/blanc_manger_coco_salade.png","datePublished":"2020-11-02T14:24:03+00:00","dateModified":"2021-01-21T21:33:23+00:00","breadcrumb":{"@id":"https:\/\/crocjeux.com\/index.php\/produit\/blanc-manger-coco-extension-salade-tomate-oignon\/#breadcrumb"},"inLanguage":"fr-FR","potentialAction":[{"@type":"ReadAction","target":["https:\/\/crocjeux.com\/index.php\/produit\/blanc-manger-coco-extension-salade-tomate-oignon\/"]}]},{"@type":"ImageObject","inLanguage":"fr-FR","@id":"https:\/\/crocjeux.com\/index.php\/produit\/blanc-manger-coco-extension-salade-tomate-oignon\/#primaryimage","url":"https:\/\/crocjeux.com\/wp-content\/uploads\/2020\/11\/blanc_manger_coco_salade.png","contentUrl":"https:\/\/crocjeux.com\/wp-content\/uploads\/2020\/11\/blanc_manger_coco_salade.png","width":583,"height":479},{"@type":"BreadcrumbList","@id":"https:\/\/crocjeux.com\/index.php\/produit\/blanc-manger-coco-extension-salade-tomate-oignon\/#breadcrumb","itemListElement":[{"@type":"ListItem","position":1,"name":"Accueil","item":"https:\/\/crocjeux.com\/"},{"@type":"ListItem","position":2,"name":"Boutique","item":"https:\/\/crocjeux.com\/"},{"@type":"ListItem","position":3,"name":"Blanc Manger Coco &#8211; Extension Salade, Tomate, Oignon"}]},{"@type":"WebSite","@id":"https:\/\/crocjeux.com\/#website","url":"https:\/\/crocjeux.com\/","name":"Croc Jeux","description":"Bienvenue chez Croc Jeux!","publisher":{"@id":"https:\/\/crocjeux.com\/#organization"},"potentialAction":[{"@type":"SearchAction","target":{"@type":"EntryPoint","urlTemplate":"https:\/\/crocjeux.com\/?s={search_term_string}"},"query-input":{"@type":"PropertyValueSpecification","valueRequired":true,"valueName":"search_term_string"}}],"inLanguage":"fr-FR"},{"@type":"Organization","@id":"https:\/\/crocjeux.com\/#organization","name":"Croc Jeux","url":"https:\/\/crocjeux.com\/","logo":{"@type":"ImageObject","inLanguage":"fr-FR","@id":"https:\/\/crocjeux.com\/#\/schema\/logo\/image\/","url":"https:\/\/crocjeux.com\/wp-content\/uploads\/2022\/01\/cropped-logo-croc-etape-1-e1644574034239.jpg","contentUrl":"https:\/\/crocjeux.com\/wp-content\/uploads\/2022\/01\/cropped-logo-croc-etape-1-e1644574034239.jpg","width":1224,"height":314,"caption":"Croc Jeux"},"image":{"@id":"https:\/\/crocjeux.com\/#\/schema\/logo\/image\/"}}]}},"_links":{"self":[{"href":"https:\/\/crocjeux.com\/index.php\/wp-json\/wp\/v2\/product\/248","targetHints":{"allow":["GET"]}}],"collection":[{"href":"https:\/\/crocjeux.com\/index.php\/wp-json\/wp\/v2\/product"}],"about":[{"href":"https:\/\/crocjeux.com\/index.php\/wp-json\/wp\/v2\/types\/product"}],"replies":[{"embeddable":true,"href":"https:\/\/crocjeux.com\/index.php\/wp-json\/wp\/v2\/comments?post=248"}],"wp:featuredmedia":[{"embeddable":true,"href":"https:\/\/crocjeux.com\/index.php\/wp-json\/wp\/v2\/media\/249"}],"wp:attachment":[{"href":"https:\/\/crocjeux.com\/index.php\/wp-json\/wp\/v2\/media?parent=248"}],"wp:term":[{"taxonomy":"product_brand","embeddable":true,"href":"https:\/\/crocjeux.com\/index.php\/wp-json\/wp\/v2\/product_brand?post=248"},{"taxonomy":"product_cat","embeddable":true,"href":"https:\/\/crocjeux.com\/index.php\/wp-json\/wp\/v2\/product_cat?post=248"},{"taxonomy":"product_tag","embeddable":true,"href":"https:\/\/crocjeux.com\/index.php\/wp-json\/wp\/v2\/product_tag?post=248"}],"curies":[{"name":"wp","href":"https:\/\/api.w.org\/{rel}","templated":true}]}}