{"id":2497,"date":"2021-05-13T14:46:55","date_gmt":"2021-05-13T13:46:55","guid":{"rendered":"https:\/\/crocjeux.com\/?post_type=product&#038;p=2497"},"modified":"2022-03-11T11:48:03","modified_gmt":"2022-03-11T10:48:03","slug":"x-men-le-soulevement-des-mutants","status":"publish","type":"product","link":"https:\/\/crocjeux.com\/index.php\/produit\/x-men-le-soulevement-des-mutants\/","title":{"rendered":"X-Men: Le Soul\u00e8vement des Mutants"},"content":{"rendered":"<h2>X-Men : Le Soul\u00e8vement des Mutants, un jeu coop\u00e9ratif dans l&rsquo;univers des c\u00e9l\u00e8bres h\u00e9ros de Marvel<\/h2>\n<p>Appel \u00e0 tous les mutants : le Professeur Xavier a besoin de votre aide !<br \/>\nMoins de 100 kilom\u00e8tres au nord de New York, l\u2019Institut Xavier pour Jeunes Surdou\u00e9s semble n\u2019\u00eatre qu\u2019une \u00e9cole priv\u00e9e de plus, recrutant des \u00e9l\u00e8ves exceptionnels issus de familles ais\u00e9es. Comment deviner que ces \u00e9tudiants sont des mutants, et plus \u00e9tonnant encore, que l\u2019\u00e9cole du Professeur Xavier est aussi le quartier g\u00e9n\u00e9ral des X-Men \u2014 une \u00e9quipe de mutants h\u00e9ro\u00efques qui se bat pour prot\u00e9ger l\u2019humanit\u00e9 des menaces surhumaines\u2009!<\/p>\n<h2>Rejoignez les X-Men et combattez pour prot\u00e9ger l\u2019humanit\u00e9 !<\/h2>\n<p>Dans X-Men : Le Soul\u00e8vement des Mutants, un \u00e0 six joueurs vont d\u00e9fendre notre monde en incarnant des personnages aussi embl\u00e9matiques que Gambit, Malicia, Tornade, Cyclope, Wolverine et bien d\u2019autres encore. Choisissez parmi huit intrigues diff\u00e9rentes et faites d\u00e9coller le Blackbird pour accomplir des missions aux quatre coins de la plan\u00e8te jusqu\u2019\u00e0 l\u2019affrontement final !<\/p>\n<p>Que vous infiltriez la soci\u00e9t\u00e9 secr\u00e8te connue sous le nom du Club des Damn\u00e9s, que vous enqu\u00eatiez sur les myst\u00e9rieux \u00e9v\u00e9nements se d\u00e9roulant sur l\u2019\u00eele de Krakoa ou que vous affrontiez Magneto et sa Confr\u00e9rie des Mutants, X-Men : Le Soul\u00e8vement des Mutants vous fera vivre les plus grandes aventures issues des comics de l\u2019Univers Marvel.<\/p>\n","protected":false},"excerpt":{"rendered":"<p>Assemblez votre \u00e9quipe de X-men<\/p>\n","protected":false},"featured_media":2500,"comment_status":"open","ping_status":"closed","template":"","meta":{"colormag_page_container_layout":"default_layout","colormag_page_sidebar_layout":"default_layout"},"product_brand":[],"product_cat":[30,44,29],"product_tag":[],"class_list":{"0":"post-2497","1":"product","2":"type-product","3":"status-publish","4":"has-post-thumbnail","6":"product_cat-jeux-collaboratifs","7":"product_cat-jeux-solo","8":"product_cat-jeux-2-joueurs","10":"first","11":"instock","12":"taxable","13":"shipping-taxable","14":"purchasable","15":"product-type-simple"},"yoast_head":"<!-- This site is optimized with the Yoast SEO plugin v27.3 - https:\/\/yoast.com\/product\/yoast-seo-wordpress\/ -->\n<title>X-Men: Le Soul\u00e8vement des Mutants - Croc Jeux<\/title>\n<meta name=\"robots\" content=\"index, follow, max-snippet:-1, max-image-preview:large, max-video-preview:-1\" \/>\n<link rel=\"canonical\" href=\"https:\/\/crocjeux.com\/index.php\/produit\/x-men-le-soulevement-des-mutants\/\" \/>\n<meta property=\"og:locale\" content=\"fr_FR\" \/>\n<meta property=\"og:type\" content=\"article\" \/>\n<meta property=\"og:title\" content=\"X-Men: Le Soul\u00e8vement des Mutants - Croc Jeux\" \/>\n<meta property=\"og:description\" content=\"Assemblez votre \u00e9quipe de X-men\" \/>\n<meta property=\"og:url\" content=\"https:\/\/crocjeux.com\/index.php\/produit\/x-men-le-soulevement-des-mutants\/\" \/>\n<meta property=\"og:site_name\" content=\"Croc Jeux\" \/>\n<meta property=\"article:modified_time\" content=\"2022-03-11T10:48:03+00:00\" \/>\n<meta property=\"og:image\" content=\"https:\/\/crocjeux.com\/wp-content\/uploads\/2021\/05\/x-men-le-soulevement-des-mutants-p-image-74675-grande.jpg\" \/>\n\t<meta property=\"og:image:width\" content=\"1052\" \/>\n\t<meta property=\"og:image:height\" content=\"1169\" \/>\n\t<meta property=\"og:image:type\" content=\"image\/jpeg\" \/>\n<meta name=\"twitter:card\" content=\"summary_large_image\" \/>\n<meta name=\"twitter:label1\" content=\"Dur\u00e9e de lecture estim\u00e9e\" \/>\n\t<meta name=\"twitter:data1\" content=\"1 minute\" \/>\n<script type=\"application\/ld+json\" class=\"yoast-schema-graph\">{\"@context\":\"https:\\\/\\\/schema.org\",\"@graph\":[{\"@type\":\"WebPage\",\"@id\":\"https:\\\/\\\/crocjeux.com\\\/index.php\\\/produit\\\/x-men-le-soulevement-des-mutants\\\/\",\"url\":\"https:\\\/\\\/crocjeux.com\\\/index.php\\\/produit\\\/x-men-le-soulevement-des-mutants\\\/\",\"name\":\"X-Men: Le Soul\u00e8vement des Mutants - Croc Jeux\",\"isPartOf\":{\"@id\":\"https:\\\/\\\/crocjeux.com\\\/#website\"},\"primaryImageOfPage\":{\"@id\":\"https:\\\/\\\/crocjeux.com\\\/index.php\\\/produit\\\/x-men-le-soulevement-des-mutants\\\/#primaryimage\"},\"image\":{\"@id\":\"https:\\\/\\\/crocjeux.com\\\/index.php\\\/produit\\\/x-men-le-soulevement-des-mutants\\\/#primaryimage\"},\"thumbnailUrl\":\"https:\\\/\\\/crocjeux.com\\\/wp-content\\\/uploads\\\/2021\\\/05\\\/x-men-le-soulevement-des-mutants-p-image-74675-grande.jpg\",\"datePublished\":\"2021-05-13T13:46:55+00:00\",\"dateModified\":\"2022-03-11T10:48:03+00:00\",\"breadcrumb\":{\"@id\":\"https:\\\/\\\/crocjeux.com\\\/index.php\\\/produit\\\/x-men-le-soulevement-des-mutants\\\/#breadcrumb\"},\"inLanguage\":\"fr-FR\",\"potentialAction\":[{\"@type\":\"ReadAction\",\"target\":[\"https:\\\/\\\/crocjeux.com\\\/index.php\\\/produit\\\/x-men-le-soulevement-des-mutants\\\/\"]}]},{\"@type\":\"ImageObject\",\"inLanguage\":\"fr-FR\",\"@id\":\"https:\\\/\\\/crocjeux.com\\\/index.php\\\/produit\\\/x-men-le-soulevement-des-mutants\\\/#primaryimage\",\"url\":\"https:\\\/\\\/crocjeux.com\\\/wp-content\\\/uploads\\\/2021\\\/05\\\/x-men-le-soulevement-des-mutants-p-image-74675-grande.jpg\",\"contentUrl\":\"https:\\\/\\\/crocjeux.com\\\/wp-content\\\/uploads\\\/2021\\\/05\\\/x-men-le-soulevement-des-mutants-p-image-74675-grande.jpg\",\"width\":1052,\"height\":1169,\"caption\":\"binary comment\"},{\"@type\":\"BreadcrumbList\",\"@id\":\"https:\\\/\\\/crocjeux.com\\\/index.php\\\/produit\\\/x-men-le-soulevement-des-mutants\\\/#breadcrumb\",\"itemListElement\":[{\"@type\":\"ListItem\",\"position\":1,\"name\":\"Accueil\",\"item\":\"https:\\\/\\\/crocjeux.com\\\/\"},{\"@type\":\"ListItem\",\"position\":2,\"name\":\"Boutique\",\"item\":\"https:\\\/\\\/crocjeux.com\\\/\"},{\"@type\":\"ListItem\",\"position\":3,\"name\":\"X-Men: Le Soul\u00e8vement des Mutants\"}]},{\"@type\":\"WebSite\",\"@id\":\"https:\\\/\\\/crocjeux.com\\\/#website\",\"url\":\"https:\\\/\\\/crocjeux.com\\\/\",\"name\":\"Croc Jeux\",\"description\":\"Bienvenue chez Croc Jeux!\",\"publisher\":{\"@id\":\"https:\\\/\\\/crocjeux.com\\\/#organization\"},\"potentialAction\":[{\"@type\":\"SearchAction\",\"target\":{\"@type\":\"EntryPoint\",\"urlTemplate\":\"https:\\\/\\\/crocjeux.com\\\/?s={search_term_string}\"},\"query-input\":{\"@type\":\"PropertyValueSpecification\",\"valueRequired\":true,\"valueName\":\"search_term_string\"}}],\"inLanguage\":\"fr-FR\"},{\"@type\":\"Organization\",\"@id\":\"https:\\\/\\\/crocjeux.com\\\/#organization\",\"name\":\"Croc Jeux\",\"url\":\"https:\\\/\\\/crocjeux.com\\\/\",\"logo\":{\"@type\":\"ImageObject\",\"inLanguage\":\"fr-FR\",\"@id\":\"https:\\\/\\\/crocjeux.com\\\/#\\\/schema\\\/logo\\\/image\\\/\",\"url\":\"https:\\\/\\\/crocjeux.com\\\/wp-content\\\/uploads\\\/2022\\\/01\\\/cropped-logo-croc-etape-1-e1644574034239.jpg\",\"contentUrl\":\"https:\\\/\\\/crocjeux.com\\\/wp-content\\\/uploads\\\/2022\\\/01\\\/cropped-logo-croc-etape-1-e1644574034239.jpg\",\"width\":1224,\"height\":314,\"caption\":\"Croc Jeux\"},\"image\":{\"@id\":\"https:\\\/\\\/crocjeux.com\\\/#\\\/schema\\\/logo\\\/image\\\/\"}}]}<\/script>\n<!-- \/ Yoast SEO plugin. -->","yoast_head_json":{"title":"X-Men: Le Soul\u00e8vement des Mutants - Croc Jeux","robots":{"index":"index","follow":"follow","max-snippet":"max-snippet:-1","max-image-preview":"max-image-preview:large","max-video-preview":"max-video-preview:-1"},"canonical":"https:\/\/crocjeux.com\/index.php\/produit\/x-men-le-soulevement-des-mutants\/","og_locale":"fr_FR","og_type":"article","og_title":"X-Men: Le Soul\u00e8vement des Mutants - Croc Jeux","og_description":"Assemblez votre \u00e9quipe de X-men","og_url":"https:\/\/crocjeux.com\/index.php\/produit\/x-men-le-soulevement-des-mutants\/","og_site_name":"Croc Jeux","article_modified_time":"2022-03-11T10:48:03+00:00","og_image":[{"width":1052,"height":1169,"url":"https:\/\/crocjeux.com\/wp-content\/uploads\/2021\/05\/x-men-le-soulevement-des-mutants-p-image-74675-grande.jpg","type":"image\/jpeg"}],"twitter_card":"summary_large_image","twitter_misc":{"Dur\u00e9e de lecture estim\u00e9e":"1 minute"},"schema":{"@context":"https:\/\/schema.org","@graph":[{"@type":"WebPage","@id":"https:\/\/crocjeux.com\/index.php\/produit\/x-men-le-soulevement-des-mutants\/","url":"https:\/\/crocjeux.com\/index.php\/produit\/x-men-le-soulevement-des-mutants\/","name":"X-Men: Le Soul\u00e8vement des Mutants - Croc Jeux","isPartOf":{"@id":"https:\/\/crocjeux.com\/#website"},"primaryImageOfPage":{"@id":"https:\/\/crocjeux.com\/index.php\/produit\/x-men-le-soulevement-des-mutants\/#primaryimage"},"image":{"@id":"https:\/\/crocjeux.com\/index.php\/produit\/x-men-le-soulevement-des-mutants\/#primaryimage"},"thumbnailUrl":"https:\/\/crocjeux.com\/wp-content\/uploads\/2021\/05\/x-men-le-soulevement-des-mutants-p-image-74675-grande.jpg","datePublished":"2021-05-13T13:46:55+00:00","dateModified":"2022-03-11T10:48:03+00:00","breadcrumb":{"@id":"https:\/\/crocjeux.com\/index.php\/produit\/x-men-le-soulevement-des-mutants\/#breadcrumb"},"inLanguage":"fr-FR","potentialAction":[{"@type":"ReadAction","target":["https:\/\/crocjeux.com\/index.php\/produit\/x-men-le-soulevement-des-mutants\/"]}]},{"@type":"ImageObject","inLanguage":"fr-FR","@id":"https:\/\/crocjeux.com\/index.php\/produit\/x-men-le-soulevement-des-mutants\/#primaryimage","url":"https:\/\/crocjeux.com\/wp-content\/uploads\/2021\/05\/x-men-le-soulevement-des-mutants-p-image-74675-grande.jpg","contentUrl":"https:\/\/crocjeux.com\/wp-content\/uploads\/2021\/05\/x-men-le-soulevement-des-mutants-p-image-74675-grande.jpg","width":1052,"height":1169,"caption":"binary comment"},{"@type":"BreadcrumbList","@id":"https:\/\/crocjeux.com\/index.php\/produit\/x-men-le-soulevement-des-mutants\/#breadcrumb","itemListElement":[{"@type":"ListItem","position":1,"name":"Accueil","item":"https:\/\/crocjeux.com\/"},{"@type":"ListItem","position":2,"name":"Boutique","item":"https:\/\/crocjeux.com\/"},{"@type":"ListItem","position":3,"name":"X-Men: Le Soul\u00e8vement des Mutants"}]},{"@type":"WebSite","@id":"https:\/\/crocjeux.com\/#website","url":"https:\/\/crocjeux.com\/","name":"Croc Jeux","description":"Bienvenue chez Croc Jeux!","publisher":{"@id":"https:\/\/crocjeux.com\/#organization"},"potentialAction":[{"@type":"SearchAction","target":{"@type":"EntryPoint","urlTemplate":"https:\/\/crocjeux.com\/?s={search_term_string}"},"query-input":{"@type":"PropertyValueSpecification","valueRequired":true,"valueName":"search_term_string"}}],"inLanguage":"fr-FR"},{"@type":"Organization","@id":"https:\/\/crocjeux.com\/#organization","name":"Croc Jeux","url":"https:\/\/crocjeux.com\/","logo":{"@type":"ImageObject","inLanguage":"fr-FR","@id":"https:\/\/crocjeux.com\/#\/schema\/logo\/image\/","url":"https:\/\/crocjeux.com\/wp-content\/uploads\/2022\/01\/cropped-logo-croc-etape-1-e1644574034239.jpg","contentUrl":"https:\/\/crocjeux.com\/wp-content\/uploads\/2022\/01\/cropped-logo-croc-etape-1-e1644574034239.jpg","width":1224,"height":314,"caption":"Croc Jeux"},"image":{"@id":"https:\/\/crocjeux.com\/#\/schema\/logo\/image\/"}}]}},"_links":{"self":[{"href":"https:\/\/crocjeux.com\/index.php\/wp-json\/wp\/v2\/product\/2497","targetHints":{"allow":["GET"]}}],"collection":[{"href":"https:\/\/crocjeux.com\/index.php\/wp-json\/wp\/v2\/product"}],"about":[{"href":"https:\/\/crocjeux.com\/index.php\/wp-json\/wp\/v2\/types\/product"}],"replies":[{"embeddable":true,"href":"https:\/\/crocjeux.com\/index.php\/wp-json\/wp\/v2\/comments?post=2497"}],"wp:featuredmedia":[{"embeddable":true,"href":"https:\/\/crocjeux.com\/index.php\/wp-json\/wp\/v2\/media\/2500"}],"wp:attachment":[{"href":"https:\/\/crocjeux.com\/index.php\/wp-json\/wp\/v2\/media?parent=2497"}],"wp:term":[{"taxonomy":"product_brand","embeddable":true,"href":"https:\/\/crocjeux.com\/index.php\/wp-json\/wp\/v2\/product_brand?post=2497"},{"taxonomy":"product_cat","embeddable":true,"href":"https:\/\/crocjeux.com\/index.php\/wp-json\/wp\/v2\/product_cat?post=2497"},{"taxonomy":"product_tag","embeddable":true,"href":"https:\/\/crocjeux.com\/index.php\/wp-json\/wp\/v2\/product_tag?post=2497"}],"curies":[{"name":"wp","href":"https:\/\/api.w.org\/{rel}","templated":true}]}}