{"id":267,"date":"2020-11-02T16:02:23","date_gmt":"2020-11-02T15:02:23","guid":{"rendered":"https:\/\/crocjeux.com\/?post_type=product&#038;p=267"},"modified":"2023-02-02T16:43:24","modified_gmt":"2023-02-02T15:43:24","slug":"unlock-mythic-adventures","status":"publish","type":"product","link":"https:\/\/crocjeux.com\/index.php\/produit\/unlock-mythic-adventures\/","title":{"rendered":"Unlock ! Mythic Adventures"},"content":{"rendered":"<section id=\"tab-description\" class=\"page-product-box r-tabs-panel r-tabs-state-active\">\n<div class=\"rte\">\n<h2>Unlock! Mythic Adventures, 8\u00e8me volet de la saga Unlock!<\/h2>\n<p>Avec Unlock! Epic Adventures, laissez-vous surprendre avec trois nouvelles aventures \u00e9piques. Ces derni\u00e8res, ancr\u00e9es dans des univers bien marqu\u00e9s sont in\u00e9dites et ind\u00e9pendantes :<\/p>\n<div>\n<ul>\n<li>Retrouvez une ambiance \u00e0 la Jules Verne avec un voyage en 80 jours autour du monde.<\/li>\n<li>Remontez les si\u00e8cles dans une vir\u00e9e en pleine mythologie grecque.<\/li>\n<li>Noside est de retour, plus machiav\u00e9lique que jamais !<\/li>\n<\/ul>\n<h2>Unlock! Mythic Adventures, un escape room chez vous<\/h2>\n<div>Unlock! est un jeu de cartes coop\u00e9ratif inspir\u00e9 des escape rooms. Les escape rooms sont des salles dont vous devez vous \u00e9chapper en moins de 60 minutes. Unlock! vous fait vivre ces exp\u00e9riences chez vous, autour d&rsquo;une table.<\/div>\n<div><\/div>\n<div>Apr\u00e8s avoir pris connaissance du contexte du sc\u00e9nario, vous commencez votre aventure dans une pi\u00e8ce (une carte de lieu qui indique divers num\u00e9ros). Fouillez-la pour trouver des objets ! Attention : certains peuvent \u00eatre cach\u00e9s ! Des \u00e9nigmes visuelles ou audio ralentissent votre progression&#8230; \u00e0 vous de coop\u00e9rer avec vos partenaires pour avancer et terminer dans les temps !<\/div>\n<div><\/div>\n<h2>Unlock! Mythic Adventures, un jeu interactif<\/h2>\n<div>L&rsquo;application gratuite Unlock!, compatible avec les t\u00e9l\u00e9phones et tablettes Android et iOS, est n\u00e9cessaire pour jouer. Elle permet d&rsquo;obtenir des indices, de rep\u00e9rer des objets cach\u00e9s, mais aussi d&rsquo;entrer les codes d\u00e9couverts. Elle contribue \u00e9galement \u00e0 l&rsquo;ambiance avec ses musiques d\u00e9di\u00e9es \u00e0 chaque aventure, ses \u00e9nigmes audio, ses terribles p\u00e9nalit\u00e9s et son compte \u00e0 rebours fatal !<\/div>\n<div><\/div>\n<div>Afin de bien appr\u00e9hender les r\u00e8gles, la bo\u00eete contient une dizaine de cartes servant de tutoriel.<\/div>\n<div><\/div>\n<div>Les cartes du tutoriel sont emball\u00e9es avec les cartes du sc\u00e9nario 1.<\/div>\n<\/div>\n<\/div>\n<\/section>\n","protected":false},"excerpt":{"rendered":"<div id=\"short_description_block\">\n<div id=\"short_description_content\" class=\"rte align_justify hide-smartphone\">\n<p>Avec ce 8\u00e8me opus de la saga Unlock, d\u00e9couvrez 3 nouvelles aventures palpitantes : un tour du monde en 80 jours, une plong\u00e9e dans l&rsquo;antiquit\u00e9 grecque et une nouvelle aventure avec Noside.<\/p>\n<\/div>\n<p>DATE DE SORTIE Dernier trimestre 2020<\/p>\n<\/div>\n","protected":false},"featured_media":268,"comment_status":"open","ping_status":"closed","template":"","meta":{"colormag_page_container_layout":"default_layout","colormag_page_sidebar_layout":"default_layout"},"product_brand":[],"product_cat":[75,79,98,99],"product_tag":[],"class_list":{"0":"post-267","1":"product","2":"type-product","3":"status-publish","4":"has-post-thumbnail","6":"product_cat-unlock-jeux-a-deux","7":"product_cat-unlock-jeux-collaboratifs","8":"product_cat-unlock-jeux-solo","9":"product_cat-unlock-escape-room","11":"first","12":"instock","13":"taxable","14":"shipping-taxable","15":"purchasable","16":"product-type-simple"},"yoast_head":"<!-- This site is optimized with the Yoast SEO plugin v27.4 - https:\/\/yoast.com\/product\/yoast-seo-wordpress\/ -->\n<title>Unlock ! Mythic Adventures - Croc Jeux<\/title>\n<meta name=\"robots\" content=\"index, follow, max-snippet:-1, max-image-preview:large, max-video-preview:-1\" \/>\n<link rel=\"canonical\" href=\"https:\/\/crocjeux.com\/index.php\/produit\/unlock-mythic-adventures\/\" \/>\n<meta property=\"og:locale\" content=\"fr_FR\" \/>\n<meta property=\"og:type\" content=\"article\" \/>\n<meta property=\"og:title\" content=\"Unlock ! Mythic Adventures - Croc Jeux\" \/>\n<meta property=\"og:description\" content=\"Avec ce 8\u00e8me opus de la saga Unlock, d\u00e9couvrez 3 nouvelles aventures palpitantes : un tour du monde en 80 jours, une plong\u00e9e dans l&#039;antiquit\u00e9 grecque et une nouvelle aventure avec Noside.   DATE DE SORTIE Dernier trimestre 2020\" \/>\n<meta property=\"og:url\" content=\"https:\/\/crocjeux.com\/index.php\/produit\/unlock-mythic-adventures\/\" \/>\n<meta property=\"og:site_name\" content=\"Croc Jeux\" \/>\n<meta property=\"article:modified_time\" content=\"2023-02-02T15:43:24+00:00\" \/>\n<meta property=\"og:image\" content=\"https:\/\/crocjeux.com\/wp-content\/uploads\/2020\/11\/unlock_mythic.png\" \/>\n\t<meta property=\"og:image:width\" content=\"556\" \/>\n\t<meta property=\"og:image:height\" content=\"895\" \/>\n\t<meta property=\"og:image:type\" content=\"image\/png\" \/>\n<meta name=\"twitter:card\" content=\"summary_large_image\" \/>\n<meta name=\"twitter:label1\" content=\"Dur\u00e9e de lecture estim\u00e9e\" \/>\n\t<meta name=\"twitter:data1\" content=\"1 minute\" \/>\n<script type=\"application\/ld+json\" class=\"yoast-schema-graph\">{\"@context\":\"https:\\\/\\\/schema.org\",\"@graph\":[{\"@type\":\"WebPage\",\"@id\":\"https:\\\/\\\/crocjeux.com\\\/index.php\\\/produit\\\/unlock-mythic-adventures\\\/\",\"url\":\"https:\\\/\\\/crocjeux.com\\\/index.php\\\/produit\\\/unlock-mythic-adventures\\\/\",\"name\":\"Unlock ! Mythic Adventures - Croc Jeux\",\"isPartOf\":{\"@id\":\"https:\\\/\\\/crocjeux.com\\\/#website\"},\"primaryImageOfPage\":{\"@id\":\"https:\\\/\\\/crocjeux.com\\\/index.php\\\/produit\\\/unlock-mythic-adventures\\\/#primaryimage\"},\"image\":{\"@id\":\"https:\\\/\\\/crocjeux.com\\\/index.php\\\/produit\\\/unlock-mythic-adventures\\\/#primaryimage\"},\"thumbnailUrl\":\"https:\\\/\\\/crocjeux.com\\\/wp-content\\\/uploads\\\/2020\\\/11\\\/unlock_mythic.png\",\"datePublished\":\"2020-11-02T15:02:23+00:00\",\"dateModified\":\"2023-02-02T15:43:24+00:00\",\"breadcrumb\":{\"@id\":\"https:\\\/\\\/crocjeux.com\\\/index.php\\\/produit\\\/unlock-mythic-adventures\\\/#breadcrumb\"},\"inLanguage\":\"fr-FR\",\"potentialAction\":[{\"@type\":\"ReadAction\",\"target\":[\"https:\\\/\\\/crocjeux.com\\\/index.php\\\/produit\\\/unlock-mythic-adventures\\\/\"]}]},{\"@type\":\"ImageObject\",\"inLanguage\":\"fr-FR\",\"@id\":\"https:\\\/\\\/crocjeux.com\\\/index.php\\\/produit\\\/unlock-mythic-adventures\\\/#primaryimage\",\"url\":\"https:\\\/\\\/crocjeux.com\\\/wp-content\\\/uploads\\\/2020\\\/11\\\/unlock_mythic.png\",\"contentUrl\":\"https:\\\/\\\/crocjeux.com\\\/wp-content\\\/uploads\\\/2020\\\/11\\\/unlock_mythic.png\",\"width\":556,\"height\":895},{\"@type\":\"BreadcrumbList\",\"@id\":\"https:\\\/\\\/crocjeux.com\\\/index.php\\\/produit\\\/unlock-mythic-adventures\\\/#breadcrumb\",\"itemListElement\":[{\"@type\":\"ListItem\",\"position\":1,\"name\":\"Accueil\",\"item\":\"https:\\\/\\\/crocjeux.com\\\/\"},{\"@type\":\"ListItem\",\"position\":2,\"name\":\"Boutique\",\"item\":\"https:\\\/\\\/crocjeux.com\\\/\"},{\"@type\":\"ListItem\",\"position\":3,\"name\":\"Unlock ! Mythic Adventures\"}]},{\"@type\":\"WebSite\",\"@id\":\"https:\\\/\\\/crocjeux.com\\\/#website\",\"url\":\"https:\\\/\\\/crocjeux.com\\\/\",\"name\":\"Croc Jeux\",\"description\":\"Bienvenue chez Croc Jeux!\",\"publisher\":{\"@id\":\"https:\\\/\\\/crocjeux.com\\\/#organization\"},\"potentialAction\":[{\"@type\":\"SearchAction\",\"target\":{\"@type\":\"EntryPoint\",\"urlTemplate\":\"https:\\\/\\\/crocjeux.com\\\/?s={search_term_string}\"},\"query-input\":{\"@type\":\"PropertyValueSpecification\",\"valueRequired\":true,\"valueName\":\"search_term_string\"}}],\"inLanguage\":\"fr-FR\"},{\"@type\":\"Organization\",\"@id\":\"https:\\\/\\\/crocjeux.com\\\/#organization\",\"name\":\"Croc Jeux\",\"url\":\"https:\\\/\\\/crocjeux.com\\\/\",\"logo\":{\"@type\":\"ImageObject\",\"inLanguage\":\"fr-FR\",\"@id\":\"https:\\\/\\\/crocjeux.com\\\/#\\\/schema\\\/logo\\\/image\\\/\",\"url\":\"https:\\\/\\\/crocjeux.com\\\/wp-content\\\/uploads\\\/2022\\\/01\\\/cropped-logo-croc-etape-1-e1644574034239.jpg\",\"contentUrl\":\"https:\\\/\\\/crocjeux.com\\\/wp-content\\\/uploads\\\/2022\\\/01\\\/cropped-logo-croc-etape-1-e1644574034239.jpg\",\"width\":1224,\"height\":314,\"caption\":\"Croc Jeux\"},\"image\":{\"@id\":\"https:\\\/\\\/crocjeux.com\\\/#\\\/schema\\\/logo\\\/image\\\/\"}}]}<\/script>\n<!-- \/ Yoast SEO plugin. -->","yoast_head_json":{"title":"Unlock ! Mythic Adventures - Croc Jeux","robots":{"index":"index","follow":"follow","max-snippet":"max-snippet:-1","max-image-preview":"max-image-preview:large","max-video-preview":"max-video-preview:-1"},"canonical":"https:\/\/crocjeux.com\/index.php\/produit\/unlock-mythic-adventures\/","og_locale":"fr_FR","og_type":"article","og_title":"Unlock ! Mythic Adventures - Croc Jeux","og_description":"Avec ce 8\u00e8me opus de la saga Unlock, d\u00e9couvrez 3 nouvelles aventures palpitantes : un tour du monde en 80 jours, une plong\u00e9e dans l'antiquit\u00e9 grecque et une nouvelle aventure avec Noside.   DATE DE SORTIE Dernier trimestre 2020","og_url":"https:\/\/crocjeux.com\/index.php\/produit\/unlock-mythic-adventures\/","og_site_name":"Croc Jeux","article_modified_time":"2023-02-02T15:43:24+00:00","og_image":[{"width":556,"height":895,"url":"https:\/\/crocjeux.com\/wp-content\/uploads\/2020\/11\/unlock_mythic.png","type":"image\/png"}],"twitter_card":"summary_large_image","twitter_misc":{"Dur\u00e9e de lecture estim\u00e9e":"1 minute"},"schema":{"@context":"https:\/\/schema.org","@graph":[{"@type":"WebPage","@id":"https:\/\/crocjeux.com\/index.php\/produit\/unlock-mythic-adventures\/","url":"https:\/\/crocjeux.com\/index.php\/produit\/unlock-mythic-adventures\/","name":"Unlock ! Mythic Adventures - Croc Jeux","isPartOf":{"@id":"https:\/\/crocjeux.com\/#website"},"primaryImageOfPage":{"@id":"https:\/\/crocjeux.com\/index.php\/produit\/unlock-mythic-adventures\/#primaryimage"},"image":{"@id":"https:\/\/crocjeux.com\/index.php\/produit\/unlock-mythic-adventures\/#primaryimage"},"thumbnailUrl":"https:\/\/crocjeux.com\/wp-content\/uploads\/2020\/11\/unlock_mythic.png","datePublished":"2020-11-02T15:02:23+00:00","dateModified":"2023-02-02T15:43:24+00:00","breadcrumb":{"@id":"https:\/\/crocjeux.com\/index.php\/produit\/unlock-mythic-adventures\/#breadcrumb"},"inLanguage":"fr-FR","potentialAction":[{"@type":"ReadAction","target":["https:\/\/crocjeux.com\/index.php\/produit\/unlock-mythic-adventures\/"]}]},{"@type":"ImageObject","inLanguage":"fr-FR","@id":"https:\/\/crocjeux.com\/index.php\/produit\/unlock-mythic-adventures\/#primaryimage","url":"https:\/\/crocjeux.com\/wp-content\/uploads\/2020\/11\/unlock_mythic.png","contentUrl":"https:\/\/crocjeux.com\/wp-content\/uploads\/2020\/11\/unlock_mythic.png","width":556,"height":895},{"@type":"BreadcrumbList","@id":"https:\/\/crocjeux.com\/index.php\/produit\/unlock-mythic-adventures\/#breadcrumb","itemListElement":[{"@type":"ListItem","position":1,"name":"Accueil","item":"https:\/\/crocjeux.com\/"},{"@type":"ListItem","position":2,"name":"Boutique","item":"https:\/\/crocjeux.com\/"},{"@type":"ListItem","position":3,"name":"Unlock ! Mythic Adventures"}]},{"@type":"WebSite","@id":"https:\/\/crocjeux.com\/#website","url":"https:\/\/crocjeux.com\/","name":"Croc Jeux","description":"Bienvenue chez Croc Jeux!","publisher":{"@id":"https:\/\/crocjeux.com\/#organization"},"potentialAction":[{"@type":"SearchAction","target":{"@type":"EntryPoint","urlTemplate":"https:\/\/crocjeux.com\/?s={search_term_string}"},"query-input":{"@type":"PropertyValueSpecification","valueRequired":true,"valueName":"search_term_string"}}],"inLanguage":"fr-FR"},{"@type":"Organization","@id":"https:\/\/crocjeux.com\/#organization","name":"Croc Jeux","url":"https:\/\/crocjeux.com\/","logo":{"@type":"ImageObject","inLanguage":"fr-FR","@id":"https:\/\/crocjeux.com\/#\/schema\/logo\/image\/","url":"https:\/\/crocjeux.com\/wp-content\/uploads\/2022\/01\/cropped-logo-croc-etape-1-e1644574034239.jpg","contentUrl":"https:\/\/crocjeux.com\/wp-content\/uploads\/2022\/01\/cropped-logo-croc-etape-1-e1644574034239.jpg","width":1224,"height":314,"caption":"Croc Jeux"},"image":{"@id":"https:\/\/crocjeux.com\/#\/schema\/logo\/image\/"}}]}},"_links":{"self":[{"href":"https:\/\/crocjeux.com\/index.php\/wp-json\/wp\/v2\/product\/267","targetHints":{"allow":["GET"]}}],"collection":[{"href":"https:\/\/crocjeux.com\/index.php\/wp-json\/wp\/v2\/product"}],"about":[{"href":"https:\/\/crocjeux.com\/index.php\/wp-json\/wp\/v2\/types\/product"}],"replies":[{"embeddable":true,"href":"https:\/\/crocjeux.com\/index.php\/wp-json\/wp\/v2\/comments?post=267"}],"wp:featuredmedia":[{"embeddable":true,"href":"https:\/\/crocjeux.com\/index.php\/wp-json\/wp\/v2\/media\/268"}],"wp:attachment":[{"href":"https:\/\/crocjeux.com\/index.php\/wp-json\/wp\/v2\/media?parent=267"}],"wp:term":[{"taxonomy":"product_brand","embeddable":true,"href":"https:\/\/crocjeux.com\/index.php\/wp-json\/wp\/v2\/product_brand?post=267"},{"taxonomy":"product_cat","embeddable":true,"href":"https:\/\/crocjeux.com\/index.php\/wp-json\/wp\/v2\/product_cat?post=267"},{"taxonomy":"product_tag","embeddable":true,"href":"https:\/\/crocjeux.com\/index.php\/wp-json\/wp\/v2\/product_tag?post=267"}],"curies":[{"name":"wp","href":"https:\/\/api.w.org\/{rel}","templated":true}]}}