{"id":270,"date":"2020-11-02T16:06:44","date_gmt":"2020-11-02T15:06:44","guid":{"rendered":"https:\/\/crocjeux.com\/?post_type=product&#038;p=270"},"modified":"2026-04-13T12:02:39","modified_gmt":"2026-04-13T11:02:39","slug":"unlock-exotic-adventures","status":"publish","type":"product","link":"https:\/\/crocjeux.com\/index.php\/produit\/unlock-exotic-adventures\/","title":{"rendered":"Unlock ! Exotic Adventures"},"content":{"rendered":"<section id=\"tab-description\" class=\"page-product-box r-tabs-panel r-tabs-state-active\">\n<div class=\"rte\">\n<h2>Unlock ! Exotic Adventures, le 4\u00e8me volet<\/h2>\n<p>Avec <strong>Unlock! Exotic Adventures<\/strong>, les auteurs du jeu continuent de vous surprendre avec trois nouvelles histoires. Ces derni\u00e8res, ancr\u00e9es dans des univers bien marqu\u00e9s sont in\u00e9dites et ind\u00e9pendantes. Dans cet opus :<\/p>\n<p>&nbsp;<\/p>\n<ul>\n<li><strong>La nuit des croque-mitaines<\/strong> : Dans cette aventure, vous devrez aider Guillaume, un petit gar\u00e7on qui a vu ses r\u00eaves envahis par les croque-mitaines. Travaillez en \u00e9quipe pour chasser ces horribles cauchemars et faire en sorte que le petit gar\u00e7on retrouve des nuits plus calmes.<\/li>\n<li><strong>Le dernier conte de Sh\u00e9h\u00e9razade<\/strong> : Dans cette \u00e9nigme aux couleurs orientales, volez au secours de Sh\u00e9h\u00e9razade. La conteuse des Mille et Une Nuits, qui n\u2019a plus d\u2019inspiration, s&rsquo;est vue condamn\u00e9e \u00e0 mort par le Sultan.<\/li>\n<li><strong>Exp\u00e9dition : Challenger<\/strong> : L&rsquo;illustre Professeur Challenger a disparu. Pour \u00e9lucider cette disparition inqui\u00e9tante, vous explorez une vall\u00e9e peupl\u00e9e de dinosaures, lieu de la derni\u00e8re exp\u00e9dition du scientifique et de son \u00e9quipe.<\/li>\n<\/ul>\n<p>&nbsp;<\/p>\n<h2>Unlock ! Exotic Adventures, un escape room chez vous<\/h2>\n<p>Unlock! est un jeu de cartes coop\u00e9ratif inspir\u00e9 des <strong>escape rooms<\/strong>. Les escape rooms sont des salles dont vous devez vous \u00e9chapper en moins de 60 minutes. Unlock! vous fait vivre ces exp\u00e9riences chez vous, autour d&rsquo;une table.<\/p>\n<p>Apr\u00e8s avoir pris connaissance du contexte du sc\u00e9nario, vous commencez votre aventure dans une pi\u00e8ce (une carte de lieu qui indique divers num\u00e9ros). Fouillez-la pour trouver des objets ! Attention : certains peuvent \u00eatre cach\u00e9s ! Des \u00e9nigmes visuelles ou audio ralentissent votre progression&#8230; \u00e0 vous de coop\u00e9rer avec vos partenaires pour avancer et terminer dans les temps !<\/p>\n<h2>Unlock ! Exotic Adventures, un jeu interactif<\/h2>\n<p>L&rsquo;application gratuite Unlock!, compatible avec les t\u00e9l\u00e9phones et tablettes Android et iOS, est n\u00e9cessaire pour jouer. Elle permet d&rsquo;obtenir des indices, de rep\u00e9rer des objets cach\u00e9s, mais aussi d&rsquo;entrer les codes d\u00e9couverts. Elle contribue \u00e9galement \u00e0 l&rsquo;ambiance avec ses musiques d\u00e9di\u00e9es \u00e0 chaque aventure, ses \u00e9nigmes audio, ses terribles p\u00e9nalit\u00e9s et son compte \u00e0 rebours fatal !<\/p>\n<p>Afin de bien appr\u00e9hender les r\u00e8gles, la bo\u00eete contient une dizaine de cartes servant de tutoriel.<\/p>\n<p>Les cartes du tutoriel sont emball\u00e9es avec les cartes du sc\u00e9nario 1.<\/p>\n<\/div>\n<\/section>\n","protected":false},"excerpt":{"rendered":"<div id=\"short_description_block\">\n<div id=\"short_description_content\" class=\"rte align_justify hide-smartphone\">Quatri\u00e8me opus de la saga Unlock !, Unlock\u00a0! Exotic Adventures vous offre l&rsquo;occasion de vous replonger dans trois nouvelles histoires ind\u00e9pendantes. Unlock\u00a0! est un jeu de cartes coop\u00e9ratif inspir\u00e9 des escape rooms. Unlock! vous fait vivre ces exp\u00e9riences chez vous, autour d&rsquo;une table.<\/div>\n<\/div>\n","protected":false},"featured_media":271,"comment_status":"open","ping_status":"closed","template":"","meta":{"colormag_page_container_layout":"default_layout","colormag_page_sidebar_layout":"default_layout"},"product_brand":[],"product_cat":[75,79,98,99],"product_tag":[],"class_list":{"0":"post-270","1":"product","2":"type-product","3":"status-publish","4":"has-post-thumbnail","6":"product_cat-unlock-jeux-a-deux","7":"product_cat-unlock-jeux-collaboratifs","8":"product_cat-unlock-jeux-solo","9":"product_cat-unlock-escape-room","11":"first","12":"outofstock","13":"taxable","14":"shipping-taxable","15":"purchasable","16":"product-type-simple"},"yoast_head":"<!-- This site is optimized with the Yoast SEO plugin v27.3 - https:\/\/yoast.com\/product\/yoast-seo-wordpress\/ -->\n<title>Unlock ! Exotic Adventures - Croc Jeux<\/title>\n<meta name=\"robots\" content=\"index, follow, max-snippet:-1, max-image-preview:large, max-video-preview:-1\" \/>\n<link rel=\"canonical\" href=\"https:\/\/crocjeux.com\/index.php\/produit\/unlock-exotic-adventures\/\" \/>\n<meta property=\"og:locale\" content=\"fr_FR\" \/>\n<meta property=\"og:type\" content=\"article\" \/>\n<meta property=\"og:title\" content=\"Unlock ! Exotic Adventures - Croc Jeux\" \/>\n<meta property=\"og:description\" content=\"Quatri\u00e8me opus de la saga Unlock !, Unlock\u00a0! Exotic Adventures vous offre l&#039;occasion de vous replonger dans trois nouvelles histoires ind\u00e9pendantes. Unlock\u00a0! est un jeu de cartes coop\u00e9ratif inspir\u00e9 des escape rooms. Unlock! vous fait vivre ces exp\u00e9riences chez vous, autour d&#039;une table.\" \/>\n<meta property=\"og:url\" content=\"https:\/\/crocjeux.com\/index.php\/produit\/unlock-exotic-adventures\/\" \/>\n<meta property=\"og:site_name\" content=\"Croc Jeux\" \/>\n<meta property=\"article:modified_time\" content=\"2026-04-13T11:02:39+00:00\" \/>\n<meta property=\"og:image\" content=\"https:\/\/crocjeux.com\/wp-content\/uploads\/2020\/11\/unlock_exotic.png\" \/>\n\t<meta property=\"og:image:width\" content=\"444\" \/>\n\t<meta property=\"og:image:height\" content=\"719\" \/>\n\t<meta property=\"og:image:type\" content=\"image\/png\" \/>\n<meta name=\"twitter:card\" content=\"summary_large_image\" \/>\n<meta name=\"twitter:label1\" content=\"Dur\u00e9e de lecture estim\u00e9e\" \/>\n\t<meta name=\"twitter:data1\" content=\"2 minutes\" \/>\n<script type=\"application\/ld+json\" class=\"yoast-schema-graph\">{\"@context\":\"https:\\\/\\\/schema.org\",\"@graph\":[{\"@type\":\"WebPage\",\"@id\":\"https:\\\/\\\/crocjeux.com\\\/index.php\\\/produit\\\/unlock-exotic-adventures\\\/\",\"url\":\"https:\\\/\\\/crocjeux.com\\\/index.php\\\/produit\\\/unlock-exotic-adventures\\\/\",\"name\":\"Unlock ! Exotic Adventures - Croc Jeux\",\"isPartOf\":{\"@id\":\"https:\\\/\\\/crocjeux.com\\\/#website\"},\"primaryImageOfPage\":{\"@id\":\"https:\\\/\\\/crocjeux.com\\\/index.php\\\/produit\\\/unlock-exotic-adventures\\\/#primaryimage\"},\"image\":{\"@id\":\"https:\\\/\\\/crocjeux.com\\\/index.php\\\/produit\\\/unlock-exotic-adventures\\\/#primaryimage\"},\"thumbnailUrl\":\"https:\\\/\\\/crocjeux.com\\\/wp-content\\\/uploads\\\/2020\\\/11\\\/unlock_exotic.png\",\"datePublished\":\"2020-11-02T15:06:44+00:00\",\"dateModified\":\"2026-04-13T11:02:39+00:00\",\"breadcrumb\":{\"@id\":\"https:\\\/\\\/crocjeux.com\\\/index.php\\\/produit\\\/unlock-exotic-adventures\\\/#breadcrumb\"},\"inLanguage\":\"fr-FR\",\"potentialAction\":[{\"@type\":\"ReadAction\",\"target\":[\"https:\\\/\\\/crocjeux.com\\\/index.php\\\/produit\\\/unlock-exotic-adventures\\\/\"]}]},{\"@type\":\"ImageObject\",\"inLanguage\":\"fr-FR\",\"@id\":\"https:\\\/\\\/crocjeux.com\\\/index.php\\\/produit\\\/unlock-exotic-adventures\\\/#primaryimage\",\"url\":\"https:\\\/\\\/crocjeux.com\\\/wp-content\\\/uploads\\\/2020\\\/11\\\/unlock_exotic.png\",\"contentUrl\":\"https:\\\/\\\/crocjeux.com\\\/wp-content\\\/uploads\\\/2020\\\/11\\\/unlock_exotic.png\",\"width\":444,\"height\":719},{\"@type\":\"BreadcrumbList\",\"@id\":\"https:\\\/\\\/crocjeux.com\\\/index.php\\\/produit\\\/unlock-exotic-adventures\\\/#breadcrumb\",\"itemListElement\":[{\"@type\":\"ListItem\",\"position\":1,\"name\":\"Accueil\",\"item\":\"https:\\\/\\\/crocjeux.com\\\/\"},{\"@type\":\"ListItem\",\"position\":2,\"name\":\"Boutique\",\"item\":\"https:\\\/\\\/crocjeux.com\\\/\"},{\"@type\":\"ListItem\",\"position\":3,\"name\":\"Unlock ! Exotic Adventures\"}]},{\"@type\":\"WebSite\",\"@id\":\"https:\\\/\\\/crocjeux.com\\\/#website\",\"url\":\"https:\\\/\\\/crocjeux.com\\\/\",\"name\":\"Croc Jeux\",\"description\":\"Bienvenue chez Croc Jeux!\",\"publisher\":{\"@id\":\"https:\\\/\\\/crocjeux.com\\\/#organization\"},\"potentialAction\":[{\"@type\":\"SearchAction\",\"target\":{\"@type\":\"EntryPoint\",\"urlTemplate\":\"https:\\\/\\\/crocjeux.com\\\/?s={search_term_string}\"},\"query-input\":{\"@type\":\"PropertyValueSpecification\",\"valueRequired\":true,\"valueName\":\"search_term_string\"}}],\"inLanguage\":\"fr-FR\"},{\"@type\":\"Organization\",\"@id\":\"https:\\\/\\\/crocjeux.com\\\/#organization\",\"name\":\"Croc Jeux\",\"url\":\"https:\\\/\\\/crocjeux.com\\\/\",\"logo\":{\"@type\":\"ImageObject\",\"inLanguage\":\"fr-FR\",\"@id\":\"https:\\\/\\\/crocjeux.com\\\/#\\\/schema\\\/logo\\\/image\\\/\",\"url\":\"https:\\\/\\\/crocjeux.com\\\/wp-content\\\/uploads\\\/2022\\\/01\\\/cropped-logo-croc-etape-1-e1644574034239.jpg\",\"contentUrl\":\"https:\\\/\\\/crocjeux.com\\\/wp-content\\\/uploads\\\/2022\\\/01\\\/cropped-logo-croc-etape-1-e1644574034239.jpg\",\"width\":1224,\"height\":314,\"caption\":\"Croc Jeux\"},\"image\":{\"@id\":\"https:\\\/\\\/crocjeux.com\\\/#\\\/schema\\\/logo\\\/image\\\/\"}}]}<\/script>\n<!-- \/ Yoast SEO plugin. -->","yoast_head_json":{"title":"Unlock ! Exotic Adventures - Croc Jeux","robots":{"index":"index","follow":"follow","max-snippet":"max-snippet:-1","max-image-preview":"max-image-preview:large","max-video-preview":"max-video-preview:-1"},"canonical":"https:\/\/crocjeux.com\/index.php\/produit\/unlock-exotic-adventures\/","og_locale":"fr_FR","og_type":"article","og_title":"Unlock ! Exotic Adventures - Croc Jeux","og_description":"Quatri\u00e8me opus de la saga Unlock !, Unlock\u00a0! Exotic Adventures vous offre l'occasion de vous replonger dans trois nouvelles histoires ind\u00e9pendantes. Unlock\u00a0! est un jeu de cartes coop\u00e9ratif inspir\u00e9 des escape rooms. Unlock! vous fait vivre ces exp\u00e9riences chez vous, autour d'une table.","og_url":"https:\/\/crocjeux.com\/index.php\/produit\/unlock-exotic-adventures\/","og_site_name":"Croc Jeux","article_modified_time":"2026-04-13T11:02:39+00:00","og_image":[{"width":444,"height":719,"url":"https:\/\/crocjeux.com\/wp-content\/uploads\/2020\/11\/unlock_exotic.png","type":"image\/png"}],"twitter_card":"summary_large_image","twitter_misc":{"Dur\u00e9e de lecture estim\u00e9e":"2 minutes"},"schema":{"@context":"https:\/\/schema.org","@graph":[{"@type":"WebPage","@id":"https:\/\/crocjeux.com\/index.php\/produit\/unlock-exotic-adventures\/","url":"https:\/\/crocjeux.com\/index.php\/produit\/unlock-exotic-adventures\/","name":"Unlock ! Exotic Adventures - Croc Jeux","isPartOf":{"@id":"https:\/\/crocjeux.com\/#website"},"primaryImageOfPage":{"@id":"https:\/\/crocjeux.com\/index.php\/produit\/unlock-exotic-adventures\/#primaryimage"},"image":{"@id":"https:\/\/crocjeux.com\/index.php\/produit\/unlock-exotic-adventures\/#primaryimage"},"thumbnailUrl":"https:\/\/crocjeux.com\/wp-content\/uploads\/2020\/11\/unlock_exotic.png","datePublished":"2020-11-02T15:06:44+00:00","dateModified":"2026-04-13T11:02:39+00:00","breadcrumb":{"@id":"https:\/\/crocjeux.com\/index.php\/produit\/unlock-exotic-adventures\/#breadcrumb"},"inLanguage":"fr-FR","potentialAction":[{"@type":"ReadAction","target":["https:\/\/crocjeux.com\/index.php\/produit\/unlock-exotic-adventures\/"]}]},{"@type":"ImageObject","inLanguage":"fr-FR","@id":"https:\/\/crocjeux.com\/index.php\/produit\/unlock-exotic-adventures\/#primaryimage","url":"https:\/\/crocjeux.com\/wp-content\/uploads\/2020\/11\/unlock_exotic.png","contentUrl":"https:\/\/crocjeux.com\/wp-content\/uploads\/2020\/11\/unlock_exotic.png","width":444,"height":719},{"@type":"BreadcrumbList","@id":"https:\/\/crocjeux.com\/index.php\/produit\/unlock-exotic-adventures\/#breadcrumb","itemListElement":[{"@type":"ListItem","position":1,"name":"Accueil","item":"https:\/\/crocjeux.com\/"},{"@type":"ListItem","position":2,"name":"Boutique","item":"https:\/\/crocjeux.com\/"},{"@type":"ListItem","position":3,"name":"Unlock ! Exotic Adventures"}]},{"@type":"WebSite","@id":"https:\/\/crocjeux.com\/#website","url":"https:\/\/crocjeux.com\/","name":"Croc Jeux","description":"Bienvenue chez Croc Jeux!","publisher":{"@id":"https:\/\/crocjeux.com\/#organization"},"potentialAction":[{"@type":"SearchAction","target":{"@type":"EntryPoint","urlTemplate":"https:\/\/crocjeux.com\/?s={search_term_string}"},"query-input":{"@type":"PropertyValueSpecification","valueRequired":true,"valueName":"search_term_string"}}],"inLanguage":"fr-FR"},{"@type":"Organization","@id":"https:\/\/crocjeux.com\/#organization","name":"Croc Jeux","url":"https:\/\/crocjeux.com\/","logo":{"@type":"ImageObject","inLanguage":"fr-FR","@id":"https:\/\/crocjeux.com\/#\/schema\/logo\/image\/","url":"https:\/\/crocjeux.com\/wp-content\/uploads\/2022\/01\/cropped-logo-croc-etape-1-e1644574034239.jpg","contentUrl":"https:\/\/crocjeux.com\/wp-content\/uploads\/2022\/01\/cropped-logo-croc-etape-1-e1644574034239.jpg","width":1224,"height":314,"caption":"Croc Jeux"},"image":{"@id":"https:\/\/crocjeux.com\/#\/schema\/logo\/image\/"}}]}},"_links":{"self":[{"href":"https:\/\/crocjeux.com\/index.php\/wp-json\/wp\/v2\/product\/270","targetHints":{"allow":["GET"]}}],"collection":[{"href":"https:\/\/crocjeux.com\/index.php\/wp-json\/wp\/v2\/product"}],"about":[{"href":"https:\/\/crocjeux.com\/index.php\/wp-json\/wp\/v2\/types\/product"}],"replies":[{"embeddable":true,"href":"https:\/\/crocjeux.com\/index.php\/wp-json\/wp\/v2\/comments?post=270"}],"wp:featuredmedia":[{"embeddable":true,"href":"https:\/\/crocjeux.com\/index.php\/wp-json\/wp\/v2\/media\/271"}],"wp:attachment":[{"href":"https:\/\/crocjeux.com\/index.php\/wp-json\/wp\/v2\/media?parent=270"}],"wp:term":[{"taxonomy":"product_brand","embeddable":true,"href":"https:\/\/crocjeux.com\/index.php\/wp-json\/wp\/v2\/product_brand?post=270"},{"taxonomy":"product_cat","embeddable":true,"href":"https:\/\/crocjeux.com\/index.php\/wp-json\/wp\/v2\/product_cat?post=270"},{"taxonomy":"product_tag","embeddable":true,"href":"https:\/\/crocjeux.com\/index.php\/wp-json\/wp\/v2\/product_tag?post=270"}],"curies":[{"name":"wp","href":"https:\/\/api.w.org\/{rel}","templated":true}]}}