{"id":2708,"date":"2022-01-13T11:39:17","date_gmt":"2022-01-13T10:39:17","guid":{"rendered":"https:\/\/crocjeux.com\/?post_type=product&#038;p=2708"},"modified":"2024-01-10T13:13:53","modified_gmt":"2024-01-10T12:13:53","slug":"baguette-ollivander-severus-rogue","status":"publish","type":"product","link":"https:\/\/crocjeux.com\/index.php\/produit\/baguette-ollivander-severus-rogue\/","title":{"rendered":"Baguette Ollivander &#8211; Severus Rogue"},"content":{"rendered":"<p dir=\"\">R\u00e9plique authentique et officielle de la baguette de Severus Rogue dans les films Harry Potter.<\/p>\n<p dir=\"\">Cette baguette\u00a0en r\u00e9sine de 34 cm est pr\u00e9sent\u00e9e dans une boite de collection Ollivander, avec un \u00e9crin en velours, moul\u00e9 \u00e0 la forme de la baguette. Deux voiles de chaque c\u00f4t\u00e9 du coffret viennent la recouvrir pour lui offrir un aspect noble.<\/p>\n<p dir=\"\"><strong>Produit sous licence officielle Harry Potter\u2122.<\/strong><\/p>\n","protected":false},"excerpt":{"rendered":"<p>R\u00e9plique authentique et officielle de la baguette de Severus Rogue dans les films Harry Potter. Cette baguette\u00a0en r\u00e9sine de 34<\/p>\n","protected":false},"featured_media":2710,"comment_status":"open","ping_status":"closed","template":"","meta":{"colormag_page_container_layout":"default_layout","colormag_page_sidebar_layout":"default_layout"},"product_brand":[],"product_cat":[15],"product_tag":[],"class_list":{"0":"post-2708","1":"product","2":"type-product","3":"status-publish","4":"has-post-thumbnail","6":"product_cat-non-classe","8":"first","9":"outofstock","10":"taxable","11":"shipping-taxable","12":"purchasable","13":"product-type-simple"},"yoast_head":"<!-- This site is optimized with the Yoast SEO plugin v27.4 - https:\/\/yoast.com\/product\/yoast-seo-wordpress\/ -->\n<title>Baguette Ollivander - Severus Rogue - Croc Jeux<\/title>\n<meta name=\"robots\" content=\"index, follow, max-snippet:-1, max-image-preview:large, max-video-preview:-1\" \/>\n<link rel=\"canonical\" href=\"https:\/\/crocjeux.com\/index.php\/produit\/baguette-ollivander-severus-rogue\/\" \/>\n<meta property=\"og:locale\" content=\"fr_FR\" \/>\n<meta property=\"og:type\" content=\"article\" \/>\n<meta property=\"og:title\" content=\"Baguette Ollivander - Severus Rogue - Croc Jeux\" \/>\n<meta property=\"og:description\" content=\"R\u00e9plique authentique et officielle de la baguette de Severus Rogue dans les films Harry Potter. Cette baguette\u00a0en r\u00e9sine de 34\" \/>\n<meta property=\"og:url\" content=\"https:\/\/crocjeux.com\/index.php\/produit\/baguette-ollivander-severus-rogue\/\" \/>\n<meta property=\"og:site_name\" content=\"Croc Jeux\" \/>\n<meta property=\"article:modified_time\" content=\"2024-01-10T12:13:53+00:00\" \/>\n<meta property=\"og:image\" content=\"https:\/\/crocjeux.com\/wp-content\/uploads\/2022\/01\/rogue-Olivander.jpg\" \/>\n\t<meta property=\"og:image:width\" content=\"240\" \/>\n\t<meta property=\"og:image:height\" content=\"240\" \/>\n\t<meta property=\"og:image:type\" content=\"image\/jpeg\" \/>\n<meta name=\"twitter:card\" content=\"summary_large_image\" \/>\n<script type=\"application\/ld+json\" class=\"yoast-schema-graph\">{\"@context\":\"https:\\\/\\\/schema.org\",\"@graph\":[{\"@type\":\"WebPage\",\"@id\":\"https:\\\/\\\/crocjeux.com\\\/index.php\\\/produit\\\/baguette-ollivander-severus-rogue\\\/\",\"url\":\"https:\\\/\\\/crocjeux.com\\\/index.php\\\/produit\\\/baguette-ollivander-severus-rogue\\\/\",\"name\":\"Baguette Ollivander - Severus Rogue - Croc Jeux\",\"isPartOf\":{\"@id\":\"https:\\\/\\\/crocjeux.com\\\/#website\"},\"primaryImageOfPage\":{\"@id\":\"https:\\\/\\\/crocjeux.com\\\/index.php\\\/produit\\\/baguette-ollivander-severus-rogue\\\/#primaryimage\"},\"image\":{\"@id\":\"https:\\\/\\\/crocjeux.com\\\/index.php\\\/produit\\\/baguette-ollivander-severus-rogue\\\/#primaryimage\"},\"thumbnailUrl\":\"https:\\\/\\\/crocjeux.com\\\/wp-content\\\/uploads\\\/2022\\\/01\\\/rogue-Olivander.jpg\",\"datePublished\":\"2022-01-13T10:39:17+00:00\",\"dateModified\":\"2024-01-10T12:13:53+00:00\",\"breadcrumb\":{\"@id\":\"https:\\\/\\\/crocjeux.com\\\/index.php\\\/produit\\\/baguette-ollivander-severus-rogue\\\/#breadcrumb\"},\"inLanguage\":\"fr-FR\",\"potentialAction\":[{\"@type\":\"ReadAction\",\"target\":[\"https:\\\/\\\/crocjeux.com\\\/index.php\\\/produit\\\/baguette-ollivander-severus-rogue\\\/\"]}]},{\"@type\":\"ImageObject\",\"inLanguage\":\"fr-FR\",\"@id\":\"https:\\\/\\\/crocjeux.com\\\/index.php\\\/produit\\\/baguette-ollivander-severus-rogue\\\/#primaryimage\",\"url\":\"https:\\\/\\\/crocjeux.com\\\/wp-content\\\/uploads\\\/2022\\\/01\\\/rogue-Olivander.jpg\",\"contentUrl\":\"https:\\\/\\\/crocjeux.com\\\/wp-content\\\/uploads\\\/2022\\\/01\\\/rogue-Olivander.jpg\",\"width\":240,\"height\":240},{\"@type\":\"BreadcrumbList\",\"@id\":\"https:\\\/\\\/crocjeux.com\\\/index.php\\\/produit\\\/baguette-ollivander-severus-rogue\\\/#breadcrumb\",\"itemListElement\":[{\"@type\":\"ListItem\",\"position\":1,\"name\":\"Accueil\",\"item\":\"https:\\\/\\\/crocjeux.com\\\/\"},{\"@type\":\"ListItem\",\"position\":2,\"name\":\"Boutique\",\"item\":\"https:\\\/\\\/crocjeux.com\\\/\"},{\"@type\":\"ListItem\",\"position\":3,\"name\":\"Baguette Ollivander &#8211; Severus Rogue\"}]},{\"@type\":\"WebSite\",\"@id\":\"https:\\\/\\\/crocjeux.com\\\/#website\",\"url\":\"https:\\\/\\\/crocjeux.com\\\/\",\"name\":\"Croc Jeux\",\"description\":\"Bienvenue chez Croc Jeux!\",\"publisher\":{\"@id\":\"https:\\\/\\\/crocjeux.com\\\/#organization\"},\"potentialAction\":[{\"@type\":\"SearchAction\",\"target\":{\"@type\":\"EntryPoint\",\"urlTemplate\":\"https:\\\/\\\/crocjeux.com\\\/?s={search_term_string}\"},\"query-input\":{\"@type\":\"PropertyValueSpecification\",\"valueRequired\":true,\"valueName\":\"search_term_string\"}}],\"inLanguage\":\"fr-FR\"},{\"@type\":\"Organization\",\"@id\":\"https:\\\/\\\/crocjeux.com\\\/#organization\",\"name\":\"Croc Jeux\",\"url\":\"https:\\\/\\\/crocjeux.com\\\/\",\"logo\":{\"@type\":\"ImageObject\",\"inLanguage\":\"fr-FR\",\"@id\":\"https:\\\/\\\/crocjeux.com\\\/#\\\/schema\\\/logo\\\/image\\\/\",\"url\":\"https:\\\/\\\/crocjeux.com\\\/wp-content\\\/uploads\\\/2022\\\/01\\\/cropped-logo-croc-etape-1-e1644574034239.jpg\",\"contentUrl\":\"https:\\\/\\\/crocjeux.com\\\/wp-content\\\/uploads\\\/2022\\\/01\\\/cropped-logo-croc-etape-1-e1644574034239.jpg\",\"width\":1224,\"height\":314,\"caption\":\"Croc Jeux\"},\"image\":{\"@id\":\"https:\\\/\\\/crocjeux.com\\\/#\\\/schema\\\/logo\\\/image\\\/\"}}]}<\/script>\n<!-- \/ Yoast SEO plugin. -->","yoast_head_json":{"title":"Baguette Ollivander - Severus Rogue - Croc Jeux","robots":{"index":"index","follow":"follow","max-snippet":"max-snippet:-1","max-image-preview":"max-image-preview:large","max-video-preview":"max-video-preview:-1"},"canonical":"https:\/\/crocjeux.com\/index.php\/produit\/baguette-ollivander-severus-rogue\/","og_locale":"fr_FR","og_type":"article","og_title":"Baguette Ollivander - Severus Rogue - Croc Jeux","og_description":"R\u00e9plique authentique et officielle de la baguette de Severus Rogue dans les films Harry Potter. Cette baguette\u00a0en r\u00e9sine de 34","og_url":"https:\/\/crocjeux.com\/index.php\/produit\/baguette-ollivander-severus-rogue\/","og_site_name":"Croc Jeux","article_modified_time":"2024-01-10T12:13:53+00:00","og_image":[{"width":240,"height":240,"url":"https:\/\/crocjeux.com\/wp-content\/uploads\/2022\/01\/rogue-Olivander.jpg","type":"image\/jpeg"}],"twitter_card":"summary_large_image","schema":{"@context":"https:\/\/schema.org","@graph":[{"@type":"WebPage","@id":"https:\/\/crocjeux.com\/index.php\/produit\/baguette-ollivander-severus-rogue\/","url":"https:\/\/crocjeux.com\/index.php\/produit\/baguette-ollivander-severus-rogue\/","name":"Baguette Ollivander - Severus Rogue - Croc Jeux","isPartOf":{"@id":"https:\/\/crocjeux.com\/#website"},"primaryImageOfPage":{"@id":"https:\/\/crocjeux.com\/index.php\/produit\/baguette-ollivander-severus-rogue\/#primaryimage"},"image":{"@id":"https:\/\/crocjeux.com\/index.php\/produit\/baguette-ollivander-severus-rogue\/#primaryimage"},"thumbnailUrl":"https:\/\/crocjeux.com\/wp-content\/uploads\/2022\/01\/rogue-Olivander.jpg","datePublished":"2022-01-13T10:39:17+00:00","dateModified":"2024-01-10T12:13:53+00:00","breadcrumb":{"@id":"https:\/\/crocjeux.com\/index.php\/produit\/baguette-ollivander-severus-rogue\/#breadcrumb"},"inLanguage":"fr-FR","potentialAction":[{"@type":"ReadAction","target":["https:\/\/crocjeux.com\/index.php\/produit\/baguette-ollivander-severus-rogue\/"]}]},{"@type":"ImageObject","inLanguage":"fr-FR","@id":"https:\/\/crocjeux.com\/index.php\/produit\/baguette-ollivander-severus-rogue\/#primaryimage","url":"https:\/\/crocjeux.com\/wp-content\/uploads\/2022\/01\/rogue-Olivander.jpg","contentUrl":"https:\/\/crocjeux.com\/wp-content\/uploads\/2022\/01\/rogue-Olivander.jpg","width":240,"height":240},{"@type":"BreadcrumbList","@id":"https:\/\/crocjeux.com\/index.php\/produit\/baguette-ollivander-severus-rogue\/#breadcrumb","itemListElement":[{"@type":"ListItem","position":1,"name":"Accueil","item":"https:\/\/crocjeux.com\/"},{"@type":"ListItem","position":2,"name":"Boutique","item":"https:\/\/crocjeux.com\/"},{"@type":"ListItem","position":3,"name":"Baguette Ollivander &#8211; Severus Rogue"}]},{"@type":"WebSite","@id":"https:\/\/crocjeux.com\/#website","url":"https:\/\/crocjeux.com\/","name":"Croc Jeux","description":"Bienvenue chez Croc Jeux!","publisher":{"@id":"https:\/\/crocjeux.com\/#organization"},"potentialAction":[{"@type":"SearchAction","target":{"@type":"EntryPoint","urlTemplate":"https:\/\/crocjeux.com\/?s={search_term_string}"},"query-input":{"@type":"PropertyValueSpecification","valueRequired":true,"valueName":"search_term_string"}}],"inLanguage":"fr-FR"},{"@type":"Organization","@id":"https:\/\/crocjeux.com\/#organization","name":"Croc Jeux","url":"https:\/\/crocjeux.com\/","logo":{"@type":"ImageObject","inLanguage":"fr-FR","@id":"https:\/\/crocjeux.com\/#\/schema\/logo\/image\/","url":"https:\/\/crocjeux.com\/wp-content\/uploads\/2022\/01\/cropped-logo-croc-etape-1-e1644574034239.jpg","contentUrl":"https:\/\/crocjeux.com\/wp-content\/uploads\/2022\/01\/cropped-logo-croc-etape-1-e1644574034239.jpg","width":1224,"height":314,"caption":"Croc Jeux"},"image":{"@id":"https:\/\/crocjeux.com\/#\/schema\/logo\/image\/"}}]}},"_links":{"self":[{"href":"https:\/\/crocjeux.com\/index.php\/wp-json\/wp\/v2\/product\/2708","targetHints":{"allow":["GET"]}}],"collection":[{"href":"https:\/\/crocjeux.com\/index.php\/wp-json\/wp\/v2\/product"}],"about":[{"href":"https:\/\/crocjeux.com\/index.php\/wp-json\/wp\/v2\/types\/product"}],"replies":[{"embeddable":true,"href":"https:\/\/crocjeux.com\/index.php\/wp-json\/wp\/v2\/comments?post=2708"}],"wp:featuredmedia":[{"embeddable":true,"href":"https:\/\/crocjeux.com\/index.php\/wp-json\/wp\/v2\/media\/2710"}],"wp:attachment":[{"href":"https:\/\/crocjeux.com\/index.php\/wp-json\/wp\/v2\/media?parent=2708"}],"wp:term":[{"taxonomy":"product_brand","embeddable":true,"href":"https:\/\/crocjeux.com\/index.php\/wp-json\/wp\/v2\/product_brand?post=2708"},{"taxonomy":"product_cat","embeddable":true,"href":"https:\/\/crocjeux.com\/index.php\/wp-json\/wp\/v2\/product_cat?post=2708"},{"taxonomy":"product_tag","embeddable":true,"href":"https:\/\/crocjeux.com\/index.php\/wp-json\/wp\/v2\/product_tag?post=2708"}],"curies":[{"name":"wp","href":"https:\/\/api.w.org\/{rel}","templated":true}]}}