{"id":272,"date":"2020-11-02T16:13:02","date_gmt":"2020-11-02T15:13:02","guid":{"rendered":"https:\/\/crocjeux.com\/?post_type=product&#038;p=272"},"modified":"2023-02-02T16:43:01","modified_gmt":"2023-02-02T15:43:01","slug":"unlock-epic-adventures","status":"publish","type":"product","link":"https:\/\/crocjeux.com\/index.php\/produit\/unlock-epic-adventures\/","title":{"rendered":"Unlock ! Epic Adventures"},"content":{"rendered":"<section id=\"tab-description\" class=\"page-product-box r-tabs-panel r-tabs-state-active\">\n<div class=\"rte\">\n<h2>Unlock! Epic Adventures, 7\u00e8me volet de la saga Unlock!<\/h2>\n<p>Avec Unlock! Epic Adventures, laissez-vous surprendre avec trois nouvelles aventures \u00e9piques. Ces derni\u00e8res, ancr\u00e9es dans des univers bien marqu\u00e9s sont in\u00e9dites et ind\u00e9pendantes :<\/p>\n<div>\n<ul>\n<li>7\u00e9me art et d\u00e9c\u00e8s : Vous assistez \u00e0 la premi\u00e8re de \u00ab\u00a0La Derni\u00e8re Nuit du loup-garou\u00a0\u00bb, un film d&rsquo;horreur inqui\u00e9tant plus vrai que nature. Tr\u00e8s vite, vous vous rendez compte que cette s\u00e9ance de cin\u00e9ma n&rsquo;est pas comme les autres. En sortirez sain et sauf ?<\/li>\n<li>Les 7 \u00e9preuves du dragon : Vous faites partie de la nouvelle cuv\u00e9e des \u00e9l\u00e8ves du Temple des dragons d\u2019or, une \u00e9cole tr\u00e8s sp\u00e9ciale qui n&rsquo;accueille de nouveaux aspirants qu&rsquo;une fois tous les sept ans. Allez-vous relever dignement les d\u00e9fis du v\u00e9n\u00e9rable Ma\u00eetre Li !<\/li>\n<li>Mission #07\u00a0: Vous incarnez un membre de l\u2019agence Eagle. Dans le cadre de vos fonctions, vous \u00eates actuellement infiltr\u00e9 pour tenter de d\u00e9busquer un agent double. Lors de cette mission d\u00e9licate, le danger peut venir de partout. Alors restez sur vos gardes !<\/li>\n<\/ul>\n<h2>Unlock ! Epic Adventures, un escape room chez vous<\/h2>\n<div>Unlock! est un jeu de cartes coop\u00e9ratif inspir\u00e9 des escape rooms. Les escape rooms sont des salles dont vous devez vous \u00e9chapper en moins de 60 minutes. Unlock! vous fait vivre ces exp\u00e9riences chez vous, autour d&rsquo;une table.<\/div>\n<div><\/div>\n<div>Apr\u00e8s avoir pris connaissance du contexte du sc\u00e9nario, vous commencez votre aventure dans une pi\u00e8ce (une carte de lieu qui indique divers num\u00e9ros). Fouillez-la pour trouver des objets ! Attention : certains peuvent \u00eatre cach\u00e9s ! Des \u00e9nigmes visuelles ou audio ralentissent votre progression&#8230; \u00e0 vous de coop\u00e9rer avec vos partenaires pour avancer et terminer dans les temps !<\/div>\n<div><\/div>\n<h2>Unlock ! Epic Adventures, un jeu interactif<\/h2>\n<div>L&rsquo;application gratuite Unlock!, compatible avec les t\u00e9l\u00e9phones et tablettes Android et iOS, est n\u00e9cessaire pour jouer. Elle permet d&rsquo;obtenir des indices, de rep\u00e9rer des objets cach\u00e9s, mais aussi d&rsquo;entrer les codes d\u00e9couverts. Elle contribue \u00e9galement \u00e0 l&rsquo;ambiance avec ses musiques d\u00e9di\u00e9es \u00e0 chaque aventure, ses \u00e9nigmes audio, ses terribles p\u00e9nalit\u00e9s et son compte \u00e0 rebours fatal !<\/div>\n<div><\/div>\n<div>Afin de bien appr\u00e9hender les r\u00e8gles, la bo\u00eete contient une dizaine de cartes servant de tutoriel.<\/div>\n<div><\/div>\n<div>Les cartes du tutoriel sont emball\u00e9es avec les cartes du sc\u00e9nario 1.<\/div>\n<\/div>\n<\/div>\n<\/section>\n","protected":false},"excerpt":{"rendered":"<div id=\"short_description_block\">\n<div id=\"short_description_content\" class=\"rte align_justify hide-smartphone\">Avec ce 7\u00e8me opus de la saga Unlock!, d\u00e9couvrez 3 nouvelles aventures palpitantes : 7\u00e8me art et d\u00e9c\u00e8s, Les 7 \u00e9preuves du Dragon et Mission #07.<\/div>\n<\/div>\n","protected":false},"featured_media":273,"comment_status":"open","ping_status":"closed","template":"","meta":{"colormag_page_container_layout":"default_layout","colormag_page_sidebar_layout":"default_layout"},"product_brand":[],"product_cat":[75,79,98,99],"product_tag":[],"class_list":{"0":"post-272","1":"product","2":"type-product","3":"status-publish","4":"has-post-thumbnail","6":"product_cat-unlock-jeux-a-deux","7":"product_cat-unlock-jeux-collaboratifs","8":"product_cat-unlock-jeux-solo","9":"product_cat-unlock-escape-room","11":"first","12":"instock","13":"taxable","14":"shipping-taxable","15":"purchasable","16":"product-type-simple"},"yoast_head":"<!-- This site is optimized with the Yoast SEO plugin v27.3 - https:\/\/yoast.com\/product\/yoast-seo-wordpress\/ -->\n<title>Unlock ! Epic Adventures - Croc Jeux<\/title>\n<meta name=\"robots\" content=\"index, follow, max-snippet:-1, max-image-preview:large, max-video-preview:-1\" \/>\n<link rel=\"canonical\" href=\"https:\/\/crocjeux.com\/index.php\/produit\/unlock-epic-adventures\/\" \/>\n<meta property=\"og:locale\" content=\"fr_FR\" \/>\n<meta property=\"og:type\" content=\"article\" \/>\n<meta property=\"og:title\" content=\"Unlock ! Epic Adventures - Croc Jeux\" \/>\n<meta property=\"og:description\" content=\"Avec ce 7\u00e8me opus de la saga Unlock!, d\u00e9couvrez 3 nouvelles aventures palpitantes : 7\u00e8me art et d\u00e9c\u00e8s, Les 7 \u00e9preuves du Dragon et Mission #07.\" \/>\n<meta property=\"og:url\" content=\"https:\/\/crocjeux.com\/index.php\/produit\/unlock-epic-adventures\/\" \/>\n<meta property=\"og:site_name\" content=\"Croc Jeux\" \/>\n<meta property=\"article:modified_time\" content=\"2023-02-02T15:43:01+00:00\" \/>\n<meta property=\"og:image\" content=\"https:\/\/crocjeux.com\/wp-content\/uploads\/2020\/11\/unlock_epic.png\" \/>\n\t<meta property=\"og:image:width\" content=\"376\" \/>\n\t<meta property=\"og:image:height\" content=\"589\" \/>\n\t<meta property=\"og:image:type\" content=\"image\/png\" \/>\n<meta name=\"twitter:card\" content=\"summary_large_image\" \/>\n<meta name=\"twitter:label1\" content=\"Dur\u00e9e de lecture estim\u00e9e\" \/>\n\t<meta name=\"twitter:data1\" content=\"2 minutes\" \/>\n<script type=\"application\/ld+json\" class=\"yoast-schema-graph\">{\"@context\":\"https:\\\/\\\/schema.org\",\"@graph\":[{\"@type\":\"WebPage\",\"@id\":\"https:\\\/\\\/crocjeux.com\\\/index.php\\\/produit\\\/unlock-epic-adventures\\\/\",\"url\":\"https:\\\/\\\/crocjeux.com\\\/index.php\\\/produit\\\/unlock-epic-adventures\\\/\",\"name\":\"Unlock ! Epic Adventures - Croc Jeux\",\"isPartOf\":{\"@id\":\"https:\\\/\\\/crocjeux.com\\\/#website\"},\"primaryImageOfPage\":{\"@id\":\"https:\\\/\\\/crocjeux.com\\\/index.php\\\/produit\\\/unlock-epic-adventures\\\/#primaryimage\"},\"image\":{\"@id\":\"https:\\\/\\\/crocjeux.com\\\/index.php\\\/produit\\\/unlock-epic-adventures\\\/#primaryimage\"},\"thumbnailUrl\":\"https:\\\/\\\/crocjeux.com\\\/wp-content\\\/uploads\\\/2020\\\/11\\\/unlock_epic.png\",\"datePublished\":\"2020-11-02T15:13:02+00:00\",\"dateModified\":\"2023-02-02T15:43:01+00:00\",\"breadcrumb\":{\"@id\":\"https:\\\/\\\/crocjeux.com\\\/index.php\\\/produit\\\/unlock-epic-adventures\\\/#breadcrumb\"},\"inLanguage\":\"fr-FR\",\"potentialAction\":[{\"@type\":\"ReadAction\",\"target\":[\"https:\\\/\\\/crocjeux.com\\\/index.php\\\/produit\\\/unlock-epic-adventures\\\/\"]}]},{\"@type\":\"ImageObject\",\"inLanguage\":\"fr-FR\",\"@id\":\"https:\\\/\\\/crocjeux.com\\\/index.php\\\/produit\\\/unlock-epic-adventures\\\/#primaryimage\",\"url\":\"https:\\\/\\\/crocjeux.com\\\/wp-content\\\/uploads\\\/2020\\\/11\\\/unlock_epic.png\",\"contentUrl\":\"https:\\\/\\\/crocjeux.com\\\/wp-content\\\/uploads\\\/2020\\\/11\\\/unlock_epic.png\",\"width\":376,\"height\":589},{\"@type\":\"BreadcrumbList\",\"@id\":\"https:\\\/\\\/crocjeux.com\\\/index.php\\\/produit\\\/unlock-epic-adventures\\\/#breadcrumb\",\"itemListElement\":[{\"@type\":\"ListItem\",\"position\":1,\"name\":\"Accueil\",\"item\":\"https:\\\/\\\/crocjeux.com\\\/\"},{\"@type\":\"ListItem\",\"position\":2,\"name\":\"Boutique\",\"item\":\"https:\\\/\\\/crocjeux.com\\\/\"},{\"@type\":\"ListItem\",\"position\":3,\"name\":\"Unlock ! Epic Adventures\"}]},{\"@type\":\"WebSite\",\"@id\":\"https:\\\/\\\/crocjeux.com\\\/#website\",\"url\":\"https:\\\/\\\/crocjeux.com\\\/\",\"name\":\"Croc Jeux\",\"description\":\"Bienvenue chez Croc Jeux!\",\"publisher\":{\"@id\":\"https:\\\/\\\/crocjeux.com\\\/#organization\"},\"potentialAction\":[{\"@type\":\"SearchAction\",\"target\":{\"@type\":\"EntryPoint\",\"urlTemplate\":\"https:\\\/\\\/crocjeux.com\\\/?s={search_term_string}\"},\"query-input\":{\"@type\":\"PropertyValueSpecification\",\"valueRequired\":true,\"valueName\":\"search_term_string\"}}],\"inLanguage\":\"fr-FR\"},{\"@type\":\"Organization\",\"@id\":\"https:\\\/\\\/crocjeux.com\\\/#organization\",\"name\":\"Croc Jeux\",\"url\":\"https:\\\/\\\/crocjeux.com\\\/\",\"logo\":{\"@type\":\"ImageObject\",\"inLanguage\":\"fr-FR\",\"@id\":\"https:\\\/\\\/crocjeux.com\\\/#\\\/schema\\\/logo\\\/image\\\/\",\"url\":\"https:\\\/\\\/crocjeux.com\\\/wp-content\\\/uploads\\\/2022\\\/01\\\/cropped-logo-croc-etape-1-e1644574034239.jpg\",\"contentUrl\":\"https:\\\/\\\/crocjeux.com\\\/wp-content\\\/uploads\\\/2022\\\/01\\\/cropped-logo-croc-etape-1-e1644574034239.jpg\",\"width\":1224,\"height\":314,\"caption\":\"Croc Jeux\"},\"image\":{\"@id\":\"https:\\\/\\\/crocjeux.com\\\/#\\\/schema\\\/logo\\\/image\\\/\"}}]}<\/script>\n<!-- \/ Yoast SEO plugin. -->","yoast_head_json":{"title":"Unlock ! Epic Adventures - Croc Jeux","robots":{"index":"index","follow":"follow","max-snippet":"max-snippet:-1","max-image-preview":"max-image-preview:large","max-video-preview":"max-video-preview:-1"},"canonical":"https:\/\/crocjeux.com\/index.php\/produit\/unlock-epic-adventures\/","og_locale":"fr_FR","og_type":"article","og_title":"Unlock ! Epic Adventures - Croc Jeux","og_description":"Avec ce 7\u00e8me opus de la saga Unlock!, d\u00e9couvrez 3 nouvelles aventures palpitantes : 7\u00e8me art et d\u00e9c\u00e8s, Les 7 \u00e9preuves du Dragon et Mission #07.","og_url":"https:\/\/crocjeux.com\/index.php\/produit\/unlock-epic-adventures\/","og_site_name":"Croc Jeux","article_modified_time":"2023-02-02T15:43:01+00:00","og_image":[{"width":376,"height":589,"url":"https:\/\/crocjeux.com\/wp-content\/uploads\/2020\/11\/unlock_epic.png","type":"image\/png"}],"twitter_card":"summary_large_image","twitter_misc":{"Dur\u00e9e de lecture estim\u00e9e":"2 minutes"},"schema":{"@context":"https:\/\/schema.org","@graph":[{"@type":"WebPage","@id":"https:\/\/crocjeux.com\/index.php\/produit\/unlock-epic-adventures\/","url":"https:\/\/crocjeux.com\/index.php\/produit\/unlock-epic-adventures\/","name":"Unlock ! Epic Adventures - Croc Jeux","isPartOf":{"@id":"https:\/\/crocjeux.com\/#website"},"primaryImageOfPage":{"@id":"https:\/\/crocjeux.com\/index.php\/produit\/unlock-epic-adventures\/#primaryimage"},"image":{"@id":"https:\/\/crocjeux.com\/index.php\/produit\/unlock-epic-adventures\/#primaryimage"},"thumbnailUrl":"https:\/\/crocjeux.com\/wp-content\/uploads\/2020\/11\/unlock_epic.png","datePublished":"2020-11-02T15:13:02+00:00","dateModified":"2023-02-02T15:43:01+00:00","breadcrumb":{"@id":"https:\/\/crocjeux.com\/index.php\/produit\/unlock-epic-adventures\/#breadcrumb"},"inLanguage":"fr-FR","potentialAction":[{"@type":"ReadAction","target":["https:\/\/crocjeux.com\/index.php\/produit\/unlock-epic-adventures\/"]}]},{"@type":"ImageObject","inLanguage":"fr-FR","@id":"https:\/\/crocjeux.com\/index.php\/produit\/unlock-epic-adventures\/#primaryimage","url":"https:\/\/crocjeux.com\/wp-content\/uploads\/2020\/11\/unlock_epic.png","contentUrl":"https:\/\/crocjeux.com\/wp-content\/uploads\/2020\/11\/unlock_epic.png","width":376,"height":589},{"@type":"BreadcrumbList","@id":"https:\/\/crocjeux.com\/index.php\/produit\/unlock-epic-adventures\/#breadcrumb","itemListElement":[{"@type":"ListItem","position":1,"name":"Accueil","item":"https:\/\/crocjeux.com\/"},{"@type":"ListItem","position":2,"name":"Boutique","item":"https:\/\/crocjeux.com\/"},{"@type":"ListItem","position":3,"name":"Unlock ! Epic Adventures"}]},{"@type":"WebSite","@id":"https:\/\/crocjeux.com\/#website","url":"https:\/\/crocjeux.com\/","name":"Croc Jeux","description":"Bienvenue chez Croc Jeux!","publisher":{"@id":"https:\/\/crocjeux.com\/#organization"},"potentialAction":[{"@type":"SearchAction","target":{"@type":"EntryPoint","urlTemplate":"https:\/\/crocjeux.com\/?s={search_term_string}"},"query-input":{"@type":"PropertyValueSpecification","valueRequired":true,"valueName":"search_term_string"}}],"inLanguage":"fr-FR"},{"@type":"Organization","@id":"https:\/\/crocjeux.com\/#organization","name":"Croc Jeux","url":"https:\/\/crocjeux.com\/","logo":{"@type":"ImageObject","inLanguage":"fr-FR","@id":"https:\/\/crocjeux.com\/#\/schema\/logo\/image\/","url":"https:\/\/crocjeux.com\/wp-content\/uploads\/2022\/01\/cropped-logo-croc-etape-1-e1644574034239.jpg","contentUrl":"https:\/\/crocjeux.com\/wp-content\/uploads\/2022\/01\/cropped-logo-croc-etape-1-e1644574034239.jpg","width":1224,"height":314,"caption":"Croc Jeux"},"image":{"@id":"https:\/\/crocjeux.com\/#\/schema\/logo\/image\/"}}]}},"_links":{"self":[{"href":"https:\/\/crocjeux.com\/index.php\/wp-json\/wp\/v2\/product\/272","targetHints":{"allow":["GET"]}}],"collection":[{"href":"https:\/\/crocjeux.com\/index.php\/wp-json\/wp\/v2\/product"}],"about":[{"href":"https:\/\/crocjeux.com\/index.php\/wp-json\/wp\/v2\/types\/product"}],"replies":[{"embeddable":true,"href":"https:\/\/crocjeux.com\/index.php\/wp-json\/wp\/v2\/comments?post=272"}],"wp:featuredmedia":[{"embeddable":true,"href":"https:\/\/crocjeux.com\/index.php\/wp-json\/wp\/v2\/media\/273"}],"wp:attachment":[{"href":"https:\/\/crocjeux.com\/index.php\/wp-json\/wp\/v2\/media?parent=272"}],"wp:term":[{"taxonomy":"product_brand","embeddable":true,"href":"https:\/\/crocjeux.com\/index.php\/wp-json\/wp\/v2\/product_brand?post=272"},{"taxonomy":"product_cat","embeddable":true,"href":"https:\/\/crocjeux.com\/index.php\/wp-json\/wp\/v2\/product_cat?post=272"},{"taxonomy":"product_tag","embeddable":true,"href":"https:\/\/crocjeux.com\/index.php\/wp-json\/wp\/v2\/product_tag?post=272"}],"curies":[{"name":"wp","href":"https:\/\/api.w.org\/{rel}","templated":true}]}}