{"id":283,"date":"2020-11-02T16:29:45","date_gmt":"2020-11-02T15:29:45","guid":{"rendered":"https:\/\/crocjeux.com\/?post_type=product&#038;p=283"},"modified":"2021-12-21T15:07:01","modified_gmt":"2021-12-21T14:07:01","slug":"exit-la-cabane-abandonnee","status":"publish","type":"product","link":"https:\/\/crocjeux.com\/index.php\/produit\/exit-la-cabane-abandonnee\/","title":{"rendered":"Exit &#8211; La Cabane Abandonn\u00e9e"},"content":{"rendered":"<h2>Exit, un concept inspir\u00e9 des Escape Rooms<\/h2>\n<p><strong>Exit<\/strong> est un jeu d\u2019\u00e9nigmes <strong>coop\u00e9ratif<\/strong> qui reprend les sensations des \u00ab\u00a0<strong>Escape Games<\/strong>\u00ab\u00a0. Muni d&rsquo;indices, de mat\u00e9riels et d&rsquo;un d\u00e9codeur, vous aurez pour mission de sortir du jeu le plus rapide-ment possible. Plus qu&rsquo;un jeu, Exit est une exp\u00e9rience unique et immersive dans laquelle vous devrez faire preuve de coop\u00e9ration, d&rsquo;observation et de logique.<\/p>\n<p>La gamme Exit comprend plusieurs sc\u00e9narios : Le Laboratoire Secret, <strong>La Cabane Abandonn\u00e9e<\/strong>, La Station Polaire, Le Ch\u00e2teau Interdit, L\u2019\u00cele Oubli\u00e9e, Le Tr\u00e9sor Englouti, Le Tombeau du Pharaon et Le Cadavre de l\u2019Orient Express.<\/p>\n<p>Ce jeu ne peut \u00eatre jou\u00e9 qu&rsquo;une seule fois, car pour progresser vous devrez annoter, plier et d\u00e9chirer le mat\u00e9riel de jeu.<\/p>\n<h2>Exit : La Cabane Abandonn\u00e9e, le sc\u00e9nario<\/h2>\n<p>Accompagn\u00e9 de vos amis, vous \u00eates sur la route des vacances. Apr\u00e8s une ann\u00e9e de dur labeur, vous avez bien m\u00e9rit\u00e9 ces quelques jours de repos. Tout est r\u00e9uni pour passer des cong\u00e9s r\u00e9ussis. Seulement le sort en a d\u00e9cid\u00e9 autrement. Votre voiture tombe subitement en panne sur un chemin d\u00e9sert \u00e0 l\u2019or\u00e9e d\u2019une for\u00eat sombre et inqui\u00e9tante. Vos amis vous avaient bien dit de ne pas passer par l\u00e0. Que ce soi-disant raccourci ne m\u00e8nerait nulle part. Heureusement, muni de votre t\u00e9l\u00e9phone portable, vous allez pouvoir appeler rapidement une d\u00e9panneuse. Pas de chance, il n\u2019y a pas de r\u00e9seau. Le sort s\u2019acharne contre vous. Il est d\u00e9j\u00e0 tard, et une temp\u00eate se pr\u00e9pare. La pluie s\u2019intensifie. Vous d\u00e9cidez de quitter votre voiture pour partir \u00e0 la recherche d\u2019un refuge. Vous \u00eates bloqu\u00e9 ici, autant passer la nuit bien au chaud dans un en-droit sec. Vous d\u00e9couvrez une cabane dans les bois. Elle para\u00eet d\u00e9labr\u00e9e et probablement abandonn\u00e9e. Par chance, la porte est ouverte. Vous p\u00e9n\u00e9trez \u00e0 l\u2019int\u00e9rieur. L\u2019endroit est spartiate mais ce sera suffisant pour la nuit.<\/p>\n<p>Le lendemain matin, au moment de reprendre la route, vous vous apercevez que la porte a \u00e9t\u00e9 verrouill\u00e9e par un cadenas \u00e0 combinaison. Les fen\u00eatres sont \u00e9quip\u00e9es d\u2019\u00e9pais barreaux en fer. En cherchant un moyen de vous en sortir, vous tombez sur un carnet et un disque \u00e9trange, qui ressemble \u00e0 un d\u00e9codeur. Vous prenez conscience que votre seule chance de quitter cette cabane sera de travailler ensemble pour d\u00e9chiffrer cette s\u00e9rie d\u2019\u00e9nigmes et ouvrir le cadenas. Vous n\u2019avez pas de temps \u00e0 perdre. Vous devez vous enfuir avant que le myst\u00e9rieux h\u00f4te ne revienne !<\/p>\n<h2>Exit : La Cabane Abandonn\u00e9e, un jeu coop\u00e9ratif<\/h2>\n<p>Votre but est simple : vous devez vous <strong>\u00e9chapper<\/strong> ensemble de cette cabane aussi vite que possible.<\/p>\n<p>Si en th\u00e9orie cela peut sembler facile, la r\u00e9alit\u00e9 est tout autre ! Vous devrez r\u00e9fl\u00e9chir ensemble pour percer le secret de chaque \u00e9nigme. Au cours de la partie, vous trouverez des objets ver-rouill\u00e9s par un code compos\u00e9 de trois chiffres ou couleurs. Pour y acc\u00e9der, vous devrez trou-ver le code correspondant et le rentrer dans le disque d\u00e9codeur.<\/p>\n<p>Soyez sur vos gardes ! Ouvrez les yeux et ne laissez aucun d\u00e9tail vous \u00e9chapper. Si vous avez trouv\u00e9 le bon code, la carte R\u00e9ponse vous indiquera comment continuer.<\/p>\n<h2>Exit : La Cabane Abandonn\u00e9e, une fin \u00e0 l\u2019issue incertaine<\/h2>\n<p>Le jeu prend fin quand vous avez trouv\u00e9 la derni\u00e8re \u00e9nigme. Vous pourrez alors vous \u00e9chapper de la cabane abandonn\u00e9e. Une carte vous indiquera votre victoire. Il vous faudra alors calculer votre degr\u00e9 de r\u00e9ussite \u00e0 l\u2019aide du livret en fonction des cartes Aide utilis\u00e9es et du temps \u00e9coul\u00e9.<\/p>\n","protected":false},"excerpt":{"rendered":"<div id=\"short_description_block\">\n<div id=\"short_description_content\" class=\"rte align_justify hide-smartphone\">EXIT est un jeu coop\u00e9ratif qui reprend les sensations des \u00ab\u00a0escape games\u00a0\u00bb. Dans La Cabane Abandonn\u00e9e, vous devrez r\u00e9fl\u00e9chir ensemble pour r\u00e9soudre les \u00e9nigmes vous permettant de sortir de cette cabane lugubre.<\/div>\n<\/div>\n","protected":false},"featured_media":284,"comment_status":"open","ping_status":"closed","template":"","meta":{"colormag_page_container_layout":"default_layout","colormag_page_sidebar_layout":"default_layout"},"product_brand":[],"product_cat":[78,83,108,109],"product_tag":[],"class_list":{"0":"post-283","1":"product","2":"type-product","3":"status-publish","4":"has-post-thumbnail","6":"product_cat-exit-jeux-a-deux","7":"product_cat-exit-jeux-collaboratifs","8":"product_cat-exit-escape-room","9":"product_cat-exit-jeux-solo","11":"first","12":"instock","13":"taxable","14":"shipping-taxable","15":"purchasable","16":"product-type-simple"},"yoast_head":"<!-- This site is optimized with the Yoast SEO plugin v27.3 - https:\/\/yoast.com\/product\/yoast-seo-wordpress\/ -->\n<title>Exit - La Cabane Abandonn\u00e9e - Croc Jeux<\/title>\n<meta name=\"robots\" content=\"index, follow, max-snippet:-1, max-image-preview:large, max-video-preview:-1\" \/>\n<link rel=\"canonical\" href=\"https:\/\/crocjeux.com\/index.php\/produit\/exit-la-cabane-abandonnee\/\" \/>\n<meta property=\"og:locale\" content=\"fr_FR\" \/>\n<meta property=\"og:type\" content=\"article\" \/>\n<meta property=\"og:title\" content=\"Exit - La Cabane Abandonn\u00e9e - Croc Jeux\" \/>\n<meta property=\"og:description\" content=\"EXIT est un jeu coop\u00e9ratif qui reprend les sensations des &quot;escape games&quot;. Dans La Cabane Abandonn\u00e9e, vous devrez r\u00e9fl\u00e9chir ensemble pour r\u00e9soudre les \u00e9nigmes vous permettant de sortir de cette cabane lugubre.\" \/>\n<meta property=\"og:url\" content=\"https:\/\/crocjeux.com\/index.php\/produit\/exit-la-cabane-abandonnee\/\" \/>\n<meta property=\"og:site_name\" content=\"Croc Jeux\" \/>\n<meta property=\"article:modified_time\" content=\"2021-12-21T14:07:01+00:00\" \/>\n<meta property=\"og:image\" content=\"https:\/\/crocjeux.com\/wp-content\/uploads\/2020\/11\/exit_cabane.png\" \/>\n\t<meta property=\"og:image:width\" content=\"253\" \/>\n\t<meta property=\"og:image:height\" content=\"377\" \/>\n\t<meta property=\"og:image:type\" content=\"image\/png\" \/>\n<meta name=\"twitter:card\" content=\"summary_large_image\" \/>\n<meta name=\"twitter:label1\" content=\"Dur\u00e9e de lecture estim\u00e9e\" \/>\n\t<meta name=\"twitter:data1\" content=\"3 minutes\" \/>\n<script type=\"application\/ld+json\" class=\"yoast-schema-graph\">{\"@context\":\"https:\\\/\\\/schema.org\",\"@graph\":[{\"@type\":\"WebPage\",\"@id\":\"https:\\\/\\\/crocjeux.com\\\/index.php\\\/produit\\\/exit-la-cabane-abandonnee\\\/\",\"url\":\"https:\\\/\\\/crocjeux.com\\\/index.php\\\/produit\\\/exit-la-cabane-abandonnee\\\/\",\"name\":\"Exit - La Cabane Abandonn\u00e9e - Croc Jeux\",\"isPartOf\":{\"@id\":\"https:\\\/\\\/crocjeux.com\\\/#website\"},\"primaryImageOfPage\":{\"@id\":\"https:\\\/\\\/crocjeux.com\\\/index.php\\\/produit\\\/exit-la-cabane-abandonnee\\\/#primaryimage\"},\"image\":{\"@id\":\"https:\\\/\\\/crocjeux.com\\\/index.php\\\/produit\\\/exit-la-cabane-abandonnee\\\/#primaryimage\"},\"thumbnailUrl\":\"https:\\\/\\\/crocjeux.com\\\/wp-content\\\/uploads\\\/2020\\\/11\\\/exit_cabane.png\",\"datePublished\":\"2020-11-02T15:29:45+00:00\",\"dateModified\":\"2021-12-21T14:07:01+00:00\",\"breadcrumb\":{\"@id\":\"https:\\\/\\\/crocjeux.com\\\/index.php\\\/produit\\\/exit-la-cabane-abandonnee\\\/#breadcrumb\"},\"inLanguage\":\"fr-FR\",\"potentialAction\":[{\"@type\":\"ReadAction\",\"target\":[\"https:\\\/\\\/crocjeux.com\\\/index.php\\\/produit\\\/exit-la-cabane-abandonnee\\\/\"]}]},{\"@type\":\"ImageObject\",\"inLanguage\":\"fr-FR\",\"@id\":\"https:\\\/\\\/crocjeux.com\\\/index.php\\\/produit\\\/exit-la-cabane-abandonnee\\\/#primaryimage\",\"url\":\"https:\\\/\\\/crocjeux.com\\\/wp-content\\\/uploads\\\/2020\\\/11\\\/exit_cabane.png\",\"contentUrl\":\"https:\\\/\\\/crocjeux.com\\\/wp-content\\\/uploads\\\/2020\\\/11\\\/exit_cabane.png\",\"width\":253,\"height\":377},{\"@type\":\"BreadcrumbList\",\"@id\":\"https:\\\/\\\/crocjeux.com\\\/index.php\\\/produit\\\/exit-la-cabane-abandonnee\\\/#breadcrumb\",\"itemListElement\":[{\"@type\":\"ListItem\",\"position\":1,\"name\":\"Accueil\",\"item\":\"https:\\\/\\\/crocjeux.com\\\/\"},{\"@type\":\"ListItem\",\"position\":2,\"name\":\"Boutique\",\"item\":\"https:\\\/\\\/crocjeux.com\\\/\"},{\"@type\":\"ListItem\",\"position\":3,\"name\":\"Exit &#8211; La Cabane Abandonn\u00e9e\"}]},{\"@type\":\"WebSite\",\"@id\":\"https:\\\/\\\/crocjeux.com\\\/#website\",\"url\":\"https:\\\/\\\/crocjeux.com\\\/\",\"name\":\"Croc Jeux\",\"description\":\"Bienvenue chez Croc Jeux!\",\"publisher\":{\"@id\":\"https:\\\/\\\/crocjeux.com\\\/#organization\"},\"potentialAction\":[{\"@type\":\"SearchAction\",\"target\":{\"@type\":\"EntryPoint\",\"urlTemplate\":\"https:\\\/\\\/crocjeux.com\\\/?s={search_term_string}\"},\"query-input\":{\"@type\":\"PropertyValueSpecification\",\"valueRequired\":true,\"valueName\":\"search_term_string\"}}],\"inLanguage\":\"fr-FR\"},{\"@type\":\"Organization\",\"@id\":\"https:\\\/\\\/crocjeux.com\\\/#organization\",\"name\":\"Croc Jeux\",\"url\":\"https:\\\/\\\/crocjeux.com\\\/\",\"logo\":{\"@type\":\"ImageObject\",\"inLanguage\":\"fr-FR\",\"@id\":\"https:\\\/\\\/crocjeux.com\\\/#\\\/schema\\\/logo\\\/image\\\/\",\"url\":\"https:\\\/\\\/crocjeux.com\\\/wp-content\\\/uploads\\\/2022\\\/01\\\/cropped-logo-croc-etape-1-e1644574034239.jpg\",\"contentUrl\":\"https:\\\/\\\/crocjeux.com\\\/wp-content\\\/uploads\\\/2022\\\/01\\\/cropped-logo-croc-etape-1-e1644574034239.jpg\",\"width\":1224,\"height\":314,\"caption\":\"Croc Jeux\"},\"image\":{\"@id\":\"https:\\\/\\\/crocjeux.com\\\/#\\\/schema\\\/logo\\\/image\\\/\"}}]}<\/script>\n<!-- \/ Yoast SEO plugin. -->","yoast_head_json":{"title":"Exit - La Cabane Abandonn\u00e9e - Croc Jeux","robots":{"index":"index","follow":"follow","max-snippet":"max-snippet:-1","max-image-preview":"max-image-preview:large","max-video-preview":"max-video-preview:-1"},"canonical":"https:\/\/crocjeux.com\/index.php\/produit\/exit-la-cabane-abandonnee\/","og_locale":"fr_FR","og_type":"article","og_title":"Exit - La Cabane Abandonn\u00e9e - Croc Jeux","og_description":"EXIT est un jeu coop\u00e9ratif qui reprend les sensations des \"escape games\". Dans La Cabane Abandonn\u00e9e, vous devrez r\u00e9fl\u00e9chir ensemble pour r\u00e9soudre les \u00e9nigmes vous permettant de sortir de cette cabane lugubre.","og_url":"https:\/\/crocjeux.com\/index.php\/produit\/exit-la-cabane-abandonnee\/","og_site_name":"Croc Jeux","article_modified_time":"2021-12-21T14:07:01+00:00","og_image":[{"width":253,"height":377,"url":"https:\/\/crocjeux.com\/wp-content\/uploads\/2020\/11\/exit_cabane.png","type":"image\/png"}],"twitter_card":"summary_large_image","twitter_misc":{"Dur\u00e9e de lecture estim\u00e9e":"3 minutes"},"schema":{"@context":"https:\/\/schema.org","@graph":[{"@type":"WebPage","@id":"https:\/\/crocjeux.com\/index.php\/produit\/exit-la-cabane-abandonnee\/","url":"https:\/\/crocjeux.com\/index.php\/produit\/exit-la-cabane-abandonnee\/","name":"Exit - La Cabane Abandonn\u00e9e - Croc Jeux","isPartOf":{"@id":"https:\/\/crocjeux.com\/#website"},"primaryImageOfPage":{"@id":"https:\/\/crocjeux.com\/index.php\/produit\/exit-la-cabane-abandonnee\/#primaryimage"},"image":{"@id":"https:\/\/crocjeux.com\/index.php\/produit\/exit-la-cabane-abandonnee\/#primaryimage"},"thumbnailUrl":"https:\/\/crocjeux.com\/wp-content\/uploads\/2020\/11\/exit_cabane.png","datePublished":"2020-11-02T15:29:45+00:00","dateModified":"2021-12-21T14:07:01+00:00","breadcrumb":{"@id":"https:\/\/crocjeux.com\/index.php\/produit\/exit-la-cabane-abandonnee\/#breadcrumb"},"inLanguage":"fr-FR","potentialAction":[{"@type":"ReadAction","target":["https:\/\/crocjeux.com\/index.php\/produit\/exit-la-cabane-abandonnee\/"]}]},{"@type":"ImageObject","inLanguage":"fr-FR","@id":"https:\/\/crocjeux.com\/index.php\/produit\/exit-la-cabane-abandonnee\/#primaryimage","url":"https:\/\/crocjeux.com\/wp-content\/uploads\/2020\/11\/exit_cabane.png","contentUrl":"https:\/\/crocjeux.com\/wp-content\/uploads\/2020\/11\/exit_cabane.png","width":253,"height":377},{"@type":"BreadcrumbList","@id":"https:\/\/crocjeux.com\/index.php\/produit\/exit-la-cabane-abandonnee\/#breadcrumb","itemListElement":[{"@type":"ListItem","position":1,"name":"Accueil","item":"https:\/\/crocjeux.com\/"},{"@type":"ListItem","position":2,"name":"Boutique","item":"https:\/\/crocjeux.com\/"},{"@type":"ListItem","position":3,"name":"Exit &#8211; La Cabane Abandonn\u00e9e"}]},{"@type":"WebSite","@id":"https:\/\/crocjeux.com\/#website","url":"https:\/\/crocjeux.com\/","name":"Croc Jeux","description":"Bienvenue chez Croc Jeux!","publisher":{"@id":"https:\/\/crocjeux.com\/#organization"},"potentialAction":[{"@type":"SearchAction","target":{"@type":"EntryPoint","urlTemplate":"https:\/\/crocjeux.com\/?s={search_term_string}"},"query-input":{"@type":"PropertyValueSpecification","valueRequired":true,"valueName":"search_term_string"}}],"inLanguage":"fr-FR"},{"@type":"Organization","@id":"https:\/\/crocjeux.com\/#organization","name":"Croc Jeux","url":"https:\/\/crocjeux.com\/","logo":{"@type":"ImageObject","inLanguage":"fr-FR","@id":"https:\/\/crocjeux.com\/#\/schema\/logo\/image\/","url":"https:\/\/crocjeux.com\/wp-content\/uploads\/2022\/01\/cropped-logo-croc-etape-1-e1644574034239.jpg","contentUrl":"https:\/\/crocjeux.com\/wp-content\/uploads\/2022\/01\/cropped-logo-croc-etape-1-e1644574034239.jpg","width":1224,"height":314,"caption":"Croc Jeux"},"image":{"@id":"https:\/\/crocjeux.com\/#\/schema\/logo\/image\/"}}]}},"_links":{"self":[{"href":"https:\/\/crocjeux.com\/index.php\/wp-json\/wp\/v2\/product\/283","targetHints":{"allow":["GET"]}}],"collection":[{"href":"https:\/\/crocjeux.com\/index.php\/wp-json\/wp\/v2\/product"}],"about":[{"href":"https:\/\/crocjeux.com\/index.php\/wp-json\/wp\/v2\/types\/product"}],"replies":[{"embeddable":true,"href":"https:\/\/crocjeux.com\/index.php\/wp-json\/wp\/v2\/comments?post=283"}],"wp:featuredmedia":[{"embeddable":true,"href":"https:\/\/crocjeux.com\/index.php\/wp-json\/wp\/v2\/media\/284"}],"wp:attachment":[{"href":"https:\/\/crocjeux.com\/index.php\/wp-json\/wp\/v2\/media?parent=283"}],"wp:term":[{"taxonomy":"product_brand","embeddable":true,"href":"https:\/\/crocjeux.com\/index.php\/wp-json\/wp\/v2\/product_brand?post=283"},{"taxonomy":"product_cat","embeddable":true,"href":"https:\/\/crocjeux.com\/index.php\/wp-json\/wp\/v2\/product_cat?post=283"},{"taxonomy":"product_tag","embeddable":true,"href":"https:\/\/crocjeux.com\/index.php\/wp-json\/wp\/v2\/product_tag?post=283"}],"curies":[{"name":"wp","href":"https:\/\/api.w.org\/{rel}","templated":true}]}}