{"id":291,"date":"2020-11-02T16:47:30","date_gmt":"2020-11-02T15:47:30","guid":{"rendered":"https:\/\/crocjeux.com\/?post_type=product&#038;p=291"},"modified":"2024-10-09T12:34:18","modified_gmt":"2024-10-09T11:34:18","slug":"the-crew","status":"publish","type":"product","link":"https:\/\/crocjeux.com\/index.php\/produit\/the-crew\/","title":{"rendered":"The Crew"},"content":{"rendered":"<section id=\"tab-description\" class=\"page-product-box r-tabs-panel r-tabs-state-active\">\n<div class=\"rte\">\n<h2>En qu\u00eate de la Neuvi\u00e8me Plan\u00e8te !<\/h2>\n<div>Dans The Crew, vous incarnez les membres d&rsquo;un \u00e9quipage spatial en voyage vers une myst\u00e9rieuse plan\u00e8te. Le chemin pour y parvenir ne sera pas de tout repos, puisque vous aurez 50 missions \u00e0 accomplir avant de pouvoir atteindre votre destination finale.<\/div>\n<h2><\/h2>\n<h2>Comment marche une mission ?<\/h2>\n<div>Pour remporter une mission dans The Crew, vous devez tous ensemble accomplir les t\u00e2ches qui vous sont assign\u00e9es. Chaque joueur dispose de t\u00e2ches qui lui sont propres. Pour les accomplir, il faut jouer une carte \u00e0 chaque tour afin de former un pli. Le joueur qui veut accomplir sa t\u00e2che doit non seulement remporter le pli, mais aussi s\u2019assurer que la carte correspondant \u00e0 la t\u00e2che soit pr\u00e9sente dans le pli\u2026 m\u00eame si ce n\u2019est pas lui qui l\u2019a jou\u00e9e.<\/div>\n<div>Chaque joueur conna\u00eet les t\u00e2ches que doivent effectuer ses \u00e9quipiers, et doit donc les y aider en leur permettant de remporter les plis qui les int\u00e9ressent. C\u2019est subtil\u2026 et incroyablement immersif. Et si le jeu est coop\u00e9ratif, la prudence est n\u00e9anmoins requise : si vous effectuez par m\u00e9garde la t\u00e2che assign\u00e9e \u00e0 autre joueur, la partie est aussit\u00f4t perdue !<\/div>\n<h2><\/h2>\n<h2>Dans l&rsquo;espace, on ne vous entend pas crier !<\/h2>\n<div>Chaque joueur dispose de sa propre main de cartes et doit respecter le silence du vide spatial. Il sera parfois possible de communiquer au cours de la partie, mais uniquement pour pr\u00e9senter une carte aux autres membres d\u2019\u00e9quipage et indiquer s\u2019il s\u2019agit de votre valeur la plus haute, la plus basse ou la seule carte dont vous disposez dans cette s\u00e9rie. Une indication que les autres joueurs devront apprendre \u00e0 d\u00e9coder et utiliser \u00e0 bon escient afin de veiller \u00e0 ce que chaque joueur puisse effectuer ses t\u00e2ches assign\u00e9es !<\/div>\n<h2><\/h2>\n<h2>Restez sur vos gardes !<\/h2>\n<div>The Crew vous titille en permanence en vous faisant douter de vos choix. Quelle carte jouer ? Si vous posez celle-ci, risquez-vous de remporter un pli qui n\u2019est pas le v\u00f4tre et de saborder ainsi la mission ! Vos \u00e9quipiers ont-ils retenu que vous n\u2019aviez qu\u2019une seule carte de navigation et que vous ne pourrez en jouer une autre ?<\/div>\n<div>Dans le silence de l\u2019espace, vous \u00eates seuls face \u00e0 vos choix, et vous devrez en assumer les cons\u00e9quences\u2026 Fiez-vous \u00e0 votre intuition, et permettez \u00e0 votre \u00e9quipage d\u2019atteindre la mission suivante en faisant le bon choix qui fera de vous le h\u00e9ros de la mission !<\/div>\n<\/div>\n<\/section>\n","protected":false},"excerpt":{"rendered":"<div id=\"short_description_block\">\n<div id=\"short_description_content\" class=\"rte align_justify hide-smartphone\">The Crew est un jeu de plis coop\u00e9ratif dans lequel les joueurs incarnent les membres d&rsquo;un \u00e9quipage spatial en voyage vers une myst\u00e9rieuse plan\u00e8te. Le jeu se compose de 50 missions \u00e0 accomplir avant de pouvoir atteindre la destination finale.<\/div>\n<\/div>\n","protected":false},"featured_media":292,"comment_status":"open","ping_status":"closed","template":"","meta":{"colormag_page_container_layout":"default_layout","colormag_page_sidebar_layout":"default_layout"},"product_brand":[],"product_cat":[30,18,38,36],"product_tag":[],"class_list":{"0":"post-291","1":"product","2":"type-product","3":"status-publish","4":"has-post-thumbnail","6":"product_cat-jeux-collaboratifs","7":"product_cat-jeux-de-strategie","8":"product_cat-jeux-experts","9":"product_cat-jeux-familiaux","11":"first","12":"instock","13":"taxable","14":"shipping-taxable","15":"purchasable","16":"product-type-simple"},"yoast_head":"<!-- This site is optimized with the Yoast SEO plugin v27.3 - https:\/\/yoast.com\/product\/yoast-seo-wordpress\/ -->\n<title>The Crew - Croc Jeux<\/title>\n<meta name=\"robots\" content=\"index, follow, max-snippet:-1, max-image-preview:large, max-video-preview:-1\" \/>\n<link rel=\"canonical\" href=\"https:\/\/crocjeux.com\/index.php\/produit\/the-crew\/\" \/>\n<meta property=\"og:locale\" content=\"fr_FR\" \/>\n<meta property=\"og:type\" content=\"article\" \/>\n<meta property=\"og:title\" content=\"The Crew - Croc Jeux\" \/>\n<meta property=\"og:description\" content=\"The Crew est un jeu de plis coop\u00e9ratif dans lequel les joueurs incarnent les membres d&#039;un \u00e9quipage spatial en voyage vers une myst\u00e9rieuse plan\u00e8te. Le jeu se compose de 50 missions \u00e0 accomplir avant de pouvoir atteindre la destination finale.\" \/>\n<meta property=\"og:url\" content=\"https:\/\/crocjeux.com\/index.php\/produit\/the-crew\/\" \/>\n<meta property=\"og:site_name\" content=\"Croc Jeux\" \/>\n<meta property=\"article:modified_time\" content=\"2024-10-09T11:34:18+00:00\" \/>\n<meta property=\"og:image\" content=\"https:\/\/crocjeux.com\/wp-content\/uploads\/2020\/11\/the_crew.png\" \/>\n\t<meta property=\"og:image:width\" content=\"334\" \/>\n\t<meta property=\"og:image:height\" content=\"527\" \/>\n\t<meta property=\"og:image:type\" content=\"image\/png\" \/>\n<meta name=\"twitter:card\" content=\"summary_large_image\" \/>\n<meta name=\"twitter:label1\" content=\"Dur\u00e9e de lecture estim\u00e9e\" \/>\n\t<meta name=\"twitter:data1\" content=\"2 minutes\" \/>\n<script type=\"application\/ld+json\" class=\"yoast-schema-graph\">{\"@context\":\"https:\\\/\\\/schema.org\",\"@graph\":[{\"@type\":\"WebPage\",\"@id\":\"https:\\\/\\\/crocjeux.com\\\/index.php\\\/produit\\\/the-crew\\\/\",\"url\":\"https:\\\/\\\/crocjeux.com\\\/index.php\\\/produit\\\/the-crew\\\/\",\"name\":\"The Crew - Croc Jeux\",\"isPartOf\":{\"@id\":\"https:\\\/\\\/crocjeux.com\\\/#website\"},\"primaryImageOfPage\":{\"@id\":\"https:\\\/\\\/crocjeux.com\\\/index.php\\\/produit\\\/the-crew\\\/#primaryimage\"},\"image\":{\"@id\":\"https:\\\/\\\/crocjeux.com\\\/index.php\\\/produit\\\/the-crew\\\/#primaryimage\"},\"thumbnailUrl\":\"https:\\\/\\\/crocjeux.com\\\/wp-content\\\/uploads\\\/2020\\\/11\\\/the_crew.png\",\"datePublished\":\"2020-11-02T15:47:30+00:00\",\"dateModified\":\"2024-10-09T11:34:18+00:00\",\"breadcrumb\":{\"@id\":\"https:\\\/\\\/crocjeux.com\\\/index.php\\\/produit\\\/the-crew\\\/#breadcrumb\"},\"inLanguage\":\"fr-FR\",\"potentialAction\":[{\"@type\":\"ReadAction\",\"target\":[\"https:\\\/\\\/crocjeux.com\\\/index.php\\\/produit\\\/the-crew\\\/\"]}]},{\"@type\":\"ImageObject\",\"inLanguage\":\"fr-FR\",\"@id\":\"https:\\\/\\\/crocjeux.com\\\/index.php\\\/produit\\\/the-crew\\\/#primaryimage\",\"url\":\"https:\\\/\\\/crocjeux.com\\\/wp-content\\\/uploads\\\/2020\\\/11\\\/the_crew.png\",\"contentUrl\":\"https:\\\/\\\/crocjeux.com\\\/wp-content\\\/uploads\\\/2020\\\/11\\\/the_crew.png\",\"width\":334,\"height\":527},{\"@type\":\"BreadcrumbList\",\"@id\":\"https:\\\/\\\/crocjeux.com\\\/index.php\\\/produit\\\/the-crew\\\/#breadcrumb\",\"itemListElement\":[{\"@type\":\"ListItem\",\"position\":1,\"name\":\"Accueil\",\"item\":\"https:\\\/\\\/crocjeux.com\\\/\"},{\"@type\":\"ListItem\",\"position\":2,\"name\":\"Boutique\",\"item\":\"https:\\\/\\\/crocjeux.com\\\/\"},{\"@type\":\"ListItem\",\"position\":3,\"name\":\"The Crew\"}]},{\"@type\":\"WebSite\",\"@id\":\"https:\\\/\\\/crocjeux.com\\\/#website\",\"url\":\"https:\\\/\\\/crocjeux.com\\\/\",\"name\":\"Croc Jeux\",\"description\":\"Bienvenue chez Croc Jeux!\",\"publisher\":{\"@id\":\"https:\\\/\\\/crocjeux.com\\\/#organization\"},\"potentialAction\":[{\"@type\":\"SearchAction\",\"target\":{\"@type\":\"EntryPoint\",\"urlTemplate\":\"https:\\\/\\\/crocjeux.com\\\/?s={search_term_string}\"},\"query-input\":{\"@type\":\"PropertyValueSpecification\",\"valueRequired\":true,\"valueName\":\"search_term_string\"}}],\"inLanguage\":\"fr-FR\"},{\"@type\":\"Organization\",\"@id\":\"https:\\\/\\\/crocjeux.com\\\/#organization\",\"name\":\"Croc Jeux\",\"url\":\"https:\\\/\\\/crocjeux.com\\\/\",\"logo\":{\"@type\":\"ImageObject\",\"inLanguage\":\"fr-FR\",\"@id\":\"https:\\\/\\\/crocjeux.com\\\/#\\\/schema\\\/logo\\\/image\\\/\",\"url\":\"https:\\\/\\\/crocjeux.com\\\/wp-content\\\/uploads\\\/2022\\\/01\\\/cropped-logo-croc-etape-1-e1644574034239.jpg\",\"contentUrl\":\"https:\\\/\\\/crocjeux.com\\\/wp-content\\\/uploads\\\/2022\\\/01\\\/cropped-logo-croc-etape-1-e1644574034239.jpg\",\"width\":1224,\"height\":314,\"caption\":\"Croc Jeux\"},\"image\":{\"@id\":\"https:\\\/\\\/crocjeux.com\\\/#\\\/schema\\\/logo\\\/image\\\/\"}}]}<\/script>\n<!-- \/ Yoast SEO plugin. -->","yoast_head_json":{"title":"The Crew - Croc Jeux","robots":{"index":"index","follow":"follow","max-snippet":"max-snippet:-1","max-image-preview":"max-image-preview:large","max-video-preview":"max-video-preview:-1"},"canonical":"https:\/\/crocjeux.com\/index.php\/produit\/the-crew\/","og_locale":"fr_FR","og_type":"article","og_title":"The Crew - Croc Jeux","og_description":"The Crew est un jeu de plis coop\u00e9ratif dans lequel les joueurs incarnent les membres d'un \u00e9quipage spatial en voyage vers une myst\u00e9rieuse plan\u00e8te. Le jeu se compose de 50 missions \u00e0 accomplir avant de pouvoir atteindre la destination finale.","og_url":"https:\/\/crocjeux.com\/index.php\/produit\/the-crew\/","og_site_name":"Croc Jeux","article_modified_time":"2024-10-09T11:34:18+00:00","og_image":[{"width":334,"height":527,"url":"https:\/\/crocjeux.com\/wp-content\/uploads\/2020\/11\/the_crew.png","type":"image\/png"}],"twitter_card":"summary_large_image","twitter_misc":{"Dur\u00e9e de lecture estim\u00e9e":"2 minutes"},"schema":{"@context":"https:\/\/schema.org","@graph":[{"@type":"WebPage","@id":"https:\/\/crocjeux.com\/index.php\/produit\/the-crew\/","url":"https:\/\/crocjeux.com\/index.php\/produit\/the-crew\/","name":"The Crew - Croc Jeux","isPartOf":{"@id":"https:\/\/crocjeux.com\/#website"},"primaryImageOfPage":{"@id":"https:\/\/crocjeux.com\/index.php\/produit\/the-crew\/#primaryimage"},"image":{"@id":"https:\/\/crocjeux.com\/index.php\/produit\/the-crew\/#primaryimage"},"thumbnailUrl":"https:\/\/crocjeux.com\/wp-content\/uploads\/2020\/11\/the_crew.png","datePublished":"2020-11-02T15:47:30+00:00","dateModified":"2024-10-09T11:34:18+00:00","breadcrumb":{"@id":"https:\/\/crocjeux.com\/index.php\/produit\/the-crew\/#breadcrumb"},"inLanguage":"fr-FR","potentialAction":[{"@type":"ReadAction","target":["https:\/\/crocjeux.com\/index.php\/produit\/the-crew\/"]}]},{"@type":"ImageObject","inLanguage":"fr-FR","@id":"https:\/\/crocjeux.com\/index.php\/produit\/the-crew\/#primaryimage","url":"https:\/\/crocjeux.com\/wp-content\/uploads\/2020\/11\/the_crew.png","contentUrl":"https:\/\/crocjeux.com\/wp-content\/uploads\/2020\/11\/the_crew.png","width":334,"height":527},{"@type":"BreadcrumbList","@id":"https:\/\/crocjeux.com\/index.php\/produit\/the-crew\/#breadcrumb","itemListElement":[{"@type":"ListItem","position":1,"name":"Accueil","item":"https:\/\/crocjeux.com\/"},{"@type":"ListItem","position":2,"name":"Boutique","item":"https:\/\/crocjeux.com\/"},{"@type":"ListItem","position":3,"name":"The Crew"}]},{"@type":"WebSite","@id":"https:\/\/crocjeux.com\/#website","url":"https:\/\/crocjeux.com\/","name":"Croc Jeux","description":"Bienvenue chez Croc Jeux!","publisher":{"@id":"https:\/\/crocjeux.com\/#organization"},"potentialAction":[{"@type":"SearchAction","target":{"@type":"EntryPoint","urlTemplate":"https:\/\/crocjeux.com\/?s={search_term_string}"},"query-input":{"@type":"PropertyValueSpecification","valueRequired":true,"valueName":"search_term_string"}}],"inLanguage":"fr-FR"},{"@type":"Organization","@id":"https:\/\/crocjeux.com\/#organization","name":"Croc Jeux","url":"https:\/\/crocjeux.com\/","logo":{"@type":"ImageObject","inLanguage":"fr-FR","@id":"https:\/\/crocjeux.com\/#\/schema\/logo\/image\/","url":"https:\/\/crocjeux.com\/wp-content\/uploads\/2022\/01\/cropped-logo-croc-etape-1-e1644574034239.jpg","contentUrl":"https:\/\/crocjeux.com\/wp-content\/uploads\/2022\/01\/cropped-logo-croc-etape-1-e1644574034239.jpg","width":1224,"height":314,"caption":"Croc Jeux"},"image":{"@id":"https:\/\/crocjeux.com\/#\/schema\/logo\/image\/"}}]}},"_links":{"self":[{"href":"https:\/\/crocjeux.com\/index.php\/wp-json\/wp\/v2\/product\/291","targetHints":{"allow":["GET"]}}],"collection":[{"href":"https:\/\/crocjeux.com\/index.php\/wp-json\/wp\/v2\/product"}],"about":[{"href":"https:\/\/crocjeux.com\/index.php\/wp-json\/wp\/v2\/types\/product"}],"replies":[{"embeddable":true,"href":"https:\/\/crocjeux.com\/index.php\/wp-json\/wp\/v2\/comments?post=291"}],"wp:featuredmedia":[{"embeddable":true,"href":"https:\/\/crocjeux.com\/index.php\/wp-json\/wp\/v2\/media\/292"}],"wp:attachment":[{"href":"https:\/\/crocjeux.com\/index.php\/wp-json\/wp\/v2\/media?parent=291"}],"wp:term":[{"taxonomy":"product_brand","embeddable":true,"href":"https:\/\/crocjeux.com\/index.php\/wp-json\/wp\/v2\/product_brand?post=291"},{"taxonomy":"product_cat","embeddable":true,"href":"https:\/\/crocjeux.com\/index.php\/wp-json\/wp\/v2\/product_cat?post=291"},{"taxonomy":"product_tag","embeddable":true,"href":"https:\/\/crocjeux.com\/index.php\/wp-json\/wp\/v2\/product_tag?post=291"}],"curies":[{"name":"wp","href":"https:\/\/api.w.org\/{rel}","templated":true}]}}