{"id":299,"date":"2020-11-02T16:59:40","date_gmt":"2020-11-02T15:59:40","guid":{"rendered":"https:\/\/crocjeux.com\/?post_type=product&#038;p=299"},"modified":"2025-06-20T21:50:21","modified_gmt":"2025-06-20T20:50:21","slug":"time-bomb","status":"publish","type":"product","link":"https:\/\/crocjeux.com\/index.php\/produit\/time-bomb\/","title":{"rendered":"Time Bomb"},"content":{"rendered":"<section id=\"tab-description\" class=\"page-product-box r-tabs-panel r-tabs-state-active\">\n<div class=\"rte\">\n<h2>Time Bomb, un jeu \u00e0 l&rsquo;accent So british<\/h2>\n<div>L&rsquo;action se d\u00e9roule dans la charmante ville de <strong>Londres<\/strong>. <strong>Big Ben<\/strong>, du haut de ses 96 m surplombe magistralement la capitale anglaise. Sous le tic-tac r\u00e9gulier de son horloge, personne ne se doute qu&rsquo;une bombe a \u00e9t\u00e9 pos\u00e9e par l&rsquo;inf\u00e2me <strong>Moriarty<\/strong>. Si la bombe explose, les d\u00e9g\u00e2ts seront inestimables. Heureusement, <strong>Sherlock<\/strong> est sur le coup et se pr\u00e9cipite vers la grande tour pour tenter de la d\u00e9samorcer !<\/div>\n<div><\/div>\n<h2>Time Bomb, un jeu o\u00f9 2 camps s&rsquo;affrontent<\/h2>\n<div>Moriarty a pos\u00e9 une bombe au c\u0153ur de Big Ben qu\u2019il veut r\u00e9duire en miettes, tandis que Sherlock met tout en \u0153uvre pour sauvegarder ce joyau britannique.<\/div>\n<div>Aiderez-vous Sherlock \u00e0 d\u00e9samorcer la bombe et sauvez Big Ben ? Ou assisterez-vous plut\u00f4t Moriarty dans son plan machiav\u00e9lique ? Time Bomb est un jeu \u00e0 r\u00f4le cach\u00e9 o\u00f9 les joueurs appartiennent chacun \u00e0 un camp oppos\u00e9. Lancez-vous dans une partie pour d\u00e9couvrir \u00e0 quel groupe vous appartenez.<\/div>\n<div><\/div>\n<h2>Time Bomb, un jeu de bluffant<\/h2>\n<div>Time Bomb est un <strong>jeu de bluff et de d\u00e9duction rapide<\/strong> o\u00f9 la tension ne cesse de monter tout au long de la partie.<\/div>\n<div>Au d\u00e9but de la partie, vous d\u00e9couvrez secr\u00e8tement \u00e0 quelle \u00e9quipe vous appartenez, et tentez d\u2019identifier vos partenaires sans vous faire d\u00e9masquer par vos adversaires. Tour \u00e0 tour, choisissez un c\u00e2ble \u00e0 couper chez un autre joueur pour, selon votre \u00e9quipe, tentez de d\u00e9samorcer ou de faire exploser la bombe. Dans Time Bomb, vous \u00eates le seul \u00e0 avoir connaissance de vos cartes. Selon votre camp, tentez d&rsquo;inciter ou non les autres joueurs \u00e0 couper vos fils. Malice et force de persuasion seront vos meilleurs atouts pour remporter la partie.<\/div>\n<div><\/div>\n<h2>Time Bomb, 1 jeu mais 3 issues<\/h2>\n<div>Dans Time, il y a 3 mani\u00e8res de terminer la partie :<\/div>\n<div>\n<ul>\n<li>La bombe est d\u00e9samorc\u00e9e : L\u2019\u00e9quipe de Sherlock gagne la partie.<\/li>\n<li>La bombe explose : L\u2019\u00e9quipe de Moriarty remporte la bataille.<\/li>\n<li>La bombe n&rsquo;explose pas \u00e0 la fin du temps imparti : L&rsquo;\u00e9quipe de Moriarty gagne \u00e9galement la partie. Les anti-terroristes n&rsquo;ont pas \u00e9t\u00e9 assez rapides pour contrer le plan du camp adverse.<\/li>\n<\/ul>\n<\/div>\n<div>Le sort de Big Ben est entre vos mains !<\/div>\n<\/div>\n<\/section>\n","protected":false},"excerpt":{"rendered":"<div id=\"short_description_block\">\n<div id=\"short_description_content\" class=\"rte align_justify hide-smartphone\">Tenterez-vous de faire exploser Big Ben ou au contraire mettrez-vous tout en \u0153uvre pour prot\u00e9ger ce bijou d&rsquo;architecture\u00a0? \u00cates-vous plut\u00f4t Moriarty ou Sherlock ? Jouez \u00e0 Time Bomb et vous le saurez\u00a0!<\/div>\n<\/div>\n","protected":false},"featured_media":300,"comment_status":"open","ping_status":"closed","template":"","meta":{"colormag_page_container_layout":"default_layout","colormag_page_sidebar_layout":"default_layout"},"product_brand":[],"product_cat":[43,42,40,36,37],"product_tag":[],"class_list":{"0":"post-299","1":"product","2":"type-product","3":"status-publish","4":"has-post-thumbnail","6":"product_cat-grand-classique","7":"product_cat-jeux-a-roles-caches","8":"product_cat-jeux-dambiance","9":"product_cat-jeux-familiaux","10":"product_cat-ne-ratez-pas","12":"first","13":"instock","14":"taxable","15":"shipping-taxable","16":"purchasable","17":"product-type-simple"},"yoast_head":"<!-- This site is optimized with the Yoast SEO plugin v27.3 - https:\/\/yoast.com\/product\/yoast-seo-wordpress\/ -->\n<title>Time Bomb - Croc Jeux<\/title>\n<meta name=\"robots\" content=\"index, follow, max-snippet:-1, max-image-preview:large, max-video-preview:-1\" \/>\n<link rel=\"canonical\" href=\"https:\/\/crocjeux.com\/index.php\/produit\/time-bomb\/\" \/>\n<meta property=\"og:locale\" content=\"fr_FR\" \/>\n<meta property=\"og:type\" content=\"article\" \/>\n<meta property=\"og:title\" content=\"Time Bomb - Croc Jeux\" \/>\n<meta property=\"og:description\" content=\"Tenterez-vous de faire exploser Big Ben ou au contraire mettrez-vous tout en \u0153uvre pour prot\u00e9ger ce bijou d&#039;architecture\u00a0? \u00cates-vous plut\u00f4t Moriarty ou Sherlock ? Jouez \u00e0 Time Bomb et vous le saurez\u00a0!\" \/>\n<meta property=\"og:url\" content=\"https:\/\/crocjeux.com\/index.php\/produit\/time-bomb\/\" \/>\n<meta property=\"og:site_name\" content=\"Croc Jeux\" \/>\n<meta property=\"article:modified_time\" content=\"2025-06-20T20:50:21+00:00\" \/>\n<meta property=\"og:image\" content=\"https:\/\/crocjeux.com\/wp-content\/uploads\/2020\/11\/time_bomb.png\" \/>\n\t<meta property=\"og:image:width\" content=\"271\" \/>\n\t<meta property=\"og:image:height\" content=\"422\" \/>\n\t<meta property=\"og:image:type\" content=\"image\/png\" \/>\n<meta name=\"twitter:card\" content=\"summary_large_image\" \/>\n<meta name=\"twitter:label1\" content=\"Dur\u00e9e de lecture estim\u00e9e\" \/>\n\t<meta name=\"twitter:data1\" content=\"2 minutes\" \/>\n<script type=\"application\/ld+json\" class=\"yoast-schema-graph\">{\"@context\":\"https:\\\/\\\/schema.org\",\"@graph\":[{\"@type\":\"WebPage\",\"@id\":\"https:\\\/\\\/crocjeux.com\\\/index.php\\\/produit\\\/time-bomb\\\/\",\"url\":\"https:\\\/\\\/crocjeux.com\\\/index.php\\\/produit\\\/time-bomb\\\/\",\"name\":\"Time Bomb - Croc Jeux\",\"isPartOf\":{\"@id\":\"https:\\\/\\\/crocjeux.com\\\/#website\"},\"primaryImageOfPage\":{\"@id\":\"https:\\\/\\\/crocjeux.com\\\/index.php\\\/produit\\\/time-bomb\\\/#primaryimage\"},\"image\":{\"@id\":\"https:\\\/\\\/crocjeux.com\\\/index.php\\\/produit\\\/time-bomb\\\/#primaryimage\"},\"thumbnailUrl\":\"https:\\\/\\\/crocjeux.com\\\/wp-content\\\/uploads\\\/2020\\\/11\\\/time_bomb.png\",\"datePublished\":\"2020-11-02T15:59:40+00:00\",\"dateModified\":\"2025-06-20T20:50:21+00:00\",\"breadcrumb\":{\"@id\":\"https:\\\/\\\/crocjeux.com\\\/index.php\\\/produit\\\/time-bomb\\\/#breadcrumb\"},\"inLanguage\":\"fr-FR\",\"potentialAction\":[{\"@type\":\"ReadAction\",\"target\":[\"https:\\\/\\\/crocjeux.com\\\/index.php\\\/produit\\\/time-bomb\\\/\"]}]},{\"@type\":\"ImageObject\",\"inLanguage\":\"fr-FR\",\"@id\":\"https:\\\/\\\/crocjeux.com\\\/index.php\\\/produit\\\/time-bomb\\\/#primaryimage\",\"url\":\"https:\\\/\\\/crocjeux.com\\\/wp-content\\\/uploads\\\/2020\\\/11\\\/time_bomb.png\",\"contentUrl\":\"https:\\\/\\\/crocjeux.com\\\/wp-content\\\/uploads\\\/2020\\\/11\\\/time_bomb.png\",\"width\":271,\"height\":422,\"caption\":\"Il y a surement un tra\u00eetre autours de la table, ou deux, voir trois, ou peut \u00eatre que tout le monde est un tra\u00eetre, sauf vous?\"},{\"@type\":\"BreadcrumbList\",\"@id\":\"https:\\\/\\\/crocjeux.com\\\/index.php\\\/produit\\\/time-bomb\\\/#breadcrumb\",\"itemListElement\":[{\"@type\":\"ListItem\",\"position\":1,\"name\":\"Accueil\",\"item\":\"https:\\\/\\\/crocjeux.com\\\/\"},{\"@type\":\"ListItem\",\"position\":2,\"name\":\"Boutique\",\"item\":\"https:\\\/\\\/crocjeux.com\\\/\"},{\"@type\":\"ListItem\",\"position\":3,\"name\":\"Time Bomb\"}]},{\"@type\":\"WebSite\",\"@id\":\"https:\\\/\\\/crocjeux.com\\\/#website\",\"url\":\"https:\\\/\\\/crocjeux.com\\\/\",\"name\":\"Croc Jeux\",\"description\":\"Bienvenue chez Croc Jeux!\",\"publisher\":{\"@id\":\"https:\\\/\\\/crocjeux.com\\\/#organization\"},\"potentialAction\":[{\"@type\":\"SearchAction\",\"target\":{\"@type\":\"EntryPoint\",\"urlTemplate\":\"https:\\\/\\\/crocjeux.com\\\/?s={search_term_string}\"},\"query-input\":{\"@type\":\"PropertyValueSpecification\",\"valueRequired\":true,\"valueName\":\"search_term_string\"}}],\"inLanguage\":\"fr-FR\"},{\"@type\":\"Organization\",\"@id\":\"https:\\\/\\\/crocjeux.com\\\/#organization\",\"name\":\"Croc Jeux\",\"url\":\"https:\\\/\\\/crocjeux.com\\\/\",\"logo\":{\"@type\":\"ImageObject\",\"inLanguage\":\"fr-FR\",\"@id\":\"https:\\\/\\\/crocjeux.com\\\/#\\\/schema\\\/logo\\\/image\\\/\",\"url\":\"https:\\\/\\\/crocjeux.com\\\/wp-content\\\/uploads\\\/2022\\\/01\\\/cropped-logo-croc-etape-1-e1644574034239.jpg\",\"contentUrl\":\"https:\\\/\\\/crocjeux.com\\\/wp-content\\\/uploads\\\/2022\\\/01\\\/cropped-logo-croc-etape-1-e1644574034239.jpg\",\"width\":1224,\"height\":314,\"caption\":\"Croc Jeux\"},\"image\":{\"@id\":\"https:\\\/\\\/crocjeux.com\\\/#\\\/schema\\\/logo\\\/image\\\/\"}}]}<\/script>\n<!-- \/ Yoast SEO plugin. -->","yoast_head_json":{"title":"Time Bomb - Croc Jeux","robots":{"index":"index","follow":"follow","max-snippet":"max-snippet:-1","max-image-preview":"max-image-preview:large","max-video-preview":"max-video-preview:-1"},"canonical":"https:\/\/crocjeux.com\/index.php\/produit\/time-bomb\/","og_locale":"fr_FR","og_type":"article","og_title":"Time Bomb - Croc Jeux","og_description":"Tenterez-vous de faire exploser Big Ben ou au contraire mettrez-vous tout en \u0153uvre pour prot\u00e9ger ce bijou d'architecture\u00a0? \u00cates-vous plut\u00f4t Moriarty ou Sherlock ? Jouez \u00e0 Time Bomb et vous le saurez\u00a0!","og_url":"https:\/\/crocjeux.com\/index.php\/produit\/time-bomb\/","og_site_name":"Croc Jeux","article_modified_time":"2025-06-20T20:50:21+00:00","og_image":[{"width":271,"height":422,"url":"https:\/\/crocjeux.com\/wp-content\/uploads\/2020\/11\/time_bomb.png","type":"image\/png"}],"twitter_card":"summary_large_image","twitter_misc":{"Dur\u00e9e de lecture estim\u00e9e":"2 minutes"},"schema":{"@context":"https:\/\/schema.org","@graph":[{"@type":"WebPage","@id":"https:\/\/crocjeux.com\/index.php\/produit\/time-bomb\/","url":"https:\/\/crocjeux.com\/index.php\/produit\/time-bomb\/","name":"Time Bomb - Croc Jeux","isPartOf":{"@id":"https:\/\/crocjeux.com\/#website"},"primaryImageOfPage":{"@id":"https:\/\/crocjeux.com\/index.php\/produit\/time-bomb\/#primaryimage"},"image":{"@id":"https:\/\/crocjeux.com\/index.php\/produit\/time-bomb\/#primaryimage"},"thumbnailUrl":"https:\/\/crocjeux.com\/wp-content\/uploads\/2020\/11\/time_bomb.png","datePublished":"2020-11-02T15:59:40+00:00","dateModified":"2025-06-20T20:50:21+00:00","breadcrumb":{"@id":"https:\/\/crocjeux.com\/index.php\/produit\/time-bomb\/#breadcrumb"},"inLanguage":"fr-FR","potentialAction":[{"@type":"ReadAction","target":["https:\/\/crocjeux.com\/index.php\/produit\/time-bomb\/"]}]},{"@type":"ImageObject","inLanguage":"fr-FR","@id":"https:\/\/crocjeux.com\/index.php\/produit\/time-bomb\/#primaryimage","url":"https:\/\/crocjeux.com\/wp-content\/uploads\/2020\/11\/time_bomb.png","contentUrl":"https:\/\/crocjeux.com\/wp-content\/uploads\/2020\/11\/time_bomb.png","width":271,"height":422,"caption":"Il y a surement un tra\u00eetre autours de la table, ou deux, voir trois, ou peut \u00eatre que tout le monde est un tra\u00eetre, sauf vous?"},{"@type":"BreadcrumbList","@id":"https:\/\/crocjeux.com\/index.php\/produit\/time-bomb\/#breadcrumb","itemListElement":[{"@type":"ListItem","position":1,"name":"Accueil","item":"https:\/\/crocjeux.com\/"},{"@type":"ListItem","position":2,"name":"Boutique","item":"https:\/\/crocjeux.com\/"},{"@type":"ListItem","position":3,"name":"Time Bomb"}]},{"@type":"WebSite","@id":"https:\/\/crocjeux.com\/#website","url":"https:\/\/crocjeux.com\/","name":"Croc Jeux","description":"Bienvenue chez Croc Jeux!","publisher":{"@id":"https:\/\/crocjeux.com\/#organization"},"potentialAction":[{"@type":"SearchAction","target":{"@type":"EntryPoint","urlTemplate":"https:\/\/crocjeux.com\/?s={search_term_string}"},"query-input":{"@type":"PropertyValueSpecification","valueRequired":true,"valueName":"search_term_string"}}],"inLanguage":"fr-FR"},{"@type":"Organization","@id":"https:\/\/crocjeux.com\/#organization","name":"Croc Jeux","url":"https:\/\/crocjeux.com\/","logo":{"@type":"ImageObject","inLanguage":"fr-FR","@id":"https:\/\/crocjeux.com\/#\/schema\/logo\/image\/","url":"https:\/\/crocjeux.com\/wp-content\/uploads\/2022\/01\/cropped-logo-croc-etape-1-e1644574034239.jpg","contentUrl":"https:\/\/crocjeux.com\/wp-content\/uploads\/2022\/01\/cropped-logo-croc-etape-1-e1644574034239.jpg","width":1224,"height":314,"caption":"Croc Jeux"},"image":{"@id":"https:\/\/crocjeux.com\/#\/schema\/logo\/image\/"}}]}},"_links":{"self":[{"href":"https:\/\/crocjeux.com\/index.php\/wp-json\/wp\/v2\/product\/299","targetHints":{"allow":["GET"]}}],"collection":[{"href":"https:\/\/crocjeux.com\/index.php\/wp-json\/wp\/v2\/product"}],"about":[{"href":"https:\/\/crocjeux.com\/index.php\/wp-json\/wp\/v2\/types\/product"}],"replies":[{"embeddable":true,"href":"https:\/\/crocjeux.com\/index.php\/wp-json\/wp\/v2\/comments?post=299"}],"wp:featuredmedia":[{"embeddable":true,"href":"https:\/\/crocjeux.com\/index.php\/wp-json\/wp\/v2\/media\/300"}],"wp:attachment":[{"href":"https:\/\/crocjeux.com\/index.php\/wp-json\/wp\/v2\/media?parent=299"}],"wp:term":[{"taxonomy":"product_brand","embeddable":true,"href":"https:\/\/crocjeux.com\/index.php\/wp-json\/wp\/v2\/product_brand?post=299"},{"taxonomy":"product_cat","embeddable":true,"href":"https:\/\/crocjeux.com\/index.php\/wp-json\/wp\/v2\/product_cat?post=299"},{"taxonomy":"product_tag","embeddable":true,"href":"https:\/\/crocjeux.com\/index.php\/wp-json\/wp\/v2\/product_tag?post=299"}],"curies":[{"name":"wp","href":"https:\/\/api.w.org\/{rel}","templated":true}]}}