{"id":305,"date":"2020-11-02T17:12:29","date_gmt":"2020-11-02T16:12:29","guid":{"rendered":"https:\/\/crocjeux.com\/?post_type=product&#038;p=305"},"modified":"2024-03-20T12:09:52","modified_gmt":"2024-03-20T11:09:52","slug":"paleo","status":"publish","type":"product","link":"https:\/\/crocjeux.com\/index.php\/produit\/paleo\/","title":{"rendered":"Paleo"},"content":{"rendered":"<h2>Coop\u00e9rez pour survivre !<\/h2>\n<div>Au d\u00e9but de l\u2019\u00c2ge de Pierre, bien avant que l\u2019Humanit\u00e9 ne se s\u00e9dentarise, chaque journ\u00e9e \u00e9tait un d\u00e9fi \u00e0 relever. Trouver de la nourriture n&rsquo;\u00e9tait pas une t\u00e2che facile et de nombreux dangers se cachaient au c\u0153ur de cette nature sauvage. C&rsquo;est en agissant ensemble que les membres des tribus r\u00e9ussirent \u00e0 ma\u00eetriser leur environnement et \u00e0 laisser des traces durables de leur histoire pour les g\u00e9n\u00e9rations futures.<\/div>\n<div>Dans Paleo, les joueurs vont d\u00e9cider collectivement de la r\u00e9partition des t\u00e2ches: exploration, mission, invention, etc. Ce n&rsquo;est qu&rsquo;en arrivant dans un lieu que vous saurez exactement ce qui vous y attend. Vous pourriez acqu\u00e9rir de la nourriture ou des ressources, trouver ce dont vous avez besoin pour fabriquer un objet utile, d\u00e9couvrir que vous pouvez aider quelqu&rsquo;un d&rsquo;autre dans son projet, ou subir une morsure de serpent qui vous rapproche de la mort. La vie est pleine de merveilles et de terreurs&#8230;<\/div>\n<div>Plus vous l&rsquo;explorerez, plus vous disposerez d&rsquo;informations, ce qui vous permettra de mieux surmonter les obstacles que vous rencontrerez, gr\u00e2ce \u00e0 des outils ad\u00e9quats, \u00e0 l&rsquo;aide de vos compagnons et aussi d&rsquo;un peu de chance.<\/div>\n<div>Avec Paelo, vivez de passionnantes aventures \u00e0 l&rsquo;\u00c2ge de Pierre !<\/div>\n<div><\/div>\n<div><\/div>\n<div>\n<h2>Votre qu\u00eate : laisser un graffiti sur le mur de votre caverne !<\/h2>\n<div>Paleo est un jeu d&rsquo;aventure coop\u00e9ratif qui se d\u00e9roule \u00e0 l&rsquo;\u00e2ge de pierre, un jeu dans lequel les joueurs essaient de garder en vie les \u00eatres humains dont ils ont la charge tout en accomplissant des missions. Parfois, il vous faut une fourrure, parfois une tente, mais ce sont toutes des qu\u00eates mineures par rapport \u00e0 votre objectif \u00e0 long terme : peindre un mammouth laineux sur le mur afin que les humains sachent, des milliers d&rsquo;ann\u00e9es plus tard, que vous avez exist\u00e9.<\/div>\n<div>Qu&rsquo;est-ce qui pourrait vous emp\u00eacher de peindre ce mammouth ? La mort, sous toutes ses formes.<\/div>\n<div>\u00c0 la fin de la journ\u00e9e, vous avez besoin de nourriture pour toutes les personnes de votre groupe ainsi que de divers objets artisanaux ou comp\u00e9tences qui vous permettent d&rsquo;accomplir des qu\u00eates. Paleo comprend de multiples modules qui permettent de d\u00e9couvrir une vari\u00e9t\u00e9 de personnes, de lieux, de qu\u00eates et bien plus encore pendant votre s\u00e9jour en l&rsquo;an 10 000 avant J\u00e9sus-Christ.<\/div>\n<div><\/div>\n<\/div>\n","protected":false},"excerpt":{"rendered":"<p>Dans Paleo, les joueurs vont d\u00e9cider collectivement de la r\u00e9partition des t\u00e2ches: exploration, mission, invention. Ce n&rsquo;est qu&rsquo;en arrivant dans un lieu que vous saurez vraiment ce qui vous y attend. Plus vous l&rsquo;explorerez, plus vous disposerez d&rsquo;informations, ce qui vous permettra de surmonter les obstacles que vous rencontrerez, gr\u00e2ce \u00e0 des outils ad\u00e9quats et gr\u00e2ce \u00e0 l&rsquo;aide de vos compagnons.<\/p>\n","protected":false},"featured_media":309,"comment_status":"open","ping_status":"closed","template":"","meta":{"colormag_page_container_layout":"default_layout","colormag_page_sidebar_layout":"default_layout"},"product_brand":[],"product_cat":[30,38,36,44,37],"product_tag":[],"class_list":{"0":"post-305","1":"product","2":"type-product","3":"status-publish","4":"has-post-thumbnail","6":"product_cat-jeux-collaboratifs","7":"product_cat-jeux-experts","8":"product_cat-jeux-familiaux","9":"product_cat-jeux-solo","10":"product_cat-ne-ratez-pas","12":"first","13":"instock","14":"taxable","15":"shipping-taxable","16":"purchasable","17":"product-type-simple"},"yoast_head":"<!-- This site is optimized with the Yoast SEO plugin v27.3 - https:\/\/yoast.com\/product\/yoast-seo-wordpress\/ -->\n<title>Paleo - Croc Jeux<\/title>\n<meta name=\"robots\" content=\"index, follow, max-snippet:-1, max-image-preview:large, max-video-preview:-1\" \/>\n<link rel=\"canonical\" href=\"https:\/\/crocjeux.com\/index.php\/produit\/paleo\/\" \/>\n<meta property=\"og:locale\" content=\"fr_FR\" \/>\n<meta property=\"og:type\" content=\"article\" \/>\n<meta property=\"og:title\" content=\"Paleo - Croc Jeux\" \/>\n<meta property=\"og:description\" content=\"Dans Paleo, les joueurs vont d\u00e9cider collectivement de la r\u00e9partition des t\u00e2ches: exploration, mission, invention. Ce n&#039;est qu&#039;en arrivant dans un lieu que vous saurez vraiment ce qui vous y attend. Plus vous l&#039;explorerez, plus vous disposerez d&#039;informations, ce qui vous permettra de surmonter les obstacles que vous rencontrerez, gr\u00e2ce \u00e0 des outils ad\u00e9quats et gr\u00e2ce \u00e0 l&#039;aide de vos compagnons.\" \/>\n<meta property=\"og:url\" content=\"https:\/\/crocjeux.com\/index.php\/produit\/paleo\/\" \/>\n<meta property=\"og:site_name\" content=\"Croc Jeux\" \/>\n<meta property=\"article:modified_time\" content=\"2024-03-20T11:09:52+00:00\" \/>\n<meta property=\"og:image\" content=\"https:\/\/crocjeux.com\/wp-content\/uploads\/2020\/11\/telechargement.jpg\" \/>\n\t<meta property=\"og:image:width\" content=\"219\" \/>\n\t<meta property=\"og:image:height\" content=\"230\" \/>\n\t<meta property=\"og:image:type\" content=\"image\/jpeg\" \/>\n<meta name=\"twitter:card\" content=\"summary_large_image\" \/>\n<meta name=\"twitter:label1\" content=\"Dur\u00e9e de lecture estim\u00e9e\" \/>\n\t<meta name=\"twitter:data1\" content=\"2 minutes\" \/>\n<script type=\"application\/ld+json\" class=\"yoast-schema-graph\">{\"@context\":\"https:\\\/\\\/schema.org\",\"@graph\":[{\"@type\":\"WebPage\",\"@id\":\"https:\\\/\\\/crocjeux.com\\\/index.php\\\/produit\\\/paleo\\\/\",\"url\":\"https:\\\/\\\/crocjeux.com\\\/index.php\\\/produit\\\/paleo\\\/\",\"name\":\"Paleo - Croc Jeux\",\"isPartOf\":{\"@id\":\"https:\\\/\\\/crocjeux.com\\\/#website\"},\"primaryImageOfPage\":{\"@id\":\"https:\\\/\\\/crocjeux.com\\\/index.php\\\/produit\\\/paleo\\\/#primaryimage\"},\"image\":{\"@id\":\"https:\\\/\\\/crocjeux.com\\\/index.php\\\/produit\\\/paleo\\\/#primaryimage\"},\"thumbnailUrl\":\"https:\\\/\\\/crocjeux.com\\\/wp-content\\\/uploads\\\/2020\\\/11\\\/telechargement.jpg\",\"datePublished\":\"2020-11-02T16:12:29+00:00\",\"dateModified\":\"2024-03-20T11:09:52+00:00\",\"breadcrumb\":{\"@id\":\"https:\\\/\\\/crocjeux.com\\\/index.php\\\/produit\\\/paleo\\\/#breadcrumb\"},\"inLanguage\":\"fr-FR\",\"potentialAction\":[{\"@type\":\"ReadAction\",\"target\":[\"https:\\\/\\\/crocjeux.com\\\/index.php\\\/produit\\\/paleo\\\/\"]}]},{\"@type\":\"ImageObject\",\"inLanguage\":\"fr-FR\",\"@id\":\"https:\\\/\\\/crocjeux.com\\\/index.php\\\/produit\\\/paleo\\\/#primaryimage\",\"url\":\"https:\\\/\\\/crocjeux.com\\\/wp-content\\\/uploads\\\/2020\\\/11\\\/telechargement.jpg\",\"contentUrl\":\"https:\\\/\\\/crocjeux.com\\\/wp-content\\\/uploads\\\/2020\\\/11\\\/telechargement.jpg\",\"width\":219,\"height\":230},{\"@type\":\"BreadcrumbList\",\"@id\":\"https:\\\/\\\/crocjeux.com\\\/index.php\\\/produit\\\/paleo\\\/#breadcrumb\",\"itemListElement\":[{\"@type\":\"ListItem\",\"position\":1,\"name\":\"Accueil\",\"item\":\"https:\\\/\\\/crocjeux.com\\\/\"},{\"@type\":\"ListItem\",\"position\":2,\"name\":\"Boutique\",\"item\":\"https:\\\/\\\/crocjeux.com\\\/\"},{\"@type\":\"ListItem\",\"position\":3,\"name\":\"Paleo\"}]},{\"@type\":\"WebSite\",\"@id\":\"https:\\\/\\\/crocjeux.com\\\/#website\",\"url\":\"https:\\\/\\\/crocjeux.com\\\/\",\"name\":\"Croc Jeux\",\"description\":\"Bienvenue chez Croc Jeux!\",\"publisher\":{\"@id\":\"https:\\\/\\\/crocjeux.com\\\/#organization\"},\"potentialAction\":[{\"@type\":\"SearchAction\",\"target\":{\"@type\":\"EntryPoint\",\"urlTemplate\":\"https:\\\/\\\/crocjeux.com\\\/?s={search_term_string}\"},\"query-input\":{\"@type\":\"PropertyValueSpecification\",\"valueRequired\":true,\"valueName\":\"search_term_string\"}}],\"inLanguage\":\"fr-FR\"},{\"@type\":\"Organization\",\"@id\":\"https:\\\/\\\/crocjeux.com\\\/#organization\",\"name\":\"Croc Jeux\",\"url\":\"https:\\\/\\\/crocjeux.com\\\/\",\"logo\":{\"@type\":\"ImageObject\",\"inLanguage\":\"fr-FR\",\"@id\":\"https:\\\/\\\/crocjeux.com\\\/#\\\/schema\\\/logo\\\/image\\\/\",\"url\":\"https:\\\/\\\/crocjeux.com\\\/wp-content\\\/uploads\\\/2022\\\/01\\\/cropped-logo-croc-etape-1-e1644574034239.jpg\",\"contentUrl\":\"https:\\\/\\\/crocjeux.com\\\/wp-content\\\/uploads\\\/2022\\\/01\\\/cropped-logo-croc-etape-1-e1644574034239.jpg\",\"width\":1224,\"height\":314,\"caption\":\"Croc Jeux\"},\"image\":{\"@id\":\"https:\\\/\\\/crocjeux.com\\\/#\\\/schema\\\/logo\\\/image\\\/\"}}]}<\/script>\n<!-- \/ Yoast SEO plugin. -->","yoast_head_json":{"title":"Paleo - Croc Jeux","robots":{"index":"index","follow":"follow","max-snippet":"max-snippet:-1","max-image-preview":"max-image-preview:large","max-video-preview":"max-video-preview:-1"},"canonical":"https:\/\/crocjeux.com\/index.php\/produit\/paleo\/","og_locale":"fr_FR","og_type":"article","og_title":"Paleo - Croc Jeux","og_description":"Dans Paleo, les joueurs vont d\u00e9cider collectivement de la r\u00e9partition des t\u00e2ches: exploration, mission, invention. Ce n'est qu'en arrivant dans un lieu que vous saurez vraiment ce qui vous y attend. Plus vous l'explorerez, plus vous disposerez d'informations, ce qui vous permettra de surmonter les obstacles que vous rencontrerez, gr\u00e2ce \u00e0 des outils ad\u00e9quats et gr\u00e2ce \u00e0 l'aide de vos compagnons.","og_url":"https:\/\/crocjeux.com\/index.php\/produit\/paleo\/","og_site_name":"Croc Jeux","article_modified_time":"2024-03-20T11:09:52+00:00","og_image":[{"width":219,"height":230,"url":"https:\/\/crocjeux.com\/wp-content\/uploads\/2020\/11\/telechargement.jpg","type":"image\/jpeg"}],"twitter_card":"summary_large_image","twitter_misc":{"Dur\u00e9e de lecture estim\u00e9e":"2 minutes"},"schema":{"@context":"https:\/\/schema.org","@graph":[{"@type":"WebPage","@id":"https:\/\/crocjeux.com\/index.php\/produit\/paleo\/","url":"https:\/\/crocjeux.com\/index.php\/produit\/paleo\/","name":"Paleo - Croc Jeux","isPartOf":{"@id":"https:\/\/crocjeux.com\/#website"},"primaryImageOfPage":{"@id":"https:\/\/crocjeux.com\/index.php\/produit\/paleo\/#primaryimage"},"image":{"@id":"https:\/\/crocjeux.com\/index.php\/produit\/paleo\/#primaryimage"},"thumbnailUrl":"https:\/\/crocjeux.com\/wp-content\/uploads\/2020\/11\/telechargement.jpg","datePublished":"2020-11-02T16:12:29+00:00","dateModified":"2024-03-20T11:09:52+00:00","breadcrumb":{"@id":"https:\/\/crocjeux.com\/index.php\/produit\/paleo\/#breadcrumb"},"inLanguage":"fr-FR","potentialAction":[{"@type":"ReadAction","target":["https:\/\/crocjeux.com\/index.php\/produit\/paleo\/"]}]},{"@type":"ImageObject","inLanguage":"fr-FR","@id":"https:\/\/crocjeux.com\/index.php\/produit\/paleo\/#primaryimage","url":"https:\/\/crocjeux.com\/wp-content\/uploads\/2020\/11\/telechargement.jpg","contentUrl":"https:\/\/crocjeux.com\/wp-content\/uploads\/2020\/11\/telechargement.jpg","width":219,"height":230},{"@type":"BreadcrumbList","@id":"https:\/\/crocjeux.com\/index.php\/produit\/paleo\/#breadcrumb","itemListElement":[{"@type":"ListItem","position":1,"name":"Accueil","item":"https:\/\/crocjeux.com\/"},{"@type":"ListItem","position":2,"name":"Boutique","item":"https:\/\/crocjeux.com\/"},{"@type":"ListItem","position":3,"name":"Paleo"}]},{"@type":"WebSite","@id":"https:\/\/crocjeux.com\/#website","url":"https:\/\/crocjeux.com\/","name":"Croc Jeux","description":"Bienvenue chez Croc Jeux!","publisher":{"@id":"https:\/\/crocjeux.com\/#organization"},"potentialAction":[{"@type":"SearchAction","target":{"@type":"EntryPoint","urlTemplate":"https:\/\/crocjeux.com\/?s={search_term_string}"},"query-input":{"@type":"PropertyValueSpecification","valueRequired":true,"valueName":"search_term_string"}}],"inLanguage":"fr-FR"},{"@type":"Organization","@id":"https:\/\/crocjeux.com\/#organization","name":"Croc Jeux","url":"https:\/\/crocjeux.com\/","logo":{"@type":"ImageObject","inLanguage":"fr-FR","@id":"https:\/\/crocjeux.com\/#\/schema\/logo\/image\/","url":"https:\/\/crocjeux.com\/wp-content\/uploads\/2022\/01\/cropped-logo-croc-etape-1-e1644574034239.jpg","contentUrl":"https:\/\/crocjeux.com\/wp-content\/uploads\/2022\/01\/cropped-logo-croc-etape-1-e1644574034239.jpg","width":1224,"height":314,"caption":"Croc Jeux"},"image":{"@id":"https:\/\/crocjeux.com\/#\/schema\/logo\/image\/"}}]}},"_links":{"self":[{"href":"https:\/\/crocjeux.com\/index.php\/wp-json\/wp\/v2\/product\/305","targetHints":{"allow":["GET"]}}],"collection":[{"href":"https:\/\/crocjeux.com\/index.php\/wp-json\/wp\/v2\/product"}],"about":[{"href":"https:\/\/crocjeux.com\/index.php\/wp-json\/wp\/v2\/types\/product"}],"replies":[{"embeddable":true,"href":"https:\/\/crocjeux.com\/index.php\/wp-json\/wp\/v2\/comments?post=305"}],"wp:featuredmedia":[{"embeddable":true,"href":"https:\/\/crocjeux.com\/index.php\/wp-json\/wp\/v2\/media\/309"}],"wp:attachment":[{"href":"https:\/\/crocjeux.com\/index.php\/wp-json\/wp\/v2\/media?parent=305"}],"wp:term":[{"taxonomy":"product_brand","embeddable":true,"href":"https:\/\/crocjeux.com\/index.php\/wp-json\/wp\/v2\/product_brand?post=305"},{"taxonomy":"product_cat","embeddable":true,"href":"https:\/\/crocjeux.com\/index.php\/wp-json\/wp\/v2\/product_cat?post=305"},{"taxonomy":"product_tag","embeddable":true,"href":"https:\/\/crocjeux.com\/index.php\/wp-json\/wp\/v2\/product_tag?post=305"}],"curies":[{"name":"wp","href":"https:\/\/api.w.org\/{rel}","templated":true}]}}