{"id":3301,"date":"2022-01-22T13:45:47","date_gmt":"2022-01-22T12:45:47","guid":{"rendered":"https:\/\/crocjeux.com\/?post_type=product&#038;p=3301"},"modified":"2025-12-21T22:49:28","modified_gmt":"2025-12-21T21:49:28","slug":"harry-potter-bataille-a-poudlard-sortileges-et-potions","status":"publish","type":"product","link":"https:\/\/crocjeux.com\/index.php\/produit\/harry-potter-bataille-a-poudlard-sortileges-et-potions\/","title":{"rendered":"Harry Potter : Bataille \u00e0 Poudlard &#8211; Sortil\u00e8ges et Potions"},"content":{"rendered":"<section id=\"tab-description\" class=\"page-product-box r-tabs-panel r-tabs-state-active\">\n<div class=\"rte\">\n<h2>Une nouvelle extension pour sauver Poudlard !<\/h2>\n<div>Cette extension pour Harry Potter : Bataille \u00e0 Poudlard vous permet de jouer jusqu\u2019\u00e0 cinq, gr\u00e2ce \u00e0 l\u2019arriv\u00e9e de la c\u00e9l\u00e8bre Ginny Weasley ! Mais cette force de frappe suppl\u00e9mentaire s\u2019accompagne de d\u00e9fis \u00e0 la hauteur\u2026 Car des Vilains font \u00e9galement leur apparition, dont Marcus Flint, ainsi que de rencontres in\u00e9dites.<\/div>\n<div><\/div>\n<div>Vous aurez bien besoin des charmes qu\u2019introduit cette bo\u00eete pour faire face \u00e0 Celui-dont-on-prononce-pas-le-nom et ses sombres acolytes, ainsi que des nouveaux sorts, alli\u00e9s et objets !<\/div>\n<\/div>\n<\/section>\n","protected":false},"excerpt":{"rendered":"<p>La seconde extension de Bataille \u00e0 Poudlard!<\/p>\n","protected":false},"featured_media":3302,"comment_status":"open","ping_status":"closed","template":"","meta":{"colormag_page_container_layout":"default_layout","colormag_page_sidebar_layout":"default_layout"},"product_brand":[],"product_cat":[30,32,29,129],"product_tag":[],"class_list":{"0":"post-3301","1":"product","2":"type-product","3":"status-publish","4":"has-post-thumbnail","6":"product_cat-jeux-collaboratifs","7":"product_cat-jeux-de-cartes","8":"product_cat-jeux-2-joueurs","9":"product_cat-letape-des-sorciers","11":"first","12":"outofstock","13":"taxable","14":"shipping-taxable","15":"purchasable","16":"product-type-simple"},"yoast_head":"<!-- This site is optimized with the Yoast SEO plugin v27.4 - https:\/\/yoast.com\/product\/yoast-seo-wordpress\/ -->\n<title>Harry Potter : Bataille \u00e0 Poudlard - Sortil\u00e8ges et Potions - Croc Jeux<\/title>\n<meta name=\"robots\" content=\"index, follow, max-snippet:-1, max-image-preview:large, max-video-preview:-1\" \/>\n<link rel=\"canonical\" href=\"https:\/\/crocjeux.com\/index.php\/produit\/harry-potter-bataille-a-poudlard-sortileges-et-potions\/\" \/>\n<meta property=\"og:locale\" content=\"fr_FR\" \/>\n<meta property=\"og:type\" content=\"article\" \/>\n<meta property=\"og:title\" content=\"Harry Potter : Bataille \u00e0 Poudlard - Sortil\u00e8ges et Potions - Croc Jeux\" \/>\n<meta property=\"og:description\" content=\"La seconde extension de Bataille \u00e0 Poudlard!\" \/>\n<meta property=\"og:url\" content=\"https:\/\/crocjeux.com\/index.php\/produit\/harry-potter-bataille-a-poudlard-sortileges-et-potions\/\" \/>\n<meta property=\"og:site_name\" content=\"Croc Jeux\" \/>\n<meta property=\"article:modified_time\" content=\"2025-12-21T21:49:28+00:00\" \/>\n<meta property=\"og:image\" content=\"https:\/\/crocjeux.com\/wp-content\/uploads\/2022\/01\/Sortileges-et-potions.png\" \/>\n\t<meta property=\"og:image:width\" content=\"856\" \/>\n\t<meta property=\"og:image:height\" content=\"735\" \/>\n\t<meta property=\"og:image:type\" content=\"image\/png\" \/>\n<meta name=\"twitter:card\" content=\"summary_large_image\" \/>\n<script type=\"application\/ld+json\" class=\"yoast-schema-graph\">{\"@context\":\"https:\\\/\\\/schema.org\",\"@graph\":[{\"@type\":\"WebPage\",\"@id\":\"https:\\\/\\\/crocjeux.com\\\/index.php\\\/produit\\\/harry-potter-bataille-a-poudlard-sortileges-et-potions\\\/\",\"url\":\"https:\\\/\\\/crocjeux.com\\\/index.php\\\/produit\\\/harry-potter-bataille-a-poudlard-sortileges-et-potions\\\/\",\"name\":\"Harry Potter : Bataille \u00e0 Poudlard - Sortil\u00e8ges et Potions - Croc Jeux\",\"isPartOf\":{\"@id\":\"https:\\\/\\\/crocjeux.com\\\/#website\"},\"primaryImageOfPage\":{\"@id\":\"https:\\\/\\\/crocjeux.com\\\/index.php\\\/produit\\\/harry-potter-bataille-a-poudlard-sortileges-et-potions\\\/#primaryimage\"},\"image\":{\"@id\":\"https:\\\/\\\/crocjeux.com\\\/index.php\\\/produit\\\/harry-potter-bataille-a-poudlard-sortileges-et-potions\\\/#primaryimage\"},\"thumbnailUrl\":\"https:\\\/\\\/crocjeux.com\\\/wp-content\\\/uploads\\\/2022\\\/01\\\/Sortileges-et-potions.png\",\"datePublished\":\"2022-01-22T12:45:47+00:00\",\"dateModified\":\"2025-12-21T21:49:28+00:00\",\"breadcrumb\":{\"@id\":\"https:\\\/\\\/crocjeux.com\\\/index.php\\\/produit\\\/harry-potter-bataille-a-poudlard-sortileges-et-potions\\\/#breadcrumb\"},\"inLanguage\":\"fr-FR\",\"potentialAction\":[{\"@type\":\"ReadAction\",\"target\":[\"https:\\\/\\\/crocjeux.com\\\/index.php\\\/produit\\\/harry-potter-bataille-a-poudlard-sortileges-et-potions\\\/\"]}]},{\"@type\":\"ImageObject\",\"inLanguage\":\"fr-FR\",\"@id\":\"https:\\\/\\\/crocjeux.com\\\/index.php\\\/produit\\\/harry-potter-bataille-a-poudlard-sortileges-et-potions\\\/#primaryimage\",\"url\":\"https:\\\/\\\/crocjeux.com\\\/wp-content\\\/uploads\\\/2022\\\/01\\\/Sortileges-et-potions.png\",\"contentUrl\":\"https:\\\/\\\/crocjeux.com\\\/wp-content\\\/uploads\\\/2022\\\/01\\\/Sortileges-et-potions.png\",\"width\":856,\"height\":735},{\"@type\":\"BreadcrumbList\",\"@id\":\"https:\\\/\\\/crocjeux.com\\\/index.php\\\/produit\\\/harry-potter-bataille-a-poudlard-sortileges-et-potions\\\/#breadcrumb\",\"itemListElement\":[{\"@type\":\"ListItem\",\"position\":1,\"name\":\"Accueil\",\"item\":\"https:\\\/\\\/crocjeux.com\\\/\"},{\"@type\":\"ListItem\",\"position\":2,\"name\":\"Boutique\",\"item\":\"https:\\\/\\\/crocjeux.com\\\/\"},{\"@type\":\"ListItem\",\"position\":3,\"name\":\"Harry Potter : Bataille \u00e0 Poudlard &#8211; Sortil\u00e8ges et Potions\"}]},{\"@type\":\"WebSite\",\"@id\":\"https:\\\/\\\/crocjeux.com\\\/#website\",\"url\":\"https:\\\/\\\/crocjeux.com\\\/\",\"name\":\"Croc Jeux\",\"description\":\"Bienvenue chez Croc Jeux!\",\"publisher\":{\"@id\":\"https:\\\/\\\/crocjeux.com\\\/#organization\"},\"potentialAction\":[{\"@type\":\"SearchAction\",\"target\":{\"@type\":\"EntryPoint\",\"urlTemplate\":\"https:\\\/\\\/crocjeux.com\\\/?s={search_term_string}\"},\"query-input\":{\"@type\":\"PropertyValueSpecification\",\"valueRequired\":true,\"valueName\":\"search_term_string\"}}],\"inLanguage\":\"fr-FR\"},{\"@type\":\"Organization\",\"@id\":\"https:\\\/\\\/crocjeux.com\\\/#organization\",\"name\":\"Croc Jeux\",\"url\":\"https:\\\/\\\/crocjeux.com\\\/\",\"logo\":{\"@type\":\"ImageObject\",\"inLanguage\":\"fr-FR\",\"@id\":\"https:\\\/\\\/crocjeux.com\\\/#\\\/schema\\\/logo\\\/image\\\/\",\"url\":\"https:\\\/\\\/crocjeux.com\\\/wp-content\\\/uploads\\\/2022\\\/01\\\/cropped-logo-croc-etape-1-e1644574034239.jpg\",\"contentUrl\":\"https:\\\/\\\/crocjeux.com\\\/wp-content\\\/uploads\\\/2022\\\/01\\\/cropped-logo-croc-etape-1-e1644574034239.jpg\",\"width\":1224,\"height\":314,\"caption\":\"Croc Jeux\"},\"image\":{\"@id\":\"https:\\\/\\\/crocjeux.com\\\/#\\\/schema\\\/logo\\\/image\\\/\"}}]}<\/script>\n<!-- \/ Yoast SEO plugin. -->","yoast_head_json":{"title":"Harry Potter : Bataille \u00e0 Poudlard - Sortil\u00e8ges et Potions - Croc Jeux","robots":{"index":"index","follow":"follow","max-snippet":"max-snippet:-1","max-image-preview":"max-image-preview:large","max-video-preview":"max-video-preview:-1"},"canonical":"https:\/\/crocjeux.com\/index.php\/produit\/harry-potter-bataille-a-poudlard-sortileges-et-potions\/","og_locale":"fr_FR","og_type":"article","og_title":"Harry Potter : Bataille \u00e0 Poudlard - Sortil\u00e8ges et Potions - Croc Jeux","og_description":"La seconde extension de Bataille \u00e0 Poudlard!","og_url":"https:\/\/crocjeux.com\/index.php\/produit\/harry-potter-bataille-a-poudlard-sortileges-et-potions\/","og_site_name":"Croc Jeux","article_modified_time":"2025-12-21T21:49:28+00:00","og_image":[{"width":856,"height":735,"url":"https:\/\/crocjeux.com\/wp-content\/uploads\/2022\/01\/Sortileges-et-potions.png","type":"image\/png"}],"twitter_card":"summary_large_image","schema":{"@context":"https:\/\/schema.org","@graph":[{"@type":"WebPage","@id":"https:\/\/crocjeux.com\/index.php\/produit\/harry-potter-bataille-a-poudlard-sortileges-et-potions\/","url":"https:\/\/crocjeux.com\/index.php\/produit\/harry-potter-bataille-a-poudlard-sortileges-et-potions\/","name":"Harry Potter : Bataille \u00e0 Poudlard - Sortil\u00e8ges et Potions - Croc Jeux","isPartOf":{"@id":"https:\/\/crocjeux.com\/#website"},"primaryImageOfPage":{"@id":"https:\/\/crocjeux.com\/index.php\/produit\/harry-potter-bataille-a-poudlard-sortileges-et-potions\/#primaryimage"},"image":{"@id":"https:\/\/crocjeux.com\/index.php\/produit\/harry-potter-bataille-a-poudlard-sortileges-et-potions\/#primaryimage"},"thumbnailUrl":"https:\/\/crocjeux.com\/wp-content\/uploads\/2022\/01\/Sortileges-et-potions.png","datePublished":"2022-01-22T12:45:47+00:00","dateModified":"2025-12-21T21:49:28+00:00","breadcrumb":{"@id":"https:\/\/crocjeux.com\/index.php\/produit\/harry-potter-bataille-a-poudlard-sortileges-et-potions\/#breadcrumb"},"inLanguage":"fr-FR","potentialAction":[{"@type":"ReadAction","target":["https:\/\/crocjeux.com\/index.php\/produit\/harry-potter-bataille-a-poudlard-sortileges-et-potions\/"]}]},{"@type":"ImageObject","inLanguage":"fr-FR","@id":"https:\/\/crocjeux.com\/index.php\/produit\/harry-potter-bataille-a-poudlard-sortileges-et-potions\/#primaryimage","url":"https:\/\/crocjeux.com\/wp-content\/uploads\/2022\/01\/Sortileges-et-potions.png","contentUrl":"https:\/\/crocjeux.com\/wp-content\/uploads\/2022\/01\/Sortileges-et-potions.png","width":856,"height":735},{"@type":"BreadcrumbList","@id":"https:\/\/crocjeux.com\/index.php\/produit\/harry-potter-bataille-a-poudlard-sortileges-et-potions\/#breadcrumb","itemListElement":[{"@type":"ListItem","position":1,"name":"Accueil","item":"https:\/\/crocjeux.com\/"},{"@type":"ListItem","position":2,"name":"Boutique","item":"https:\/\/crocjeux.com\/"},{"@type":"ListItem","position":3,"name":"Harry Potter : Bataille \u00e0 Poudlard &#8211; Sortil\u00e8ges et Potions"}]},{"@type":"WebSite","@id":"https:\/\/crocjeux.com\/#website","url":"https:\/\/crocjeux.com\/","name":"Croc Jeux","description":"Bienvenue chez Croc Jeux!","publisher":{"@id":"https:\/\/crocjeux.com\/#organization"},"potentialAction":[{"@type":"SearchAction","target":{"@type":"EntryPoint","urlTemplate":"https:\/\/crocjeux.com\/?s={search_term_string}"},"query-input":{"@type":"PropertyValueSpecification","valueRequired":true,"valueName":"search_term_string"}}],"inLanguage":"fr-FR"},{"@type":"Organization","@id":"https:\/\/crocjeux.com\/#organization","name":"Croc Jeux","url":"https:\/\/crocjeux.com\/","logo":{"@type":"ImageObject","inLanguage":"fr-FR","@id":"https:\/\/crocjeux.com\/#\/schema\/logo\/image\/","url":"https:\/\/crocjeux.com\/wp-content\/uploads\/2022\/01\/cropped-logo-croc-etape-1-e1644574034239.jpg","contentUrl":"https:\/\/crocjeux.com\/wp-content\/uploads\/2022\/01\/cropped-logo-croc-etape-1-e1644574034239.jpg","width":1224,"height":314,"caption":"Croc Jeux"},"image":{"@id":"https:\/\/crocjeux.com\/#\/schema\/logo\/image\/"}}]}},"_links":{"self":[{"href":"https:\/\/crocjeux.com\/index.php\/wp-json\/wp\/v2\/product\/3301","targetHints":{"allow":["GET"]}}],"collection":[{"href":"https:\/\/crocjeux.com\/index.php\/wp-json\/wp\/v2\/product"}],"about":[{"href":"https:\/\/crocjeux.com\/index.php\/wp-json\/wp\/v2\/types\/product"}],"replies":[{"embeddable":true,"href":"https:\/\/crocjeux.com\/index.php\/wp-json\/wp\/v2\/comments?post=3301"}],"wp:featuredmedia":[{"embeddable":true,"href":"https:\/\/crocjeux.com\/index.php\/wp-json\/wp\/v2\/media\/3302"}],"wp:attachment":[{"href":"https:\/\/crocjeux.com\/index.php\/wp-json\/wp\/v2\/media?parent=3301"}],"wp:term":[{"taxonomy":"product_brand","embeddable":true,"href":"https:\/\/crocjeux.com\/index.php\/wp-json\/wp\/v2\/product_brand?post=3301"},{"taxonomy":"product_cat","embeddable":true,"href":"https:\/\/crocjeux.com\/index.php\/wp-json\/wp\/v2\/product_cat?post=3301"},{"taxonomy":"product_tag","embeddable":true,"href":"https:\/\/crocjeux.com\/index.php\/wp-json\/wp\/v2\/product_tag?post=3301"}],"curies":[{"name":"wp","href":"https:\/\/api.w.org\/{rel}","templated":true}]}}