{"id":3303,"date":"2022-01-22T14:20:20","date_gmt":"2022-01-22T13:20:20","guid":{"rendered":"https:\/\/crocjeux.com\/?post_type=product&#038;p=3303"},"modified":"2023-03-24T11:34:13","modified_gmt":"2023-03-24T10:34:13","slug":"fishnchips","status":"publish","type":"product","link":"https:\/\/crocjeux.com\/index.php\/produit\/fishnchips\/","title":{"rendered":"Fish&rsquo;N&rsquo;Chips"},"content":{"rendered":"<h2>Qui seront les meilleurs oiseaux marins p\u00eacheurs ?<\/h2>\n<div>Dans Fish&rsquo;N&rsquo;Chips, les go\u00e9lands et les p\u00e9licans s&rsquo;affrontent pour d\u00e9terminer l&rsquo;esp\u00e8ce d&rsquo;oiseaux qui se verra d\u00e9cerner le titre de championne.<\/div>\n<div>L&rsquo;\u00e9quipe d&rsquo;oiseaux qui aura \u00e9t\u00e9 la plus habile et tacticienne remportera la partie !<\/div>\n<div><\/div>\n<div><\/div>\n<h2>Fish&rsquo;N&rsquo;Chips, un jeu d&rsquo;adresse pour int\u00e9rieur<\/h2>\n<div>\n<p>Le tapis de jeu repr\u00e9sente la plage, s\u00e9par\u00e9e en trois zones diff\u00e9rentes. On y place une cible repr\u00e9sentant les all\u00e9chantes proies que les oiseaux convoitent !<\/p>\n<div>Chaque \u00e9quipe dispose de 12 palets de valeur 1 \u00e0 3. \u00c0 tour de r\u00f4le, ils en jettent un de leur choix en visant un poisson, une zone de la plage ou les palets adverses ! Une fois tous les palets lanc\u00e9s, on calcule la somme des valeurs des jetons sur chaque cible et sur chacune des trois zones de la plage, en sachant que tout palet qui est chevauch\u00e9 par un autre palet voit sa valeur r\u00e9duire \u00e0 0 ! Les points sont attribu\u00e9s pour chaque \u00e0 l&rsquo;\u00e9quipe majoritaire et la manche revient au plus grand total.<\/div>\n<p>La premi\u00e8re \u00e9quipe \u00e0 remporter deux manches gagne la partie !<\/p>\n<h2>Les avantages de Fish&rsquo;N&rsquo;Chips<\/h2>\n<div>\n<ul>\n<li>Sa dimension strat\u00e9gique apport\u00e9e par les majorit\u00e9s, les cibles et les valeurs des jetons.<\/li>\n<li>Son univers color\u00e9 et d\u00e9cal\u00e9<\/li>\n<li>Sa jouabilit\u00e9 en int\u00e9rieur<\/li>\n<li>Sa possibilit\u00e9 de jouer en grand nombre. Les deux \u00e9quipes peuvent \u00eatre compos\u00e9es par n&rsquo;importe quel nombre de joueurs.<\/li>\n<\/ul>\n<\/div>\n<\/div>\n","protected":false},"excerpt":{"rendered":"<p>Qui seront les meilleurs oiseaux marins p\u00eacheurs ? Dans Fish&rsquo;N&rsquo;Chips, les go\u00e9lands et les p\u00e9licans s&rsquo;affrontent pour d\u00e9terminer l&rsquo;esp\u00e8ce d&rsquo;oiseaux<\/p>\n","protected":false},"featured_media":3304,"comment_status":"open","ping_status":"closed","template":"","meta":{"colormag_page_container_layout":"default_layout","colormag_page_sidebar_layout":"default_layout"},"product_brand":[],"product_cat":[65,36,29,37],"product_tag":[],"class_list":{"0":"post-3303","1":"product","2":"type-product","3":"status-publish","4":"has-post-thumbnail","6":"product_cat-coups-de-coeur","7":"product_cat-jeux-familiaux","8":"product_cat-jeux-2-joueurs","9":"product_cat-ne-ratez-pas","11":"first","12":"instock","13":"taxable","14":"shipping-taxable","15":"purchasable","16":"product-type-simple"},"yoast_head":"<!-- This site is optimized with the Yoast SEO plugin v27.3 - https:\/\/yoast.com\/product\/yoast-seo-wordpress\/ -->\n<title>Fish&#039;N&#039;Chips - Croc Jeux<\/title>\n<meta name=\"robots\" content=\"index, follow, max-snippet:-1, max-image-preview:large, max-video-preview:-1\" \/>\n<link rel=\"canonical\" href=\"https:\/\/crocjeux.com\/index.php\/produit\/fishnchips\/\" \/>\n<meta property=\"og:locale\" content=\"fr_FR\" \/>\n<meta property=\"og:type\" content=\"article\" \/>\n<meta property=\"og:title\" content=\"Fish&#039;N&#039;Chips - Croc Jeux\" \/>\n<meta property=\"og:description\" content=\"Qui seront les meilleurs oiseaux marins p\u00eacheurs ? Dans Fish&rsquo;N&rsquo;Chips, les go\u00e9lands et les p\u00e9licans s&rsquo;affrontent pour d\u00e9terminer l&rsquo;esp\u00e8ce d&rsquo;oiseaux\" \/>\n<meta property=\"og:url\" content=\"https:\/\/crocjeux.com\/index.php\/produit\/fishnchips\/\" \/>\n<meta property=\"og:site_name\" content=\"Croc Jeux\" \/>\n<meta property=\"article:modified_time\" content=\"2023-03-24T10:34:13+00:00\" \/>\n<meta property=\"og:image\" content=\"https:\/\/crocjeux.com\/wp-content\/uploads\/2022\/01\/Fishnchips.png\" \/>\n\t<meta property=\"og:image:width\" content=\"854\" \/>\n\t<meta property=\"og:image:height\" content=\"823\" \/>\n\t<meta property=\"og:image:type\" content=\"image\/png\" \/>\n<meta name=\"twitter:card\" content=\"summary_large_image\" \/>\n<meta name=\"twitter:label1\" content=\"Dur\u00e9e de lecture estim\u00e9e\" \/>\n\t<meta name=\"twitter:data1\" content=\"1 minute\" \/>\n<script type=\"application\/ld+json\" class=\"yoast-schema-graph\">{\"@context\":\"https:\\\/\\\/schema.org\",\"@graph\":[{\"@type\":\"WebPage\",\"@id\":\"https:\\\/\\\/crocjeux.com\\\/index.php\\\/produit\\\/fishnchips\\\/\",\"url\":\"https:\\\/\\\/crocjeux.com\\\/index.php\\\/produit\\\/fishnchips\\\/\",\"name\":\"Fish'N'Chips - Croc Jeux\",\"isPartOf\":{\"@id\":\"https:\\\/\\\/crocjeux.com\\\/#website\"},\"primaryImageOfPage\":{\"@id\":\"https:\\\/\\\/crocjeux.com\\\/index.php\\\/produit\\\/fishnchips\\\/#primaryimage\"},\"image\":{\"@id\":\"https:\\\/\\\/crocjeux.com\\\/index.php\\\/produit\\\/fishnchips\\\/#primaryimage\"},\"thumbnailUrl\":\"https:\\\/\\\/crocjeux.com\\\/wp-content\\\/uploads\\\/2022\\\/01\\\/Fishnchips.png\",\"datePublished\":\"2022-01-22T13:20:20+00:00\",\"dateModified\":\"2023-03-24T10:34:13+00:00\",\"breadcrumb\":{\"@id\":\"https:\\\/\\\/crocjeux.com\\\/index.php\\\/produit\\\/fishnchips\\\/#breadcrumb\"},\"inLanguage\":\"fr-FR\",\"potentialAction\":[{\"@type\":\"ReadAction\",\"target\":[\"https:\\\/\\\/crocjeux.com\\\/index.php\\\/produit\\\/fishnchips\\\/\"]}]},{\"@type\":\"ImageObject\",\"inLanguage\":\"fr-FR\",\"@id\":\"https:\\\/\\\/crocjeux.com\\\/index.php\\\/produit\\\/fishnchips\\\/#primaryimage\",\"url\":\"https:\\\/\\\/crocjeux.com\\\/wp-content\\\/uploads\\\/2022\\\/01\\\/Fishnchips.png\",\"contentUrl\":\"https:\\\/\\\/crocjeux.com\\\/wp-content\\\/uploads\\\/2022\\\/01\\\/Fishnchips.png\",\"width\":854,\"height\":823},{\"@type\":\"BreadcrumbList\",\"@id\":\"https:\\\/\\\/crocjeux.com\\\/index.php\\\/produit\\\/fishnchips\\\/#breadcrumb\",\"itemListElement\":[{\"@type\":\"ListItem\",\"position\":1,\"name\":\"Accueil\",\"item\":\"https:\\\/\\\/crocjeux.com\\\/\"},{\"@type\":\"ListItem\",\"position\":2,\"name\":\"Boutique\",\"item\":\"https:\\\/\\\/crocjeux.com\\\/\"},{\"@type\":\"ListItem\",\"position\":3,\"name\":\"Fish&#8217;N&#8217;Chips\"}]},{\"@type\":\"WebSite\",\"@id\":\"https:\\\/\\\/crocjeux.com\\\/#website\",\"url\":\"https:\\\/\\\/crocjeux.com\\\/\",\"name\":\"Croc Jeux\",\"description\":\"Bienvenue chez Croc Jeux!\",\"publisher\":{\"@id\":\"https:\\\/\\\/crocjeux.com\\\/#organization\"},\"potentialAction\":[{\"@type\":\"SearchAction\",\"target\":{\"@type\":\"EntryPoint\",\"urlTemplate\":\"https:\\\/\\\/crocjeux.com\\\/?s={search_term_string}\"},\"query-input\":{\"@type\":\"PropertyValueSpecification\",\"valueRequired\":true,\"valueName\":\"search_term_string\"}}],\"inLanguage\":\"fr-FR\"},{\"@type\":\"Organization\",\"@id\":\"https:\\\/\\\/crocjeux.com\\\/#organization\",\"name\":\"Croc Jeux\",\"url\":\"https:\\\/\\\/crocjeux.com\\\/\",\"logo\":{\"@type\":\"ImageObject\",\"inLanguage\":\"fr-FR\",\"@id\":\"https:\\\/\\\/crocjeux.com\\\/#\\\/schema\\\/logo\\\/image\\\/\",\"url\":\"https:\\\/\\\/crocjeux.com\\\/wp-content\\\/uploads\\\/2022\\\/01\\\/cropped-logo-croc-etape-1-e1644574034239.jpg\",\"contentUrl\":\"https:\\\/\\\/crocjeux.com\\\/wp-content\\\/uploads\\\/2022\\\/01\\\/cropped-logo-croc-etape-1-e1644574034239.jpg\",\"width\":1224,\"height\":314,\"caption\":\"Croc Jeux\"},\"image\":{\"@id\":\"https:\\\/\\\/crocjeux.com\\\/#\\\/schema\\\/logo\\\/image\\\/\"}}]}<\/script>\n<!-- \/ Yoast SEO plugin. -->","yoast_head_json":{"title":"Fish'N'Chips - Croc Jeux","robots":{"index":"index","follow":"follow","max-snippet":"max-snippet:-1","max-image-preview":"max-image-preview:large","max-video-preview":"max-video-preview:-1"},"canonical":"https:\/\/crocjeux.com\/index.php\/produit\/fishnchips\/","og_locale":"fr_FR","og_type":"article","og_title":"Fish'N'Chips - Croc Jeux","og_description":"Qui seront les meilleurs oiseaux marins p\u00eacheurs ? Dans Fish&rsquo;N&rsquo;Chips, les go\u00e9lands et les p\u00e9licans s&rsquo;affrontent pour d\u00e9terminer l&rsquo;esp\u00e8ce d&rsquo;oiseaux","og_url":"https:\/\/crocjeux.com\/index.php\/produit\/fishnchips\/","og_site_name":"Croc Jeux","article_modified_time":"2023-03-24T10:34:13+00:00","og_image":[{"width":854,"height":823,"url":"https:\/\/crocjeux.com\/wp-content\/uploads\/2022\/01\/Fishnchips.png","type":"image\/png"}],"twitter_card":"summary_large_image","twitter_misc":{"Dur\u00e9e de lecture estim\u00e9e":"1 minute"},"schema":{"@context":"https:\/\/schema.org","@graph":[{"@type":"WebPage","@id":"https:\/\/crocjeux.com\/index.php\/produit\/fishnchips\/","url":"https:\/\/crocjeux.com\/index.php\/produit\/fishnchips\/","name":"Fish'N'Chips - Croc Jeux","isPartOf":{"@id":"https:\/\/crocjeux.com\/#website"},"primaryImageOfPage":{"@id":"https:\/\/crocjeux.com\/index.php\/produit\/fishnchips\/#primaryimage"},"image":{"@id":"https:\/\/crocjeux.com\/index.php\/produit\/fishnchips\/#primaryimage"},"thumbnailUrl":"https:\/\/crocjeux.com\/wp-content\/uploads\/2022\/01\/Fishnchips.png","datePublished":"2022-01-22T13:20:20+00:00","dateModified":"2023-03-24T10:34:13+00:00","breadcrumb":{"@id":"https:\/\/crocjeux.com\/index.php\/produit\/fishnchips\/#breadcrumb"},"inLanguage":"fr-FR","potentialAction":[{"@type":"ReadAction","target":["https:\/\/crocjeux.com\/index.php\/produit\/fishnchips\/"]}]},{"@type":"ImageObject","inLanguage":"fr-FR","@id":"https:\/\/crocjeux.com\/index.php\/produit\/fishnchips\/#primaryimage","url":"https:\/\/crocjeux.com\/wp-content\/uploads\/2022\/01\/Fishnchips.png","contentUrl":"https:\/\/crocjeux.com\/wp-content\/uploads\/2022\/01\/Fishnchips.png","width":854,"height":823},{"@type":"BreadcrumbList","@id":"https:\/\/crocjeux.com\/index.php\/produit\/fishnchips\/#breadcrumb","itemListElement":[{"@type":"ListItem","position":1,"name":"Accueil","item":"https:\/\/crocjeux.com\/"},{"@type":"ListItem","position":2,"name":"Boutique","item":"https:\/\/crocjeux.com\/"},{"@type":"ListItem","position":3,"name":"Fish&#8217;N&#8217;Chips"}]},{"@type":"WebSite","@id":"https:\/\/crocjeux.com\/#website","url":"https:\/\/crocjeux.com\/","name":"Croc Jeux","description":"Bienvenue chez Croc Jeux!","publisher":{"@id":"https:\/\/crocjeux.com\/#organization"},"potentialAction":[{"@type":"SearchAction","target":{"@type":"EntryPoint","urlTemplate":"https:\/\/crocjeux.com\/?s={search_term_string}"},"query-input":{"@type":"PropertyValueSpecification","valueRequired":true,"valueName":"search_term_string"}}],"inLanguage":"fr-FR"},{"@type":"Organization","@id":"https:\/\/crocjeux.com\/#organization","name":"Croc Jeux","url":"https:\/\/crocjeux.com\/","logo":{"@type":"ImageObject","inLanguage":"fr-FR","@id":"https:\/\/crocjeux.com\/#\/schema\/logo\/image\/","url":"https:\/\/crocjeux.com\/wp-content\/uploads\/2022\/01\/cropped-logo-croc-etape-1-e1644574034239.jpg","contentUrl":"https:\/\/crocjeux.com\/wp-content\/uploads\/2022\/01\/cropped-logo-croc-etape-1-e1644574034239.jpg","width":1224,"height":314,"caption":"Croc Jeux"},"image":{"@id":"https:\/\/crocjeux.com\/#\/schema\/logo\/image\/"}}]}},"_links":{"self":[{"href":"https:\/\/crocjeux.com\/index.php\/wp-json\/wp\/v2\/product\/3303","targetHints":{"allow":["GET"]}}],"collection":[{"href":"https:\/\/crocjeux.com\/index.php\/wp-json\/wp\/v2\/product"}],"about":[{"href":"https:\/\/crocjeux.com\/index.php\/wp-json\/wp\/v2\/types\/product"}],"replies":[{"embeddable":true,"href":"https:\/\/crocjeux.com\/index.php\/wp-json\/wp\/v2\/comments?post=3303"}],"wp:featuredmedia":[{"embeddable":true,"href":"https:\/\/crocjeux.com\/index.php\/wp-json\/wp\/v2\/media\/3304"}],"wp:attachment":[{"href":"https:\/\/crocjeux.com\/index.php\/wp-json\/wp\/v2\/media?parent=3303"}],"wp:term":[{"taxonomy":"product_brand","embeddable":true,"href":"https:\/\/crocjeux.com\/index.php\/wp-json\/wp\/v2\/product_brand?post=3303"},{"taxonomy":"product_cat","embeddable":true,"href":"https:\/\/crocjeux.com\/index.php\/wp-json\/wp\/v2\/product_cat?post=3303"},{"taxonomy":"product_tag","embeddable":true,"href":"https:\/\/crocjeux.com\/index.php\/wp-json\/wp\/v2\/product_tag?post=3303"}],"curies":[{"name":"wp","href":"https:\/\/api.w.org\/{rel}","templated":true}]}}