{"id":335,"date":"2020-11-03T14:23:06","date_gmt":"2020-11-03T13:23:06","guid":{"rendered":"https:\/\/crocjeux.com\/?post_type=product&#038;p=335"},"modified":"2023-09-29T13:38:12","modified_gmt":"2023-09-29T12:38:12","slug":"petits-meurtres-et-faits-divers","status":"publish","type":"product","link":"https:\/\/crocjeux.com\/index.php\/produit\/petits-meurtres-et-faits-divers\/","title":{"rendered":"Petits Meurtres et Faits Divers"},"content":{"rendered":"<p><strong>Petits meurtres et faits divers<\/strong> est un jeu dans lequel vous devrez vous disculper d&rsquo;accusations parfois ignominieuses et souvent loufoques :<\/p>\n<p><em>&#8211; Est-ce vous le parfait malotru qui avez \u00e9touff\u00e9 la cantatrice chauve avec sa perruque ?<\/em><br \/>\n<em>&#8211; Est-ce vous l&rsquo;inf\u00e2me criminel qui avez pouss\u00e9 Manuel M. dans le dr\u00e9moulateur o\u00f9 il est mort dr\u00e9moul\u00e9 en gloutasses de 15 ?<br \/>\n&#8211; \u00e0 moins que vous n&rsquo;ayez complot\u00e9 pour que le P\u00e9p\u00e9re Honni disparaisse \u00e9cras\u00e9 sous 1 tonne de p\u00e2te \u00e0 pizza ?<\/em><\/p>\n<p>Bref, petits meurtres et faits divers est un jeu de communication, o\u00f9 vous prendrez tour \u00e0 tour plusieurs r\u00f4les, autour de crimes terribles qu&rsquo;il faudra d\u00e9nouer en confondant les criminels gr\u00e2ce \u00e0 leurs mots de trop !<\/p>\n<p>Le jeu comporte une <strong>quantit\u00e9 insupportable de jeux de mots approximatifs<\/strong>, <strong>241 histoires originales<\/strong>, <strong>1025 suspects<\/strong> et <strong>2892 mots<\/strong> ! Et je vous \u00e9pargne les litres d&rsquo;encre qu&rsquo;il a fallu pour \u00e9crire tout \u00e7a !<\/p>\n","protected":false},"excerpt":{"rendered":"<div id=\"short_description_block\">\n<div id=\"short_description_content\" class=\"rte align_justify hide-smartphone\">\n<p>Petits meurtres et faits divers est un jeu dans lequel vous devrez vous disculper d&rsquo;accusations parfois ignominieuses et souvent loufoques : -&#8230;<\/p>\n<\/div>\n<\/div>\n","protected":false},"featured_media":337,"comment_status":"open","ping_status":"closed","template":"","meta":{"colormag_page_container_layout":"default_layout","colormag_page_sidebar_layout":"default_layout"},"product_brand":[],"product_cat":[42,40],"product_tag":[],"class_list":{"0":"post-335","1":"product","2":"type-product","3":"status-publish","4":"has-post-thumbnail","6":"product_cat-jeux-a-roles-caches","7":"product_cat-jeux-dambiance","9":"first","10":"instock","11":"taxable","12":"shipping-taxable","13":"purchasable","14":"product-type-simple"},"yoast_head":"<!-- This site is optimized with the Yoast SEO plugin v27.3 - https:\/\/yoast.com\/product\/yoast-seo-wordpress\/ -->\n<title>Petits Meurtres et Faits Divers - Croc Jeux<\/title>\n<meta name=\"robots\" content=\"index, follow, max-snippet:-1, max-image-preview:large, max-video-preview:-1\" \/>\n<link rel=\"canonical\" href=\"https:\/\/crocjeux.com\/index.php\/produit\/petits-meurtres-et-faits-divers\/\" \/>\n<meta property=\"og:locale\" content=\"fr_FR\" \/>\n<meta property=\"og:type\" content=\"article\" \/>\n<meta property=\"og:title\" content=\"Petits Meurtres et Faits Divers - Croc Jeux\" \/>\n<meta property=\"og:description\" content=\"Petits meurtres et faits divers est un jeu dans lequel vous devrez vous disculper d&#039;accusations parfois ignominieuses et souvent loufoques : -...\" \/>\n<meta property=\"og:url\" content=\"https:\/\/crocjeux.com\/index.php\/produit\/petits-meurtres-et-faits-divers\/\" \/>\n<meta property=\"og:site_name\" content=\"Croc Jeux\" \/>\n<meta property=\"article:modified_time\" content=\"2023-09-29T12:38:12+00:00\" \/>\n<meta property=\"og:image\" content=\"https:\/\/crocjeux.com\/wp-content\/uploads\/2020\/11\/meutres.png\" \/>\n\t<meta property=\"og:image:width\" content=\"209\" \/>\n\t<meta property=\"og:image:height\" content=\"219\" \/>\n\t<meta property=\"og:image:type\" content=\"image\/png\" \/>\n<meta name=\"twitter:card\" content=\"summary_large_image\" \/>\n<meta name=\"twitter:label1\" content=\"Dur\u00e9e de lecture estim\u00e9e\" \/>\n\t<meta name=\"twitter:data1\" content=\"1 minute\" \/>\n<script type=\"application\/ld+json\" class=\"yoast-schema-graph\">{\"@context\":\"https:\\\/\\\/schema.org\",\"@graph\":[{\"@type\":\"WebPage\",\"@id\":\"https:\\\/\\\/crocjeux.com\\\/index.php\\\/produit\\\/petits-meurtres-et-faits-divers\\\/\",\"url\":\"https:\\\/\\\/crocjeux.com\\\/index.php\\\/produit\\\/petits-meurtres-et-faits-divers\\\/\",\"name\":\"Petits Meurtres et Faits Divers - Croc Jeux\",\"isPartOf\":{\"@id\":\"https:\\\/\\\/crocjeux.com\\\/#website\"},\"primaryImageOfPage\":{\"@id\":\"https:\\\/\\\/crocjeux.com\\\/index.php\\\/produit\\\/petits-meurtres-et-faits-divers\\\/#primaryimage\"},\"image\":{\"@id\":\"https:\\\/\\\/crocjeux.com\\\/index.php\\\/produit\\\/petits-meurtres-et-faits-divers\\\/#primaryimage\"},\"thumbnailUrl\":\"https:\\\/\\\/crocjeux.com\\\/wp-content\\\/uploads\\\/2020\\\/11\\\/meutres.png\",\"datePublished\":\"2020-11-03T13:23:06+00:00\",\"dateModified\":\"2023-09-29T12:38:12+00:00\",\"breadcrumb\":{\"@id\":\"https:\\\/\\\/crocjeux.com\\\/index.php\\\/produit\\\/petits-meurtres-et-faits-divers\\\/#breadcrumb\"},\"inLanguage\":\"fr-FR\",\"potentialAction\":[{\"@type\":\"ReadAction\",\"target\":[\"https:\\\/\\\/crocjeux.com\\\/index.php\\\/produit\\\/petits-meurtres-et-faits-divers\\\/\"]}]},{\"@type\":\"ImageObject\",\"inLanguage\":\"fr-FR\",\"@id\":\"https:\\\/\\\/crocjeux.com\\\/index.php\\\/produit\\\/petits-meurtres-et-faits-divers\\\/#primaryimage\",\"url\":\"https:\\\/\\\/crocjeux.com\\\/wp-content\\\/uploads\\\/2020\\\/11\\\/meutres.png\",\"contentUrl\":\"https:\\\/\\\/crocjeux.com\\\/wp-content\\\/uploads\\\/2020\\\/11\\\/meutres.png\",\"width\":209,\"height\":219},{\"@type\":\"BreadcrumbList\",\"@id\":\"https:\\\/\\\/crocjeux.com\\\/index.php\\\/produit\\\/petits-meurtres-et-faits-divers\\\/#breadcrumb\",\"itemListElement\":[{\"@type\":\"ListItem\",\"position\":1,\"name\":\"Accueil\",\"item\":\"https:\\\/\\\/crocjeux.com\\\/\"},{\"@type\":\"ListItem\",\"position\":2,\"name\":\"Boutique\",\"item\":\"https:\\\/\\\/crocjeux.com\\\/\"},{\"@type\":\"ListItem\",\"position\":3,\"name\":\"Petits Meurtres et Faits Divers\"}]},{\"@type\":\"WebSite\",\"@id\":\"https:\\\/\\\/crocjeux.com\\\/#website\",\"url\":\"https:\\\/\\\/crocjeux.com\\\/\",\"name\":\"Croc Jeux\",\"description\":\"Bienvenue chez Croc Jeux!\",\"publisher\":{\"@id\":\"https:\\\/\\\/crocjeux.com\\\/#organization\"},\"potentialAction\":[{\"@type\":\"SearchAction\",\"target\":{\"@type\":\"EntryPoint\",\"urlTemplate\":\"https:\\\/\\\/crocjeux.com\\\/?s={search_term_string}\"},\"query-input\":{\"@type\":\"PropertyValueSpecification\",\"valueRequired\":true,\"valueName\":\"search_term_string\"}}],\"inLanguage\":\"fr-FR\"},{\"@type\":\"Organization\",\"@id\":\"https:\\\/\\\/crocjeux.com\\\/#organization\",\"name\":\"Croc Jeux\",\"url\":\"https:\\\/\\\/crocjeux.com\\\/\",\"logo\":{\"@type\":\"ImageObject\",\"inLanguage\":\"fr-FR\",\"@id\":\"https:\\\/\\\/crocjeux.com\\\/#\\\/schema\\\/logo\\\/image\\\/\",\"url\":\"https:\\\/\\\/crocjeux.com\\\/wp-content\\\/uploads\\\/2022\\\/01\\\/cropped-logo-croc-etape-1-e1644574034239.jpg\",\"contentUrl\":\"https:\\\/\\\/crocjeux.com\\\/wp-content\\\/uploads\\\/2022\\\/01\\\/cropped-logo-croc-etape-1-e1644574034239.jpg\",\"width\":1224,\"height\":314,\"caption\":\"Croc Jeux\"},\"image\":{\"@id\":\"https:\\\/\\\/crocjeux.com\\\/#\\\/schema\\\/logo\\\/image\\\/\"}}]}<\/script>\n<!-- \/ Yoast SEO plugin. -->","yoast_head_json":{"title":"Petits Meurtres et Faits Divers - Croc Jeux","robots":{"index":"index","follow":"follow","max-snippet":"max-snippet:-1","max-image-preview":"max-image-preview:large","max-video-preview":"max-video-preview:-1"},"canonical":"https:\/\/crocjeux.com\/index.php\/produit\/petits-meurtres-et-faits-divers\/","og_locale":"fr_FR","og_type":"article","og_title":"Petits Meurtres et Faits Divers - Croc Jeux","og_description":"Petits meurtres et faits divers est un jeu dans lequel vous devrez vous disculper d'accusations parfois ignominieuses et souvent loufoques : -...","og_url":"https:\/\/crocjeux.com\/index.php\/produit\/petits-meurtres-et-faits-divers\/","og_site_name":"Croc Jeux","article_modified_time":"2023-09-29T12:38:12+00:00","og_image":[{"width":209,"height":219,"url":"https:\/\/crocjeux.com\/wp-content\/uploads\/2020\/11\/meutres.png","type":"image\/png"}],"twitter_card":"summary_large_image","twitter_misc":{"Dur\u00e9e de lecture estim\u00e9e":"1 minute"},"schema":{"@context":"https:\/\/schema.org","@graph":[{"@type":"WebPage","@id":"https:\/\/crocjeux.com\/index.php\/produit\/petits-meurtres-et-faits-divers\/","url":"https:\/\/crocjeux.com\/index.php\/produit\/petits-meurtres-et-faits-divers\/","name":"Petits Meurtres et Faits Divers - Croc Jeux","isPartOf":{"@id":"https:\/\/crocjeux.com\/#website"},"primaryImageOfPage":{"@id":"https:\/\/crocjeux.com\/index.php\/produit\/petits-meurtres-et-faits-divers\/#primaryimage"},"image":{"@id":"https:\/\/crocjeux.com\/index.php\/produit\/petits-meurtres-et-faits-divers\/#primaryimage"},"thumbnailUrl":"https:\/\/crocjeux.com\/wp-content\/uploads\/2020\/11\/meutres.png","datePublished":"2020-11-03T13:23:06+00:00","dateModified":"2023-09-29T12:38:12+00:00","breadcrumb":{"@id":"https:\/\/crocjeux.com\/index.php\/produit\/petits-meurtres-et-faits-divers\/#breadcrumb"},"inLanguage":"fr-FR","potentialAction":[{"@type":"ReadAction","target":["https:\/\/crocjeux.com\/index.php\/produit\/petits-meurtres-et-faits-divers\/"]}]},{"@type":"ImageObject","inLanguage":"fr-FR","@id":"https:\/\/crocjeux.com\/index.php\/produit\/petits-meurtres-et-faits-divers\/#primaryimage","url":"https:\/\/crocjeux.com\/wp-content\/uploads\/2020\/11\/meutres.png","contentUrl":"https:\/\/crocjeux.com\/wp-content\/uploads\/2020\/11\/meutres.png","width":209,"height":219},{"@type":"BreadcrumbList","@id":"https:\/\/crocjeux.com\/index.php\/produit\/petits-meurtres-et-faits-divers\/#breadcrumb","itemListElement":[{"@type":"ListItem","position":1,"name":"Accueil","item":"https:\/\/crocjeux.com\/"},{"@type":"ListItem","position":2,"name":"Boutique","item":"https:\/\/crocjeux.com\/"},{"@type":"ListItem","position":3,"name":"Petits Meurtres et Faits Divers"}]},{"@type":"WebSite","@id":"https:\/\/crocjeux.com\/#website","url":"https:\/\/crocjeux.com\/","name":"Croc Jeux","description":"Bienvenue chez Croc Jeux!","publisher":{"@id":"https:\/\/crocjeux.com\/#organization"},"potentialAction":[{"@type":"SearchAction","target":{"@type":"EntryPoint","urlTemplate":"https:\/\/crocjeux.com\/?s={search_term_string}"},"query-input":{"@type":"PropertyValueSpecification","valueRequired":true,"valueName":"search_term_string"}}],"inLanguage":"fr-FR"},{"@type":"Organization","@id":"https:\/\/crocjeux.com\/#organization","name":"Croc Jeux","url":"https:\/\/crocjeux.com\/","logo":{"@type":"ImageObject","inLanguage":"fr-FR","@id":"https:\/\/crocjeux.com\/#\/schema\/logo\/image\/","url":"https:\/\/crocjeux.com\/wp-content\/uploads\/2022\/01\/cropped-logo-croc-etape-1-e1644574034239.jpg","contentUrl":"https:\/\/crocjeux.com\/wp-content\/uploads\/2022\/01\/cropped-logo-croc-etape-1-e1644574034239.jpg","width":1224,"height":314,"caption":"Croc Jeux"},"image":{"@id":"https:\/\/crocjeux.com\/#\/schema\/logo\/image\/"}}]}},"_links":{"self":[{"href":"https:\/\/crocjeux.com\/index.php\/wp-json\/wp\/v2\/product\/335","targetHints":{"allow":["GET"]}}],"collection":[{"href":"https:\/\/crocjeux.com\/index.php\/wp-json\/wp\/v2\/product"}],"about":[{"href":"https:\/\/crocjeux.com\/index.php\/wp-json\/wp\/v2\/types\/product"}],"replies":[{"embeddable":true,"href":"https:\/\/crocjeux.com\/index.php\/wp-json\/wp\/v2\/comments?post=335"}],"wp:featuredmedia":[{"embeddable":true,"href":"https:\/\/crocjeux.com\/index.php\/wp-json\/wp\/v2\/media\/337"}],"wp:attachment":[{"href":"https:\/\/crocjeux.com\/index.php\/wp-json\/wp\/v2\/media?parent=335"}],"wp:term":[{"taxonomy":"product_brand","embeddable":true,"href":"https:\/\/crocjeux.com\/index.php\/wp-json\/wp\/v2\/product_brand?post=335"},{"taxonomy":"product_cat","embeddable":true,"href":"https:\/\/crocjeux.com\/index.php\/wp-json\/wp\/v2\/product_cat?post=335"},{"taxonomy":"product_tag","embeddable":true,"href":"https:\/\/crocjeux.com\/index.php\/wp-json\/wp\/v2\/product_tag?post=335"}],"curies":[{"name":"wp","href":"https:\/\/api.w.org\/{rel}","templated":true}]}}