{"id":342,"date":"2020-11-03T14:30:19","date_gmt":"2020-11-03T13:30:19","guid":{"rendered":"https:\/\/crocjeux.com\/?post_type=product&#038;p=342"},"modified":"2023-01-26T17:41:53","modified_gmt":"2023-01-26T16:41:53","slug":"saboteur","status":"publish","type":"product","link":"https:\/\/crocjeux.com\/index.php\/produit\/saboteur\/","title":{"rendered":"Saboteur"},"content":{"rendered":"<h2>Saboteur, un jeu \u00e0 r\u00f4le cach\u00e9<\/h2>\n<p>Dans Saboteur, les joueurs jouent soit le r\u00f4le d&rsquo;un chercheur d&rsquo;or qui creuse de profondes galeries dans la montagne en qu\u00eate d\u2019un tr\u00e9sor, soit le r\u00f4le d\u2019un saboteur qui entrave la recherche d&rsquo;or. Les deux groupes doivent travailler tout en tentant de trouver le r\u00f4le de chacun.<\/p>\n<p>Pour progresser dans le jeu, les joueurs devront d\u2019utiliser le bluff et la malice pour atteindre ses objectifs sans d\u00e9voiler son r\u00f4le.<\/p>\n<h2>Saboteur, un jeu en plusieurs manches<\/h2>\n<p>Dans Saboteur, les joueurs disposent de 3 manches pour remporter la partie. Le joueur dont c&rsquo;est le tour a le choix entre 3 actions possibles :<\/p>\n<ul>\n<li>Poser une carte Chemin dans le labyrinthe<\/li>\n<li>Poser une carte Action devant un joueur<\/li>\n<li>Passer et poser une carte face cach\u00e9e sur la d\u00e9fausse<\/li>\n<\/ul>\n<p>&nbsp;<\/p>\n<p>Une fois la carte jou\u00e9e, le joueur doit piocher une nouvelle carte. Son tour est alors termin\u00e9 et c&rsquo;est au tour du joueur suivant.<\/p>\n<p>Une manche se termine lorsque tous les joueurs n&rsquo;ont plus de cartes en main. Les cartes Nain sont retourn\u00e9es, d\u00e9voilant le r\u00f4le de chacun.<\/p>\n<p>\u00c0 la fin de la manche :<\/p>\n<ul>\n<li>Si les chercheurs d&rsquo;or sont parvenus \u00e0 se frayer un chemin jusqu&rsquo;au tr\u00e9sor, ils gagnent alors des p\u00e9pites d&rsquo;or.<\/li>\n<li>Si les chercheurs d&rsquo;or n&rsquo;atteignent pas le tr\u00e9sor, ce sont les saboteurs qui gagnent des p\u00e9pites.<\/li>\n<\/ul>\n<p>&nbsp;<\/p>\n<p>Les r\u00f4les sont redistribu\u00e9s et une nouvelle manche peut ainsi commencer selon les m\u00eames r\u00e8gles que la pr\u00e9c\u00e9dente.<\/p>\n<h2>Saboteur, la fin de la partie<\/h2>\n<p>Le jeu se termine \u00e0 la fin de la troisi\u00e8me manche. Les joueurs comptent alors les p\u00e9pites d&rsquo;or sur leurs cartes Or. Le joueur qui en a le plus remporte la partie. Si plusieurs joueurs ont le m\u00eame nombre de p\u00e9pites, ils se partagent alors la victoire.<\/p>\n","protected":false},"excerpt":{"rendered":"<div id=\"short_description_block\">\n<div id=\"short_description_content\" class=\"rte align_justify hide-smartphone\">Saboteur est un jeu de bluff o\u00f9 chaque joueur poss\u00e8de un r\u00f4le secret. Les joueurs progressent dans le jeu en \u00e9tant soit un chercheur d&rsquo;or soit un saboteur. Le but de chaque groupe est contradictoire. Il faudra alors jouer strat\u00e9giquement pour remplir son objectif sans se faire rep\u00e9rer.<\/div>\n<\/div>\n","protected":false},"featured_media":343,"comment_status":"open","ping_status":"closed","template":"","meta":{"colormag_page_container_layout":"default_layout","colormag_page_sidebar_layout":"default_layout"},"product_brand":[],"product_cat":[42,40,36],"product_tag":[],"class_list":{"0":"post-342","1":"product","2":"type-product","3":"status-publish","4":"has-post-thumbnail","6":"product_cat-jeux-a-roles-caches","7":"product_cat-jeux-dambiance","8":"product_cat-jeux-familiaux","10":"first","11":"instock","12":"taxable","13":"shipping-taxable","14":"purchasable","15":"product-type-simple"},"yoast_head":"<!-- This site is optimized with the Yoast SEO plugin v27.3 - https:\/\/yoast.com\/product\/yoast-seo-wordpress\/ -->\n<title>Saboteur - Croc Jeux<\/title>\n<meta name=\"robots\" content=\"index, follow, max-snippet:-1, max-image-preview:large, max-video-preview:-1\" \/>\n<link rel=\"canonical\" href=\"https:\/\/crocjeux.com\/index.php\/produit\/saboteur\/\" \/>\n<meta property=\"og:locale\" content=\"fr_FR\" \/>\n<meta property=\"og:type\" content=\"article\" \/>\n<meta property=\"og:title\" content=\"Saboteur - Croc Jeux\" \/>\n<meta property=\"og:description\" content=\"Saboteur est un jeu de bluff o\u00f9 chaque joueur poss\u00e8de un r\u00f4le secret. Les joueurs progressent dans le jeu en \u00e9tant soit un chercheur d&#039;or soit un saboteur. Le but de chaque groupe est contradictoire. Il faudra alors jouer strat\u00e9giquement pour remplir son objectif sans se faire rep\u00e9rer.\" \/>\n<meta property=\"og:url\" content=\"https:\/\/crocjeux.com\/index.php\/produit\/saboteur\/\" \/>\n<meta property=\"og:site_name\" content=\"Croc Jeux\" \/>\n<meta property=\"article:modified_time\" content=\"2023-01-26T16:41:53+00:00\" \/>\n<meta property=\"og:image\" content=\"https:\/\/crocjeux.com\/wp-content\/uploads\/2020\/11\/saboteur.png\" \/>\n\t<meta property=\"og:image:width\" content=\"198\" \/>\n\t<meta property=\"og:image:height\" content=\"268\" \/>\n\t<meta property=\"og:image:type\" content=\"image\/png\" \/>\n<meta name=\"twitter:card\" content=\"summary_large_image\" \/>\n<meta name=\"twitter:label1\" content=\"Dur\u00e9e de lecture estim\u00e9e\" \/>\n\t<meta name=\"twitter:data1\" content=\"2 minutes\" \/>\n<script type=\"application\/ld+json\" class=\"yoast-schema-graph\">{\"@context\":\"https:\\\/\\\/schema.org\",\"@graph\":[{\"@type\":\"WebPage\",\"@id\":\"https:\\\/\\\/crocjeux.com\\\/index.php\\\/produit\\\/saboteur\\\/\",\"url\":\"https:\\\/\\\/crocjeux.com\\\/index.php\\\/produit\\\/saboteur\\\/\",\"name\":\"Saboteur - Croc Jeux\",\"isPartOf\":{\"@id\":\"https:\\\/\\\/crocjeux.com\\\/#website\"},\"primaryImageOfPage\":{\"@id\":\"https:\\\/\\\/crocjeux.com\\\/index.php\\\/produit\\\/saboteur\\\/#primaryimage\"},\"image\":{\"@id\":\"https:\\\/\\\/crocjeux.com\\\/index.php\\\/produit\\\/saboteur\\\/#primaryimage\"},\"thumbnailUrl\":\"https:\\\/\\\/crocjeux.com\\\/wp-content\\\/uploads\\\/2020\\\/11\\\/saboteur.png\",\"datePublished\":\"2020-11-03T13:30:19+00:00\",\"dateModified\":\"2023-01-26T16:41:53+00:00\",\"breadcrumb\":{\"@id\":\"https:\\\/\\\/crocjeux.com\\\/index.php\\\/produit\\\/saboteur\\\/#breadcrumb\"},\"inLanguage\":\"fr-FR\",\"potentialAction\":[{\"@type\":\"ReadAction\",\"target\":[\"https:\\\/\\\/crocjeux.com\\\/index.php\\\/produit\\\/saboteur\\\/\"]}]},{\"@type\":\"ImageObject\",\"inLanguage\":\"fr-FR\",\"@id\":\"https:\\\/\\\/crocjeux.com\\\/index.php\\\/produit\\\/saboteur\\\/#primaryimage\",\"url\":\"https:\\\/\\\/crocjeux.com\\\/wp-content\\\/uploads\\\/2020\\\/11\\\/saboteur.png\",\"contentUrl\":\"https:\\\/\\\/crocjeux.com\\\/wp-content\\\/uploads\\\/2020\\\/11\\\/saboteur.png\",\"width\":198,\"height\":268},{\"@type\":\"BreadcrumbList\",\"@id\":\"https:\\\/\\\/crocjeux.com\\\/index.php\\\/produit\\\/saboteur\\\/#breadcrumb\",\"itemListElement\":[{\"@type\":\"ListItem\",\"position\":1,\"name\":\"Accueil\",\"item\":\"https:\\\/\\\/crocjeux.com\\\/\"},{\"@type\":\"ListItem\",\"position\":2,\"name\":\"Boutique\",\"item\":\"https:\\\/\\\/crocjeux.com\\\/\"},{\"@type\":\"ListItem\",\"position\":3,\"name\":\"Saboteur\"}]},{\"@type\":\"WebSite\",\"@id\":\"https:\\\/\\\/crocjeux.com\\\/#website\",\"url\":\"https:\\\/\\\/crocjeux.com\\\/\",\"name\":\"Croc Jeux\",\"description\":\"Bienvenue chez Croc Jeux!\",\"publisher\":{\"@id\":\"https:\\\/\\\/crocjeux.com\\\/#organization\"},\"potentialAction\":[{\"@type\":\"SearchAction\",\"target\":{\"@type\":\"EntryPoint\",\"urlTemplate\":\"https:\\\/\\\/crocjeux.com\\\/?s={search_term_string}\"},\"query-input\":{\"@type\":\"PropertyValueSpecification\",\"valueRequired\":true,\"valueName\":\"search_term_string\"}}],\"inLanguage\":\"fr-FR\"},{\"@type\":\"Organization\",\"@id\":\"https:\\\/\\\/crocjeux.com\\\/#organization\",\"name\":\"Croc Jeux\",\"url\":\"https:\\\/\\\/crocjeux.com\\\/\",\"logo\":{\"@type\":\"ImageObject\",\"inLanguage\":\"fr-FR\",\"@id\":\"https:\\\/\\\/crocjeux.com\\\/#\\\/schema\\\/logo\\\/image\\\/\",\"url\":\"https:\\\/\\\/crocjeux.com\\\/wp-content\\\/uploads\\\/2022\\\/01\\\/cropped-logo-croc-etape-1-e1644574034239.jpg\",\"contentUrl\":\"https:\\\/\\\/crocjeux.com\\\/wp-content\\\/uploads\\\/2022\\\/01\\\/cropped-logo-croc-etape-1-e1644574034239.jpg\",\"width\":1224,\"height\":314,\"caption\":\"Croc Jeux\"},\"image\":{\"@id\":\"https:\\\/\\\/crocjeux.com\\\/#\\\/schema\\\/logo\\\/image\\\/\"}}]}<\/script>\n<!-- \/ Yoast SEO plugin. -->","yoast_head_json":{"title":"Saboteur - Croc Jeux","robots":{"index":"index","follow":"follow","max-snippet":"max-snippet:-1","max-image-preview":"max-image-preview:large","max-video-preview":"max-video-preview:-1"},"canonical":"https:\/\/crocjeux.com\/index.php\/produit\/saboteur\/","og_locale":"fr_FR","og_type":"article","og_title":"Saboteur - Croc Jeux","og_description":"Saboteur est un jeu de bluff o\u00f9 chaque joueur poss\u00e8de un r\u00f4le secret. Les joueurs progressent dans le jeu en \u00e9tant soit un chercheur d'or soit un saboteur. Le but de chaque groupe est contradictoire. Il faudra alors jouer strat\u00e9giquement pour remplir son objectif sans se faire rep\u00e9rer.","og_url":"https:\/\/crocjeux.com\/index.php\/produit\/saboteur\/","og_site_name":"Croc Jeux","article_modified_time":"2023-01-26T16:41:53+00:00","og_image":[{"width":198,"height":268,"url":"https:\/\/crocjeux.com\/wp-content\/uploads\/2020\/11\/saboteur.png","type":"image\/png"}],"twitter_card":"summary_large_image","twitter_misc":{"Dur\u00e9e de lecture estim\u00e9e":"2 minutes"},"schema":{"@context":"https:\/\/schema.org","@graph":[{"@type":"WebPage","@id":"https:\/\/crocjeux.com\/index.php\/produit\/saboteur\/","url":"https:\/\/crocjeux.com\/index.php\/produit\/saboteur\/","name":"Saboteur - Croc Jeux","isPartOf":{"@id":"https:\/\/crocjeux.com\/#website"},"primaryImageOfPage":{"@id":"https:\/\/crocjeux.com\/index.php\/produit\/saboteur\/#primaryimage"},"image":{"@id":"https:\/\/crocjeux.com\/index.php\/produit\/saboteur\/#primaryimage"},"thumbnailUrl":"https:\/\/crocjeux.com\/wp-content\/uploads\/2020\/11\/saboteur.png","datePublished":"2020-11-03T13:30:19+00:00","dateModified":"2023-01-26T16:41:53+00:00","breadcrumb":{"@id":"https:\/\/crocjeux.com\/index.php\/produit\/saboteur\/#breadcrumb"},"inLanguage":"fr-FR","potentialAction":[{"@type":"ReadAction","target":["https:\/\/crocjeux.com\/index.php\/produit\/saboteur\/"]}]},{"@type":"ImageObject","inLanguage":"fr-FR","@id":"https:\/\/crocjeux.com\/index.php\/produit\/saboteur\/#primaryimage","url":"https:\/\/crocjeux.com\/wp-content\/uploads\/2020\/11\/saboteur.png","contentUrl":"https:\/\/crocjeux.com\/wp-content\/uploads\/2020\/11\/saboteur.png","width":198,"height":268},{"@type":"BreadcrumbList","@id":"https:\/\/crocjeux.com\/index.php\/produit\/saboteur\/#breadcrumb","itemListElement":[{"@type":"ListItem","position":1,"name":"Accueil","item":"https:\/\/crocjeux.com\/"},{"@type":"ListItem","position":2,"name":"Boutique","item":"https:\/\/crocjeux.com\/"},{"@type":"ListItem","position":3,"name":"Saboteur"}]},{"@type":"WebSite","@id":"https:\/\/crocjeux.com\/#website","url":"https:\/\/crocjeux.com\/","name":"Croc Jeux","description":"Bienvenue chez Croc Jeux!","publisher":{"@id":"https:\/\/crocjeux.com\/#organization"},"potentialAction":[{"@type":"SearchAction","target":{"@type":"EntryPoint","urlTemplate":"https:\/\/crocjeux.com\/?s={search_term_string}"},"query-input":{"@type":"PropertyValueSpecification","valueRequired":true,"valueName":"search_term_string"}}],"inLanguage":"fr-FR"},{"@type":"Organization","@id":"https:\/\/crocjeux.com\/#organization","name":"Croc Jeux","url":"https:\/\/crocjeux.com\/","logo":{"@type":"ImageObject","inLanguage":"fr-FR","@id":"https:\/\/crocjeux.com\/#\/schema\/logo\/image\/","url":"https:\/\/crocjeux.com\/wp-content\/uploads\/2022\/01\/cropped-logo-croc-etape-1-e1644574034239.jpg","contentUrl":"https:\/\/crocjeux.com\/wp-content\/uploads\/2022\/01\/cropped-logo-croc-etape-1-e1644574034239.jpg","width":1224,"height":314,"caption":"Croc Jeux"},"image":{"@id":"https:\/\/crocjeux.com\/#\/schema\/logo\/image\/"}}]}},"_links":{"self":[{"href":"https:\/\/crocjeux.com\/index.php\/wp-json\/wp\/v2\/product\/342","targetHints":{"allow":["GET"]}}],"collection":[{"href":"https:\/\/crocjeux.com\/index.php\/wp-json\/wp\/v2\/product"}],"about":[{"href":"https:\/\/crocjeux.com\/index.php\/wp-json\/wp\/v2\/types\/product"}],"replies":[{"embeddable":true,"href":"https:\/\/crocjeux.com\/index.php\/wp-json\/wp\/v2\/comments?post=342"}],"wp:featuredmedia":[{"embeddable":true,"href":"https:\/\/crocjeux.com\/index.php\/wp-json\/wp\/v2\/media\/343"}],"wp:attachment":[{"href":"https:\/\/crocjeux.com\/index.php\/wp-json\/wp\/v2\/media?parent=342"}],"wp:term":[{"taxonomy":"product_brand","embeddable":true,"href":"https:\/\/crocjeux.com\/index.php\/wp-json\/wp\/v2\/product_brand?post=342"},{"taxonomy":"product_cat","embeddable":true,"href":"https:\/\/crocjeux.com\/index.php\/wp-json\/wp\/v2\/product_cat?post=342"},{"taxonomy":"product_tag","embeddable":true,"href":"https:\/\/crocjeux.com\/index.php\/wp-json\/wp\/v2\/product_tag?post=342"}],"curies":[{"name":"wp","href":"https:\/\/api.w.org\/{rel}","templated":true}]}}