{"id":3491,"date":"2022-01-31T17:19:50","date_gmt":"2022-01-31T16:19:50","guid":{"rendered":"https:\/\/crocjeux.com\/?post_type=product&#038;p=3491"},"modified":"2022-01-31T17:19:52","modified_gmt":"2022-01-31T16:19:52","slug":"cerbere","status":"publish","type":"product","link":"https:\/\/crocjeux.com\/index.php\/produit\/cerbere\/","title":{"rendered":"Cerb\u00e8re"},"content":{"rendered":"<p>Tentez de vous \u00e9chapper des Enfers, avec Cerb\u00e8re \u00e0 vos trousses !<br \/>\nCoop\u00e9rez pour progresser vers la barque qui vous fera traverser le Styx. Mais attention, les places sont limit\u00e9es&#8230;<br \/>\nCombien de temps coop\u00e9rerez-vous pour \u00e9chapper \u00e0 Cerb\u00e8re, et quand d\u00e9ciderez-vous de trahir le groupe pour vous assurer une place dans la barque ?<\/p>\n<p>\u00c0 votre tour, choisissez entre : vous avantager un peu au d\u00e9triment du groupe, ou bien avantager le groupe mais en restant sur place. Si tout le monde privil\u00e9gie l\u2019entraide, il devient plus facile d\u2019\u00e9chapper \u00e0 Cerb\u00e8re. Mais souvent, il est trop tentant d&rsquo;avancer seul et de laisser ses compagnons en p\u00e2ture \u00e0 la b\u00eate&#8230;<\/p>\n<p>Vous commencez la partie en coop\u00e9rant, mais les places pour la victoire sont limit\u00e9es. Et si Cerb\u00e8re vous rattrape, il vous propose de gagner la partie en faisant \u00e9chouer vos anciens compagnons ! Allez-vous faire confiance aux autre joueurs, m\u00eame dans les pires moments, ou serez-vous le premier \u00e0 trahir pour sauver votre peau ?<\/p>\n<p>\u00ab Cerb\u00e8re \u00bb propose des retournements de situations \u00e9piques, met votre confiance \u00e0 rude \u00e9preuve, et vous fait vivre des aventures marquantes. Vous n\u2019avez pas fini de rappeler \u00e0 vos compagnons d\u2019infortune quelle crasse ils vous ont faite la derni\u00e8re fois, ou avec quel acte h\u00e9ro\u00efque vous avez sauv\u00e9 le groupe !<\/p>\n","protected":false},"excerpt":{"rendered":"<p>Dans Cerb\u00e8re, coop\u00e9rerez-vous ou jouerez-vous solo en trahissant vos amis pour \u00e9chapper au Cerb\u00e8re et traverser le Styx ? Ce jeu propose des retournements de situations \u00e9piques et met votre confiance \u00e0 rude \u00e9preuve.<\/p>\n","protected":false},"featured_media":3492,"comment_status":"open","ping_status":"closed","template":"","meta":{"colormag_page_container_layout":"default_layout","colormag_page_sidebar_layout":"default_layout"},"product_brand":[],"product_cat":[40,36],"product_tag":[],"class_list":{"0":"post-3491","1":"product","2":"type-product","3":"status-publish","4":"has-post-thumbnail","6":"product_cat-jeux-dambiance","7":"product_cat-jeux-familiaux","9":"first","10":"instock","11":"taxable","12":"shipping-taxable","13":"purchasable","14":"product-type-simple"},"yoast_head":"<!-- This site is optimized with the Yoast SEO plugin v27.3 - https:\/\/yoast.com\/product\/yoast-seo-wordpress\/ -->\n<title>Cerb\u00e8re - Croc Jeux<\/title>\n<meta name=\"robots\" content=\"index, follow, max-snippet:-1, max-image-preview:large, max-video-preview:-1\" \/>\n<link rel=\"canonical\" href=\"https:\/\/crocjeux.com\/index.php\/produit\/cerbere\/\" \/>\n<meta property=\"og:locale\" content=\"fr_FR\" \/>\n<meta property=\"og:type\" content=\"article\" \/>\n<meta property=\"og:title\" content=\"Cerb\u00e8re - Croc Jeux\" \/>\n<meta property=\"og:description\" content=\"Dans Cerb\u00e8re, coop\u00e9rerez-vous ou jouerez-vous solo en trahissant vos amis pour \u00e9chapper au Cerb\u00e8re et traverser le Styx ? Ce jeu propose des retournements de situations \u00e9piques et met votre confiance \u00e0 rude \u00e9preuve.\" \/>\n<meta property=\"og:url\" content=\"https:\/\/crocjeux.com\/index.php\/produit\/cerbere\/\" \/>\n<meta property=\"og:site_name\" content=\"Croc Jeux\" \/>\n<meta property=\"article:modified_time\" content=\"2022-01-31T16:19:52+00:00\" \/>\n<meta property=\"og:image\" content=\"https:\/\/crocjeux.com\/wp-content\/uploads\/2022\/01\/Jeu-de-societe-Blackrock-Games-Cerbere.jpg\" \/>\n\t<meta property=\"og:image:width\" content=\"500\" \/>\n\t<meta property=\"og:image:height\" content=\"500\" \/>\n\t<meta property=\"og:image:type\" content=\"image\/jpeg\" \/>\n<meta name=\"twitter:card\" content=\"summary_large_image\" \/>\n<meta name=\"twitter:label1\" content=\"Dur\u00e9e de lecture estim\u00e9e\" \/>\n\t<meta name=\"twitter:data1\" content=\"1 minute\" \/>\n<script type=\"application\/ld+json\" class=\"yoast-schema-graph\">{\"@context\":\"https:\\\/\\\/schema.org\",\"@graph\":[{\"@type\":\"WebPage\",\"@id\":\"https:\\\/\\\/crocjeux.com\\\/index.php\\\/produit\\\/cerbere\\\/\",\"url\":\"https:\\\/\\\/crocjeux.com\\\/index.php\\\/produit\\\/cerbere\\\/\",\"name\":\"Cerb\u00e8re - Croc Jeux\",\"isPartOf\":{\"@id\":\"https:\\\/\\\/crocjeux.com\\\/#website\"},\"primaryImageOfPage\":{\"@id\":\"https:\\\/\\\/crocjeux.com\\\/index.php\\\/produit\\\/cerbere\\\/#primaryimage\"},\"image\":{\"@id\":\"https:\\\/\\\/crocjeux.com\\\/index.php\\\/produit\\\/cerbere\\\/#primaryimage\"},\"thumbnailUrl\":\"https:\\\/\\\/crocjeux.com\\\/wp-content\\\/uploads\\\/2022\\\/01\\\/Jeu-de-societe-Blackrock-Games-Cerbere.jpg\",\"datePublished\":\"2022-01-31T16:19:50+00:00\",\"dateModified\":\"2022-01-31T16:19:52+00:00\",\"breadcrumb\":{\"@id\":\"https:\\\/\\\/crocjeux.com\\\/index.php\\\/produit\\\/cerbere\\\/#breadcrumb\"},\"inLanguage\":\"fr-FR\",\"potentialAction\":[{\"@type\":\"ReadAction\",\"target\":[\"https:\\\/\\\/crocjeux.com\\\/index.php\\\/produit\\\/cerbere\\\/\"]}]},{\"@type\":\"ImageObject\",\"inLanguage\":\"fr-FR\",\"@id\":\"https:\\\/\\\/crocjeux.com\\\/index.php\\\/produit\\\/cerbere\\\/#primaryimage\",\"url\":\"https:\\\/\\\/crocjeux.com\\\/wp-content\\\/uploads\\\/2022\\\/01\\\/Jeu-de-societe-Blackrock-Games-Cerbere.jpg\",\"contentUrl\":\"https:\\\/\\\/crocjeux.com\\\/wp-content\\\/uploads\\\/2022\\\/01\\\/Jeu-de-societe-Blackrock-Games-Cerbere.jpg\",\"width\":500,\"height\":500},{\"@type\":\"BreadcrumbList\",\"@id\":\"https:\\\/\\\/crocjeux.com\\\/index.php\\\/produit\\\/cerbere\\\/#breadcrumb\",\"itemListElement\":[{\"@type\":\"ListItem\",\"position\":1,\"name\":\"Accueil\",\"item\":\"https:\\\/\\\/crocjeux.com\\\/\"},{\"@type\":\"ListItem\",\"position\":2,\"name\":\"Boutique\",\"item\":\"https:\\\/\\\/crocjeux.com\\\/\"},{\"@type\":\"ListItem\",\"position\":3,\"name\":\"Cerb\u00e8re\"}]},{\"@type\":\"WebSite\",\"@id\":\"https:\\\/\\\/crocjeux.com\\\/#website\",\"url\":\"https:\\\/\\\/crocjeux.com\\\/\",\"name\":\"Croc Jeux\",\"description\":\"Bienvenue chez Croc Jeux!\",\"publisher\":{\"@id\":\"https:\\\/\\\/crocjeux.com\\\/#organization\"},\"potentialAction\":[{\"@type\":\"SearchAction\",\"target\":{\"@type\":\"EntryPoint\",\"urlTemplate\":\"https:\\\/\\\/crocjeux.com\\\/?s={search_term_string}\"},\"query-input\":{\"@type\":\"PropertyValueSpecification\",\"valueRequired\":true,\"valueName\":\"search_term_string\"}}],\"inLanguage\":\"fr-FR\"},{\"@type\":\"Organization\",\"@id\":\"https:\\\/\\\/crocjeux.com\\\/#organization\",\"name\":\"Croc Jeux\",\"url\":\"https:\\\/\\\/crocjeux.com\\\/\",\"logo\":{\"@type\":\"ImageObject\",\"inLanguage\":\"fr-FR\",\"@id\":\"https:\\\/\\\/crocjeux.com\\\/#\\\/schema\\\/logo\\\/image\\\/\",\"url\":\"https:\\\/\\\/crocjeux.com\\\/wp-content\\\/uploads\\\/2022\\\/01\\\/cropped-logo-croc-etape-1-e1644574034239.jpg\",\"contentUrl\":\"https:\\\/\\\/crocjeux.com\\\/wp-content\\\/uploads\\\/2022\\\/01\\\/cropped-logo-croc-etape-1-e1644574034239.jpg\",\"width\":1224,\"height\":314,\"caption\":\"Croc Jeux\"},\"image\":{\"@id\":\"https:\\\/\\\/crocjeux.com\\\/#\\\/schema\\\/logo\\\/image\\\/\"}}]}<\/script>\n<!-- \/ Yoast SEO plugin. -->","yoast_head_json":{"title":"Cerb\u00e8re - Croc Jeux","robots":{"index":"index","follow":"follow","max-snippet":"max-snippet:-1","max-image-preview":"max-image-preview:large","max-video-preview":"max-video-preview:-1"},"canonical":"https:\/\/crocjeux.com\/index.php\/produit\/cerbere\/","og_locale":"fr_FR","og_type":"article","og_title":"Cerb\u00e8re - Croc Jeux","og_description":"Dans Cerb\u00e8re, coop\u00e9rerez-vous ou jouerez-vous solo en trahissant vos amis pour \u00e9chapper au Cerb\u00e8re et traverser le Styx ? Ce jeu propose des retournements de situations \u00e9piques et met votre confiance \u00e0 rude \u00e9preuve.","og_url":"https:\/\/crocjeux.com\/index.php\/produit\/cerbere\/","og_site_name":"Croc Jeux","article_modified_time":"2022-01-31T16:19:52+00:00","og_image":[{"width":500,"height":500,"url":"https:\/\/crocjeux.com\/wp-content\/uploads\/2022\/01\/Jeu-de-societe-Blackrock-Games-Cerbere.jpg","type":"image\/jpeg"}],"twitter_card":"summary_large_image","twitter_misc":{"Dur\u00e9e de lecture estim\u00e9e":"1 minute"},"schema":{"@context":"https:\/\/schema.org","@graph":[{"@type":"WebPage","@id":"https:\/\/crocjeux.com\/index.php\/produit\/cerbere\/","url":"https:\/\/crocjeux.com\/index.php\/produit\/cerbere\/","name":"Cerb\u00e8re - Croc Jeux","isPartOf":{"@id":"https:\/\/crocjeux.com\/#website"},"primaryImageOfPage":{"@id":"https:\/\/crocjeux.com\/index.php\/produit\/cerbere\/#primaryimage"},"image":{"@id":"https:\/\/crocjeux.com\/index.php\/produit\/cerbere\/#primaryimage"},"thumbnailUrl":"https:\/\/crocjeux.com\/wp-content\/uploads\/2022\/01\/Jeu-de-societe-Blackrock-Games-Cerbere.jpg","datePublished":"2022-01-31T16:19:50+00:00","dateModified":"2022-01-31T16:19:52+00:00","breadcrumb":{"@id":"https:\/\/crocjeux.com\/index.php\/produit\/cerbere\/#breadcrumb"},"inLanguage":"fr-FR","potentialAction":[{"@type":"ReadAction","target":["https:\/\/crocjeux.com\/index.php\/produit\/cerbere\/"]}]},{"@type":"ImageObject","inLanguage":"fr-FR","@id":"https:\/\/crocjeux.com\/index.php\/produit\/cerbere\/#primaryimage","url":"https:\/\/crocjeux.com\/wp-content\/uploads\/2022\/01\/Jeu-de-societe-Blackrock-Games-Cerbere.jpg","contentUrl":"https:\/\/crocjeux.com\/wp-content\/uploads\/2022\/01\/Jeu-de-societe-Blackrock-Games-Cerbere.jpg","width":500,"height":500},{"@type":"BreadcrumbList","@id":"https:\/\/crocjeux.com\/index.php\/produit\/cerbere\/#breadcrumb","itemListElement":[{"@type":"ListItem","position":1,"name":"Accueil","item":"https:\/\/crocjeux.com\/"},{"@type":"ListItem","position":2,"name":"Boutique","item":"https:\/\/crocjeux.com\/"},{"@type":"ListItem","position":3,"name":"Cerb\u00e8re"}]},{"@type":"WebSite","@id":"https:\/\/crocjeux.com\/#website","url":"https:\/\/crocjeux.com\/","name":"Croc Jeux","description":"Bienvenue chez Croc Jeux!","publisher":{"@id":"https:\/\/crocjeux.com\/#organization"},"potentialAction":[{"@type":"SearchAction","target":{"@type":"EntryPoint","urlTemplate":"https:\/\/crocjeux.com\/?s={search_term_string}"},"query-input":{"@type":"PropertyValueSpecification","valueRequired":true,"valueName":"search_term_string"}}],"inLanguage":"fr-FR"},{"@type":"Organization","@id":"https:\/\/crocjeux.com\/#organization","name":"Croc Jeux","url":"https:\/\/crocjeux.com\/","logo":{"@type":"ImageObject","inLanguage":"fr-FR","@id":"https:\/\/crocjeux.com\/#\/schema\/logo\/image\/","url":"https:\/\/crocjeux.com\/wp-content\/uploads\/2022\/01\/cropped-logo-croc-etape-1-e1644574034239.jpg","contentUrl":"https:\/\/crocjeux.com\/wp-content\/uploads\/2022\/01\/cropped-logo-croc-etape-1-e1644574034239.jpg","width":1224,"height":314,"caption":"Croc Jeux"},"image":{"@id":"https:\/\/crocjeux.com\/#\/schema\/logo\/image\/"}}]}},"_links":{"self":[{"href":"https:\/\/crocjeux.com\/index.php\/wp-json\/wp\/v2\/product\/3491","targetHints":{"allow":["GET"]}}],"collection":[{"href":"https:\/\/crocjeux.com\/index.php\/wp-json\/wp\/v2\/product"}],"about":[{"href":"https:\/\/crocjeux.com\/index.php\/wp-json\/wp\/v2\/types\/product"}],"replies":[{"embeddable":true,"href":"https:\/\/crocjeux.com\/index.php\/wp-json\/wp\/v2\/comments?post=3491"}],"wp:featuredmedia":[{"embeddable":true,"href":"https:\/\/crocjeux.com\/index.php\/wp-json\/wp\/v2\/media\/3492"}],"wp:attachment":[{"href":"https:\/\/crocjeux.com\/index.php\/wp-json\/wp\/v2\/media?parent=3491"}],"wp:term":[{"taxonomy":"product_brand","embeddable":true,"href":"https:\/\/crocjeux.com\/index.php\/wp-json\/wp\/v2\/product_brand?post=3491"},{"taxonomy":"product_cat","embeddable":true,"href":"https:\/\/crocjeux.com\/index.php\/wp-json\/wp\/v2\/product_cat?post=3491"},{"taxonomy":"product_tag","embeddable":true,"href":"https:\/\/crocjeux.com\/index.php\/wp-json\/wp\/v2\/product_tag?post=3491"}],"curies":[{"name":"wp","href":"https:\/\/api.w.org\/{rel}","templated":true}]}}