{"id":3493,"date":"2022-01-31T17:22:59","date_gmt":"2022-01-31T16:22:59","guid":{"rendered":"https:\/\/crocjeux.com\/?post_type=product&#038;p=3493"},"modified":"2023-02-09T13:25:20","modified_gmt":"2023-02-09T12:25:20","slug":"fabulia","status":"publish","type":"product","link":"https:\/\/crocjeux.com\/index.php\/produit\/fabulia\/","title":{"rendered":"Fabulia"},"content":{"rendered":"<section id=\"tab-description\" class=\"page-product-box r-tabs-panel r-tabs-state-active\">\n<div class=\"rte\">\n<div>\u201cDans un temps fort, fort lointain, les adultes n\u2019\u00e9taient que de petits enfants adorant les histories d\u2019aventure. Wilfried et Marie trouv\u00e8rent un livre d\u2019histoire enchant\u00e9 leur permettant de voyager dans plusieurs fables et ainsi de tisser des liens d\u2019amiti\u00e9s avec les personnages du livre, de dr\u00f4les d\u2019animaux\u2026\u201c<\/div>\n<div><\/div>\n<h2>Un conte sans cesse renouvel\u00e9 !<\/h2>\n<div>Ces personnages peuvent endosser n\u2019importe quel r\u00f4le, du courageux chevalier au musicien solitaire, en passant par la sorci\u00e8re malfaisante ou le ninja maladroit\u2026<\/div>\n<div>Et si, dans notre histoire pr\u00e9f\u00e9r\u00e9e, les personnages changeaient constamment ? Est ce que \u00e7a ne la rendrait pas encore plus int\u00e9ressante ? Le garde mal\u00e9fique pourrait devenir un marin \u00e9l\u00e9gant du jour au lendemain\u2026 C\u2019est \u00e0 vous de le d\u00e9cider.<\/div>\n<div>Amusez-vous ! Utilisez votre esprit et votre imagination pour fa\u00e7onner des histories \u00e0 votre gout, en les habillant, avec les personnages les plus adapt\u00e9s!<\/div>\n<div><\/div>\n<h2>Fabulia un livre-jeu dont tu choisis les h\u00e9ros.<\/h2>\n<div>Fabulia utilise un livre pour plateau de jeu, vous serez ensuite amen\u00e9s \u00e0 construire ensemble l&rsquo;histoire en choisissant les personnages qui correspondent le mieux \u00e0 la description.\u00a0 Le jeu peut se jouer en mode coop\u00e9ratif ou en mode comp\u00e9titif selon l&rsquo;\u00e2ge des joueurs.<\/div>\n<\/div>\n<\/section>\n","protected":false},"excerpt":{"rendered":"<p>Et si, dans notre histoire pr\u00e9f\u00e9r\u00e9e, les personnages changeaient constamment ? Est ce que \u00e7a ne la rendrait pas encore plus int\u00e9ressante ? Le garde mal\u00e9fique pourrait devenir un marin \u00e9l\u00e9gant du jour au lendemain\u2026 C\u2019est \u00e0 vous de le d\u00e9cider. Amusez-vous ! Utilisez votre esprit et votre imagination pour fa\u00e7onner des histories \u00e0 votre gout, en les habillant, avec les personnages les plus adapt\u00e9s!<\/p>\n","protected":false},"featured_media":3494,"comment_status":"open","ping_status":"closed","template":"","meta":{"colormag_page_container_layout":"default_layout","colormag_page_sidebar_layout":"default_layout"},"product_brand":[],"product_cat":[30,33,36],"product_tag":[],"class_list":{"0":"post-3493","1":"product","2":"type-product","3":"status-publish","4":"has-post-thumbnail","6":"product_cat-jeux-collaboratifs","7":"product_cat-jeux-enfants","8":"product_cat-jeux-familiaux","10":"first","11":"instock","12":"taxable","13":"shipping-taxable","14":"purchasable","15":"product-type-simple"},"yoast_head":"<!-- This site is optimized with the Yoast SEO plugin v27.4 - https:\/\/yoast.com\/product\/yoast-seo-wordpress\/ -->\n<title>Fabulia - Croc Jeux<\/title>\n<meta name=\"robots\" content=\"index, follow, max-snippet:-1, max-image-preview:large, max-video-preview:-1\" \/>\n<link rel=\"canonical\" href=\"https:\/\/crocjeux.com\/index.php\/produit\/fabulia\/\" \/>\n<meta property=\"og:locale\" content=\"fr_FR\" \/>\n<meta property=\"og:type\" content=\"article\" \/>\n<meta property=\"og:title\" content=\"Fabulia - Croc Jeux\" \/>\n<meta property=\"og:description\" content=\"Et si, dans notre histoire pr\u00e9f\u00e9r\u00e9e, les personnages changeaient constamment ? Est ce que \u00e7a ne la rendrait pas encore plus int\u00e9ressante ? Le garde mal\u00e9fique pourrait devenir un marin \u00e9l\u00e9gant du jour au lendemain\u2026 C\u2019est \u00e0 vous de le d\u00e9cider. Amusez-vous ! Utilisez votre esprit et votre imagination pour fa\u00e7onner des histories \u00e0 votre gout, en les habillant, avec les personnages les plus adapt\u00e9s!\" \/>\n<meta property=\"og:url\" content=\"https:\/\/crocjeux.com\/index.php\/produit\/fabulia\/\" \/>\n<meta property=\"og:site_name\" content=\"Croc Jeux\" \/>\n<meta property=\"article:modified_time\" content=\"2023-02-09T12:25:20+00:00\" \/>\n<meta property=\"og:image\" content=\"https:\/\/crocjeux.com\/wp-content\/uploads\/2022\/01\/fabulia.jpg\" \/>\n\t<meta property=\"og:image:width\" content=\"1000\" \/>\n\t<meta property=\"og:image:height\" content=\"1000\" \/>\n\t<meta property=\"og:image:type\" content=\"image\/jpeg\" \/>\n<meta name=\"twitter:card\" content=\"summary_large_image\" \/>\n<meta name=\"twitter:label1\" content=\"Dur\u00e9e de lecture estim\u00e9e\" \/>\n\t<meta name=\"twitter:data1\" content=\"1 minute\" \/>\n<script type=\"application\/ld+json\" class=\"yoast-schema-graph\">{\"@context\":\"https:\\\/\\\/schema.org\",\"@graph\":[{\"@type\":\"WebPage\",\"@id\":\"https:\\\/\\\/crocjeux.com\\\/index.php\\\/produit\\\/fabulia\\\/\",\"url\":\"https:\\\/\\\/crocjeux.com\\\/index.php\\\/produit\\\/fabulia\\\/\",\"name\":\"Fabulia - Croc Jeux\",\"isPartOf\":{\"@id\":\"https:\\\/\\\/crocjeux.com\\\/#website\"},\"primaryImageOfPage\":{\"@id\":\"https:\\\/\\\/crocjeux.com\\\/index.php\\\/produit\\\/fabulia\\\/#primaryimage\"},\"image\":{\"@id\":\"https:\\\/\\\/crocjeux.com\\\/index.php\\\/produit\\\/fabulia\\\/#primaryimage\"},\"thumbnailUrl\":\"https:\\\/\\\/crocjeux.com\\\/wp-content\\\/uploads\\\/2022\\\/01\\\/fabulia.jpg\",\"datePublished\":\"2022-01-31T16:22:59+00:00\",\"dateModified\":\"2023-02-09T12:25:20+00:00\",\"breadcrumb\":{\"@id\":\"https:\\\/\\\/crocjeux.com\\\/index.php\\\/produit\\\/fabulia\\\/#breadcrumb\"},\"inLanguage\":\"fr-FR\",\"potentialAction\":[{\"@type\":\"ReadAction\",\"target\":[\"https:\\\/\\\/crocjeux.com\\\/index.php\\\/produit\\\/fabulia\\\/\"]}]},{\"@type\":\"ImageObject\",\"inLanguage\":\"fr-FR\",\"@id\":\"https:\\\/\\\/crocjeux.com\\\/index.php\\\/produit\\\/fabulia\\\/#primaryimage\",\"url\":\"https:\\\/\\\/crocjeux.com\\\/wp-content\\\/uploads\\\/2022\\\/01\\\/fabulia.jpg\",\"contentUrl\":\"https:\\\/\\\/crocjeux.com\\\/wp-content\\\/uploads\\\/2022\\\/01\\\/fabulia.jpg\",\"width\":1000,\"height\":1000},{\"@type\":\"BreadcrumbList\",\"@id\":\"https:\\\/\\\/crocjeux.com\\\/index.php\\\/produit\\\/fabulia\\\/#breadcrumb\",\"itemListElement\":[{\"@type\":\"ListItem\",\"position\":1,\"name\":\"Accueil\",\"item\":\"https:\\\/\\\/crocjeux.com\\\/\"},{\"@type\":\"ListItem\",\"position\":2,\"name\":\"Boutique\",\"item\":\"https:\\\/\\\/crocjeux.com\\\/\"},{\"@type\":\"ListItem\",\"position\":3,\"name\":\"Fabulia\"}]},{\"@type\":\"WebSite\",\"@id\":\"https:\\\/\\\/crocjeux.com\\\/#website\",\"url\":\"https:\\\/\\\/crocjeux.com\\\/\",\"name\":\"Croc Jeux\",\"description\":\"Bienvenue chez Croc Jeux!\",\"publisher\":{\"@id\":\"https:\\\/\\\/crocjeux.com\\\/#organization\"},\"potentialAction\":[{\"@type\":\"SearchAction\",\"target\":{\"@type\":\"EntryPoint\",\"urlTemplate\":\"https:\\\/\\\/crocjeux.com\\\/?s={search_term_string}\"},\"query-input\":{\"@type\":\"PropertyValueSpecification\",\"valueRequired\":true,\"valueName\":\"search_term_string\"}}],\"inLanguage\":\"fr-FR\"},{\"@type\":\"Organization\",\"@id\":\"https:\\\/\\\/crocjeux.com\\\/#organization\",\"name\":\"Croc Jeux\",\"url\":\"https:\\\/\\\/crocjeux.com\\\/\",\"logo\":{\"@type\":\"ImageObject\",\"inLanguage\":\"fr-FR\",\"@id\":\"https:\\\/\\\/crocjeux.com\\\/#\\\/schema\\\/logo\\\/image\\\/\",\"url\":\"https:\\\/\\\/crocjeux.com\\\/wp-content\\\/uploads\\\/2022\\\/01\\\/cropped-logo-croc-etape-1-e1644574034239.jpg\",\"contentUrl\":\"https:\\\/\\\/crocjeux.com\\\/wp-content\\\/uploads\\\/2022\\\/01\\\/cropped-logo-croc-etape-1-e1644574034239.jpg\",\"width\":1224,\"height\":314,\"caption\":\"Croc Jeux\"},\"image\":{\"@id\":\"https:\\\/\\\/crocjeux.com\\\/#\\\/schema\\\/logo\\\/image\\\/\"}}]}<\/script>\n<!-- \/ Yoast SEO plugin. -->","yoast_head_json":{"title":"Fabulia - Croc Jeux","robots":{"index":"index","follow":"follow","max-snippet":"max-snippet:-1","max-image-preview":"max-image-preview:large","max-video-preview":"max-video-preview:-1"},"canonical":"https:\/\/crocjeux.com\/index.php\/produit\/fabulia\/","og_locale":"fr_FR","og_type":"article","og_title":"Fabulia - Croc Jeux","og_description":"Et si, dans notre histoire pr\u00e9f\u00e9r\u00e9e, les personnages changeaient constamment ? Est ce que \u00e7a ne la rendrait pas encore plus int\u00e9ressante ? Le garde mal\u00e9fique pourrait devenir un marin \u00e9l\u00e9gant du jour au lendemain\u2026 C\u2019est \u00e0 vous de le d\u00e9cider. Amusez-vous ! Utilisez votre esprit et votre imagination pour fa\u00e7onner des histories \u00e0 votre gout, en les habillant, avec les personnages les plus adapt\u00e9s!","og_url":"https:\/\/crocjeux.com\/index.php\/produit\/fabulia\/","og_site_name":"Croc Jeux","article_modified_time":"2023-02-09T12:25:20+00:00","og_image":[{"width":1000,"height":1000,"url":"https:\/\/crocjeux.com\/wp-content\/uploads\/2022\/01\/fabulia.jpg","type":"image\/jpeg"}],"twitter_card":"summary_large_image","twitter_misc":{"Dur\u00e9e de lecture estim\u00e9e":"1 minute"},"schema":{"@context":"https:\/\/schema.org","@graph":[{"@type":"WebPage","@id":"https:\/\/crocjeux.com\/index.php\/produit\/fabulia\/","url":"https:\/\/crocjeux.com\/index.php\/produit\/fabulia\/","name":"Fabulia - Croc Jeux","isPartOf":{"@id":"https:\/\/crocjeux.com\/#website"},"primaryImageOfPage":{"@id":"https:\/\/crocjeux.com\/index.php\/produit\/fabulia\/#primaryimage"},"image":{"@id":"https:\/\/crocjeux.com\/index.php\/produit\/fabulia\/#primaryimage"},"thumbnailUrl":"https:\/\/crocjeux.com\/wp-content\/uploads\/2022\/01\/fabulia.jpg","datePublished":"2022-01-31T16:22:59+00:00","dateModified":"2023-02-09T12:25:20+00:00","breadcrumb":{"@id":"https:\/\/crocjeux.com\/index.php\/produit\/fabulia\/#breadcrumb"},"inLanguage":"fr-FR","potentialAction":[{"@type":"ReadAction","target":["https:\/\/crocjeux.com\/index.php\/produit\/fabulia\/"]}]},{"@type":"ImageObject","inLanguage":"fr-FR","@id":"https:\/\/crocjeux.com\/index.php\/produit\/fabulia\/#primaryimage","url":"https:\/\/crocjeux.com\/wp-content\/uploads\/2022\/01\/fabulia.jpg","contentUrl":"https:\/\/crocjeux.com\/wp-content\/uploads\/2022\/01\/fabulia.jpg","width":1000,"height":1000},{"@type":"BreadcrumbList","@id":"https:\/\/crocjeux.com\/index.php\/produit\/fabulia\/#breadcrumb","itemListElement":[{"@type":"ListItem","position":1,"name":"Accueil","item":"https:\/\/crocjeux.com\/"},{"@type":"ListItem","position":2,"name":"Boutique","item":"https:\/\/crocjeux.com\/"},{"@type":"ListItem","position":3,"name":"Fabulia"}]},{"@type":"WebSite","@id":"https:\/\/crocjeux.com\/#website","url":"https:\/\/crocjeux.com\/","name":"Croc Jeux","description":"Bienvenue chez Croc Jeux!","publisher":{"@id":"https:\/\/crocjeux.com\/#organization"},"potentialAction":[{"@type":"SearchAction","target":{"@type":"EntryPoint","urlTemplate":"https:\/\/crocjeux.com\/?s={search_term_string}"},"query-input":{"@type":"PropertyValueSpecification","valueRequired":true,"valueName":"search_term_string"}}],"inLanguage":"fr-FR"},{"@type":"Organization","@id":"https:\/\/crocjeux.com\/#organization","name":"Croc Jeux","url":"https:\/\/crocjeux.com\/","logo":{"@type":"ImageObject","inLanguage":"fr-FR","@id":"https:\/\/crocjeux.com\/#\/schema\/logo\/image\/","url":"https:\/\/crocjeux.com\/wp-content\/uploads\/2022\/01\/cropped-logo-croc-etape-1-e1644574034239.jpg","contentUrl":"https:\/\/crocjeux.com\/wp-content\/uploads\/2022\/01\/cropped-logo-croc-etape-1-e1644574034239.jpg","width":1224,"height":314,"caption":"Croc Jeux"},"image":{"@id":"https:\/\/crocjeux.com\/#\/schema\/logo\/image\/"}}]}},"_links":{"self":[{"href":"https:\/\/crocjeux.com\/index.php\/wp-json\/wp\/v2\/product\/3493","targetHints":{"allow":["GET"]}}],"collection":[{"href":"https:\/\/crocjeux.com\/index.php\/wp-json\/wp\/v2\/product"}],"about":[{"href":"https:\/\/crocjeux.com\/index.php\/wp-json\/wp\/v2\/types\/product"}],"replies":[{"embeddable":true,"href":"https:\/\/crocjeux.com\/index.php\/wp-json\/wp\/v2\/comments?post=3493"}],"wp:featuredmedia":[{"embeddable":true,"href":"https:\/\/crocjeux.com\/index.php\/wp-json\/wp\/v2\/media\/3494"}],"wp:attachment":[{"href":"https:\/\/crocjeux.com\/index.php\/wp-json\/wp\/v2\/media?parent=3493"}],"wp:term":[{"taxonomy":"product_brand","embeddable":true,"href":"https:\/\/crocjeux.com\/index.php\/wp-json\/wp\/v2\/product_brand?post=3493"},{"taxonomy":"product_cat","embeddable":true,"href":"https:\/\/crocjeux.com\/index.php\/wp-json\/wp\/v2\/product_cat?post=3493"},{"taxonomy":"product_tag","embeddable":true,"href":"https:\/\/crocjeux.com\/index.php\/wp-json\/wp\/v2\/product_tag?post=3493"}],"curies":[{"name":"wp","href":"https:\/\/api.w.org\/{rel}","templated":true}]}}