{"id":350,"date":"2020-11-03T14:40:50","date_gmt":"2020-11-03T13:40:50","guid":{"rendered":"https:\/\/crocjeux.com\/?post_type=product&#038;p=350"},"modified":"2024-06-13T09:39:06","modified_gmt":"2024-06-13T08:39:06","slug":"love-letter","status":"publish","type":"product","link":"https:\/\/crocjeux.com\/index.php\/produit\/love-letter\/","title":{"rendered":"Love Letter"},"content":{"rendered":"<section id=\"tab-description\" class=\"page-product-box r-tabs-panel r-tabs-state-active\">\n<div class=\"rte\">\n<h2>Gagnez la confiance de la Princesse en devenant son confident<\/h2>\n<p>La Princesse est \u00e0 la recherche d&rsquo;un partenaire id\u00e9al et d&rsquo;un confident pour l&rsquo;aider dans ses fonctions royales lorsqu&rsquo;elle acc\u00e9dera un jour au tr\u00f4ne. Vous devez prouver votre valeur et gagner sa confiance en enr\u00f4lant des\u00a0alli\u00e9s, des amis et la famille de la Princesse pour lui porter une lettre d&rsquo;intention.<\/p>\n<h2>Un jeu de cartes minimaliste venu du Japon<\/h2>\n<div>\n<p>Dans ce jeu de cartes rapide d&rsquo;une vingtaine de minutes, qui m\u00e9lange prise de risque et d\u00e9duction, rivalisez avec vos concurrents pour que vos missives soient livr\u00e9es \u00e0 la Princesse. Malheureusement, vous d\u00e9pendez de nombreux interm\u00e9diaires pour livrer votre message.<\/p>\n<\/div>\n<div>\n<div>En jouant les cartes une \u00e0 la fois, les joueurs utiliseront les capacit\u00e9s de ces personnes cl\u00e9s dans la vie de la Princesse pour d\u00e9jouer leurs adversaires et r\u00e9ussir \u00e0 livrer leur lettre. Les joueurs doivent utiliser les comp\u00e9tences sp\u00e9ciales de chaque personnage pour \u00e9viter d&rsquo;\u00eatre pris et r\u00e9ussir \u00e0 livrer leur lettre \u00e0 la princesse. Le joueur qui atteint le nombre de jetons de faveur fix\u00e9 en d\u00e9but de partie (diff\u00e9rent selon le nombre de joueurs), remporte le jeu et devient le confident de la Princesse.<\/div>\n<\/div>\n<div><\/div>\n<div>\n<div>Love Letter se joue sur plusieurs tours de jeu. Chaque ronde se termine de deux mani\u00e8res diff\u00e9rentes :<\/div>\n<div>\n<ul>\n<li>lorsque le jeu s&rsquo;\u00e9puise<\/li>\n<li>lorsqu&rsquo;il ne reste plus qu&rsquo;un joueur dans la ronde<\/li>\n<\/ul>\n<\/div>\n<\/div>\n<h2>Les dix personnages et leurs effets<\/h2>\n<div>\n<ul>\n<li>La Princesse : Quittez le tour si vous devez la jouer.<\/li>\n<li>La Comtesse : Vous devez imp\u00e9rativement la jouer si vous avez le Roi ou un Prince.<\/li>\n<li>Le Roi : \u00c9changez votre main contre celle d&rsquo;un autre joueur.<\/li>\n<li>Le Chancelier : Piochez et remettez deux cartes sous le paquet.<\/li>\n<li>Le Prince : D\u00e9faussez votre main et piochez \u00e0 nouveau.<\/li>\n<li>La Servante : Les autres cartes n&rsquo;ont pas d&rsquo;effet sur vous jusqu&rsquo;au prochain tour.<\/li>\n<li>Le Baron : Comparez votre main avec celle d&rsquo;un autre joueur.<\/li>\n<li>Le Pr\u00eatre : Regardez la main d&rsquo;un autre joueur.<\/li>\n<li>La Garde : Devinez la main d&rsquo;un autre joueur.<\/li>\n<li>L&rsquo;Espionne : Gardez un pion Faveur si personne ne joue ou d\u00e9fausse une carte Espionne.<\/li>\n<\/ul>\n<\/div>\n<h2>Une nouvelle version \u00e9dit\u00e9e par Z-man Games<\/h2>\n<p>Cette nouvelle \u00e9dition de Love Letter permet de jouer jusqu\u2019\u00e0 6 joueurs. Toutes les illustrations ont \u00e9t\u00e9 revisit\u00e9es et mises au go\u00fbt du jour.<\/p>\n<\/div>\n<\/section>\n","protected":false},"excerpt":{"rendered":"<div id=\"short_description_block\">\n<div id=\"short_description_content\" class=\"rte align_justify hide-smartphone\">\n<p>Love Letter est un jeu rapide de d\u00e9duction et de prise de risque dans lequel les joueurs doivent d\u00e9jouer les plans de leurs adversaires pour gagner la confiance de la princesse.<\/p>\n<\/div>\n<\/div>\n","protected":false},"featured_media":351,"comment_status":"open","ping_status":"closed","template":"","meta":{"colormag_page_container_layout":"default_layout","colormag_page_sidebar_layout":"default_layout"},"product_brand":[],"product_cat":[40],"product_tag":[],"class_list":{"0":"post-350","1":"product","2":"type-product","3":"status-publish","4":"has-post-thumbnail","6":"product_cat-jeux-dambiance","8":"first","9":"instock","10":"taxable","11":"shipping-taxable","12":"purchasable","13":"product-type-simple"},"yoast_head":"<!-- This site is optimized with the Yoast SEO plugin v27.4 - https:\/\/yoast.com\/product\/yoast-seo-wordpress\/ -->\n<title>Love Letter - Croc Jeux<\/title>\n<meta name=\"robots\" content=\"index, follow, max-snippet:-1, max-image-preview:large, max-video-preview:-1\" \/>\n<link rel=\"canonical\" href=\"https:\/\/crocjeux.com\/index.php\/produit\/love-letter\/\" \/>\n<meta property=\"og:locale\" content=\"fr_FR\" \/>\n<meta property=\"og:type\" content=\"article\" \/>\n<meta property=\"og:title\" content=\"Love Letter - Croc Jeux\" \/>\n<meta property=\"og:description\" content=\"Love Letter est un jeu rapide de d\u00e9duction et de prise de risque dans lequel les joueurs doivent d\u00e9jouer les plans de leurs adversaires pour gagner la confiance de la princesse.\" \/>\n<meta property=\"og:url\" content=\"https:\/\/crocjeux.com\/index.php\/produit\/love-letter\/\" \/>\n<meta property=\"og:site_name\" content=\"Croc Jeux\" \/>\n<meta property=\"article:modified_time\" content=\"2024-06-13T08:39:06+00:00\" \/>\n<meta property=\"og:image\" content=\"https:\/\/crocjeux.com\/wp-content\/uploads\/2020\/11\/love_letter.png\" \/>\n\t<meta property=\"og:image:width\" content=\"253\" \/>\n\t<meta property=\"og:image:height\" content=\"455\" \/>\n\t<meta property=\"og:image:type\" content=\"image\/png\" \/>\n<meta name=\"twitter:card\" content=\"summary_large_image\" \/>\n<meta name=\"twitter:label1\" content=\"Dur\u00e9e de lecture estim\u00e9e\" \/>\n\t<meta name=\"twitter:data1\" content=\"2 minutes\" \/>\n<script type=\"application\/ld+json\" class=\"yoast-schema-graph\">{\"@context\":\"https:\\\/\\\/schema.org\",\"@graph\":[{\"@type\":\"WebPage\",\"@id\":\"https:\\\/\\\/crocjeux.com\\\/index.php\\\/produit\\\/love-letter\\\/\",\"url\":\"https:\\\/\\\/crocjeux.com\\\/index.php\\\/produit\\\/love-letter\\\/\",\"name\":\"Love Letter - Croc Jeux\",\"isPartOf\":{\"@id\":\"https:\\\/\\\/crocjeux.com\\\/#website\"},\"primaryImageOfPage\":{\"@id\":\"https:\\\/\\\/crocjeux.com\\\/index.php\\\/produit\\\/love-letter\\\/#primaryimage\"},\"image\":{\"@id\":\"https:\\\/\\\/crocjeux.com\\\/index.php\\\/produit\\\/love-letter\\\/#primaryimage\"},\"thumbnailUrl\":\"https:\\\/\\\/crocjeux.com\\\/wp-content\\\/uploads\\\/2020\\\/11\\\/love_letter.png\",\"datePublished\":\"2020-11-03T13:40:50+00:00\",\"dateModified\":\"2024-06-13T08:39:06+00:00\",\"breadcrumb\":{\"@id\":\"https:\\\/\\\/crocjeux.com\\\/index.php\\\/produit\\\/love-letter\\\/#breadcrumb\"},\"inLanguage\":\"fr-FR\",\"potentialAction\":[{\"@type\":\"ReadAction\",\"target\":[\"https:\\\/\\\/crocjeux.com\\\/index.php\\\/produit\\\/love-letter\\\/\"]}]},{\"@type\":\"ImageObject\",\"inLanguage\":\"fr-FR\",\"@id\":\"https:\\\/\\\/crocjeux.com\\\/index.php\\\/produit\\\/love-letter\\\/#primaryimage\",\"url\":\"https:\\\/\\\/crocjeux.com\\\/wp-content\\\/uploads\\\/2020\\\/11\\\/love_letter.png\",\"contentUrl\":\"https:\\\/\\\/crocjeux.com\\\/wp-content\\\/uploads\\\/2020\\\/11\\\/love_letter.png\",\"width\":253,\"height\":455},{\"@type\":\"BreadcrumbList\",\"@id\":\"https:\\\/\\\/crocjeux.com\\\/index.php\\\/produit\\\/love-letter\\\/#breadcrumb\",\"itemListElement\":[{\"@type\":\"ListItem\",\"position\":1,\"name\":\"Accueil\",\"item\":\"https:\\\/\\\/crocjeux.com\\\/\"},{\"@type\":\"ListItem\",\"position\":2,\"name\":\"Boutique\",\"item\":\"https:\\\/\\\/crocjeux.com\\\/\"},{\"@type\":\"ListItem\",\"position\":3,\"name\":\"Love Letter\"}]},{\"@type\":\"WebSite\",\"@id\":\"https:\\\/\\\/crocjeux.com\\\/#website\",\"url\":\"https:\\\/\\\/crocjeux.com\\\/\",\"name\":\"Croc Jeux\",\"description\":\"Bienvenue chez Croc Jeux!\",\"publisher\":{\"@id\":\"https:\\\/\\\/crocjeux.com\\\/#organization\"},\"potentialAction\":[{\"@type\":\"SearchAction\",\"target\":{\"@type\":\"EntryPoint\",\"urlTemplate\":\"https:\\\/\\\/crocjeux.com\\\/?s={search_term_string}\"},\"query-input\":{\"@type\":\"PropertyValueSpecification\",\"valueRequired\":true,\"valueName\":\"search_term_string\"}}],\"inLanguage\":\"fr-FR\"},{\"@type\":\"Organization\",\"@id\":\"https:\\\/\\\/crocjeux.com\\\/#organization\",\"name\":\"Croc Jeux\",\"url\":\"https:\\\/\\\/crocjeux.com\\\/\",\"logo\":{\"@type\":\"ImageObject\",\"inLanguage\":\"fr-FR\",\"@id\":\"https:\\\/\\\/crocjeux.com\\\/#\\\/schema\\\/logo\\\/image\\\/\",\"url\":\"https:\\\/\\\/crocjeux.com\\\/wp-content\\\/uploads\\\/2022\\\/01\\\/cropped-logo-croc-etape-1-e1644574034239.jpg\",\"contentUrl\":\"https:\\\/\\\/crocjeux.com\\\/wp-content\\\/uploads\\\/2022\\\/01\\\/cropped-logo-croc-etape-1-e1644574034239.jpg\",\"width\":1224,\"height\":314,\"caption\":\"Croc Jeux\"},\"image\":{\"@id\":\"https:\\\/\\\/crocjeux.com\\\/#\\\/schema\\\/logo\\\/image\\\/\"}}]}<\/script>\n<!-- \/ Yoast SEO plugin. -->","yoast_head_json":{"title":"Love Letter - Croc Jeux","robots":{"index":"index","follow":"follow","max-snippet":"max-snippet:-1","max-image-preview":"max-image-preview:large","max-video-preview":"max-video-preview:-1"},"canonical":"https:\/\/crocjeux.com\/index.php\/produit\/love-letter\/","og_locale":"fr_FR","og_type":"article","og_title":"Love Letter - Croc Jeux","og_description":"Love Letter est un jeu rapide de d\u00e9duction et de prise de risque dans lequel les joueurs doivent d\u00e9jouer les plans de leurs adversaires pour gagner la confiance de la princesse.","og_url":"https:\/\/crocjeux.com\/index.php\/produit\/love-letter\/","og_site_name":"Croc Jeux","article_modified_time":"2024-06-13T08:39:06+00:00","og_image":[{"width":253,"height":455,"url":"https:\/\/crocjeux.com\/wp-content\/uploads\/2020\/11\/love_letter.png","type":"image\/png"}],"twitter_card":"summary_large_image","twitter_misc":{"Dur\u00e9e de lecture estim\u00e9e":"2 minutes"},"schema":{"@context":"https:\/\/schema.org","@graph":[{"@type":"WebPage","@id":"https:\/\/crocjeux.com\/index.php\/produit\/love-letter\/","url":"https:\/\/crocjeux.com\/index.php\/produit\/love-letter\/","name":"Love Letter - Croc Jeux","isPartOf":{"@id":"https:\/\/crocjeux.com\/#website"},"primaryImageOfPage":{"@id":"https:\/\/crocjeux.com\/index.php\/produit\/love-letter\/#primaryimage"},"image":{"@id":"https:\/\/crocjeux.com\/index.php\/produit\/love-letter\/#primaryimage"},"thumbnailUrl":"https:\/\/crocjeux.com\/wp-content\/uploads\/2020\/11\/love_letter.png","datePublished":"2020-11-03T13:40:50+00:00","dateModified":"2024-06-13T08:39:06+00:00","breadcrumb":{"@id":"https:\/\/crocjeux.com\/index.php\/produit\/love-letter\/#breadcrumb"},"inLanguage":"fr-FR","potentialAction":[{"@type":"ReadAction","target":["https:\/\/crocjeux.com\/index.php\/produit\/love-letter\/"]}]},{"@type":"ImageObject","inLanguage":"fr-FR","@id":"https:\/\/crocjeux.com\/index.php\/produit\/love-letter\/#primaryimage","url":"https:\/\/crocjeux.com\/wp-content\/uploads\/2020\/11\/love_letter.png","contentUrl":"https:\/\/crocjeux.com\/wp-content\/uploads\/2020\/11\/love_letter.png","width":253,"height":455},{"@type":"BreadcrumbList","@id":"https:\/\/crocjeux.com\/index.php\/produit\/love-letter\/#breadcrumb","itemListElement":[{"@type":"ListItem","position":1,"name":"Accueil","item":"https:\/\/crocjeux.com\/"},{"@type":"ListItem","position":2,"name":"Boutique","item":"https:\/\/crocjeux.com\/"},{"@type":"ListItem","position":3,"name":"Love Letter"}]},{"@type":"WebSite","@id":"https:\/\/crocjeux.com\/#website","url":"https:\/\/crocjeux.com\/","name":"Croc Jeux","description":"Bienvenue chez Croc Jeux!","publisher":{"@id":"https:\/\/crocjeux.com\/#organization"},"potentialAction":[{"@type":"SearchAction","target":{"@type":"EntryPoint","urlTemplate":"https:\/\/crocjeux.com\/?s={search_term_string}"},"query-input":{"@type":"PropertyValueSpecification","valueRequired":true,"valueName":"search_term_string"}}],"inLanguage":"fr-FR"},{"@type":"Organization","@id":"https:\/\/crocjeux.com\/#organization","name":"Croc Jeux","url":"https:\/\/crocjeux.com\/","logo":{"@type":"ImageObject","inLanguage":"fr-FR","@id":"https:\/\/crocjeux.com\/#\/schema\/logo\/image\/","url":"https:\/\/crocjeux.com\/wp-content\/uploads\/2022\/01\/cropped-logo-croc-etape-1-e1644574034239.jpg","contentUrl":"https:\/\/crocjeux.com\/wp-content\/uploads\/2022\/01\/cropped-logo-croc-etape-1-e1644574034239.jpg","width":1224,"height":314,"caption":"Croc Jeux"},"image":{"@id":"https:\/\/crocjeux.com\/#\/schema\/logo\/image\/"}}]}},"_links":{"self":[{"href":"https:\/\/crocjeux.com\/index.php\/wp-json\/wp\/v2\/product\/350","targetHints":{"allow":["GET"]}}],"collection":[{"href":"https:\/\/crocjeux.com\/index.php\/wp-json\/wp\/v2\/product"}],"about":[{"href":"https:\/\/crocjeux.com\/index.php\/wp-json\/wp\/v2\/types\/product"}],"replies":[{"embeddable":true,"href":"https:\/\/crocjeux.com\/index.php\/wp-json\/wp\/v2\/comments?post=350"}],"wp:featuredmedia":[{"embeddable":true,"href":"https:\/\/crocjeux.com\/index.php\/wp-json\/wp\/v2\/media\/351"}],"wp:attachment":[{"href":"https:\/\/crocjeux.com\/index.php\/wp-json\/wp\/v2\/media?parent=350"}],"wp:term":[{"taxonomy":"product_brand","embeddable":true,"href":"https:\/\/crocjeux.com\/index.php\/wp-json\/wp\/v2\/product_brand?post=350"},{"taxonomy":"product_cat","embeddable":true,"href":"https:\/\/crocjeux.com\/index.php\/wp-json\/wp\/v2\/product_cat?post=350"},{"taxonomy":"product_tag","embeddable":true,"href":"https:\/\/crocjeux.com\/index.php\/wp-json\/wp\/v2\/product_tag?post=350"}],"curies":[{"name":"wp","href":"https:\/\/api.w.org\/{rel}","templated":true}]}}