{"id":356,"date":"2020-11-03T15:03:19","date_gmt":"2020-11-03T14:03:19","guid":{"rendered":"https:\/\/crocjeux.com\/?post_type=product&#038;p=356"},"modified":"2024-01-30T20:07:53","modified_gmt":"2024-01-30T19:07:53","slug":"dragomino","status":"publish","type":"product","link":"https:\/\/crocjeux.com\/index.php\/produit\/dragomino\/","title":{"rendered":"Dragomino"},"content":{"rendered":"<h2>Dragomino, une adaptation du c\u00e9l\u00e8bre Kingdomino pour les enfants!<\/h2>\n<p>Vous avez \u00e9t\u00e9 nomm\u00e9 \u00abdresseur de dragon\u00bb et vous avez la chance de partir \u00e0 leur rencontre sur une \u00eele myst\u00e9rieuse. Mais vous n\u2019\u00eates pas le seul dresseur envoy\u00e9 sur ces terres. Qui de vous d\u00e9couvrira le plus de b\u00e9b\u00e9s dragons ?<br \/>\nDragomino est une version enfant de Kingdomino \u00e0 jouer \u00e0 partir de 5 ans, dans laquelle vous retrouverez les bonnes sensations de Kingdomino!<br \/>\nPartez explorer l\u2019\u00eele aux dragons et tentez de d\u00e9couvrir un maximum de b\u00e9b\u00e9s dragons dans les diff\u00e9rents paysages que vous traversez !<\/p>\n<h2>D\u00e9roulement de la partie<\/h2>\n<p>A chaque tour les joueurs devront r\u00e9aliser 2 \u00e9tapes :<\/p>\n<ol>\n<li>Visitez les Lieux : le joueur choisit un domino disponible sur la table.<\/li>\n<li>Montrez vos d\u00e9couvertes : le joueur place son domino de fa\u00e7on \u00e0 toucher son domino de d\u00e9part. Pour chaque case du domino en contact avec une autre case, on regarde si les paysages sont du m\u00eame type ou non. Si c&rsquo;est le cas, le joueur prend un Oeuf de Dragon du paysage correspondant. Il peut alors regarder ce qui se cache sur l&rsquo;autre face. Si c&rsquo;est un b\u00e9b\u00e9 Dragon, il\u00a0 rapporte 1 point. Si c&rsquo;est une coquille d\u2019\u0153uf, le joueur ne marque pas de point mais aura la possibilit\u00e9 de jouer en premier au prochain tour!<\/li>\n<\/ol>\n<p>La partie se termine quand tous les dominos de la boite ont \u00e9t\u00e9 jou\u00e9s. Chaque joueur compte son nombre de points. Celui qui en a le plus remporte la partie!<\/p>\n","protected":false},"excerpt":{"rendered":"<p>Dragomino est une version enfant de Kingdomino \u00e0 jouer \u00e0 partir de 5 ans, dans laquelle vous retrouverez les sensations de Kingdomino!<\/p>\n","protected":false},"featured_media":357,"comment_status":"open","ping_status":"closed","template":"","meta":{"colormag_page_container_layout":"default_layout","colormag_page_sidebar_layout":"default_layout"},"product_brand":[],"product_cat":[33],"product_tag":[],"class_list":{"0":"post-356","1":"product","2":"type-product","3":"status-publish","4":"has-post-thumbnail","6":"product_cat-jeux-enfants","8":"first","9":"instock","10":"taxable","11":"shipping-taxable","12":"purchasable","13":"product-type-simple"},"yoast_head":"<!-- This site is optimized with the Yoast SEO plugin v27.4 - https:\/\/yoast.com\/product\/yoast-seo-wordpress\/ -->\n<title>Dragomino - Croc Jeux<\/title>\n<meta name=\"robots\" content=\"index, follow, max-snippet:-1, max-image-preview:large, max-video-preview:-1\" \/>\n<link rel=\"canonical\" href=\"https:\/\/crocjeux.com\/index.php\/produit\/dragomino\/\" \/>\n<meta property=\"og:locale\" content=\"fr_FR\" \/>\n<meta property=\"og:type\" content=\"article\" \/>\n<meta property=\"og:title\" content=\"Dragomino - Croc Jeux\" \/>\n<meta property=\"og:description\" content=\"Dragomino est une version enfant de Kingdomino \u00e0 jouer \u00e0 partir de 5 ans, dans laquelle vous retrouverez les sensations de Kingdomino!\" \/>\n<meta property=\"og:url\" content=\"https:\/\/crocjeux.com\/index.php\/produit\/dragomino\/\" \/>\n<meta property=\"og:site_name\" content=\"Croc Jeux\" \/>\n<meta property=\"article:modified_time\" content=\"2024-01-30T19:07:53+00:00\" \/>\n<meta property=\"og:image\" content=\"https:\/\/crocjeux.com\/wp-content\/uploads\/2020\/11\/dragomino.png\" \/>\n\t<meta property=\"og:image:width\" content=\"651\" \/>\n\t<meta property=\"og:image:height\" content=\"854\" \/>\n\t<meta property=\"og:image:type\" content=\"image\/png\" \/>\n<meta name=\"twitter:card\" content=\"summary_large_image\" \/>\n<meta name=\"twitter:label1\" content=\"Dur\u00e9e de lecture estim\u00e9e\" \/>\n\t<meta name=\"twitter:data1\" content=\"1 minute\" \/>\n<script type=\"application\/ld+json\" class=\"yoast-schema-graph\">{\"@context\":\"https:\\\/\\\/schema.org\",\"@graph\":[{\"@type\":\"WebPage\",\"@id\":\"https:\\\/\\\/crocjeux.com\\\/index.php\\\/produit\\\/dragomino\\\/\",\"url\":\"https:\\\/\\\/crocjeux.com\\\/index.php\\\/produit\\\/dragomino\\\/\",\"name\":\"Dragomino - Croc Jeux\",\"isPartOf\":{\"@id\":\"https:\\\/\\\/crocjeux.com\\\/#website\"},\"primaryImageOfPage\":{\"@id\":\"https:\\\/\\\/crocjeux.com\\\/index.php\\\/produit\\\/dragomino\\\/#primaryimage\"},\"image\":{\"@id\":\"https:\\\/\\\/crocjeux.com\\\/index.php\\\/produit\\\/dragomino\\\/#primaryimage\"},\"thumbnailUrl\":\"https:\\\/\\\/crocjeux.com\\\/wp-content\\\/uploads\\\/2020\\\/11\\\/dragomino.png\",\"datePublished\":\"2020-11-03T14:03:19+00:00\",\"dateModified\":\"2024-01-30T19:07:53+00:00\",\"breadcrumb\":{\"@id\":\"https:\\\/\\\/crocjeux.com\\\/index.php\\\/produit\\\/dragomino\\\/#breadcrumb\"},\"inLanguage\":\"fr-FR\",\"potentialAction\":[{\"@type\":\"ReadAction\",\"target\":[\"https:\\\/\\\/crocjeux.com\\\/index.php\\\/produit\\\/dragomino\\\/\"]}]},{\"@type\":\"ImageObject\",\"inLanguage\":\"fr-FR\",\"@id\":\"https:\\\/\\\/crocjeux.com\\\/index.php\\\/produit\\\/dragomino\\\/#primaryimage\",\"url\":\"https:\\\/\\\/crocjeux.com\\\/wp-content\\\/uploads\\\/2020\\\/11\\\/dragomino.png\",\"contentUrl\":\"https:\\\/\\\/crocjeux.com\\\/wp-content\\\/uploads\\\/2020\\\/11\\\/dragomino.png\",\"width\":651,\"height\":854},{\"@type\":\"BreadcrumbList\",\"@id\":\"https:\\\/\\\/crocjeux.com\\\/index.php\\\/produit\\\/dragomino\\\/#breadcrumb\",\"itemListElement\":[{\"@type\":\"ListItem\",\"position\":1,\"name\":\"Accueil\",\"item\":\"https:\\\/\\\/crocjeux.com\\\/\"},{\"@type\":\"ListItem\",\"position\":2,\"name\":\"Boutique\",\"item\":\"https:\\\/\\\/crocjeux.com\\\/\"},{\"@type\":\"ListItem\",\"position\":3,\"name\":\"Dragomino\"}]},{\"@type\":\"WebSite\",\"@id\":\"https:\\\/\\\/crocjeux.com\\\/#website\",\"url\":\"https:\\\/\\\/crocjeux.com\\\/\",\"name\":\"Croc Jeux\",\"description\":\"Bienvenue chez Croc Jeux!\",\"publisher\":{\"@id\":\"https:\\\/\\\/crocjeux.com\\\/#organization\"},\"potentialAction\":[{\"@type\":\"SearchAction\",\"target\":{\"@type\":\"EntryPoint\",\"urlTemplate\":\"https:\\\/\\\/crocjeux.com\\\/?s={search_term_string}\"},\"query-input\":{\"@type\":\"PropertyValueSpecification\",\"valueRequired\":true,\"valueName\":\"search_term_string\"}}],\"inLanguage\":\"fr-FR\"},{\"@type\":\"Organization\",\"@id\":\"https:\\\/\\\/crocjeux.com\\\/#organization\",\"name\":\"Croc Jeux\",\"url\":\"https:\\\/\\\/crocjeux.com\\\/\",\"logo\":{\"@type\":\"ImageObject\",\"inLanguage\":\"fr-FR\",\"@id\":\"https:\\\/\\\/crocjeux.com\\\/#\\\/schema\\\/logo\\\/image\\\/\",\"url\":\"https:\\\/\\\/crocjeux.com\\\/wp-content\\\/uploads\\\/2022\\\/01\\\/cropped-logo-croc-etape-1-e1644574034239.jpg\",\"contentUrl\":\"https:\\\/\\\/crocjeux.com\\\/wp-content\\\/uploads\\\/2022\\\/01\\\/cropped-logo-croc-etape-1-e1644574034239.jpg\",\"width\":1224,\"height\":314,\"caption\":\"Croc Jeux\"},\"image\":{\"@id\":\"https:\\\/\\\/crocjeux.com\\\/#\\\/schema\\\/logo\\\/image\\\/\"}}]}<\/script>\n<!-- \/ Yoast SEO plugin. -->","yoast_head_json":{"title":"Dragomino - Croc Jeux","robots":{"index":"index","follow":"follow","max-snippet":"max-snippet:-1","max-image-preview":"max-image-preview:large","max-video-preview":"max-video-preview:-1"},"canonical":"https:\/\/crocjeux.com\/index.php\/produit\/dragomino\/","og_locale":"fr_FR","og_type":"article","og_title":"Dragomino - Croc Jeux","og_description":"Dragomino est une version enfant de Kingdomino \u00e0 jouer \u00e0 partir de 5 ans, dans laquelle vous retrouverez les sensations de Kingdomino!","og_url":"https:\/\/crocjeux.com\/index.php\/produit\/dragomino\/","og_site_name":"Croc Jeux","article_modified_time":"2024-01-30T19:07:53+00:00","og_image":[{"width":651,"height":854,"url":"https:\/\/crocjeux.com\/wp-content\/uploads\/2020\/11\/dragomino.png","type":"image\/png"}],"twitter_card":"summary_large_image","twitter_misc":{"Dur\u00e9e de lecture estim\u00e9e":"1 minute"},"schema":{"@context":"https:\/\/schema.org","@graph":[{"@type":"WebPage","@id":"https:\/\/crocjeux.com\/index.php\/produit\/dragomino\/","url":"https:\/\/crocjeux.com\/index.php\/produit\/dragomino\/","name":"Dragomino - Croc Jeux","isPartOf":{"@id":"https:\/\/crocjeux.com\/#website"},"primaryImageOfPage":{"@id":"https:\/\/crocjeux.com\/index.php\/produit\/dragomino\/#primaryimage"},"image":{"@id":"https:\/\/crocjeux.com\/index.php\/produit\/dragomino\/#primaryimage"},"thumbnailUrl":"https:\/\/crocjeux.com\/wp-content\/uploads\/2020\/11\/dragomino.png","datePublished":"2020-11-03T14:03:19+00:00","dateModified":"2024-01-30T19:07:53+00:00","breadcrumb":{"@id":"https:\/\/crocjeux.com\/index.php\/produit\/dragomino\/#breadcrumb"},"inLanguage":"fr-FR","potentialAction":[{"@type":"ReadAction","target":["https:\/\/crocjeux.com\/index.php\/produit\/dragomino\/"]}]},{"@type":"ImageObject","inLanguage":"fr-FR","@id":"https:\/\/crocjeux.com\/index.php\/produit\/dragomino\/#primaryimage","url":"https:\/\/crocjeux.com\/wp-content\/uploads\/2020\/11\/dragomino.png","contentUrl":"https:\/\/crocjeux.com\/wp-content\/uploads\/2020\/11\/dragomino.png","width":651,"height":854},{"@type":"BreadcrumbList","@id":"https:\/\/crocjeux.com\/index.php\/produit\/dragomino\/#breadcrumb","itemListElement":[{"@type":"ListItem","position":1,"name":"Accueil","item":"https:\/\/crocjeux.com\/"},{"@type":"ListItem","position":2,"name":"Boutique","item":"https:\/\/crocjeux.com\/"},{"@type":"ListItem","position":3,"name":"Dragomino"}]},{"@type":"WebSite","@id":"https:\/\/crocjeux.com\/#website","url":"https:\/\/crocjeux.com\/","name":"Croc Jeux","description":"Bienvenue chez Croc Jeux!","publisher":{"@id":"https:\/\/crocjeux.com\/#organization"},"potentialAction":[{"@type":"SearchAction","target":{"@type":"EntryPoint","urlTemplate":"https:\/\/crocjeux.com\/?s={search_term_string}"},"query-input":{"@type":"PropertyValueSpecification","valueRequired":true,"valueName":"search_term_string"}}],"inLanguage":"fr-FR"},{"@type":"Organization","@id":"https:\/\/crocjeux.com\/#organization","name":"Croc Jeux","url":"https:\/\/crocjeux.com\/","logo":{"@type":"ImageObject","inLanguage":"fr-FR","@id":"https:\/\/crocjeux.com\/#\/schema\/logo\/image\/","url":"https:\/\/crocjeux.com\/wp-content\/uploads\/2022\/01\/cropped-logo-croc-etape-1-e1644574034239.jpg","contentUrl":"https:\/\/crocjeux.com\/wp-content\/uploads\/2022\/01\/cropped-logo-croc-etape-1-e1644574034239.jpg","width":1224,"height":314,"caption":"Croc Jeux"},"image":{"@id":"https:\/\/crocjeux.com\/#\/schema\/logo\/image\/"}}]}},"_links":{"self":[{"href":"https:\/\/crocjeux.com\/index.php\/wp-json\/wp\/v2\/product\/356","targetHints":{"allow":["GET"]}}],"collection":[{"href":"https:\/\/crocjeux.com\/index.php\/wp-json\/wp\/v2\/product"}],"about":[{"href":"https:\/\/crocjeux.com\/index.php\/wp-json\/wp\/v2\/types\/product"}],"replies":[{"embeddable":true,"href":"https:\/\/crocjeux.com\/index.php\/wp-json\/wp\/v2\/comments?post=356"}],"wp:featuredmedia":[{"embeddable":true,"href":"https:\/\/crocjeux.com\/index.php\/wp-json\/wp\/v2\/media\/357"}],"wp:attachment":[{"href":"https:\/\/crocjeux.com\/index.php\/wp-json\/wp\/v2\/media?parent=356"}],"wp:term":[{"taxonomy":"product_brand","embeddable":true,"href":"https:\/\/crocjeux.com\/index.php\/wp-json\/wp\/v2\/product_brand?post=356"},{"taxonomy":"product_cat","embeddable":true,"href":"https:\/\/crocjeux.com\/index.php\/wp-json\/wp\/v2\/product_cat?post=356"},{"taxonomy":"product_tag","embeddable":true,"href":"https:\/\/crocjeux.com\/index.php\/wp-json\/wp\/v2\/product_tag?post=356"}],"curies":[{"name":"wp","href":"https:\/\/api.w.org\/{rel}","templated":true}]}}