{"id":3664,"date":"2022-02-04T17:55:32","date_gmt":"2022-02-04T16:55:32","guid":{"rendered":"https:\/\/crocjeux.com\/?post_type=product&#038;p=3664"},"modified":"2024-01-11T13:09:23","modified_gmt":"2024-01-11T12:09:23","slug":"magic-market","status":"publish","type":"product","link":"https:\/\/crocjeux.com\/index.php\/produit\/magic-market\/","title":{"rendered":"Magic Market"},"content":{"rendered":"<div class=\"expander__content\">\n<div class=\"f-productDesc\">\n<div class=\"f-productDesc__raw\">\n<div id=\"product-infos-tabs-content\" class=\"tab-content\">\n<div class=\"tab bloc_tab tab_desc tab_selected\">\n<p>Magic Market est un<strong> jeu de commerce et de n\u00e9gociation d&rsquo;objets magiques<\/strong> accessible aux enfants d\u00e8s 6 ans. Chaque joueur dispose d&rsquo;<strong>un \u00e9tal rempli d&rsquo;artefacts fantastiques<\/strong> qu&rsquo;il doit vendre aux visiteurs du march\u00e9. Mais attention car pour <strong>r\u00e9cup\u00e9rer un maximum de Dragos<\/strong> et gagner la partie, il faudra deviner les envies de chaque visiteur ! Magic Market peut se jouer de 2 \u00e0 4 joueurs dans des parties d&rsquo;environ 30 minutes.<\/p>\n<p>Les visiteurs du march\u00e9 se prom\u00e8nent de stand en stand, \u00e0 la recherche de certains objets, <strong>indiqu\u00e9s sous les pions<\/strong>. Rep\u00e9rez bien les acheteurs potentiels \u00e0 mesure que la partie avance et <strong>ne les perdez pas de vue alors qu&rsquo;ils circulent sur le plateau<\/strong> de jeu tournant ! Il vous est aussi possible de <strong>n\u00e9gocier des objets avec les autres joueurs<\/strong>. En fin de partie le joueur avec le plus de Dragos (la monnaie du jeu) est d\u00e9clar\u00e9 vainqueur.<\/p>\n<p>Magic Market propose une <strong>univers magique, \u00e0 la fois chaleureux et attachant<\/strong>. Il contient <strong>plus de 45 Objets Magiques<\/strong> \u00e0 d\u00e9couvrir ainsi qu&rsquo;un <strong>plateau tournant amusant<\/strong>. Les joueurs sont invit\u00e9s tout au long de la partie \u00e0 <strong>cr\u00e9er l&rsquo;histoire des objets<\/strong> mis en jeu, pour le plus grand plaisir de tous. C&rsquo;est un<strong> jeu immersif aux m\u00e9caniques intuitives<\/strong> avec une composante de n\u00e9gociation accessible. Un <strong>niveau de difficult\u00e9 suppl\u00e9mentaire<\/strong> permet d&rsquo;augmenter le challenge pour les plus aguerris.<\/p>\n<p><strong>Contenu\u00a0:<\/strong><\/p>\n<ul>\n<li>1 plateau Place du March\u00e9<\/li>\n<li>1 disque Chemin des Visiteurs<\/li>\n<li>4 stands<\/li>\n<li>12 pions Visiteur<\/li>\n<li>1 horloge<\/li>\n<li>20 pi\u00e8ces de 1 Drago<\/li>\n<li>20 billets de 5 Dragos<\/li>\n<li>2 d\u00e9s<\/li>\n<li>4 fiches Besace<\/li>\n<li>48 tuiles Objets Magiques<\/li>\n<li>1 R\u00e8gle du jeu<\/li>\n<\/ul>\n<p><strong><i>\u00c0 partir de 6 ans, de 2 \u00e0 4 joueurs et pour des parties d&rsquo;environ 30 minutes.<\/i><\/strong><\/div>\n<\/div>\n<\/div>\n<\/div>\n<\/div>\n","protected":false},"excerpt":{"rendered":"<p>Magic Market est un jeu de commerce et de n\u00e9gociation d&rsquo;objets magiques accessible aux enfants d\u00e8s 6 ans. Chaque joueur<\/p>\n","protected":false},"featured_media":3665,"comment_status":"open","ping_status":"closed","template":"","meta":{"colormag_page_container_layout":"default_layout","colormag_page_sidebar_layout":"default_layout"},"product_brand":[],"product_cat":[27],"product_tag":[],"class_list":{"0":"post-3664","1":"product","2":"type-product","3":"status-publish","4":"has-post-thumbnail","6":"product_cat-jeux_casses_tetes","8":"first","9":"instock","10":"taxable","11":"shipping-taxable","12":"purchasable","13":"product-type-simple"},"yoast_head":"<!-- This site is optimized with the Yoast SEO plugin v27.4 - https:\/\/yoast.com\/product\/yoast-seo-wordpress\/ -->\n<title>Magic Market - Croc Jeux<\/title>\n<meta name=\"robots\" content=\"index, follow, max-snippet:-1, max-image-preview:large, max-video-preview:-1\" \/>\n<link rel=\"canonical\" href=\"https:\/\/crocjeux.com\/index.php\/produit\/magic-market\/\" \/>\n<meta property=\"og:locale\" content=\"fr_FR\" \/>\n<meta property=\"og:type\" content=\"article\" \/>\n<meta property=\"og:title\" content=\"Magic Market - Croc Jeux\" \/>\n<meta property=\"og:description\" content=\"Magic Market est un jeu de commerce et de n\u00e9gociation d&rsquo;objets magiques accessible aux enfants d\u00e8s 6 ans. Chaque joueur\" \/>\n<meta property=\"og:url\" content=\"https:\/\/crocjeux.com\/index.php\/produit\/magic-market\/\" \/>\n<meta property=\"og:site_name\" content=\"Croc Jeux\" \/>\n<meta property=\"article:modified_time\" content=\"2024-01-11T12:09:23+00:00\" \/>\n<meta property=\"og:image\" content=\"https:\/\/crocjeux.com\/wp-content\/uploads\/2022\/02\/magic-market-jeu-loki-boite.jpg\" \/>\n\t<meta property=\"og:image:width\" content=\"800\" \/>\n\t<meta property=\"og:image:height\" content=\"800\" \/>\n\t<meta property=\"og:image:type\" content=\"image\/jpeg\" \/>\n<meta name=\"twitter:card\" content=\"summary_large_image\" \/>\n<meta name=\"twitter:label1\" content=\"Dur\u00e9e de lecture estim\u00e9e\" \/>\n\t<meta name=\"twitter:data1\" content=\"1 minute\" \/>\n<script type=\"application\/ld+json\" class=\"yoast-schema-graph\">{\"@context\":\"https:\\\/\\\/schema.org\",\"@graph\":[{\"@type\":\"WebPage\",\"@id\":\"https:\\\/\\\/crocjeux.com\\\/index.php\\\/produit\\\/magic-market\\\/\",\"url\":\"https:\\\/\\\/crocjeux.com\\\/index.php\\\/produit\\\/magic-market\\\/\",\"name\":\"Magic Market - Croc Jeux\",\"isPartOf\":{\"@id\":\"https:\\\/\\\/crocjeux.com\\\/#website\"},\"primaryImageOfPage\":{\"@id\":\"https:\\\/\\\/crocjeux.com\\\/index.php\\\/produit\\\/magic-market\\\/#primaryimage\"},\"image\":{\"@id\":\"https:\\\/\\\/crocjeux.com\\\/index.php\\\/produit\\\/magic-market\\\/#primaryimage\"},\"thumbnailUrl\":\"https:\\\/\\\/crocjeux.com\\\/wp-content\\\/uploads\\\/2022\\\/02\\\/magic-market-jeu-loki-boite.jpg\",\"datePublished\":\"2022-02-04T16:55:32+00:00\",\"dateModified\":\"2024-01-11T12:09:23+00:00\",\"breadcrumb\":{\"@id\":\"https:\\\/\\\/crocjeux.com\\\/index.php\\\/produit\\\/magic-market\\\/#breadcrumb\"},\"inLanguage\":\"fr-FR\",\"potentialAction\":[{\"@type\":\"ReadAction\",\"target\":[\"https:\\\/\\\/crocjeux.com\\\/index.php\\\/produit\\\/magic-market\\\/\"]}]},{\"@type\":\"ImageObject\",\"inLanguage\":\"fr-FR\",\"@id\":\"https:\\\/\\\/crocjeux.com\\\/index.php\\\/produit\\\/magic-market\\\/#primaryimage\",\"url\":\"https:\\\/\\\/crocjeux.com\\\/wp-content\\\/uploads\\\/2022\\\/02\\\/magic-market-jeu-loki-boite.jpg\",\"contentUrl\":\"https:\\\/\\\/crocjeux.com\\\/wp-content\\\/uploads\\\/2022\\\/02\\\/magic-market-jeu-loki-boite.jpg\",\"width\":800,\"height\":800},{\"@type\":\"BreadcrumbList\",\"@id\":\"https:\\\/\\\/crocjeux.com\\\/index.php\\\/produit\\\/magic-market\\\/#breadcrumb\",\"itemListElement\":[{\"@type\":\"ListItem\",\"position\":1,\"name\":\"Accueil\",\"item\":\"https:\\\/\\\/crocjeux.com\\\/\"},{\"@type\":\"ListItem\",\"position\":2,\"name\":\"Boutique\",\"item\":\"https:\\\/\\\/crocjeux.com\\\/\"},{\"@type\":\"ListItem\",\"position\":3,\"name\":\"Magic Market\"}]},{\"@type\":\"WebSite\",\"@id\":\"https:\\\/\\\/crocjeux.com\\\/#website\",\"url\":\"https:\\\/\\\/crocjeux.com\\\/\",\"name\":\"Croc Jeux\",\"description\":\"Bienvenue chez Croc Jeux!\",\"publisher\":{\"@id\":\"https:\\\/\\\/crocjeux.com\\\/#organization\"},\"potentialAction\":[{\"@type\":\"SearchAction\",\"target\":{\"@type\":\"EntryPoint\",\"urlTemplate\":\"https:\\\/\\\/crocjeux.com\\\/?s={search_term_string}\"},\"query-input\":{\"@type\":\"PropertyValueSpecification\",\"valueRequired\":true,\"valueName\":\"search_term_string\"}}],\"inLanguage\":\"fr-FR\"},{\"@type\":\"Organization\",\"@id\":\"https:\\\/\\\/crocjeux.com\\\/#organization\",\"name\":\"Croc Jeux\",\"url\":\"https:\\\/\\\/crocjeux.com\\\/\",\"logo\":{\"@type\":\"ImageObject\",\"inLanguage\":\"fr-FR\",\"@id\":\"https:\\\/\\\/crocjeux.com\\\/#\\\/schema\\\/logo\\\/image\\\/\",\"url\":\"https:\\\/\\\/crocjeux.com\\\/wp-content\\\/uploads\\\/2022\\\/01\\\/cropped-logo-croc-etape-1-e1644574034239.jpg\",\"contentUrl\":\"https:\\\/\\\/crocjeux.com\\\/wp-content\\\/uploads\\\/2022\\\/01\\\/cropped-logo-croc-etape-1-e1644574034239.jpg\",\"width\":1224,\"height\":314,\"caption\":\"Croc Jeux\"},\"image\":{\"@id\":\"https:\\\/\\\/crocjeux.com\\\/#\\\/schema\\\/logo\\\/image\\\/\"}}]}<\/script>\n<!-- \/ Yoast SEO plugin. -->","yoast_head_json":{"title":"Magic Market - Croc Jeux","robots":{"index":"index","follow":"follow","max-snippet":"max-snippet:-1","max-image-preview":"max-image-preview:large","max-video-preview":"max-video-preview:-1"},"canonical":"https:\/\/crocjeux.com\/index.php\/produit\/magic-market\/","og_locale":"fr_FR","og_type":"article","og_title":"Magic Market - Croc Jeux","og_description":"Magic Market est un jeu de commerce et de n\u00e9gociation d&rsquo;objets magiques accessible aux enfants d\u00e8s 6 ans. Chaque joueur","og_url":"https:\/\/crocjeux.com\/index.php\/produit\/magic-market\/","og_site_name":"Croc Jeux","article_modified_time":"2024-01-11T12:09:23+00:00","og_image":[{"width":800,"height":800,"url":"https:\/\/crocjeux.com\/wp-content\/uploads\/2022\/02\/magic-market-jeu-loki-boite.jpg","type":"image\/jpeg"}],"twitter_card":"summary_large_image","twitter_misc":{"Dur\u00e9e de lecture estim\u00e9e":"1 minute"},"schema":{"@context":"https:\/\/schema.org","@graph":[{"@type":"WebPage","@id":"https:\/\/crocjeux.com\/index.php\/produit\/magic-market\/","url":"https:\/\/crocjeux.com\/index.php\/produit\/magic-market\/","name":"Magic Market - Croc Jeux","isPartOf":{"@id":"https:\/\/crocjeux.com\/#website"},"primaryImageOfPage":{"@id":"https:\/\/crocjeux.com\/index.php\/produit\/magic-market\/#primaryimage"},"image":{"@id":"https:\/\/crocjeux.com\/index.php\/produit\/magic-market\/#primaryimage"},"thumbnailUrl":"https:\/\/crocjeux.com\/wp-content\/uploads\/2022\/02\/magic-market-jeu-loki-boite.jpg","datePublished":"2022-02-04T16:55:32+00:00","dateModified":"2024-01-11T12:09:23+00:00","breadcrumb":{"@id":"https:\/\/crocjeux.com\/index.php\/produit\/magic-market\/#breadcrumb"},"inLanguage":"fr-FR","potentialAction":[{"@type":"ReadAction","target":["https:\/\/crocjeux.com\/index.php\/produit\/magic-market\/"]}]},{"@type":"ImageObject","inLanguage":"fr-FR","@id":"https:\/\/crocjeux.com\/index.php\/produit\/magic-market\/#primaryimage","url":"https:\/\/crocjeux.com\/wp-content\/uploads\/2022\/02\/magic-market-jeu-loki-boite.jpg","contentUrl":"https:\/\/crocjeux.com\/wp-content\/uploads\/2022\/02\/magic-market-jeu-loki-boite.jpg","width":800,"height":800},{"@type":"BreadcrumbList","@id":"https:\/\/crocjeux.com\/index.php\/produit\/magic-market\/#breadcrumb","itemListElement":[{"@type":"ListItem","position":1,"name":"Accueil","item":"https:\/\/crocjeux.com\/"},{"@type":"ListItem","position":2,"name":"Boutique","item":"https:\/\/crocjeux.com\/"},{"@type":"ListItem","position":3,"name":"Magic Market"}]},{"@type":"WebSite","@id":"https:\/\/crocjeux.com\/#website","url":"https:\/\/crocjeux.com\/","name":"Croc Jeux","description":"Bienvenue chez Croc Jeux!","publisher":{"@id":"https:\/\/crocjeux.com\/#organization"},"potentialAction":[{"@type":"SearchAction","target":{"@type":"EntryPoint","urlTemplate":"https:\/\/crocjeux.com\/?s={search_term_string}"},"query-input":{"@type":"PropertyValueSpecification","valueRequired":true,"valueName":"search_term_string"}}],"inLanguage":"fr-FR"},{"@type":"Organization","@id":"https:\/\/crocjeux.com\/#organization","name":"Croc Jeux","url":"https:\/\/crocjeux.com\/","logo":{"@type":"ImageObject","inLanguage":"fr-FR","@id":"https:\/\/crocjeux.com\/#\/schema\/logo\/image\/","url":"https:\/\/crocjeux.com\/wp-content\/uploads\/2022\/01\/cropped-logo-croc-etape-1-e1644574034239.jpg","contentUrl":"https:\/\/crocjeux.com\/wp-content\/uploads\/2022\/01\/cropped-logo-croc-etape-1-e1644574034239.jpg","width":1224,"height":314,"caption":"Croc Jeux"},"image":{"@id":"https:\/\/crocjeux.com\/#\/schema\/logo\/image\/"}}]}},"_links":{"self":[{"href":"https:\/\/crocjeux.com\/index.php\/wp-json\/wp\/v2\/product\/3664","targetHints":{"allow":["GET"]}}],"collection":[{"href":"https:\/\/crocjeux.com\/index.php\/wp-json\/wp\/v2\/product"}],"about":[{"href":"https:\/\/crocjeux.com\/index.php\/wp-json\/wp\/v2\/types\/product"}],"replies":[{"embeddable":true,"href":"https:\/\/crocjeux.com\/index.php\/wp-json\/wp\/v2\/comments?post=3664"}],"wp:featuredmedia":[{"embeddable":true,"href":"https:\/\/crocjeux.com\/index.php\/wp-json\/wp\/v2\/media\/3665"}],"wp:attachment":[{"href":"https:\/\/crocjeux.com\/index.php\/wp-json\/wp\/v2\/media?parent=3664"}],"wp:term":[{"taxonomy":"product_brand","embeddable":true,"href":"https:\/\/crocjeux.com\/index.php\/wp-json\/wp\/v2\/product_brand?post=3664"},{"taxonomy":"product_cat","embeddable":true,"href":"https:\/\/crocjeux.com\/index.php\/wp-json\/wp\/v2\/product_cat?post=3664"},{"taxonomy":"product_tag","embeddable":true,"href":"https:\/\/crocjeux.com\/index.php\/wp-json\/wp\/v2\/product_tag?post=3664"}],"curies":[{"name":"wp","href":"https:\/\/api.w.org\/{rel}","templated":true}]}}