{"id":376,"date":"2020-11-03T15:29:03","date_gmt":"2020-11-03T14:29:03","guid":{"rendered":"https:\/\/crocjeux.com\/?post_type=product&#038;p=376"},"modified":"2023-01-26T18:18:42","modified_gmt":"2023-01-26T17:18:42","slug":"attrape-reves","status":"publish","type":"product","link":"https:\/\/crocjeux.com\/index.php\/produit\/attrape-reves\/","title":{"rendered":"Attrape R\u00eaves"},"content":{"rendered":"<section id=\"tab-description\" class=\"page-product-box r-tabs-panel r-tabs-state-active\">\n<div class=\"rte\">\n<h2>Un jeu qui fait r\u00eaver<\/h2>\n<div>Tous les enfants le savent. Un mauvais r\u00eave peut facilement venir g\u00e2cher une bonne nuit de sommeil. Mais heureusement, les doudous existent pour les aider \u00e0 affronter leurs pires cauchemars et les transformer en jolies histoires.<br \/>\nDans Attrape Re\u0302ves, les petits joueurs devront utiliser leur sens de l\u2019observation afin de choisir le meilleur doudou qui an\u00e9antira le cauchemar chahuteur.<\/div>\n<h2>Une plong\u00e9e dans les r\u00eaves !<\/h2>\n<div>Attrape R\u00eaves est un jeu de soci\u00e9t\u00e9 \u00e0 partir de 4 ans pour 2 \u00e0 4 joueurs. Le jeu se d\u00e9roule en plusieurs tours :<\/div>\n<div>\n<ol>\n<li>Le choix du doudou : Une fois la premi\u00e8re carte Cauchemar retourn\u00e9e au centre de la table, chaque joueur doit choisir \u00e0 son tour une tuile Doudou qui, selon lui, recouvre compl\u00e8tement le cauchemar de la carte.<\/li>\n<li>La v\u00e9rification du recouvrement du cauchemar :\u00a0Chaque joueur, dans l\u2019ordre du tour, place la tuile Doudou qu\u2019il a choisie sur la carte Cauchemar afin de v\u00e9rifier si ce dernier est parfaitement recouvert par le doudou. Si le cauchemar n&rsquo;est pas totalement recouvert, le mauvais r\u00eave remporte la bataille et le joueur n&rsquo;obtient pas de jeton r\u00eave. Si le cauchemar est recouvert, le joueur l&rsquo;a vaincu. Il\u00a0pioche alors dans le sac-oreiller autant de jetons R\u00eave qu&rsquo;il y a d\u2019\u00e9toiles sur le doudou choisi.<\/li>\n<li>\u00c0 la fin de la phase 2, la carte cauchemar est d\u00e9fauss\u00e9e puis les tuiles Doudou sont remises au centre. Une nouvelle carte Cauchemar est retourn\u00e9e et un nouveau tour de jeu d\u00e9bute.<\/li>\n<\/ol>\n<\/div>\n<h2>Fin de la partie<\/h2>\n<div>Le ou les premiers joueurs \u00e0 collecter 12 jetons r\u00eave remportent la partie. Leurs nuages sont alors remplis de beaux r\u00eaves.<\/div>\n<h2>Les variantes de jeu<\/h2>\n<div>Attrape R\u00eaves int\u00e8gre deux variantes qui augmentent la jouabilit\u00e9 du jeu.<\/div>\n<div>\n<ul>\n<li>La variante coop\u00e9rative \u00ab\u00a0Bonne nuit les petits\u00a0\u00bb : Dans cette variante, qui peut \u00eatre jou\u00e9e \u00e0 partir de 3 ans, les joueurs affrontent ensemble les cauchemars.\u00a0Si, apr\u00e8s huit tours, tous les cauchemars ont \u00e9t\u00e9 vaincus, les joueurs remportent la partie.<\/li>\n<li>La variante \u00ab\u00a0Nuit agit\u00e9e\u00a0\u00bb : Dans cette version, qui se joue \u00e0 partir de 6 ans, tous les joueurs doivent attraper au plus vite une tuile Doudou et la d\u00e9poser sur leur plateau. Puis ils passent \u00e0 la r\u00e9solution du tour comme pour le jeu de base.<\/li>\n<\/ul>\n<\/div>\n<\/div>\n<\/section>\n","protected":false},"excerpt":{"rendered":"<div id=\"short_description_block\">\n<div id=\"short_description_content\" class=\"rte align_justify hide-smartphone\">\n<p>Dans Attrape R\u00eaves, affrontez votre cauchemar \u00e0 l&rsquo;aide de votre doudou et tentez de remporter la partie en \u00e9tant le premier \u00e0 collecter 12 jetons r\u00eave.<\/p>\n<\/div>\n<\/div>\n","protected":false},"featured_media":378,"comment_status":"open","ping_status":"closed","template":"","meta":{"colormag_page_container_layout":"default_layout","colormag_page_sidebar_layout":"default_layout"},"product_brand":[],"product_cat":[33],"product_tag":[],"class_list":{"0":"post-376","1":"product","2":"type-product","3":"status-publish","4":"has-post-thumbnail","6":"product_cat-jeux-enfants","8":"first","9":"instock","10":"taxable","11":"shipping-taxable","12":"purchasable","13":"product-type-simple"},"yoast_head":"<!-- This site is optimized with the Yoast SEO plugin v27.4 - https:\/\/yoast.com\/product\/yoast-seo-wordpress\/ -->\n<title>Attrape R\u00eaves - Croc Jeux<\/title>\n<meta name=\"robots\" content=\"index, follow, max-snippet:-1, max-image-preview:large, max-video-preview:-1\" \/>\n<link rel=\"canonical\" href=\"https:\/\/crocjeux.com\/index.php\/produit\/attrape-reves\/\" \/>\n<meta property=\"og:locale\" content=\"fr_FR\" \/>\n<meta property=\"og:type\" content=\"article\" \/>\n<meta property=\"og:title\" content=\"Attrape R\u00eaves - Croc Jeux\" \/>\n<meta property=\"og:description\" content=\"Dans Attrape R\u00eaves, affrontez votre cauchemar \u00e0 l&#039;aide de votre doudou et tentez de remporter la partie en \u00e9tant le premier \u00e0 collecter 12 jetons r\u00eave.\" \/>\n<meta property=\"og:url\" content=\"https:\/\/crocjeux.com\/index.php\/produit\/attrape-reves\/\" \/>\n<meta property=\"og:site_name\" content=\"Croc Jeux\" \/>\n<meta property=\"article:modified_time\" content=\"2023-01-26T17:18:42+00:00\" \/>\n<meta property=\"og:image\" content=\"https:\/\/crocjeux.com\/wp-content\/uploads\/2020\/11\/attrape_reves.png\" \/>\n\t<meta property=\"og:image:width\" content=\"717\" \/>\n\t<meta property=\"og:image:height\" content=\"841\" \/>\n\t<meta property=\"og:image:type\" content=\"image\/png\" \/>\n<meta name=\"twitter:card\" content=\"summary_large_image\" \/>\n<meta name=\"twitter:label1\" content=\"Dur\u00e9e de lecture estim\u00e9e\" \/>\n\t<meta name=\"twitter:data1\" content=\"2 minutes\" \/>\n<script type=\"application\/ld+json\" class=\"yoast-schema-graph\">{\"@context\":\"https:\\\/\\\/schema.org\",\"@graph\":[{\"@type\":\"WebPage\",\"@id\":\"https:\\\/\\\/crocjeux.com\\\/index.php\\\/produit\\\/attrape-reves\\\/\",\"url\":\"https:\\\/\\\/crocjeux.com\\\/index.php\\\/produit\\\/attrape-reves\\\/\",\"name\":\"Attrape R\u00eaves - Croc Jeux\",\"isPartOf\":{\"@id\":\"https:\\\/\\\/crocjeux.com\\\/#website\"},\"primaryImageOfPage\":{\"@id\":\"https:\\\/\\\/crocjeux.com\\\/index.php\\\/produit\\\/attrape-reves\\\/#primaryimage\"},\"image\":{\"@id\":\"https:\\\/\\\/crocjeux.com\\\/index.php\\\/produit\\\/attrape-reves\\\/#primaryimage\"},\"thumbnailUrl\":\"https:\\\/\\\/crocjeux.com\\\/wp-content\\\/uploads\\\/2020\\\/11\\\/attrape_reves.png\",\"datePublished\":\"2020-11-03T14:29:03+00:00\",\"dateModified\":\"2023-01-26T17:18:42+00:00\",\"breadcrumb\":{\"@id\":\"https:\\\/\\\/crocjeux.com\\\/index.php\\\/produit\\\/attrape-reves\\\/#breadcrumb\"},\"inLanguage\":\"fr-FR\",\"potentialAction\":[{\"@type\":\"ReadAction\",\"target\":[\"https:\\\/\\\/crocjeux.com\\\/index.php\\\/produit\\\/attrape-reves\\\/\"]}]},{\"@type\":\"ImageObject\",\"inLanguage\":\"fr-FR\",\"@id\":\"https:\\\/\\\/crocjeux.com\\\/index.php\\\/produit\\\/attrape-reves\\\/#primaryimage\",\"url\":\"https:\\\/\\\/crocjeux.com\\\/wp-content\\\/uploads\\\/2020\\\/11\\\/attrape_reves.png\",\"contentUrl\":\"https:\\\/\\\/crocjeux.com\\\/wp-content\\\/uploads\\\/2020\\\/11\\\/attrape_reves.png\",\"width\":717,\"height\":841},{\"@type\":\"BreadcrumbList\",\"@id\":\"https:\\\/\\\/crocjeux.com\\\/index.php\\\/produit\\\/attrape-reves\\\/#breadcrumb\",\"itemListElement\":[{\"@type\":\"ListItem\",\"position\":1,\"name\":\"Accueil\",\"item\":\"https:\\\/\\\/crocjeux.com\\\/\"},{\"@type\":\"ListItem\",\"position\":2,\"name\":\"Boutique\",\"item\":\"https:\\\/\\\/crocjeux.com\\\/\"},{\"@type\":\"ListItem\",\"position\":3,\"name\":\"Attrape R\u00eaves\"}]},{\"@type\":\"WebSite\",\"@id\":\"https:\\\/\\\/crocjeux.com\\\/#website\",\"url\":\"https:\\\/\\\/crocjeux.com\\\/\",\"name\":\"Croc Jeux\",\"description\":\"Bienvenue chez Croc Jeux!\",\"publisher\":{\"@id\":\"https:\\\/\\\/crocjeux.com\\\/#organization\"},\"potentialAction\":[{\"@type\":\"SearchAction\",\"target\":{\"@type\":\"EntryPoint\",\"urlTemplate\":\"https:\\\/\\\/crocjeux.com\\\/?s={search_term_string}\"},\"query-input\":{\"@type\":\"PropertyValueSpecification\",\"valueRequired\":true,\"valueName\":\"search_term_string\"}}],\"inLanguage\":\"fr-FR\"},{\"@type\":\"Organization\",\"@id\":\"https:\\\/\\\/crocjeux.com\\\/#organization\",\"name\":\"Croc Jeux\",\"url\":\"https:\\\/\\\/crocjeux.com\\\/\",\"logo\":{\"@type\":\"ImageObject\",\"inLanguage\":\"fr-FR\",\"@id\":\"https:\\\/\\\/crocjeux.com\\\/#\\\/schema\\\/logo\\\/image\\\/\",\"url\":\"https:\\\/\\\/crocjeux.com\\\/wp-content\\\/uploads\\\/2022\\\/01\\\/cropped-logo-croc-etape-1-e1644574034239.jpg\",\"contentUrl\":\"https:\\\/\\\/crocjeux.com\\\/wp-content\\\/uploads\\\/2022\\\/01\\\/cropped-logo-croc-etape-1-e1644574034239.jpg\",\"width\":1224,\"height\":314,\"caption\":\"Croc Jeux\"},\"image\":{\"@id\":\"https:\\\/\\\/crocjeux.com\\\/#\\\/schema\\\/logo\\\/image\\\/\"}}]}<\/script>\n<!-- \/ Yoast SEO plugin. -->","yoast_head_json":{"title":"Attrape R\u00eaves - Croc Jeux","robots":{"index":"index","follow":"follow","max-snippet":"max-snippet:-1","max-image-preview":"max-image-preview:large","max-video-preview":"max-video-preview:-1"},"canonical":"https:\/\/crocjeux.com\/index.php\/produit\/attrape-reves\/","og_locale":"fr_FR","og_type":"article","og_title":"Attrape R\u00eaves - Croc Jeux","og_description":"Dans Attrape R\u00eaves, affrontez votre cauchemar \u00e0 l'aide de votre doudou et tentez de remporter la partie en \u00e9tant le premier \u00e0 collecter 12 jetons r\u00eave.","og_url":"https:\/\/crocjeux.com\/index.php\/produit\/attrape-reves\/","og_site_name":"Croc Jeux","article_modified_time":"2023-01-26T17:18:42+00:00","og_image":[{"width":717,"height":841,"url":"https:\/\/crocjeux.com\/wp-content\/uploads\/2020\/11\/attrape_reves.png","type":"image\/png"}],"twitter_card":"summary_large_image","twitter_misc":{"Dur\u00e9e de lecture estim\u00e9e":"2 minutes"},"schema":{"@context":"https:\/\/schema.org","@graph":[{"@type":"WebPage","@id":"https:\/\/crocjeux.com\/index.php\/produit\/attrape-reves\/","url":"https:\/\/crocjeux.com\/index.php\/produit\/attrape-reves\/","name":"Attrape R\u00eaves - Croc Jeux","isPartOf":{"@id":"https:\/\/crocjeux.com\/#website"},"primaryImageOfPage":{"@id":"https:\/\/crocjeux.com\/index.php\/produit\/attrape-reves\/#primaryimage"},"image":{"@id":"https:\/\/crocjeux.com\/index.php\/produit\/attrape-reves\/#primaryimage"},"thumbnailUrl":"https:\/\/crocjeux.com\/wp-content\/uploads\/2020\/11\/attrape_reves.png","datePublished":"2020-11-03T14:29:03+00:00","dateModified":"2023-01-26T17:18:42+00:00","breadcrumb":{"@id":"https:\/\/crocjeux.com\/index.php\/produit\/attrape-reves\/#breadcrumb"},"inLanguage":"fr-FR","potentialAction":[{"@type":"ReadAction","target":["https:\/\/crocjeux.com\/index.php\/produit\/attrape-reves\/"]}]},{"@type":"ImageObject","inLanguage":"fr-FR","@id":"https:\/\/crocjeux.com\/index.php\/produit\/attrape-reves\/#primaryimage","url":"https:\/\/crocjeux.com\/wp-content\/uploads\/2020\/11\/attrape_reves.png","contentUrl":"https:\/\/crocjeux.com\/wp-content\/uploads\/2020\/11\/attrape_reves.png","width":717,"height":841},{"@type":"BreadcrumbList","@id":"https:\/\/crocjeux.com\/index.php\/produit\/attrape-reves\/#breadcrumb","itemListElement":[{"@type":"ListItem","position":1,"name":"Accueil","item":"https:\/\/crocjeux.com\/"},{"@type":"ListItem","position":2,"name":"Boutique","item":"https:\/\/crocjeux.com\/"},{"@type":"ListItem","position":3,"name":"Attrape R\u00eaves"}]},{"@type":"WebSite","@id":"https:\/\/crocjeux.com\/#website","url":"https:\/\/crocjeux.com\/","name":"Croc Jeux","description":"Bienvenue chez Croc Jeux!","publisher":{"@id":"https:\/\/crocjeux.com\/#organization"},"potentialAction":[{"@type":"SearchAction","target":{"@type":"EntryPoint","urlTemplate":"https:\/\/crocjeux.com\/?s={search_term_string}"},"query-input":{"@type":"PropertyValueSpecification","valueRequired":true,"valueName":"search_term_string"}}],"inLanguage":"fr-FR"},{"@type":"Organization","@id":"https:\/\/crocjeux.com\/#organization","name":"Croc Jeux","url":"https:\/\/crocjeux.com\/","logo":{"@type":"ImageObject","inLanguage":"fr-FR","@id":"https:\/\/crocjeux.com\/#\/schema\/logo\/image\/","url":"https:\/\/crocjeux.com\/wp-content\/uploads\/2022\/01\/cropped-logo-croc-etape-1-e1644574034239.jpg","contentUrl":"https:\/\/crocjeux.com\/wp-content\/uploads\/2022\/01\/cropped-logo-croc-etape-1-e1644574034239.jpg","width":1224,"height":314,"caption":"Croc Jeux"},"image":{"@id":"https:\/\/crocjeux.com\/#\/schema\/logo\/image\/"}}]}},"_links":{"self":[{"href":"https:\/\/crocjeux.com\/index.php\/wp-json\/wp\/v2\/product\/376","targetHints":{"allow":["GET"]}}],"collection":[{"href":"https:\/\/crocjeux.com\/index.php\/wp-json\/wp\/v2\/product"}],"about":[{"href":"https:\/\/crocjeux.com\/index.php\/wp-json\/wp\/v2\/types\/product"}],"replies":[{"embeddable":true,"href":"https:\/\/crocjeux.com\/index.php\/wp-json\/wp\/v2\/comments?post=376"}],"wp:featuredmedia":[{"embeddable":true,"href":"https:\/\/crocjeux.com\/index.php\/wp-json\/wp\/v2\/media\/378"}],"wp:attachment":[{"href":"https:\/\/crocjeux.com\/index.php\/wp-json\/wp\/v2\/media?parent=376"}],"wp:term":[{"taxonomy":"product_brand","embeddable":true,"href":"https:\/\/crocjeux.com\/index.php\/wp-json\/wp\/v2\/product_brand?post=376"},{"taxonomy":"product_cat","embeddable":true,"href":"https:\/\/crocjeux.com\/index.php\/wp-json\/wp\/v2\/product_cat?post=376"},{"taxonomy":"product_tag","embeddable":true,"href":"https:\/\/crocjeux.com\/index.php\/wp-json\/wp\/v2\/product_tag?post=376"}],"curies":[{"name":"wp","href":"https:\/\/api.w.org\/{rel}","templated":true}]}}