{"id":385,"date":"2020-11-03T15:37:38","date_gmt":"2020-11-03T14:37:38","guid":{"rendered":"https:\/\/crocjeux.com\/?post_type=product&#038;p=385"},"modified":"2025-01-10T19:54:57","modified_gmt":"2025-01-10T18:54:57","slug":"pandemic-zone-rouge","status":"publish","type":"product","link":"https:\/\/crocjeux.com\/index.php\/produit\/pandemic-zone-rouge\/","title":{"rendered":"Pandemic &#8211; Zone Rouge"},"content":{"rendered":"<div>Les 3 myst\u00e9rieuses maladies menacent toute l&rsquo;Am\u00e9rique du Nord ! Elles se propagent tr\u00e8s rapidement et sur tout le territoire ! Arriverez-vous \u00e0 trouver les vaccins avant qu&rsquo;il ne soit trop tard ?<\/div>\n<div><\/div>\n<div><\/div>\n<p>Dans Pandemic Zone Rouge : Am\u00e9rique Du Nord, vous incarnez un membre d&rsquo;une \u00e9quipe de chercheurs qui lutte contre la propagation de plusieurs maladies virulentes. Vous devrez vaincre ces fl\u00e9aux en retardant leur propagation tout en recherchant des rem\u00e8des pour chacun des trois virus avant qu&rsquo;ils ne d\u00e9g\u00e9n\u00e8rent.<\/p>\n<div><\/div>\n<div>Jouant un r\u00f4le unique avec un pouvoir sp\u00e9cifique au sein de l&rsquo;\u00e9quipe, les joueurs doivent planifier leur strat\u00e9gie en fonction des forces de leurs personnages pour vaincre les maladies.<\/div>\n<div>\u00c0 chaque tour il faudra se d\u00e9placer, soigner ou effectuer des actions sp\u00e9ciales pour tenter de d\u00e9couvrir un vaccin.<\/div>\n<div><\/div>\n<div>Dans cette nouvelle version, Pandemic Zone Rouge, les m\u00e9caniques du jeu \u00e0 succ\u00e8s Pandemic restent les m\u00eames en rendant les parties plus rapides et avec un mat\u00e9riel pouvant \u00eatre transporter partout.<\/div>\n","protected":false},"excerpt":{"rendered":"<p>3 myst\u00e9rieuses maladies menacent l&rsquo;Am\u00e9rique du Nord ! Arriverez-vous \u00e0 trouver les vaccins avant qu&rsquo;il ne soit trop tard ? Ce jeu est une version condens\u00e9e du jeu coop\u00e9ratif \u00e0 succ\u00e8s Pandemic.<\/p>\n","protected":false},"featured_media":389,"comment_status":"open","ping_status":"closed","template":"","meta":{"colormag_page_container_layout":"default_layout","colormag_page_sidebar_layout":"default_layout"},"product_brand":[],"product_cat":[36,29,82,120],"product_tag":[],"class_list":{"0":"post-385","1":"product","2":"type-product","3":"status-publish","4":"has-post-thumbnail","6":"product_cat-jeux-familiaux","7":"product_cat-jeux-2-joueurs","8":"product_cat-pandemic-jeux-collaboratifs","9":"product_cat-pandemic-jeux-experts","11":"first","12":"instock","13":"taxable","14":"shipping-taxable","15":"purchasable","16":"product-type-simple"},"yoast_head":"<!-- This site is optimized with the Yoast SEO plugin v27.4 - https:\/\/yoast.com\/product\/yoast-seo-wordpress\/ -->\n<title>Pandemic - Zone Rouge - Croc Jeux<\/title>\n<meta name=\"robots\" content=\"index, follow, max-snippet:-1, max-image-preview:large, max-video-preview:-1\" \/>\n<link rel=\"canonical\" href=\"https:\/\/crocjeux.com\/index.php\/produit\/pandemic-zone-rouge\/\" \/>\n<meta property=\"og:locale\" content=\"fr_FR\" \/>\n<meta property=\"og:type\" content=\"article\" \/>\n<meta property=\"og:title\" content=\"Pandemic - Zone Rouge - Croc Jeux\" \/>\n<meta property=\"og:description\" content=\"3 myst\u00e9rieuses maladies menacent l&#039;Am\u00e9rique du Nord ! Arriverez-vous \u00e0 trouver les vaccins avant qu&#039;il ne soit trop tard ? Ce jeu est une version condens\u00e9e du jeu coop\u00e9ratif \u00e0 succ\u00e8s Pandemic.\" \/>\n<meta property=\"og:url\" content=\"https:\/\/crocjeux.com\/index.php\/produit\/pandemic-zone-rouge\/\" \/>\n<meta property=\"og:site_name\" content=\"Croc Jeux\" \/>\n<meta property=\"article:modified_time\" content=\"2025-01-10T18:54:57+00:00\" \/>\n<meta property=\"og:image\" content=\"https:\/\/crocjeux.com\/wp-content\/uploads\/2020\/11\/pandemic-zone-rouge.jpg\" \/>\n\t<meta property=\"og:image:width\" content=\"174\" \/>\n\t<meta property=\"og:image:height\" content=\"290\" \/>\n\t<meta property=\"og:image:type\" content=\"image\/jpeg\" \/>\n<meta name=\"twitter:card\" content=\"summary_large_image\" \/>\n<meta name=\"twitter:label1\" content=\"Dur\u00e9e de lecture estim\u00e9e\" \/>\n\t<meta name=\"twitter:data1\" content=\"1 minute\" \/>\n<script type=\"application\/ld+json\" class=\"yoast-schema-graph\">{\"@context\":\"https:\\\/\\\/schema.org\",\"@graph\":[{\"@type\":\"WebPage\",\"@id\":\"https:\\\/\\\/crocjeux.com\\\/index.php\\\/produit\\\/pandemic-zone-rouge\\\/\",\"url\":\"https:\\\/\\\/crocjeux.com\\\/index.php\\\/produit\\\/pandemic-zone-rouge\\\/\",\"name\":\"Pandemic - Zone Rouge - Croc Jeux\",\"isPartOf\":{\"@id\":\"https:\\\/\\\/crocjeux.com\\\/#website\"},\"primaryImageOfPage\":{\"@id\":\"https:\\\/\\\/crocjeux.com\\\/index.php\\\/produit\\\/pandemic-zone-rouge\\\/#primaryimage\"},\"image\":{\"@id\":\"https:\\\/\\\/crocjeux.com\\\/index.php\\\/produit\\\/pandemic-zone-rouge\\\/#primaryimage\"},\"thumbnailUrl\":\"https:\\\/\\\/crocjeux.com\\\/wp-content\\\/uploads\\\/2020\\\/11\\\/pandemic-zone-rouge.jpg\",\"datePublished\":\"2020-11-03T14:37:38+00:00\",\"dateModified\":\"2025-01-10T18:54:57+00:00\",\"breadcrumb\":{\"@id\":\"https:\\\/\\\/crocjeux.com\\\/index.php\\\/produit\\\/pandemic-zone-rouge\\\/#breadcrumb\"},\"inLanguage\":\"fr-FR\",\"potentialAction\":[{\"@type\":\"ReadAction\",\"target\":[\"https:\\\/\\\/crocjeux.com\\\/index.php\\\/produit\\\/pandemic-zone-rouge\\\/\"]}]},{\"@type\":\"ImageObject\",\"inLanguage\":\"fr-FR\",\"@id\":\"https:\\\/\\\/crocjeux.com\\\/index.php\\\/produit\\\/pandemic-zone-rouge\\\/#primaryimage\",\"url\":\"https:\\\/\\\/crocjeux.com\\\/wp-content\\\/uploads\\\/2020\\\/11\\\/pandemic-zone-rouge.jpg\",\"contentUrl\":\"https:\\\/\\\/crocjeux.com\\\/wp-content\\\/uploads\\\/2020\\\/11\\\/pandemic-zone-rouge.jpg\",\"width\":174,\"height\":290},{\"@type\":\"BreadcrumbList\",\"@id\":\"https:\\\/\\\/crocjeux.com\\\/index.php\\\/produit\\\/pandemic-zone-rouge\\\/#breadcrumb\",\"itemListElement\":[{\"@type\":\"ListItem\",\"position\":1,\"name\":\"Accueil\",\"item\":\"https:\\\/\\\/crocjeux.com\\\/\"},{\"@type\":\"ListItem\",\"position\":2,\"name\":\"Boutique\",\"item\":\"https:\\\/\\\/crocjeux.com\\\/\"},{\"@type\":\"ListItem\",\"position\":3,\"name\":\"Pandemic &#8211; Zone Rouge\"}]},{\"@type\":\"WebSite\",\"@id\":\"https:\\\/\\\/crocjeux.com\\\/#website\",\"url\":\"https:\\\/\\\/crocjeux.com\\\/\",\"name\":\"Croc Jeux\",\"description\":\"Bienvenue chez Croc Jeux!\",\"publisher\":{\"@id\":\"https:\\\/\\\/crocjeux.com\\\/#organization\"},\"potentialAction\":[{\"@type\":\"SearchAction\",\"target\":{\"@type\":\"EntryPoint\",\"urlTemplate\":\"https:\\\/\\\/crocjeux.com\\\/?s={search_term_string}\"},\"query-input\":{\"@type\":\"PropertyValueSpecification\",\"valueRequired\":true,\"valueName\":\"search_term_string\"}}],\"inLanguage\":\"fr-FR\"},{\"@type\":\"Organization\",\"@id\":\"https:\\\/\\\/crocjeux.com\\\/#organization\",\"name\":\"Croc Jeux\",\"url\":\"https:\\\/\\\/crocjeux.com\\\/\",\"logo\":{\"@type\":\"ImageObject\",\"inLanguage\":\"fr-FR\",\"@id\":\"https:\\\/\\\/crocjeux.com\\\/#\\\/schema\\\/logo\\\/image\\\/\",\"url\":\"https:\\\/\\\/crocjeux.com\\\/wp-content\\\/uploads\\\/2022\\\/01\\\/cropped-logo-croc-etape-1-e1644574034239.jpg\",\"contentUrl\":\"https:\\\/\\\/crocjeux.com\\\/wp-content\\\/uploads\\\/2022\\\/01\\\/cropped-logo-croc-etape-1-e1644574034239.jpg\",\"width\":1224,\"height\":314,\"caption\":\"Croc Jeux\"},\"image\":{\"@id\":\"https:\\\/\\\/crocjeux.com\\\/#\\\/schema\\\/logo\\\/image\\\/\"}}]}<\/script>\n<!-- \/ Yoast SEO plugin. -->","yoast_head_json":{"title":"Pandemic - Zone Rouge - Croc Jeux","robots":{"index":"index","follow":"follow","max-snippet":"max-snippet:-1","max-image-preview":"max-image-preview:large","max-video-preview":"max-video-preview:-1"},"canonical":"https:\/\/crocjeux.com\/index.php\/produit\/pandemic-zone-rouge\/","og_locale":"fr_FR","og_type":"article","og_title":"Pandemic - Zone Rouge - Croc Jeux","og_description":"3 myst\u00e9rieuses maladies menacent l'Am\u00e9rique du Nord ! Arriverez-vous \u00e0 trouver les vaccins avant qu'il ne soit trop tard ? Ce jeu est une version condens\u00e9e du jeu coop\u00e9ratif \u00e0 succ\u00e8s Pandemic.","og_url":"https:\/\/crocjeux.com\/index.php\/produit\/pandemic-zone-rouge\/","og_site_name":"Croc Jeux","article_modified_time":"2025-01-10T18:54:57+00:00","og_image":[{"width":174,"height":290,"url":"https:\/\/crocjeux.com\/wp-content\/uploads\/2020\/11\/pandemic-zone-rouge.jpg","type":"image\/jpeg"}],"twitter_card":"summary_large_image","twitter_misc":{"Dur\u00e9e de lecture estim\u00e9e":"1 minute"},"schema":{"@context":"https:\/\/schema.org","@graph":[{"@type":"WebPage","@id":"https:\/\/crocjeux.com\/index.php\/produit\/pandemic-zone-rouge\/","url":"https:\/\/crocjeux.com\/index.php\/produit\/pandemic-zone-rouge\/","name":"Pandemic - Zone Rouge - Croc Jeux","isPartOf":{"@id":"https:\/\/crocjeux.com\/#website"},"primaryImageOfPage":{"@id":"https:\/\/crocjeux.com\/index.php\/produit\/pandemic-zone-rouge\/#primaryimage"},"image":{"@id":"https:\/\/crocjeux.com\/index.php\/produit\/pandemic-zone-rouge\/#primaryimage"},"thumbnailUrl":"https:\/\/crocjeux.com\/wp-content\/uploads\/2020\/11\/pandemic-zone-rouge.jpg","datePublished":"2020-11-03T14:37:38+00:00","dateModified":"2025-01-10T18:54:57+00:00","breadcrumb":{"@id":"https:\/\/crocjeux.com\/index.php\/produit\/pandemic-zone-rouge\/#breadcrumb"},"inLanguage":"fr-FR","potentialAction":[{"@type":"ReadAction","target":["https:\/\/crocjeux.com\/index.php\/produit\/pandemic-zone-rouge\/"]}]},{"@type":"ImageObject","inLanguage":"fr-FR","@id":"https:\/\/crocjeux.com\/index.php\/produit\/pandemic-zone-rouge\/#primaryimage","url":"https:\/\/crocjeux.com\/wp-content\/uploads\/2020\/11\/pandemic-zone-rouge.jpg","contentUrl":"https:\/\/crocjeux.com\/wp-content\/uploads\/2020\/11\/pandemic-zone-rouge.jpg","width":174,"height":290},{"@type":"BreadcrumbList","@id":"https:\/\/crocjeux.com\/index.php\/produit\/pandemic-zone-rouge\/#breadcrumb","itemListElement":[{"@type":"ListItem","position":1,"name":"Accueil","item":"https:\/\/crocjeux.com\/"},{"@type":"ListItem","position":2,"name":"Boutique","item":"https:\/\/crocjeux.com\/"},{"@type":"ListItem","position":3,"name":"Pandemic &#8211; Zone Rouge"}]},{"@type":"WebSite","@id":"https:\/\/crocjeux.com\/#website","url":"https:\/\/crocjeux.com\/","name":"Croc Jeux","description":"Bienvenue chez Croc Jeux!","publisher":{"@id":"https:\/\/crocjeux.com\/#organization"},"potentialAction":[{"@type":"SearchAction","target":{"@type":"EntryPoint","urlTemplate":"https:\/\/crocjeux.com\/?s={search_term_string}"},"query-input":{"@type":"PropertyValueSpecification","valueRequired":true,"valueName":"search_term_string"}}],"inLanguage":"fr-FR"},{"@type":"Organization","@id":"https:\/\/crocjeux.com\/#organization","name":"Croc Jeux","url":"https:\/\/crocjeux.com\/","logo":{"@type":"ImageObject","inLanguage":"fr-FR","@id":"https:\/\/crocjeux.com\/#\/schema\/logo\/image\/","url":"https:\/\/crocjeux.com\/wp-content\/uploads\/2022\/01\/cropped-logo-croc-etape-1-e1644574034239.jpg","contentUrl":"https:\/\/crocjeux.com\/wp-content\/uploads\/2022\/01\/cropped-logo-croc-etape-1-e1644574034239.jpg","width":1224,"height":314,"caption":"Croc Jeux"},"image":{"@id":"https:\/\/crocjeux.com\/#\/schema\/logo\/image\/"}}]}},"_links":{"self":[{"href":"https:\/\/crocjeux.com\/index.php\/wp-json\/wp\/v2\/product\/385","targetHints":{"allow":["GET"]}}],"collection":[{"href":"https:\/\/crocjeux.com\/index.php\/wp-json\/wp\/v2\/product"}],"about":[{"href":"https:\/\/crocjeux.com\/index.php\/wp-json\/wp\/v2\/types\/product"}],"replies":[{"embeddable":true,"href":"https:\/\/crocjeux.com\/index.php\/wp-json\/wp\/v2\/comments?post=385"}],"wp:featuredmedia":[{"embeddable":true,"href":"https:\/\/crocjeux.com\/index.php\/wp-json\/wp\/v2\/media\/389"}],"wp:attachment":[{"href":"https:\/\/crocjeux.com\/index.php\/wp-json\/wp\/v2\/media?parent=385"}],"wp:term":[{"taxonomy":"product_brand","embeddable":true,"href":"https:\/\/crocjeux.com\/index.php\/wp-json\/wp\/v2\/product_brand?post=385"},{"taxonomy":"product_cat","embeddable":true,"href":"https:\/\/crocjeux.com\/index.php\/wp-json\/wp\/v2\/product_cat?post=385"},{"taxonomy":"product_tag","embeddable":true,"href":"https:\/\/crocjeux.com\/index.php\/wp-json\/wp\/v2\/product_tag?post=385"}],"curies":[{"name":"wp","href":"https:\/\/api.w.org\/{rel}","templated":true}]}}