{"id":388,"date":"2020-11-03T15:38:32","date_gmt":"2020-11-03T14:38:32","guid":{"rendered":"https:\/\/crocjeux.com\/?post_type=product&#038;p=388"},"modified":"2020-11-19T16:13:14","modified_gmt":"2020-11-19T15:13:14","slug":"licornes-dans-les-nuages","status":"publish","type":"product","link":"https:\/\/crocjeux.com\/index.php\/produit\/licornes-dans-les-nuages\/","title":{"rendered":"Licornes dans les Nuages"},"content":{"rendered":"<p>Les quatres licornes Bonheur \u00e9tincelants, Pousi\u00e8re d&rsquo;\u00e9toile, Fleur magique et Coeur de f\u00e9e habitent au lointain pays des nuages. Toutes joyeuses, elles gambadent sur les nuages cotonneux, glissent sur les arcs-en-ciel multicolores comme sur des toboggans et s&rsquo;amusent avec les cristaux de nuage. Mais voil\u00e0 qu&rsquo;un orage se pr\u00e9pare \u00e0 l&rsquo;horizon ! Qui peut aider les licornes \u00e0 aller le plus vite possible vers le soleil et \u00e0 ramasser en chemin beaucoup de cristaux de nuage ?<\/p>\n","protected":false},"excerpt":{"rendered":"<div id=\"short_description_block\">\n<div id=\"short_description_content\" class=\"rte align_justify hide-smartphone\">Une course de d\u00e9s f\u00e9\u00e9rique. Les quatres licornes Bonheur \u00e9tincelants, Pousi\u00e8re d&rsquo;\u00e9toile, Fleur magique et Coeur de f\u00e9e habitent au lointain pays des nuages. Toutes joyeuses, elles gambadent sur les nuages cotonneux, glissent sur les arcs-en-ciel multicolores comme sur des toboggans et s&rsquo;amusent avec les cristaux de nuage.<\/div>\n<\/div>\n","protected":false},"featured_media":391,"comment_status":"open","ping_status":"closed","template":"","meta":{"colormag_page_container_layout":"default_layout","colormag_page_sidebar_layout":"default_layout"},"product_brand":[],"product_cat":[33],"product_tag":[],"class_list":{"0":"post-388","1":"product","2":"type-product","3":"status-publish","4":"has-post-thumbnail","6":"product_cat-jeux-enfants","8":"first","9":"instock","10":"taxable","11":"shipping-taxable","12":"purchasable","13":"product-type-simple"},"yoast_head":"<!-- This site is optimized with the Yoast SEO plugin v27.4 - https:\/\/yoast.com\/product\/yoast-seo-wordpress\/ -->\n<title>Licornes dans les Nuages - Croc Jeux<\/title>\n<meta name=\"robots\" content=\"index, follow, max-snippet:-1, max-image-preview:large, max-video-preview:-1\" \/>\n<link rel=\"canonical\" href=\"https:\/\/crocjeux.com\/index.php\/produit\/licornes-dans-les-nuages\/\" \/>\n<meta property=\"og:locale\" content=\"fr_FR\" \/>\n<meta property=\"og:type\" content=\"article\" \/>\n<meta property=\"og:title\" content=\"Licornes dans les Nuages - Croc Jeux\" \/>\n<meta property=\"og:description\" content=\"Une course de d\u00e9s f\u00e9\u00e9rique. Les quatres licornes Bonheur \u00e9tincelants, Pousi\u00e8re d&#039;\u00e9toile, Fleur magique et Coeur de f\u00e9e habitent au lointain pays des nuages. Toutes joyeuses, elles gambadent sur les nuages cotonneux, glissent sur les arcs-en-ciel multicolores comme sur des toboggans et s&#039;amusent avec les cristaux de nuage.\" \/>\n<meta property=\"og:url\" content=\"https:\/\/crocjeux.com\/index.php\/produit\/licornes-dans-les-nuages\/\" \/>\n<meta property=\"og:site_name\" content=\"Croc Jeux\" \/>\n<meta property=\"article:modified_time\" content=\"2020-11-19T15:13:14+00:00\" \/>\n<meta property=\"og:image\" content=\"https:\/\/crocjeux.com\/wp-content\/uploads\/2020\/11\/licornes_nuages.png\" \/>\n\t<meta property=\"og:image:width\" content=\"608\" \/>\n\t<meta property=\"og:image:height\" content=\"899\" \/>\n\t<meta property=\"og:image:type\" content=\"image\/png\" \/>\n<meta name=\"twitter:card\" content=\"summary_large_image\" \/>\n<script type=\"application\/ld+json\" class=\"yoast-schema-graph\">{\"@context\":\"https:\\\/\\\/schema.org\",\"@graph\":[{\"@type\":\"WebPage\",\"@id\":\"https:\\\/\\\/crocjeux.com\\\/index.php\\\/produit\\\/licornes-dans-les-nuages\\\/\",\"url\":\"https:\\\/\\\/crocjeux.com\\\/index.php\\\/produit\\\/licornes-dans-les-nuages\\\/\",\"name\":\"Licornes dans les Nuages - Croc Jeux\",\"isPartOf\":{\"@id\":\"https:\\\/\\\/crocjeux.com\\\/#website\"},\"primaryImageOfPage\":{\"@id\":\"https:\\\/\\\/crocjeux.com\\\/index.php\\\/produit\\\/licornes-dans-les-nuages\\\/#primaryimage\"},\"image\":{\"@id\":\"https:\\\/\\\/crocjeux.com\\\/index.php\\\/produit\\\/licornes-dans-les-nuages\\\/#primaryimage\"},\"thumbnailUrl\":\"https:\\\/\\\/crocjeux.com\\\/wp-content\\\/uploads\\\/2020\\\/11\\\/licornes_nuages.png\",\"datePublished\":\"2020-11-03T14:38:32+00:00\",\"dateModified\":\"2020-11-19T15:13:14+00:00\",\"breadcrumb\":{\"@id\":\"https:\\\/\\\/crocjeux.com\\\/index.php\\\/produit\\\/licornes-dans-les-nuages\\\/#breadcrumb\"},\"inLanguage\":\"fr-FR\",\"potentialAction\":[{\"@type\":\"ReadAction\",\"target\":[\"https:\\\/\\\/crocjeux.com\\\/index.php\\\/produit\\\/licornes-dans-les-nuages\\\/\"]}]},{\"@type\":\"ImageObject\",\"inLanguage\":\"fr-FR\",\"@id\":\"https:\\\/\\\/crocjeux.com\\\/index.php\\\/produit\\\/licornes-dans-les-nuages\\\/#primaryimage\",\"url\":\"https:\\\/\\\/crocjeux.com\\\/wp-content\\\/uploads\\\/2020\\\/11\\\/licornes_nuages.png\",\"contentUrl\":\"https:\\\/\\\/crocjeux.com\\\/wp-content\\\/uploads\\\/2020\\\/11\\\/licornes_nuages.png\",\"width\":608,\"height\":899},{\"@type\":\"BreadcrumbList\",\"@id\":\"https:\\\/\\\/crocjeux.com\\\/index.php\\\/produit\\\/licornes-dans-les-nuages\\\/#breadcrumb\",\"itemListElement\":[{\"@type\":\"ListItem\",\"position\":1,\"name\":\"Accueil\",\"item\":\"https:\\\/\\\/crocjeux.com\\\/\"},{\"@type\":\"ListItem\",\"position\":2,\"name\":\"Boutique\",\"item\":\"https:\\\/\\\/crocjeux.com\\\/\"},{\"@type\":\"ListItem\",\"position\":3,\"name\":\"Licornes dans les Nuages\"}]},{\"@type\":\"WebSite\",\"@id\":\"https:\\\/\\\/crocjeux.com\\\/#website\",\"url\":\"https:\\\/\\\/crocjeux.com\\\/\",\"name\":\"Croc Jeux\",\"description\":\"Bienvenue chez Croc Jeux!\",\"publisher\":{\"@id\":\"https:\\\/\\\/crocjeux.com\\\/#organization\"},\"potentialAction\":[{\"@type\":\"SearchAction\",\"target\":{\"@type\":\"EntryPoint\",\"urlTemplate\":\"https:\\\/\\\/crocjeux.com\\\/?s={search_term_string}\"},\"query-input\":{\"@type\":\"PropertyValueSpecification\",\"valueRequired\":true,\"valueName\":\"search_term_string\"}}],\"inLanguage\":\"fr-FR\"},{\"@type\":\"Organization\",\"@id\":\"https:\\\/\\\/crocjeux.com\\\/#organization\",\"name\":\"Croc Jeux\",\"url\":\"https:\\\/\\\/crocjeux.com\\\/\",\"logo\":{\"@type\":\"ImageObject\",\"inLanguage\":\"fr-FR\",\"@id\":\"https:\\\/\\\/crocjeux.com\\\/#\\\/schema\\\/logo\\\/image\\\/\",\"url\":\"https:\\\/\\\/crocjeux.com\\\/wp-content\\\/uploads\\\/2022\\\/01\\\/cropped-logo-croc-etape-1-e1644574034239.jpg\",\"contentUrl\":\"https:\\\/\\\/crocjeux.com\\\/wp-content\\\/uploads\\\/2022\\\/01\\\/cropped-logo-croc-etape-1-e1644574034239.jpg\",\"width\":1224,\"height\":314,\"caption\":\"Croc Jeux\"},\"image\":{\"@id\":\"https:\\\/\\\/crocjeux.com\\\/#\\\/schema\\\/logo\\\/image\\\/\"}}]}<\/script>\n<!-- \/ Yoast SEO plugin. -->","yoast_head_json":{"title":"Licornes dans les Nuages - Croc Jeux","robots":{"index":"index","follow":"follow","max-snippet":"max-snippet:-1","max-image-preview":"max-image-preview:large","max-video-preview":"max-video-preview:-1"},"canonical":"https:\/\/crocjeux.com\/index.php\/produit\/licornes-dans-les-nuages\/","og_locale":"fr_FR","og_type":"article","og_title":"Licornes dans les Nuages - Croc Jeux","og_description":"Une course de d\u00e9s f\u00e9\u00e9rique. Les quatres licornes Bonheur \u00e9tincelants, Pousi\u00e8re d'\u00e9toile, Fleur magique et Coeur de f\u00e9e habitent au lointain pays des nuages. Toutes joyeuses, elles gambadent sur les nuages cotonneux, glissent sur les arcs-en-ciel multicolores comme sur des toboggans et s'amusent avec les cristaux de nuage.","og_url":"https:\/\/crocjeux.com\/index.php\/produit\/licornes-dans-les-nuages\/","og_site_name":"Croc Jeux","article_modified_time":"2020-11-19T15:13:14+00:00","og_image":[{"width":608,"height":899,"url":"https:\/\/crocjeux.com\/wp-content\/uploads\/2020\/11\/licornes_nuages.png","type":"image\/png"}],"twitter_card":"summary_large_image","schema":{"@context":"https:\/\/schema.org","@graph":[{"@type":"WebPage","@id":"https:\/\/crocjeux.com\/index.php\/produit\/licornes-dans-les-nuages\/","url":"https:\/\/crocjeux.com\/index.php\/produit\/licornes-dans-les-nuages\/","name":"Licornes dans les Nuages - Croc Jeux","isPartOf":{"@id":"https:\/\/crocjeux.com\/#website"},"primaryImageOfPage":{"@id":"https:\/\/crocjeux.com\/index.php\/produit\/licornes-dans-les-nuages\/#primaryimage"},"image":{"@id":"https:\/\/crocjeux.com\/index.php\/produit\/licornes-dans-les-nuages\/#primaryimage"},"thumbnailUrl":"https:\/\/crocjeux.com\/wp-content\/uploads\/2020\/11\/licornes_nuages.png","datePublished":"2020-11-03T14:38:32+00:00","dateModified":"2020-11-19T15:13:14+00:00","breadcrumb":{"@id":"https:\/\/crocjeux.com\/index.php\/produit\/licornes-dans-les-nuages\/#breadcrumb"},"inLanguage":"fr-FR","potentialAction":[{"@type":"ReadAction","target":["https:\/\/crocjeux.com\/index.php\/produit\/licornes-dans-les-nuages\/"]}]},{"@type":"ImageObject","inLanguage":"fr-FR","@id":"https:\/\/crocjeux.com\/index.php\/produit\/licornes-dans-les-nuages\/#primaryimage","url":"https:\/\/crocjeux.com\/wp-content\/uploads\/2020\/11\/licornes_nuages.png","contentUrl":"https:\/\/crocjeux.com\/wp-content\/uploads\/2020\/11\/licornes_nuages.png","width":608,"height":899},{"@type":"BreadcrumbList","@id":"https:\/\/crocjeux.com\/index.php\/produit\/licornes-dans-les-nuages\/#breadcrumb","itemListElement":[{"@type":"ListItem","position":1,"name":"Accueil","item":"https:\/\/crocjeux.com\/"},{"@type":"ListItem","position":2,"name":"Boutique","item":"https:\/\/crocjeux.com\/"},{"@type":"ListItem","position":3,"name":"Licornes dans les Nuages"}]},{"@type":"WebSite","@id":"https:\/\/crocjeux.com\/#website","url":"https:\/\/crocjeux.com\/","name":"Croc Jeux","description":"Bienvenue chez Croc Jeux!","publisher":{"@id":"https:\/\/crocjeux.com\/#organization"},"potentialAction":[{"@type":"SearchAction","target":{"@type":"EntryPoint","urlTemplate":"https:\/\/crocjeux.com\/?s={search_term_string}"},"query-input":{"@type":"PropertyValueSpecification","valueRequired":true,"valueName":"search_term_string"}}],"inLanguage":"fr-FR"},{"@type":"Organization","@id":"https:\/\/crocjeux.com\/#organization","name":"Croc Jeux","url":"https:\/\/crocjeux.com\/","logo":{"@type":"ImageObject","inLanguage":"fr-FR","@id":"https:\/\/crocjeux.com\/#\/schema\/logo\/image\/","url":"https:\/\/crocjeux.com\/wp-content\/uploads\/2022\/01\/cropped-logo-croc-etape-1-e1644574034239.jpg","contentUrl":"https:\/\/crocjeux.com\/wp-content\/uploads\/2022\/01\/cropped-logo-croc-etape-1-e1644574034239.jpg","width":1224,"height":314,"caption":"Croc Jeux"},"image":{"@id":"https:\/\/crocjeux.com\/#\/schema\/logo\/image\/"}}]}},"_links":{"self":[{"href":"https:\/\/crocjeux.com\/index.php\/wp-json\/wp\/v2\/product\/388","targetHints":{"allow":["GET"]}}],"collection":[{"href":"https:\/\/crocjeux.com\/index.php\/wp-json\/wp\/v2\/product"}],"about":[{"href":"https:\/\/crocjeux.com\/index.php\/wp-json\/wp\/v2\/types\/product"}],"replies":[{"embeddable":true,"href":"https:\/\/crocjeux.com\/index.php\/wp-json\/wp\/v2\/comments?post=388"}],"wp:featuredmedia":[{"embeddable":true,"href":"https:\/\/crocjeux.com\/index.php\/wp-json\/wp\/v2\/media\/391"}],"wp:attachment":[{"href":"https:\/\/crocjeux.com\/index.php\/wp-json\/wp\/v2\/media?parent=388"}],"wp:term":[{"taxonomy":"product_brand","embeddable":true,"href":"https:\/\/crocjeux.com\/index.php\/wp-json\/wp\/v2\/product_brand?post=388"},{"taxonomy":"product_cat","embeddable":true,"href":"https:\/\/crocjeux.com\/index.php\/wp-json\/wp\/v2\/product_cat?post=388"},{"taxonomy":"product_tag","embeddable":true,"href":"https:\/\/crocjeux.com\/index.php\/wp-json\/wp\/v2\/product_tag?post=388"}],"curies":[{"name":"wp","href":"https:\/\/api.w.org\/{rel}","templated":true}]}}