{"id":405,"date":"2020-11-03T15:57:46","date_gmt":"2020-11-03T14:57:46","guid":{"rendered":"https:\/\/crocjeux.com\/?post_type=product&#038;p=405"},"modified":"2023-08-09T14:55:32","modified_gmt":"2023-08-09T13:55:32","slug":"zombicide-invader","status":"publish","type":"product","link":"https:\/\/crocjeux.com\/index.php\/produit\/zombicide-invader\/","title":{"rendered":"Zombicide &#8211; Invader"},"content":{"rendered":"<section id=\"tab-description\" class=\"page-product-box r-tabs-panel r-tabs-state-active\">\n<div class=\"rte\">\n<h2>Zombicide &#8211; Invader<\/h2>\n<p>Bienvenue dans un \u00e2ge d&rsquo;exploration spatiale ! Dans leur qu\u00eate insens\u00e9e de savoir interdit, les survivants d&rsquo;une colonie spatiale tenteront de survivre face \u00e0 une horde de X\u00e9nos infect\u00e9s !<\/p>\n<p>\u00ab\u00a0Les humains ont pris la direction des \u00e9toiles pour trouver un super-carburant\u00a0 et l&rsquo;ont d\u00e9nich\u00e9 dans un coin recul\u00e9 de l&rsquo;univers, sur la petite plan\u00e8te PK-L7. La d\u00e9couverte du Xenium \u2013 une substance noire et huileuse, enfouie profond\u00e9ment sous al surface de la plan\u00e8te \u2013 a \u00e9t\u00e9 pour eux une aubaine. Mais ils ont trouv\u00e9 autre chose.<\/p>\n<p>L&rsquo;attaque des X\u00e9nos a \u00e9t\u00e9 brutale. Sans piti\u00e9. Tandis que les scientifiques et les soldats peinent \u00e0 les repousser, les X\u00e9nos s&rsquo;amassent, et arrivent toujours, telle une l\u00e9gion.\u00a0\u00bb<\/p>\n<p>Avec vos amis, formez une \u00e9quipe compos\u00e9e de survivants d\u2019une colonie spatiale envahie par une horde de X\u00e9nos infect\u00e9s ! Les X\u00e9nos sont contr\u00f4l\u00e9s par le jeu \u00e0 l\u2019aide de cartes et de r\u00e8gles simples. Trouvez des armes, \u00e9liminez les X\u00e9nos et, gr\u00e2ce \u00e0 l\u2019exp\u00e9rience, am\u00e9liorez les comp\u00e9tences de vos survivants. Plus vous tuez de X\u00e9nos, plus ils sont nombreux ! Jouez 10 missions sur 10 plateaux diff\u00e9rents compos\u00e9s \u00e0 partir des dalles modulables de cette bo\u00eete, ou cr\u00e9ez vous-m\u00eame vos propres sc\u00e9narios.<\/p>\n<p>Zombicide : Invader est un jeu ind\u00e9pendant, compatible avec l\u2019ensemble des extensions de la gamme Zombicide science-fiction.<\/p>\n<\/div>\n<\/section>\n","protected":false},"excerpt":{"rendered":"<div id=\"short_description_block\">\n<div id=\"short_description_content\" class=\"rte align_justify hide-smartphone\">\n<p>Bienvenue dans un \u00e2ge d&rsquo;exploration spatiale ! Dans leur qu\u00eate insens\u00e9e de savoir interdit, les survivants d&rsquo;une colonie spatiale tenteront de survivre face \u00e0 une horde de X\u00e9nos infect\u00e9s !<\/p>\n<\/div>\n<\/div>\n","protected":false},"featured_media":406,"comment_status":"open","ping_status":"closed","template":"","meta":{"colormag_page_container_layout":"default_layout","colormag_page_sidebar_layout":"default_layout"},"product_brand":[],"product_cat":[30,60],"product_tag":[],"class_list":{"0":"post-405","1":"product","2":"type-product","3":"status-publish","4":"has-post-thumbnail","6":"product_cat-jeux-collaboratifs","7":"product_cat-jeux-zombicide","9":"first","10":"instock","11":"taxable","12":"shipping-taxable","13":"purchasable","14":"product-type-simple"},"yoast_head":"<!-- This site is optimized with the Yoast SEO plugin v27.4 - https:\/\/yoast.com\/product\/yoast-seo-wordpress\/ -->\n<title>Zombicide - Invader - Croc Jeux<\/title>\n<meta name=\"robots\" content=\"index, follow, max-snippet:-1, max-image-preview:large, max-video-preview:-1\" \/>\n<link rel=\"canonical\" href=\"https:\/\/crocjeux.com\/index.php\/produit\/zombicide-invader\/\" \/>\n<meta property=\"og:locale\" content=\"fr_FR\" \/>\n<meta property=\"og:type\" content=\"article\" \/>\n<meta property=\"og:title\" content=\"Zombicide - Invader - Croc Jeux\" \/>\n<meta property=\"og:description\" content=\"Bienvenue dans un \u00e2ge d&#039;exploration spatiale ! Dans leur qu\u00eate insens\u00e9e de savoir interdit, les survivants d&#039;une colonie spatiale tenteront de survivre face \u00e0 une horde de X\u00e9nos infect\u00e9s !\" \/>\n<meta property=\"og:url\" content=\"https:\/\/crocjeux.com\/index.php\/produit\/zombicide-invader\/\" \/>\n<meta property=\"og:site_name\" content=\"Croc Jeux\" \/>\n<meta property=\"article:modified_time\" content=\"2023-08-09T13:55:32+00:00\" \/>\n<meta property=\"og:image\" content=\"https:\/\/crocjeux.com\/wp-content\/uploads\/2020\/11\/zombicide_invader.png\" \/>\n\t<meta property=\"og:image:width\" content=\"379\" \/>\n\t<meta property=\"og:image:height\" content=\"389\" \/>\n\t<meta property=\"og:image:type\" content=\"image\/png\" \/>\n<meta name=\"twitter:card\" content=\"summary_large_image\" \/>\n<meta name=\"twitter:label1\" content=\"Dur\u00e9e de lecture estim\u00e9e\" \/>\n\t<meta name=\"twitter:data1\" content=\"2 minutes\" \/>\n<script type=\"application\/ld+json\" class=\"yoast-schema-graph\">{\"@context\":\"https:\\\/\\\/schema.org\",\"@graph\":[{\"@type\":\"WebPage\",\"@id\":\"https:\\\/\\\/crocjeux.com\\\/index.php\\\/produit\\\/zombicide-invader\\\/\",\"url\":\"https:\\\/\\\/crocjeux.com\\\/index.php\\\/produit\\\/zombicide-invader\\\/\",\"name\":\"Zombicide - Invader - Croc Jeux\",\"isPartOf\":{\"@id\":\"https:\\\/\\\/crocjeux.com\\\/#website\"},\"primaryImageOfPage\":{\"@id\":\"https:\\\/\\\/crocjeux.com\\\/index.php\\\/produit\\\/zombicide-invader\\\/#primaryimage\"},\"image\":{\"@id\":\"https:\\\/\\\/crocjeux.com\\\/index.php\\\/produit\\\/zombicide-invader\\\/#primaryimage\"},\"thumbnailUrl\":\"https:\\\/\\\/crocjeux.com\\\/wp-content\\\/uploads\\\/2020\\\/11\\\/zombicide_invader.png\",\"datePublished\":\"2020-11-03T14:57:46+00:00\",\"dateModified\":\"2023-08-09T13:55:32+00:00\",\"breadcrumb\":{\"@id\":\"https:\\\/\\\/crocjeux.com\\\/index.php\\\/produit\\\/zombicide-invader\\\/#breadcrumb\"},\"inLanguage\":\"fr-FR\",\"potentialAction\":[{\"@type\":\"ReadAction\",\"target\":[\"https:\\\/\\\/crocjeux.com\\\/index.php\\\/produit\\\/zombicide-invader\\\/\"]}]},{\"@type\":\"ImageObject\",\"inLanguage\":\"fr-FR\",\"@id\":\"https:\\\/\\\/crocjeux.com\\\/index.php\\\/produit\\\/zombicide-invader\\\/#primaryimage\",\"url\":\"https:\\\/\\\/crocjeux.com\\\/wp-content\\\/uploads\\\/2020\\\/11\\\/zombicide_invader.png\",\"contentUrl\":\"https:\\\/\\\/crocjeux.com\\\/wp-content\\\/uploads\\\/2020\\\/11\\\/zombicide_invader.png\",\"width\":379,\"height\":389},{\"@type\":\"BreadcrumbList\",\"@id\":\"https:\\\/\\\/crocjeux.com\\\/index.php\\\/produit\\\/zombicide-invader\\\/#breadcrumb\",\"itemListElement\":[{\"@type\":\"ListItem\",\"position\":1,\"name\":\"Accueil\",\"item\":\"https:\\\/\\\/crocjeux.com\\\/\"},{\"@type\":\"ListItem\",\"position\":2,\"name\":\"Boutique\",\"item\":\"https:\\\/\\\/crocjeux.com\\\/\"},{\"@type\":\"ListItem\",\"position\":3,\"name\":\"Zombicide &#8211; Invader\"}]},{\"@type\":\"WebSite\",\"@id\":\"https:\\\/\\\/crocjeux.com\\\/#website\",\"url\":\"https:\\\/\\\/crocjeux.com\\\/\",\"name\":\"Croc Jeux\",\"description\":\"Bienvenue chez Croc Jeux!\",\"publisher\":{\"@id\":\"https:\\\/\\\/crocjeux.com\\\/#organization\"},\"potentialAction\":[{\"@type\":\"SearchAction\",\"target\":{\"@type\":\"EntryPoint\",\"urlTemplate\":\"https:\\\/\\\/crocjeux.com\\\/?s={search_term_string}\"},\"query-input\":{\"@type\":\"PropertyValueSpecification\",\"valueRequired\":true,\"valueName\":\"search_term_string\"}}],\"inLanguage\":\"fr-FR\"},{\"@type\":\"Organization\",\"@id\":\"https:\\\/\\\/crocjeux.com\\\/#organization\",\"name\":\"Croc Jeux\",\"url\":\"https:\\\/\\\/crocjeux.com\\\/\",\"logo\":{\"@type\":\"ImageObject\",\"inLanguage\":\"fr-FR\",\"@id\":\"https:\\\/\\\/crocjeux.com\\\/#\\\/schema\\\/logo\\\/image\\\/\",\"url\":\"https:\\\/\\\/crocjeux.com\\\/wp-content\\\/uploads\\\/2022\\\/01\\\/cropped-logo-croc-etape-1-e1644574034239.jpg\",\"contentUrl\":\"https:\\\/\\\/crocjeux.com\\\/wp-content\\\/uploads\\\/2022\\\/01\\\/cropped-logo-croc-etape-1-e1644574034239.jpg\",\"width\":1224,\"height\":314,\"caption\":\"Croc Jeux\"},\"image\":{\"@id\":\"https:\\\/\\\/crocjeux.com\\\/#\\\/schema\\\/logo\\\/image\\\/\"}}]}<\/script>\n<!-- \/ Yoast SEO plugin. -->","yoast_head_json":{"title":"Zombicide - Invader - Croc Jeux","robots":{"index":"index","follow":"follow","max-snippet":"max-snippet:-1","max-image-preview":"max-image-preview:large","max-video-preview":"max-video-preview:-1"},"canonical":"https:\/\/crocjeux.com\/index.php\/produit\/zombicide-invader\/","og_locale":"fr_FR","og_type":"article","og_title":"Zombicide - Invader - Croc Jeux","og_description":"Bienvenue dans un \u00e2ge d'exploration spatiale ! Dans leur qu\u00eate insens\u00e9e de savoir interdit, les survivants d'une colonie spatiale tenteront de survivre face \u00e0 une horde de X\u00e9nos infect\u00e9s !","og_url":"https:\/\/crocjeux.com\/index.php\/produit\/zombicide-invader\/","og_site_name":"Croc Jeux","article_modified_time":"2023-08-09T13:55:32+00:00","og_image":[{"width":379,"height":389,"url":"https:\/\/crocjeux.com\/wp-content\/uploads\/2020\/11\/zombicide_invader.png","type":"image\/png"}],"twitter_card":"summary_large_image","twitter_misc":{"Dur\u00e9e de lecture estim\u00e9e":"2 minutes"},"schema":{"@context":"https:\/\/schema.org","@graph":[{"@type":"WebPage","@id":"https:\/\/crocjeux.com\/index.php\/produit\/zombicide-invader\/","url":"https:\/\/crocjeux.com\/index.php\/produit\/zombicide-invader\/","name":"Zombicide - Invader - Croc Jeux","isPartOf":{"@id":"https:\/\/crocjeux.com\/#website"},"primaryImageOfPage":{"@id":"https:\/\/crocjeux.com\/index.php\/produit\/zombicide-invader\/#primaryimage"},"image":{"@id":"https:\/\/crocjeux.com\/index.php\/produit\/zombicide-invader\/#primaryimage"},"thumbnailUrl":"https:\/\/crocjeux.com\/wp-content\/uploads\/2020\/11\/zombicide_invader.png","datePublished":"2020-11-03T14:57:46+00:00","dateModified":"2023-08-09T13:55:32+00:00","breadcrumb":{"@id":"https:\/\/crocjeux.com\/index.php\/produit\/zombicide-invader\/#breadcrumb"},"inLanguage":"fr-FR","potentialAction":[{"@type":"ReadAction","target":["https:\/\/crocjeux.com\/index.php\/produit\/zombicide-invader\/"]}]},{"@type":"ImageObject","inLanguage":"fr-FR","@id":"https:\/\/crocjeux.com\/index.php\/produit\/zombicide-invader\/#primaryimage","url":"https:\/\/crocjeux.com\/wp-content\/uploads\/2020\/11\/zombicide_invader.png","contentUrl":"https:\/\/crocjeux.com\/wp-content\/uploads\/2020\/11\/zombicide_invader.png","width":379,"height":389},{"@type":"BreadcrumbList","@id":"https:\/\/crocjeux.com\/index.php\/produit\/zombicide-invader\/#breadcrumb","itemListElement":[{"@type":"ListItem","position":1,"name":"Accueil","item":"https:\/\/crocjeux.com\/"},{"@type":"ListItem","position":2,"name":"Boutique","item":"https:\/\/crocjeux.com\/"},{"@type":"ListItem","position":3,"name":"Zombicide &#8211; Invader"}]},{"@type":"WebSite","@id":"https:\/\/crocjeux.com\/#website","url":"https:\/\/crocjeux.com\/","name":"Croc Jeux","description":"Bienvenue chez Croc Jeux!","publisher":{"@id":"https:\/\/crocjeux.com\/#organization"},"potentialAction":[{"@type":"SearchAction","target":{"@type":"EntryPoint","urlTemplate":"https:\/\/crocjeux.com\/?s={search_term_string}"},"query-input":{"@type":"PropertyValueSpecification","valueRequired":true,"valueName":"search_term_string"}}],"inLanguage":"fr-FR"},{"@type":"Organization","@id":"https:\/\/crocjeux.com\/#organization","name":"Croc Jeux","url":"https:\/\/crocjeux.com\/","logo":{"@type":"ImageObject","inLanguage":"fr-FR","@id":"https:\/\/crocjeux.com\/#\/schema\/logo\/image\/","url":"https:\/\/crocjeux.com\/wp-content\/uploads\/2022\/01\/cropped-logo-croc-etape-1-e1644574034239.jpg","contentUrl":"https:\/\/crocjeux.com\/wp-content\/uploads\/2022\/01\/cropped-logo-croc-etape-1-e1644574034239.jpg","width":1224,"height":314,"caption":"Croc Jeux"},"image":{"@id":"https:\/\/crocjeux.com\/#\/schema\/logo\/image\/"}}]}},"_links":{"self":[{"href":"https:\/\/crocjeux.com\/index.php\/wp-json\/wp\/v2\/product\/405","targetHints":{"allow":["GET"]}}],"collection":[{"href":"https:\/\/crocjeux.com\/index.php\/wp-json\/wp\/v2\/product"}],"about":[{"href":"https:\/\/crocjeux.com\/index.php\/wp-json\/wp\/v2\/types\/product"}],"replies":[{"embeddable":true,"href":"https:\/\/crocjeux.com\/index.php\/wp-json\/wp\/v2\/comments?post=405"}],"wp:featuredmedia":[{"embeddable":true,"href":"https:\/\/crocjeux.com\/index.php\/wp-json\/wp\/v2\/media\/406"}],"wp:attachment":[{"href":"https:\/\/crocjeux.com\/index.php\/wp-json\/wp\/v2\/media?parent=405"}],"wp:term":[{"taxonomy":"product_brand","embeddable":true,"href":"https:\/\/crocjeux.com\/index.php\/wp-json\/wp\/v2\/product_brand?post=405"},{"taxonomy":"product_cat","embeddable":true,"href":"https:\/\/crocjeux.com\/index.php\/wp-json\/wp\/v2\/product_cat?post=405"},{"taxonomy":"product_tag","embeddable":true,"href":"https:\/\/crocjeux.com\/index.php\/wp-json\/wp\/v2\/product_tag?post=405"}],"curies":[{"name":"wp","href":"https:\/\/api.w.org\/{rel}","templated":true}]}}