{"id":4257,"date":"2022-02-16T17:20:28","date_gmt":"2022-02-16T16:20:28","guid":{"rendered":"https:\/\/crocjeux.com\/?post_type=product&#038;p=4257"},"modified":"2024-01-11T13:03:39","modified_gmt":"2024-01-11T12:03:39","slug":"ordre-phenix-charm-lumos","status":"publish","type":"product","link":"https:\/\/crocjeux.com\/index.php\/produit\/ordre-phenix-charm-lumos\/","title":{"rendered":"L\u2019ordre du Ph\u00e9nix &#8211; Charm Lumos"},"content":{"rendered":"<p>Petit Charm de Lumos qui repr\u00e9sente\u00a0<span class=\"desc\">le blason de l&rsquo;Ordre du Ph\u00e9nix.<\/span><\/p>\n<p>Dimensions du bijou\u00a0:<br \/>\n3&#215;1 cm +\u00a0attache du charm 1 cm<\/p>\n<p>&nbsp;<\/p>\n<p>Au moins 15% du prix de\u00a0vente de ce bijou sera\u00a0revers\u00e9\u00a0 \u00e0 la fondation Lumos, une organisation \u00e0 but non lucratif fond\u00e9e par J.K. Rowling dont l&rsquo;objectif est d&rsquo;aider les enfants d\u00e9favoris\u00e9s et plac\u00e9s dans des structures d\u2019h\u00e9bergement. Pour en savoir plus:<strong>\u00a0<a href=\"https:\/\/noblecollection-distribution.com\/pro\/page-produit.php?products_id=7772&amp;osCsid=67ucgbukheg2kedc0gh5kehae6\">www.wearelumos.org<\/a><\/strong><\/p>\n<p dir=\"\">\u201cUn bracelet Charms peut avoir l\u2019air d\u2019un petit objet sans valeur. Cependant, quel autre bijou est impr\u00e9gn\u00e9 \u00e0 ce point de souvenirs et d\u2019\u00e9motions ? Pourquoi appeler ces petits chefs d\u2019oeuvre des \u201cCharms\u201d si ce n\u2019est pour faire allusion \u00e0 leurs propri\u00e9t\u00e9s talismaniques ? Ils ont une signification au del\u00e0 du simple bijou. Ce sont de v\u00e9ritables amulettes personnelles.\u201d<\/p>\n<p dir=\"\">\u201cLumos est un sort que j\u2019ai cr\u00e9\u00e9 dans HARRY POTTER\u2122 afin de faire entrer la lumi\u00e8re dans un lieu d\u00e9sesp\u00e9r\u00e9ment sombre et terrifiant. Chez Lumos, c\u2019est exactement ce que nous faisons : nous mettons en avant les enfants laiss\u00e9s pour compte, oubli\u00e9s et cach\u00e9s, afin que tout le monde comprenne leur situation et travaille main dans la main pour les sortir de l\u00e0.\u201d<\/p>\n<p dir=\"\">&#8211;\u00a0<strong>J.K. Rowling, Fondatrice et Pr\u00e9sidente de Lumos<\/strong><\/p>\n","protected":false},"excerpt":{"rendered":"<p>Petit Charm de Lumos qui repr\u00e9sente\u00a0le blason de l&rsquo;Ordre du Ph\u00e9nix. Dimensions du bijou\u00a0: 3&#215;1 cm +\u00a0attache du charm 1<\/p>\n","protected":false},"featured_media":4259,"comment_status":"open","ping_status":"closed","template":"","meta":{"colormag_page_container_layout":"default_layout","colormag_page_sidebar_layout":"default_layout"},"product_brand":[],"product_cat":[153],"product_tag":[],"class_list":{"0":"post-4257","1":"product","2":"type-product","3":"status-publish","4":"has-post-thumbnail","6":"product_cat-bijoux","8":"first","9":"instock","10":"taxable","11":"shipping-taxable","12":"purchasable","13":"product-type-simple"},"yoast_head":"<!-- This site is optimized with the Yoast SEO plugin v27.1.1 - https:\/\/yoast.com\/product\/yoast-seo-wordpress\/ -->\n<title>L\u2019ordre du Ph\u00e9nix - Charm Lumos - Croc Jeux<\/title>\n<meta name=\"robots\" content=\"index, follow, max-snippet:-1, max-image-preview:large, max-video-preview:-1\" \/>\n<link rel=\"canonical\" href=\"https:\/\/crocjeux.com\/index.php\/produit\/ordre-phenix-charm-lumos\/\" \/>\n<meta property=\"og:locale\" content=\"fr_FR\" \/>\n<meta property=\"og:type\" content=\"article\" \/>\n<meta property=\"og:title\" content=\"L\u2019ordre du Ph\u00e9nix - Charm Lumos - Croc Jeux\" \/>\n<meta property=\"og:description\" content=\"Petit Charm de Lumos qui repr\u00e9sente\u00a0le blason de l&rsquo;Ordre du Ph\u00e9nix. Dimensions du bijou\u00a0: 3&#215;1 cm +\u00a0attache du charm 1\" \/>\n<meta property=\"og:url\" content=\"https:\/\/crocjeux.com\/index.php\/produit\/ordre-phenix-charm-lumos\/\" \/>\n<meta property=\"og:site_name\" content=\"Croc Jeux\" \/>\n<meta property=\"article:modified_time\" content=\"2024-01-11T12:03:39+00:00\" \/>\n<meta property=\"og:image\" content=\"https:\/\/crocjeux.com\/wp-content\/uploads\/2022\/02\/NN1045_480.jpg\" \/>\n\t<meta property=\"og:image:width\" content=\"480\" \/>\n\t<meta property=\"og:image:height\" content=\"480\" \/>\n\t<meta property=\"og:image:type\" content=\"image\/jpeg\" \/>\n<meta name=\"twitter:card\" content=\"summary_large_image\" \/>\n<meta name=\"twitter:label1\" content=\"Dur\u00e9e de lecture estim\u00e9e\" \/>\n\t<meta name=\"twitter:data1\" content=\"1 minute\" \/>\n<script type=\"application\/ld+json\" class=\"yoast-schema-graph\">{\"@context\":\"https:\/\/schema.org\",\"@graph\":[{\"@type\":\"WebPage\",\"@id\":\"https:\/\/crocjeux.com\/index.php\/produit\/ordre-phenix-charm-lumos\/\",\"url\":\"https:\/\/crocjeux.com\/index.php\/produit\/ordre-phenix-charm-lumos\/\",\"name\":\"L\u2019ordre du Ph\u00e9nix - Charm Lumos - Croc Jeux\",\"isPartOf\":{\"@id\":\"https:\/\/crocjeux.com\/#website\"},\"primaryImageOfPage\":{\"@id\":\"https:\/\/crocjeux.com\/index.php\/produit\/ordre-phenix-charm-lumos\/#primaryimage\"},\"image\":{\"@id\":\"https:\/\/crocjeux.com\/index.php\/produit\/ordre-phenix-charm-lumos\/#primaryimage\"},\"thumbnailUrl\":\"https:\/\/crocjeux.com\/wp-content\/uploads\/2022\/02\/NN1045_480.jpg\",\"datePublished\":\"2022-02-16T16:20:28+00:00\",\"dateModified\":\"2024-01-11T12:03:39+00:00\",\"breadcrumb\":{\"@id\":\"https:\/\/crocjeux.com\/index.php\/produit\/ordre-phenix-charm-lumos\/#breadcrumb\"},\"inLanguage\":\"fr-FR\",\"potentialAction\":[{\"@type\":\"ReadAction\",\"target\":[\"https:\/\/crocjeux.com\/index.php\/produit\/ordre-phenix-charm-lumos\/\"]}]},{\"@type\":\"ImageObject\",\"inLanguage\":\"fr-FR\",\"@id\":\"https:\/\/crocjeux.com\/index.php\/produit\/ordre-phenix-charm-lumos\/#primaryimage\",\"url\":\"https:\/\/crocjeux.com\/wp-content\/uploads\/2022\/02\/NN1045_480.jpg\",\"contentUrl\":\"https:\/\/crocjeux.com\/wp-content\/uploads\/2022\/02\/NN1045_480.jpg\",\"width\":480,\"height\":480},{\"@type\":\"BreadcrumbList\",\"@id\":\"https:\/\/crocjeux.com\/index.php\/produit\/ordre-phenix-charm-lumos\/#breadcrumb\",\"itemListElement\":[{\"@type\":\"ListItem\",\"position\":1,\"name\":\"Accueil\",\"item\":\"https:\/\/crocjeux.com\/\"},{\"@type\":\"ListItem\",\"position\":2,\"name\":\"Boutique\",\"item\":\"https:\/\/crocjeux.com\/\"},{\"@type\":\"ListItem\",\"position\":3,\"name\":\"L\u2019ordre du Ph\u00e9nix &#8211; Charm Lumos\"}]},{\"@type\":\"WebSite\",\"@id\":\"https:\/\/crocjeux.com\/#website\",\"url\":\"https:\/\/crocjeux.com\/\",\"name\":\"Croc Jeux\",\"description\":\"Bienvenue chez Croc Jeux!\",\"publisher\":{\"@id\":\"https:\/\/crocjeux.com\/#organization\"},\"potentialAction\":[{\"@type\":\"SearchAction\",\"target\":{\"@type\":\"EntryPoint\",\"urlTemplate\":\"https:\/\/crocjeux.com\/?s={search_term_string}\"},\"query-input\":{\"@type\":\"PropertyValueSpecification\",\"valueRequired\":true,\"valueName\":\"search_term_string\"}}],\"inLanguage\":\"fr-FR\"},{\"@type\":\"Organization\",\"@id\":\"https:\/\/crocjeux.com\/#organization\",\"name\":\"Croc Jeux\",\"url\":\"https:\/\/crocjeux.com\/\",\"logo\":{\"@type\":\"ImageObject\",\"inLanguage\":\"fr-FR\",\"@id\":\"https:\/\/crocjeux.com\/#\/schema\/logo\/image\/\",\"url\":\"https:\/\/crocjeux.com\/wp-content\/uploads\/2022\/01\/cropped-logo-croc-etape-1-e1644574034239.jpg\",\"contentUrl\":\"https:\/\/crocjeux.com\/wp-content\/uploads\/2022\/01\/cropped-logo-croc-etape-1-e1644574034239.jpg\",\"width\":1224,\"height\":314,\"caption\":\"Croc Jeux\"},\"image\":{\"@id\":\"https:\/\/crocjeux.com\/#\/schema\/logo\/image\/\"}}]}<\/script>\n<!-- \/ Yoast SEO plugin. -->","yoast_head_json":{"title":"L\u2019ordre du Ph\u00e9nix - Charm Lumos - Croc Jeux","robots":{"index":"index","follow":"follow","max-snippet":"max-snippet:-1","max-image-preview":"max-image-preview:large","max-video-preview":"max-video-preview:-1"},"canonical":"https:\/\/crocjeux.com\/index.php\/produit\/ordre-phenix-charm-lumos\/","og_locale":"fr_FR","og_type":"article","og_title":"L\u2019ordre du Ph\u00e9nix - Charm Lumos - Croc Jeux","og_description":"Petit Charm de Lumos qui repr\u00e9sente\u00a0le blason de l&rsquo;Ordre du Ph\u00e9nix. Dimensions du bijou\u00a0: 3&#215;1 cm +\u00a0attache du charm 1","og_url":"https:\/\/crocjeux.com\/index.php\/produit\/ordre-phenix-charm-lumos\/","og_site_name":"Croc Jeux","article_modified_time":"2024-01-11T12:03:39+00:00","og_image":[{"width":480,"height":480,"url":"https:\/\/crocjeux.com\/wp-content\/uploads\/2022\/02\/NN1045_480.jpg","type":"image\/jpeg"}],"twitter_card":"summary_large_image","twitter_misc":{"Dur\u00e9e de lecture estim\u00e9e":"1 minute"},"schema":{"@context":"https:\/\/schema.org","@graph":[{"@type":"WebPage","@id":"https:\/\/crocjeux.com\/index.php\/produit\/ordre-phenix-charm-lumos\/","url":"https:\/\/crocjeux.com\/index.php\/produit\/ordre-phenix-charm-lumos\/","name":"L\u2019ordre du Ph\u00e9nix - Charm Lumos - Croc Jeux","isPartOf":{"@id":"https:\/\/crocjeux.com\/#website"},"primaryImageOfPage":{"@id":"https:\/\/crocjeux.com\/index.php\/produit\/ordre-phenix-charm-lumos\/#primaryimage"},"image":{"@id":"https:\/\/crocjeux.com\/index.php\/produit\/ordre-phenix-charm-lumos\/#primaryimage"},"thumbnailUrl":"https:\/\/crocjeux.com\/wp-content\/uploads\/2022\/02\/NN1045_480.jpg","datePublished":"2022-02-16T16:20:28+00:00","dateModified":"2024-01-11T12:03:39+00:00","breadcrumb":{"@id":"https:\/\/crocjeux.com\/index.php\/produit\/ordre-phenix-charm-lumos\/#breadcrumb"},"inLanguage":"fr-FR","potentialAction":[{"@type":"ReadAction","target":["https:\/\/crocjeux.com\/index.php\/produit\/ordre-phenix-charm-lumos\/"]}]},{"@type":"ImageObject","inLanguage":"fr-FR","@id":"https:\/\/crocjeux.com\/index.php\/produit\/ordre-phenix-charm-lumos\/#primaryimage","url":"https:\/\/crocjeux.com\/wp-content\/uploads\/2022\/02\/NN1045_480.jpg","contentUrl":"https:\/\/crocjeux.com\/wp-content\/uploads\/2022\/02\/NN1045_480.jpg","width":480,"height":480},{"@type":"BreadcrumbList","@id":"https:\/\/crocjeux.com\/index.php\/produit\/ordre-phenix-charm-lumos\/#breadcrumb","itemListElement":[{"@type":"ListItem","position":1,"name":"Accueil","item":"https:\/\/crocjeux.com\/"},{"@type":"ListItem","position":2,"name":"Boutique","item":"https:\/\/crocjeux.com\/"},{"@type":"ListItem","position":3,"name":"L\u2019ordre du Ph\u00e9nix &#8211; Charm Lumos"}]},{"@type":"WebSite","@id":"https:\/\/crocjeux.com\/#website","url":"https:\/\/crocjeux.com\/","name":"Croc Jeux","description":"Bienvenue chez Croc Jeux!","publisher":{"@id":"https:\/\/crocjeux.com\/#organization"},"potentialAction":[{"@type":"SearchAction","target":{"@type":"EntryPoint","urlTemplate":"https:\/\/crocjeux.com\/?s={search_term_string}"},"query-input":{"@type":"PropertyValueSpecification","valueRequired":true,"valueName":"search_term_string"}}],"inLanguage":"fr-FR"},{"@type":"Organization","@id":"https:\/\/crocjeux.com\/#organization","name":"Croc Jeux","url":"https:\/\/crocjeux.com\/","logo":{"@type":"ImageObject","inLanguage":"fr-FR","@id":"https:\/\/crocjeux.com\/#\/schema\/logo\/image\/","url":"https:\/\/crocjeux.com\/wp-content\/uploads\/2022\/01\/cropped-logo-croc-etape-1-e1644574034239.jpg","contentUrl":"https:\/\/crocjeux.com\/wp-content\/uploads\/2022\/01\/cropped-logo-croc-etape-1-e1644574034239.jpg","width":1224,"height":314,"caption":"Croc Jeux"},"image":{"@id":"https:\/\/crocjeux.com\/#\/schema\/logo\/image\/"}}]}},"_links":{"self":[{"href":"https:\/\/crocjeux.com\/index.php\/wp-json\/wp\/v2\/product\/4257","targetHints":{"allow":["GET"]}}],"collection":[{"href":"https:\/\/crocjeux.com\/index.php\/wp-json\/wp\/v2\/product"}],"about":[{"href":"https:\/\/crocjeux.com\/index.php\/wp-json\/wp\/v2\/types\/product"}],"replies":[{"embeddable":true,"href":"https:\/\/crocjeux.com\/index.php\/wp-json\/wp\/v2\/comments?post=4257"}],"wp:featuredmedia":[{"embeddable":true,"href":"https:\/\/crocjeux.com\/index.php\/wp-json\/wp\/v2\/media\/4259"}],"wp:attachment":[{"href":"https:\/\/crocjeux.com\/index.php\/wp-json\/wp\/v2\/media?parent=4257"}],"wp:term":[{"taxonomy":"product_brand","embeddable":true,"href":"https:\/\/crocjeux.com\/index.php\/wp-json\/wp\/v2\/product_brand?post=4257"},{"taxonomy":"product_cat","embeddable":true,"href":"https:\/\/crocjeux.com\/index.php\/wp-json\/wp\/v2\/product_cat?post=4257"},{"taxonomy":"product_tag","embeddable":true,"href":"https:\/\/crocjeux.com\/index.php\/wp-json\/wp\/v2\/product_tag?post=4257"}],"curies":[{"name":"wp","href":"https:\/\/api.w.org\/{rel}","templated":true}]}}