{"id":4329,"date":"2022-02-25T10:57:41","date_gmt":"2022-02-25T09:57:41","guid":{"rendered":"https:\/\/crocjeux.com\/?post_type=product&#038;p=4329"},"modified":"2024-07-24T11:55:04","modified_gmt":"2024-07-24T10:55:04","slug":"villainous-monstrueusement-malsains","status":"publish","type":"product","link":"https:\/\/crocjeux.com\/index.php\/produit\/villainous-monstrueusement-malsains\/","title":{"rendered":"Villainous &#8211; Monstrueusement Malsains"},"content":{"rendered":"<section id=\"tab-description\" class=\"page-product-box r-tabs-panel r-tabs-state-active\">\n<div class=\"rte\">\n<h2>Une 4e extension pour Villainous<\/h2>\n<div><\/div>\n<p>Dans Villainous : Monstrueusement Malsains, chaque joueur prend le contr\u00f4le d&rsquo;un des trois personnages Disney, chacun \u00e9tant un m\u00e9chant dans un film Disney diff\u00e9rent, notamment Lady Tremaine (Cendrillon), le Roi Cornu (Le Chaudron Noir), et Gaston (La Belle et la B\u00eate). Chaque joueur dispose de son propre jeu de m\u00e9chants, de son jeu de destin, de son plateau de joueur et de son personnage 3D.<\/p>\n<div><\/div>\n<div>\n<p>Lors d&rsquo;un tour, le joueur actif d\u00e9place son personnage sur un emplacement diff\u00e9rent de son plateau de jeu, effectue une ou plusieurs des actions visibles sur cet espace (souvent en jouant des cartes de sa main), puis remplit sa main de quatre cartes. Les cartes sont des alli\u00e9s, des objets, des effets et des conditions. Vous devez utiliser vos cartes pour remplir votre condition de victoire unique.<\/p>\n<div><\/div>\n<div>L&rsquo;une des actions vous permet de choisir un autre joueur, de tirer deux cartes du paquet de destin de ce joueur, puis d&rsquo;en jouer une sur le plateau de ce joueur, en couvrant deux des quatre espaces d&rsquo;action sur l&rsquo;un des emplacements de ce joueur. La pioche du destin contient des h\u00e9ros, des objets et des effets du film de ce m\u00e9chant, et ces cartes permettent aux autres joueurs de s&rsquo;en prendre \u00e0 ce m\u00e9chant en particulier.<\/div>\n<\/div>\n<\/div>\n<\/section>\n","protected":false},"excerpt":{"rendered":"<p>Une 4e extension pour Villainous Dans Villainous : Monstrueusement Malsains, chaque joueur prend le contr\u00f4le d&rsquo;un des trois personnages Disney,<\/p>\n","protected":false},"featured_media":4330,"comment_status":"open","ping_status":"closed","template":"","meta":{"colormag_page_container_layout":"default_layout","colormag_page_sidebar_layout":"default_layout"},"product_brand":[],"product_cat":[36],"product_tag":[],"class_list":{"0":"post-4329","1":"product","2":"type-product","3":"status-publish","4":"has-post-thumbnail","6":"product_cat-jeux-familiaux","8":"first","9":"instock","10":"taxable","11":"shipping-taxable","12":"purchasable","13":"product-type-simple"},"yoast_head":"<!-- This site is optimized with the Yoast SEO plugin v27.4 - https:\/\/yoast.com\/product\/yoast-seo-wordpress\/ -->\n<title>Villainous - Monstrueusement Malsains - Croc Jeux<\/title>\n<meta name=\"robots\" content=\"index, follow, max-snippet:-1, max-image-preview:large, max-video-preview:-1\" \/>\n<link rel=\"canonical\" href=\"https:\/\/crocjeux.com\/index.php\/produit\/villainous-monstrueusement-malsains\/\" \/>\n<meta property=\"og:locale\" content=\"fr_FR\" \/>\n<meta property=\"og:type\" content=\"article\" \/>\n<meta property=\"og:title\" content=\"Villainous - Monstrueusement Malsains - Croc Jeux\" \/>\n<meta property=\"og:description\" content=\"Une 4e extension pour Villainous Dans Villainous : Monstrueusement Malsains, chaque joueur prend le contr\u00f4le d&rsquo;un des trois personnages Disney,\" \/>\n<meta property=\"og:url\" content=\"https:\/\/crocjeux.com\/index.php\/produit\/villainous-monstrueusement-malsains\/\" \/>\n<meta property=\"og:site_name\" content=\"Croc Jeux\" \/>\n<meta property=\"article:modified_time\" content=\"2024-07-24T10:55:04+00:00\" \/>\n<meta property=\"og:image\" content=\"https:\/\/crocjeux.com\/wp-content\/uploads\/2022\/02\/villainous-monstrueusement-malsains-boite-de-jeu.jpg\" \/>\n\t<meta property=\"og:image:width\" content=\"479\" \/>\n\t<meta property=\"og:image:height\" content=\"727\" \/>\n\t<meta property=\"og:image:type\" content=\"image\/jpeg\" \/>\n<meta name=\"twitter:card\" content=\"summary_large_image\" \/>\n<meta name=\"twitter:label1\" content=\"Dur\u00e9e de lecture estim\u00e9e\" \/>\n\t<meta name=\"twitter:data1\" content=\"2 minutes\" \/>\n<script type=\"application\/ld+json\" class=\"yoast-schema-graph\">{\"@context\":\"https:\\\/\\\/schema.org\",\"@graph\":[{\"@type\":\"WebPage\",\"@id\":\"https:\\\/\\\/crocjeux.com\\\/index.php\\\/produit\\\/villainous-monstrueusement-malsains\\\/\",\"url\":\"https:\\\/\\\/crocjeux.com\\\/index.php\\\/produit\\\/villainous-monstrueusement-malsains\\\/\",\"name\":\"Villainous - Monstrueusement Malsains - Croc Jeux\",\"isPartOf\":{\"@id\":\"https:\\\/\\\/crocjeux.com\\\/#website\"},\"primaryImageOfPage\":{\"@id\":\"https:\\\/\\\/crocjeux.com\\\/index.php\\\/produit\\\/villainous-monstrueusement-malsains\\\/#primaryimage\"},\"image\":{\"@id\":\"https:\\\/\\\/crocjeux.com\\\/index.php\\\/produit\\\/villainous-monstrueusement-malsains\\\/#primaryimage\"},\"thumbnailUrl\":\"https:\\\/\\\/crocjeux.com\\\/wp-content\\\/uploads\\\/2022\\\/02\\\/villainous-monstrueusement-malsains-boite-de-jeu.jpg\",\"datePublished\":\"2022-02-25T09:57:41+00:00\",\"dateModified\":\"2024-07-24T10:55:04+00:00\",\"breadcrumb\":{\"@id\":\"https:\\\/\\\/crocjeux.com\\\/index.php\\\/produit\\\/villainous-monstrueusement-malsains\\\/#breadcrumb\"},\"inLanguage\":\"fr-FR\",\"potentialAction\":[{\"@type\":\"ReadAction\",\"target\":[\"https:\\\/\\\/crocjeux.com\\\/index.php\\\/produit\\\/villainous-monstrueusement-malsains\\\/\"]}]},{\"@type\":\"ImageObject\",\"inLanguage\":\"fr-FR\",\"@id\":\"https:\\\/\\\/crocjeux.com\\\/index.php\\\/produit\\\/villainous-monstrueusement-malsains\\\/#primaryimage\",\"url\":\"https:\\\/\\\/crocjeux.com\\\/wp-content\\\/uploads\\\/2022\\\/02\\\/villainous-monstrueusement-malsains-boite-de-jeu.jpg\",\"contentUrl\":\"https:\\\/\\\/crocjeux.com\\\/wp-content\\\/uploads\\\/2022\\\/02\\\/villainous-monstrueusement-malsains-boite-de-jeu.jpg\",\"width\":479,\"height\":727},{\"@type\":\"BreadcrumbList\",\"@id\":\"https:\\\/\\\/crocjeux.com\\\/index.php\\\/produit\\\/villainous-monstrueusement-malsains\\\/#breadcrumb\",\"itemListElement\":[{\"@type\":\"ListItem\",\"position\":1,\"name\":\"Accueil\",\"item\":\"https:\\\/\\\/crocjeux.com\\\/\"},{\"@type\":\"ListItem\",\"position\":2,\"name\":\"Boutique\",\"item\":\"https:\\\/\\\/crocjeux.com\\\/\"},{\"@type\":\"ListItem\",\"position\":3,\"name\":\"Villainous &#8211; Monstrueusement Malsains\"}]},{\"@type\":\"WebSite\",\"@id\":\"https:\\\/\\\/crocjeux.com\\\/#website\",\"url\":\"https:\\\/\\\/crocjeux.com\\\/\",\"name\":\"Croc Jeux\",\"description\":\"Bienvenue chez Croc Jeux!\",\"publisher\":{\"@id\":\"https:\\\/\\\/crocjeux.com\\\/#organization\"},\"potentialAction\":[{\"@type\":\"SearchAction\",\"target\":{\"@type\":\"EntryPoint\",\"urlTemplate\":\"https:\\\/\\\/crocjeux.com\\\/?s={search_term_string}\"},\"query-input\":{\"@type\":\"PropertyValueSpecification\",\"valueRequired\":true,\"valueName\":\"search_term_string\"}}],\"inLanguage\":\"fr-FR\"},{\"@type\":\"Organization\",\"@id\":\"https:\\\/\\\/crocjeux.com\\\/#organization\",\"name\":\"Croc Jeux\",\"url\":\"https:\\\/\\\/crocjeux.com\\\/\",\"logo\":{\"@type\":\"ImageObject\",\"inLanguage\":\"fr-FR\",\"@id\":\"https:\\\/\\\/crocjeux.com\\\/#\\\/schema\\\/logo\\\/image\\\/\",\"url\":\"https:\\\/\\\/crocjeux.com\\\/wp-content\\\/uploads\\\/2022\\\/01\\\/cropped-logo-croc-etape-1-e1644574034239.jpg\",\"contentUrl\":\"https:\\\/\\\/crocjeux.com\\\/wp-content\\\/uploads\\\/2022\\\/01\\\/cropped-logo-croc-etape-1-e1644574034239.jpg\",\"width\":1224,\"height\":314,\"caption\":\"Croc Jeux\"},\"image\":{\"@id\":\"https:\\\/\\\/crocjeux.com\\\/#\\\/schema\\\/logo\\\/image\\\/\"}}]}<\/script>\n<!-- \/ Yoast SEO plugin. -->","yoast_head_json":{"title":"Villainous - Monstrueusement Malsains - Croc Jeux","robots":{"index":"index","follow":"follow","max-snippet":"max-snippet:-1","max-image-preview":"max-image-preview:large","max-video-preview":"max-video-preview:-1"},"canonical":"https:\/\/crocjeux.com\/index.php\/produit\/villainous-monstrueusement-malsains\/","og_locale":"fr_FR","og_type":"article","og_title":"Villainous - Monstrueusement Malsains - Croc Jeux","og_description":"Une 4e extension pour Villainous Dans Villainous : Monstrueusement Malsains, chaque joueur prend le contr\u00f4le d&rsquo;un des trois personnages Disney,","og_url":"https:\/\/crocjeux.com\/index.php\/produit\/villainous-monstrueusement-malsains\/","og_site_name":"Croc Jeux","article_modified_time":"2024-07-24T10:55:04+00:00","og_image":[{"width":479,"height":727,"url":"https:\/\/crocjeux.com\/wp-content\/uploads\/2022\/02\/villainous-monstrueusement-malsains-boite-de-jeu.jpg","type":"image\/jpeg"}],"twitter_card":"summary_large_image","twitter_misc":{"Dur\u00e9e de lecture estim\u00e9e":"2 minutes"},"schema":{"@context":"https:\/\/schema.org","@graph":[{"@type":"WebPage","@id":"https:\/\/crocjeux.com\/index.php\/produit\/villainous-monstrueusement-malsains\/","url":"https:\/\/crocjeux.com\/index.php\/produit\/villainous-monstrueusement-malsains\/","name":"Villainous - Monstrueusement Malsains - Croc Jeux","isPartOf":{"@id":"https:\/\/crocjeux.com\/#website"},"primaryImageOfPage":{"@id":"https:\/\/crocjeux.com\/index.php\/produit\/villainous-monstrueusement-malsains\/#primaryimage"},"image":{"@id":"https:\/\/crocjeux.com\/index.php\/produit\/villainous-monstrueusement-malsains\/#primaryimage"},"thumbnailUrl":"https:\/\/crocjeux.com\/wp-content\/uploads\/2022\/02\/villainous-monstrueusement-malsains-boite-de-jeu.jpg","datePublished":"2022-02-25T09:57:41+00:00","dateModified":"2024-07-24T10:55:04+00:00","breadcrumb":{"@id":"https:\/\/crocjeux.com\/index.php\/produit\/villainous-monstrueusement-malsains\/#breadcrumb"},"inLanguage":"fr-FR","potentialAction":[{"@type":"ReadAction","target":["https:\/\/crocjeux.com\/index.php\/produit\/villainous-monstrueusement-malsains\/"]}]},{"@type":"ImageObject","inLanguage":"fr-FR","@id":"https:\/\/crocjeux.com\/index.php\/produit\/villainous-monstrueusement-malsains\/#primaryimage","url":"https:\/\/crocjeux.com\/wp-content\/uploads\/2022\/02\/villainous-monstrueusement-malsains-boite-de-jeu.jpg","contentUrl":"https:\/\/crocjeux.com\/wp-content\/uploads\/2022\/02\/villainous-monstrueusement-malsains-boite-de-jeu.jpg","width":479,"height":727},{"@type":"BreadcrumbList","@id":"https:\/\/crocjeux.com\/index.php\/produit\/villainous-monstrueusement-malsains\/#breadcrumb","itemListElement":[{"@type":"ListItem","position":1,"name":"Accueil","item":"https:\/\/crocjeux.com\/"},{"@type":"ListItem","position":2,"name":"Boutique","item":"https:\/\/crocjeux.com\/"},{"@type":"ListItem","position":3,"name":"Villainous &#8211; Monstrueusement Malsains"}]},{"@type":"WebSite","@id":"https:\/\/crocjeux.com\/#website","url":"https:\/\/crocjeux.com\/","name":"Croc Jeux","description":"Bienvenue chez Croc Jeux!","publisher":{"@id":"https:\/\/crocjeux.com\/#organization"},"potentialAction":[{"@type":"SearchAction","target":{"@type":"EntryPoint","urlTemplate":"https:\/\/crocjeux.com\/?s={search_term_string}"},"query-input":{"@type":"PropertyValueSpecification","valueRequired":true,"valueName":"search_term_string"}}],"inLanguage":"fr-FR"},{"@type":"Organization","@id":"https:\/\/crocjeux.com\/#organization","name":"Croc Jeux","url":"https:\/\/crocjeux.com\/","logo":{"@type":"ImageObject","inLanguage":"fr-FR","@id":"https:\/\/crocjeux.com\/#\/schema\/logo\/image\/","url":"https:\/\/crocjeux.com\/wp-content\/uploads\/2022\/01\/cropped-logo-croc-etape-1-e1644574034239.jpg","contentUrl":"https:\/\/crocjeux.com\/wp-content\/uploads\/2022\/01\/cropped-logo-croc-etape-1-e1644574034239.jpg","width":1224,"height":314,"caption":"Croc Jeux"},"image":{"@id":"https:\/\/crocjeux.com\/#\/schema\/logo\/image\/"}}]}},"_links":{"self":[{"href":"https:\/\/crocjeux.com\/index.php\/wp-json\/wp\/v2\/product\/4329","targetHints":{"allow":["GET"]}}],"collection":[{"href":"https:\/\/crocjeux.com\/index.php\/wp-json\/wp\/v2\/product"}],"about":[{"href":"https:\/\/crocjeux.com\/index.php\/wp-json\/wp\/v2\/types\/product"}],"replies":[{"embeddable":true,"href":"https:\/\/crocjeux.com\/index.php\/wp-json\/wp\/v2\/comments?post=4329"}],"wp:featuredmedia":[{"embeddable":true,"href":"https:\/\/crocjeux.com\/index.php\/wp-json\/wp\/v2\/media\/4330"}],"wp:attachment":[{"href":"https:\/\/crocjeux.com\/index.php\/wp-json\/wp\/v2\/media?parent=4329"}],"wp:term":[{"taxonomy":"product_brand","embeddable":true,"href":"https:\/\/crocjeux.com\/index.php\/wp-json\/wp\/v2\/product_brand?post=4329"},{"taxonomy":"product_cat","embeddable":true,"href":"https:\/\/crocjeux.com\/index.php\/wp-json\/wp\/v2\/product_cat?post=4329"},{"taxonomy":"product_tag","embeddable":true,"href":"https:\/\/crocjeux.com\/index.php\/wp-json\/wp\/v2\/product_tag?post=4329"}],"curies":[{"name":"wp","href":"https:\/\/api.w.org\/{rel}","templated":true}]}}