{"id":4345,"date":"2022-02-26T12:08:07","date_gmt":"2022-02-26T11:08:07","guid":{"rendered":"https:\/\/crocjeux.com\/?post_type=product&#038;p=4345"},"modified":"2025-07-18T13:54:40","modified_gmt":"2025-07-18T12:54:40","slug":"terraforming-mars-colonies","status":"publish","type":"product","link":"https:\/\/crocjeux.com\/index.php\/produit\/terraforming-mars-colonies\/","title":{"rendered":"Terraforming Mars &#8211; Colonies"},"content":{"rendered":"<p>Le syst\u00e8me solaire ext\u00e9rieur, c\u2019est la nouvelle fronti\u00e8re !<br \/>\nDes colonies commencent \u00e0 fleurir sur les lunes de Saturne. Les nuages de Jupiter sont d\u00e9sormais \u00e0 notre port\u00e9e. M\u00eame Pluton va s\u2019av\u00e9rer utile \u00e0 l&rsquo;humanit\u00e9. C\u2019est un monde d\u2019opportunit\u00e9s qui s\u2019ouvre aux corporations, qui peuvent commercer avec les colonies, r\u00e9colter des ressources, et bien entendu \u00e9tablir leurs propres colonies !<br \/>\nDans cette extension pour Terraforming Mars, vous avez l&rsquo;opportunit\u00e9 de visiter plusieurs tuiles Colonie, o\u00f9 vous pouvez \u00e9tablir vos propres colonies, ou commercer afin de gagner des avantages sp\u00e9cifiques.<\/p>\n<p>Mat\u00e9riel:<\/p>\n<ul>\n<li>49 cartes Projet<\/li>\n<li>5 cartes Corporation<\/li>\n<li>11 tuiles Colonie<\/li>\n<li>1 tuile R\u00e9f\u00e9rence<\/li>\n<li>1 tuile Flottes Marchandes<\/li>\n<li>8 flottes marchandes<\/li>\n<li>8 marqueurs blancs<\/li>\n<\/ul>\n","protected":false},"excerpt":{"rendered":"<p>Le syst\u00e8me solaire ext\u00e9rieur, c\u2019est la nouvelle fronti\u00e8re ! Des colonies commencent \u00e0 fleurir sur les lunes de Saturne. Les<\/p>\n","protected":false},"featured_media":4346,"comment_status":"open","ping_status":"closed","template":"","meta":{"colormag_page_container_layout":"default_layout","colormag_page_sidebar_layout":"default_layout"},"product_brand":[],"product_cat":[18,38,44,29],"product_tag":[],"class_list":{"0":"post-4345","1":"product","2":"type-product","3":"status-publish","4":"has-post-thumbnail","6":"product_cat-jeux-de-strategie","7":"product_cat-jeux-experts","8":"product_cat-jeux-solo","9":"product_cat-jeux-2-joueurs","11":"first","12":"instock","13":"taxable","14":"shipping-taxable","15":"purchasable","16":"product-type-simple"},"yoast_head":"<!-- This site is optimized with the Yoast SEO plugin v27.3 - https:\/\/yoast.com\/product\/yoast-seo-wordpress\/ -->\n<title>Terraforming Mars - Colonies - Croc Jeux<\/title>\n<meta name=\"robots\" content=\"index, follow, max-snippet:-1, max-image-preview:large, max-video-preview:-1\" \/>\n<link rel=\"canonical\" href=\"https:\/\/crocjeux.com\/index.php\/produit\/terraforming-mars-colonies\/\" \/>\n<meta property=\"og:locale\" content=\"fr_FR\" \/>\n<meta property=\"og:type\" content=\"article\" \/>\n<meta property=\"og:title\" content=\"Terraforming Mars - Colonies - Croc Jeux\" \/>\n<meta property=\"og:description\" content=\"Le syst\u00e8me solaire ext\u00e9rieur, c\u2019est la nouvelle fronti\u00e8re ! Des colonies commencent \u00e0 fleurir sur les lunes de Saturne. Les\" \/>\n<meta property=\"og:url\" content=\"https:\/\/crocjeux.com\/index.php\/produit\/terraforming-mars-colonies\/\" \/>\n<meta property=\"og:site_name\" content=\"Croc Jeux\" \/>\n<meta property=\"article:modified_time\" content=\"2025-07-18T12:54:40+00:00\" \/>\n<meta property=\"og:image\" content=\"https:\/\/crocjeux.com\/wp-content\/uploads\/2022\/02\/Terraforming-mars-colonies.png\" \/>\n\t<meta property=\"og:image:width\" content=\"687\" \/>\n\t<meta property=\"og:image:height\" content=\"793\" \/>\n\t<meta property=\"og:image:type\" content=\"image\/png\" \/>\n<meta name=\"twitter:card\" content=\"summary_large_image\" \/>\n<meta name=\"twitter:label1\" content=\"Dur\u00e9e de lecture estim\u00e9e\" \/>\n\t<meta name=\"twitter:data1\" content=\"1 minute\" \/>\n<script type=\"application\/ld+json\" class=\"yoast-schema-graph\">{\"@context\":\"https:\\\/\\\/schema.org\",\"@graph\":[{\"@type\":\"WebPage\",\"@id\":\"https:\\\/\\\/crocjeux.com\\\/index.php\\\/produit\\\/terraforming-mars-colonies\\\/\",\"url\":\"https:\\\/\\\/crocjeux.com\\\/index.php\\\/produit\\\/terraforming-mars-colonies\\\/\",\"name\":\"Terraforming Mars - Colonies - Croc Jeux\",\"isPartOf\":{\"@id\":\"https:\\\/\\\/crocjeux.com\\\/#website\"},\"primaryImageOfPage\":{\"@id\":\"https:\\\/\\\/crocjeux.com\\\/index.php\\\/produit\\\/terraforming-mars-colonies\\\/#primaryimage\"},\"image\":{\"@id\":\"https:\\\/\\\/crocjeux.com\\\/index.php\\\/produit\\\/terraforming-mars-colonies\\\/#primaryimage\"},\"thumbnailUrl\":\"https:\\\/\\\/crocjeux.com\\\/wp-content\\\/uploads\\\/2022\\\/02\\\/Terraforming-mars-colonies.png\",\"datePublished\":\"2022-02-26T11:08:07+00:00\",\"dateModified\":\"2025-07-18T12:54:40+00:00\",\"breadcrumb\":{\"@id\":\"https:\\\/\\\/crocjeux.com\\\/index.php\\\/produit\\\/terraforming-mars-colonies\\\/#breadcrumb\"},\"inLanguage\":\"fr-FR\",\"potentialAction\":[{\"@type\":\"ReadAction\",\"target\":[\"https:\\\/\\\/crocjeux.com\\\/index.php\\\/produit\\\/terraforming-mars-colonies\\\/\"]}]},{\"@type\":\"ImageObject\",\"inLanguage\":\"fr-FR\",\"@id\":\"https:\\\/\\\/crocjeux.com\\\/index.php\\\/produit\\\/terraforming-mars-colonies\\\/#primaryimage\",\"url\":\"https:\\\/\\\/crocjeux.com\\\/wp-content\\\/uploads\\\/2022\\\/02\\\/Terraforming-mars-colonies.png\",\"contentUrl\":\"https:\\\/\\\/crocjeux.com\\\/wp-content\\\/uploads\\\/2022\\\/02\\\/Terraforming-mars-colonies.png\",\"width\":687,\"height\":793},{\"@type\":\"BreadcrumbList\",\"@id\":\"https:\\\/\\\/crocjeux.com\\\/index.php\\\/produit\\\/terraforming-mars-colonies\\\/#breadcrumb\",\"itemListElement\":[{\"@type\":\"ListItem\",\"position\":1,\"name\":\"Accueil\",\"item\":\"https:\\\/\\\/crocjeux.com\\\/\"},{\"@type\":\"ListItem\",\"position\":2,\"name\":\"Boutique\",\"item\":\"https:\\\/\\\/crocjeux.com\\\/\"},{\"@type\":\"ListItem\",\"position\":3,\"name\":\"Terraforming Mars &#8211; Colonies\"}]},{\"@type\":\"WebSite\",\"@id\":\"https:\\\/\\\/crocjeux.com\\\/#website\",\"url\":\"https:\\\/\\\/crocjeux.com\\\/\",\"name\":\"Croc Jeux\",\"description\":\"Bienvenue chez Croc Jeux!\",\"publisher\":{\"@id\":\"https:\\\/\\\/crocjeux.com\\\/#organization\"},\"potentialAction\":[{\"@type\":\"SearchAction\",\"target\":{\"@type\":\"EntryPoint\",\"urlTemplate\":\"https:\\\/\\\/crocjeux.com\\\/?s={search_term_string}\"},\"query-input\":{\"@type\":\"PropertyValueSpecification\",\"valueRequired\":true,\"valueName\":\"search_term_string\"}}],\"inLanguage\":\"fr-FR\"},{\"@type\":\"Organization\",\"@id\":\"https:\\\/\\\/crocjeux.com\\\/#organization\",\"name\":\"Croc Jeux\",\"url\":\"https:\\\/\\\/crocjeux.com\\\/\",\"logo\":{\"@type\":\"ImageObject\",\"inLanguage\":\"fr-FR\",\"@id\":\"https:\\\/\\\/crocjeux.com\\\/#\\\/schema\\\/logo\\\/image\\\/\",\"url\":\"https:\\\/\\\/crocjeux.com\\\/wp-content\\\/uploads\\\/2022\\\/01\\\/cropped-logo-croc-etape-1-e1644574034239.jpg\",\"contentUrl\":\"https:\\\/\\\/crocjeux.com\\\/wp-content\\\/uploads\\\/2022\\\/01\\\/cropped-logo-croc-etape-1-e1644574034239.jpg\",\"width\":1224,\"height\":314,\"caption\":\"Croc Jeux\"},\"image\":{\"@id\":\"https:\\\/\\\/crocjeux.com\\\/#\\\/schema\\\/logo\\\/image\\\/\"}}]}<\/script>\n<!-- \/ Yoast SEO plugin. -->","yoast_head_json":{"title":"Terraforming Mars - Colonies - Croc Jeux","robots":{"index":"index","follow":"follow","max-snippet":"max-snippet:-1","max-image-preview":"max-image-preview:large","max-video-preview":"max-video-preview:-1"},"canonical":"https:\/\/crocjeux.com\/index.php\/produit\/terraforming-mars-colonies\/","og_locale":"fr_FR","og_type":"article","og_title":"Terraforming Mars - Colonies - Croc Jeux","og_description":"Le syst\u00e8me solaire ext\u00e9rieur, c\u2019est la nouvelle fronti\u00e8re ! Des colonies commencent \u00e0 fleurir sur les lunes de Saturne. Les","og_url":"https:\/\/crocjeux.com\/index.php\/produit\/terraforming-mars-colonies\/","og_site_name":"Croc Jeux","article_modified_time":"2025-07-18T12:54:40+00:00","og_image":[{"width":687,"height":793,"url":"https:\/\/crocjeux.com\/wp-content\/uploads\/2022\/02\/Terraforming-mars-colonies.png","type":"image\/png"}],"twitter_card":"summary_large_image","twitter_misc":{"Dur\u00e9e de lecture estim\u00e9e":"1 minute"},"schema":{"@context":"https:\/\/schema.org","@graph":[{"@type":"WebPage","@id":"https:\/\/crocjeux.com\/index.php\/produit\/terraforming-mars-colonies\/","url":"https:\/\/crocjeux.com\/index.php\/produit\/terraforming-mars-colonies\/","name":"Terraforming Mars - Colonies - Croc Jeux","isPartOf":{"@id":"https:\/\/crocjeux.com\/#website"},"primaryImageOfPage":{"@id":"https:\/\/crocjeux.com\/index.php\/produit\/terraforming-mars-colonies\/#primaryimage"},"image":{"@id":"https:\/\/crocjeux.com\/index.php\/produit\/terraforming-mars-colonies\/#primaryimage"},"thumbnailUrl":"https:\/\/crocjeux.com\/wp-content\/uploads\/2022\/02\/Terraforming-mars-colonies.png","datePublished":"2022-02-26T11:08:07+00:00","dateModified":"2025-07-18T12:54:40+00:00","breadcrumb":{"@id":"https:\/\/crocjeux.com\/index.php\/produit\/terraforming-mars-colonies\/#breadcrumb"},"inLanguage":"fr-FR","potentialAction":[{"@type":"ReadAction","target":["https:\/\/crocjeux.com\/index.php\/produit\/terraforming-mars-colonies\/"]}]},{"@type":"ImageObject","inLanguage":"fr-FR","@id":"https:\/\/crocjeux.com\/index.php\/produit\/terraforming-mars-colonies\/#primaryimage","url":"https:\/\/crocjeux.com\/wp-content\/uploads\/2022\/02\/Terraforming-mars-colonies.png","contentUrl":"https:\/\/crocjeux.com\/wp-content\/uploads\/2022\/02\/Terraforming-mars-colonies.png","width":687,"height":793},{"@type":"BreadcrumbList","@id":"https:\/\/crocjeux.com\/index.php\/produit\/terraforming-mars-colonies\/#breadcrumb","itemListElement":[{"@type":"ListItem","position":1,"name":"Accueil","item":"https:\/\/crocjeux.com\/"},{"@type":"ListItem","position":2,"name":"Boutique","item":"https:\/\/crocjeux.com\/"},{"@type":"ListItem","position":3,"name":"Terraforming Mars &#8211; Colonies"}]},{"@type":"WebSite","@id":"https:\/\/crocjeux.com\/#website","url":"https:\/\/crocjeux.com\/","name":"Croc Jeux","description":"Bienvenue chez Croc Jeux!","publisher":{"@id":"https:\/\/crocjeux.com\/#organization"},"potentialAction":[{"@type":"SearchAction","target":{"@type":"EntryPoint","urlTemplate":"https:\/\/crocjeux.com\/?s={search_term_string}"},"query-input":{"@type":"PropertyValueSpecification","valueRequired":true,"valueName":"search_term_string"}}],"inLanguage":"fr-FR"},{"@type":"Organization","@id":"https:\/\/crocjeux.com\/#organization","name":"Croc Jeux","url":"https:\/\/crocjeux.com\/","logo":{"@type":"ImageObject","inLanguage":"fr-FR","@id":"https:\/\/crocjeux.com\/#\/schema\/logo\/image\/","url":"https:\/\/crocjeux.com\/wp-content\/uploads\/2022\/01\/cropped-logo-croc-etape-1-e1644574034239.jpg","contentUrl":"https:\/\/crocjeux.com\/wp-content\/uploads\/2022\/01\/cropped-logo-croc-etape-1-e1644574034239.jpg","width":1224,"height":314,"caption":"Croc Jeux"},"image":{"@id":"https:\/\/crocjeux.com\/#\/schema\/logo\/image\/"}}]}},"_links":{"self":[{"href":"https:\/\/crocjeux.com\/index.php\/wp-json\/wp\/v2\/product\/4345","targetHints":{"allow":["GET"]}}],"collection":[{"href":"https:\/\/crocjeux.com\/index.php\/wp-json\/wp\/v2\/product"}],"about":[{"href":"https:\/\/crocjeux.com\/index.php\/wp-json\/wp\/v2\/types\/product"}],"replies":[{"embeddable":true,"href":"https:\/\/crocjeux.com\/index.php\/wp-json\/wp\/v2\/comments?post=4345"}],"wp:featuredmedia":[{"embeddable":true,"href":"https:\/\/crocjeux.com\/index.php\/wp-json\/wp\/v2\/media\/4346"}],"wp:attachment":[{"href":"https:\/\/crocjeux.com\/index.php\/wp-json\/wp\/v2\/media?parent=4345"}],"wp:term":[{"taxonomy":"product_brand","embeddable":true,"href":"https:\/\/crocjeux.com\/index.php\/wp-json\/wp\/v2\/product_brand?post=4345"},{"taxonomy":"product_cat","embeddable":true,"href":"https:\/\/crocjeux.com\/index.php\/wp-json\/wp\/v2\/product_cat?post=4345"},{"taxonomy":"product_tag","embeddable":true,"href":"https:\/\/crocjeux.com\/index.php\/wp-json\/wp\/v2\/product_tag?post=4345"}],"curies":[{"name":"wp","href":"https:\/\/api.w.org\/{rel}","templated":true}]}}