{"id":4384,"date":"2022-03-09T15:15:53","date_gmt":"2022-03-09T14:15:53","guid":{"rendered":"https:\/\/crocjeux.com\/?post_type=product&#038;p=4384"},"modified":"2023-07-24T11:08:29","modified_gmt":"2023-07-24T10:08:29","slug":"exit-la-foret-enchantee","status":"publish","type":"product","link":"https:\/\/crocjeux.com\/index.php\/produit\/exit-la-foret-enchantee\/","title":{"rendered":"Exit &#8211; La For\u00eat Enchant\u00e9e"},"content":{"rendered":"<section id=\"tab-description\" class=\"page-product-box r-tabs-panel r-tabs-state-active\">\n<div class=\"rte\">\n<div id=\"presentation\" class=\"tab-pane fade in active\" role=\"tabpanel\">\n<p><em>Il \u00e9tait une fois\u2026 une promenade en for\u00eat qui avait tout pour \u00eatre plaisante. Mais le pont que vous venez de traverser dispara\u00eet soudain sous vos yeux ! Vous voil\u00e0 \u00e0 pr\u00e9sent \u00e9gar\u00e9 dans une for\u00eat enchant\u00e9e qui regorge de cr\u00e9atures f\u00e9\u00e9riques et d\u2019\u00e9nigmes myst\u00e9rieuses. Quels secrets renferment ces sous-bois ? Parviendrez-vous \u00e0 en sortir ?<\/em><\/p>\n<p><i>EXIT<\/i>\u00a0est un jeu qui reprend les sensations des \u00ab\u00a0escape games\u00a0\u00bb. Muni d&rsquo;indices, de mat\u00e9riel et d&rsquo;un d\u00e9codeur, vous aurez pour mission de sortir du jeu le plus rapidement possible.<\/p>\n<p>Plus qu&rsquo;un jeu,\u00a0EXIT\u00a0est une exp\u00e9rience unique et immersive dans laquelle vous devrez faire preuve de coop\u00e9ration, d&rsquo;observation et de logique.<\/p>\n<\/div>\n<\/div>\n<\/section>\n","protected":false},"excerpt":{"rendered":"<p>Il \u00e9tait une fois\u2026 une promenade en for\u00eat qui avait tout pour \u00eatre plaisante. Mais le pont que vous venez<\/p>\n","protected":false},"featured_media":4385,"comment_status":"open","ping_status":"closed","template":"","meta":{"colormag_page_container_layout":"default_layout","colormag_page_sidebar_layout":"default_layout"},"product_brand":[],"product_cat":[78,83,108,109,30],"product_tag":[],"class_list":{"0":"post-4384","1":"product","2":"type-product","3":"status-publish","4":"has-post-thumbnail","6":"product_cat-exit-jeux-a-deux","7":"product_cat-exit-jeux-collaboratifs","8":"product_cat-exit-escape-room","9":"product_cat-exit-jeux-solo","10":"product_cat-jeux-collaboratifs","12":"first","13":"instock","14":"taxable","15":"shipping-taxable","16":"purchasable","17":"product-type-simple"},"yoast_head":"<!-- This site is optimized with the Yoast SEO plugin v27.3 - https:\/\/yoast.com\/product\/yoast-seo-wordpress\/ -->\n<title>Exit - La For\u00eat Enchant\u00e9e - Croc Jeux<\/title>\n<meta name=\"robots\" content=\"index, follow, max-snippet:-1, max-image-preview:large, max-video-preview:-1\" \/>\n<link rel=\"canonical\" href=\"https:\/\/crocjeux.com\/index.php\/produit\/exit-la-foret-enchantee\/\" \/>\n<meta property=\"og:locale\" content=\"fr_FR\" \/>\n<meta property=\"og:type\" content=\"article\" \/>\n<meta property=\"og:title\" content=\"Exit - La For\u00eat Enchant\u00e9e - Croc Jeux\" \/>\n<meta property=\"og:description\" content=\"Il \u00e9tait une fois\u2026 une promenade en for\u00eat qui avait tout pour \u00eatre plaisante. Mais le pont que vous venez\" \/>\n<meta property=\"og:url\" content=\"https:\/\/crocjeux.com\/index.php\/produit\/exit-la-foret-enchantee\/\" \/>\n<meta property=\"og:site_name\" content=\"Croc Jeux\" \/>\n<meta property=\"article:modified_time\" content=\"2023-07-24T10:08:29+00:00\" \/>\n<meta property=\"og:image\" content=\"https:\/\/crocjeux.com\/wp-content\/uploads\/2022\/03\/exit-la-foret-enchantee.jpg\" \/>\n\t<meta property=\"og:image:width\" content=\"381\" \/>\n\t<meta property=\"og:image:height\" content=\"492\" \/>\n\t<meta property=\"og:image:type\" content=\"image\/jpeg\" \/>\n<meta name=\"twitter:card\" content=\"summary_large_image\" \/>\n<meta name=\"twitter:label1\" content=\"Dur\u00e9e de lecture estim\u00e9e\" \/>\n\t<meta name=\"twitter:data1\" content=\"1 minute\" \/>\n<script type=\"application\/ld+json\" class=\"yoast-schema-graph\">{\"@context\":\"https:\\\/\\\/schema.org\",\"@graph\":[{\"@type\":\"WebPage\",\"@id\":\"https:\\\/\\\/crocjeux.com\\\/index.php\\\/produit\\\/exit-la-foret-enchantee\\\/\",\"url\":\"https:\\\/\\\/crocjeux.com\\\/index.php\\\/produit\\\/exit-la-foret-enchantee\\\/\",\"name\":\"Exit - La For\u00eat Enchant\u00e9e - Croc Jeux\",\"isPartOf\":{\"@id\":\"https:\\\/\\\/crocjeux.com\\\/#website\"},\"primaryImageOfPage\":{\"@id\":\"https:\\\/\\\/crocjeux.com\\\/index.php\\\/produit\\\/exit-la-foret-enchantee\\\/#primaryimage\"},\"image\":{\"@id\":\"https:\\\/\\\/crocjeux.com\\\/index.php\\\/produit\\\/exit-la-foret-enchantee\\\/#primaryimage\"},\"thumbnailUrl\":\"https:\\\/\\\/crocjeux.com\\\/wp-content\\\/uploads\\\/2022\\\/03\\\/exit-la-foret-enchantee.jpg\",\"datePublished\":\"2022-03-09T14:15:53+00:00\",\"dateModified\":\"2023-07-24T10:08:29+00:00\",\"breadcrumb\":{\"@id\":\"https:\\\/\\\/crocjeux.com\\\/index.php\\\/produit\\\/exit-la-foret-enchantee\\\/#breadcrumb\"},\"inLanguage\":\"fr-FR\",\"potentialAction\":[{\"@type\":\"ReadAction\",\"target\":[\"https:\\\/\\\/crocjeux.com\\\/index.php\\\/produit\\\/exit-la-foret-enchantee\\\/\"]}]},{\"@type\":\"ImageObject\",\"inLanguage\":\"fr-FR\",\"@id\":\"https:\\\/\\\/crocjeux.com\\\/index.php\\\/produit\\\/exit-la-foret-enchantee\\\/#primaryimage\",\"url\":\"https:\\\/\\\/crocjeux.com\\\/wp-content\\\/uploads\\\/2022\\\/03\\\/exit-la-foret-enchantee.jpg\",\"contentUrl\":\"https:\\\/\\\/crocjeux.com\\\/wp-content\\\/uploads\\\/2022\\\/03\\\/exit-la-foret-enchantee.jpg\",\"width\":381,\"height\":492},{\"@type\":\"BreadcrumbList\",\"@id\":\"https:\\\/\\\/crocjeux.com\\\/index.php\\\/produit\\\/exit-la-foret-enchantee\\\/#breadcrumb\",\"itemListElement\":[{\"@type\":\"ListItem\",\"position\":1,\"name\":\"Accueil\",\"item\":\"https:\\\/\\\/crocjeux.com\\\/\"},{\"@type\":\"ListItem\",\"position\":2,\"name\":\"Boutique\",\"item\":\"https:\\\/\\\/crocjeux.com\\\/\"},{\"@type\":\"ListItem\",\"position\":3,\"name\":\"Exit &#8211; La For\u00eat Enchant\u00e9e\"}]},{\"@type\":\"WebSite\",\"@id\":\"https:\\\/\\\/crocjeux.com\\\/#website\",\"url\":\"https:\\\/\\\/crocjeux.com\\\/\",\"name\":\"Croc Jeux\",\"description\":\"Bienvenue chez Croc Jeux!\",\"publisher\":{\"@id\":\"https:\\\/\\\/crocjeux.com\\\/#organization\"},\"potentialAction\":[{\"@type\":\"SearchAction\",\"target\":{\"@type\":\"EntryPoint\",\"urlTemplate\":\"https:\\\/\\\/crocjeux.com\\\/?s={search_term_string}\"},\"query-input\":{\"@type\":\"PropertyValueSpecification\",\"valueRequired\":true,\"valueName\":\"search_term_string\"}}],\"inLanguage\":\"fr-FR\"},{\"@type\":\"Organization\",\"@id\":\"https:\\\/\\\/crocjeux.com\\\/#organization\",\"name\":\"Croc Jeux\",\"url\":\"https:\\\/\\\/crocjeux.com\\\/\",\"logo\":{\"@type\":\"ImageObject\",\"inLanguage\":\"fr-FR\",\"@id\":\"https:\\\/\\\/crocjeux.com\\\/#\\\/schema\\\/logo\\\/image\\\/\",\"url\":\"https:\\\/\\\/crocjeux.com\\\/wp-content\\\/uploads\\\/2022\\\/01\\\/cropped-logo-croc-etape-1-e1644574034239.jpg\",\"contentUrl\":\"https:\\\/\\\/crocjeux.com\\\/wp-content\\\/uploads\\\/2022\\\/01\\\/cropped-logo-croc-etape-1-e1644574034239.jpg\",\"width\":1224,\"height\":314,\"caption\":\"Croc Jeux\"},\"image\":{\"@id\":\"https:\\\/\\\/crocjeux.com\\\/#\\\/schema\\\/logo\\\/image\\\/\"}}]}<\/script>\n<!-- \/ Yoast SEO plugin. -->","yoast_head_json":{"title":"Exit - La For\u00eat Enchant\u00e9e - Croc Jeux","robots":{"index":"index","follow":"follow","max-snippet":"max-snippet:-1","max-image-preview":"max-image-preview:large","max-video-preview":"max-video-preview:-1"},"canonical":"https:\/\/crocjeux.com\/index.php\/produit\/exit-la-foret-enchantee\/","og_locale":"fr_FR","og_type":"article","og_title":"Exit - La For\u00eat Enchant\u00e9e - Croc Jeux","og_description":"Il \u00e9tait une fois\u2026 une promenade en for\u00eat qui avait tout pour \u00eatre plaisante. Mais le pont que vous venez","og_url":"https:\/\/crocjeux.com\/index.php\/produit\/exit-la-foret-enchantee\/","og_site_name":"Croc Jeux","article_modified_time":"2023-07-24T10:08:29+00:00","og_image":[{"width":381,"height":492,"url":"https:\/\/crocjeux.com\/wp-content\/uploads\/2022\/03\/exit-la-foret-enchantee.jpg","type":"image\/jpeg"}],"twitter_card":"summary_large_image","twitter_misc":{"Dur\u00e9e de lecture estim\u00e9e":"1 minute"},"schema":{"@context":"https:\/\/schema.org","@graph":[{"@type":"WebPage","@id":"https:\/\/crocjeux.com\/index.php\/produit\/exit-la-foret-enchantee\/","url":"https:\/\/crocjeux.com\/index.php\/produit\/exit-la-foret-enchantee\/","name":"Exit - La For\u00eat Enchant\u00e9e - Croc Jeux","isPartOf":{"@id":"https:\/\/crocjeux.com\/#website"},"primaryImageOfPage":{"@id":"https:\/\/crocjeux.com\/index.php\/produit\/exit-la-foret-enchantee\/#primaryimage"},"image":{"@id":"https:\/\/crocjeux.com\/index.php\/produit\/exit-la-foret-enchantee\/#primaryimage"},"thumbnailUrl":"https:\/\/crocjeux.com\/wp-content\/uploads\/2022\/03\/exit-la-foret-enchantee.jpg","datePublished":"2022-03-09T14:15:53+00:00","dateModified":"2023-07-24T10:08:29+00:00","breadcrumb":{"@id":"https:\/\/crocjeux.com\/index.php\/produit\/exit-la-foret-enchantee\/#breadcrumb"},"inLanguage":"fr-FR","potentialAction":[{"@type":"ReadAction","target":["https:\/\/crocjeux.com\/index.php\/produit\/exit-la-foret-enchantee\/"]}]},{"@type":"ImageObject","inLanguage":"fr-FR","@id":"https:\/\/crocjeux.com\/index.php\/produit\/exit-la-foret-enchantee\/#primaryimage","url":"https:\/\/crocjeux.com\/wp-content\/uploads\/2022\/03\/exit-la-foret-enchantee.jpg","contentUrl":"https:\/\/crocjeux.com\/wp-content\/uploads\/2022\/03\/exit-la-foret-enchantee.jpg","width":381,"height":492},{"@type":"BreadcrumbList","@id":"https:\/\/crocjeux.com\/index.php\/produit\/exit-la-foret-enchantee\/#breadcrumb","itemListElement":[{"@type":"ListItem","position":1,"name":"Accueil","item":"https:\/\/crocjeux.com\/"},{"@type":"ListItem","position":2,"name":"Boutique","item":"https:\/\/crocjeux.com\/"},{"@type":"ListItem","position":3,"name":"Exit &#8211; La For\u00eat Enchant\u00e9e"}]},{"@type":"WebSite","@id":"https:\/\/crocjeux.com\/#website","url":"https:\/\/crocjeux.com\/","name":"Croc Jeux","description":"Bienvenue chez Croc Jeux!","publisher":{"@id":"https:\/\/crocjeux.com\/#organization"},"potentialAction":[{"@type":"SearchAction","target":{"@type":"EntryPoint","urlTemplate":"https:\/\/crocjeux.com\/?s={search_term_string}"},"query-input":{"@type":"PropertyValueSpecification","valueRequired":true,"valueName":"search_term_string"}}],"inLanguage":"fr-FR"},{"@type":"Organization","@id":"https:\/\/crocjeux.com\/#organization","name":"Croc Jeux","url":"https:\/\/crocjeux.com\/","logo":{"@type":"ImageObject","inLanguage":"fr-FR","@id":"https:\/\/crocjeux.com\/#\/schema\/logo\/image\/","url":"https:\/\/crocjeux.com\/wp-content\/uploads\/2022\/01\/cropped-logo-croc-etape-1-e1644574034239.jpg","contentUrl":"https:\/\/crocjeux.com\/wp-content\/uploads\/2022\/01\/cropped-logo-croc-etape-1-e1644574034239.jpg","width":1224,"height":314,"caption":"Croc Jeux"},"image":{"@id":"https:\/\/crocjeux.com\/#\/schema\/logo\/image\/"}}]}},"_links":{"self":[{"href":"https:\/\/crocjeux.com\/index.php\/wp-json\/wp\/v2\/product\/4384","targetHints":{"allow":["GET"]}}],"collection":[{"href":"https:\/\/crocjeux.com\/index.php\/wp-json\/wp\/v2\/product"}],"about":[{"href":"https:\/\/crocjeux.com\/index.php\/wp-json\/wp\/v2\/types\/product"}],"replies":[{"embeddable":true,"href":"https:\/\/crocjeux.com\/index.php\/wp-json\/wp\/v2\/comments?post=4384"}],"wp:featuredmedia":[{"embeddable":true,"href":"https:\/\/crocjeux.com\/index.php\/wp-json\/wp\/v2\/media\/4385"}],"wp:attachment":[{"href":"https:\/\/crocjeux.com\/index.php\/wp-json\/wp\/v2\/media?parent=4384"}],"wp:term":[{"taxonomy":"product_brand","embeddable":true,"href":"https:\/\/crocjeux.com\/index.php\/wp-json\/wp\/v2\/product_brand?post=4384"},{"taxonomy":"product_cat","embeddable":true,"href":"https:\/\/crocjeux.com\/index.php\/wp-json\/wp\/v2\/product_cat?post=4384"},{"taxonomy":"product_tag","embeddable":true,"href":"https:\/\/crocjeux.com\/index.php\/wp-json\/wp\/v2\/product_tag?post=4384"}],"curies":[{"name":"wp","href":"https:\/\/api.w.org\/{rel}","templated":true}]}}