{"id":4386,"date":"2022-03-09T15:21:54","date_gmt":"2022-03-09T14:21:54","guid":{"rendered":"https:\/\/crocjeux.com\/?post_type=product&#038;p=4386"},"modified":"2023-02-09T16:45:28","modified_gmt":"2023-02-09T15:45:28","slug":"andor-legendes-oubliees-ages-sombres","status":"publish","type":"product","link":"https:\/\/crocjeux.com\/index.php\/produit\/andor-legendes-oubliees-ages-sombres\/","title":{"rendered":"Andor &#8211; L\u00e9gendes Oubli\u00e9es: \u00c2ges Sombres"},"content":{"rendered":"<h2>Andor &#8211; Extension Les L\u00e9gendes Oubli\u00e9es : \u00c2ges Sombres<\/h2>\n<p>\u00c2ges Sombres est une extension de la collection <strong>L\u00e9gendes Oubli\u00e9es, \u00e9crites par des fans pour les fans<\/strong>, pour le jeu d&rsquo;aventure Andor. Elle vous renvoie <strong>aux origines d&rsquo;Andor,<\/strong> et les H\u00e9ros prendront part \u00e0 des \u00e9v\u00e9nements marquants de l&rsquo;histoire du royaume. Chaque partie dure environ 60-90 minutes, pour 2 \u00e0 4 joueurs d\u00e8s 10 ans.<\/p>\n<p>L&rsquo;extension contient <strong>3 nouvelles L\u00e9gendes<\/strong>, qui vous confrontent au puissant <strong>\u00catre des Ombres, aux Golems de m\u00e9tal et \u00e0 un Tarus d\u00e9cha\u00een\u00e9<\/strong>. Celles-ci viennent enrichir votre jeu de base, et l&rsquo;une d&rsquo;entre elle se joue sur le plateau de la Mine.<\/p>\n<p align=\"JUSTIFY\"><strong>Les plus :<\/strong><\/p>\n<ul>\n<li>Ces nouvelles l\u00e9gendes sont\u00a0<strong>\u00e9crites par des fans et pour les fans<\/strong><\/li>\n<li>Il s&rsquo;agit du\u00a0<strong>second opus de la s\u00e9rie d&rsquo;extensions<\/strong> les L\u00e9gendes Oubli\u00e9es<\/li>\n<li>Jouez avec Nouveaux H\u00e9ros et H\u00e9ros Sombres afin d&rsquo;<strong>inclure jusqu&rsquo;\u00e0 6 aventuriers<\/strong>\u00a0!<\/li>\n<\/ul>\n<p><strong>Cette extension n\u00e9cessite le jeu de base Andor.<\/strong><\/p>\n<p><strong>Contenu\u00a0:<\/strong><\/p>\n<ul>\n<li>72 cartes<\/li>\n<li>16 pions et leur socle<\/li>\n<li>72 \u00e9l\u00e9ments divers<\/li>\n<li>1 livret compl\u00e9mentaire<\/li>\n<\/ul>\n","protected":false},"excerpt":{"rendered":"<p>Andor &#8211; Extension Les L\u00e9gendes Oubli\u00e9es : \u00c2ges Sombres \u00c2ges Sombres est une extension de la collection L\u00e9gendes Oubli\u00e9es, \u00e9crites<\/p>\n","protected":false},"featured_media":4387,"comment_status":"open","ping_status":"closed","template":"","meta":{"colormag_page_container_layout":"default_layout","colormag_page_sidebar_layout":"default_layout"},"product_brand":[],"product_cat":[85,89,90],"product_tag":[],"class_list":{"0":"post-4386","1":"product","2":"type-product","3":"status-publish","4":"has-post-thumbnail","6":"product_cat-andor-jeux-collaboratifs","7":"product_cat-andor-jeux-familliaux","8":"product_cat-andor-jeux-strategie","10":"first","11":"instock","12":"taxable","13":"shipping-taxable","14":"purchasable","15":"product-type-simple"},"yoast_head":"<!-- This site is optimized with the Yoast SEO plugin v27.4 - https:\/\/yoast.com\/product\/yoast-seo-wordpress\/ -->\n<title>Andor - L\u00e9gendes Oubli\u00e9es: \u00c2ges Sombres - Croc Jeux<\/title>\n<meta name=\"robots\" content=\"index, follow, max-snippet:-1, max-image-preview:large, max-video-preview:-1\" \/>\n<link rel=\"canonical\" href=\"https:\/\/crocjeux.com\/index.php\/produit\/andor-legendes-oubliees-ages-sombres\/\" \/>\n<meta property=\"og:locale\" content=\"fr_FR\" \/>\n<meta property=\"og:type\" content=\"article\" \/>\n<meta property=\"og:title\" content=\"Andor - L\u00e9gendes Oubli\u00e9es: \u00c2ges Sombres - Croc Jeux\" \/>\n<meta property=\"og:description\" content=\"Andor &#8211; Extension Les L\u00e9gendes Oubli\u00e9es : \u00c2ges Sombres \u00c2ges Sombres est une extension de la collection L\u00e9gendes Oubli\u00e9es, \u00e9crites\" \/>\n<meta property=\"og:url\" content=\"https:\/\/crocjeux.com\/index.php\/produit\/andor-legendes-oubliees-ages-sombres\/\" \/>\n<meta property=\"og:site_name\" content=\"Croc Jeux\" \/>\n<meta property=\"article:modified_time\" content=\"2023-02-09T15:45:28+00:00\" \/>\n<meta property=\"og:image\" content=\"https:\/\/crocjeux.com\/wp-content\/uploads\/2022\/03\/Andor-ages-sombres.png\" \/>\n\t<meta property=\"og:image:width\" content=\"406\" \/>\n\t<meta property=\"og:image:height\" content=\"631\" \/>\n\t<meta property=\"og:image:type\" content=\"image\/png\" \/>\n<meta name=\"twitter:card\" content=\"summary_large_image\" \/>\n<meta name=\"twitter:label1\" content=\"Dur\u00e9e de lecture estim\u00e9e\" \/>\n\t<meta name=\"twitter:data1\" content=\"1 minute\" \/>\n<script type=\"application\/ld+json\" class=\"yoast-schema-graph\">{\"@context\":\"https:\\\/\\\/schema.org\",\"@graph\":[{\"@type\":\"WebPage\",\"@id\":\"https:\\\/\\\/crocjeux.com\\\/index.php\\\/produit\\\/andor-legendes-oubliees-ages-sombres\\\/\",\"url\":\"https:\\\/\\\/crocjeux.com\\\/index.php\\\/produit\\\/andor-legendes-oubliees-ages-sombres\\\/\",\"name\":\"Andor - L\u00e9gendes Oubli\u00e9es: \u00c2ges Sombres - Croc Jeux\",\"isPartOf\":{\"@id\":\"https:\\\/\\\/crocjeux.com\\\/#website\"},\"primaryImageOfPage\":{\"@id\":\"https:\\\/\\\/crocjeux.com\\\/index.php\\\/produit\\\/andor-legendes-oubliees-ages-sombres\\\/#primaryimage\"},\"image\":{\"@id\":\"https:\\\/\\\/crocjeux.com\\\/index.php\\\/produit\\\/andor-legendes-oubliees-ages-sombres\\\/#primaryimage\"},\"thumbnailUrl\":\"https:\\\/\\\/crocjeux.com\\\/wp-content\\\/uploads\\\/2022\\\/03\\\/Andor-ages-sombres.png\",\"datePublished\":\"2022-03-09T14:21:54+00:00\",\"dateModified\":\"2023-02-09T15:45:28+00:00\",\"breadcrumb\":{\"@id\":\"https:\\\/\\\/crocjeux.com\\\/index.php\\\/produit\\\/andor-legendes-oubliees-ages-sombres\\\/#breadcrumb\"},\"inLanguage\":\"fr-FR\",\"potentialAction\":[{\"@type\":\"ReadAction\",\"target\":[\"https:\\\/\\\/crocjeux.com\\\/index.php\\\/produit\\\/andor-legendes-oubliees-ages-sombres\\\/\"]}]},{\"@type\":\"ImageObject\",\"inLanguage\":\"fr-FR\",\"@id\":\"https:\\\/\\\/crocjeux.com\\\/index.php\\\/produit\\\/andor-legendes-oubliees-ages-sombres\\\/#primaryimage\",\"url\":\"https:\\\/\\\/crocjeux.com\\\/wp-content\\\/uploads\\\/2022\\\/03\\\/Andor-ages-sombres.png\",\"contentUrl\":\"https:\\\/\\\/crocjeux.com\\\/wp-content\\\/uploads\\\/2022\\\/03\\\/Andor-ages-sombres.png\",\"width\":406,\"height\":631},{\"@type\":\"BreadcrumbList\",\"@id\":\"https:\\\/\\\/crocjeux.com\\\/index.php\\\/produit\\\/andor-legendes-oubliees-ages-sombres\\\/#breadcrumb\",\"itemListElement\":[{\"@type\":\"ListItem\",\"position\":1,\"name\":\"Accueil\",\"item\":\"https:\\\/\\\/crocjeux.com\\\/\"},{\"@type\":\"ListItem\",\"position\":2,\"name\":\"Boutique\",\"item\":\"https:\\\/\\\/crocjeux.com\\\/\"},{\"@type\":\"ListItem\",\"position\":3,\"name\":\"Andor &#8211; L\u00e9gendes Oubli\u00e9es: \u00c2ges Sombres\"}]},{\"@type\":\"WebSite\",\"@id\":\"https:\\\/\\\/crocjeux.com\\\/#website\",\"url\":\"https:\\\/\\\/crocjeux.com\\\/\",\"name\":\"Croc Jeux\",\"description\":\"Bienvenue chez Croc Jeux!\",\"publisher\":{\"@id\":\"https:\\\/\\\/crocjeux.com\\\/#organization\"},\"potentialAction\":[{\"@type\":\"SearchAction\",\"target\":{\"@type\":\"EntryPoint\",\"urlTemplate\":\"https:\\\/\\\/crocjeux.com\\\/?s={search_term_string}\"},\"query-input\":{\"@type\":\"PropertyValueSpecification\",\"valueRequired\":true,\"valueName\":\"search_term_string\"}}],\"inLanguage\":\"fr-FR\"},{\"@type\":\"Organization\",\"@id\":\"https:\\\/\\\/crocjeux.com\\\/#organization\",\"name\":\"Croc Jeux\",\"url\":\"https:\\\/\\\/crocjeux.com\\\/\",\"logo\":{\"@type\":\"ImageObject\",\"inLanguage\":\"fr-FR\",\"@id\":\"https:\\\/\\\/crocjeux.com\\\/#\\\/schema\\\/logo\\\/image\\\/\",\"url\":\"https:\\\/\\\/crocjeux.com\\\/wp-content\\\/uploads\\\/2022\\\/01\\\/cropped-logo-croc-etape-1-e1644574034239.jpg\",\"contentUrl\":\"https:\\\/\\\/crocjeux.com\\\/wp-content\\\/uploads\\\/2022\\\/01\\\/cropped-logo-croc-etape-1-e1644574034239.jpg\",\"width\":1224,\"height\":314,\"caption\":\"Croc Jeux\"},\"image\":{\"@id\":\"https:\\\/\\\/crocjeux.com\\\/#\\\/schema\\\/logo\\\/image\\\/\"}}]}<\/script>\n<!-- \/ Yoast SEO plugin. -->","yoast_head_json":{"title":"Andor - L\u00e9gendes Oubli\u00e9es: \u00c2ges Sombres - Croc Jeux","robots":{"index":"index","follow":"follow","max-snippet":"max-snippet:-1","max-image-preview":"max-image-preview:large","max-video-preview":"max-video-preview:-1"},"canonical":"https:\/\/crocjeux.com\/index.php\/produit\/andor-legendes-oubliees-ages-sombres\/","og_locale":"fr_FR","og_type":"article","og_title":"Andor - L\u00e9gendes Oubli\u00e9es: \u00c2ges Sombres - Croc Jeux","og_description":"Andor &#8211; Extension Les L\u00e9gendes Oubli\u00e9es : \u00c2ges Sombres \u00c2ges Sombres est une extension de la collection L\u00e9gendes Oubli\u00e9es, \u00e9crites","og_url":"https:\/\/crocjeux.com\/index.php\/produit\/andor-legendes-oubliees-ages-sombres\/","og_site_name":"Croc Jeux","article_modified_time":"2023-02-09T15:45:28+00:00","og_image":[{"width":406,"height":631,"url":"https:\/\/crocjeux.com\/wp-content\/uploads\/2022\/03\/Andor-ages-sombres.png","type":"image\/png"}],"twitter_card":"summary_large_image","twitter_misc":{"Dur\u00e9e de lecture estim\u00e9e":"1 minute"},"schema":{"@context":"https:\/\/schema.org","@graph":[{"@type":"WebPage","@id":"https:\/\/crocjeux.com\/index.php\/produit\/andor-legendes-oubliees-ages-sombres\/","url":"https:\/\/crocjeux.com\/index.php\/produit\/andor-legendes-oubliees-ages-sombres\/","name":"Andor - L\u00e9gendes Oubli\u00e9es: \u00c2ges Sombres - Croc Jeux","isPartOf":{"@id":"https:\/\/crocjeux.com\/#website"},"primaryImageOfPage":{"@id":"https:\/\/crocjeux.com\/index.php\/produit\/andor-legendes-oubliees-ages-sombres\/#primaryimage"},"image":{"@id":"https:\/\/crocjeux.com\/index.php\/produit\/andor-legendes-oubliees-ages-sombres\/#primaryimage"},"thumbnailUrl":"https:\/\/crocjeux.com\/wp-content\/uploads\/2022\/03\/Andor-ages-sombres.png","datePublished":"2022-03-09T14:21:54+00:00","dateModified":"2023-02-09T15:45:28+00:00","breadcrumb":{"@id":"https:\/\/crocjeux.com\/index.php\/produit\/andor-legendes-oubliees-ages-sombres\/#breadcrumb"},"inLanguage":"fr-FR","potentialAction":[{"@type":"ReadAction","target":["https:\/\/crocjeux.com\/index.php\/produit\/andor-legendes-oubliees-ages-sombres\/"]}]},{"@type":"ImageObject","inLanguage":"fr-FR","@id":"https:\/\/crocjeux.com\/index.php\/produit\/andor-legendes-oubliees-ages-sombres\/#primaryimage","url":"https:\/\/crocjeux.com\/wp-content\/uploads\/2022\/03\/Andor-ages-sombres.png","contentUrl":"https:\/\/crocjeux.com\/wp-content\/uploads\/2022\/03\/Andor-ages-sombres.png","width":406,"height":631},{"@type":"BreadcrumbList","@id":"https:\/\/crocjeux.com\/index.php\/produit\/andor-legendes-oubliees-ages-sombres\/#breadcrumb","itemListElement":[{"@type":"ListItem","position":1,"name":"Accueil","item":"https:\/\/crocjeux.com\/"},{"@type":"ListItem","position":2,"name":"Boutique","item":"https:\/\/crocjeux.com\/"},{"@type":"ListItem","position":3,"name":"Andor &#8211; L\u00e9gendes Oubli\u00e9es: \u00c2ges Sombres"}]},{"@type":"WebSite","@id":"https:\/\/crocjeux.com\/#website","url":"https:\/\/crocjeux.com\/","name":"Croc Jeux","description":"Bienvenue chez Croc Jeux!","publisher":{"@id":"https:\/\/crocjeux.com\/#organization"},"potentialAction":[{"@type":"SearchAction","target":{"@type":"EntryPoint","urlTemplate":"https:\/\/crocjeux.com\/?s={search_term_string}"},"query-input":{"@type":"PropertyValueSpecification","valueRequired":true,"valueName":"search_term_string"}}],"inLanguage":"fr-FR"},{"@type":"Organization","@id":"https:\/\/crocjeux.com\/#organization","name":"Croc Jeux","url":"https:\/\/crocjeux.com\/","logo":{"@type":"ImageObject","inLanguage":"fr-FR","@id":"https:\/\/crocjeux.com\/#\/schema\/logo\/image\/","url":"https:\/\/crocjeux.com\/wp-content\/uploads\/2022\/01\/cropped-logo-croc-etape-1-e1644574034239.jpg","contentUrl":"https:\/\/crocjeux.com\/wp-content\/uploads\/2022\/01\/cropped-logo-croc-etape-1-e1644574034239.jpg","width":1224,"height":314,"caption":"Croc Jeux"},"image":{"@id":"https:\/\/crocjeux.com\/#\/schema\/logo\/image\/"}}]}},"_links":{"self":[{"href":"https:\/\/crocjeux.com\/index.php\/wp-json\/wp\/v2\/product\/4386","targetHints":{"allow":["GET"]}}],"collection":[{"href":"https:\/\/crocjeux.com\/index.php\/wp-json\/wp\/v2\/product"}],"about":[{"href":"https:\/\/crocjeux.com\/index.php\/wp-json\/wp\/v2\/types\/product"}],"replies":[{"embeddable":true,"href":"https:\/\/crocjeux.com\/index.php\/wp-json\/wp\/v2\/comments?post=4386"}],"wp:featuredmedia":[{"embeddable":true,"href":"https:\/\/crocjeux.com\/index.php\/wp-json\/wp\/v2\/media\/4387"}],"wp:attachment":[{"href":"https:\/\/crocjeux.com\/index.php\/wp-json\/wp\/v2\/media?parent=4386"}],"wp:term":[{"taxonomy":"product_brand","embeddable":true,"href":"https:\/\/crocjeux.com\/index.php\/wp-json\/wp\/v2\/product_brand?post=4386"},{"taxonomy":"product_cat","embeddable":true,"href":"https:\/\/crocjeux.com\/index.php\/wp-json\/wp\/v2\/product_cat?post=4386"},{"taxonomy":"product_tag","embeddable":true,"href":"https:\/\/crocjeux.com\/index.php\/wp-json\/wp\/v2\/product_tag?post=4386"}],"curies":[{"name":"wp","href":"https:\/\/api.w.org\/{rel}","templated":true}]}}