{"id":4457,"date":"2023-01-24T17:12:22","date_gmt":"2023-01-24T16:12:22","guid":{"rendered":"https:\/\/crocjeux.com\/?post_type=product&#038;p=4457"},"modified":"2024-02-20T18:09:35","modified_gmt":"2024-02-20T17:09:35","slug":"here-to-slay","status":"publish","type":"product","link":"https:\/\/crocjeux.com\/index.php\/produit\/here-to-slay\/","title":{"rendered":"Here to Slay"},"content":{"rendered":"<p>Here to Slay est un jeu de cartes strat\u00e9gique dans un univers de fantasy, con\u00e7u par les cr\u00e9ateurs d\u2019Unstable Unicorns. Il vous invite \u00e0 cr\u00e9er votre propre Groupe de H\u00e9ros afin d\u2019occire de dangereux Monstres tout en sabotant les efforts de vos concurrents.<\/p>\n<p>Renforcez vos H\u00e9ros gr\u00e2ce \u00e0 une panoplie d\u2019objets et de sortil\u00e8ges. Alt\u00e9rez les r\u00e9sultats de d\u00e9s. Affrontez les monstres si vous avez la bonne combinaison de classes de personnages (mage, r\u00f4deur, guerrier, paladin, etc.) et lancez vos d\u00e9s\u2009! Mais attention, un \u00e9chec trop important peut avoir de graves cons\u00e9quences n\u00e9gatives.<\/p>\n<p>Le premier joueur qui parvient \u00e0 tuer trois Monstres ou \u00e0 r\u00e9unir un Groupe complet (constitu\u00e9 de H\u00e9ros ou Chef de Groupe des six diff\u00e9rentes classes) remporte la partie\u2009!<\/p>\n","protected":false},"excerpt":{"rendered":"<p>Here to Slay est un jeu de cartes strat\u00e9gique dans un univers de fantasy, con\u00e7u par les cr\u00e9ateurs d\u2019Unstable Unicorns. Il vous invite \u00e0 cr\u00e9er votre propre Groupe de H\u00e9ros afin d\u2019occire de dangereux Monstres tout en sabotant les efforts de vos concurrents.<\/p>\n","protected":false},"featured_media":4458,"comment_status":"open","ping_status":"closed","template":"","meta":{"colormag_page_container_layout":"default_layout","colormag_page_sidebar_layout":"default_layout"},"product_brand":[],"product_cat":[40,36,29,37],"product_tag":[],"class_list":{"0":"post-4457","1":"product","2":"type-product","3":"status-publish","4":"has-post-thumbnail","6":"product_cat-jeux-dambiance","7":"product_cat-jeux-familiaux","8":"product_cat-jeux-2-joueurs","9":"product_cat-ne-ratez-pas","11":"first","12":"instock","13":"taxable","14":"shipping-taxable","15":"purchasable","16":"product-type-simple"},"yoast_head":"<!-- This site is optimized with the Yoast SEO plugin v27.3 - https:\/\/yoast.com\/product\/yoast-seo-wordpress\/ -->\n<title>Here to Slay - Croc Jeux<\/title>\n<meta name=\"robots\" content=\"index, follow, max-snippet:-1, max-image-preview:large, max-video-preview:-1\" \/>\n<link rel=\"canonical\" href=\"https:\/\/crocjeux.com\/index.php\/produit\/here-to-slay\/\" \/>\n<meta property=\"og:locale\" content=\"fr_FR\" \/>\n<meta property=\"og:type\" content=\"article\" \/>\n<meta property=\"og:title\" content=\"Here to Slay - Croc Jeux\" \/>\n<meta property=\"og:description\" content=\"Here to Slay est un jeu de cartes strat\u00e9gique dans un univers de fantasy, con\u00e7u par les cr\u00e9ateurs d\u2019Unstable Unicorns. Il vous invite \u00e0 cr\u00e9er votre propre Groupe de H\u00e9ros afin d\u2019occire de dangereux Monstres tout en sabotant les efforts de vos concurrents.\" \/>\n<meta property=\"og:url\" content=\"https:\/\/crocjeux.com\/index.php\/produit\/here-to-slay\/\" \/>\n<meta property=\"og:site_name\" content=\"Croc Jeux\" \/>\n<meta property=\"article:modified_time\" content=\"2024-02-20T17:09:35+00:00\" \/>\n<meta property=\"og:image\" content=\"https:\/\/crocjeux.com\/wp-content\/uploads\/2023\/01\/here-to-slay-p-image-83879-grande.jpg\" \/>\n\t<meta property=\"og:image:width\" content=\"808\" \/>\n\t<meta property=\"og:image:height\" content=\"1023\" \/>\n\t<meta property=\"og:image:type\" content=\"image\/jpeg\" \/>\n<meta name=\"twitter:card\" content=\"summary_large_image\" \/>\n<meta name=\"twitter:label1\" content=\"Dur\u00e9e de lecture estim\u00e9e\" \/>\n\t<meta name=\"twitter:data1\" content=\"1 minute\" \/>\n<script type=\"application\/ld+json\" class=\"yoast-schema-graph\">{\"@context\":\"https:\\\/\\\/schema.org\",\"@graph\":[{\"@type\":\"WebPage\",\"@id\":\"https:\\\/\\\/crocjeux.com\\\/index.php\\\/produit\\\/here-to-slay\\\/\",\"url\":\"https:\\\/\\\/crocjeux.com\\\/index.php\\\/produit\\\/here-to-slay\\\/\",\"name\":\"Here to Slay - Croc Jeux\",\"isPartOf\":{\"@id\":\"https:\\\/\\\/crocjeux.com\\\/#website\"},\"primaryImageOfPage\":{\"@id\":\"https:\\\/\\\/crocjeux.com\\\/index.php\\\/produit\\\/here-to-slay\\\/#primaryimage\"},\"image\":{\"@id\":\"https:\\\/\\\/crocjeux.com\\\/index.php\\\/produit\\\/here-to-slay\\\/#primaryimage\"},\"thumbnailUrl\":\"https:\\\/\\\/crocjeux.com\\\/wp-content\\\/uploads\\\/2023\\\/01\\\/here-to-slay-p-image-83879-grande.jpg\",\"datePublished\":\"2023-01-24T16:12:22+00:00\",\"dateModified\":\"2024-02-20T17:09:35+00:00\",\"breadcrumb\":{\"@id\":\"https:\\\/\\\/crocjeux.com\\\/index.php\\\/produit\\\/here-to-slay\\\/#breadcrumb\"},\"inLanguage\":\"fr-FR\",\"potentialAction\":[{\"@type\":\"ReadAction\",\"target\":[\"https:\\\/\\\/crocjeux.com\\\/index.php\\\/produit\\\/here-to-slay\\\/\"]}]},{\"@type\":\"ImageObject\",\"inLanguage\":\"fr-FR\",\"@id\":\"https:\\\/\\\/crocjeux.com\\\/index.php\\\/produit\\\/here-to-slay\\\/#primaryimage\",\"url\":\"https:\\\/\\\/crocjeux.com\\\/wp-content\\\/uploads\\\/2023\\\/01\\\/here-to-slay-p-image-83879-grande.jpg\",\"contentUrl\":\"https:\\\/\\\/crocjeux.com\\\/wp-content\\\/uploads\\\/2023\\\/01\\\/here-to-slay-p-image-83879-grande.jpg\",\"width\":808,\"height\":1023},{\"@type\":\"BreadcrumbList\",\"@id\":\"https:\\\/\\\/crocjeux.com\\\/index.php\\\/produit\\\/here-to-slay\\\/#breadcrumb\",\"itemListElement\":[{\"@type\":\"ListItem\",\"position\":1,\"name\":\"Accueil\",\"item\":\"https:\\\/\\\/crocjeux.com\\\/\"},{\"@type\":\"ListItem\",\"position\":2,\"name\":\"Boutique\",\"item\":\"https:\\\/\\\/crocjeux.com\\\/\"},{\"@type\":\"ListItem\",\"position\":3,\"name\":\"Here to Slay\"}]},{\"@type\":\"WebSite\",\"@id\":\"https:\\\/\\\/crocjeux.com\\\/#website\",\"url\":\"https:\\\/\\\/crocjeux.com\\\/\",\"name\":\"Croc Jeux\",\"description\":\"Bienvenue chez Croc Jeux!\",\"publisher\":{\"@id\":\"https:\\\/\\\/crocjeux.com\\\/#organization\"},\"potentialAction\":[{\"@type\":\"SearchAction\",\"target\":{\"@type\":\"EntryPoint\",\"urlTemplate\":\"https:\\\/\\\/crocjeux.com\\\/?s={search_term_string}\"},\"query-input\":{\"@type\":\"PropertyValueSpecification\",\"valueRequired\":true,\"valueName\":\"search_term_string\"}}],\"inLanguage\":\"fr-FR\"},{\"@type\":\"Organization\",\"@id\":\"https:\\\/\\\/crocjeux.com\\\/#organization\",\"name\":\"Croc Jeux\",\"url\":\"https:\\\/\\\/crocjeux.com\\\/\",\"logo\":{\"@type\":\"ImageObject\",\"inLanguage\":\"fr-FR\",\"@id\":\"https:\\\/\\\/crocjeux.com\\\/#\\\/schema\\\/logo\\\/image\\\/\",\"url\":\"https:\\\/\\\/crocjeux.com\\\/wp-content\\\/uploads\\\/2022\\\/01\\\/cropped-logo-croc-etape-1-e1644574034239.jpg\",\"contentUrl\":\"https:\\\/\\\/crocjeux.com\\\/wp-content\\\/uploads\\\/2022\\\/01\\\/cropped-logo-croc-etape-1-e1644574034239.jpg\",\"width\":1224,\"height\":314,\"caption\":\"Croc Jeux\"},\"image\":{\"@id\":\"https:\\\/\\\/crocjeux.com\\\/#\\\/schema\\\/logo\\\/image\\\/\"}}]}<\/script>\n<!-- \/ Yoast SEO plugin. -->","yoast_head_json":{"title":"Here to Slay - Croc Jeux","robots":{"index":"index","follow":"follow","max-snippet":"max-snippet:-1","max-image-preview":"max-image-preview:large","max-video-preview":"max-video-preview:-1"},"canonical":"https:\/\/crocjeux.com\/index.php\/produit\/here-to-slay\/","og_locale":"fr_FR","og_type":"article","og_title":"Here to Slay - Croc Jeux","og_description":"Here to Slay est un jeu de cartes strat\u00e9gique dans un univers de fantasy, con\u00e7u par les cr\u00e9ateurs d\u2019Unstable Unicorns. Il vous invite \u00e0 cr\u00e9er votre propre Groupe de H\u00e9ros afin d\u2019occire de dangereux Monstres tout en sabotant les efforts de vos concurrents.","og_url":"https:\/\/crocjeux.com\/index.php\/produit\/here-to-slay\/","og_site_name":"Croc Jeux","article_modified_time":"2024-02-20T17:09:35+00:00","og_image":[{"width":808,"height":1023,"url":"https:\/\/crocjeux.com\/wp-content\/uploads\/2023\/01\/here-to-slay-p-image-83879-grande.jpg","type":"image\/jpeg"}],"twitter_card":"summary_large_image","twitter_misc":{"Dur\u00e9e de lecture estim\u00e9e":"1 minute"},"schema":{"@context":"https:\/\/schema.org","@graph":[{"@type":"WebPage","@id":"https:\/\/crocjeux.com\/index.php\/produit\/here-to-slay\/","url":"https:\/\/crocjeux.com\/index.php\/produit\/here-to-slay\/","name":"Here to Slay - Croc Jeux","isPartOf":{"@id":"https:\/\/crocjeux.com\/#website"},"primaryImageOfPage":{"@id":"https:\/\/crocjeux.com\/index.php\/produit\/here-to-slay\/#primaryimage"},"image":{"@id":"https:\/\/crocjeux.com\/index.php\/produit\/here-to-slay\/#primaryimage"},"thumbnailUrl":"https:\/\/crocjeux.com\/wp-content\/uploads\/2023\/01\/here-to-slay-p-image-83879-grande.jpg","datePublished":"2023-01-24T16:12:22+00:00","dateModified":"2024-02-20T17:09:35+00:00","breadcrumb":{"@id":"https:\/\/crocjeux.com\/index.php\/produit\/here-to-slay\/#breadcrumb"},"inLanguage":"fr-FR","potentialAction":[{"@type":"ReadAction","target":["https:\/\/crocjeux.com\/index.php\/produit\/here-to-slay\/"]}]},{"@type":"ImageObject","inLanguage":"fr-FR","@id":"https:\/\/crocjeux.com\/index.php\/produit\/here-to-slay\/#primaryimage","url":"https:\/\/crocjeux.com\/wp-content\/uploads\/2023\/01\/here-to-slay-p-image-83879-grande.jpg","contentUrl":"https:\/\/crocjeux.com\/wp-content\/uploads\/2023\/01\/here-to-slay-p-image-83879-grande.jpg","width":808,"height":1023},{"@type":"BreadcrumbList","@id":"https:\/\/crocjeux.com\/index.php\/produit\/here-to-slay\/#breadcrumb","itemListElement":[{"@type":"ListItem","position":1,"name":"Accueil","item":"https:\/\/crocjeux.com\/"},{"@type":"ListItem","position":2,"name":"Boutique","item":"https:\/\/crocjeux.com\/"},{"@type":"ListItem","position":3,"name":"Here to Slay"}]},{"@type":"WebSite","@id":"https:\/\/crocjeux.com\/#website","url":"https:\/\/crocjeux.com\/","name":"Croc Jeux","description":"Bienvenue chez Croc Jeux!","publisher":{"@id":"https:\/\/crocjeux.com\/#organization"},"potentialAction":[{"@type":"SearchAction","target":{"@type":"EntryPoint","urlTemplate":"https:\/\/crocjeux.com\/?s={search_term_string}"},"query-input":{"@type":"PropertyValueSpecification","valueRequired":true,"valueName":"search_term_string"}}],"inLanguage":"fr-FR"},{"@type":"Organization","@id":"https:\/\/crocjeux.com\/#organization","name":"Croc Jeux","url":"https:\/\/crocjeux.com\/","logo":{"@type":"ImageObject","inLanguage":"fr-FR","@id":"https:\/\/crocjeux.com\/#\/schema\/logo\/image\/","url":"https:\/\/crocjeux.com\/wp-content\/uploads\/2022\/01\/cropped-logo-croc-etape-1-e1644574034239.jpg","contentUrl":"https:\/\/crocjeux.com\/wp-content\/uploads\/2022\/01\/cropped-logo-croc-etape-1-e1644574034239.jpg","width":1224,"height":314,"caption":"Croc Jeux"},"image":{"@id":"https:\/\/crocjeux.com\/#\/schema\/logo\/image\/"}}]}},"_links":{"self":[{"href":"https:\/\/crocjeux.com\/index.php\/wp-json\/wp\/v2\/product\/4457","targetHints":{"allow":["GET"]}}],"collection":[{"href":"https:\/\/crocjeux.com\/index.php\/wp-json\/wp\/v2\/product"}],"about":[{"href":"https:\/\/crocjeux.com\/index.php\/wp-json\/wp\/v2\/types\/product"}],"replies":[{"embeddable":true,"href":"https:\/\/crocjeux.com\/index.php\/wp-json\/wp\/v2\/comments?post=4457"}],"wp:featuredmedia":[{"embeddable":true,"href":"https:\/\/crocjeux.com\/index.php\/wp-json\/wp\/v2\/media\/4458"}],"wp:attachment":[{"href":"https:\/\/crocjeux.com\/index.php\/wp-json\/wp\/v2\/media?parent=4457"}],"wp:term":[{"taxonomy":"product_brand","embeddable":true,"href":"https:\/\/crocjeux.com\/index.php\/wp-json\/wp\/v2\/product_brand?post=4457"},{"taxonomy":"product_cat","embeddable":true,"href":"https:\/\/crocjeux.com\/index.php\/wp-json\/wp\/v2\/product_cat?post=4457"},{"taxonomy":"product_tag","embeddable":true,"href":"https:\/\/crocjeux.com\/index.php\/wp-json\/wp\/v2\/product_tag?post=4457"}],"curies":[{"name":"wp","href":"https:\/\/api.w.org\/{rel}","templated":true}]}}